{"id":23693,"date":"2014-08-25T17:38:34","date_gmt":"2014-08-25T17:38:34","guid":{"rendered":"http:\/\/www.newmessage.org\/?page_id=23693"},"modified":"2018-02-05T10:36:27","modified_gmt":"2018-02-05T10:36:27","slug":"raccomandazioni-per-vivere-in-un-mondo-di-grandi-onde","status":"publish","type":"page","link":"https:\/\/www.v6.newmessage.org\/it\/il-messaggio\/volume-4\/le-grandi-onde-del-cambiamento\/raccomandazioni-per-vivere-in-un-mondo-di-grandi-onde","title":{"rendered":"Raccomandazioni per Vivere in un Mondo di Grandi Onde"},"content":{"rendered":"<div><!-- 4.0 --><\/div>\n\n<div class=\"tabgroup \"><ul class=\"tabs\"><li><a href=\"#tabs-1\">Informazioni<\/a><\/li>\n<li><a href=\"#tabs-2\">Nota<\/a><\/li><\/ul>\n <div id=\"tabs-1\"><br \/>\n<em>Come rivelato al Messaggero di Dio<br \/>\nMarshall Vian Summers<br \/>\nNell&#8217;anno 2008<br \/>\nin Boulder, Colorado<\/em><\/p>\n<div class=\"toggle toggle-white\"><h4 class=\"trigger \"><span class=\"t_ico\"><\/span><a href=\"#\">Riguardo a questo testo<\/a><\/h4><div class=\"toggle_container \"><br \/>\n<p>Quello che state leggendo in questo testo \u00e8 la trascrizione della voce originale della Assemblea Angelica cos\u00ec come ha parlato tramite il Messaggero Marshall Vian Summers.<\/p>\n<p>Qua, la comunicazione originale di Dio, che esiste al di l\u00e0 delle parole, \u00e8 tradotta nel linguaggio e nella comprensione umana dall\u2019Assemblea Angelica che veglia sul mondo. Poi l\u2019Assemblea consegna il Messaggio di Dio tramite il Messaggero, dopo di che, la comunicazione \u00e8 trascritta e resa disponibile a voi e a tutto il mondo.<\/p>\n<p>In questo notevole processo, la Voce della Rivelazione sta parlando di nuovo. La Parola e il suono della Voce sono nel mondo. Possiate voi essere i destinatari di questo dono di Rivelazione e possiate essere aperti a ricevere il suo Messaggio unico per voi e per la vostra vita.<\/p>\n<br \/>\n<\/div><\/div><br \/>\n<\/div>\n<div id=\"tabs-2\"><br \/>\n<em>Nota per il Lettore:<br \/>\nQuesta traduzione \u00e8 stata fornita alla Society da uno studente del Nuovo Messaggio che si \u00e8 offerto volontario per tradurre il testo originale in Inglese. Noi rendiamo questa traduzione disponibile al mondo in questa forma iniziale affinch\u00e9 le persone abbiano la possibilit\u00e0 di interagire con una porzione del Nuovo Messaggio nella propria lingua.<\/em><br \/>\n<\/div>\n\t\t\t\t<div align=\"right\">\n\t\t\t<div class=\"fb-like\" data-href=\"\" data-layout=\"button_count\" data-action=\"like\" data-show-faces=\"false\" data-share=\"false\"><\/div>\n\t\t\t<div class=\"fb-share-button\" data-layout=\"button_count\"> <\/div>\n\t\t\t<div class=\"fb_iframe_widget\"><a href=\"https:\/\/twitter.com\/godsnewmessage?ref_src=twsrc%5Etfw\" class=\"twitter-follow-button\" data-show-count=\"false\">Follow @godsnewmessage<\/a><script async src=\"https:\/\/platform.twitter.com\/widgets.js\" charset=\"utf-8\"><\/script><\/div>\n\t\t\t<\/div> <\/div> \n\n<p>Sono qui di seguito presentate delle raccomandazioni per assistervi mentre cominciate a prepararvi per le Grandi Onde del cambiamento. Visto che la vita, le circostanze e lo scopo superiore di ogni persona sono cose uniche, non vi \u00e8 un insieme di raccomandazioni che possa rivolgersi a ogni circostanza e bisogno. Tuttavia, queste raccomandazioni saranno importanti nell\u2019aiutarvi a focalizzare le vostre attivit\u00e0 e nel supportarvi lungo il vostro percorso di preparazione. Per favore tenete conto del fatto che queste sono raccomandazioni, non regole. Utilizzatele e adattatele alle vostre circostanze. Esse vengono date per assistervi nel portare equilibrio, forza e direzione nella vostra vita.<\/p>\n<p>&nbsp;<\/p>\n<p>Preparate La Vostra Vita Esteriore<\/p>\n<p><em>Conservate energia<\/em> il pi\u00f9 possibile. Riducete il vostro consumo di energia del 25-50% od oltre, al fine di aiutare la vostra comunit\u00e0 e il mondo a salvarsi dalla depauperazione e dalla rovina.<\/p>\n<p><em>Mantenete una scorta di cibo, acqua e medicine<\/em> per prepararvi per le difficolt\u00e0 in vista\u2014almeno una scorta per la durata di 90 giorni. Se lo spazio in cui vivete \u00e8 limitato, immagazzinate la quantit\u00e0 di provviste che siete in grado di contenere.<\/p>\n<p><em>Costruitevi un fondo-cassa<\/em> di emergenza, se possibile, al fine di sostenervi durante scompigli economici o la perdita del lavoro. Alla luce delle Grandi Onde, intraprendete un ruolo pi\u00f9 attivo nel gestire, dirigere e costruire le vostre risorse finanziarie.<\/p>\n<p><em>Esaminate la disponibilit\u00e0 di servizi medici<\/em> nella vostra area e come essi possono funzionare o meno durante una situazione di disastro o durante un\u2019emergenza prolungata. Per coloro che soffrono condizioni mediche di carattere cronico, mantenete a portata di mano una scorta adeguata di medicine che necessitano una prescrizione medica.<\/p>\n<p><em>Considerate la possibilit\u00e0 di imparare a coltivare del cibo<\/em> per vostra consumazione. Questo lo potete fare da soli o insieme ad altri.<\/p>\n<p><em>Possedete meno cose<\/em>. Assicuratevi che tutto quello che possedete vi serva veramente. Viaggiate leggeri e create il tempo per cose pi\u00f9 importanti.<\/p>\n<p><em>Prendete in analisi il luogo in cui vivete<\/em> alle luce delle Grandi Onde di cambiamento. Nella vostra attuale sede, siete capaci e disponibili a viaggiare senza usare una automobile? Sarete in grado di assistere gli altri nella vostra attuale sede e attuali circostanze? Sarete pronti ad aiutare gli altri in momenti di bisogno, or sarete voi stessi in pericolo?<\/p>\n<p><em>Valutate la vostra professione<\/em> e ponetevi queste importanti domande: sar\u00e0 sostenibile il mio ramo di attivit\u00e0 negli anni a venire date le limitazioni in termini di energia, cibo e altre risorse? La mia professione o ramo di attivit\u00e0 tratta qualcosa che concorre a provvedere beni essenziali o presta servizio a bisogni veri, oppure tratta prodotti o servizi che potrebbero non essere supportati nei tempi difficili in vista?<\/p>\n<p><em>Istruite gli altri<\/em>, inclusi i vostri amici, la vostra famiglia, i vostri vicini e colleghi, circa le Grandi Onde di cambiamento. Pi\u00f9 persone intorno a voi saranno preparate, meglio preparata sar\u00e0 la vostra comunit\u00e0.<\/p>\n<p><em>Tenete in considerazione i fragili, gli anziani e i vulnerabili<\/em> nella vostra comunit\u00e0 o nel vostro quartiere. Pensate con anticipo a come potreste essere in grado di aiutarli se ci\u00f2 divenisse necessario.<\/p>\n<p><em>Supportate i vostri commercianti locali<\/em>, gli agricoltori e i produttori perch\u00e9 essi saranno delle risorse significative in futuro, quando la capacit\u00e0 di trasportare beni e servizi sar\u00e0 di gran lunga pi\u00f9 limitata di quanto non lo sia oggi.<\/p>\n<p><em>Imparate la provenienza delle vostre risorse essenziali<\/em>, come potreste procurarvele se vi fossero interruzioni nella fornitura e che cosa fareste se per qualsiasi ragione esse divenissero non disponibili.<\/p>\n<p><em>Siate sensibili e consapevoli della possibilit\u00e0 di disastri naturali<\/em> nella vostra area, che potrebbero costituire pericoli per la vostra sicurezza. Tenete pronto un piano di emergenza su cosa fareste nel caso di tale evento estremo.<\/p>\n<p><em>Informatevi presso il vostro comune, citt\u00e0 o amministrazione regionale<\/em> circa i piani e le preparazioni, se esistono, riguardo gli scenari delle Grandi Onde che sono probabili nella vostra area. Fornite dei commenti di ritorno ai vostri locali rappresentanti o ad altri responsabili pubblici.<\/p>\n<p><em>Costruite forti relazioni personali<\/em> che vi possano aiutare nella vostra preparazione. Quelli vicino a voi stanno rispondendo alle Grandi Onde di cambiamento, o vi ritrovate a doverli persuadere e convincere, spesso senza successo?<\/p>\n<p><em>Continuate a istruirvi circa le Grandi Onde di cambiamento<\/em> mentre esse si dispiegano nel mondo. Applicate cautele e discernimento nel considerare le opinioni di altri e i commentari di esperti.<em>Conservate energia <\/em>quanto possibile. Reducete la vostra consumazione di energia del your 25-50% od oltre per aiutare a salvare la vostra comunit\u00e0 e il mondo dal depauperamento e dalla rovina.<\/p>\n<p>&nbsp;<\/p>\n<p>Preparate La Vostra Vita Interiore<\/p>\n<p><em>Prendetevi dei momenti di quiete ogni giorno<\/em>, per valutare la saggezza dei vostri pensieri e delle vostre azioni e per diventare consapevoli di qualsiasi ispirazione che avete avuto. Tenete un diario di queste ispirazioni e rivedetele frequentemente.<\/p>\n<p><em>Adottate una pratica semplice di meditazione<\/em> al fine di alleviare lo stress e riconnettervi alla Conoscenza, l\u2019intelligenza pi\u00f9 profonda dentro di voi. Lo studio dei Passi Verso La Conoscenza fornisce un percorso per fare questo.<\/p>\n<p><em>Abbiate poche opinioni<\/em>. Non abbiate opinioni circa un problema a meno che non abbiate speso una quantit\u00e0 considerevole di tempo nel studiare il problema e le sue numerose concepibili interpretazioni e soluzioni. Chiedetevi se siete veramente certi circa qualcosa o state solo pronosticando.<\/p>\n<p><em>Smettete di lamentarvi<\/em>. Non sprecate il vostro tempo prezioso e le vostra energia lamentandovi di qualcosa se non siete preparati ad intraprendere alcuna azione in merito ad essa. Usate invece il vostro tempo e la vostra energia, i vostri pensieri e le vostre risorse, per prepararvi, per preparare gli altri e rafforzare la vostra connessione con La Conoscenza.<\/p>\n<p><em>Ri-esaminate i vostri goal e i vostri progetti<\/em> per vedere se essi saranno veramente possibili in un mondo che sta cambiando radicalmente. Chiedetevi, \u201cIn un mondo di risorse in diminuzione, degrado ambientale e avversit\u00e0 economiche, i miei progetti e i miei goal saranno pratici e fattibili, date tali circostanze?\u201d Cos\u00ec inizierete a percepire la verit\u00e0 in merito a ci\u00f2.<\/p>\n<p><em>Perdonate gli altri.<\/em> Perdonate coloro che sembra vi facciano un torto e lo facciano al mondo. Domandatevi quale genuino bisogno essi stanno cercando di esprimere e adempiere attraverso il loro comportamento. Esercitare il perdono conserver\u00e0 la vostra energia emotiva e manterr\u00e0 pulita la vostra mente.<\/p>\n<p><em>Onorate i vostri genitori<\/em> e cercate di capire le circostanze della loro vita, che hanno determinato le loro decisioni e il loro comportamento.<\/p>\n<p><em>Perdonate voi stessi<\/em>. Imparate dai vostri stessi errori e riconoscete e usate la saggezza che essi vi hanno portato. Conoscere i vostri errori passati e imparare da essi vi aiuter\u00e0 ad affrontare e a navigare le Grandi Onde del cambiamento. Se non perdonate voi stessi, perdete la fiducia in voi stessi, alla quale avrete bisogno di affidarvi sempre di pi\u00f9 in futuro. La fiducia in voi stessi la costruite nel modo pi\u00f9 forte seguendo La Conoscenza dentro di voi.<\/p>\n<p><em>Costruite e mantenete i Quattro Pilastri della vostra vita<\/em>. Considerate il fatto che avete Quattro Pilastri che, come le quattro gambe di un tavolo, stanno sorreggendo la vostra vita:<\/p>\n<p>-Il Pilastro delle Relazioni<\/p>\n<p>-Il Pilastro della Salute<\/p>\n<p>-Il Pilastro del Lavoro e del Provvedere (per te stesso e per gli altri)<\/p>\n<p>-Il Pilastro dello Sviluppo Spirituale<\/p>\n<p>Al fine di essere felici, stabili ed avere successo, avrete bisogno di costruire e mantenere ognuno di questi Pilastri e di non sacrificarne uno per gli altri.<\/p>\n<p><em>Non soccombete alla paura<\/em> e non pensate di non avere forza, di fronte a questi enormi cambiamenti, perch\u00e9 voi avete la potenza della Conoscenza dentro di voi per guidarvi e proteggervi se la saprete seguire. La Vostra esperienza di Conoscenza, o sapere interiore, vi metter\u00e0 in grado di stabilire una nuova direzione, di valutare i problemi con chiarezza ed intraprendere decisioni sagge, anche se nessuno intorno a voi lo star\u00e0 facendo.<\/p>\n<p><em>Costruite fiducia in voi stessi<\/em>. Si acquisisce fiducia vedendo ci\u00f2 che \u00e8 necessario e entrando in azione. Si incomincia facendo piccole cose, ogni cosa che ritenete sia da fare, passo per passo, per prepararvi, per preparare la vostra mente, per preparare le vostre circostanze, per preparare la vostra casa e per preparare le vostre relazioni.<\/p>\n<p><em>Siate un catalizzatore per il cambiamento<\/em> e non affidatevi al consenso o all\u2019accordo degli altri. Imparate a onorare l\u2019importanza delle vostre decisioni e imparate a prendere queste decisioni basandovi sulla Conoscenza pi\u00f9 profonda dentro di voi. Questa fiducia in voi stessi e la forza della Conoscenza possono veramente salvare la vostra vita.<\/p>\n<p><em>Valutate le vostre relazioni<\/em>. Chi ha un vero destino con voi? Sono le persone che sono con voi adesso queste [che hanno un destino con voi]?<\/p>\n<p><em>Imparate a seguire La Conoscenza<\/em>, l\u2019intelligenza spirituale pi\u00f9 profonda dentro di voi e a riconoscere le Grandi Onde del cambiamento che stanno arrivando affinch\u00e9 possiate divenire informati e preparati in modo puntuale. L\u2019esperienza della Conoscenza potrebbe assumere la forma di un\u2019immagine, una potente ispirazione o una sensazione persistente che non se ne va.<\/p>\n<p><em>Abbiate grande fede nella Conoscenza<\/em> dentro voi stessi e dentro l\u2019umanit\u00e0 nel suo complesso. Altrimenti, le Grandi Onde sembreranno schiaccianti\u2014troppo grandi da considerare, troppo grandi per prepararsi ad esse, troppo grandi per essere navigate e semplicemente rinuncerete e vi sentirete sconfitti prima che incomincino le vere tribolazioni.<\/p>\n<p><em>Riconoscete che state entrando in un tempo di grande sfida e grande cambiamento<\/em> nel mondo e che questa sfida e cambiamento vi renderanno forti e chiameranno fuori da voi i doni superiori che siete stati inviati nel mondo per dare. Perch\u00e9 voi siete venuti nel mondo in una missione e la realt\u00e0 di quella missione \u00e8 contenuta dentro La Conoscenza, l\u2019intelligenza pi\u00f9 profonda dentro di voi, che sta aspettando di essere scoperta.<\/p>\n<p><em>In conclusione<\/em>, come \u00e8 stato dichiarato mote volte, la soluzione dei problemi planetari che si stanno dispiegando \u00e8, nella sua essenza, una soluzione spirituale. I lettori interessati li incoraggiamo a esplorare gli altri libri scritti da MV Summers e pubblicati dalla New Knowledge Library presso www.newknowledgelibrary.org.<\/p>\n","protected":false},"excerpt":{"rendered":"<p>Sono qui di seguito presentate delle raccomandazioni per assistervi mentre cominciate a prepararvi per le Grandi Onde del cambiamento. Visto che la vita, le circostanze e lo scopo superiore di ogni persona sono cose uniche, non vi \u00e8 un insieme di raccomandazioni che possa rivolgersi a ogni circostanza e bisogno. Tuttavia, queste raccomandazioni saranno importanti\u2026 <a class=\"read-more\" href=\"https:\/\/www.v6.newmessage.org\/it\/about-text-shortcode\"><span>Read More<\/span><\/a><\/p>\n","protected":false},"author":32,"featured_media":0,"parent":13099,"menu_order":14,"comment_status":"closed","ping_status":"closed","template":"template-leftsidebar.php","meta":{"_monsterinsights_skip_tracking":false,"_monsterinsights_sitenote_active":false,"_monsterinsights_sitenote_note":"","_monsterinsights_sitenote_category":0,"footnotes":""},"categories":[473,114,117,76,77,471],"tags":[749,740,745,750,743,748,741,746,842,744,747,742],"_links":{"self":[{"href":"https:\/\/www.v6.newmessage.org\/it\/wp-json\/wp\/v2\/pages\/23693"}],"collection":[{"href":"https:\/\/www.v6.newmessage.org\/it\/wp-json\/wp\/v2\/pages"}],"about":[{"href":"https:\/\/www.v6.newmessage.org\/it\/wp-json\/wp\/v2\/types\/page"}],"author":[{"embeddable":true,"href":"https:\/\/www.v6.newmessage.org\/it\/wp-json\/wp\/v2\/users\/32"}],"replies":[{"embeddable":true,"href":"https:\/\/www.v6.newmessage.org\/it\/wp-json\/wp\/v2\/comments?post=23693"}],"version-history":[{"count":27,"href":"https:\/\/www.v6.newmessage.org\/it\/wp-json\/wp\/v2\/pages\/23693\/revisions"}],"predecessor-version":[{"id":28304,"href":"https:\/\/www.v6.newmessage.org\/it\/wp-json\/wp\/v2\/pages\/23693\/revisions\/28304"}],"up":[{"embeddable":true,"href":"https:\/\/www.v6.newmessage.org\/it\/wp-json\/wp\/v2\/pages\/13099"}],"wp:attachment":[{"href":"https:\/\/www.v6.newmessage.org\/it\/wp-json\/wp\/v2\/media?parent=23693"}],"wp:term":[{"taxonomy":"category","embeddable":true,"href":"https:\/\/www.v6.newmessage.org\/it\/wp-json\/wp\/v2\/categories?post=23693"},{"taxonomy":"post_tag","embeddable":true,"href":"https:\/\/www.v6.newmessage.org\/it\/wp-json\/wp\/v2\/tags?post=23693"}],"curies":[{"name":"wp","href":"https:\/\/api.w.org\/{rel}","templated":true}]}}