{"id":23060,"date":"2015-08-24T02:49:28","date_gmt":"2015-08-24T02:49:28","guid":{"rendered":"http:\/\/www.newmessage.org\/?page_id=23060"},"modified":"2018-02-04T23:33:31","modified_gmt":"2018-02-04T23:33:31","slug":"dio-ha-parlato-di-nuovo-introduzione","status":"publish","type":"page","link":"https:\/\/www.v6.newmessage.org\/it\/il-messaggio\/volume-1\/dio-ha-parlato-di-nuovo\/dio-ha-parlato-di-nuovo-introduzione","title":{"rendered":"Dio Ha Parlato Di Nuovo &#8211; Introduzione"},"content":{"rendered":"<div><!--4.X--><\/div>\n\n<div class=\"tabgroup \"><ul class=\"tabs\"><li><a href=\"#tabs-1\">More<\/a><\/li>\n<li><a href=\"#tabs-2\">Nota<\/a><\/li><\/ul>\n <div id=\"tabs-1\"><\/p>\n<div class=\"panel-10 text-align-center\"><a href=\"https:\/\/www.newmessage.org\/wp-content\/uploads\/2015\/08\/GHS-front-cover.jpg\"><img decoding=\"async\" class=\" size-medium imgborder aligncenter\" src=\"https:\/\/www.newmessage.org\/wp-content\/uploads\/2015\/08\/GHS-front-cover-204x300.jpg\" alt=\"GHS-front cover\" \/><\/a><\/div>\n<p><\/div>\n<div id=\"tabs-2\"><br \/>\n<em>Nota per il Lettore:<br \/>\nQuesta traduzione \u00e8 stata fornita a The Society da uno studente del Nuovo Messaggio che si \u00e8 offerto volontario per tradurre il testo originale in Inglese. Noi rendiamo questa traduzione disponibile al mondo in questa forma iniziale affinch\u00e9 le persone abbiano la possibilit\u00e0 di interagire con una porzione del Nuovo Messaggio nella propria lingua.<\/em><br \/>\n<\/div>\n\t\t\t\t<div align=\"right\">\n\t\t\t<div class=\"fb-like\" data-href=\"\" data-layout=\"button_count\" data-action=\"like\" data-show-faces=\"false\" data-share=\"false\"><\/div>\n\t\t\t<div class=\"fb-share-button\" data-layout=\"button_count\"> <\/div>\n\t\t\t<div class=\"fb_iframe_widget\"><a href=\"https:\/\/twitter.com\/godsnewmessage?ref_src=twsrc%5Etfw\" class=\"twitter-follow-button\" data-show-count=\"false\">Follow @godsnewmessage<\/a><script async src=\"https:\/\/platform.twitter.com\/widgets.js\" charset=\"utf-8\"><\/script><\/div>\n\t\t\t<\/div> <\/div> \n\n<p>Questo libro contiene le parole di apertura di un Nuovo Messaggio da Dio. Nelle pagine che seguiranno, Dio sta nuovamente parlando all\u2019umanit\u00e0, portando un messaggio di allerta, una benedizione e una preparazione per il grande cambiamento che sta arrivando sul mondo.<a href=\"https:\/\/www.newmessage.org\/it\/wp-content\/uploads\/sites\/14\/2015\/09\/GHS-Italian-frontcover-6x9.jpg\"><img loading=\"lazy\" decoding=\"async\" class=\"size-medium alignright\" src=\"https:\/\/www.newmessage.org\/it\/wp-content\/uploads\/sites\/14\/2015\/09\/GHS-Italian-frontcover-6x9-200x300.jpg\" alt=\"GHS Italian frontcover-6x9\" width=\"200\" height=\"300\" \/><\/a><br \/>\nDio ha parlato di nuovo in un tempo di grande bisogno e difficolt\u00e0 in tutto il mondo. Questa \u00e8 una risposta Divina alle crescenti crisi di guerra, di incessante cambiamento climatico, di conflitto religioso e di sofferenza umana e di stenti che stanno oggi aumentando intorno al mondo.<br \/>\nIl Nuovo Messaggio da Dio \u00e8 una comunicazione vivente da Dio al cuore di ogni uomo, donna e bambino sulla Terra. La Parola e la Voce sono nel mondo di nuovo. Noi stiamo vivendo in un tempo di Rivelazione.<br \/>\nIl Nuovo Messaggio da Dio non \u00e8 entrato nel mondo attraverso le esistenti autorit\u00e0 e istituzioni religiose di oggi. Non \u00e8 arrivato ai leader della religione o a coloro che raccolgono fama e riconoscimenti.<br \/>\nInvece, il Nuovo Messaggio di Dio \u00e8 entrato nel mondo come ha sempre fatto. \u00c8 arrivato silenziosamente, senza che sia cercato e annunciato, dato a un uomo umile scelto e mandato nel mondo per questo unico lavoro, per essere un Messaggero per l\u2019umanit\u00e0 in questo grande punto di svolta.<br \/>\nAnche se nella mano sembra essere un libro, Dio Ha Parlato di Nuovo \u00e8 qualcosa di molto pi\u00f9 grande. \u00c8 l\u2019inizio di una comunicazione vivente da Dio a voi. Nelle pagine di questo libro, la Presenza di Dio chiama te e tutte le altre persone, vi chiama affinch\u00e9 vi svegliate dal sogno e dall\u2019incubo di vivere in Separazione divisi dalla vostra Fonte, chiamandovi nel profondo attraverso gli Antichi Corridoi della vostra mente alla presenza spirituale e alla potenza che vivono dentro di voi, in attesa di essere scoperte.<br \/>\n\u00c8 questa presenza spirituale dentro di voi che confermer\u00e0 la verit\u00e0 e l\u2019autenticit\u00e0 del Nuovo Messaggio di Dio. Qua la mente pu\u00f2 dubitare e lottare con il dono e la sfida di una Nuova Rivelazione, ma il vostro cuore sapr\u00e0. A questo livello pi\u00f9 profondo, non avrete bisogno di convincimento\u2014la verit\u00e0 vi sar\u00e0 evidente.<br \/>\nHa Dio parlato di nuovo? \u00c8 questo il Messaggio che stavate cercando? Leggete le parole della Rivelazione in questo libro ed a un livello pi\u00f9 profondo saprete se \u00e8 reale, onesto e puro, anche se \u00e8 differente da quello in cui potreste al momento credere. \u00c8 questo sapere interiore e questa conferma che possono richiamare in voi la profondit\u00e0 e la potenza della vostra connessione con Dio.<br \/>\nQuello che tenete nelle mani \u00e8 un libro di Rivelazione. Le parole in questo testo sono la diretta comunicazione da Dio, tradotta in linguaggio umano dalla Presenza Angelica che veglia sul mondo e poi parlata attraverso il loro Messaggero Marshall Vian Summers.<br \/>\nIl Nuovo Messaggio da Dio \u00e8 la pi\u00f9 grande Rivelazione mai data all\u2019umanit\u00e0, data ora a un mondo letterato di comunicazione globale e di crescente consapevolezza globale. Non \u00e8 dato per una trib\u00f9, una nazione o una sola religione, ma per raggiungere, invece, l\u2019intero mondo, un mondo molto differente dal mondo antico dei precedenti Messaggeri. Mai prima c\u2019\u00e8 stata una Rivelazione Divina di questa profondit\u00e0 e magnitudine, data da Dio a tutta la gente del mondo, nell\u2019arco temporale della vita del Messaggero.<br \/>\nAl centro del Nuovo Messaggio da Dio vi \u00e8 la Voce originale della Rivelazione, che ha pronunciato ogni parola di ogni libro del Nuovo Messaggio. Mai prima la Voce della Rivelazione, la Voce che parl\u00f2 ai Messaggeri e Profeti del passato, fu registrata nella sua originale purezza e resa disponibile affinch\u00e9 ogni persona la ascolti e la senta per s\u00e9. In questo modo, la Parola e la Voce sono nel mondo.<br \/>\nIn questo rimarcabile processo di Rivelazione parlata, la Presenza di Dio comunica al di l\u00e0 delle parole alla Assemblea Angelica che veglia sul mondo. L\u2019Assemblea poi traduce questa comunicazione in linguaggio umano e parlano tutti come uno attraverso il loro Messaggero, la cui voce diventa il veicolo per questa Voce superiore\u2014la Voce della Rivelazione.<br \/>\nLe parole di questa Voce furono registrate in formato audio, trascritte e sono ora state rese disponibili nei testi e nelle registrazioni audio del Nuovo Messaggio. In questo modo, la purezza del Messaggio originale di Dio \u00e8 preservata e data a tutta la gente nel mondo.<br \/>\nIl Messaggero ha camminato per una lunga e difficile strada per portare il Nuovo Messaggio da Dio nel mondo. Il processo di Rivelazione inizi\u00f2 nel 1982 e continua a questo giorno.<br \/>\nIn questo momento, il Messaggero \u00e8 impegnato nella compilazione di oltre tre decadi di Rivelazione parlata, in un formato testo finale e completo. Il Nuovo Messaggio in definitiva sar\u00e0 contenuto in sei volumi e possibilmente anche di pi\u00f9. Ogni volume conterr\u00e0 due o pi\u00f9 libri e ogni libro sar\u00e0 organizzato in capitoli e versi. Pertanto, il Nuovo Messaggio da Dio sar\u00e0 strutturato nel seguente modo: Volume &gt; Libro &gt; Capitolo &gt; Verso.<br \/>\nDio Ha Parlato di Nuovo \u00e8 il Libro 1 contenuto in Volume 1 del Nuovo Messaggio da Dio. Pertanto, questo testo contiene le parole di apertura del Nuovo Messaggio di Dio e rimane come il primo libro nella crescente biblioteca della Nuova Rivelazione.<br \/>\nDio Ha Parlato di Nuovo contiene 14 rivelazioni individuali, compilate in questo libro dal Messaggero. Con questo, il lettore dovrebbe capire che questo libro non \u00e8 una serie di capitoli consegnati in sequenza, ma \u00e8 invece una compilazione di rivelazioni parlate individuali date in tempi e luoghi diversi.<br \/>\nAl fine di portare questa comunicazione parlata in forma scritta, leggeri aggiustamenti testuali e grammaticali furono eseguiti dal Messaggero. Questo gli fu richiesto dalla Assemblea Angelica al fine di agevolare la comprensione del lettore e di veicolare il Messaggio in accordo con gli standard grammaticali della lingua Inglese scritta.<br \/>\nIn alcuni casi, il Messaggero ha inserito una parola non originariamente parlata nella Rivelazione. Quando presente, questa parola inserita sar\u00e0 trovata [in parentesi.] Considerate questi inserti in parentesi come dei diretti chiarimenti da parte del Messaggero, posizionati nel testo solo da lui al fine di assicurare che le ambiguit\u00e0 della comunicazione parlata non provochino confusione o incorrette interpretazioni del testo.<br \/>\nIn alcuni casi, il Messaggero ha rimosso una parola per agevolare la leggibilit\u00e0 del testo. Questo era usualmente fatto nel caso di certe congiunzioni (come le parole e, ma) che rendevano il testo goffo o grammaticamente incorretto.<br \/>\nSolo il Messaggero ha apportato questi lievi cambiamenti e solo per trasmettere l\u2019originale comunicazione parlata con maggiore chiarezza possibile. Nessuno dei significati o delle intenzioni originali della comunicazione sono stati alterati.<br \/>\nIl testo di questo libro \u00e8 stato strutturato dal Messaggero in versi. Ogni verso grossomodo segnala l\u2019inizio o la fine di un argomento distinto o di un punto del messaggio comunicato dalla Fonte.<br \/>\nLa struttura a versi del testo consente al lettore di avere accesso alla ricchezza di contenuto ed a quei messaggi sottili che potrebbero altrimenti sfuggire in quei paragrafi pi\u00f9 lunghi di testo che trasmettono argomenti multipli. In questo modo, ogni argomento e ogni idea comunicati dalla Fonte ricevono il proprio posizionamento, consentendo ad essi di parlare dalla pagina direttamente al lettore. Il Messaggero ha determinato che strutturare il testo in versi \u00e8 il modo pi\u00f9 efficace e fedele di esposizione delle rivelazioni parlate originali del Nuovo Messaggio.<br \/>\nL\u2019esposizione di questo testo \u00e8 in accordo con l\u2019originale volont\u00e0 e intenzione del Messaggero. Qua abbiamo il privilegio di testimoniare il processo di compilazione che viene intrapreso dal Messaggero, nel suo tempo, con le sue stesse mani. Questo sta in contrasto con il fatto che le precedenti grandi tradizioni non venivano messe in forma scritta dai loro Messaggeri, lasciando le Rivelazioni originali vulnerabili ad alterazione e corruzione nel tempo.<br \/>\nQua il Messaggero sigilla in purezza i testi del Nuovo Messaggio di Dio e li d\u00e0 a voi, al mondo e a tutte le persone in futuro. Che questo libro sia aperto oggi oppure 500 anni da oggi, l\u2019originale comunicazione di Dio parler\u00e0 da queste pagine con la stessa intimit\u00e0, purezza e potenza del giorno in cui fu parlata.<br \/>\nDio Ha Parlato di Nuovo \u00e8 l\u2019inizio di una comunicazione vivente da Dio all\u2019umanit\u00e0. I capitoli di questo libro sono come i respiri in quella comunicazione. Qua, Dio sta chiamando l\u2019umanit\u00e0; chiamando da una parte all&#8217;altra del mondo dentro ogni nazione, cultura e comunit\u00e0 di fede; chiamando nei corridoi del governo e della religione; chiamando nei luoghi pi\u00f9 bui dove la sofferenza interiore e la privazione fisica sono pi\u00f9 profonde; chiamando affinch\u00e9 la potenza spirituale dell\u2019umanit\u00e0 emerga e l\u2019umanit\u00e0 si unisca e cooperi sufficientemente da prepararsi per le grandi sfide all\u2019orizzonte.<br \/>\nRimarcabilmente, hai trovato il Nuovo Messaggio da Dio, o lui ha trovato te. Non \u00e8 una coincidenza che sia questo il caso. Dio sta chiamando adesso da un lato all\u2019altro del mondo e questa chiamata ti ha trovato.<br \/>\nQua si apre il prossimo capitolo nel mistero della tua vita e della tua presenza nel mondo in questo tempo. La porta si apre davanti a te. Devi solo entrare per iniziare.<br \/>\nMentre entri pi\u00f9 profondamente nella Rivelazione, l\u2019impatto sulla tua vita crescer\u00e0, portando una pi\u00f9 grande esperienza di chiarezza, certezza interiore e vera direzione nella tua vita. Nel tempo, le tue domande avranno la risposta mentre troverai crescente libert\u00e0 dall\u2019insicurezza, dal conflitto interiore e dai vincoli del passato. Questa \u00e8 la potenza del Cielo che vi parla direttamente, rivelandovi la vita superiore che eravate da sempre destinati a vivere.<\/p>\n<p><em>New Knowledge Library (Biblioteca della Nuova Conoscenza) <\/em><\/p>\n<p>&nbsp;<\/p>\n","protected":false},"excerpt":{"rendered":"<p>Questo libro contiene le parole di apertura di un Nuovo Messaggio da Dio. Nelle pagine che seguiranno, Dio sta nuovamente parlando all\u2019umanit\u00e0, portando un messaggio di allerta, una benedizione e una preparazione per il grande cambiamento che sta arrivando sul mondo. Dio ha parlato di nuovo in un tempo di grande bisogno e difficolt\u00e0 in\u2026 <a class=\"read-more\" href=\"https:\/\/www.v6.newmessage.org\/it\/il-messaggio\/volume-1\/dio-ha-parlato-di-nuovo\/dio-ha-parlato-di-nuovo-introduzione\"><span>Read More<\/span><\/a><\/p>\n","protected":false},"author":32,"featured_media":0,"parent":16290,"menu_order":13,"comment_status":"closed","ping_status":"closed","template":"template-leftsidebar.php","meta":{"_monsterinsights_skip_tracking":false,"_monsterinsights_sitenote_active":false,"_monsterinsights_sitenote_note":"","_monsterinsights_sitenote_category":0,"footnotes":""},"categories":[76,461,460],"tags":[749,740,751,745,750,743,748,741,746,744,747,742],"_links":{"self":[{"href":"https:\/\/www.v6.newmessage.org\/it\/wp-json\/wp\/v2\/pages\/23060"}],"collection":[{"href":"https:\/\/www.v6.newmessage.org\/it\/wp-json\/wp\/v2\/pages"}],"about":[{"href":"https:\/\/www.v6.newmessage.org\/it\/wp-json\/wp\/v2\/types\/page"}],"author":[{"embeddable":true,"href":"https:\/\/www.v6.newmessage.org\/it\/wp-json\/wp\/v2\/users\/32"}],"replies":[{"embeddable":true,"href":"https:\/\/www.v6.newmessage.org\/it\/wp-json\/wp\/v2\/comments?post=23060"}],"version-history":[{"count":9,"href":"https:\/\/www.v6.newmessage.org\/it\/wp-json\/wp\/v2\/pages\/23060\/revisions"}],"predecessor-version":[{"id":28145,"href":"https:\/\/www.v6.newmessage.org\/it\/wp-json\/wp\/v2\/pages\/23060\/revisions\/28145"}],"up":[{"embeddable":true,"href":"https:\/\/www.v6.newmessage.org\/it\/wp-json\/wp\/v2\/pages\/16290"}],"wp:attachment":[{"href":"https:\/\/www.v6.newmessage.org\/it\/wp-json\/wp\/v2\/media?parent=23060"}],"wp:term":[{"taxonomy":"category","embeddable":true,"href":"https:\/\/www.v6.newmessage.org\/it\/wp-json\/wp\/v2\/categories?post=23060"},{"taxonomy":"post_tag","embeddable":true,"href":"https:\/\/www.v6.newmessage.org\/it\/wp-json\/wp\/v2\/tags?post=23060"}],"curies":[{"name":"wp","href":"https:\/\/api.w.org\/{rel}","templated":true}]}}