{"id":230,"date":"2011-01-01T13:48:43","date_gmt":"2011-01-01T13:48:43","guid":{"rendered":"http:\/\/wp.www.newmessage.org\/?p=230"},"modified":"2018-02-05T01:55:46","modified_gmt":"2018-02-05T01:55:46","slug":"cosa-e-dio","status":"publish","type":"page","link":"https:\/\/www.v6.newmessage.org\/it\/il-messaggio\/volume-2\/spiritualita-della-comunita-piu-grande\/cosa-e-dio","title":{"rendered":"Cosa \u00e8 Dio?"},"content":{"rendered":"<div><!--4.0--><\/div>\n\n<div class=\"tabgroup \"><ul class=\"tabs\"><li><a href=\"#tabs-1\">Informazioni<\/a><\/li>\n<li><a href=\"#tabs-2\">Nota<\/a><\/li><\/ul>\n <div id=\"tabs-1\"><br \/>\n<em>Rivelato a<br \/>\nMarshall Vian Summers<br \/>\nIl 17 Agosto, 1993<br \/>\nin USA<\/em><\/p>\n<div class=\"toggle toggle-white\"><h4 class=\"trigger \"><span class=\"t_ico\"><\/span><a href=\"#\">Riguardo a questo testo<\/a><\/h4><div class=\"toggle_container \"><br \/>\n<p>Quello che state leggendo in questo testo \u00e8 la trascrizione della voce originale della Assemblea Angelica cos\u00ec come ha parlato tramite il Messaggero Marshall Vian Summers.<\/p>\n<p>Qua, la comunicazione originale di Dio, che esiste al di l\u00e0 delle parole, \u00e8 tradotta nel linguaggio e nella comprensione umana dall\u2019Assemblea Angelica che veglia sul mondo. Poi l\u2019Assemblea consegna il Messaggio di Dio tramite il Messaggero, dopo di che, la comunicazione \u00e8 trascritta e resa disponibile a voi e a tutto il mondo.<\/p>\n<p>In questo notevole processo, la Voce della Rivelazione sta parlando di nuovo. La Parola e il suono della Voce sono nel mondo. Possiate voi essere i destinatari di questo dono di Rivelazione e possiate essere aperti a ricevere il suo Messaggio unico per voi e per la vostra vita.<\/p>\n<br \/>\n<\/div><\/div>\n<p><\/div>\n<div id=\"tabs-2\"><br \/>\n<em>Nota per il Lettore:<br \/>\nQuesta traduzione \u00e8 stata fornita alla Society da uno studente del Nuovo Messaggio che si \u00e8 offerto volontario per tradurre il testo originale in Inglese. Noi rendiamo questa traduzione disponibile al mondo in questa forma iniziale affinch\u00e9 le persone abbiano la possibilit\u00e0 di interagire con una porzione del Nuovo Messaggio nella propria lingua.<\/em><br \/>\n<\/div>\n\t\t\t\t<div align=\"right\">\n\t\t\t<div class=\"fb-like\" data-href=\"\" data-layout=\"button_count\" data-action=\"like\" data-show-faces=\"false\" data-share=\"false\"><\/div>\n\t\t\t<div class=\"fb-share-button\" data-layout=\"button_count\"> <\/div>\n\t\t\t<div class=\"fb_iframe_widget\"><a href=\"https:\/\/twitter.com\/godsnewmessage?ref_src=twsrc%5Etfw\" class=\"twitter-follow-button\" data-show-count=\"false\">Follow @godsnewmessage<\/a><script async src=\"https:\/\/platform.twitter.com\/widgets.js\" charset=\"utf-8\"><\/script><\/div>\n\t\t\t<\/div> <\/div> \n\n<p>Nella Comunit\u00e0 Pi\u00f9 Grande (N.d.R. l\u2019universo fisico e spirituale pi\u00f9 grande, che esiste oltre i confini del nostro mondo), Dio \u00e8 Conoscenza. Nella Comunit\u00e0 Pi\u00f9 Grande, Dio \u00e8 esperienza. Nella Comunit\u00e0 Pi\u00f9 Grande, Dio \u00e8 la comunicazione di profonda ispirazione e identificazione da uno all\u2019altro, che permea tutta la vita manifesta. Questo prende forma nel regno della vostra esperienza.<\/p>\n<p>Dio appare come delle cose diverse a persone diverse ed a razze diverse di esseri nella Comunit\u00e0 Pi\u00f9 Grande, ma l\u2019esperienza essenziale che accende il desiderio di Dio, la consapevolezza di Dio e la relazione con Dio \u00e8 la stessa dovunque. Questo impulso religioso, l\u2019impulso verso l\u2019unione con Dio, \u00e8 universale. Anche se sembra notevolmente assente in alcune culture ed espresso in maniera aberrata in altre, l\u2019impulso \u00e8 lo stesso. Quello che \u00e8 Dio deve essere espresso in termini di quella che \u00e8 la vostra gamma di esperienza e la vostra capacit\u00e0 di esperienza. Nella Comunit\u00e0 Pi\u00f9 Grande, Dio \u00e8 cos\u00ec totale e cos\u00ec completo che qualsiasi definizione vacillerebbe e fallirebbe sempre.<\/p>\n<p>Pertanto, diciamo che Dio \u00e8 l\u2019esperienza di totale relazione. Potete provare questo per un momento qua e l\u00e0 e per periodi pi\u00f9 lunghi se vi preparate nella Via della Conoscenza. Questa \u00e8 un\u2019esperienza che pu\u00f2 essere traslata sia da un mondo a un altro che condivisa e dimostrata da un essere ad un altro, scavalcando e trascendendo tutte le divergenze di razza, cultura, temperamento ed ambiente. Questo \u00e8 Dio. Dio per voi \u00e8 Dio in azione. Dio per voi \u00e8 un\u2019esperienza diversa da qualsiasi altra esperienza nella vita, per\u00f2 questa esperienza d\u00e0 significato a tutte le altre vostre esperienze.<\/p>\n<p>Nella Comunit\u00e0 Pi\u00f9 Grande, Dio \u00e8 completo. Nel vostro mondo, Dio \u00e8 un Dio del vostro mondo, un Dio della vostra razza, un Dio della vostra storia, un Dio del vostro temperamento, un Dio delle vostre paure ed aspirazioni, un Dio dei vostri grandi eroi, un Dio delle vostre grandi tragedie, un Dio che \u00e8 relativo alla vostra trib\u00f9 e al vostro tempo. Ma nella Comunit\u00e0 Pi\u00f9 Grande, Dio \u00e8 talmente pi\u00f9 grande, talmente completo\u2014al di l\u00e0 delle definizioni di alcuna razza, al di l\u00e0 della comprensione di alcun individuo o filosofia collettiva. Nondimeno, Dio lo trovate in un impulso puro, in un momento di riconoscimento fuori dal tempo, nel desiderio di agire al di l\u00e0 della sfera dei vostri interessi e delle vostre motivazioni personali, nel riconoscere un altro, nel motivo di dare, nell\u2019inspiegabile esperienza di affinit\u00e0. Queste cose sono traducibili. Questo \u00e8 Dio in azione. Per voi, questo \u00e8 Dio.<\/p>\n<p>Dovete pensare a Dio adesso nella Comunit\u00e0 Pi\u00f9 Grande\u2014non un Dio umano, non un Dio della vostra storia scritta, non un Dio delle vostre difficolt\u00e0 e tribolazioni, ma un Dio per ogni tempo, per tutte le razze, per tutte le dimensioni, per coloro che sono primitivi e per coloro che sono avanzati, per coloro che pensano come voi e per coloro che pensano cos\u00ec diversamente, per coloro che credono e per coloro per i quali il credo \u00e8 inspiegabile. Questo \u00e8 Dio nella Comunit\u00e0 Pi\u00f9 Grande. Ed \u00e8 da qua che dovete incominciare.<\/p>\n<p>Credere nel Dio della Comunit\u00e0 Pi\u00f9 Grande \u00e8 uno sforzo tanto grande perch\u00e9 vi renderete conto che la vostra razza \u00e8 piccola e l\u2019universo \u00e8 enorme. Qua vi focalizzerete su un Dio non del vostro mondo e del vostro tempo ma un Dio di tutti i mondi e di tutti i tempi. Quale genere di teologia o filosofia \u00e8 in grado di incorporare un Dio di questa magnitudine? Quale genere di speculazione umana e di etica umana \u00e8 in grado di cingere un Dio cos\u00ec completo come questo?<\/p>\n<p>Tuttavia la vostra teologia di Dio deve essere la teologia del lavoro di Dio in questo mondo. E se essa \u00e8 vera, accurata e benefica, deve focalizzarsi sull\u2019esperienza della Conoscenza. La Conoscenza \u00e8 l\u2019inizio della religione. La Conoscenza \u00e8 il completamento della religione. La Conoscenza \u00e8 l\u2019evidenza di Dio e l\u2019evidenza del fatto che fate parte di una vita superiore al di l\u00e0 dei limiti del vostro tempo, al di l\u00e0 dei confini della vostra razza e al di l\u00e0 dei confini della vostra attuale capacit\u00e0 intellettiva. Qua non c\u2019\u00e8 una storia della creazione. Qua non ci sono eroi. Qua non c\u2019\u00e8 la fine del tempo. C\u2019\u00e8 solo la totale esperienza di relazione, che \u00e8 l\u2019esperienza della Conoscenza e l\u2019esperienza di Dio.<\/p>\n<p>Cosa \u00e8 la religione umana senza una storia della creazione, senza un eroe da venerare e senza una culminazione di esperienza umana? Quale religione umana \u00e8 in grado di focalizzarsi su un Dio di questa magnitudine, il cui interesse non \u00e8 solo il vostro unico mondo, la cui sola preoccupazione non \u00e8 la vostra esperienza giornaliera, la cui consapevolezza \u00e8 talmente completa e la cui beneficenza benedice quelli che sono cos\u00ec diversi da voi? Quale \u00e8 dunque il modello per il comportamento umano? Quale \u00e8 la base per l\u2019etica o la moralit\u00e0 in un Dio della Comunit\u00e0 Pi\u00f9 Grande? Per questo vi dovete avventurare oltre una religione dell\u2019infanzia e oltre le necessit\u00e0 di un infante. Vi dovete avventurare oltre il bisogno di sole regole e regolamenti e storie fantastiche che sono a malapena credibili. Dovete entrare nell\u2019esperienza e nel Mistero della vita, che \u00e8 la porta verso Dio, che \u00e8 al cuore della vostra vita e contiene lo scopo stesso per cui siete venuti qua, che \u00e8 unico a voi ma che condividete con tutto ci\u00f2 che \u00e8 vita.<\/p>\n<p>Nella Spiritualit\u00e0 della Comunit\u00e0 Pi\u00f9 Grande, non ci sono eroi. Non c\u2019\u00e8 una storia della creazione. E non c\u2019\u00e8 un\u2019esperienza culminante che possa mettere fine alle difficolt\u00e0 della vita corporea. Allora, cosa \u00e8 la religione senza queste cose? Queste cose sono di natura tribale. E voi non siete i soli a volerle nella Comunit\u00e0 Pi\u00f9 Grande, a stabilirle e aggrapparvi a loro. In ogni luogo dove la religione ha messo radici ed ha trovato espressione, le razze hanno basato le loro pratiche e la loro comprensione sul proprio tempo, sulla propria storia e sul proprio temperamento. Ma al di l\u00e0 di questo sta l\u2019esperienza di Dio. Al di l\u00e0 di questo vi \u00e8 la pura spiritualit\u00e0. Questo \u00e8 quello che dovete cercare adesso, perch\u00e9 la religione umana non pu\u00f2 mai accorpare un Dio della Comunit\u00e0 Pi\u00f9 Grande. Ci\u00f2 \u00e8 cos\u00ec inesplicabile perch\u00e9 trascende i vostri requisiti per il Divino. Pertanto dovete trovare un altro modo, un modo pi\u00f9 maturo, un approccio pi\u00f9 completo, una preparazione vera.<\/p>\n<p>Nella Comunit\u00e0 Pi\u00f9 Grande, quelli che hanno progredito si sono resi conto della natura e dello scopo di Dio nei loro rispettivi mondi, ma la loro comprensione \u00e8 andata oltre la comprensione della Volont\u00e0 di Dio in faccende specifiche, anche oltre la preoccupazione per il benessere e la sopravvivenza della propria razza. Loro sono andati oltre queste preoccupazioni e verso una spiritualit\u00e0 superiore, una Spiritualit\u00e0 della Comunit\u00e0 Pi\u00f9 Grande\u2014una spiritualit\u00e0 di tutti i tempi e di tutti i mondi, una spiritualit\u00e0 che \u00e8 misteriosa, che non \u00e8 definita e incorporata in rituali, ideali, credo, acconti storici o immagini fantastiche, una spiritualit\u00e0 che pu\u00f2 essere completamente traslata da un essere a un altro mondo con parole o gesti, o senza parole o gesti.<\/p>\n<p>La Spiritualit\u00e0 della Comunit\u00e0 Pi\u00f9 Grande \u00e8 una spiritualit\u00e0 di maggiore esperienza, maggiore percezione e maggiori capacit\u00e0. Nella Comunit\u00e0 Pi\u00f9 Grande, voi non siete salvati. Vi state solo sviluppando. Nella Comunit\u00e0 Pi\u00f9 Grande, voi non siete condannati. Vi state solo sviluppando. Nella Comunit\u00e0 Pi\u00f9 Grande, non c\u2019\u00e8 un paradiso. C\u2019\u00e8 solo ulteriore coinvolgimento e una maggiore capacit\u00e0 per la relazione. Nella Comunit\u00e0 Pi\u00f9 Grande, non ci sono degli dei locali e demoni che combattono guerre spirituali. Nella Comunit\u00e0 Pi\u00f9 Grande, ci sono quelli che sanno e quelli che non sanno. Dalla loro esperienza giungono le grandi difficolt\u00e0 che si pongono nella vita in ogni luogo.<\/p>\n<p>Voi che vivete in un mondo umano con idee umane, convinzioni umane e una prospettiva umana, avete una grande opportunit\u00e0 adesso di sperimentare il Divino e lo scopo e la volont\u00e0 divina per la vostra vita e il vostro tempo attraverso una consapevolezza di Comunit\u00e0 Pi\u00f9 Grande e attraverso un diverso genere di percorso e direzione. Avete bisogno di questo adesso, perch\u00e9 il vostro mondo sta emergendo nella Comunit\u00e0 Pi\u00f9 Grande di mondi. E avete bisogno di questo adesso perch\u00e9 questa \u00e8 la religione per ogni tempo, non solo per il vostro tempo. Penetrate questa enorme soglia e capirete il passato, il presente e il futuro in un modo che li unir\u00e0 tra loro.<\/p>\n<p>Questo vi dar\u00e0 forza e capacit\u00e0 nel discernere e comprendere coloro che provengono dalla Comunit\u00e0 Pi\u00f9 Grande che stanno visitando il vostro mondo. Anche se loro possiedono una capacit\u00e0 tecnologica superiore e hanno maggiore coesione sociale di voi, anche loro sono chiamati ad imparare la Spiritualit\u00e0 della Comunit\u00e0 Pi\u00f9 Grande. Il vostro dono a loro \u00e8 qualcosa di molto raro e prezioso. Voi avete qualcosa di cui loro hanno bisogno. Voi avete qualcosa di cui tutta la vita ha bisogno. Per quel motivo la Spiritualit\u00e0 della Comunit\u00e0 Pi\u00f9 Grande \u00e8 in procinto di essere introdotta in questo mondo prima che esso emerga nella Comunit\u00e0 Pi\u00f9 Grande. Questo non viene dato solo per il vostro adattamento nella Comunit\u00e0 Pi\u00f9 Grande, affinch\u00e9 stabiliate una fondazione per la comunicazione, l\u2019individuazione e la comprensione. Questo \u00e8 anche dato al fine di stabilire che voi come esseri umani, per quanto limitati siate nelle vostre capacit\u00e0 fisiche, avete comunque un dono spirituale da dare\u2014un dono per ogni tempo, un dono di vero beneficio. Tuttavia, al fine di trovare questo dono e conferire questo dono, dovete avere una maggiore comprensione, una maggiore consapevolezza, una teologia superiore e una nuova fondazione per vivere. Questa \u00e8 una fondazione che nella vostra vita di ogni giorno vi liberer\u00e0 e render\u00e0 le vostre preoccupazioni umane, che sono apparentemente cos\u00ec complesse e difficili, di gran lunga pi\u00f9 semplici di quanto appaiono oggi.<\/p>\n<p>Quello che Dio sta facendo nel vostro mondo \u00e8 relativo a quello che Dio sta facendo nella Comunit\u00e0 Pi\u00f9 Grande. Se non sapete quello che Dio sta facendo nella Comunit\u00e0 Pi\u00f9 Grande, come saprete cosa Dio sta facendo nel vostro mondo? E come capirete la presenza e l\u2019esperienza divina qua? Dovete vedervi dal di fuori guardando dentro per vedere come siete, dove siete e chi siete in questo tempo. Avrete bisogno di questa prospettiva per vedere cosa vi circonda, cosa vi incoraggia e cosa vi trattiene.<\/p>\n<p>Conoscere quello che Dio sta facendo nell\u2019universo pu\u00f2 solo essere traslato attraverso pura esperienza, perch\u00e9 l\u2019universo supera la vostra capacit\u00e0 intellettuale o concettuale cos\u00ec tanto che nessun linguaggio o tecnologia lo potrebbe in alcun modo descrivere. E anche se potesse essere descritto, non avreste modo di capirlo.<\/p>\n<p>Tuttavia, non \u00e8 cos\u00ec che una consapevolezza superiore e una verit\u00e0 superiore sono trasmesse e realizzate. Se siete disposti ad andare oltre i vostri confini, se siete disposti ad andare oltre i vostri concetti, le vostre idee e le vostre convinzioni, allora aprirete una porta alla Spiritualit\u00e0 della Comunit\u00e0 Pi\u00f9 Grande ed a una maggiore Conoscenza e Saggezza di cui c\u2019\u00e8 tanto bisogno nel vostro mondo in questo tempo. Questo vi offre ogni genere di vantaggio e una fondazione da dare agli altri in futuro, per\u00f2 per fare questo, dovete essere molto coraggiosi. Dovete avventurarvi in un territorio dove le persone non sono mai andate prima, in un nuovo genere di esperienza e in un universo molto pi\u00f9 grande e complesso di qualsiasi cosa con la quale avete mai dovuto trattare in passato. Dovrete imparare ad essere a vostro agio senza disporre di definizioni. Dovrete essere al sicuro nella fondazione superiore che sta dentro voi stessi. E dovrete avere grandi compagni.<\/p>\n<p>Questa non \u00e8 una avventura. Questo \u00e8 un viaggio\u2014un viaggio di magnitudine massima, un viaggio che non si pu\u00f2 intraprendere da soli, un viaggio con difficolt\u00e0 e pericoli, ma un viaggio di cui c\u2019\u00e8 bisogno e un viaggio che vi chiama. Vi chiama ad andare oltre le vostre idee, i vostri goal e le vostre preoccupazioni. Vi chiama ora.<\/p>\n<p>Questo richiamo \u00e8 un\u2019esperienza che sembra cos\u00ec inesplicabile, per\u00f2 \u00e8 cos\u00ec reale, cos\u00ec permeante e cos\u00ec completa, anche per voi qua adesso. \u00c8 la finestra attraverso la quale si vede un universo pi\u00f9 grande e un Dio pi\u00f9 grande al lavoro.<\/p>\n<p>Questa \u00e8 la teologia di pura esperienza\u2014una teologia di pura Saggezza e pura Conoscenza, una teologia che si pu\u00f2 solo dimostrare e una teologia che potete solo vivere facendone esperienza. \u00c8 una teologia che \u00e8 pi\u00f9 grande di qualsiasi cosa che possa essere insegnata nei vostri seminari e nelle scuole di religione. Chi pu\u00f2 rispondere a un dono e un Mistero cos\u00ec grande? Chi pu\u00f2 entrare nel regno della pura esperienza di una unione superiore con Dio?<\/p>\n<p>Che questa sia una chiamata per voi che leggete queste parole. Che questo vi possa chiamare al di l\u00e0 della vostra comprensione e la vostra capacit\u00e0 di capire, perch\u00e9 voi non capirete queste parole fino a quando non avrete questa esperienza superiore e non saprete se queste parole sono vere fino a quando non vivrete l\u2019esperienza della loro verit\u00e0. Non conoscerete la loro completa rilevanza fino a quando voi stessi non sarete in grado di assimilarle.<\/p>\n<p>Nella Comunit\u00e0 Pi\u00f9 Grande, Dio \u00e8 troppo ampio e troppo grande per incitare solo la fede. Fede vi pu\u00f2 solo portare alla soglia dell\u2019esperienza. Al di l\u00e0 di questo, la fede \u00e8 troppo debole e troppo fallibile per portarvi oltre. Qua la fede serve il suo unico e pi\u00f9 importante scopo\u2014portarvi al cancello dell\u2019esperienza. Questo \u00e8 lo scopo della fede e lo scopo della preparazione. Questo \u00e8 lo scopo della formazione religiosa nel vostro mondo e in tutti i mondi. Al di l\u00e0 di questo cancello c\u2019\u00e8 Dio della Comunit\u00e0 Pi\u00f9 Grande. Ci\u00f2 che conduce a questo cancello \u00e8 la Spiritualit\u00e0 della Comunit\u00e0 Pi\u00f9 Grande e al di l\u00e0 di questo cancello c\u2019\u00e8 la Spiritualit\u00e0 della Comunit\u00e0 Pi\u00f9 Grande.<\/p>\n<p>Al fine di concepire la teologia di Dio nella Comunit\u00e0 Pi\u00f9 Grande, dovete avere una mente superiore, un vocabolario superiore e una gamma superiore di esperienza. Questo pu\u00f2 essere traslato a voi e lo potete voi traslare ad altri, ma le vostre parole non lo possono catturare. Pu\u00f2 solo essere trasmesso da uno all\u2019altro attraverso un processo misterioso di trasmissione Divina. Nessuno lo pu\u00f2 capire intellettualmente perch\u00e9 il suo ambiente \u00e8 troppo grande e troppo inclusivo.<\/p>\n<p>Coloro che vogliono solo idee dovranno rimanere con le loro religioni locali, perch\u00e9 questo \u00e8 troppo grande. Coloro che vogliono solo conoscere delle linee guida per vivere in modo costruttivo questo lo troveranno troppo grande e complicato, troppo inesplicabile e troppo misterioso. Coloro che vivono l\u2019esperienza di Dio nella Comunit\u00e0 Pi\u00f9 Grande e coloro che possono trasmettere Dio nella Comunit\u00e0 Pi\u00f9 Grande rappresentano individui che hanno trasceso i confini del loro retaggio razziale e della loro capacit\u00e0 intellettiva. Loro sono diventati universali nel loro pensare. Loro vedono quello che altri non sanno vedere, e loro sanno quello che gli altri non possono sapere. Questo \u00e8 il loro fardello e il loro dono. Per loro, il credo non \u00e8 un problema perch\u00e9 loro sono andati oltre il bisogno di un credo e oltre i limiti del credo. La loro esperienza \u00e8 troppo rimarchevole per essere tradotta in un qualsiasi spettro generico o tradotta a qualsiasi grande pubblico. Deve essere dato da uno all\u2019altro. La loro chiesa e il loro tempio sono l\u2019ambiente stesso in cui loro ricevono la trasmissione Divina e la comunicano ad altri. I loro studenti sono pochi. Il loro viaggio \u00e8 lungo. I requisiti che devono soddisfare sono enormi. La loro applicazione \u00e8 totale e completa.<\/p>\n<p>\u00c8 possibile per l\u2019umanit\u00e0 un simile dono? Non \u00e8 solo possibile ma necessario. Senza questo dono, l\u2019esperienza della Comunit\u00e0 Pi\u00f9 Grande avr\u00e0 un impatto devastante sull\u2019umanit\u00e0. Senza questo dono il desiderio dell\u2019umanit\u00e0 di potere e di dominio porter\u00e0 alla catastrofe. Senza questo dono, non sarete in grado di capire quelli che incontrerete, provenienti dalla Comunit\u00e0 Pi\u00f9 Grande, e non sarete in grado di comprendere il grande cambiamento e i grandi eventi che stanno avendo luogo nel vostro mondo.<\/p>\n<p>La Via della Conoscenza della Comunit\u00e0 Pi\u00f9 Grande \u00e8 in procinto di essere presentata nel mondo come un mezzo per prepararvi per la Comunit\u00e0 Pi\u00f9 Grande e come un mezzo per prepararvi per Dio della Comunit\u00e0 Pi\u00f9 Grande. \u00c8 il mezzo per prepararvi per uno scopo superiore nella vita che \u00e8 in relazione con la vita in ogni luogo. La Comunit\u00e0 Pi\u00f9 Grande \u00e8 l\u2019ambiente pi\u00f9 grande in cui vivete e verso il quale dovete diventare responsabili. La Via della Conoscenza della Comunit\u00e0 Pi\u00f9 Grande \u00e8 un genere diverso di spiritualit\u00e0, ma scoprirete che l\u2019esperienza che risiede nel cuore di questo \u00e8 pi\u00f9 familiare e pi\u00f9 ratificante di qualsiasi esperienza che abbiate mai vissuto in precedenza. Questa esperienza vi ricorder\u00e0 della vostra Antica Casa e di coloro che vi hanno mandato nel mondo. Vi ricorder\u00e0 del legame superiore di relazioni che esiste anche in questo momento, che va al di l\u00e0 del vostro tempo e del vostro posto nella vita. Questa \u00e8 una porta verso un universo pi\u00f9 grande. \u00c8 il mezzo per una capacit\u00e0 e una saggezza superiore nella vita. \u00c8 una risposta a un bisogno superiore dell\u2019umanit\u00e0 e della vita in ogni luogo.<\/p>\n<p>&nbsp;<\/p>\n","protected":false},"excerpt":{"rendered":"<p>Nella Comunit\u00e0 Pi\u00f9 Grande (N.d.R. l\u2019universo fisico e spirituale pi\u00f9 grande, che esiste oltre i confini del nostro mondo), Dio \u00e8 Conoscenza. Nella Comunit\u00e0 Pi\u00f9 Grande, Dio \u00e8 esperienza. Nella Comunit\u00e0 Pi\u00f9 Grande, Dio \u00e8 la comunicazione di profonda ispirazione e identificazione da uno all\u2019altro, che permea tutta la vita manifesta. Questo prende forma nel\u2026 <a class=\"read-more\" href=\"https:\/\/www.v6.newmessage.org\/it\/about-text-shortcode\"><span>Read More<\/span><\/a><\/p>\n","protected":false},"author":1,"featured_media":0,"parent":13081,"menu_order":0,"comment_status":"closed","ping_status":"closed","template":"template-leftsidebar.php","meta":{"_monsterinsights_skip_tracking":false,"_monsterinsights_sitenote_active":false,"_monsterinsights_sitenote_note":"","_monsterinsights_sitenote_category":0,"footnotes":""},"categories":[44,468,76,77,467],"tags":[749,795,740,745,750,743,748,741,746,744,747,742,418],"_links":{"self":[{"href":"https:\/\/www.v6.newmessage.org\/it\/wp-json\/wp\/v2\/pages\/230"}],"collection":[{"href":"https:\/\/www.v6.newmessage.org\/it\/wp-json\/wp\/v2\/pages"}],"about":[{"href":"https:\/\/www.v6.newmessage.org\/it\/wp-json\/wp\/v2\/types\/page"}],"author":[{"embeddable":true,"href":"https:\/\/www.v6.newmessage.org\/it\/wp-json\/wp\/v2\/users\/1"}],"replies":[{"embeddable":true,"href":"https:\/\/www.v6.newmessage.org\/it\/wp-json\/wp\/v2\/comments?post=230"}],"version-history":[{"count":25,"href":"https:\/\/www.v6.newmessage.org\/it\/wp-json\/wp\/v2\/pages\/230\/revisions"}],"predecessor-version":[{"id":28217,"href":"https:\/\/www.v6.newmessage.org\/it\/wp-json\/wp\/v2\/pages\/230\/revisions\/28217"}],"up":[{"embeddable":true,"href":"https:\/\/www.v6.newmessage.org\/it\/wp-json\/wp\/v2\/pages\/13081"}],"wp:attachment":[{"href":"https:\/\/www.v6.newmessage.org\/it\/wp-json\/wp\/v2\/media?parent=230"}],"wp:term":[{"taxonomy":"category","embeddable":true,"href":"https:\/\/www.v6.newmessage.org\/it\/wp-json\/wp\/v2\/categories?post=230"},{"taxonomy":"post_tag","embeddable":true,"href":"https:\/\/www.v6.newmessage.org\/it\/wp-json\/wp\/v2\/tags?post=230"}],"curies":[{"name":"wp","href":"https:\/\/api.w.org\/{rel}","templated":true}]}}