{"id":227,"date":"2011-04-24T11:34:35","date_gmt":"2011-04-24T11:34:35","guid":{"rendered":"http:\/\/wp.www.newmessage.org\/?p=227"},"modified":"2016-07-31T13:13:44","modified_gmt":"2016-07-31T13:13:44","slug":"mi-devo-convertire","status":"publish","type":"page","link":"https:\/\/www.v6.newmessage.org\/it\/informazioni-riguardo-al-nuovo-messaggio\/faq\/mi-devo-convertire","title":{"rendered":"Mi devo convertire o diventare un apostolo del Nuovo Messaggio al fine di ricevere il Nuovo Messaggio?"},"content":{"rendered":"<p>No. Ricevere il Nuovo Messaggio significa ricevere la sua saggezza ed il suo insegnamento riguardo alla Conoscenza del S\u00e8, lo scopo, la relazione, l\u2019unit\u00e0, la cooperazione e l\u2019emergere dell\u2019umanit\u00e0 nella Comunit\u00e0 Pi\u00f9 Grande di vita intelligente nell\u2019Universo.<\/p>\n<p>Prendete il Nuovo Messaggio e datelo alla vostra gente, alla vostra nazione, alla vostra trib\u00f9, alla vostra religione e riconoscete le grandi forze che stanno minacciando di scardinare la sopravvivenza dell\u2019umanit\u00e0, la sua libert\u00e0 e sovranit\u00e0 in questo mondo. Ci deve essere un nuovo impegno verso la libert\u00e0 umana, l\u2019unit\u00e0 e la preservazione del mondo. Questo votato impegno pu\u00f2 solo emergere dalla pi\u00f9 profonda Conoscenza che Dio ha messo all\u2019interno di ogni persona.<\/p>\n<p>Allora tu puoi essere un Buddista con una consapevolezza della Comunit\u00e0 Pi\u00f9 Grande. Tu puoi essere un Musulmano con una consapevolezza ed un impegno verso la Comunit\u00e0 Pi\u00f9 Grande. Tu puoi essere un Cattolico o un Protestante o praticare qualsiasi altra religione o percorso spirituale che hai scelto, ma con una visuale pi\u00f9 ampia. Perch\u00e9 qua \u00e8 importante capire che Dio non cerca di creare una nuova religione, ma una nuova comprensione, una nuova consapevolezza e un nuovo impegno e queste cose devono risiedere nell\u2019ambito di tutte le nazioni e le religioni dell\u2019umanit\u00e0.<\/p>\n<p>Tuttavia, ci saranno coloro per i quali il Nuovo Messaggio sar\u00e0 il loro percorso e la loro via e loro diventeranno i suoi primi destinatari e i suoi primi praticanti. Loro sentiranno di aver ricevuto quello che stavano cercando, che \u00e8 una nuova via. Per tutti gli altri, il Nuovo Messaggio dar\u00e0 all\u2019umanit\u00e0 quella maggiore consapevolezza, comprensione, potenza ed impegno che si devono esprimere nell\u2019ambito dell\u2019intera famiglia umana.<\/p>\n<p>Ricevi allora il Nuovo Messaggio. Portalo nel tuo cuore, nella tua mente, nella tua famiglia, nella tua comunit\u00e0, nella tua tradizione religiosa, nella tua nazione e nella tua comprensione del mondo, cos\u00ec avrai ricevuto il Nuovo Messaggio da Dio.<\/p>\n","protected":false},"excerpt":{"rendered":"<p>No. Ricevere il Nuovo Messaggio significa ricevere la sua saggezza ed il suo insegnamento riguardo alla Conoscenza del S\u00e8, lo scopo, la relazione, l\u2019unit\u00e0, la cooperazione e l\u2019emergere dell\u2019umanit\u00e0 nella Comunit\u00e0 Pi\u00f9 Grande di vita intelligente nell\u2019Universo. Prendete il Nuovo Messaggio e datelo alla vostra gente, alla vostra nazione, alla vostra trib\u00f9, alla vostra religione\u2026 <a class=\"read-more\" href=\"https:\/\/www.v6.newmessage.org\/it\/informazioni-riguardo-al-nuovo-messaggio\/faq\/mi-devo-convertire\"><span>Read More<\/span><\/a><\/p>\n","protected":false},"author":1,"featured_media":0,"parent":12778,"menu_order":7,"comment_status":"closed","ping_status":"closed","template":"template-leftsidebar.php","meta":{"_monsterinsights_skip_tracking":false,"_monsterinsights_sitenote_active":false,"_monsterinsights_sitenote_note":"","_monsterinsights_sitenote_category":0,"footnotes":""},"categories":[61],"tags":[],"_links":{"self":[{"href":"https:\/\/www.v6.newmessage.org\/it\/wp-json\/wp\/v2\/pages\/227"}],"collection":[{"href":"https:\/\/www.v6.newmessage.org\/it\/wp-json\/wp\/v2\/pages"}],"about":[{"href":"https:\/\/www.v6.newmessage.org\/it\/wp-json\/wp\/v2\/types\/page"}],"author":[{"embeddable":true,"href":"https:\/\/www.v6.newmessage.org\/it\/wp-json\/wp\/v2\/users\/1"}],"replies":[{"embeddable":true,"href":"https:\/\/www.v6.newmessage.org\/it\/wp-json\/wp\/v2\/comments?post=227"}],"version-history":[{"count":9,"href":"https:\/\/www.v6.newmessage.org\/it\/wp-json\/wp\/v2\/pages\/227\/revisions"}],"predecessor-version":[{"id":27635,"href":"https:\/\/www.v6.newmessage.org\/it\/wp-json\/wp\/v2\/pages\/227\/revisions\/27635"}],"up":[{"embeddable":true,"href":"https:\/\/www.v6.newmessage.org\/it\/wp-json\/wp\/v2\/pages\/12778"}],"wp:attachment":[{"href":"https:\/\/www.v6.newmessage.org\/it\/wp-json\/wp\/v2\/media?parent=227"}],"wp:term":[{"taxonomy":"category","embeddable":true,"href":"https:\/\/www.v6.newmessage.org\/it\/wp-json\/wp\/v2\/categories?post=227"},{"taxonomy":"post_tag","embeddable":true,"href":"https:\/\/www.v6.newmessage.org\/it\/wp-json\/wp\/v2\/tags?post=227"}],"curies":[{"name":"wp","href":"https:\/\/api.w.org\/{rel}","templated":true}]}}