{"id":22380,"date":"2015-08-21T04:45:58","date_gmt":"2015-08-21T04:45:58","guid":{"rendered":"http:\/\/www.newmessage.org\/?page_id=22380"},"modified":"2016-08-14T22:03:26","modified_gmt":"2016-08-14T22:03:26","slug":"important-terms","status":"publish","type":"page","link":"https:\/\/www.v6.newmessage.org\/it\/il-messaggio\/important-terms","title":{"rendered":"Termini Importanti"},"content":{"rendered":"<p>Il Nuovo Messaggio da Dio rivela che il nostro mondo si trova presso la pi\u00f9 grande soglia nella storia e nell\u2019evoluzione dell\u2019umanit\u00e0. Presso questa soglia, un Nuovo Messaggio da Dio \u00e8 arrivato. Esso rivela il grande cambiamento che sta arrivando nel mondo e il nostro destino nella Comunit\u00e0 Pi\u00f9 Grande di vita al di l\u00e0 del nostro mondo, per il quale siamo inconsapevoli e impreparati.<\/p>\n<p>Qua la Rivelazione ridefinisce certi termini familiari ponendoli in un contesto pi\u00f9 ampio e introduce altri termini che sono nuovi per la famiglia umana. \u00c8 importante capire questi termini quando si leggono i testi del Nuovo Messaggio.<br \/>\n<a name=\"god\"><\/a><br \/>\n<strong>Dio<\/strong> \u00e8 rivelato nel Nuovo Messaggio come la Fonte e il Creatore di tutta la vita e di innumerevoli razze nell\u2019universo. Qua la realt\u00e0 superiore di Dio \u00e8 svelata nel contesto espanso di tutta la vita in questo mondo e tutta la vita nell\u2019universo. Questo contesto pi\u00f9 ampio ridefinisce il significato della nostra comprensione di Dio e della Potenza e presenza di Dio nelle nostre vite. Il Nuovo Messaggio afferma che per capire quello che Dio sta facendo nel nostro mondo, dobbiamo capire quello che Dio sta facendo nell\u2019intero universo. Questo viene adesso rivelato per la prima volta tramite un Nuovo Messaggio da Dio. Nel Nuovo Messaggio, Dio non \u00e8 un personaggio o una consapevolezza individuale, ma \u00e8 una forza e una realt\u00e0 pervasiva che permea tutta la vita, esistendo al di l\u00e0 dei limitati confini di tutta la teologia e la comprensione religiosa. Dio parla alla parte pi\u00f9 profonda di ogni persona attraverso la potenza della Conoscenza che vive dentro di lei. <a href=\"\/it\/il-messaggio\/volume-2\/spiritualita-della-comunita-piu-grande\/cosa-e-dio\">Ulteriori informazioni&#8230;<\/a><br \/>\n<a name=\"separation\"><\/a><br \/>\n<strong>La Separazione<\/strong> \u00e8 lo stato e la condizione continuativa dell\u2019essere in separazione da Dio. La Separazione \u00e8 iniziata quando una parte della Creazione ha voluto la libert\u00e0 di essere separata da Dio, di vivere in uno stato di Separazione. Di conseguenza, Dio ha creato il nostro mondo che si evolve e l\u2019universo che si espande, quale luogo dove i separati possano vivere in innumerevoli forme e luoghi. Prima della Separazione, tutta la vita era in uno stato di pura unione senza tempo. \u00c8 a questo stato originale di unione con Dio che tutti coloro che stanno vivendo in Separazione sono chiamati, in definitiva, a ritornare\u2014attraverso il servizio, la contribuzione e la scoperta della Conoscenza. \u00c8 la missione di Dio nel nostro mondo e in tutto l\u2019universo recuperare i separati attraverso La Conoscenza, che \u00e8 la parte di ogni individuo che \u00e8 ancora connessa a Dio. <a href=\"\/it\/il-messaggio\/volume-1\/lunico-dio\/la-separazione\">Ulteriori informazioni&#8230;<\/a><br \/>\n<a name=\"knowledge\"><\/a><br \/>\n<strong>La Conoscenza<\/strong> \u00e8 la mente e l&#8217;intelligenza spirituale in ogni persona, che attende di essere scoperta. La Conoscenza rappresenta la parte eterna di noi che non ha mai lasciato Dio. Il Nuovo Messaggio parla della Conoscenza come la grande speranza per l\u2019umanit\u00e0, un potere interiore nel cuore di ogni persona, che il Nuovo Messaggio di Dio \u00e8 qua per rivelare e per evocare. La Conoscenza esiste al di l\u00e0 dell\u2019intelletto. La Conoscenza da sola ha il potere di guidare ognuno di noi verso il nostro scopo superiore e le nostre relazioni di destino nella vita. <a href=\"\/it\/il-messaggio\/volume-2\/spiritualita-della-comunita-piu-grande\/cosa-e-la-conoscenza\">Ulteriori informazioni&#8230;<\/a><br \/>\n<a name=\"aa\"><\/a><br \/>\n<strong>L&#8217;Assemblea Angelica<\/strong> <em>(Angelic Assembly)<\/em> \u00e8 la grande Presenza Angelica che veglia sul mondo. Fa parte della gerarchia di servizio e di relazione stabilita da Dio al fine di assistere la redenzione e il ritorno di tutta la vita separata nell\u2019universo. Ogni mondo dove esiste la vita senziente \u00e8 tutelato da una Assemblea Angelica. L\u2019Assemblea che veglia sul nostro mondo ha tradotto la Volont\u00e0 di Dio per il nostro tempo in un linguaggio e una comprensione umana, che \u00e8 ora rivelata attraverso il Nuovo Messaggio da Dio. Il termine Assemblea Angelica \u00e8 sinonimo dei termini Presenza Angelica e Moltitudine (o Schiera) Angelica. <a href=\"\/it\/il-messaggio\/volume-1\/dio-ha-parlato-di-nuovo\/lassemblea\">Ulteriori informazioni&#8230;<\/a><br \/>\n<a name=\"nmfg\"><\/a><br \/>\n<strong>Il Nuovo Messaggio da Dio<\/strong> \u00e8 una Rivelazione e una comunicazione originale da Dio alla gente del mondo, sia per il nostro tempo che per i tempi che verranno. Il Nuovo Messaggio \u00e8 un dono dal Creatore di tutta la vita alle genti di tutte le nazioni e religioni e rappresenta la prossima grande espressione della Volont\u00e0 di Dio e del Piano di Dio per la famiglia umana. Il Nuovo Messaggio consiste di oltre 9000 pagine in lunghezza ed \u00e8 la pi\u00f9 grande Rivelazione mai data al mondo, data ora a un mondo letterato, di comunicazione globale e con una crescente consapevolezza globale. Il Nuovo Messaggio non \u00e8 una propaggine o una riforma di alcuna tradizione passata. \u00c8 un Nuovo Messaggio da Dio per l\u2019umanit\u00e0 che adesso sta di fronte a grande instabilit\u00e0 e disordine nel mondo e alla grande soglia dell\u2019esordio in una Comunit\u00e0 Pi\u00f9 Grande di vita intelligente nell\u2019universo. <a href=\"\/it\/informazioni-riguardo-al-nuovo-messaggio\">Ulteriori informazioni&#8230;<\/a><br \/>\n<a name=\"voice\"><\/a><br \/>\n<strong>La Voce della Rivelazione<\/strong> \u00e8 la voce congiunta dell\u2019Assemblea Angelica, che consegna il Messaggio di Dio tramite un Messaggero mandato nel mondo per questo lavoro. Qua l\u2019Assemblea parla come una Voce, i tanti parlano come uno. Per la primissima volta nella storia, siete in grado di ascoltare la vera Voce della Rivelazione che parla tramite il messaggero di Dio. \u00c8 questa Voce che ha parlato a tutti i Messaggeri di Dio in passato. La Parola e il Suono della Voce della Rivelazione sono di nuovo nel mondo. <a href=\"\/it\/il-messaggio\/volume-1\/la-religione-pura\/la-voce-della-rivelazione\">Ulteriori informazioni&#8230;<\/a><br \/>\n<a name=\"messenger\"><\/a><br \/>\n<strong>Il Messaggero<\/strong> \u00e8 colui prescelto, preparato e mandato nel mondo dall\u2019Assemblea Angelica per ricevere il Nuovo Messaggio da Dio. Il Messaggero per questo tempo \u00e8 Marshall Vian Summers. Lui \u00e8 un uomo umile, senza una posizione nel mondo, che ha intrapreso una lunga e difficile preparazione al fine di essere in grado di adempiere un ruolo e una missione cos\u00ec importanti nella vita. Lui ha in carico l\u2019enorme compito, la benedizione e le responsabilit\u00e0 di ricevere la pura Rivelazione di Dio e di proteggerla e presentarla nel mondo. Lui \u00e8 il primo dei Messaggeri di Dio che rivela la realt\u00e0 di una Comunit\u00e0 Pi\u00f9 Grande di vita intelligente nell\u2019universo. Il Messaggero \u00e8 stato impegnato in un processo di Rivelazione da oltre 30 anni. Lui \u00e8 vivo nel mondo oggi. <a href=\"\/it\/il-messaggero\/chi-e-marshall-vian-summers\">Ulteriori informazioni&#8230;.<\/a><br \/>\n<a name=\"seal\"><\/a><br \/>\n<strong>Il Sigillo dei Profeti<\/strong> \u00e8 un sigillo che \u00e8 stabilito da Dio al termine della vita di un Messaggero. Esso sigilla la Rivelazione nella sua purezza, proteggendola contro l\u2019aggiunta o l\u2019alterazione di tale comunicazione di Dio. Il Sigillo dei Profeti \u00e8 stabilito solo da Dio, e solo Dio pu\u00f2 spezzare il sigillo presso delle soglie di evoluzione e di esordio dell\u2019umanit\u00e0, quando Dio sceglie di parlare di nuovo. <a href=\"\/it\/il-messaggio\/volume-1\/dio-ha-parlato-di-nuovo\/il-sigillo-dei-profeti\">Ulteriori informazioni&#8230;<\/a><br \/>\n<a name=\"presence\"><\/a><br \/>\n<strong>La Presenza<\/strong> si pu\u00f2 riferire alla presenza della Conoscenza nell\u2019individuo, alla Presenza dell\u2019Assemblea Angelica o in definitiva alla Presenza di Dio. La Presenza di queste tre realt\u00e0 offre un\u2019esperienza di grazia e di relazione che cambia la vita, e che pu\u00f2 essere ritrovata seguendo il mistero nella vita e studiando e praticando una delle precedenti Rivelazioni di Dio oppure la Nuova Rivelazione di Dio per il mondo. La Nuova Rivelazione offre un percorso moderno che consente di avere l\u2019esperienza del potere di questa Presenza nella vostra vita. Ulteriori informazioni&#8230;<br \/>\n<a name=\"stk\"><\/a><br \/>\n<em><strong>Passi verso La Conoscenza<\/strong><\/em> <em>(Steps to Knowledge)<\/em> \u00e8 un libro antico di pratica spirituale che viene ora dato da Dio al mondo per la prima volta. Nell\u2019intraprendere questo misterioso viaggio, ogni persona \u00e8 guidata verso la scoperta del potere della Conoscenza e l\u2019esperienza di profondo sapere interiore, che pu\u00f2 condurre verso il proprio scopo superiore e il proprio richiamo nella vita. <a href=\"https:\/\/www.newmessage.org\/it\/il-messaggio\/volume-3\/passi-verso-la-conoscenza\">Ulteriori informazioni&#8230;<\/a><br \/>\n<a name=\"gc\"><\/a><br \/>\n<strong>La Comunit\u00e0 Pi\u00f9 Grande<\/strong> (<em>N.d.R.<\/em>: si \u00e8 scelto di tradurre <em>Greater Community<\/em> in Comunit\u00e0 Pi\u00f9 Grande anzich\u00e9 Comunit\u00e0 Maggiore o Comunit\u00e0 Superiore perch\u00e9 anche se le ultime due sono traduzioni letteralmente corrette ed hanno un impatto maggiormente eufonico, la prima non implica rango o importanza ma essenzialmente maggiore dimensione, estensione, come inteso nella versione Inglese) \u00e8 il pi\u00f9 ampio universo di vita intelligente in cui il nostro mondo \u00e8 sempre esistito. Questa Comunit\u00e0 Pi\u00f9 Grande include tutti i mondi nell\u2019universo dove esiste la vita senziente, in tutti gli stadi di evoluzione e sviluppo. Il Nuovo Messaggio rivela che l\u2019umanit\u00e0 \u00e8 nella fase iniziale e adolescenziale del suo sviluppo ed \u00e8 arrivato il momento in cui l\u2019umanit\u00e0 si deve preparare a emergere nella Comunit\u00e0 Pi\u00f9 Grande. \u00c8 qua, presso la soglia dello spazio, che l\u2019umanit\u00e0 scopre che non \u00e8 sola nell\u2019universo, o neppure nell\u2019ambito del proprio mondo. <a href=\"\/it\/il-messaggio\/volume-2\/spiritualita-della-comunita-piu-grande\/cosa-e-la-comunita-piu-grande\">Ulteriori informazioni&#8230;<\/a><br \/>\n<a name=\"darkness\"><\/a><br \/>\n<strong>La Grande Oscurit\u00e0<\/strong> <em>(Greater Darkness)<\/em> \u00e8 una Intromissione che \u00e8 in corso da parte di certe razze provenienti dalla Comunit\u00e0 Pi\u00f9 Grande, che sono qua per approfittare di una umanit\u00e0 debole e divisa. Questo sta succedendo in un momento in cui la famiglia umana sta entrando in un periodo di crescente crollo e disordine, di fronte alle Grandi Onde del cambiamento <em>(Great Waves of change)<\/em>. L\u2019Intromissione si presenta come una forza benigna e redentrice quando in realt\u00e0 il suo obiettivo finale \u00e8 minare la libert\u00e0 e l\u2019autodeterminazione dell\u2019umanit\u00e0 e prendere il controllo del mondo e delle sue risorse. Il Nuovo Messaggio rivela che l\u2019Intromissione cerca segretamente di stabilire qua la sua influenza, nelle menti e nei cuori delle persone in un momento di crescente confusione, conflitto e vulnerabilit\u00e0. In qualit\u00e0 di genti native di questo mondo, siamo chiamati ad opporci a questa Intromissione ed allertare e istruire gli altri, unendo, nel contempo, la famiglia umana sotto un grande scopo comune e preparando il nostro mondo per le sfide e le opportunit\u00e0 della vita nella Comunit\u00e0 Pi\u00f9 Grande. <a href=\"\/it\/lintromissione-nel-nostro-mondo\">Ulteriori informazioni&#8230;<\/a><br \/>\n<a name=\"gwoc\"><\/a><br \/>\n<strong>Le Grandi Onde del cambiamento<\/strong> <em>(Great Waves of change)<\/em> sono un insieme di potenti forze ambientali, economiche e sociali che stanno ora convergendo sul mondo. Le Grandi Onde sono il risultato dell\u2019abuso e dello sfruttamento eccessivo del mondo, delle sue risorse e del suo ambiente da parte dell\u2019umanit\u00e0. Le Grandi Onde hanno il potere di alterare drasticamente l\u2019aspetto del mondo, producendo instabilit\u00e0 economica, cambiamenti climatici fuori controllo, maltempo violento e la perdita di terreni arabili e risorse d\u2019acqua, minacciando di produrre una condizione mondiale di enorme difficolt\u00e0 e sofferenza umana. Le Grandi Onde non sono la fine dei tempi o un evento apocalittico, ma sono un periodo di transizione verso una nuova condizione mondiale. Il Nuovo Messaggio rivela quello che sta arrivando nel mondo e rivela la grande preparazione che deve essere intrapresa da un numero sufficiente di persone. Esso sta invocando unit\u00e0 e cooperazione umana che nascono dalla pura necessit\u00e0 di preservare e proteggere la civilt\u00e0 umana. <a href=\"\/it\/il-messaggio\/volume-4\/le-grandi-onde-del-cambiamento\">Ulteriori informazioni&#8230;<\/a><br \/>\n<a name=\"me\"><\/a><br \/>\n<strong>L&#8217;Ambiente Mentale<\/strong> \u00e8 un ambiente di pensiero ed emozione che esiste in parallelo all\u2019ambiente fisico. L\u2019ambiente mentale contiene forze che impattano il nostro pensiero e le nostre emozioni e che ci possono dominare fintanto che non diventiamo forti di Conoscenza. <a href=\"\/it\/linfluenza-nellambiente-mentale\">Ulteriori informazioni&#8230;<\/a><br \/>\n<a name=\"purpose\"><\/a><br \/>\n<strong>Scopo Superiore<\/strong> si riferisce al contributo specifico che ogni persona fu inviata nel mondo a dare e alle relazioni uniche che renderanno possibile il compimento di questo scopo. La Conoscenza all\u2019interno dell\u2019individuo detiene il suo scopo superiore e il suo destino. Non pu\u00f2 essere accertato unicamente dall\u2019intelletto. Deve essere scoperto, seguito ed espresso nel servizio per gli altri, al fine di essere pienamente realizzato. Il mondo ha bisogno come non mai della dimostrazione di questo scopo superiore da parte di molte pi\u00f9 persone di quante servirono in precedenza. <a href=\"\/it\/il-messaggio\/volume-2\/spiritualita-della-comunita-piu-grande\/cosa-e-lo-scopo-umano\">Ulteriori informazioni&#8230;<\/a><br \/>\n<a name=\"family\"><\/a><br \/>\n<strong>Famiglia Spirituale<\/strong> si riferisce ai piccoli gruppi di lavoro formatisi dopo la Separazione al fine di mettere in grado gli individui di lavorare verso stati superiori di unione e di relazione, intrapresi nel corso di un lungo arco temporale, culminando con il loro ritorno finale a Dio. La vostra Famiglia Spirituale rappresenta le relazioni che avete riconquistato attraverso La Conoscenza durante il vostro lungo viaggio lungo la Separazione. Alcuni membri della vostra Famiglia Spirituale sono nel mondo ed altri sono al di l\u00e0 del mondo. La Famiglie Spirituali fanno parte del misterioso Piano di Dio volto a liberare e ricongiungere tutti coloro che vivono nella Separazione. Ulteriori informazioni&#8230;<br \/>\n<a name=\"home\"><\/a><br \/>\n<strong>Antica Casa<\/strong> si riferisce alla realt\u00e0 di vita e allo stato di consapevolezza e relazione che avevate prima di entrare nel mondo, dove ritornerete dopo la vostra vita nel mondo. La vostra Antica casa \u00e8 uno stato di connessione e di relazione con la vostra Famiglia Spirituale, con l\u2019Assemblea Angelica e con Dio. <a href=\"\/it\/il-messaggio\/volume-1\/lunico-dio\/la-separazione\">Ulteriori informazioni&#8230;<\/a><\/p>\n","protected":false},"excerpt":{"rendered":"<p>Il Nuovo Messaggio da Dio rivela che il nostro mondo si trova presso la pi\u00f9 grande soglia nella storia e nell\u2019evoluzione dell\u2019umanit\u00e0. Presso questa soglia, un Nuovo Messaggio da Dio \u00e8 arrivato. Esso rivela il grande cambiamento che sta arrivando nel mondo e il nostro destino nella Comunit\u00e0 Pi\u00f9 Grande di vita al di l\u00e0\u2026 <a class=\"read-more\" href=\"https:\/\/www.v6.newmessage.org\/it\/il-messaggio\/important-terms\"><span>Read More<\/span><\/a><\/p>\n","protected":false},"author":32,"featured_media":0,"parent":15090,"menu_order":11,"comment_status":"closed","ping_status":"closed","template":"template-leftsidebar.php","meta":{"_monsterinsights_skip_tracking":false,"_monsterinsights_sitenote_active":false,"_monsterinsights_sitenote_note":"","_monsterinsights_sitenote_category":0,"footnotes":""},"categories":[],"tags":[254],"_links":{"self":[{"href":"https:\/\/www.v6.newmessage.org\/it\/wp-json\/wp\/v2\/pages\/22380"}],"collection":[{"href":"https:\/\/www.v6.newmessage.org\/it\/wp-json\/wp\/v2\/pages"}],"about":[{"href":"https:\/\/www.v6.newmessage.org\/it\/wp-json\/wp\/v2\/types\/page"}],"author":[{"embeddable":true,"href":"https:\/\/www.v6.newmessage.org\/it\/wp-json\/wp\/v2\/users\/32"}],"replies":[{"embeddable":true,"href":"https:\/\/www.v6.newmessage.org\/it\/wp-json\/wp\/v2\/comments?post=22380"}],"version-history":[{"count":21,"href":"https:\/\/www.v6.newmessage.org\/it\/wp-json\/wp\/v2\/pages\/22380\/revisions"}],"predecessor-version":[{"id":27637,"href":"https:\/\/www.v6.newmessage.org\/it\/wp-json\/wp\/v2\/pages\/22380\/revisions\/27637"}],"up":[{"embeddable":true,"href":"https:\/\/www.v6.newmessage.org\/it\/wp-json\/wp\/v2\/pages\/15090"}],"wp:attachment":[{"href":"https:\/\/www.v6.newmessage.org\/it\/wp-json\/wp\/v2\/media?parent=22380"}],"wp:term":[{"taxonomy":"category","embeddable":true,"href":"https:\/\/www.v6.newmessage.org\/it\/wp-json\/wp\/v2\/categories?post=22380"},{"taxonomy":"post_tag","embeddable":true,"href":"https:\/\/www.v6.newmessage.org\/it\/wp-json\/wp\/v2\/tags?post=22380"}],"curies":[{"name":"wp","href":"https:\/\/api.w.org\/{rel}","templated":true}]}}