{"id":221,"date":"2011-04-24T11:30:40","date_gmt":"2011-04-24T11:30:40","guid":{"rendered":"http:\/\/wp.www.newmessage.org\/?p=221"},"modified":"2016-08-13T16:17:55","modified_gmt":"2016-08-13T16:17:55","slug":"il-nuovo-messaggio-che-cosa-raccomanda","status":"publish","type":"page","link":"https:\/\/www.v6.newmessage.org\/it\/informazioni-riguardo-al-nuovo-messaggio\/faq\/il-nuovo-messaggio-che-cosa-raccomanda","title":{"rendered":"Il Nuovo Messaggio che cosa raccomanda?"},"content":{"rendered":"<p>1. <strong>Libert\u00e0<\/strong>\u2014imparare a costruire, mantenere e proteggere la tua libert\u00e0 individuale e la libert\u00e0 collettiva dell\u2019umanit\u00e0 di fronte a gravi sfide senza precedenti.<\/p>\n<p>2. <strong>Unit\u00e0 umana, cooperazione e la cessazione di guerra e conflitto<\/strong>\u2014non per motivi di alta moralit\u00e0 e per degli ideali ma per la sopravvivenza collettiva dell\u2019umanit\u00e0.<\/p>\n<p>3. <strong>Sostenibilit\u00e0 e ripristino dell\u2019ambiente<\/strong>\u2014preservare e condividere le diminuenti risorse del mondo, anzich\u00e9 competere per loro, per evitare la guerra affinch\u00e8 l\u2019umanit\u00e0 possa avere un futuro.<\/p>\n<p>4. <strong>Supremazia della Conoscenza nell\u2019individuo<\/strong>\u2014La Conoscenza \u00e8 il Grande Dono del Creatore, che vive dentro di te e ti consente di vivere e di esprimere la Spiritualit\u00e0 Unica dell\u2019umanit\u00e0, al di l\u00e0 delle divisioni per via della razza, della cultura, delle nazioni e delle religioni. La Conoscenza da sola ha il potere sia di guidare e proteggere l\u2019individuo che di unire l\u2019umanit\u00e0 e renderla capace di tracciare un nuovo percorso in avanti.<\/p>\n<p>5. <strong>Coesistenza pacifica e cooperazione tra le religioni del mondo<\/strong>\u2014Tutte le religioni del mondo furono iniziate da Dio e non furono mai intese per essere in competizione ed in conflitto tra loro.<\/p>\n<p>6. <strong>Diventare forti nell\u2019ambiente mentale<\/strong>\u2014Voi vivete in un ambiente mentale cos\u00ec come in un ambiente fisico. L\u2019ambiente mentale \u00e8 l\u2019ambiente pervasivo del pensiero e dell\u2019influenza in cui tutti viviamo. Per essere in grado di pensare liberamente, per essere discernente e resistere alla manipolazione mentale, dovete imparare riguardo all\u2019ambiente mentale e diventare una forza dentro di esso. <em>I<\/em><em> Passi verso La Conoscenza<\/em>, il Libro di Esercizi del Nuovo Messaggio, vi insegna a fare questo.<\/p>\n<p>7. <strong>Prepararci per la Comunit\u00e0 Pi\u00f9 Grande<\/strong> \u2014 Il nostro isolamento \u00e8 finito. La profezia del Nuovo Messaggio rivela che l\u2019umanit\u00e0 non \u00e8 sola nell\u2019Universo e neanche nel suo stesso mondo. Il Nuovo Messaggio \u00e8 qua per preparare gli individui e le nazioni per la realt\u00e0, il pericolo e l\u2019opportunit\u00e0 di incontrare una Comunit\u00e0 Pi\u00f9 Grande di vita intelligente nell\u2019Universo. In qualit\u00e0 di genti native di questo mondo, noi dobbiamo affrontare i nostri primi incontri con forze di intromissione, usando saggezza e discernimento e dobbiamo stabilirle noi le nostre regole del gioco.<\/p>\n<p>8. <strong>Prepararci per le Grandi Onde del Cambiamento<\/strong> \u2014La profezia del Nuovo Messaggio rivela che Grandi Onde del Cambiamento stanno ora convergendo sull\u2019intera famiglia umana, creando una situazione senza precedenti nella storia umana. Tra le Grandi Onde vi \u00e8 cambiamento climatico e maltempo catastrofico, risorse energetiche in diminuzione, severo deterioramento ambientale, declino della produzione di cibo, instabilit\u00e0 economica e la crescente minaccia di competizione, conflitto e guerra per le risorse rimanenti nel mondo. Le Grandi Onde creeranno un\u2019instabilit\u00e0 immensa intorno al mondo, anche nelle nazioni affluenti. Riconoscere e prepararsi per la realt\u00e0 della Comunit\u00e0 Pi\u00f9 Grande e le imminenti Grandi Onde del Cambiamento sono le cose che rappresentano l\u2019enorme necessit\u00e0 dei nostri tempi. Il Nuovo Messaggio \u00e8 venuto per prepararci a navigare i tempi difficili che stanno arrivando.<\/p>\n<p>9. <strong>Contribuire a un mondo bisognoso<\/strong>\u2014La vera felicit\u00e0 \u00e8 il risultato di quando fai quello che sei venuto qua a fare. Per realizzare questo, devi unire la tua mente pensante con la mente pi\u00f9 profonda della Conoscenza dentro di te e sviluppare la saggezza e la forza per conseguire la tua missione nel mondo.<\/p>\n<p>10. <strong>Costruire i Quattro Pilastri della tua vita<\/strong>\u2014la tua vita ha quattro pilastri, come le quattro gambe di un tavolo, che reggono la tua vita e le danno forza, stabilit\u00e0 ed equilibrio:<\/p>\n<p>Il Pilastro delle Relazioni<br \/>\nIl Pilastro della Salute<br \/>\nIl Pilastro del Lavoro e della Providership (prendersi cura degli altri)<br \/>\nIl Pilastro dello Sviluppo Spirituale<\/p>\n<p>Il Nuovo Messaggio rivela che cosa veramente significano i Quattro Pilastri e come essi possono essere rinforzati e mantenuti. Ti serviranno dei pilastri forti per essere in grado di far fronte alle Grandi Onde ed essere una fonte di forza per gli altri.<\/p>\n<p>11. <strong>Relazioni di Scopo Superiore<\/strong>\u2014 Sei nato con una missione e con La Conoscenza per aiutarti a trovare ed a compiere questa missione. Per questo motivo, ci sono certi individui nella tua vita che tu devi incontrare e con i quali ti devi impegnare. Ad un livello pi\u00f9 profondo, questo rappresenta la tua ricerca di relazione. Nel Nuovo Messaggio, queste vengono chiamate relazioni di scopo superiore. Il Nuovo Messaggio ti insegna a trovare ed a discernere questi individui al di l\u00e0 di qualsiasi altra forma di attrazione e di obbligo. Tu non puoi trovare e compiere la tua missione da solo. Avrai bisogno di relazioni eccezionali di onest\u00e0 ed integrit\u00e0, di cui la missione ed il destino saranno allineati ai tuoi.<\/p>\n<p>Ci deve essere un nuovo testamento che caldeggia queste cose. Il Nuovo Messaggio da Dio \u00e8 un nuovo testamento, una nuova comprensione, una nuova via, che va oltre tutte le convinzioni e le supposizioni del passato, oltre tutti i conflitti ed i disaccordi del passato.<\/p>\n<p>Il Nuovo Messaggio caldeggia saggezza, libert\u00e0, scopo, unit\u00e0 e cooperazione basati sulla Spiritualit\u00e0 Unica dell\u2019umanit\u00e0 e sulle grandi necessit\u00e0 del nostro tempo.<\/p>\n","protected":false},"excerpt":{"rendered":"<p>5. Coesistenza pacifica e cooperazione tra le religioni del mondo\u2014Tutte le religioni del mondo furono iniziate da Dio e non furono mai intese per essere in competizione ed in conflitto tra loro.<\/p>\n","protected":false},"author":1,"featured_media":0,"parent":12778,"menu_order":5,"comment_status":"closed","ping_status":"closed","template":"template-leftsidebar.php","meta":{"_monsterinsights_skip_tracking":false,"_monsterinsights_sitenote_active":false,"_monsterinsights_sitenote_note":"","_monsterinsights_sitenote_category":0,"footnotes":""},"categories":[61],"tags":[],"_links":{"self":[{"href":"https:\/\/www.v6.newmessage.org\/it\/wp-json\/wp\/v2\/pages\/221"}],"collection":[{"href":"https:\/\/www.v6.newmessage.org\/it\/wp-json\/wp\/v2\/pages"}],"about":[{"href":"https:\/\/www.v6.newmessage.org\/it\/wp-json\/wp\/v2\/types\/page"}],"author":[{"embeddable":true,"href":"https:\/\/www.v6.newmessage.org\/it\/wp-json\/wp\/v2\/users\/1"}],"replies":[{"embeddable":true,"href":"https:\/\/www.v6.newmessage.org\/it\/wp-json\/wp\/v2\/comments?post=221"}],"version-history":[{"count":16,"href":"https:\/\/www.v6.newmessage.org\/it\/wp-json\/wp\/v2\/pages\/221\/revisions"}],"predecessor-version":[{"id":27632,"href":"https:\/\/www.v6.newmessage.org\/it\/wp-json\/wp\/v2\/pages\/221\/revisions\/27632"}],"up":[{"embeddable":true,"href":"https:\/\/www.v6.newmessage.org\/it\/wp-json\/wp\/v2\/pages\/12778"}],"wp:attachment":[{"href":"https:\/\/www.v6.newmessage.org\/it\/wp-json\/wp\/v2\/media?parent=221"}],"wp:term":[{"taxonomy":"category","embeddable":true,"href":"https:\/\/www.v6.newmessage.org\/it\/wp-json\/wp\/v2\/categories?post=221"},{"taxonomy":"post_tag","embeddable":true,"href":"https:\/\/www.v6.newmessage.org\/it\/wp-json\/wp\/v2\/tags?post=221"}],"curies":[{"name":"wp","href":"https:\/\/api.w.org\/{rel}","templated":true}]}}