{"id":22015,"date":"2014-08-19T19:21:57","date_gmt":"2014-08-19T19:21:57","guid":{"rendered":"http:\/\/www.newmessage.org\/?page_id=22015"},"modified":"2018-02-05T10:31:56","modified_gmt":"2018-02-05T10:31:56","slug":"un-nuovo-messaggio-di-speranza","status":"publish","type":"page","link":"https:\/\/www.v6.newmessage.org\/it\/il-messaggio\/volume-4\/le-grandi-onde-del-cambiamento\/un-nuovo-messaggio-di-speranza","title":{"rendered":"Un Nuovo Messaggio di Speranza"},"content":{"rendered":"<div><!-- 4.0 --><\/div>\n\n<div class=\"tabgroup \"><ul class=\"tabs\"><li><a href=\"#tabs-1\">Informazioni<\/a><\/li>\n<li><a href=\"#tabs-2\">Nota<\/a><\/li><\/ul>\n <div id=\"tabs-1\"><br \/>\n<em>Come rivelato al Messaggero di Dio<br \/>\nMarshall Vian Summers<br \/>\nIl 5 Giugno 2008<br \/>\nin Boulder, Colorado<\/em><\/p>\n<div class=\"toggle toggle-white\"><h4 class=\"trigger \"><span class=\"t_ico\"><\/span><a href=\"#\">Riguardo a questo testo<\/a><\/h4><div class=\"toggle_container \"><br \/>\n<p>Quello che state leggendo in questo testo \u00e8 la trascrizione della voce originale della Assemblea Angelica cos\u00ec come ha parlato tramite il Messaggero Marshall Vian Summers.<\/p>\n<p>Qua, la comunicazione originale di Dio, che esiste al di l\u00e0 delle parole, \u00e8 tradotta nel linguaggio e nella comprensione umana dall\u2019Assemblea Angelica che veglia sul mondo. Poi l\u2019Assemblea consegna il Messaggio di Dio tramite il Messaggero, dopo di che, la comunicazione \u00e8 trascritta e resa disponibile a voi e a tutto il mondo.<\/p>\n<p>In questo notevole processo, la Voce della Rivelazione sta parlando di nuovo. La Parola e il suono della Voce sono nel mondo. Possiate voi essere i destinatari di questo dono di Rivelazione e possiate essere aperti a ricevere il suo Messaggio unico per voi e per la vostra vita.<\/p>\n<br \/>\n<\/div><\/div><br \/>\n<\/div>\n<div id=\"tabs-2\"><br \/>\n<em>Nota per il Lettore:<br \/>\nQuesta traduzione \u00e8 stata fornita alla Society da uno studente del Nuovo Messaggio che si \u00e8 offerto volontario per tradurre il testo originale in Inglese. Noi rendiamo questa traduzione disponibile al mondo in questa forma iniziale affinch\u00e9 le persone abbiano la possibilit\u00e0 di interagire con una porzione del Nuovo Messaggio nella propria lingua.<\/em><br \/>\n<\/div>\n\t\t\t\t<div align=\"right\">\n\t\t\t<div class=\"fb-like\" data-href=\"\" data-layout=\"button_count\" data-action=\"like\" data-show-faces=\"false\" data-share=\"false\"><\/div>\n\t\t\t<div class=\"fb-share-button\" data-layout=\"button_count\"> <\/div>\n\t\t\t<div class=\"fb_iframe_widget\"><a href=\"https:\/\/twitter.com\/godsnewmessage?ref_src=twsrc%5Etfw\" class=\"twitter-follow-button\" data-show-count=\"false\">Follow @godsnewmessage<\/a><script async src=\"https:\/\/platform.twitter.com\/widgets.js\" charset=\"utf-8\"><\/script><\/div>\n\t\t\t<\/div> <\/div> \n\n<p>Ci sono Grandi Onde di cambiamento che stanno arrivando nel mondo. Saranno diverse da qualsiasi cosa che l\u2019umanit\u00e0 nel suo complesso abbia mai dovuto affrontare in precedenza. Esse sono in gran parte la conseguenza dell\u2019abuso e dell\u2019uso eccessivo da parte dell\u2019umanit\u00e0 del mondo e delle sue risorse. Ma loro anche rappresentano una vera soglia, una soglia evolutiva che l\u2019umanit\u00e0 ha raggiunto, particolarmente riguardo al suo incontro con la vita intelligente da oltre il mondo. Sar\u00e0 un tempo in cui una grande decisione dovr\u00e0 essere presa per determinare se l\u2019umanit\u00e0 si unir\u00e0 e cooperer\u00e0 per condividere e gestire le risorse del mondo oppure se lotter\u00e0 e competer\u00e0, gettando l\u2019umanit\u00e0 in uno stato di constante conflitto e permanente declino.<br \/>\n\u00c8 una grande soglia anche per l\u2019individuo, determiner\u00e0 se l\u2019individuo combatter\u00e0 e lotter\u00e0 per preservare ci\u00f2 che ha oppure se si unir\u00e0 con altri per condividere e gestire le risorse che sono disponibili e per prendersi la responsabilit\u00e0 di provvedere per coloro che non avranno lo stretto necessario per la vita. Questa \u00e8 una soglia pratica, fisica, ed \u00e8 una soglia morale ed etica.<br \/>\n\u00c8 probabile che l\u2019umanit\u00e0 intraprenda ambedue queste opzioni fino a quando una decisione superiore potr\u00e0 essere presa e formulata. \u00c8 certo che molte cose falliranno. Comunit\u00e0 e anche certe nazioni potrebbero crollare. \u00c8 certo che molte persone dovranno migrare e ci sar\u00e0 una grande transizione nell\u2019ordine e nel funzionamento della civilt\u00e0.<br \/>\nQuella che \u00e8 stata l\u2019enfasi in questo insegnamento riguardo alle Grandi Onde \u00e8 la grande transizione che deve avere luogo nell\u2019individuo al fine di riconoscere le Grandi Onde del cambiamento e intraprendere i vari passi di preparazione che sono necessari per approcciare questa grande soglia con saggezza e certezza e con la potenza della Conoscenza.<br \/>\nCi sono molte cose pratiche che devono essere conseguite, ovviamente, e questo attinger\u00e0 a tutte le capacit\u00e0 e professioni dell\u2019umanit\u00e0. Ma se non c\u2019\u00e8 saggezza, se non c\u2019\u00e8 chiarezza, se non c\u2019\u00e8 un pi\u00f9 profondo incentivo a servire gli altri e se non c\u2019\u00e8 capacit\u00e0 di adattarsi a mutevoli ed esigenti circostanze, allora tutte le capacit\u00e0 pratiche dell\u2019umanit\u00e0, tutte le professioni dell\u2019umanit\u00e0 e tutta l\u2019appresa saggezza dell\u2019umanit\u00e0 non saranno sufficienti a ottenere una sorte superiore e pi\u00f9 significativa.<br \/>\n \u00c8 quello che la persona vedr\u00e0, conoscer\u00e0 e far\u00e0 che produrr\u00e0 tutta la differenza nel proprio benessere in futuro e nell\u2019impatto che avr\u00e0 su altre persone e sulla societ\u00e0 nel suo complesso.<br \/>\nIl Nuovo Messaggio \u00e8 qua per dare un avvertimento, una benedizione e una preparazione. L\u2019avvertimento adesso sta suonando da ogni parte attraverso molte fonti, ma la severit\u00e0 della situazione non \u00e8 riconosciuta da molti.<br \/>\nLa natura di questa grande serie di cambiamenti \u00e8 ampiamente sottostimata. Le persone la stanno considerando come solamente uno di molti problemi che l\u2019umanit\u00e0 deve affrontare, e loro hanno grande certezza che l\u2019innovazione politica e tecnologica si prender\u00e0 cura della situazione oppure che forze economiche creeranno i necessari aggiustamenti. Queste supposizioni allertano del fatto che l\u2019umanit\u00e0 stia sottovalutando la potenza delle Grandi Onde del cambiamento.<br \/>\nIl fatto \u00e8 che pochissime persone sono a stento consapevoli della presenza extraterrestre nel mondo, e anche tra queste, pochissime la riconoscono come un\u2019intromissione, come un pericolo e una minaccia per l\u2019umanit\u00e0. Quello che ci\u00f2 significa \u00e8 che non abbastanza persone sono consapevoli della realit\u00e0 delle Grandi Onde del cambiamento e del grande impatto che avranno sulla famiglia umana e sul futuro dell\u2019umanit\u00e0 in questo mondo.<br \/>\nPertanto, Dio ha mandato un avvertimento, una benedizione e una preparazione perch\u00e9 il tempo \u00e8 essenziale. Ogni settimana, ogni mese e ogni anno adesso sono significativi, perch\u00e9 le Grandi Onde si stanno muovendo incessantemente. Il tempo che ci vuole per prepararsi per questo \u00e8 significativo, e quella finestra di opportunit\u00e0 si sta contraendo.<br \/>\nQuesto, pertanto, non \u00e8 qualcosa a cui solamente pensare, qualcosa da contemplare oppure semplicemente da discutere con i vostri amici, come una fonte di immaginazione oppure semplicemente una fonte di ansia e preoccupazione. Vi deve dare propulsione verso una vera azione. La vostra consapevolezza deve portare azione, e questo esiger\u00e0 che consideriate ogni aspetto della vostra vita e le possibilit\u00e0 che esistono nelle vostre immediate vicinanze e per la vostra nazione nel suo complesso. Questa non \u00e8 una cosa per i deboli di cuore, per gli ambivalenti oppure gli egoisti, perch\u00e9 loro non vedranno le Grandi Onde del cambiamento fino a quando non sar\u00e0 troppo tardi.<br \/>\nQuesta \u00e8 una chiamata a diventare consapevoli, a diventare preparati, a diventare forti e capaci e a incominciare a intraprendere i molti passi che saranno necessari per mettere al sicuro la vostra posizione nel mondo\u2014per ottenere una posizione pi\u00f9 forte, per prepararvi per gli scossoni che arriveranno e mettervi in una posizione da essere di servizio agli altri, perch\u00e9 grande servizio sar\u00e0 necessario.<br \/>\nNon pensate che sia arrivata la fine per l\u2019umanit\u00e0, che questi siano i \u201ctempi finali\u201d come alcune persone credono. Questo \u00e8 un grande punto di svolta. Molte cose finiranno. Molti atteggiamenti finiranno. Una grande parte del vostro pensiero convenzionale finir\u00e0. Molte attivit\u00e0 umane finiranno oppure diminuiranno. Allora in quel senso, sono i tempi finali.<br \/>\n\u00c8 tempo per l\u2019umanit\u00e0 di crescere e cessare le sue lotte disperate e le sue indulgenze adolescenziali. Perch\u00e9 adesso state emergendo in una Comunit\u00e0 Pi\u00f9 Grande di vita intelligente, dove l\u2019umanit\u00e0 deve essere forte e unita, autosufficiente e molto discreta. \u00c8 un tempo in cui l\u2019umanit\u00e0 deve ottenere una maturit\u00e0 superiore nel suo complesso e prendersi la responsabilit\u00e0 di gestire il mondo in modo tale che esso continui a sostenervi nel futuro e a fornire quello di cui avete bisogno al fine di vivere e progredire.<br \/>\nLe persone non hanno un senso di cosa questo significhi e della sua grande rilevanza. Le conseguenze dell\u2019uso eccessivo e dell\u2019abuso del mondo da parte dell\u2019umanit\u00e0 stanno solo adesso incominciando ad essere sentite tra le persone pi\u00f9 povere del mondo. Loro saranno i primi a soffrire, ma l\u2019impatto di questo raggiunger\u00e0 ogni nazione e ogni cultura e alla fine impatter\u00e0 ogni persona in modi tremendi e significativi.<br \/>\nQuesto Insegnamento che state ricevendo non \u00e8 per farvi agire spinti dallo spavento. Non \u00e8 per schiacciarvi. Non \u00e8 per sminuirvi. Non \u00e8 per scoraggiarvi. Ma dovete affrontare la realt\u00e0. Dovete essere preparati e preallertati di cosa sta arrivando all\u2019orizzonte. Perch\u00e9 se non guardate, non vedrete. Se non vedete, non saprete. Se non sapete, non vi preparerete. E se non vi preparate, la vostra vita sar\u00e0 in grande pericolo.<br \/>\nPer quello vi \u00e8 un Nuovo Messaggio da Dio nel mondo. \u00c8 qua per allertarvi, per rafforzarvi e prepararvi per le Grandi Onde del cambiamento e per la realt\u00e0 della Comunit\u00e0 Pi\u00f9 Grande e tutte le sue sfide e opportunit\u00e0 per l\u2019umanit\u00e0.<br \/>\nIl Nuovo Messaggio \u00e8 anche qua per rafforzare l\u2019individuo, per insegnare alle persone la spiritualit\u00e0 al livello della Conoscenza, per fare arrivare una presenza unificatrice e istruire tutte le religioni del mondo, per rafforzare le relazioni umane, le famiglie umane, gli impegni umani e i contributi umani. Rappresenta un rarissimo intervento di Dio per la protezione e l\u2019avanzamento dell\u2019umanit\u00e0. \u00c8 un grandissimo Insegnamento e una grande Rivelazione. Non pensate di poterla capire stando distaccati da essa, perch\u00e9 la dovete ricevere e portare nella vostra vita, dovete usarla e applicare la sua saggezza e far fruire i suoi specifici insegnamenti. Solo allora conoscerete la potenza e l\u2019efficacia del Nuovo Messaggio. E solo allora vi renderete conto di quale benedizione esso sia e di come \u00e8 arrivato proprio al momento giusto.<br \/>\nCome \u00e8 stato detto in questi Insegnamenti, l\u2019umanit\u00e0 entrer\u00e0 in un periodo di grande confusione e difficolt\u00e0. \u00c8 necessario che voi otteniate una chiarezza e una certezza superiori, dal pozzo pi\u00f9 profondo della Conoscenza dentro di voi, altrimenti cadrete in preda alla confusione e all\u2019ansia, al conflitto e all\u2019ostilit\u00e0 che si innalzeranno tutt\u2019intorno a voi.<br \/>\nTi viene dato questo adesso come una benedizione\u2014la benedizione di consapevolezza, la benedizione di saggezza e la benedizione di avere tempo di preparare te stesso, la tua vita, la tua comprensione, la tua famiglia, le tue relazioni e le tue circostanze. Il tempo \u00e8 critico. Dovete agire e agire presto se volete avere il tempo di apportare i necessari aggiustamenti alla vostra vita, che in se stessi richiederanno tempo, concentrazione e molti cambiamenti.<br \/>\nNon pensate che Dio salver\u00e0 l\u2019umanit\u00e0 alla fine, se l\u2019umanit\u00e0 dovesse scegliere un percorso di autodistruzione. Non pensate che Dio salver\u00e0 l\u2019umanit\u00e0 rimuovendo tutti i pericoli e tutte le conseguenze che sono state prodotte dall\u2019ignoranza, dall\u2019arroganza e dal conflitto dell\u2019umanit\u00e0. Non pensate che gli innocenti saranno risparmiati quando le Grandi Onde del cambiamento li sovrasteranno.<br \/>\nDio vi ha dato la potenza della Conoscenza. Dio ha mandato grandi emissari nel mondo nel corso della storia umana. Gli Angeli di Dio vegliano sull\u2019umanit\u00e0. Dio ha molte forze potenti nel mondo che influenzano gli individui, guidandoli e supportandoli. Ci sono enormi potenze e presenze qua di grande beneficio per l\u2019umanit\u00e0, che servono Dio e il grande Piano di Dio.<br \/>\nTuttavia il mondo \u00e8 un luogo dove l\u2019umanit\u00e0 deve scegliere, prendere le proprie decisioni e affrontare le conseguenze delle proprie decisioni. Questo \u00e8 un mondo diviso, dove i separati hanno scelto di vivere staccati da Dio, hanno scelto di creare la propria realt\u00e0 e hanno scelto di prendere una forma di individualit\u00e0 che va di gran lunga oltre le distinzioni che Dio ha creato per ogni anima. Questo \u00e8 un luogo di decisione. \u00c8 un luogo di contrasto. \u00c8 un luogo che \u00e8 diverso dalla vostra Antica Casa, dalla quale siete venuti e alla quale alla fine tornerete.<br \/>\nIn questo ambiente, c\u2019\u00e8 bellezza e c\u2019\u00e8 bruttezza. C\u2019\u00e8 piacere e c\u2019\u00e8 dolore. Ci sono opportunit\u00e0 e ci sono pericoli. Richiede forza e saggezza essere qua e anche compassione se desiderate vivere l\u2019esperienza della vita e del significato di uno scopo superiore qua.<br \/>\nIn questo difficile ambiente di apprendimento, Dio ha mandato un Nuovo Messaggio per l\u2019umanit\u00e0, un Messaggio per dare all\u2019umanit\u00e0 una grande chance e una speranza per un nuovo inizio\u2014perch\u00e9 l\u2019umanit\u00e0 costruisca una fondazione superiore nel mondo, resista le Grandi Onde del cambiamento, utilizzi la sua forza per unire l\u2019umanit\u00e0, per portare equanimit\u00e0 e giustizia alla distribuzione delle risorse e per assicurare una pi\u00f9 profonda e pi\u00f9 forte posizione per il futuro, una che possa essere sostenuta nel tempo.<br \/>\nIl Nuovo Messaggio \u00e8 anche stato mandato per preparare l\u2019umanit\u00e0 per la Comunit\u00e0 Pi\u00f9 Grande, per insegnare all\u2019umanit\u00e0 dei pericoli del Contatto prematuro, per allertare l\u2019umanit\u00e0 dell\u2019Intromissione che sta avendo luogo nel mondo oggi e per dare, in parte attraverso i remoti alleati dell\u2019umanit\u00e0 nell\u2019Universo, la saggezza di cui l\u2019umanit\u00e0 avr\u00e0 bisogno per capire le complessit\u00e0, le difficolt\u00e0 e le sfide della vita nell\u2019Universo. Questo dar\u00e0 all\u2019umanit\u00e0 quello che essa non pu\u00f2 procurarsi da sola, per affrontare questo ambiente di gran lunga pi\u00f9 complesso e pi\u00f9 potente\u2014un ambiente a cui l\u2019umanit\u00e0 non si \u00e8 ancora adattata, un ambiente che esiger\u00e0 grandi capacit\u00e0 e unit\u00e0 nell\u2019ambito della famiglia umana.<br \/>\nIl Nuovo Messaggio \u00e8 stato mandato per elevare l\u2019individuo e per insegnare la spiritualit\u00e0 al livello della Conoscenza. Il Nuovo Messaggio \u00e8 stato mandato per insegnare che tutte le religioni furono iniziate da Dio, che tutte le religioni furono cambiate dalle persone, che Dio ha creato molti percorsi di redenzione al fine di andare incontro ai diversi bisogni e temperamenti delle persone che vivono in tempi diversi e in culture diverse e che l\u2019umanit\u00e0 non dovrebbe mai fare supposizioni riguardo la volont\u00e0 di Dio oppure proclamare che solo la loro religione \u00e8 l\u2019unica religione. Perch\u00e9 Dio ha creato molti percorsi di redenzione. L\u2019ignoranza umana e l\u2019arroganza umana qua devono essere corrette se l\u2019umanit\u00e0 vuole trovare la forza e la volont\u00e0 di unirsi per la propria salvaguardia e per la salvaguardia di questo bellissimo mondo che \u00e8 stato dato all\u2019umanit\u00e0 quale propria casa nell\u2019Universo.<br \/>\n\u00c8 come scalare una grande montagna. Dovete scalare questa montagna per ottenere la prospettiva di cui avrete bisogno per vedere le cose con chiarezza. Voi partite alla base dove tutti sono congregati, e dovete lasciarli per incominciare questo viaggio. Poche persone viaggeranno con voi. Lungo la via incontrerete altri che stanno viaggiando e stanno lottando attraverso i vari stadi e le soglie che bisogna attraversare per continuare a scalare questa montagna, che si riveler\u00e0 di gran lunga superiore e pi\u00f9 sfidante di quanto vi eravate immaginati all\u2019inizio.<br \/>\nQuando siete ancora gi\u00f9 nelle pianure, offuscati dagli alberi, voi non potete vedere la natura della vostra vita. Voi non potete vedere la relazione di questa montagna con tutte le cose intorno ad essa. La vostra visione sar\u00e0 bloccata e oscurata da tutte la condizioni della vostra vita.<br \/>\nMa mentre guadagnate altitudine su questa montagna, guadagnate forza e chiarezza, e la vostra vita diventa pi\u00f9 semplice e pi\u00f9 efficiente, liberando energia di cui adesso avete bisogno per procedere, per costruirvi una nuova fondazione e, simbolicamente, per essere in grado di procedere su questa montagna con il minor fardello e la minore resistenza possibile.<br \/>\nAvrete bisogno di raggiungere un punto di osservazione da dove potete vedere con chiarezza la terra che vi circonda, le circostanze della vostra vita e le pi\u00f9 grandi circostanze del mondo\u2014circostanze che voi non potete adesso permettervi di evitare oppure negare, circostanze dalle quali non vi potete nascondere oppure cercare di fuggire, circostanze che determineranno il vostro futuro e circostanze che possono chiamare fuori da voi i doni superiori che Dio vi ha mandato a dare nel mondo.<br \/>\nQuesto richieder\u00e0 da voi una tremenda transizione, una transizione che avr\u00e0 luogo gradualmente, una grande svolta della vostra vita da una di egoistica indulgenza e atteggiamenti di paura a una di forza superiore e oggettivit\u00e0 e un servizio superiore per gli altri.<br \/>\nLa realizzazione deve essere trovata realizzando il vostro scopo superiore e la vostra missione nel mondo. Questo genere di realizzazione non pu\u00f2 essere trovato con l\u2019acquisizione di piacere, l\u2019acquisizione di cose oppure l\u2019acquisizione di persone. Neanche la libert\u00e0 dal dolore oppure la libert\u00e0 dalla difficolt\u00e0 non vi possono dare questa realizzazione. Perch\u00e9 \u00e8 la realizzazione dell\u2019anima; significa realizzare i pi\u00f9 profondi bisogni dell\u2019anima. Ci vorranno grandi eventi per portare questo fuori da voi, e grandi eventi sono adesso su di voi e sull\u2019intero mondo.<br \/>\nRecevi il Nuovo Messaggio di Dio. Non giudicarlo oppure condannarlo. Non pensare che sia qualcos\u2019altro. Non credere di poterlo capire. Voi non avete idea della sua potenza, della sua efficacia oppure della grande portata del suo insegnamento. Perch\u00e9 sta portando nel mondo La Conoscenza e la saggezza che non sono mai state portate qua prima, particolarmente riguardo alla Pi\u00f9 Grande Comunit\u00e0 e il futuro e il destino dell\u2019umanit\u00e0.<br \/>\nTutto questo vi dar\u00e0 un contesto superiore e un livello superiore di comprensione, che pu\u00f2 informare le vostre azioni, schiarire le vostre idee e darvi una visuale pi\u00f9 chiara di cosa sta arrivando, del viaggio che dovete intraprendere e del grande servizio che potete dare agli altri.<br \/>\nCi saranno altre prescrizioni per l\u2019umanit\u00e0 e altre profezie date da varie persone. Ma questo \u00e8 il Nuovo Messaggio da Dio. Non dovete crederlo e accettarlo in partenza, ma \u00e8 molto importante che voi riceviate la sua saggezza, che voi approfittiate del suo grande insegnamento, che voi riceviate i suoi doni di ispirazione profonda e che voi lo utilizziate nel mondo. Credere qua non \u00e8 importante. Quello che \u00e8 importante \u00e8 ricevere il dono e applicarlo nella vostra vita e darlo come un servizio ad altri. Solo allora capirete la natura di questa Rivelazione. Solo allora conoscerete chi la ha creata.<br \/>\nVoi non potete conoscere Dio se rimanete staccati da Dio. Voi non potete conoscere Dio se rimanete staccati e cercate di giudicare e valutare Dio oppure il lavoro di Dio nel mondo. Ma voi potete ricevere la potenza e la presenza che questo vi d\u00e0. E nel tempo, soprattutto, vedrete che \u00e8 di massima importanza.<br \/>\nDovrai contrastare la paura dentro te stesso e nelle altre persone. Non attribuire a te stesso condanne per il fatto di avere paura, perch\u00e9 \u00e8 naturale. \u00c8 normale. \u00c8 da aspettarselo. Come potreste guardare le Grandi Onde del cambiamento e non sentirvi immensamente minacciati e sconcertati da loro? Ma questa reazione, anche se normale, non pu\u00f2 essere la vostra reazione totale. Dovete muovervi al di l\u00e0 della paura e dell\u2019apprensione per ottenere forza e oggettivit\u00e0 superiori e un impegno superiore. Dovete muovervi fuori dal punto di vista patetico della vostra mente personale e ancorarvi nella pi\u00f9 profonda intelligenza interiore che non \u00e8 spaventata dal futuro, che non \u00e8 spaventata da qualsiasi cosa che potrebbe arrivare.<br \/>\nQuesta \u00e8 la grande forza che il Nuovo Messaggio vi rivela. Perch\u00e9 per quale motivo sarebbe rivelato un futuro difficile se questa forza superiore non fosse rivelata al fine di affrontarlo e di contrastarlo? Grandi tempi richiamano grande forza. Grandi eventi creano grandi individui e grandi relazioni. La grandezza che voi portate non emerger\u00e0 mai sotto circostanze casuali oppure normali. Deve essere chiamata fuori da voi attraverso grandi eventi e grandi bisogni. Deve esigere che voi facciate delle cose che sareste stati troppo pigri oppure indolenti per fare in precedenza. Vi deve forzare a guardare il mondo oggettivamente. Vi deve forzare a prepararvi per un futuro che non potete neanche vedere in questo momento.<br \/>\nQuesto porta la reale possibilit\u00e0 per la realizzazione dell\u2019anima a voi che siete venuti nel mondo per affrontare le Grandi Onde del cambiamento, per vivere in questo tempo di spaccatura e questo tempo di gravit\u00e0 e opportunit\u00e0. Non \u00e8 un incidente che siete qua in questo tempo. La Conoscenza dentro di voi \u00e8 preparata per quello che deve arrivare e vi stava preparando tutto il tempo per affrontare le grandi soglie che sono adesso sul mondo.<br \/>\nQuesto Insegnamento non \u00e8 solamente per il vostro intelletto. Non \u00e8 solamente per dare comprensione e prospettiva. \u00c8 per accendere una pi\u00f9 profonda potenza spirituale dentro di voi e un pi\u00f9 profondo impegno\u2014il pi\u00f9 profondo impegno che vi ha portato nel mondo. Questo Insegnamento e questa Rivelazione non sono semplicemente designati a creare materiale per voi affinch\u00e9 lo discutiate con i vostri amici, per speculare su di esso oppure discutere e dibattere. Se quello \u00e8 tutto ci\u00f2 che fate con esso, vi sarete persi il suo grande dono. Non avrete capito il suo scopo e il suo intento.<br \/>\nQuesto \u00e8 per accendere un pi\u00f9 profondo impegno. Questo \u00e8 per riverberare con La Conoscenza dentro di voi che siete venuti nel mondo per dare, che siete venuti nel mondo per essere nel mondo in questo tempo sotto queste circostanze. Questo va al di l\u00e0 delle tue nozioni riguardo te stesso\u2014la tua identit\u00e0, come spieghi te stesso, le tue circostanze, il tuo nome, il tuo aspetto, i tuoi interessi, i tuoi hobby, le tue relazioni e tutto.<br \/>\nQuesto parla alla tua pi\u00f9 profonda natura\u2014la tua pi\u00f9 profonda e superiore realt\u00e0. Perch\u00e9 il Cielo non sar\u00e0 ritrovato nel mondo. Deve essere portato qua. Deve essere dimostrato attraverso il dare delle persone e attraverso relazioni autentiche e servizio genuino al mondo. Questo \u00e8 come il Cielo \u00e8 portato sulla Terra. Questa \u00e8 la tua responsabilit\u00e0 superiore. Il mondo adesso ti sta dando la pi\u00f9 grande opportunit\u00e0 per la sua realizzazione e la sua espressione.<\/p>\n","protected":false},"excerpt":{"rendered":"<p>Ci sono Grandi Onde di cambiamento che stanno arrivando nel mondo. Saranno diverse da qualsiasi cosa che l\u2019umanit\u00e0 nel suo complesso abbia mai dovuto affrontare in precedenza. Esse sono in gran parte la conseguenza dell\u2019abuso e dell\u2019uso eccessivo da parte dell\u2019umanit\u00e0 del mondo e delle sue risorse. Ma loro anche rappresentano una vera soglia, una\u2026 <a class=\"read-more\" href=\"https:\/\/www.v6.newmessage.org\/it\/about-text-shortcode\"><span>Read More<\/span><\/a><\/p>\n","protected":false},"author":32,"featured_media":0,"parent":13099,"menu_order":1,"comment_status":"closed","ping_status":"closed","template":"template-leftsidebar.php","meta":{"_monsterinsights_skip_tracking":false,"_monsterinsights_sitenote_active":false,"_monsterinsights_sitenote_note":"","_monsterinsights_sitenote_category":0,"footnotes":""},"categories":[473,114,117,76,77,471],"tags":[749,740,745,750,743,748,741,746,744,747,839,742],"_links":{"self":[{"href":"https:\/\/www.v6.newmessage.org\/it\/wp-json\/wp\/v2\/pages\/22015"}],"collection":[{"href":"https:\/\/www.v6.newmessage.org\/it\/wp-json\/wp\/v2\/pages"}],"about":[{"href":"https:\/\/www.v6.newmessage.org\/it\/wp-json\/wp\/v2\/types\/page"}],"author":[{"embeddable":true,"href":"https:\/\/www.v6.newmessage.org\/it\/wp-json\/wp\/v2\/users\/32"}],"replies":[{"embeddable":true,"href":"https:\/\/www.v6.newmessage.org\/it\/wp-json\/wp\/v2\/comments?post=22015"}],"version-history":[{"count":19,"href":"https:\/\/www.v6.newmessage.org\/it\/wp-json\/wp\/v2\/pages\/22015\/revisions"}],"predecessor-version":[{"id":28302,"href":"https:\/\/www.v6.newmessage.org\/it\/wp-json\/wp\/v2\/pages\/22015\/revisions\/28302"}],"up":[{"embeddable":true,"href":"https:\/\/www.v6.newmessage.org\/it\/wp-json\/wp\/v2\/pages\/13099"}],"wp:attachment":[{"href":"https:\/\/www.v6.newmessage.org\/it\/wp-json\/wp\/v2\/media?parent=22015"}],"wp:term":[{"taxonomy":"category","embeddable":true,"href":"https:\/\/www.v6.newmessage.org\/it\/wp-json\/wp\/v2\/categories?post=22015"},{"taxonomy":"post_tag","embeddable":true,"href":"https:\/\/www.v6.newmessage.org\/it\/wp-json\/wp\/v2\/tags?post=22015"}],"curies":[{"name":"wp","href":"https:\/\/api.w.org\/{rel}","templated":true}]}}