{"id":21029,"date":"2014-08-13T15:09:54","date_gmt":"2014-08-13T15:09:54","guid":{"rendered":"http:\/\/www.newmessage.org\/?page_id=21029"},"modified":"2018-02-06T01:49:31","modified_gmt":"2018-02-06T01:49:31","slug":"la-liberta-nella-comunita-piu-grande","status":"publish","type":"page","link":"https:\/\/www.v6.newmessage.org\/it\/il-messaggio\/volume-4\/la-vita-nelluniverso\/la-liberta-nella-comunita-piu-grande","title":{"rendered":"LA LIBERT\u00c0 NELLA COMUNIT\u00c0 PI\u00d9 GRANDE"},"content":{"rendered":"<div><!-- 4.0 --><\/div>\n\n<div class=\"tabgroup \"><ul class=\"tabs\"><li><a href=\"#tabs-1\">Informazioni<\/a><\/li>\n<li><a href=\"#tabs-2\">Nota<\/a><\/li><\/ul>\n <div id=\"tabs-1\"><br \/>\n<em>Come rivelato al Messaggero di Dio<br \/>\nMarshall Vian Summers<br \/>\nIl 12 Giugno 2008<br \/>\nin Boulder, Colorado<\/em><\/p>\n<div class=\"toggle toggle-white\"><h4 class=\"trigger \"><span class=\"t_ico\"><\/span><a href=\"#\">Riguardo a questo testo<\/a><\/h4><div class=\"toggle_container \"><br \/>\n<p>Quello che state leggendo in questo testo \u00e8 la trascrizione della voce originale della Assemblea Angelica cos\u00ec come ha parlato tramite il Messaggero Marshall Vian Summers.<\/p>\n<p>Qua, la comunicazione originale di Dio, che esiste al di l\u00e0 delle parole, \u00e8 tradotta nel linguaggio e nella comprensione umana dall\u2019Assemblea Angelica che veglia sul mondo. Poi l\u2019Assemblea consegna il Messaggio di Dio tramite il Messaggero, dopo di che, la comunicazione \u00e8 trascritta e resa disponibile a voi e a tutto il mondo.<\/p>\n<p>In questo notevole processo, la Voce della Rivelazione sta parlando di nuovo. La Parola e il suono della Voce sono nel mondo. Possiate voi essere i destinatari di questo dono di Rivelazione e possiate essere aperti a ricevere il suo Messaggio unico per voi e per la vostra vita.<\/p>\n<br \/>\n<\/div><\/div><br \/>\n<\/div>\n<div id=\"tabs-2\"><br \/>\n<em>Nota per il Lettore:<br \/>\nQuesta traduzione \u00e8 stata fornita a The Society da uno studente del Nuovo Messaggio che si \u00e8 offerto volontario per tradurre il testo originale in Inglese. Noi rendiamo questa traduzione disponibile al mondo in questa forma iniziale affinch\u00e9 le persone abbiano la possibilit\u00e0 di interagire con una porzione del Nuovo Messaggio nella propria lingua.<\/em><br \/>\n<\/div>\n\t\t\t\t<div align=\"right\">\n\t\t\t<div class=\"fb-like\" data-href=\"\" data-layout=\"button_count\" data-action=\"like\" data-show-faces=\"false\" data-share=\"false\"><\/div>\n\t\t\t<div class=\"fb-share-button\" data-layout=\"button_count\"> <\/div>\n\t\t\t<div class=\"fb_iframe_widget\"><a href=\"https:\/\/twitter.com\/godsnewmessage?ref_src=twsrc%5Etfw\" class=\"twitter-follow-button\" data-show-count=\"false\">Follow @godsnewmessage<\/a><script async src=\"https:\/\/platform.twitter.com\/widgets.js\" charset=\"utf-8\"><\/script><\/div>\n\t\t\t<\/div> <\/div> \n\n<p>La libert\u00e0 \u00e8 rara nella Comunit\u00e0 Pi\u00f9 Grande\u2014 la libert\u00e0 individuale e l\u2019esistenza di societ\u00e0 libere che danno valore al potenziale e alla creativit\u00e0 dell\u2019individuo\u2014in particolare per quanto riguarda la loro correlazione con il benessere di una nazione e di un mondo.<\/p>\n<p>Vi chiederete perch\u00e9 sia cos\u00ec, pensando che lo sviluppo della libert\u00e0 veramente rappresenti il traguardo dell\u2019evoluzione in un senso superiore. Per\u00f2 la libert\u00e0 \u00e8 rara, la libert\u00e0 in qualsiasi societ\u00e0, anche in una societ\u00e0 primitiva. \u00c8 rara per via delle difficolt\u00e0 di vivere nell\u2019ambiente fisico\u2014le sfide della sopravvivenza, dell\u2019acquisizione delle risorse, della competizione con altri, della minaccia della guerra e dell\u2019eliminazione, i problemi della governabilit\u00e0, la dimensione delle civilt\u00e0 e l\u2019emergere della tecnologia. Tutte queste cose, a prescindere da quanto esistano in un qualsiasi mondo o in qualsiasi gruppo, tendono ad essere un fattore limitante per l\u2019attribuzione del valore e il riconoscimento dell\u2019importanza della libert\u00e0 individuale.<\/p>\n<p>I gruppi devono lavorare insieme per sopravvivere e sopravvivere nella Comunit\u00e0 Pi\u00f9 Grande, anche come razza evoluta tecnologicamente, non \u00e8 una prospettiva facile. Se diventate dipendenti da altre nazioni per le risorse essenziali di cui avete bisogno per vivere e funzionare, allora la vostra esistenza \u00e8 sempre minacciata da una qualsiasi interruzione negli scambi e nel commercio o dalla minaccia di esclusione che pu\u00f2 essere calata su di voi da altre nazioni. Perdere la vostra autosufficienza significa spostarvi in una posizione di maggiore insicurezza.<\/p>\n<p>Oggi le persone nel mondo associano la crescita della tecnologia con la crescita della sicurezza e spesso per buonissime ragioni, perch\u00e9 molte persone nel mondo oggi hanno una provvista di cibo garantita e possono avere accesso a risorse che in passato poteva avere solo la nobilt\u00e0. Molta ricchezza e molta stabilit\u00e0 sono state create nelle nazioni che hanno questo genere di affluenza. Ma se le risorse che supportano questa affluenza dovessero iniziare a diminuire, come sta succedendo nel mondo oggi, allora vedreste quanto facilmente la vostra ricchezza, la vostra sicurezza e la vostra stabilit\u00e0 possono anche loro iniziare a diminuire.<\/p>\n<p>La libert\u00e0 non \u00e8 un diritto nell\u2019universo. \u00c8 un privilegio e un lusso. I vostri valori possono avere delle rimostranze riguardo a ci\u00f2, ma le vostre aspettative alla fine si devono adeguare alle circostanze reali della vita. La libert\u00e0 individuale \u00e8 estremamente preziosa, ma non \u00e8 garantita e non la potete rivendicare come un diritto. Sarete scioccati quando scoprirete, quando inizierete a imparare e anche sperimenterete la Comunit\u00e0 Pi\u00f9 Grande, quanto veramente rara sia la libert\u00e0.<\/p>\n<p>La libert\u00e0 in se stessa \u00e8 sempre una cosa relativa. Non avete mai completa libert\u00e0 di movimento e di espressione. In concerto con altri, non potete fare tutto quello che volete o dire tutto quello che volete e questo lo capite. Non avrete mai questa libert\u00e0 se vivrete in associazione con gli altri e se opererete al fine di sopravvivere come gruppo, come nazione e come gente. Pertanto, la libert\u00e0 \u00e8 sempre relativa alle vostre circostanze, alla vostra affluenza e al livello di stabilit\u00e0 e sicurezza che siete stati capaci di stabilire e di mantenere nel tempo.<\/p>\n<p>La libert\u00e0 per l\u2019individuo diventa un problema in termini di stabilit\u00e0. Le nazioni che sono pi\u00f9 democratiche tendono ad essere pi\u00f9 dinamiche internamente e pi\u00f9 creative, ma in un certo senso anche pi\u00f9 instabili. Se gli individui hanno la libert\u00e0 di esprimersi, hanno anche la libert\u00e0 di esercitare potere sociale e cambiare la struttura della loro societ\u00e0. Questo \u00e8 vantaggioso se la societ\u00e0 ha una scorta adeguata di risorse e pu\u00f2 sostenere questa scorta nel tempo. Ma cos\u00ec come l\u2019umanit\u00e0 presto verr\u00e0 a scoprire, quando queste scorte incominciano a diminuire, le circostanze e la concessione della libert\u00e0 anch\u2019esse diminuiscono.<\/p>\n<p>Le nazioni che sono sotto enormi pressioni per fornire le risorse essenziali, generalmente non consentono molta espressione di libert\u00e0 personale. Non se lo possono permettere. Non si possono permettere il disordine sociale che questo crea. Non possono permettersi il dissenso. Non possono permettersi di avere le proprie genti che si oppongono tra loro\u2014lotte e disaccordi interni, fazioni che lavorano le une contro le altre e gruppi di interesse speciale che calpestano i bisogni, i diritti e le preoccupazioni della popolazione generale. Tutto questo crea instabilit\u00e0.<\/p>\n<p>Per questo la libert\u00e0 che deve essere enfatizzata \u00e8 una libert\u00e0 interiore superiore\u2014la libert\u00e0 di trovare una via verso La Conoscenza, l\u2019intelligenza pi\u00f9 profonda che Dio ha messo in voi e in tutta la vita senziente. Perch\u00e9 le vostre circostanze potrebbero esigere grandi limitazioni in quello che potete dire, fare ed esprimere nella vostra societ\u00e0. Anche nel mondo, mentre attraversa le Grandi Onde del cambiamento, questo sar\u00e0 il caso. Pi\u00f9 grande diventa una societ\u00e0, pi\u00f9 vi \u00e8 contenimento della libert\u00e0 personale. Pi\u00f9 una societ\u00e0 si deve stabilizzare per sopravvivere, pi\u00f9 contenimento ci sar\u00e0 sulla libert\u00e0 personale.<\/p>\n<p>In un mondo come il vostro, con una sempre crescente popolazione e un pozzo di risorse che si sta restringendo, potete incominciare a capire come la libert\u00e0 personale in futuro sar\u00e0 limitata, limitata dalle circostanze, limitata dalle necessit\u00e0. Non avrete la ricchezza o il potere sociale per fare le cose che forse potevate fare prima, se vivevate in una nazione affluente. Le persone non fanno questa associazione. Loro non capiscono che depredare le risorse del mondo \u00e8 la cosa che sta, di fatto, creando l\u2019esatto insieme di circostanze che le deruber\u00e0 delle libert\u00e0 e dei vantaggi personali.<\/p>\n<p>Le nazioni che hanno raggiunto uno stato pi\u00f9 stabile, maturo, anch\u2019esse hanno limiti nella libert\u00e0. Ma in societ\u00e0 libere, il potere della creativit\u00e0 per l\u2019individuo \u00e8 ancora altamente considerato. Tuttavia, la libert\u00e0 della gente di essere scellerata, distruttiva e caotica \u00e8 decisamente stata soppressa. La stabilit\u00e0 e la sicurezza della nazione ora diventano essenziali, anche in una societ\u00e0 libera. Cos\u00ec, anche se potete avere la libert\u00e0 di esprimervi e di contribuire con i vostri doni unici per il benessere e il vantaggio di tutti, non avete la libert\u00e0 di essere scellerati, distruttivi o caotici.<\/p>\n<p>Queste cose forse le accoglierete con ansia, ma dovete capire la necessit\u00e0 di questo. Ora che l\u2019umanit\u00e0 incomincia ad affrontare il fatto di essere cresciuta al di l\u00e0 dei propri limiti e delle proprie risorse, vedrete il potere delle necessit\u00e0 della civilt\u00e0 stessa\u2014le necessit\u00e0 della famiglia umana\u2014prevalere sui diritti e i privilegi dei suoi cittadini e vedrete che l\u2019espressione della libert\u00e0 umana deve diventare fondata su una pi\u00f9 profonda fondazione di Conoscenza dentro voi stessi.<\/p>\n<p>Qua l\u2019umanit\u00e0 ha un grande beneficio ed ha la grande opportunit\u00e0 di poter mantenere il valore della libert\u00e0 e creativit\u00e0 individuale al fine di generare il necessario avanzamento in tutti gli aspetti della propria vita. Per\u00f2, per via delle circostanze, perderete molti privilegi in futuro. In questo momento potete utilizzare il vostro mezzo di trasporto personale per andare dove volete, nella maggior parte dei luoghi che volete. In Futuro, non avrete un mezzo di trasporto personale. Semplicemente non sarete in grado di avere questo genere di flessibilit\u00e0, non perch\u00e9 qualcuno vi sta opprimendo, ma perch\u00e9 le risorse non lo permetteranno. Le circostanze non lo permetteranno.<\/p>\n<p>Voi avete creato questa condizione. Tu e tutti gli altri, avete creato questa condizione, questa limitazione. Per il fatto che la civilt\u00e0 umana sar\u00e0 sotto enorme stress ed enorme pericolo, saranno intraprese delle misure estreme per limitare il conflitto e il dissenso interno. In molti casi sar\u00e0 una cosa travagliata. In molti casi sar\u00e0 una cosa anti-progressiva. In molti casi sar\u00e0 una cosa dannosa. Ma voi non potete avere disunit\u00e0 di fronte alle avversit\u00e0 e le affronterete delle grandi avversit\u00e0.<\/p>\n<p>Le nazioni avanzate nella Comunit\u00e0 Pi\u00f9 Grande anch\u2019esse affrontano avversit\u00e0. Nella maggior parte dei casi esse hanno esaurito le risorse naturali dei loro mondi. Esse hanno sviluppato della tecnologia che dipende dal commercio con l\u2019estero e dalla produzione estera. Esse hanno perso la libert\u00e0 di sostenersi da sole, di essere autosufficienti. Ora devono attenersi ai termini e agli accordi impostigli, al fine di poter avere accesso, all\u2019estero, alle risorse di cui hanno bisogno. Ora si devono coinvolgere in imprese di negoziazione complesse e tassanti, imprese di persuasione e di potere nell\u2019ambiente mentale.<\/p>\n<p>Qua potete vedere come il potere e l\u2019affluenza portano alla perdita della libert\u00e0 personale. Iniziano a lavorare nella direzione opposta. La maggior parte delle nazioni che sono divenute tecnologicamente basate, hanno perso la propria libert\u00e0 ed integrit\u00e0 essenziale perch\u00e9 hanno superato la capacit\u00e0 del loro mondo di provvedere per loro. Esse sono anche state convinte, con la seduzione, ad acquisire tecnologie che loro stesse non erano in grado di produrre. Di conseguenza, sono diventate dipendenti da potenze straniere e obbligate a impegnarsi nella complessit\u00e0 del commercio nella Comunit\u00e0 Pi\u00f9 Grande\u2014ora soggette a concili e accordi stabiliti con altre nazioni, soggette ora alle regole d\u2019ingaggio imposte su di loro da altri. Se un mondo diventa sovrappopolato ed esaurisce le proprie risorse, fallir\u00e0 o decliner\u00e0, oppure dovr\u00e0 sottostare alla persuasione di potenze straniere. Questa \u00e8 l\u2019inevitabilit\u00e0 che comporta seguire un percorso avente questa natura.<\/p>\n<p>Nel vostro mondo, tra i ricchi, la libert\u00e0 \u00e8 considerata un diritto e viene presa per scontata. Ma non capite che tutto si basa sull\u2019acquisizione di risorse, sulla ricchezza delle risorse, sulla ricchezza del vostro mondo. Il fatto che non potete semplicemente andare l\u00e0 fuori nell\u2019universo e ottenere tutto quello che qua avete esaurito sulla Terra \u00e8 una realt\u00e0 della vita che non \u00e8 ancora stata riconosciuta. Se fosse riconosciuta, potrebbe significativamente cambiare il comportamento umano e le aspettative umane ed \u00e8 l\u00e0 che sta il potere e la potenza degli insegnamenti che vengono qua presentati.<\/p>\n<p>Non volete portarvi a una posizione di privazione, altrimenti non avrete potere o efficacia nella Comunit\u00e0 Pi\u00f9 Grande. Dovrete essere d\u2019accordo con qualsiasi termine che vi verr\u00e0 offerto per darvi le cose di cui avete bisogno per vivere, proprio le cose che avrete esaurito qua nel mondo. Qua il vostro ambientalismo non si basa semplicemente sull\u2019estetica o sulla spiritualit\u00e0. Si basa sulle indispensabili necessit\u00e0 della vita.<\/p>\n<p>Le nazioni libere nell\u2019universo danno valore all\u2019individuo e si avvalgono dei talenti e delle inclinazioni naturali dell\u2019individuo. Quella \u00e8 la grande differenza tra una nazione libera e una nazione che non \u00e8 libera. In tutti i casi, tuttavia, in ordini sociali superiori, il dissenso, il conflitto e le tendenze distruttive di un individuo sono cose limitate e, in molti casi, soppresse. La grande differenza esiste nel dare valore alle capacit\u00e0 innate dell\u2019individuo e nel supportare l\u2019individuo affinch\u00e9 partecipi nella societ\u00e0 sulla base di quelle capacit\u00e0 innate.<\/p>\n<p>In una nazione che non \u00e8 libera, vi viene semplicemente assegnato un ruolo basato sulla vostra posizione sociale\u2014la posizione della vostra famiglia, la posizione dei vostri genitori, la posizione in termini di quello che la societ\u00e0 esige da voi. Questo non ha nulla a che vedere con i talenti e le capacit\u00e0 individuali. Qua l\u2019unica eccezione in una nazione che non \u00e8 libera viene fatta quando avete, oppure dimostrate, delle capacit\u00e0 di chiaroveggenza. In tale caso potreste essere preparati per operare nei corpi diplomatici, cosa che fa parte di una formazione totalmente diversa. In ogni caso, non siete liberi di scegliere o di determinare il vostro destino in una nazione che non \u00e8 libera. Viene interamente determinato in vostra vece e tale determinazione si basa sulla vostra posizione sociale, non sui vostri talenti o sulle vostre inclinazioni individuali.<\/p>\n<p>In futuro, se l\u2019umanit\u00e0 riuscir\u00e0 a navigare le Grandi Onde del cambiamento, vivrete in un mondo molto pi\u00f9 strutturato. Vivrete in un mondo che avr\u00e0 subito tremendi travagli e privazioni. Le nazioni si dovranno unire tra di loro per poter mantenere il benessere dell\u2019umanit\u00e0. Questo sar\u00e0 un mondo molto diverso dal mondo in cui vivete oggi. Avrete pochissimo potere sociale. Avrete pochissima ricchezza. Avrete pochissima libert\u00e0 di movimento, perch\u00e9 vi sar\u00e0 negata oppure semplicemente perch\u00e9 non avrete le risorse per goderla o utilizzarla. La vita sar\u00e0 molto meno libera di quanto non lo sia oggi nelle societ\u00e0 affluenti. In molte parti del mondo vi sar\u00e0 assegnato lavoro dove ci sar\u00e0 bisogno di voi, senza cura per i vostri talenti e le vostre inclinazioni, a meno che non possediate un insieme speciale di capacit\u00e0.<\/p>\n<p>La gente avr\u00e0 scarsissima ricchezza, ad eccezione di pochissimi. Il consumo sar\u00e0 ridottissimo in confronto a quello che consumate oggi nelle vostre nazioni ricche. Vivrete con una memoria del passato, di tempi migliori, ricordando i tempi della grande affluenza e di maggiore libert\u00e0, maggiore piacere\u2014tempi che non erano offuscati dagli enormi problemi del mondo e dal livello in cui avranno luogo in futuro. Questo futuro non lo potete sfuggire, cos\u00ec come non potete sfuggire alla realt\u00e0 della Comunit\u00e0 Pi\u00f9 Grande.<\/p>\n<p>State seguendo un percorso che la maggior parte delle nazioni hanno seguito\u2014ottenendo capacit\u00e0 tecnologiche mentre le loro crescenti popolazioni esauriscono le risorse naturali del mondo venendo cos\u00ec costrette a privazioni, a maggiore controllo e obbligate a unirsi o crollare del tutto. Guarderete indietro a questo secolo passato, in particolare alle ultime parti del ventesimo secolo, con grande nostalgia. Questo sar\u00e0 vero per molte persone. Avete scialacquato la ricchezza di questo mondo. Non la avete preservata, non la avete sostenuta e ora dovete affrontare le conseguenze. Una parte delle conseguenze sar\u00e0 una tremenda perdita di libert\u00e0. Questo ancora non lo capite perch\u00e9 non avete la saggezza per farlo. Non \u00e8 stato dimostrato.<\/p>\n<p>Ci sono persone che diranno, \u201cBe\u2019, qualsiasi cosa nell\u2019universo sarebbe meglio di quello che abbiamo qua\u201d, ma queste persone non riconoscono quanto completamente sciocca sia questa affermazione. Vivere in un mondo che non \u00e8 libero sarebbe inimmaginabilmente difficile per voi e, dipendentemente dalla severit\u00e0 di tutto ci\u00f2, la vostra vita sarebbe controllata. Se doveste mostrare una deviazione di qualsiasi genere, verreste imprigionati o distrutti. Non avreste alcun diritto di protestare. Potreste avere scarsissime opportunit\u00e0 di migliorare le vostre circostanze o di fare qualche raccomandazione per migliorare le circostanze di tutti. Non avreste la possibilit\u00e0 di scelte personali. Vi verrebbe assegnato un ruolo. Vi verrebbe assegnato il lavoro. Vi potrebbe anche essere assegnato\/a un\/una partner. Potrebbe venirvi proibito di generare una prole se le vostre qualit\u00e0 genetiche non fossero considerate valide. Per avere un figlio dovreste avere una licenza dallo stato. Dovreste avere un\/una partner approvato\/a. I vostri figli vi sarebbero portati via in giovanissima et\u00e0 e istruiti sulla base dei bisogni dello stato. Queste cose sono molto comuni tra le razze tecnologicamente evolute.<\/p>\n<p>Qua potete incominciare a capire che pessima prospettiva sia questa. Tuttavia ci\u00f2 \u00e8 comune nelle grandi societ\u00e0 tecnologiche. Anche nelle societ\u00e0 libere, l\u2019aberrazione individuale e la distruttivit\u00e0 sono cose estremamente limitate. Non si pu\u00f2 essere scellerati e caotici se questo minaccia il benessere e la stabilit\u00e0 della propria nazione.<\/p>\n<p>Qua potete incominciare a capire che i requisiti per vivere nella Comunit\u00e0 Pi\u00f9 Grande, anche se riusciste ad evolvervi e sostenervi come una razza libera, sarebbero molto diversi da quello che state vivendo oggi. Ci sarebbe maggiore benessere sociale, ma non vedreste la ricchezza personale che vedete oggi. Non avreste la libert\u00e0 personale di cui potreste godere oggi. Ci sarebbe abbastanza cibo e ci sarebbero abbastanza scorte mediche, ma la maggior parte degli individui non avrebbe molta ricchezza personale. La vostra libert\u00e0 di scelta sarebbe molto limitata. Se voi aveste un talento unico che fosse riconosciuto, vi verrebbe offerta una possibilit\u00e0 limitatissima di impiego. Questo \u00e8 vero anche nelle nazioni pi\u00f9 libere dell\u2019universo.<\/p>\n<p>Qua potete capire che la vita nell\u2019universo non si basa sui valori umani e che l\u2019enfasi sulla necessit\u00e0 \u00e8 tremenda. Anche in una societ\u00e0 che ha alti valori ed etica, la necessit\u00e0 obbliga ad una certa quantit\u00e0 di conformit\u00e0 verso i bisogni di tutti. Le nazioni libere devono essere unite per sopravvivere, per contrastare l\u2019influenza straniera, per mantenere stabilit\u00e0 e per mantenere la loro sicurezza. Quanto diverso \u00e8 questo dal mondo che vedete oggi\u2014dove le nazioni stanno competendo tra loro, dove c\u2019\u00e8 immensa sofferenza e povert\u00e0, dove ci sono piccoli gruppi di gente ricca che si abbandona senza fine nei propri piaceri e nelle proprie ossessioni.<\/p>\n<p>Questa sarebbe una cosa molto rara in una nazione evoluta dell\u2019universo. Ci pu\u00f2 essere un\u2019elite regnante e questa potrebbe avere dei privilegi e della ricchezza che nessun altro ha, ma in una societ\u00e0 libera, la discrepanza non sarebbe cos\u00ec enorme come quella che vedete oggi e l\u2019abuso di questa ricchezza non sarebbe enorme come quello che vedete oggi. Allora dovete riaggiustare le vostre aspettative, perch\u00e9 l\u2019umanit\u00e0 si sta muovendo in una posizione dove dovr\u00e0 scegliere tra la libert\u00e0 individuale e la stabilit\u00e0 e la sicurezza. Queste cose tenderanno a contrastarsi tra loro e non avrete la ricchezza per abbandonarvi ai livelli che avete raggiunto fin\u2019ora.<\/p>\n<p>Questo \u00e8 il mondo che avete creato. Questo \u00e8 il percorso dell\u2019evoluzione che avete scelto e vi dovrete adattare alle conseguenze. L\u2019adattamento sar\u00e0 molto difficile ma potrebbe essere vantaggioso per voi, perch\u00e9 vi preparer\u00e0 per le realt\u00e0 della vita nella Comunit\u00e0 Pi\u00f9 Grande, dove un mondo come il vostro\u2014custodito da una razza debole e divisa, per quanto talento possa avere\u2014non sopravviverebbe a lungo in presenza di forze superiori. \u00c8 un fatto certo che l\u2019umanit\u00e0 ha raggiunto un punto in cui forze superiori inizieranno ad operare qua.<\/p>\n<p>In precedenza, per delle razze straniere ottenere risorse biologiche dal mondo senza creare delle installazioni in loco fu molto difficile, data la diversit\u00e0 biologica di questo mondo e il fatto che la maggior parte delle razze evolute vive in ambienti completamente o relativamente sterili. Ne consegue che all\u2019umanit\u00e0 \u00e8 stato consentito di evolversi con pochissima interferenza. Ma adesso l\u2019interferenza sta incominciando e sar\u00e0 continua d\u2019ora in avanti.<\/p>\n<p>\u00c8 una transizione molto difficile quella che state iniziando a intraprendere, una che molte razze dovranno affrontare. Questa transizione necessiter\u00e0 cooperazione e unit\u00e0 umana. Non tollerer\u00e0 molto i dissensi indesiderati. Limiter\u00e0 la ricchezza e la libert\u00e0 umana e vi metter\u00e0 sotto crescente pressione e influenza da parte della Comunit\u00e0 Pi\u00f9 Grande stessa.<\/p>\n<p>Potete incominciare a capire che non vi \u00e8 luogo dove potete essere scellerati, non vi \u00e8 luogo dove potete scappare e nascondervi, non vi \u00e8 luogo dove potete vivere nella fantasia con dei sogni di acquisizioni personali. Non andrete l\u00e0 fuori a saccheggiare la Comunit\u00e0 Pi\u00f9 Grande. La Comunit\u00e0 Pi\u00f9 Grande non \u00e8 piena di trib\u00f9 di esseri ignoranti, isolati e primitivi. Al contrario, \u00e8 un ambiente maturo\u2014un ambiente che ha ottenuto enorme stabilit\u00e0, un ambiente che ha conseguito enorme contenimento, un ambiente competitivo, un ambiente di influenza, un ambiente di discernimento\u2014un ambiente con il quale l\u2019umanit\u00e0 dovr\u00e0 contendere sempre di pi\u00f9 d\u2019ora in avanti.<\/p>\n<p>Quando inizieremo a parlare della spiritualit\u00e0 della vita nell\u2019universo, parleremo della libert\u00e0 in un senso pi\u00f9 completo\u2014la potenza e la presenza della Conoscenza dentro di voi, l\u2019intelligenza superiore che Dio ha messo dentro di voi per guidarvi, per proteggervi e per condurvi verso grandi conseguimenti. Questo \u00e8 un genere diverso di libert\u00e0 dalla libert\u00e0 sociale e pu\u00f2 esistere in ambienti dove la libert\u00e0 sociale \u00e8 stata ampiamente limitata. \u00c8 questa libert\u00e0 superiore che ora dovete abbracciare e coltivare, perch\u00e9 vi dar\u00e0 vantaggio e precedenza in un mondo in declino e, come vedrete, questa libert\u00e0 superiore sar\u00e0 immensamente importante per l\u2019umanit\u00e0 nel determinare quale genere di futuro avr\u00e0 in una Comunit\u00e0 Pi\u00f9 Grande di vita intelligente.<\/p>\n","protected":false},"excerpt":{"rendered":"<p>La libert\u00e0 \u00e8 rara nella Comunit\u00e0 Pi\u00f9 Grande\u2014 la libert\u00e0 individuale e l\u2019esistenza di societ\u00e0 libere che danno valore al potenziale e alla creativit\u00e0 dell\u2019individuo\u2014in particolare per quanto riguarda la loro correlazione con il benessere di una nazione e di un mondo. Vi chiederete perch\u00e9 sia cos\u00ec, pensando che lo sviluppo della libert\u00e0 veramente rappresenti\u2026 <a class=\"read-more\" href=\"https:\/\/www.v6.newmessage.org\/it\/about-text-shortcode\"><span>Read More<\/span><\/a><\/p>\n","protected":false},"author":32,"featured_media":0,"parent":13079,"menu_order":6,"comment_status":"closed","ping_status":"closed","template":"template-leftsidebar.php","meta":{"_monsterinsights_skip_tracking":false,"_monsterinsights_sitenote_active":false,"_monsterinsights_sitenote_note":"","_monsterinsights_sitenote_category":0,"footnotes":""},"categories":[110,472,76,77,471],"tags":[749,740,745,750,851,743,748,741,746,744,747,742],"_links":{"self":[{"href":"https:\/\/www.v6.newmessage.org\/it\/wp-json\/wp\/v2\/pages\/21029"}],"collection":[{"href":"https:\/\/www.v6.newmessage.org\/it\/wp-json\/wp\/v2\/pages"}],"about":[{"href":"https:\/\/www.v6.newmessage.org\/it\/wp-json\/wp\/v2\/types\/page"}],"author":[{"embeddable":true,"href":"https:\/\/www.v6.newmessage.org\/it\/wp-json\/wp\/v2\/users\/32"}],"replies":[{"embeddable":true,"href":"https:\/\/www.v6.newmessage.org\/it\/wp-json\/wp\/v2\/comments?post=21029"}],"version-history":[{"count":9,"href":"https:\/\/www.v6.newmessage.org\/it\/wp-json\/wp\/v2\/pages\/21029\/revisions"}],"predecessor-version":[{"id":28323,"href":"https:\/\/www.v6.newmessage.org\/it\/wp-json\/wp\/v2\/pages\/21029\/revisions\/28323"}],"up":[{"embeddable":true,"href":"https:\/\/www.v6.newmessage.org\/it\/wp-json\/wp\/v2\/pages\/13079"}],"wp:attachment":[{"href":"https:\/\/www.v6.newmessage.org\/it\/wp-json\/wp\/v2\/media?parent=21029"}],"wp:term":[{"taxonomy":"category","embeddable":true,"href":"https:\/\/www.v6.newmessage.org\/it\/wp-json\/wp\/v2\/categories?post=21029"},{"taxonomy":"post_tag","embeddable":true,"href":"https:\/\/www.v6.newmessage.org\/it\/wp-json\/wp\/v2\/tags?post=21029"}],"curies":[{"name":"wp","href":"https:\/\/api.w.org\/{rel}","templated":true}]}}