{"id":21017,"date":"2014-08-13T14:37:03","date_gmt":"2014-08-13T14:37:03","guid":{"rendered":"http:\/\/www.newmessage.org\/?page_id=21017"},"modified":"2018-02-06T01:28:50","modified_gmt":"2018-02-06T01:28:50","slug":"una-breve-storia-delle-visitazioni-alla-terra","status":"publish","type":"page","link":"https:\/\/www.v6.newmessage.org\/it\/il-messaggio\/volume-4\/la-vita-nelluniverso\/una-breve-storia-delle-visitazioni-alla-terra","title":{"rendered":"UNA BREVE STORIA DELLE VISITAZIONI ALLA TERRA"},"content":{"rendered":"<div><!-- 4.0 --><\/div>\n\n<div class=\"tabgroup \"><ul class=\"tabs\"><li><a href=\"#tabs-1\">Informazioni<\/a><\/li>\n<li><a href=\"#tabs-2\">Nota<\/a><\/li><\/ul>\n <div id=\"tabs-1\"><br \/>\n<em>Come rivelato al Messaggero di Dio<br \/>\nMarshall Vian Summers<br \/>\nL&#8217;11 Giugno 2008<br \/>\nnegli Stati Uniti d&#8217;America (USA)<\/em><\/p>\n<div class=\"toggle toggle-white\"><h4 class=\"trigger \"><span class=\"t_ico\"><\/span><a href=\"#\">Riguardo a questo testo<\/a><\/h4><div class=\"toggle_container \"><br \/>\n<p>Quello che state leggendo in questo testo \u00e8 la trascrizione della voce originale della Assemblea Angelica cos\u00ec come ha parlato tramite il Messaggero Marshall Vian Summers.<\/p>\n<p>Qua, la comunicazione originale di Dio, che esiste al di l\u00e0 delle parole, \u00e8 tradotta nel linguaggio e nella comprensione umana dall\u2019Assemblea Angelica che veglia sul mondo. Poi l\u2019Assemblea consegna il Messaggio di Dio tramite il Messaggero, dopo di che, la comunicazione \u00e8 trascritta e resa disponibile a voi e a tutto il mondo.<\/p>\n<p>In questo notevole processo, la Voce della Rivelazione sta parlando di nuovo. La Parola e il suono della Voce sono nel mondo. Possiate voi essere i destinatari di questo dono di Rivelazione e possiate essere aperti a ricevere il suo Messaggio unico per voi e per la vostra vita.<\/p>\n<br \/>\n<\/div><\/div>\n<p><\/div>\n<div id=\"tabs-2\"><br \/>\n<em>Nota per il Lettore:<br \/>\nQuesta traduzione \u00e8 stata fornita a The Society da uno studente del Nuovo Messaggio che si \u00e8 offerto volontario per tradurre il testo originale in Inglese. Noi rendiamo questa traduzione disponibile al mondo in questa forma iniziale affinch\u00e9 le persone abbiano la possibilit\u00e0 di interagire con una porzione del Nuovo Messaggio nella propria lingua.<\/em><br \/>\n<\/div>\n\t\t\t\t<div align=\"right\">\n\t\t\t<div class=\"fb-like\" data-href=\"\" data-layout=\"button_count\" data-action=\"like\" data-show-faces=\"false\" data-share=\"false\"><\/div>\n\t\t\t<div class=\"fb-share-button\" data-layout=\"button_count\"> <\/div>\n\t\t\t<div class=\"fb_iframe_widget\"><a href=\"https:\/\/twitter.com\/godsnewmessage?ref_src=twsrc%5Etfw\" class=\"twitter-follow-button\" data-show-count=\"false\">Follow @godsnewmessage<\/a><script async src=\"https:\/\/platform.twitter.com\/widgets.js\" charset=\"utf-8\"><\/script><\/div>\n\t\t\t<\/div> <\/div> \n\n<p>Per capire il presente ed essere preparati per il futuro, ci sono determinate cose del passato che devono essere chiarite e che dovete imparare a capire. La prima \u00e8 che il mondo \u00e8 stato visitato da molto tempo. Queste visitazioni sono state fatte da un certo numero di razze diverse per scopi diversi. Alcune sono venute qua per ottenere campioni biologici dall\u2019immensamente ricca diversit\u00e0 di vita presente nel mondo. Altre sono venute qua a nascondere delle cose, per immagazzinare delle cose all\u2019insaputa delle popolazioni autoctone del mondo. In punti differenti, altre hanno stabilito temporaneamente qua le proprie basi e in alcune occasioni hanno provato, nella storia pi\u00f9 recente, a istruire o influenzare le civilizzazioni umane primordiali.<\/p>\n<p>Queste visitazioni furono brevi e non furono sostenute a lungo. Le basi che furono stabilite qui avevano principalmente il solo scopo di ottenere una maggior comprensione delle realt\u00e0 geologiche e biologiche della terra. I tentativi di influenzare le civilizzazioni iniziali sono risultati infruttuosi. Tuttavia, molto \u00e8 stato imparato circa il mondo naturale qui e molti elementi biologici sono stati prelevati periodicamente dal mondo per sostenere l\u2019emersione di vita altrove.<\/p>\n<p>Quelle razze che sono oggi presenti nel mondo rappresentano un insieme di forze che \u00e8 diverso da coloro che hanno visitato l\u2019umanit\u00e0 nel passato. L\u2019umanit\u00e0 ha vissuto in isolamento durante l\u2019intero corso del proprio sviluppo, con soltanto degli incontri molto brevi con razze da oltre i confini del mondo. Le genti primitive avevano una grande capacit\u00e0 nel riconoscere le forze della natura, ma la loro sofisticazione e comprensione, la loro tecnologia e la loro comunicazione erano cose limitate.<\/p>\n<p>Di conseguenza, con soltanto alcune eccezioni, dei tentativi di comunicare con loro non sono mai stati fatti. Erano ritenuti impreparati per un dialogo significativo. Tuttavia a certi gruppi nativi vennero date nozioni di saggezza circa vita che esiste oltre il mondo. Ci\u00f2 \u00e8 stato dimostrato a loro dalle visitazioni e dal conferimento di doni. Ci\u00f2 \u00e8 esistito nelle nazioni tribali molto prima e, in alcuni casi, anche dopo l\u2019esistenza delle civilt\u00e0 umane iniziali.<\/p>\n<p>Poich\u00e9 la tecnologia \u00e8 una parte molto importante della vita nell\u2019universo, specialmente per quanto riguarda i viaggi e la comunicazione, il tentativo di influenzare queste civilt\u00e0 primordiali si rivel\u00f2 infruttuoso. Si rese necessario attendere fino a molto tempo dopo, affinch\u00e9 l\u2019umanit\u00e0 si potesse sviluppare tecnologicamente e potesse sviluppare le strutture sociali in modo sufficientemente sofisticato e sufficientemente ampio per poter stabilire una maggiore comunicazione.<\/p>\n<p>Per quasi tutte le razze che hanno visitato il mondo nel passato e per quelle razze che sono attualmente qui, il mondo rappresenta una sfida enorme. Vivendo nello spazio per periodi di tempo molto lunghi e in ambienti sterili, le razze che vengono in questo mondo sono affrontate da una difficolt\u00e0 immensa. Il grado e la diversit\u00e0 di agenti biologici presenti nel mondo rendono questo pianeta, bench\u00e9 estremamente predisposto alla vita, molto pericoloso per qualsiasi ospite che non si adatti ad esso. Neppure le razze con una tecnologia molto avanzata possono proteggersi dalla diversit\u00e0 di vita e dal numero di agenti biologici che esistono in questo ambiente terrestre. Ci\u00f2 ha reso, di fatto, la vita nel mondo estremamente difficile e, nella maggior parte dei casi, impossibile per tutte le razze che hanno visitato questo luogo. Ci vorrebbero diverse generazioni per fare s\u00ec che loro si possano adattare a vivere in un ambiente come questo e soltanto con un programma genetico prolungato di legami con le popolazioni autoctone, potrebbero avere una possibilit\u00e0 reale di vivere in un mondo con tali forze biologiche, varie e complesse.<\/p>\n<p>Alla gente potrebbe sembrare strano che il mondo sia cos\u00ec pericoloso per una razza progredita che non si sia evoluta qua. Per\u00f2 \u00e8 comunque vero. Se si vive in un ambiente sterile, si possono visitare altri ambienti sterili, o si possono visitare ambienti dove vi \u00e8 una diversit\u00e0 di vita molto limitata, se si \u00e8 preparati per essi. Le creature biologiche sono vulnerabili alla contaminazione in ogni luogo dell\u2019universo. Non esiste tecnologia, tecnologia medica, che possa proteggere un\u2019entit\u00e0 biologica di qualsiasi genere da nuove ed inaspettate influenze. Questo ha reso il vostro mondo un luogo estremamente difficile da visitare e dove vivere per qualsiasi periodo di tempo, senza una tecnologia molto avanzata. Inoltre mantenere tale tecnologia quando si \u00e8 lontani dalla fonte della propria civilt\u00e0, \u00e8 una cosa molto difficile.<\/p>\n<p>Il mondo non fornisce la tecnologia e i contributi tecnologici che sarebbero necessari a una razza straniera per sostenere un ambiente tecnologico qua per molto tempo e i pericoli di contaminazione sarebbero estremamente grandi. Perch\u00e9 a prescindere da quanto avanzata sia la propria tecnologia, si pu\u00f2 sempre soccombere ad agenti biologici invisibili come i batteri e i virus. Questo rende l\u2019approccio a un mondo come il vostro una prospettiva molto difficile per qualsiasi razza. Anche altre razze che vivono in ambienti di diversit\u00e0 biologica e che sono state in grado di mantenere quegli ambienti senza spogliarli delle loro risorse, troverebbero che questa sia una cosa molto sfidante.<\/p>\n<p>Le visitazioni al mondo sono state brevi e poco frequenti, effettuate da gruppi diversi per scopi diversi. Alcuni sono venuti per ottenere risorse biologiche, altri per sperimentazioni ed alcuni per stabilire una base di influenza. Nessuna di queste visitazioni per\u00f2 \u00e8 riuscita ad essere sostenuta per molto tempo.<\/p>\n<p>In qualit\u00e0 di nascondiglio, il mondo ha offerto a certe razze grandi vantaggi. Il fatto di essere densamente coperto da fogliame in molti luoghi e abitato da indigeni superstiziosi, la cui esistenza era molto locale nell\u2019ambito di alcune aree, ha reso possibile nascondere qua delle cose di grande valore e certe razze hanno approfittato di questo. Anche oggi ci sono cose nascoste nel mondo all\u2019insaputa della consapevolezza umana, cose che sono state qua per moltissimo tempo.<\/p>\n<p>Tuttavia, ora che la tecnologia dell\u2019umanit\u00e0 sta accelerando rapidamente, il rischio che queste cose vengano scoperte \u00e8 aumentato. Molti di questi tesori seppelliti qua molte epoche fa sono stati recentemente prelevati dal mondo, specialmente nell\u2019ultimo secolo. La capacit\u00e0 dell\u2019umanit\u00e0 di discernere l\u2019esistenza di oggetti\u2014metalli e macchinari seppelliti in profondit\u00e0, anche nell\u2019oceano\u2014sta aumentando rapidamente e questo ha reso necessario che alcune razze ritornino sulla terra per prelevare cose di valore che furono immagazzinate qua per molto tempo.<\/p>\n<p>Nonostante le difficolt\u00e0, per qualsiasi razza tecnologicamente avanzata, di visitare o dimorare in questo mondo, questo mondo \u00e8 stato il focus di molte razze per molto tempo per via della sua diversit\u00e0 biologica e la sua posizione strategica in questa parte dell\u2019universo molto abitata. La terra \u00e8 stata osservata da molto tempo. \u00c8 di massimo interesse per gruppi diversi per scopi diversi.<\/p>\n<p>L\u2019ascensione del genere umano e il rapido sviluppo della tecnologia umana nei due secoli scorsi hanno portato nel mondo forze diverse, forze che stanno cercando la possibilit\u00e0 di approfittare e di unirsi all\u2019umanit\u00e0 per ottenere il controllo di un mondo emergente come questo. Con poche eccezioni, questo prima non fu mai il focus, perch\u00e9 l\u2019umanit\u00e0 viveva in uno stato primitivo e non aveva ancora costruito una tecnologia o un sistema di comunicazione che altre razze avrebbero potuto utilizzare o trarre qualche beneficio da esso. Le genti indigene erano interessanti solo per via delle loro capacit\u00e0 adattive e la loro conoscenza dell\u2019ambiente locale. Al di l\u00e0 di questo, non vi era alcuna possibilit\u00e0 di veramente unirsi a loro. Il tentativo, dunque, di unirsi agli esseri umani geneticamente \u00e8 stato un fenomeno recente.<\/p>\n<p>In passato, la terra era stata vista come un magazzino di ricchezza biologica. Tuttavia, tentativi di stabilire residenze permanenti fallirono perch\u00e9 i visitatori furono affetti dall\u2019ambiente biologico. In definitiva anche la loro tecnologia evoluta non fu in grado di proteggerli da queste forze della natura e la possibilit\u00e0 di introdurre agenti biologici alieni nei loro pianeti di origine e nelle loro basi nello spazio dimostr\u00f2 di essere troppo ambiziosa, angosciosa e rischiosa per stabilire qua delle colonie per periodi prolungati. Perch\u00e9 se un agente biologico dovesse infettare un numero di membri di una forza di spedizione, loro potrebbero portare questi agenti ai loro centri operativi, contagiando cos\u00ec chiunque sia coinvolto.<\/p>\n<p>Le persone si sono adattate molto all\u2019ambiente del mondo, ma nella storia del movimento della gente nel mondo, voi avete visto il potere e l\u2019impatto di malattie infettive nella distruzione di intere popolazioni quando genti da diversi continenti sono venute a contatto le une con le altre.<\/p>\n<p>Questo \u00e8 un grandissimo pericolo nello spazio e continua ad essere un grandissimo pericolo. Le razze tecnologiche operano in ambienti sterili. I loro coinvolgimenti reciproci avvengono in ambienti sterili. Il commercio tra le nazioni \u00e8 raramente portato avanti sulla superficie dei loro mondi a meno che tali mondi non siano stati spogliati dai loro agenti biologici, o non siano pianeti che non hanno mai avuto la presenza di un\u2019evoluzione biologica e vengono semplicemente utilizzati come delle basi per le operazioni. Nelle faccende di affari e di commercio nell\u2019universo, il contatto ha sempre luogo a bordo di astronavi di qualche genere o in ambienti che sono ben protetti e sicuri dall\u2019invasione di altri agenti biologici.<\/p>\n<p>La diffusione dei virus \u00e8 stata un problema serio in passato in molte regioni dello spazio, in particolare in regioni molto abitate come la vostra. Questo \u00e8 uno dei motivi per cui le imprese future dell\u2019umanit\u00e0 nello spazio sono viste con tanta apprensione. La possibilit\u00e0 di trattare con gli esseri umani ed essere esposti a un tale livello, inaspettato e senza precedenti, di influenza biologica, viene vista con grande preoccupazione. \u00c8 per questo che chiunque visiti questo mondo, anche adesso, non pu\u00f2 vivere qua e deve prendere enormi precauzioni per proteggersi contro l\u2019ambiente biologico del mondo.<\/p>\n<p>Nelle faccende tra le nazioni dell\u2019universo, la contaminazione \u00e8 un problema molto serio, in particolare in merito alle razze che si sono evolute in ambienti molto diversi e che portano con s\u00e9 agenti biologici che potrebbero essere molto dannosi per gli altri. Come vedrete nel corso di questi insegnamenti, la tecnologia non cancella tutti i pericoli della vita e, in molti casi, ha aumentato significativamente tali pericoli. Per le razze che vivono e viaggiano in ambienti sterili, questo rischio \u00e8 immenso. La contaminazione \u00e8 una preoccupazione primaria per tutte le razze che viaggiano nello spazio e che sono coinvolte nel commercio con altri. Pertanto, mentre il mondo \u00e8 stato ampiamente stimato e visitato molte volte, il tentativo di vivere qua e il tentativo di unirsi geneticamente con le razze che vivono qua si \u00e8 dimostrato estremamente difficile e non \u00e8 stato portato avanti molto a lungo. Il folklore umano e la mitologia umana possono mostrare qualsiasi genere di immagine, ma rimane la realt\u00e0 del fatto che la Terra \u00e8 stata sempre ritenuta, da quelle poche razze che sono al corrente della sua esistenza, un ambiente estremamente pericoloso anche se ricco.<\/p>\n<p>Un altro motivo per cui la Terra non \u00e8 stata visitata molto spesso o da molti gruppi diversi \u00e8 il problema stesso dei viaggi spaziali. Ci sono persone oggi che credono che con i viaggi interdimensionali si possa andare in qualsiasi luogo dell\u2019universo. Per\u00f2 l\u2019esperienza delle razze evolute dell\u2019universo \u00e8 che tali tentativi si sono dimostrati estremamente pericolosi e sfortunati. Spostarsi \u00e8 una cosa molto pi\u00f9 lenta di quanto non si possa pensare. La maggior parte delle razze che viaggiano nello spazio lo fanno nell\u2019ambito di regioni locali. Loro viaggiano solo in regioni locali perch\u00e9 \u00e8 estremamente pericoloso entrare in un territorio governato e supervisionato da altri e se ci si avventura troppo lontano dal proprio pianeta, non si riesce poi a sostenere se stessi nel tempo.<\/p>\n<p>Ci sono molti distretti dove i viaggi e gli scambi sono limitati e sono vietati ad altri. Pertanto, non si pu\u00f2 viaggiare liberamente nell\u2019universo a meno che non ci si trovi in una regione dove lo sviluppo di vita intelligente \u00e8 sparso e limitato e dove non ci sono restrizioni sui viaggi e sugli scambi.<\/p>\n<p>Nella regione dello spazio dove esiste il vostro mondo, che \u00e8 altamente abitata in confronto ad altre regioni, ci sono enormi restrizioni su dove si pu\u00f2 viaggiare, i posti che si possono visitare, chi si pu\u00f2 contattare e i motivi dei contatti. Non potete visitare qualsiasi pianeta, perch\u00e9 sarebbe una violazione dei territori altrui e delle regioni dove altri hanno degli interessi particolari. Non potete viaggiare lungo vie principali di commercio senza il permesso delle entit\u00e0 che le governano.<\/p>\n<p>Questa \u00e8 una situazione molto complessa dove l\u2019umanit\u00e0 non \u00e8 a conoscenza di nulla. La gente pensa che l\u2019universo sia solo un luogo enorme e vuoto che aspetta di essere esplorato, che contiene nuovi mondi con vaste risorse\u2014l\u00e0 che aspettano di essere prese. Invece non dovreste neanche andare troppo al di l\u00e0 di questo sistema solare per scoprire che altri luoghi di valore appartengono gi\u00e0 ad altri e che antiche regole di affari sono da tempo state stabilite in termini di chi pu\u00f2 visitare questi luoghi e chi ha la priorit\u00e0 per farlo. Inoltre, per il fatto che nel vostro universo locale le nazioni hanno creato tali accordi di lunga durata e hanno consolidato una stabilit\u00e0 tra le nazioni e i mondi nel corso di un lungo periodo di tempo, queste regole di affari sono molto fisse, anche se per voi che dovete ancora viaggiare al di l\u00e0 dei vostri confini sono ancora sconosciute.<\/p>\n<p>Pertanto, non \u00e8 che chiunque, da qualsiasi luogo dell\u2019universo, possa venire sulla Terra, perch\u00e9 la Terra si trova in una regione altamente abitata che \u00e8 governata da altri, dove gli scambi e i viaggi sono limitati e supervisionati da entit\u00e0 governative. Anche nell\u2019ambito di questo distretto, distretto inteso come una regione dello spazio, ci sono pochissime razze che sono a conoscenza dell\u2019esistenza di questo mondo, perch\u00e9 loro non hanno mai viaggiato in questa direzione. Quelli che vedono il mondo con ambizione non diranno agli altri della sua esistenza, cercando di non avere ulteriore competizione per quanto riguarda il futuro di questo mondo. Per molte razze che sono a conoscenza del vostro mondo, conoscerlo \u00e8 un segreto\u2014un segreto che tengono per se stessi, non volendo che altri sappiano dell\u2019esistenza di questo bellissimo e biologicamente diversificato pianeta, che \u00e8 governato da un insieme di trib\u00f9 e di gruppi deboli e conflittuali.<\/p>\n<p>Il risultato \u00e8 che il numero di razze nell\u2019universo che \u00e8 al corrente di questo mondo rimane molto limitato. Se il vostro mondo esistesse in una parte dell\u2019universo altamente disabitata, chiunque potrebbe venire qua per qualsiasi scopo e fare quello che vuole. Quello per\u00f2 non \u00e8 il caso del vostro mondo. Altre razze da fuori di questo distretto non possono viaggiare in queste regioni e il segreto di questo mondo \u00e8 serbato e protetto da coloro che sono consapevoli della vostra esistenza e che hanno progetti per il vostro futuro.<\/p>\n<p>Il coinvolgimento dell\u2019umanit\u00e0 con la Comunit\u00e0 Pi\u00f9 Grande, pertanto, \u00e8 stato estremamente limitato fino al punto di un quasi completo isolamento. Quelle razze che hanno visitato il mondo non hanno voluto rivelare n\u00e9 alle genti indigene n\u00e9 alle genti moderne del mondo il proprio scopo, la loro tecnologia e le loro intenzioni. Quelle razze che sono qua per approfittare di un\u2019umanit\u00e0 debole e divisa certamente non lo farebbero. Aspettarvi o esigere che lo facciano rappresenta un\u2019ingenuit\u00e0 e una mancanza di istruzione e di consapevolezza da parte vostra. Anche i vostri potenziali alleati nell\u2019universo, che apprezzano sia il potenziale che le possibilit\u00e0 della famiglia umana, anche loro non vogliono far sapere alle altre razze della vostra esistenza per paura di avere qua ulteriori intrusi, portando ulteriore e maggiore pericolo al futuro e alla libert\u00e0 di un\u2019emergente umanit\u00e0.<\/p>\n<p>L\u2019umanit\u00e0 rimane incontaminata. Rimane una razza isolata. Si sta evolvendo da sola e questa evoluzione ha avuto un\u2019accelerazione. Per\u00f2 l\u2019accelerazione di questa evoluzione non \u00e8 dovuta all\u2019infusione di tecnologia extraterrestre, ma \u00e8 dovuta alla traiettoria stessa, in natura, dell\u2019umanit\u00e0. Solo pochi elementi tecnologici sono stati introdotti nel mondo clandestinamente per sviluppare i sistemi di comunicazione dell\u2019umanit\u00e0, da quelle razze che cercheranno di utilizzare gli stessi, in futuro, per i propri scopi. Per\u00f2, in linea di massima, l\u2019evoluzione dell\u2019umanit\u00e0 e il suo sviluppo tecnologico sono state cose molto lente fino a tempi molto recenti e sono state principalmente il risultato dell\u2019ingegno umano e delle invenzioni umane.<\/p>\n<p>Tuttavia, l\u2019umanit\u00e0 rimane una razza molto primitiva con tendenze primitive e animosit\u00e0 tribali. Altre razze nell\u2019universo riconoscono ci\u00f2 e temono che tali tendenze influenzino le loro nazioni, la maggior parte delle quali sono gerarchiche e unite, dove la libert\u00e0 personale \u00e8 sconosciuta e ampiamente temuta quale forza nociva.<\/p>\n<p>Contrariamente alle aspettative di alcune persone, aspettative di incontrare nazioni altamente evolute, libere e pacifiche, la maggior parte delle societ\u00e0 che sono consapevoli della vostra esistenza e che hanno un interesse in questo mondo funzionano sotto una rigida gerarchia che voi trovereste intollerabile. Solo i vostri pochi alleati che esistono in questa regione rappresentano razze indipendenti e la loro indipendenza deve essere vigilata con massima attenzione. Perch\u00e9 la libert\u00e0 \u00e8 rara nell\u2019universo, cos\u00ec come lo \u00e8 nel vostro mondo. Questa \u00e8 la grande verit\u00e0 che dovrete affrontare, che forse \u00e8 in contrasto con le vostre aspettative, le vostre speranze e i vostri desideri.<\/p>\n<p>Questo, di nuovo, spiega il motivo della relativamente scarsa frequenza delle visite straniere al mondo. Quelli che visitano qua non desiderano che le influenze di culture tribali impattino le loro strutture sociali. Anche l\u2019esistenza della musica e della danza, che hanno costituito una gran parte della cultura intorno al mondo, viene vista da alcune nazioni con grande ansia e paura, non volendo esse avere tali influenze nell\u2019ambito delle proprie strutture sociali. Perch\u00e9 nel visitare un mondo, lo influenzerete e lui influenzer\u00e0 voi. Le razze visitanti influenzeranno voi e voi influenzerete loro e qua l\u2019influenza, anche da parte di trib\u00f9 di persone molto primitive, \u00e8 stata considerata con un certo livello di ansia.<\/p>\n<p>Qua si deve capire che il valore dell\u2019umanit\u00e0 \u00e8 solo preso in considerazione da pochissime razze nel vostro distretto dello spazio e quelle razze che danno valore all\u2019umanit\u00e0 per amore di essa\u2014per i suoi conseguimenti e per il suo potenziale\u2014rappresentano una piccola minoranza delle poche razze che sono al corrente della vostra esistenza. Quelli che lo fanno (NdR: danno valore all\u2019umanit\u00e0) possono essere considerati alleati dell\u2019umanit\u00e0 nella misura in cui supporterebbero e cercherebbero di proteggere l\u2019emersione naturale dell\u2019umanit\u00e0, contro l\u2019influenza di potenze straniere che vogliono corrompere l\u2019umanit\u00e0 e che vogliono cercare di portare l\u2019umanit\u00e0 sotto il controllo e il dominio straniero. Questo \u00e8 il dilemma di vivere in un mondo con un simile immenso valore. L\u2019umanit\u00e0 adesso ha raggiunto un livello di tecnologia che \u00e8 sufficiente affinch\u00e9 altre razze lo possano utilizzare, cos\u00ec adesso la vulnerabilit\u00e0 dell\u2019umanit\u00e0 alla persuasione straniera e all\u2019intromissione \u00e8 enorme.<\/p>\n<p>Le vostre precedenti esperienze nella Comunit\u00e0 Pi\u00f9 Grande non possono veramente aiutarvi. Esse furono estremamente poco frequenti e l\u2019unico resoconto di esse fu tramandato nell\u2019ambito della tradizione orale oppure, in casi rari, in scrittura. Tale storia \u00e8 stata talmente modificata dai riti e dalle credenze umane che non detiene alcun resoconto accurato o diretto dell\u2019intromissione di una presenza straniera nel mondo.<\/p>\n<p>Pertanto, non potete guardare al passato per capire la natura, lo scopo o la realt\u00e0 della presenza straniera e dell\u2019intromissione straniera oggi nel vostro mondo. Avete solo poche tracce di evidenza che vi dicono che la visitazione \u00e8 avvenuta, principalmente tracce che si trovano nelle scritture e nell\u2019arte delle genti indigene di diverse culture e diverse epoche. Per\u00f2 questo non \u00e8 sufficiente per dare una guida. Questo non vi riveler\u00e0 la realt\u00e0 dell\u2019universo intorno a voi, delle forze che esistono l\u00e0 o di quello che l\u2019umanit\u00e0 dovr\u00e0 affrontare e quello con cui dovr\u00e0 aver a che fare in futuro.<\/p>\n","protected":false},"excerpt":{"rendered":"<p>Per capire il presente ed essere preparati per il futuro, ci sono determinate cose del passato che devono essere chiarite e che dovete imparare a capire. La prima \u00e8 che il mondo \u00e8 stato visitato da molto tempo. Queste visitazioni sono state fatte da un certo numero di razze diverse per scopi diversi. Alcune sono\u2026 <a class=\"read-more\" href=\"https:\/\/www.v6.newmessage.org\/it\/about-text-shortcode\"><span>Read More<\/span><\/a><\/p>\n","protected":false},"author":32,"featured_media":0,"parent":13079,"menu_order":0,"comment_status":"closed","ping_status":"closed","template":"template-leftsidebar.php","meta":{"_monsterinsights_skip_tracking":false,"_monsterinsights_sitenote_active":false,"_monsterinsights_sitenote_note":"","_monsterinsights_sitenote_category":0,"footnotes":""},"categories":[110,472,76,77,471],"tags":[749,740,745,750,743,748,741,746,744,747,844,742],"_links":{"self":[{"href":"https:\/\/www.v6.newmessage.org\/it\/wp-json\/wp\/v2\/pages\/21017"}],"collection":[{"href":"https:\/\/www.v6.newmessage.org\/it\/wp-json\/wp\/v2\/pages"}],"about":[{"href":"https:\/\/www.v6.newmessage.org\/it\/wp-json\/wp\/v2\/types\/page"}],"author":[{"embeddable":true,"href":"https:\/\/www.v6.newmessage.org\/it\/wp-json\/wp\/v2\/users\/32"}],"replies":[{"embeddable":true,"href":"https:\/\/www.v6.newmessage.org\/it\/wp-json\/wp\/v2\/comments?post=21017"}],"version-history":[{"count":15,"href":"https:\/\/www.v6.newmessage.org\/it\/wp-json\/wp\/v2\/pages\/21017\/revisions"}],"predecessor-version":[{"id":28307,"href":"https:\/\/www.v6.newmessage.org\/it\/wp-json\/wp\/v2\/pages\/21017\/revisions\/28307"}],"up":[{"embeddable":true,"href":"https:\/\/www.v6.newmessage.org\/it\/wp-json\/wp\/v2\/pages\/13079"}],"wp:attachment":[{"href":"https:\/\/www.v6.newmessage.org\/it\/wp-json\/wp\/v2\/media?parent=21017"}],"wp:term":[{"taxonomy":"category","embeddable":true,"href":"https:\/\/www.v6.newmessage.org\/it\/wp-json\/wp\/v2\/categories?post=21017"},{"taxonomy":"post_tag","embeddable":true,"href":"https:\/\/www.v6.newmessage.org\/it\/wp-json\/wp\/v2\/tags?post=21017"}],"curies":[{"name":"wp","href":"https:\/\/api.w.org\/{rel}","templated":true}]}}