{"id":20897,"date":"2015-08-12T17:43:27","date_gmt":"2015-08-12T17:43:27","guid":{"rendered":"http:\/\/www.newmessage.org\/?page_id=20897"},"modified":"2018-02-05T06:49:35","modified_gmt":"2018-02-05T06:49:35","slug":"in-arrivo-prossimament","status":"publish","type":"page","link":"https:\/\/www.v6.newmessage.org\/it\/il-messaggio\/in-arrivo-prossimament","title":{"rendered":"In arrivo prossimamente\u2026"},"content":{"rendered":"<p>In questo momento, il Messaggero Marshall Vian Summers \u00e8 impegnato nello storico progetto di compilazione dei libri e dei volumi del Nuovo Messaggio da Dio nella sua interezza. Allo stesso tempo, il misterioso processo di Rivelazione continua. Dio continua, attraverso l\u2019Assemblea Angelica, a consegnare Nuove Rivelazioni tramite il Messaggero in questo tempo, Rivelazioni che in definitiva troveranno la strada verso i libri e i volumi del Nuovo Messaggio.<\/p>\n<p>Pertanto, mentre il Messaggero procede in questo storico lavoro di compilazione, e mentre Dio e l\u2019Assemblea Angelica continuano a rivelare sempre di pi\u00f9 attraverso il loro Messaggero, i libri e i volumi disponibili presso www.newmessage.org continueranno a crescere, aprendo nuove dimensioni, conducendoci e preparandoci per i tempi che stanno arrivando.<\/p>\n<p>Stiamo vivendo ora in un tempo di Rivelazione. Siamo benedetti per poter essere testimoni del processo di Rivelazione che si dispiega di fronte ai nostri occhi. Siamo privilegiati per il fatto di poter essere testimoni del Messaggero di Dio che compila un nuovo testamento per l\u2019umanit\u00e0, nel suo tempo e in accordo con la direzione a lui data dal Creatore. Questo \u00e8 in contrasto con il fatto che i libri della Rivelazione del passato non furono compilati e presentati dai loro Messaggeri, nel corso della loro vita, portando cos\u00ec, nel tempo, ai problemi di interpretazione e corruzione dei testi originali.<\/p>\n<p>Ulteriori informazioni riguardo al processo di Rivelazione e di compilazione<\/p>\n<p>Contando oltre 9000 pagine di testo (con circa 1000 Rivelazioni in formato audio alla fonte) il Nuovo Messaggio da Dio \u00e8 la pi\u00f9 grande e pi\u00f9 onnicomprensiva Rivelazione mai data all\u2019umanit\u00e0, data oggi a un mondo letterato di comunicazione globale e di crescente consapevolezza globale.<\/p>\n<p>La portata e la profondit\u00e0 di questo corpo di testo sacro eccede qualsiasi precedente Rivelazione; questa Rivelazione \u00e8 stata data per andare incontro al complesso insieme di necessit\u00e0 e sfide globali che sfidano il nostro mondo moderno adesso, e lo sfideranno in futuro.<\/p>\n<p>Ogni giorno la Societ\u00e0 per il Nuovo Messaggio da Dio (The Society for the New Message from God, che chiameremo anche la Society oppure la Societ\u00e0), tra i suoi tanti altri importanti compiti e le sue limitate risorse, sta lavorando per presentare questa grande Rivelazione, rendendola disponibile al mondo in tutte le lingue possibili (attualmente 20 lingue), in multipli formati (online, stampa, e-book, video), lavorando per renderla disponibile a persone di ogni continente, in ogni paese.<\/p>\n<p>Eppure, allo stesso tempo dietro le quinte, un progetto ancora pi\u00f9 grande \u00e8 in corso. Adesso e negli anni che verranno, il Messaggero si avvicina a conseguire il suo grande compito di compilare il Nuovo Messaggio da Dio nel Libro Unico e presentando questo nuovo testamento al mondo.<\/p>\n<h4>Il Libro Unico del Nuovo Messaggio<\/h4>\n<h4><a href=\"https:\/\/www.newmessage.org\/wp-content\/uploads\/2015\/08\/Volume-1-CD-Cover.jpg\"><img decoding=\"async\" class=\"size-medium imgborder alignright\" src=\"https:\/\/www.newmessage.org\/wp-content\/uploads\/2015\/08\/Volume-1-CD-Cover-172x300.jpg\" alt=\"The New Message from God\" \/><\/a><\/h4>\n<p>&nbsp;<\/p>\n<p>L\u2019Assemblea Angelica ha indicato al Messaggero di unificare il Nuovo Messaggio in un unico testamento per l\u2019umanit\u00e0. Questo testamento sar\u00e0 diviso in volumi: ogni volume diviso in libri; ogni libro \u00e8 diviso in capitoli e il testo di ogni capitolo \u00e8 presentato in versi. Pertanto la futura struttura del Nuovo Messaggio si potr\u00e0 esprimere in questo modo: <strong>Volume &gt; Libro &gt; Capitolo &gt; Verso<\/strong>.<\/p>\n<p>Nel complesso, questi volumi, libri e capitoli in definitiva saranno unificati in un singolo testamento: Il Nuovo Messaggio da Dio.<\/p>\n<p>Nel Nuovo Messaggio, ci sono due generi di libri: quelli dati come libri dalla Fonte e quelli compilati in libri dal Messaggero, da centinaia di Rivelazioni a se stanti.<\/p>\n<p>Queste Rivelazion<a href=\"https:\/\/www.newmessage.org\/wp-content\/uploads\/2015\/08\/Volumes-Books-InfoGraphic.001.jpg\"><img loading=\"lazy\" decoding=\"async\" class=\"imgborder  alignright\" src=\"https:\/\/www.newmessage.org\/wp-content\/uploads\/2015\/08\/Volumes-Books-InfoGraphic.001-279x300.jpg\" alt=\"About the Volumes and Books of the New Message from God\" width=\"250\" height=\"269\" \/><\/a>i a se stanti furono date nel corso di un periodo di 43-anni e, negli anni recenti, il localit\u00e0 intorno al mondo. Queste Rivelazioni a se stanti sono in procinto di essere compilate in libri dal Messaggero, che \u00e8 stato il solo al quale \u00e8 stato dato questo compito di organizzare e presentare il Nuovo Messaggio da Dio. Pertanto, \u00e8 il compito del Messaggero mettere insieme le singole Rivelazioni e unirle con i libri esistenti del Nuovo Messaggio affinch\u00e9 siano un completo testamento per l\u2019umanit\u00e0. Allo stesso tempo, lui deve presentare questo testamento all\u2019umanit\u00e0 e portarlo a individui intorno al mondo che sono pronti a riceverlo. Questo \u00e8 un compito monumentale.<\/p>\n<p>La compilazione dell\u2019intero Nuovo Messaggio \u00e8 un lavoro in corso d\u2019opera intrapreso nel corso di un periodo prolungato di tempo. Allo stesso tempo, la Rivelazione continua ad essere ricevuta, con nuovi insegnamenti che sono dati ogni anno. Ne consegue che la selezione dei capitoli in ogni libro potrebbe variare. Detto ci\u00f2, i titoli dei libri potrebbero anch\u2019essi variare per riflettere la crescente portata di ogni libro.<\/p>\n<p>I libri del Nuovo Messaggio in definitiva saranno contenuti in sei volumi. Ogni volume nel tempo crescer\u00e0 in dimensione mentre Nuove Rivelazioni sono data dalla Fonte e mentre il Messaggero compila nuovi libri e li posiziona nel loro rispettivo volume.<\/p>\n<p>In definitiva i sei volumi saranno uniti in un singolo testamento per l\u2019umanit\u00e0. Questo nuovo testamento conterr\u00e0 ogni parola del Nuovo Messaggio di Dio per il mondo.<\/p>\n<p>Per la prima volta nella storia, il Messaggero stesso sta compilando e presentando il testo puro della Rivelazione di Dio. Qua il Messaggero sigilla in purezza i testi del Nuovo Messaggio di Dio e li d\u00e0 a voi, al mondo e a tutte le genti nel futuro. Che questi testi siano letti oggi o 500 anni da oggi, la comunicazione originale di Dio parler\u00e0 da queste pagine con la stessa intimit\u00e0, purezza e potenza del giorno in cui fu parlata.<\/p>\n<p>Inoltre, un maggior numero di registrazioni audio di queste Rivelazioni parlate sar\u00e0 reso disponibile insieme al testo. Questo dunque offre all\u2019individuo un luogo di intima e personale prossimit\u00e0 all\u2019originale consegna della comunicazione di Dio al mondo, nel giorno, nel luogo e nel momento in cui fu parlata. Notevolmente, per la prima volta nella storia, la Voce della Rivelazione \u00e8 stata preservata e sar\u00e0 disponibile in futuro affinch\u00e9 tutte le genti la sentano.<\/p>\n<p>Questo dono \u00e8 dato al mondo adesso. \u00c8 nato dall\u2019amore del Creatore un grande amore che ha il potere di risvegliare La Conoscenza nel cuore della famiglia umana e di preparare e proteggere l\u2019umanit\u00e0 mentre affronta le sue pi\u00f9 grandi prove in futuro.<\/p>\n<h4>Libri Online<\/h4>\n<p>La Societ\u00e0 per il Nuovo Messaggio da Dio (The Society for the New Message from God, che chiameremo anche la Society oppure la Societ\u00e0) sta lavorando per rendere disponibile il Nuovo Messaggio gratuitamente online a tutto il mondo. In questo momento un certo numero di libri del Nuovo Messaggio sono disponibili gratuitamente presso <a href=\"http:\/\/www.NewMessage.org\">www.NewMessage.org<\/a> dove potete esplorare la biblioteca di libri gratuiti online.<\/p>\n<p><strong>Libri in formato cartaceo<\/strong><\/p>\n<p>La Society oggi offre alcuni dei libri del Nuovo Messaggio in formato cartaceo (per ora solo in lingua Inglese). Tuttavia, a causa dell\u2019immensa dimensione del Nuovo Messaggio, la Society non \u00e8 ancora in grado di mettere in stampa tutti e sei i volumi del Nuovo Messaggio in questo momento. Per acquistare una copia in Inglese dei libri del Nuovo Messaggio attualmente disponibili potete visitare il New Knowledge Library Store.<\/p>\n<p><strong>CD e file Audio mp3<\/strong><\/p>\n<p>Certe Rivelazioni relative alla formazione nel Nuovo Messaggio sono disponibili a pagamento in formato CD o mp3. Per via delle realt\u00e0 finanziarie che raggiungere l\u2019intero mondo con il Nuovo Messaggio comporta, la Society offre certi Insegnamenti in vendita a un costo modesto presso il New Knowledge Library Store.<\/p>\n<p><strong>Il Progetto del Libro Gratuito<\/strong><\/p>\n<p>Con maggiore supporto finanziario, la Society sar\u00e0 in grado di rendere ulteriori insegnamenti di saggezza disponibili gratuitamente online. In aggiunta, il Progetto del Libro Gratuito della Society offre una copia personale gratuita dei libri attualmente disponibili e file mp3 delle Rivelazioni del Nuovo Messaggio a chi non ha i mezzi per acquistarli. Vi invitiamo a fare una donazione per supportare il Progetto del Libro Gratuito affinch\u00e9 pi\u00f9 persone bisognose possano avere accesso al Nuovo Messaggio da Dio.<\/p>\n<p><strong>Pubblicazioni Future<\/strong><\/p>\n<p>La Societ\u00e0 continuer\u00e0 a mandare avanti la sua visione di pubblicare la totalit\u00e0 del Nuovo Messaggio da Dio, nei suoi libri e volumi, e forse un giorno come un unico libro, semplicemente chiamato: \u201cIl Nuovo Messaggio da Dio.\u201d Questa \u00e8 una impresa enorme per la quale La Societ\u00e0 ha bisogno del vostro contributo e della vostra partecipazione. Per favore considerate la possibilit\u00e0 di fare una donazione o di diventare un Pilastro del Nuovo Messaggio per supportare questa sacra causa. Vi ringraziamo per il vostro supporto.<\/p>\n","protected":false},"excerpt":{"rendered":"<p>In questo momento, il Messaggero Marshall Vian Summers \u00e8 impegnato nello storico progetto di compilazione dei libri e dei volumi del Nuovo Messaggio da Dio nella sua interezza. Allo stesso tempo, il misterioso processo di Rivelazione continua. Dio continua, attraverso l\u2019Assemblea Angelica, a consegnare Nuove Rivelazioni tramite il Messaggero in questo tempo, Rivelazioni che in\u2026 <a class=\"read-more\" href=\"https:\/\/www.v6.newmessage.org\/it\/il-messaggio\/in-arrivo-prossimament\"><span>Read More<\/span><\/a><\/p>\n","protected":false},"author":24,"featured_media":0,"parent":15090,"menu_order":16,"comment_status":"closed","ping_status":"closed","template":"template-leftsidebar.php","meta":{"_monsterinsights_skip_tracking":false,"_monsterinsights_sitenote_active":false,"_monsterinsights_sitenote_note":"","_monsterinsights_sitenote_category":0,"footnotes":""},"categories":[],"tags":[749,740,745,750,825,743,748,741,746,744,747,742],"_links":{"self":[{"href":"https:\/\/www.v6.newmessage.org\/it\/wp-json\/wp\/v2\/pages\/20897"}],"collection":[{"href":"https:\/\/www.v6.newmessage.org\/it\/wp-json\/wp\/v2\/pages"}],"about":[{"href":"https:\/\/www.v6.newmessage.org\/it\/wp-json\/wp\/v2\/types\/page"}],"author":[{"embeddable":true,"href":"https:\/\/www.v6.newmessage.org\/it\/wp-json\/wp\/v2\/users\/24"}],"replies":[{"embeddable":true,"href":"https:\/\/www.v6.newmessage.org\/it\/wp-json\/wp\/v2\/comments?post=20897"}],"version-history":[{"count":27,"href":"https:\/\/www.v6.newmessage.org\/it\/wp-json\/wp\/v2\/pages\/20897\/revisions"}],"predecessor-version":[{"id":27429,"href":"https:\/\/www.v6.newmessage.org\/it\/wp-json\/wp\/v2\/pages\/20897\/revisions\/27429"}],"up":[{"embeddable":true,"href":"https:\/\/www.v6.newmessage.org\/it\/wp-json\/wp\/v2\/pages\/15090"}],"wp:attachment":[{"href":"https:\/\/www.v6.newmessage.org\/it\/wp-json\/wp\/v2\/media?parent=20897"}],"wp:term":[{"taxonomy":"category","embeddable":true,"href":"https:\/\/www.v6.newmessage.org\/it\/wp-json\/wp\/v2\/categories?post=20897"},{"taxonomy":"post_tag","embeddable":true,"href":"https:\/\/www.v6.newmessage.org\/it\/wp-json\/wp\/v2\/tags?post=20897"}],"curies":[{"name":"wp","href":"https:\/\/api.w.org\/{rel}","templated":true}]}}