{"id":19248,"date":"2015-07-10T20:38:50","date_gmt":"2015-07-10T20:38:50","guid":{"rendered":"http:\/\/www.newmessage.org\/?page_id=19248"},"modified":"2018-02-04T23:46:59","modified_gmt":"2018-02-04T23:46:59","slug":"il-nuovo-messaggio-di-dio-per-il-mondo","status":"publish","type":"page","link":"https:\/\/www.v6.newmessage.org\/it\/il-messaggio\/volume-1\/dio-ha-parlato-di-nuovo\/il-nuovo-messaggio-di-dio-per-il-mondo","title":{"rendered":"Il Nuovo Messaggio di Dio per il Mondo"},"content":{"rendered":"<div><!-- 4.1 Verse --><\/div>\n\n<div class=\"tabgroup \"><ul class=\"tabs\"><li><a href=\"#tabs-1\">Ascolta<\/a><\/li>\n<li><a href=\"#tabs-2\">Nota<\/a><\/li><\/ul>\n <div id=\"tabs-1\"><br \/>\nAscolta la Voce della Rivelazione Originale in Inglese:<\/p>\n<div id=\"jquery_jplayer_1\" class=\"jp-jplayer\"><\/div>\n\t\t\t\t<div id=\"jp_container_1\" class=\"jp-audio\">\n\t\t\t\t<div class=\"jp-type-single\"><div class=\"jp-control\"><a href=\"javascript:;\" class=\"jp-play\" tabindex=\"1\">play<\/a><a href=\"javascript:;\" class=\"jp-pause\" tabindex=\"1\">pause<\/a><\/div> <div class=\"jp-gui jp-interface\"><div class=\"jp-volume\"><div class=\"jp-volume-bar\"><div class=\"jp-volume-bar-value\"><\/div><\/div><\/div><div class=\"jp-progress\"><div class=\"jp-seek-bar\"><div class=\"jp-play-bar\"><\/div><\/div><\/div><\/div>\t\t\t\t\t<div class=\"jp-no-solution\"><span>Update Required<\/span>To play the media you will need to either update your browser to a recent version or update your <a href=\"http:\/\/get.adobe.com\/flashplayer\/\" target=\"_blank\">Flash plugin<\/a>.<\/div><\/div><\/div>\n\t\t\t<script type='text\/javascript'>\n\t\t\t\tjQuery(document).ready(function() {\n\t\t\t\t\tif (typeof (sermonMedia) == 'function') {\n\t\t\t\t\t\tsermonMedia.addAudio('', \"jquery_jplayer_1\");\n\t\t\t\t\t}\n\t\t\t\t\tjQuery.jPlayer.timeFormat.showHour = true;\n\t\t\t\t\tjQuery(\"#jquery_jplayer_1\").jPlayer({\n\t\t\t\t\t\tready: function(event) {\n\t\t\t\t\t\t\tjQuery(this).jPlayer(\"setMedia\", {mp3: 'https:\/\/www.newmessage.org\/av\/gods-new-message-for-the-world.mp3'});\n\t\t\t\t\t\t},\n\t\t\t\t\t\tplay: function() {\n\t\t\t\t\t\t\tjQuery(this).jPlayer(\"pauseOthers\");\n\t\t\t\t\t\t},\n\t\t\t\t\t\tswfPath: ThemeData.directory_uri+\"\/swf\",\n\t\t\t\t\t\tsolution: \"html, flash\",\n\t\t\t\t\t\tpreload: \"metadata\",\n\t\t\t\t\t\twmode: \"window\",\n\t\t\t\t\t\tsupplied: \"mp3\",\n\t\t\t\t\t\tcssSelectorAncestor: '#jp_container_1'\n\t\t\t\t\t});\n\t\t\t\t});\n\t\t\t<\/script><\/p>\n<p><a title=\"God's New Message for the World\" href=\"https:\/\/www.newmessage.org\/av\/gods-new-message-for-the-world.mp3\">Download<\/a> (clicca tasto destro del mouse)<\/p>\n<p><em>Come rivelato al Messaggero di Dio<br \/>\nMarshall Vian Summers<br \/>\nIl 28 Febbraio 2011<br \/>\nin Boulder, Colorado<\/em><\/p>\n<div class=\"toggle toggle-white\"><h4 class=\"trigger \"><span class=\"t_ico\"><\/span><a href=\"#\">Note riguardo a questa registrazione<\/a><\/h4><div class=\"toggle_container \"><br \/>\n<p>Quella che state sentendo in questa registrazione \u00e8 la voce della <u>Assemblea <\/u>Angelica che sta parlando tramite il <u>Messaggero <\/u>Marshall Vian Summers.<\/p>\n<p>Qua, la comunicazione originale di Dio, che esiste al di l\u00e0 delle parole, \u00e8 tradotta nel linguaggio e nella comprensione umana dall\u2019Assemblea Angelica che veglia sul mondo. Poi l\u2019Assemblea consegna il Messaggio di Dio tramite il Messaggero.<\/p>\n<p>In questo notevole processo, la Voce della Rivelazione sta parlando di nuovo. La Parola e il suono della Voce sono nel mondo. Per la prima volta nella storia, la registrazione dell\u2019originale rivelazione parlata \u00e8 disponibile affinch\u00e9 voi e il mondo la possiate sentire.<\/p>\n<p>Possiate voi essere i destinatari di questo dono di Rivelazione e possiate essere aperti a ricevere il suo Messaggio unico per voi e per la vostra vita.<\/p>\n<br \/>\n<\/div><\/div>\n<p><\/div>\n<div id=\"tabs-2\"><br \/>\n<em>Nota per il Lettore:<br \/>\nQuesta traduzione \u00e8 stata fornita a The Society da uno studente del Nuovo Messaggio che si \u00e8 offerto volontario per tradurre il testo originale in Inglese. Noi rendiamo questa traduzione disponibile al mondo in questa forma iniziale affinch\u00e9 le persone abbiano la possibilit\u00e0 di interagire con una porzione del Nuovo Messaggio nella propria lingua.<\/em><br \/>\n<\/div>\n\t\t\t\t<div align=\"right\">\n\t\t\t<div class=\"fb-like\" data-href=\"\" data-layout=\"button_count\" data-action=\"like\" data-show-faces=\"false\" data-share=\"false\"><\/div>\n\t\t\t<div class=\"fb-share-button\" data-layout=\"button_count\"> <\/div>\n\t\t\t<div class=\"fb_iframe_widget\"><a href=\"https:\/\/twitter.com\/godsnewmessage?ref_src=twsrc%5Etfw\" class=\"twitter-follow-button\" data-show-count=\"false\">Follow @godsnewmessage<\/a><script async src=\"https:\/\/platform.twitter.com\/widgets.js\" charset=\"utf-8\"><\/script><\/div>\n\t\t\t<\/div> <\/div> \n\n<p>\u00c8 tempo di ricevere un Nuovo Messaggio da Dio. \u00c8 tempo di ricevere il dono, la potenza e la benedizione. \u00c8 tempo di riconoscere che Dio ha parlato di nuovo, dopo un cos\u00ec lungo silenzio.<\/p>\n<p>Perch\u00e9 l\u2019umanit\u00e0 sta ora affrontando le Grandi Onde del cambiamento\u2014grande cambiamento ambientale, economico e sociale. Sta affrontando le sue pi\u00f9 grandi sfide, i suoi pi\u00f9 difficili ostacoli e il suo pi\u00f9 grande appello per unit\u00e0 e cooperazione.<\/p>\n<p>Ricevi allora il Nuovo Messaggio e portalo nel cuore. Fai di lui il tuo studio. Fai di lui la tua enfasi. Non condannarlo o disputarlo, altrimenti non sarai in grado di ricevere la potenza e la grazia, la saggezza e la forza che lui dona.<\/p>\n<p>Vedi ora il mondo presso un grande punto di svolta, dove un sempre crescente numero di persone berr\u00e0 da un pozzo che si ritira lentamente. Guarda al di l\u00e0 dell\u2019orizzonte e non semplicemente nel vicino futuro e l\u00e0 vedrai le Grandi Onde che aumentano. Vedrai che l\u2019umanit\u00e0 dovr\u00e0 cambiare e adattarsi a una nuova serie di circostanze e che la natura, cos\u00ec a lungo ignorata e malignata, sar\u00e0 lei ora a definire le regole del gioco.<\/p>\n<p>\u00c8 il tempo di grande valutazione. \u00c8 un tempo di grande resa dei conti. Non \u00e8 la fine per l\u2019umanit\u00e0, ma \u00e8 un grande punto di svolta. Ed esso rappresenta un nuovo inizio\u2014un nuovo inizio che non pu\u00f2 essere evitato o trascurato.<\/p>\n<p>Gli sciocchi persisteranno. I ciechi continueranno a pensare che il futuro sar\u00e0 come il passato e quelli che sono inconsapevoli proclameranno di sapere cosa deve essere fatto per il mondo.<\/p>\n<p>Ma a prescindere da tutti i pi\u00f9 grandi e pi\u00f9 accurati pronunciamenti e teorie, voi dovete avere una Nuova Rivelazione, altrimenti gli ostacoli saranno troppo grandi e troppo formidabili, i pericoli troppo soffocanti, lo spirito umano troppo debole e troppo diffranto, le nazioni troppo divise e troppo egoiste e litigiose.<\/p>\n<p>\u00c8 un tempo in cui l\u2019umanit\u00e0 deve ripensare alla sua posizione nel mondo e spostare le sue priorit\u00e0 dalla crescita e l\u2019espansione alla stabilit\u00e0 e la sicurezza per il benessere del mondo e per le genti del mondo.<\/p>\n<p>\u00c8 quel tempo che impone visione, un tempo che sfider\u00e0 coloro che hanno costruito le loro carriere sulle loro teorie e sui loro sistemi di credenze; un tempo in cui il benessere dei tuoi figli e dei loro figli dovr\u00e0 essere considerato seriamente anzich\u00e9 essere semplicemente ipotizzato; un tempo in cui le risorse del mondo dovranno essere preservate anzich\u00e9 semplicemente scialacquate e usate all\u2019eccesso; un tempo in cui i bisogni delle nazioni pi\u00f9 povere influenzeranno direttamente il benessere delle nazioni pi\u00f9 forti; un tempo per cessare i vostri interminabili conflitti per creare un\u2019infrastruttura che possa sostenere la famiglia umana.<\/p>\n<p>Le nazioni dovranno cooperare, altrimenti saranno in crescente rischio e pericolo. Le risorse diventeranno sempre pi\u00f9 costose e difficili da acquisire. La produzione del cibo sar\u00e0 persa. Il clima del mondo sta cambiando. La tecnologia da sola non sar\u00e0 in grado di accomodare molte delle sfide a venire.<\/p>\n<p>Per questo c\u2019\u00e8 una Nuova Rivelazione, un Nuovo Messaggio da Dio perch\u00e9 l\u2019umanit\u00e0 non sa e non ha reagito sufficientemente\u2014eccetto forse con pochi individui eccezionali\u2014allo spettro del cambiamento che \u00e8 su di voi e davanti a voi.<\/p>\n<p>Non \u00e8 solo una questione di adattamento. \u00c8 questione di fondamentale cambiamento\u2014un cambiamento di cuore, un cambiamento di approccio, un cambiamento di attitudine. Perch\u00e9 quello che ha funzionato prima potrebbe non funzionare adesso. Quello che \u00e8 stato ipotizzato potrebbe essere inefficace e inadeguato. Tutto dovr\u00e0 essere riconsiderato.<\/p>\n<p>La Rivelazione riveler\u00e0 questo e il motivo per cui questo \u00e8 vero. Parler\u00e0 a ci\u00f2 che coloro che sanno vedere hanno gi\u00e0 attestato e stanno attestando ora. Sar\u00e0 in sintonia con le grandi verit\u00e0 di tutte le vostre religioni e allo stesso tempo riveler\u00e0 cose che non sono mai state rivelate prima. \u00c8 un Messaggio per l\u2019individuo che sta lottando per vedere e per conoscere la verit\u00e0 ed \u00e8 un Messaggio per l\u2019intero mondo, che sta di fronte alle Grandi Onde del cambiamento.<\/p>\n<p>Non \u00e8 questione di essere positivi o negativi. \u00c8 questione di saper vedere o no, questione di avere gli occhi per vedere e le orecchie per sentire. Non \u00e8 questione di orientamento politico o di ideologia o scuola di pensiero. \u00c8 questione di saper vedere o rispondere\u2014non agli eventi di questo giorno, ma anche agli eventi a venire, gli eventi che si stanno dirigendo verso di te, le condizioni del mondo che stanno cambiando sotto i tuoi piedi e che hanno gi\u00e0 cambiato il mondo talmente tanto che state vivendo e affrontando un diverso genere di mondo.<\/p>\n<p>Non \u00e8 il mondo dei tuoi genitori o dei tuoi avi. Non \u00e8 il mondo sopra il quale la civilt\u00e0 \u00e8 stata costruita e resa sicura. Non \u00e8 il mondo sopra il quale la teoria e la filosofia umana si sono evolute in secoli di tempo. \u00c8 un diverso, pi\u00f9 difficile e incerto mondo\u2014un mondo di deterioramento, un mondo di cambiamento, un mondo che neanche la scienza sar\u00e0 in grado di comprendere in pieno, un mondo che \u00e8 il vostro ora.<\/p>\n<p>Avrete bisogno di un\u2019intelligenza superiore per navigare in questo mondo. Avrete bisogno della potenza della Conoscenza nell\u2019individuo per sapere e per vedere quello che deve essere fatto. Avrete bisogno di grande cooperazione tra le genti e le nazioni, altrimenti la sorte sar\u00e0 catastrofica.<\/p>\n<p>Il Nuovo Messaggio fornisce gli elementi chiave e mancanti. Non si rivolger\u00e0 a tutto. Non risolver\u00e0 ogni problema. Non risponder\u00e0 a ogni domanda. Certo che no. Ma vi dar\u00e0 le priorit\u00e0 della vostra vita e le priorit\u00e0 del futuro. Vi metter\u00e0 in grado di prepararvi per cose che voi non potete vedere e che ancora non sapete. Vi dar\u00e0 la forza di riconsiderare le vostre idee e credenze. Ripristiner\u00e0 in voi la forza della visione e con essa gli occhi per vedere e le orecchie per sentire.<\/p>\n<p>Non tutti riceveranno questo. Non tutti risponderanno. Non tutti impareranno e porteranno la testimonianza del Nuovo Messaggio. Certamente no. Ma molti dovranno farlo\u2014in posizioni di leadership, tra la popolazione, in diversi paesi, diverse culture, diverse religioni\u2014perch\u00e9 questo \u00e8 un Messaggio per il mondo.<\/p>\n<p>Non \u00e8 un Messaggio per un paese. Non \u00e8 un Messaggio per un tempo o un singolo evento. Non \u00e8 una reazione alla religione. Non \u00e8 un rifiuto della religione. Non \u00e8 un rifiuto del governo. Non \u00e8 un rifiuto di ci\u00f2 che esiste, ma un\u2019allerta, una benedizione e una preparazione per vivere e per avanzare in un mondo diverso.<\/p>\n<p>Ora non vi potete basare su quello che \u00e8 successo prima. Anche la natura \u00e8 stata cos\u00ec scombussolata che non sarete in grado di affidarvi a certe cose. Le nazioni lotteranno economicamente. Ci sar\u00e0 crescita, ma solo temporaneamente e i bisogni della famiglia umana eccederanno talmente la capacit\u00e0, o perlomeno apparentemente, che soffocheranno qualsiasi progresso che potreste fare.<\/p>\n<p>Questo creer\u00e0 un cambiamento nelle priorit\u00e0. La sicurezza ora non sar\u00e0 semplicemente proteggere una nazione da un\u2019altra. Sar\u00e0 mettere al sicuro la stabilit\u00e0 di grandi popolazioni di gente. Tutti dovranno essere coinvolti in questo in una certa misura. Non \u00e8 solo una questione per i governi o di controllo. \u00c8 per l\u2019intero mondo.<\/p>\n<p>Molta gente sar\u00e0 persa in questa grande transizione. Ma le perdite potranno essere minimizzate e le tragedie potranno essere mitigate. Ci vorr\u00e0 la partecipazione di tutti affinch\u00e9 l\u2019umanit\u00e0 sopravviva le Grandi Onde del cambiamento e si metta nella posizione di costruire un mondo nuovo e pi\u00f9 cooperativo\u2014un mondo basato non sull\u2019interminabile crescita ed espansione, ma sulla stabilit\u00e0 e la sicurezza delle genti del mondo. Sar\u00e0 un futuro molto diverso dal passato e molto diverso dal mondo che vedete in questo momento.<\/p>\n<p>Solo Dio sa che cosa sta arrivando all\u2019orizzonte. Ma vi vengono dati occhi per vedere e orecchie per sentire affinch\u00e9 possiate vedere l\u2019evidenza di questo, oggi e domani e nei giorni a seguire. Non vi viene chiesto di credere, ma di prestare attenzione, di schiarire la vostra mente, aprire la vostra percezione. Il meno sofisticato tra voi pu\u00f2 capire che i venti stanno cambiando, mentre gli esperti continuano a discutere le realt\u00e0 del passato. Non \u00e8 una questione di brillantezza intellettuale. \u00c8 una questione di attenzione e chiarezza, visione e discernimento.<\/p>\n<p>Molta gente fallir\u00e0. Molta gente negher\u00e0. Molta gente eviter\u00e0 la realt\u00e0, perch\u00e9 questa \u00e8 una delle grandi debolezze dell\u2019umanit\u00e0. Pertanto, quelli che sono forti, quelli che sono limpidi, quelli che sanno vedere, quelli che sono votati a servire un mondo che cambia saranno sempre pi\u00f9 importanti in futuro, in qualsiasi posizione che assumeranno in una cultura e una societ\u00e0.<\/p>\n<p>Per questo la Rivelazione deve essere data. Non \u00e8 un\u2019invenzione umana. Non \u00e8 il prodotto del pensiero o dell\u2019immaginazione di un uomo. Proprio no. Non \u00e8 una rivoluzione contro il pensiero religioso per come esiste oggi. \u00c8 interamente nuova. Non arriva per condannare, ma per correggere e per darvi la potenza di creare. \u00c8 un Messaggio per il mondo.<\/p>\n<p>I cieli in oscuramento aumentano. Le difficolt\u00e0 dell\u2019umanit\u00e0 aumentano. I governi diventeranno impotenti di fronte a tutto questo se non saranno guidati da una visione superiore e un impegno superiore.<\/p>\n<p>L\u2019Umanit\u00e0 sta ancora emergendo da uno stato primitivo, uno stato tribale, a una comunit\u00e0 mondiale. \u00c8 una transizione molto difficile e pericolosa, ma deve succedere, come deve succedere in tutti i mondi nell\u2019universo dove la vita intelligente si \u00e8 evoluta.<\/p>\n<p>Ora state affrontando queste grandi e difficili transizioni, da societ\u00e0 tribali e guerrafondaie a una comunit\u00e0 mondiale\u2014una comunit\u00e0 basata sulla necessit\u00e0 e non semplicemente su ideologia, una comunit\u00e0 basata sul mettere al sicuro e proteggere il mondo dal collasso interno e proteggerlo dall\u2019intromissione straniera proveniente dall\u2019universo intorno a voi.<\/p>\n<p>\u00c8 un mondo diverso dal mondo al quale pensate oggi, ma \u00e8 un mondo al passo con la natura, perch\u00e9 la natura non \u00e8 cambiata. Il mondo \u00e8 cambiato, ma l\u2019umanit\u00e0 non \u00e8 cambiata con lui. E ora state entrando in un nuovo territorio. Straniero e pericoloso \u00e8 esso. Servir\u00e0 applicare grande attenzione mentre procederete dentro il futuro.<\/p>\n<p>Che cosa guider\u00e0 la percezione umana? Che cosa informer\u00e0 le decisioni della gente? Per questo c\u2019\u00e8 una Nuova Rivelazione, portata nel mondo da un uomo con un piccolo gruppo di assistenti. Egli \u00e8 il Messaggero per questo tempo, ma egli non calzer\u00e0 le aspettative di un superuomo. Egli non avr\u00e0 poteri magici. Egli non sar\u00e0 carismatico. Egli non sar\u00e0 divertente. Ma egli \u00e8 il Messaggero ed \u00e8 la sua vita che \u00e8 stata il veicolo per la trasmissione di un Nuovo Messaggio da Dio.<\/p>\n<p>Allora ricevete. Ascoltate. Aprile le vostre menti. Voi non potete navigare nel futuro senza questa Rivelazione superiore. Non sarete preparati. Non vi preparerete in tempo. Non sarete in grado di convincere altri a rispondere.<\/p>\n<p>Dio ama il mondo e ha dato all\u2019umanit\u00e0 grandi Insegnamenti in importanti punti di svolta per stabilire la civilt\u00e0 umana e liberare la gente dall\u2019identit\u00e0 tribale, per consentire alla civilt\u00e0 di evolversi e crescere a prescindere da molte tragedie ed errori.<\/p>\n<p>Ora vi state spostando da una civilt\u00e0 a una comunit\u00e0 mondiale, perch\u00e9 solo questo fornir\u00e0 [vera sicurezza] e protegger\u00e0 la famiglia umana in futuro. \u00c8 una transizione alla quale in questo momento pochi sono appena in grado di pensare in modo costruttivo. Ma \u00e8 il vostro destino.<\/p>\n","protected":false},"excerpt":{"rendered":"<p>\u00c8 tempo di ricevere un Nuovo Messaggio da Dio. \u00c8 tempo di ricevere il dono, la potenza e la benedizione. \u00c8 tempo di riconoscere che Dio ha parlato di nuovo, dopo un cos\u00ec lungo silenzio. Perch\u00e9 l\u2019umanit\u00e0 sta ora affrontando le Grandi Onde del cambiamento\u2014grande cambiamento ambientale, economico e sociale. Sta affrontando le sue pi\u00f9\u2026 <a class=\"read-more\" href=\"https:\/\/www.v6.newmessage.org\/it\/about-recording-shortcode\"><span>Read More<\/span><\/a><\/p>\n","protected":false},"author":32,"featured_media":0,"parent":16290,"menu_order":10,"comment_status":"closed","ping_status":"closed","template":"template-leftsidebar.php","meta":{"_monsterinsights_skip_tracking":false,"_monsterinsights_sitenote_active":false,"_monsterinsights_sitenote_note":"","_monsterinsights_sitenote_category":0,"footnotes":""},"categories":[76,30,461,460],"tags":[749,740,745,752,750,763,743,748,741,746,744,747,742],"_links":{"self":[{"href":"https:\/\/www.v6.newmessage.org\/it\/wp-json\/wp\/v2\/pages\/19248"}],"collection":[{"href":"https:\/\/www.v6.newmessage.org\/it\/wp-json\/wp\/v2\/pages"}],"about":[{"href":"https:\/\/www.v6.newmessage.org\/it\/wp-json\/wp\/v2\/types\/page"}],"author":[{"embeddable":true,"href":"https:\/\/www.v6.newmessage.org\/it\/wp-json\/wp\/v2\/users\/32"}],"replies":[{"embeddable":true,"href":"https:\/\/www.v6.newmessage.org\/it\/wp-json\/wp\/v2\/comments?post=19248"}],"version-history":[{"count":24,"href":"https:\/\/www.v6.newmessage.org\/it\/wp-json\/wp\/v2\/pages\/19248\/revisions"}],"predecessor-version":[{"id":28159,"href":"https:\/\/www.v6.newmessage.org\/it\/wp-json\/wp\/v2\/pages\/19248\/revisions\/28159"}],"up":[{"embeddable":true,"href":"https:\/\/www.v6.newmessage.org\/it\/wp-json\/wp\/v2\/pages\/16290"}],"wp:attachment":[{"href":"https:\/\/www.v6.newmessage.org\/it\/wp-json\/wp\/v2\/media?parent=19248"}],"wp:term":[{"taxonomy":"category","embeddable":true,"href":"https:\/\/www.v6.newmessage.org\/it\/wp-json\/wp\/v2\/categories?post=19248"},{"taxonomy":"post_tag","embeddable":true,"href":"https:\/\/www.v6.newmessage.org\/it\/wp-json\/wp\/v2\/tags?post=19248"}],"curies":[{"name":"wp","href":"https:\/\/api.w.org\/{rel}","templated":true}]}}