{"id":19244,"date":"2015-08-24T12:26:46","date_gmt":"2015-08-24T12:26:46","guid":{"rendered":"http:\/\/www.newmessage.org\/?page_id=19244"},"modified":"2018-02-04T23:38:50","modified_gmt":"2018-02-04T23:38:50","slug":"il-sigillo-dei-profeti","status":"publish","type":"page","link":"https:\/\/www.v6.newmessage.org\/it\/il-messaggio\/volume-1\/dio-ha-parlato-di-nuovo\/il-sigillo-dei-profeti","title":{"rendered":"Il Sigillo dei Profeti"},"content":{"rendered":"<div><!-- 4.1 Verse --><\/div>\n\n<div class=\"tabgroup \"><ul class=\"tabs\"><li><a href=\"#tabs-1\">Ascolta<\/a><\/li>\n<li><a href=\"#tabs-2\">Nota<\/a><\/li><\/ul>\n <div id=\"tabs-1\"><br \/>\nAscolta la Voce della Rivelazione Originale in Inglese:<\/p>\n<div id=\"jquery_jplayer_1\" class=\"jp-jplayer\"><\/div>\n\t\t\t\t<div id=\"jp_container_1\" class=\"jp-audio\">\n\t\t\t\t<div class=\"jp-type-single\"><div class=\"jp-control\"><a href=\"javascript:;\" class=\"jp-play\" tabindex=\"1\">play<\/a><a href=\"javascript:;\" class=\"jp-pause\" tabindex=\"1\">pause<\/a><\/div> <div class=\"jp-gui jp-interface\"><div class=\"jp-volume\"><div class=\"jp-volume-bar\"><div class=\"jp-volume-bar-value\"><\/div><\/div><\/div><div class=\"jp-progress\"><div class=\"jp-seek-bar\"><div class=\"jp-play-bar\"><\/div><\/div><\/div><\/div>\t\t\t\t\t<div class=\"jp-no-solution\"><span>Update Required<\/span>To play the media you will need to either update your browser to a recent version or update your <a href=\"http:\/\/get.adobe.com\/flashplayer\/\" target=\"_blank\">Flash plugin<\/a>.<\/div><\/div><\/div>\n\t\t\t<script type='text\/javascript'>\n\t\t\t\tjQuery(document).ready(function() {\n\t\t\t\t\tif (typeof (sermonMedia) == 'function') {\n\t\t\t\t\t\tsermonMedia.addAudio('', \"jquery_jplayer_1\");\n\t\t\t\t\t}\n\t\t\t\t\tjQuery.jPlayer.timeFormat.showHour = true;\n\t\t\t\t\tjQuery(\"#jquery_jplayer_1\").jPlayer({\n\t\t\t\t\t\tready: function(event) {\n\t\t\t\t\t\t\tjQuery(this).jPlayer(\"setMedia\", {mp3: 'https:\/\/www.newmessage.org\/av\/the-seal-of-the-prophets.mp3'});\n\t\t\t\t\t\t},\n\t\t\t\t\t\tplay: function() {\n\t\t\t\t\t\t\tjQuery(this).jPlayer(\"pauseOthers\");\n\t\t\t\t\t\t},\n\t\t\t\t\t\tswfPath: ThemeData.directory_uri+\"\/swf\",\n\t\t\t\t\t\tsolution: \"html, flash\",\n\t\t\t\t\t\tpreload: \"metadata\",\n\t\t\t\t\t\twmode: \"window\",\n\t\t\t\t\t\tsupplied: \"mp3\",\n\t\t\t\t\t\tcssSelectorAncestor: '#jp_container_1'\n\t\t\t\t\t});\n\t\t\t\t});\n\t\t\t<\/script><\/p>\n<p><a title=\"The Seal of the Prophets\" href=\"https:\/\/www.newmessage.org\/av\/the-seal-of-the-prophets.mp3\">Download<\/a> (clicca tasto destro del mouse)<\/p>\n<p><em>Come rivelato al Messaggero di Dio<br \/>\nMarshall Vian Summers<br \/>\nIl 21 Maggio 2014<br \/>\nin Boulder, Colorado<\/em><\/p>\n<div class=\"toggle toggle-white\"><h4 class=\"trigger \"><span class=\"t_ico\"><\/span><a href=\"#\">Note riguardo a questa registrazione<\/a><\/h4><div class=\"toggle_container \"><br \/>\n<p>Quella che state sentendo in questa registrazione \u00e8 la voce della <u>Assemblea <\/u>Angelica che sta parlando tramite il <u>Messaggero <\/u>Marshall Vian Summers.<\/p>\n<p>Qua, la comunicazione originale di Dio, che esiste al di l\u00e0 delle parole, \u00e8 tradotta nel linguaggio e nella comprensione umana dall\u2019Assemblea Angelica che veglia sul mondo. Poi l\u2019Assemblea consegna il Messaggio di Dio tramite il Messaggero.<\/p>\n<p>In questo notevole processo, la Voce della Rivelazione sta parlando di nuovo. La Parola e il suono della Voce sono nel mondo. Per la prima volta nella storia, la registrazione dell\u2019originale rivelazione parlata \u00e8 disponibile affinch\u00e9 voi e il mondo la possiate sentire.<\/p>\n<p>Possiate voi essere i destinatari di questo dono di Rivelazione e possiate essere aperti a ricevere il suo Messaggio unico per voi e per la vostra vita.<\/p>\n<br \/>\n<\/div><\/div>\n<p><\/div>\n<div id=\"tabs-2\"><br \/>\n<em>Nota per il Lettore:<br \/>\nQuesta traduzione \u00e8 stata fornita a The Society da uno studente del Nuovo Messaggio che si \u00e8 offerto volontario per tradurre il testo originale in Inglese. Noi rendiamo questa traduzione disponibile al mondo in questa forma iniziale affinch\u00e9 le persone abbiano la possibilit\u00e0 di interagire con una porzione del Nuovo Messaggio nella propria lingua.<\/em><br \/>\n<\/div>\n\t\t\t\t<div align=\"right\">\n\t\t\t<div class=\"fb-like\" data-href=\"\" data-layout=\"button_count\" data-action=\"like\" data-show-faces=\"false\" data-share=\"false\"><\/div>\n\t\t\t<div class=\"fb-share-button\" data-layout=\"button_count\"> <\/div>\n\t\t\t<div class=\"fb_iframe_widget\"><a href=\"https:\/\/twitter.com\/godsnewmessage?ref_src=twsrc%5Etfw\" class=\"twitter-follow-button\" data-show-count=\"false\">Follow @godsnewmessage<\/a><script async src=\"https:\/\/platform.twitter.com\/widgets.js\" charset=\"utf-8\"><\/script><\/div>\n\t\t\t<\/div> <\/div> \n\n<p>\u00c8 molto importante adesso che Noi vi parliamo del Sigillo dei Profeti, affinch\u00e9 le persone del mondo possano capire cosa questo significa veramente e perch\u00e9 \u00e8 importante proteggere le grandi Rivelazioni di Dio, che sono date solo in certi punti chiave di svolta nello sviluppo e nell\u2019evoluzione dell\u2019umanit\u00e0.<\/p>\n<p>Le grandi Rivelazioni sono veramente tanto importanti per il mondo. Esse forniscono le colonne portanti della civilt\u00e0 umana.<\/p>\n<p>Adesso Dio ha parlato di nuovo per proteggere la civilt\u00e0 umana dalla disintegrazione e dal crollo interno e dalla sottomissione da parte di forze nell\u2019universo che cercano di approfittare del conflitto e dell\u2019ignoranza umana.<\/p>\n<p>\u00c8 una soglia preavvisata da molto tempo e destinata ad arrivare, arriverebbe in un tempo in cui l\u2019umanit\u00e0 ha iniziato a stabilire una civilt\u00e0 mondiale\u2014certamente non una civilt\u00e0 perfetta, ma in ogni caso una civilt\u00e0.<\/p>\n<p>Avrebbe luogo quando certe condizioni sono state raggiunte e quando la vulnerabilit\u00e0 dell\u2019umanit\u00e0 verso i propri errori \u00e8 cresciuta a un punto tale che la civilt\u00e0 umana stessa sia messa in pericolo dal declino ambientale e dal disordine e dal fatto che la Terra sia stata depredata a un punto tale da non poter pi\u00f9 provvedere sufficientemente per un\u2019umanit\u00e0 in crescita.<\/p>\n<p>Attenderebbe fino al punto in cui la vulnerabilit\u00e0 dell\u2019umanit\u00e0 nei confronti dell\u2019universo avrebbe raggiunto una soglia critica. Perch\u00e9 la Terra \u00e8 stata osservata a lungo da certe razze, per i loro scopi e progetti.<\/p>\n<p>Dio lo sa questo, ovviamente, perch\u00e9 questo fa parte dell\u2019evoluzione di qualsiasi mondo\u2014qualsiasi mondo che \u00e8 stato la fonte dell\u2019elevazione di una razza o qualsiasi mondo che \u00e8 stato coltivato da visitatori provenienti da fuori. \u00c8 prevedibile. Prima o poi succede e adesso il tempo per questo \u00e8 arrivato per l\u2019umanit\u00e0.<\/p>\n<p>Dio protegge le grandi Rivelazioni con un Sigillo. Il Sigillo significa che l\u2019Assemblea Angelica non fornir\u00e0 un\u2019altra grande Rivelazione fino a quando il Signore dell\u2019universo non indicher\u00e0 che cos\u00ec deve essere. \u00c8 il loro Sigillo, per proteggere le Rivelazioni dall\u2019usurpamento, dal plagio e da coloro che si proclamano quali emissari e messaggeri, cosa che inevitabilmente succede a seguito di una grande Rivelazione per il mondo.<\/p>\n<p>Le persone della Terra non sapranno che questo Sigillo esiste. Non \u00e8 qualcosa che loro possono toccare. Non \u00e8 scritto nelle loro costituzioni. Non \u00e8 ampiamente capito o accettato.<\/p>\n<p>Ma nell\u2019ambito della Presenza e Assemblea Angelica che veglia su questo mondo, \u00e8 un mandato molto chiaro e deve essere stabilito, altrimenti le grandi Rivelazioni possono essere inquinate al punto tale da non essere riconoscibili. Esse saranno impattate e alterate nel tempo dal genere umano, attraverso l\u2019ignoranza e la corruzione e attraverso l\u2019errata implementazione. Ma, vedete, il Sigillo in Cielo \u00e8 completo.<\/p>\n<p>Tuttavia, a un certo punto Dio spezzer\u00e0 il Sigillo, perch\u00e9 una Nuova Rivelazione deve venire. Perch\u00e9 i grandi Insegnamenti che furono dati prima sarebbero insufficienti per andare incontro ai veri bisogni della famiglia umana nel suo complesso.<\/p>\n<p>L\u2019intervallo tra le grandi Rivelazioni sar\u00e0 molto lungo, nella maggior parte dei casi, perch\u00e9 esse sono sufficienti per andare incontro ai bisogni dell\u2019umanit\u00e0 per un grande periodo di tempo a venire.<\/p>\n<p>Ma adesso avete raggiunto la grande soglia dove Dio ha parlato di nuovo\u2014una grande soglia per la quale l\u2019umanit\u00e0 \u00e8 ignorante e impreparata, una grande soglia alla quale le grandi Rivelazioni date nei tempi antichi non sono in grado di rivolgersi. Esse non erano progettate per questo. Esse non furono date per questo scopo. Esse furono cruciali per costruire la civilt\u00e0 umana, una civilt\u00e0 mondiale nel tempo.<\/p>\n<p>Ma adesso la civilt\u00e0 umana, per come sta oggi, \u00e8 minacciata sia da dentro che da fuori, cos\u00ec severamente minacciata che Dio ha parlato di nuovo, perch\u00e9 i rischi sono troppo alti, i pericoli sono troppo grandi, l\u2019ignoranza umana \u00e8 troppo profonda.<\/p>\n<p>Le grandi Rivelazioni date prima sono anch\u2019esse fratturate, sono in contenzioso nel proprio ambito e lo sono tra di loro. Esse non possono preparare l\u2019umanit\u00e0 per una Comunit\u00e0 Pi\u00f9 Grande di vita nell\u2019universo. Esse non sono in grado di preparare l\u2019umanit\u00e0 per un mondo in declino ambientale\u2014il pi\u00f9 grande cambiamento che possa avvenire, per qualsiasi civilt\u00e0 in qualsiasi mondo. Esse non furono progettate per questo scopo.<\/p>\n<p>Dio lo sa questo, ovviamente. Ma l\u2019umanit\u00e0 non lo sa. Non si rende conto di cosa stia arrivando all\u2019orizzonte. Non capisce la sua condizione alla luce della vita intorno a s\u00e9 nell\u2019universo. Non conosce lo stato della Terra abbastanza da essere in grado di vedere quanto ha ecceduto nel prendere e spendere il proprio retaggio naturale in questo mondo. \u00c8 su una rotta disperata di auto-distruzione e disintegrazione nel tempo.<\/p>\n<p>I grandi cambiamenti che arriveranno sul pianeta stesso sono sufficienti a ridurre gravemente la civilt\u00e0 umana, se l\u2019umanit\u00e0 non \u00e8 preparata.<\/p>\n<p>Qua il Sigillo \u00e8 spezzato, perch\u00e9 una Nuova Rivelazione deve essere data. Il Sigillo fu spezzato dopo la vita di Ges\u00f9 quando a Muhammad venne data la sua grande missione sulla Terra e adesso il Sigillo viene di nuovo spezzato nella Nuova Rivelazione di Dio per il mondo.<\/p>\n<p>Qua dovete capire che i grandi Messaggeri sono tutti venuti dall\u2019Assemblea Angelica, mandati nel mondo per una grande missione, mandati nel mondo in grandi punti di svolta e grandi opportunit\u00e0. Essi sono tutti venuti dall\u2019Assemblea. Essi hanno tutti una Fonte comune. Essi non sono rampolli di Dio. Essi non sono il centro dell\u2019universo.<\/p>\n<p>Essi sono venuti dall\u2019Assemblea che veglia su questo mondo, un mondo di grande importanza e significanza nell\u2019universo perch\u00e9 l\u2019umanit\u00e0 ha mantenuto viva la propria consapevolezza spirituale. Nonostante i suoi tanti errori e la sua tragica storia\u2014grandi conflitti e grandi sfortune che essa ha portato su se stessa e sul mondo\u2014\u00e8 ancora un mondo di grande speranza e significanza.<\/p>\n<p>Dio creer\u00e0 un nuovo Sigillo quando la Proclamazione in questo tempo sar\u00e0 completa ed essa durer\u00e0 per secoli.<\/p>\n<p>Le persone dichiareranno ancora di avere dei messaggi da Dio o di essere profeti o redentori. Ma l\u2019Assemblea Angelica non dar\u00e0 loro quello che sarebbe necessario dargli affinch\u00e9 ci\u00f2 possa essere realmente vero e autentico. In questo modo, il Cielo fa quello che pu\u00f2 al fine di proteggere le grandi Rivelazioni, che sono cos\u00ec vulnerabili all\u2019errato utilizzo e all\u2019errata comprensione umana.<\/p>\n<p>La Nuova Rivelazione di Dio per il mondo in questo grande punto di svolta \u00e8 la pi\u00f9 espansiva mai data al mondo\u2014data adesso a un mondo letterato, un mondo di commercio e di comunicazione globale, un mondo di pericoli e rischi globali, data adesso con il suo annesso commentario al fine di limitare la possibilit\u00e0 di essere interpretata e applicata erroneamente in futuro, data con grande ripetitivit\u00e0, data in molti modi al fine di offrire alle persone la pi\u00f9 grande opportunit\u00e0 di veramente capire quello che stanno ricevendo e capire perch\u00e9 deve essere data in questo tempo.<\/p>\n<p>La Nuova Rivelazione di Dio per il mondo contiene un messaggio di allerta, una benedizione e una grande preparazione. Senza la preparazione, non sareste capaci di rispondere al messaggio di allerta. Senza l\u2019allerta, non capireste l\u2019importanza della preparazione e senza la benedizione, non avreste la forza o non sapreste a cosa rivolgervi dentro voi stessi o tra di voi per avere il coraggio o la determinazione di fare quello che deve essere fatto per il mondo, di capire il vero significato del vostro scopo qua e capire perch\u00e9 siete venuti durante questo grande punto di svolta.<\/p>\n<p>Questo non \u00e8 un dono per i pochi eletti, o per pochi individui scelti, oppure per i pi\u00f9 ricchi e i pi\u00f9 privilegiati tra voi. \u00c8 dato all\u2019intero mondo, dato nei pi\u00f9 semplici termini, dato nel modo pi\u00f9 chiaro possibile, dato con grande forza, parlando a quasi tutte le piazze di umana esperienza, dato al fine di conferire all\u2019umanit\u00e0 quest\u2019unica grande possibilit\u00e0 di ripristinare il mondo e prepararsi per la Comunit\u00e0 Pi\u00f9 Grande di vita, alla quale adesso deve imparare a reagire.<\/p>\n<p>Non crediate che questo sia irrilevante nei confronti dei vostri bisogni, perch\u00e9 questo \u00e8 il mondo che siete venuti a servire. Questi due grandi eventi determineranno in ogni contesto, in ogni maniera possibile, quale genere di vita sarete in grado di avere, che cosa limiter\u00e0 la vostra vita e cosa pu\u00f2 tirare fuori da voi le vostre maggiori forze e lo scopo superiore che giace nascosto dentro di voi sotto la superficie della vostra mente. Non pensate che questo non sia rivolto a voi, perch\u00e9 siete stati mandati nel mondo per questo.<\/p>\n<p>Quello che succede in questo mondo e oltre al mondo, relativamente a questo mondo, determiner\u00e0 la sorte e il futuro di ogni persona viva oggi e dei loro figli e delle generazioni a venire. Questo \u00e8 quanto potente \u00e8 tutto ci\u00f2. Questo \u00e8 quanto necessario \u00e8 ci\u00f2.<\/p>\n<p>Esso [il Nuovo Messaggio da Dio] cambier\u00e0 la vostra comprensione della religione e vi porter\u00e0 maggiore chiarezza. Stabilir\u00e0 l\u2019unit\u00e0 di tutte le religioni e come esse si sono edificate tra loro al fine di portare la vera fondazione morale ed etica della condotta e della comprensione umana.<\/p>\n<p>Adesso per\u00f2 state vivendo in un mondo diverso e affronterete un mondo molto diverso in futuro\u2014un mondo di risorse decrescenti e dal clima instabile, un mondo che impatter\u00e0 la vita di tutti, ricchi o poveri, in ogni angolo del mondo.<\/p>\n<p>Cos\u00ec grande \u00e8 il bisogno. Cos\u00ec grande \u00e8 il rischio. Cos\u00ec grande \u00e8 l\u2019influenza e la potenza di questo, tanto che Dio ha parlato di nuovo e ha mandato un nuovo Messaggero nel mondo. Mandato dall\u2019Assemblea Angelica \u00e8 egli, affiliato a tutti coloro che furono mandati prima. Essi rimangono fermamente con lui, perch\u00e9 lui \u00e8 il Messaggero di questo tempo, di questa era e dei tempi che verranno per un periodo molto lungo.<\/p>\n<p>Il Sigillo sar\u00e0 con lui e il Cielo guarder\u00e0 per vedere chi sa rispondere alla sua presenza sulla Terra. Perch\u00e9 egli \u00e8 un uomo anziano adesso e non ha molto tempo per insegnare questo.<\/p>\n<p>[Egli] ha passato la sua vita ricevendo una Rivelazione pi\u00f9 vasta e pi\u00f9 completa di qualsiasi cosa che sia mai stata data prima all\u2019umanit\u00e0.<\/p>\n<p>Riveler\u00e0 il significato della vita nell\u2019universo. Riveler\u00e0 quello che sta arrivando all\u2019orizzonte della vostra vita e del mondo intero. Riveler\u00e0 la vera natura della spiritualit\u00e0 umana a un livello pi\u00f9 alto, a un livello chiamato Conoscenza. Riveler\u00e0 quello che l\u2019umanit\u00e0 deve imparare al fine di creare vera cooperazione qua sulla Terra e finire i suoi interminabili conflitti e il suo terribile saccheggio del mondo. Perch\u00e9 questo \u00e8 il solo mondo che avrete che sia in grado di sostenervi.<\/p>\n<p>L\u2019universo intorno a voi non sar\u00e0 vostro da conquistare o da esplorare al di l\u00e0 di questo sistema solare. L\u00e0 ci sono enormi pericoli dei quali l\u2019umanit\u00e0 non sa assolutamente nulla. Lei sta ancora guardando attraverso occhi primitivi, gli occhi dell\u2019ignoranza e di speranzose aspettative. Non conosce quello con cui ha a che fare in una Comunit\u00e0 Pi\u00f9 Grande di vita nell\u2019universo.<\/p>\n<p>Dio adesso deve fornire questo, almeno quanto basta, cos\u00ec l\u2019umanit\u00e0 si pu\u00f2 preparare ed essere in grado di agire con saggezza e cura per il futuro, anzich\u00e9 semplicemente agire sotto gli espedienti del momento.<\/p>\n<p>Questo ha tutto a che fare con chi siete\u2014la vostra natura pi\u00f9 profonda, perch\u00e9 siete come siete e perch\u00e9 siete progettati come siete\u2014che \u00e8 qualcosa che non potete capire fino a quando non vi rendete conto che \u00e8 fatto per uno scopo superiore, che dovete ancora veramente scoprire.<\/p>\n<p>Dovete accettare il fatto che il Sigillo dei Profeti \u00e8 stato spezzato. Non da una persona, non da una religione, ma da Dio, che comunica con il mondo attraverso la Presenza e l\u2019Assemblea Angelica che veglia su questo mondo e sul progresso e l\u2019evoluzione della famiglia umana.<\/p>\n<p>Qua ci sar\u00e0 grande chiarezza riguardo le questioni di religione, il significato della vostra vita, il destino dell\u2019umanit\u00e0 e le grandi sfide che verranno, per le quali l\u2019umanit\u00e0 si deve preparare in questo tempo.<\/p>\n<p>Non ritiratevi da questo. Non cadete nell\u2019ombra delle vostre preoccupazioni. Non disperate. Perch\u00e9 Dio vi ha dato una forza pi\u00f9 profonda dentro di voi al fine di rendervi capaci di rispondere, di prepararvi ad affrontare un mondo pi\u00f9 grande e di vivere l\u2019esperienza di una vita superiore.<\/p>\n<p>Voi non capite ancora quello che ci\u00f2 significhi, ma nel tempo diventer\u00e0 chiaro come la luce del giorno. Perch\u00e9 Dio vi ha dato gli occhi per vedere e le orecchie per udire, ma questi non sono gli occhi con i quali vedete adesso o le orecchie con le quali udite adesso. Tuttavia sono dentro di voi\u2014nel pi\u00f9 profondo, dentro di voi.<\/p>\n<p>Questa \u00e8 la vera forza della vostra vita. Questa \u00e8 la vera forza della famiglia umana. \u00c8 questo ci\u00f2 che far\u00e0 tutta la differenza nella sorte della vostra vita qua sulla Terra e per il futuro e il destino dell\u2019umanit\u00e0.<\/p>\n<p>Solo la Nuova Rivelazione di Dio per il mondo vi pu\u00f2 rivelare queste cose adesso. Senza questo, l\u2019umanit\u00e0 persister\u00e0 nella sua disperata combattiva caduta, nella sua disperata combattiva traiettoria nella vita, depauperando il mondo cos\u00ec gravemente da non poter sostenere la civilt\u00e0 in alcun genere di forma riconoscibile. Cadrete in preda alle forze dominanti dell\u2019universo e tutte le cose di valore che avete creato saranno perse.<\/p>\n<p>\u00c8 solo la Rivelazione di Dio per il mondo che vi pu\u00f2 rivelare questo con chiarezza, senza distorsione, senza che siano coinvolti gli interessi di alcuna razza straniera, senza alcuna manipolazione o alcun raggiro di qualsiasi genere.<\/p>\n<p>Nel vostro cuore, reagirete perch\u00e9 a un livello pi\u00f9 profondo siete ancora connessi a Dio. Che voi siate o no religiosi, che voi abbiate o no una tradizione di fede, siete comunque connessi e quella \u00e8 la promessa della vostra futura redenzione, la fonte della vostra forza superiore e la vostra migliore soluzione di qualsiasi cosa che vi sia successa prima.<\/p>\n<p>Il Sigillo dei Profeti \u00e8 stato di nuovo spezzato da Dio. Era destinato ad essere spezzato una volta che l\u2019umanit\u00e0 avrebbe raggiunto una certa destinazione, raggiunto un grande punto di svolta dove avrebbe da affrontare delle sfide mai viste prima dalla famiglia umana nel suo complesso, affrontando un mondo in declino e le realt\u00e0 dell\u2019universo intorno a voi.<\/p>\n<p>Dio ora ha dato la chiarezza per poter capire quello di cui tutte le grandi tradizioni stavano veramente parlando, prima che esse fossero modificate ed adattate e utilizzate nel corso delle generazioni e dagli individui e dai governi per i propri scopi.<\/p>\n<p>Qua voi onorate tutti i grandi Messaggeri e capite in modo pi\u00f9 completo la loro missione sulla Terra, sotto una luce pi\u00f9 chiara. Perch\u00e9 non ci dovrebbe essere contenzioso e competizione tra le religioni del mondo, perch\u00e9 esse furono tutte iniziate da Dio e furono tutte cambiate dall\u2019uomo.<\/p>\n<p>Il Sigillo \u00e8 stato spezzato, ma sar\u00e0 ri-stabilito una volta che la Nuova Rivelazione di Dio sar\u00e0 completa e una volta che il Messaggero avr\u00e0 avuto il tempo di presentarla nella propria epoca, cosa che deve avere luogo adesso affinch\u00e9 la Rivelazione sia veramente, completamente, autentica. Non pu\u00f2 essere messa insieme dopo, da coloro che non lo conoscevano.<\/p>\n<p>\u00c8 stato il suo grande compito ricevere la pi\u00f9 grande Rivelazione mai data a questo mondo\u2014compilarla, assicurare la sua accuratezza, impararla affinch\u00e9 possa essere insegnata, capirla completamente mentre egli \u00e8 una persona qua nel mondo, raccogliere intorno a s\u00e9 individui coraggiosi che lo assistano in questi enormi compiti affinch\u00e9 nell\u2019ambito della sua vita, la Rivelazione possa essere consolidata nella sua pura forma, risolvendo un dilemma che ha afflitto le precedenti Rivelazioni per l\u2019umanit\u00e0.<\/p>\n<p>La Benedizione \u00e8 su di voi. \u00c8 sul mondo, ma arriva con grande urgenza e necessit\u00e0. Non \u00e8 una cosa che si usa per cercare di arricchirsi o per gingillarsi con essa. La dovete approcciare con reverenza e enorme seriet\u00e0 e con la volont\u00e0 di vedere quello che essa veramente significa per voi e per il mondo.<\/p>\n<p>Essa deve parlare alle persone di tutte le tradizioni di fede e a tutte le nazioni e culture.<\/p>\n<p>Essa deve essere libera da qualsiasi genere di propriet\u00e0 da parte di un\u2019esistente istituzione religiosa oltre a quello che il Messaggero ha stabilito di ricevere, di preparare e di veicolare nel mondo.<\/p>\n<p>Egli avr\u00e0 bisogno del vostro supporto. Ma voi dovete apprendere ci\u00f2 e applicarlo alla vostra vita al fine di capire. Non potete stare divisi da essa e capirla, perch\u00e9 ci\u00f2 non \u00e8 possibile con una grande Rivelazione nata dal Cielo per il benessere e la protezione del mondo.<\/p>\n<p>Possa la Benedizione essere sul Messaggero e su tutti coloro che lo assistono negli anni che gli rimangono sulla Terra e possano coloro che hanno coraggio, umilt\u00e0 e il grande bisogno di capire, ricevere questo in tempo da poter riconoscere la sua essenziale importanza per le loro vite e per il futuro di questo mondo.<\/p>\n","protected":false},"excerpt":{"rendered":"<p>\u00c8 molto importante adesso che Noi vi parliamo del Sigillo dei Profeti, affinch\u00e9 le persone del mondo possano capire cosa questo significa veramente e perch\u00e9 \u00e8 importante proteggere le grandi Rivelazioni di Dio, che sono date solo in certi punti chiave di svolta nello sviluppo e nell\u2019evoluzione dell\u2019umanit\u00e0. Le grandi Rivelazioni sono veramente tanto importanti\u2026 <a class=\"read-more\" href=\"https:\/\/www.v6.newmessage.org\/it\/about-recording-shortcode\"><span>Read More<\/span><\/a><\/p>\n","protected":false},"author":32,"featured_media":0,"parent":16290,"menu_order":14,"comment_status":"closed","ping_status":"closed","template":"template-leftsidebar.php","meta":{"_monsterinsights_skip_tracking":false,"_monsterinsights_sitenote_active":false,"_monsterinsights_sitenote_note":"","_monsterinsights_sitenote_category":0,"footnotes":""},"categories":[76,30,461,460],"tags":[749,740,745,750,755,743,748,741,746,744,747,756,742],"_links":{"self":[{"href":"https:\/\/www.v6.newmessage.org\/it\/wp-json\/wp\/v2\/pages\/19244"}],"collection":[{"href":"https:\/\/www.v6.newmessage.org\/it\/wp-json\/wp\/v2\/pages"}],"about":[{"href":"https:\/\/www.v6.newmessage.org\/it\/wp-json\/wp\/v2\/types\/page"}],"author":[{"embeddable":true,"href":"https:\/\/www.v6.newmessage.org\/it\/wp-json\/wp\/v2\/users\/32"}],"replies":[{"embeddable":true,"href":"https:\/\/www.v6.newmessage.org\/it\/wp-json\/wp\/v2\/comments?post=19244"}],"version-history":[{"count":31,"href":"https:\/\/www.v6.newmessage.org\/it\/wp-json\/wp\/v2\/pages\/19244\/revisions"}],"predecessor-version":[{"id":28150,"href":"https:\/\/www.v6.newmessage.org\/it\/wp-json\/wp\/v2\/pages\/19244\/revisions\/28150"}],"up":[{"embeddable":true,"href":"https:\/\/www.v6.newmessage.org\/it\/wp-json\/wp\/v2\/pages\/16290"}],"wp:attachment":[{"href":"https:\/\/www.v6.newmessage.org\/it\/wp-json\/wp\/v2\/media?parent=19244"}],"wp:term":[{"taxonomy":"category","embeddable":true,"href":"https:\/\/www.v6.newmessage.org\/it\/wp-json\/wp\/v2\/categories?post=19244"},{"taxonomy":"post_tag","embeddable":true,"href":"https:\/\/www.v6.newmessage.org\/it\/wp-json\/wp\/v2\/tags?post=19244"}],"curies":[{"name":"wp","href":"https:\/\/api.w.org\/{rel}","templated":true}]}}