{"id":18697,"date":"2015-02-20T20:55:27","date_gmt":"2015-02-20T20:55:27","guid":{"rendered":"http:\/\/www.newmessage.org\/?page_id=18697"},"modified":"2018-02-03T07:48:20","modified_gmt":"2018-02-03T07:48:20","slug":"fondamentalismo-religioso","status":"publish","type":"page","link":"https:\/\/www.v6.newmessage.org\/it\/il-messaggio\/volume-1\/la-religione-pura\/fondamentalismo-religioso","title":{"rendered":"Fondamentalismo Religioso"},"content":{"rendered":"<div><!-- Version 3.1 Verse --><\/div>\n\n<div class=\"tabgroup \"><ul class=\"tabs\"><li><a href=\"#tabs-1\">Ascolta<\/a><\/li>\n<li><a href=\"#tabs-2\">Nota<\/a><\/li><\/ul>\n <div id=\"tabs-1\"><br \/>\nAscolta la Voce della Rivelazione Originale in Inglese:<\/p>\n<div id=\"jquery_jplayer_1\" class=\"jp-jplayer\"><\/div>\n\t\t\t\t<div id=\"jp_container_1\" class=\"jp-audio\">\n\t\t\t\t<div class=\"jp-type-single\"><div class=\"jp-control\"><a href=\"javascript:;\" class=\"jp-play\" tabindex=\"1\">play<\/a><a href=\"javascript:;\" class=\"jp-pause\" tabindex=\"1\">pause<\/a><\/div> <div class=\"jp-gui jp-interface\"><div class=\"jp-volume\"><div class=\"jp-volume-bar\"><div class=\"jp-volume-bar-value\"><\/div><\/div><\/div><div class=\"jp-progress\"><div class=\"jp-seek-bar\"><div class=\"jp-play-bar\"><\/div><\/div><\/div><\/div>\t\t\t\t\t<div class=\"jp-no-solution\"><span>Update Required<\/span>To play the media you will need to either update your browser to a recent version or update your <a href=\"http:\/\/get.adobe.com\/flashplayer\/\" target=\"_blank\">Flash plugin<\/a>.<\/div><\/div><\/div>\n\t\t\t<script type='text\/javascript'>\n\t\t\t\tjQuery(document).ready(function() {\n\t\t\t\t\tif (typeof (sermonMedia) == 'function') {\n\t\t\t\t\t\tsermonMedia.addAudio('', \"jquery_jplayer_1\");\n\t\t\t\t\t}\n\t\t\t\t\tjQuery.jPlayer.timeFormat.showHour = true;\n\t\t\t\t\tjQuery(\"#jquery_jplayer_1\").jPlayer({\n\t\t\t\t\t\tready: function(event) {\n\t\t\t\t\t\t\tjQuery(this).jPlayer(\"setMedia\", {mp3: 'https:\/\/www.newmessage.org\/av\/religious-fundamentalism.mp3'});\n\t\t\t\t\t\t},\n\t\t\t\t\t\tplay: function() {\n\t\t\t\t\t\t\tjQuery(this).jPlayer(\"pauseOthers\");\n\t\t\t\t\t\t},\n\t\t\t\t\t\tswfPath: ThemeData.directory_uri+\"\/swf\",\n\t\t\t\t\t\tsolution: \"html, flash\",\n\t\t\t\t\t\tpreload: \"metadata\",\n\t\t\t\t\t\twmode: \"window\",\n\t\t\t\t\t\tsupplied: \"mp3\",\n\t\t\t\t\t\tcssSelectorAncestor: '#jp_container_1'\n\t\t\t\t\t});\n\t\t\t\t});\n\t\t\t<\/script><\/p>\n<p><a title=\"Religious Fundamentalism\" href=\"https:\/\/www.newmessage.org\/av\/religious-fundamentalism.mp3\">Download<\/a> (clicca tasto destro del mouse)<\/p>\n<p><em>Rivelato a<br \/>\nMarshall Vian Summers<br \/>\nIl 23 Settembre 2014<br \/>\nin Boulder, Colorado<br \/>\n<\/em><\/p>\n<div class=\"toggle toggle-white\"><h4 class=\"trigger \"><span class=\"t_ico\"><\/span><a href=\"#\">Note riguardo a questa registrazione<\/a><\/h4><div class=\"toggle_container \"><br \/>\n<p>Quella che state sentendo in questa registrazione \u00e8 la voce della <u>Assemblea <\/u>Angelica che sta parlando tramite il <u>Messaggero <\/u>Marshall Vian Summers.<\/p>\n<p>Qua, la comunicazione originale di Dio, che esiste al di l\u00e0 delle parole, \u00e8 tradotta nel linguaggio e nella comprensione umana dall\u2019Assemblea Angelica che veglia sul mondo. Poi l\u2019Assemblea consegna il Messaggio di Dio tramite il Messaggero.<\/p>\n<p>In questo notevole processo, la Voce della Rivelazione sta parlando di nuovo. La Parola e il suono della Voce sono nel mondo. Per la prima volta nella storia, la registrazione dell\u2019originale rivelazione parlata \u00e8 disponibile affinch\u00e9 voi e il mondo la possiate sentire.<\/p>\n<p>Possiate voi essere i destinatari di questo dono di Rivelazione e possiate essere aperti a ricevere il suo Messaggio unico per voi e per la vostra vita.<\/p>\n<br \/>\n<\/div><\/div>\n<p><\/div>\n<div id=\"tabs-2\"><br \/>\n<em>Nota per il Lettore:<br \/>\nQuesta traduzione \u00e8 stata fornita a The Society da uno studente del Nuovo Messaggio che si \u00e8 offerto volontario per tradurre il testo originale in Inglese. Noi rendiamo questa traduzione disponibile al mondo in questa forma iniziale affinch\u00e9 le persone abbiano la possibilit\u00e0 di interagire con una porzione del Nuovo Messaggio nella propria lingua.<\/em><br \/>\n<\/div>\n\t\t\t\t<div align=\"right\">\n\t\t\t<div class=\"fb-like\" data-href=\"\" data-layout=\"button_count\" data-action=\"like\" data-show-faces=\"false\" data-share=\"false\"><\/div>\n\t\t\t<div class=\"fb-share-button\" data-layout=\"button_count\"> <\/div>\n\t\t\t<div class=\"fb_iframe_widget\"><a href=\"https:\/\/twitter.com\/godsnewmessage?ref_src=twsrc%5Etfw\" class=\"twitter-follow-button\" data-show-count=\"false\">Follow @godsnewmessage<\/a><script async src=\"https:\/\/platform.twitter.com\/widgets.js\" charset=\"utf-8\"><\/script><\/div>\n\t\t\t<\/div> <\/div> \n\n<p>Le persone che vivono nella Separazione cercano di fare in modo che tutto calzi la Separazione. Essi cercano di fare in modo che le loro idee, le loro attivit\u00e0, le loro convinzioni e la loro enfasi nella vita operino nel reame della vita in isolamento, essendo separate da Dio e dalla propria Fonte.<\/p>\n<p>Il Signore di tutti gli universi, il Signore di tutta la Creazione, la Fonte della vostra vita, ha stabilito tutte le grandi religioni del mondo. Anche se esse sono state alterate nel tempo e cambiate dagli adattamenti, dalla corruzione e dall\u2019errata comprensione umana, hanno tutte lo scopo di unire l\u2019umanit\u00e0. Esse hanno tutte il fine di aggiungere delle dimensioni alla civilt\u00e0 umana. Esse hanno tutte il fine di prepararvi per il futuro, perch\u00e9 tutte le grandi Rivelazioni sono qua per prepararvi per il futuro.<\/p>\n<p>Tuttavia, le persone, molte persone, mentre vivono nella Separazione fanno della propria religione la sola religione o la religione finale oppure la religione completa, ad esclusione di tutte le altre. \u00c8 una tendenza umana ed \u00e8 associata alle ideologie.<\/p>\n<p>L\u2019ideologia appartiene alla mente. Non \u00e8 dello Spirito. L\u2019ideologia \u00e8 utile e necessaria fino a un certo punto, al fine di organizzare il vostro pensiero, dare un focus, una direzione e un orientamento alla vostra vita. Per\u00f2 pensare, vivere, nella Separazione, non \u00e8 mai cosa assoluta. Perch\u00e9 dove state andando e da dove provenite sono al di l\u00e0 del regno e della portata dell\u2019intelletto.<\/p>\n<p>Credere che il vostro grande maestro spirituale, il fondatore della vostra religione, sia il solo grande maestro o il grande maestro finale, \u00e8 un errore fondamentale. Se tutte le religioni sono state iniziate da Dio e cambiate dall\u2019uomo, allora chiaramente si tratta di un vistoso errore.<\/p>\n<p>Pensare che Dio non abbia pi\u00f9 nulla da dire all\u2019umanit\u00e0, ora che essa sta di fronte alle pi\u00f9 grandi sfide dell\u2019intera sua storia, \u00e8 un errore fondamentale. Pensare che le religioni dell\u2019antichit\u00e0 possano prepararvi per la vita nell\u2019universo, o per la vita in un mondo in declino, \u00e8 chiaramente inadatto. Tuttavia molte persone si aggrappano a queste idee, basano le loro vite su queste idee, sono pronte ad andare in guerra con altri per queste idee.<\/p>\n<p>Cos\u00ec gli abusi di religione (N.d.R. a sfondo religioso) continuano. Essi sono stati atroci nel tempo, perch\u00e9 lo Spirito di Dio non \u00e8 sentito.<\/p>\n<p>Come i fiumi che conducono al mare, tutte le tradizioni religiose hanno lo scopo di riportarvi all\u2019integrit\u00e0 e all\u2019unione con Dio. Ognuna di esse aggiunge una dimensione unica alla comprensione di essere nel mondo e di vivere in una realt\u00e0 duale\u2014la realt\u00e0 della vostra natura spirituale, che \u00e8 espressa in ci\u00f2 che Noi chiamiamo La Conoscenza e la vostra identit\u00e0 terrena che si \u00e8 consolidata attraverso la cultura e attraverso l\u2019interazione con la vita qua nel mondo.<\/p>\n<p>Voi avete questa natura duale, vedete. Voi non siete l\u2019una senza l\u2019altra. Ma la vostra natura superiore non si basa su un\u2019ideologia. Non \u00e8 basata su un credo Religioso o una pratica oppure una tradizione. \u00c8 al di l\u00e0 di queste cose perch\u00e9 Dio \u00e8 al di l\u00e0 di queste cose. Quando lascerete questo mondo, sarete al di l\u00e0 di queste cose. Non avrete ideologie. Sarete semplicemente l\u00e0, cos\u00ec come eravate prima di entrare nel mondo.<\/p>\n<p>Allora le persone entrano nel mondo e diventano afflitti e marcati dalle ideologie e se lo accettano, loro diventano i sostenitori delle ideologie, alle volte irragionevolmente, semplicemente perch\u00e9 sono cos\u00ec pesantemente marcati e condizionati a pensare in un certo modo, a intrattenere certe idee e credenze e hanno certe opinioni circa la loro religione e la loro tradizione.<\/p>\n<p>A Dio non importa di queste cose. Sono tutti espedienti al fine di riportarvi in unione con Dio. Quello \u00e8 il loro scopo, vedete, anche per aiutarvi a organizzare la vostra vita affinch\u00e9 possiate vivere una vita etica, integra e pregiata nel mondo.<\/p>\n<p>\u00c8 una tendenza umana in tutte le tradizioni religiose, in alcune pi\u00f9 spiccata di altre, di stabilire un\u2019idea ferma e fissa circa Dio e circa tutto il resto. Questo avviene al di l\u00e0 della religione perch\u00e9 si tratta di una tendenza umana primaria, vivendo in Separazione.<\/p>\n<p>Voi basate le vostre idee, la vostra identit\u00e0 e la vostra posizione nella societ\u00e0, anche la vostra ricchezza ed affluenza, su un insieme fisso di idee. Per\u00f2 non potrete mai arrivare a Dio con un insieme fisso di idee perch\u00e9 esse vi accecano. Esse vi limitano. Esse vi rendono proni a giudicare e a condannare gli altri. Esse vi possono condurre alla violenza e al conflitto, alla repressione e alla brutale condanna nei confronti degli altri.<\/p>\n<p>Non potete conoscere la vostra Fonte se questa \u00e8 la vostra posizione. A prescindere da quanta tradizione avete alle spalle, perch\u00e9 le tradizioni di errore religioso sono fisse quanto le tradizioni di verit\u00e0 religiosa.<\/p>\n<p>\u00c8 ci\u00f2 che ascoltate dentro voi stessi che \u00e8 la questione fondamentale qua. Se basate la vostra identit\u00e0 sulle vostre idee, allora vorrete che le vostre idee siano fisse e irremovibili al fine di avere sicurezza in merito a ci\u00f2. Vedrete tutti quelli che hanno idee diverse come se fossero in competizione con voi o come una minaccia a qualche livello, o semplicemente li condannerete dichiarandoli inferiori o profani, i miscredenti, i non credenti e li giudicherete e li condannerete all\u2019inferno.<\/p>\n<p>Questa \u00e8 la religione intrattenuta da coloro che stanno vivendo nella Separazione. \u00c8 incorretta dal principio alla fine, perch\u00e9 non capiscono la natura di Dio o la loro relazione con Dio o il fatto che Dio alla fine salver\u00e0 tutti, perch\u00e9 questo \u00e8 il Piano di Dio.<\/p>\n<p>Dio salver\u00e0 tutti in questo mondo e in ogni mondo, in miliardi e miliardi di mondi\u2014esseri che sono cos\u00ec diversi da voi in aspetto e in orientamento. Perch\u00e9 questo \u00e8 il Piano di Dio. Ci vorr\u00e0 una quantit\u00e0 enorme di tempo, ovviamente, ma il tempo \u00e8 nulla per Dio.<\/p>\n<p>I grandi Messaggeri vengono portando Nuove Rivelazioni in tempi di grande significanza, sfida e opportunit\u00e0, per incrementare la comprensione e per mantenere intatti e rinnovati lo spirito e l\u2019esercizio della vostra fede divina quando essi diventano freddi e calcificati nelle idee e nelle menti delle persone.<\/p>\n<p>Mai poggiarsi sulle proprie idee e convinzioni, altrimenti la vostra mente si chiuder\u00e0 e diventer\u00e0 buia e diventerete semplicemente un altro avversario in un modo di avversari. Diventerete di parte. Avrete nemici. Costruirete la vostra fede intorno ai vostri nemici. Crederete che i nemici di Dio siano i vostri nemici e li identificherete nelle persone che non apprezzate o non capite.<\/p>\n<p>Dio comprende queste cose, perch\u00e9 state vivendo nella Separazione e non avete ancora trovato l\u2019intelligenza naturale che Dio ha messo dentro di voi affinch\u00e9 la seguiate. Allora dipendete dalle vostre idee, dalle idee degli altri e dal consenso di pensiero presente nelle nazioni e nelle culture e tra le persone, ne consegue, cos\u00ec, che siete pi\u00f9 ciechi che mai.<\/p>\n<p>Non riuscite a vedere al di fuori della vostra piccola prigione di idee che difendete o tendete a difendere con tanto vigore. Non sapete vedere. Siete imprigionati. \u00c8 una prigione della mente. \u00c8 una prigione di fisse convinzioni. Non siete in grado di imparare nulla di nuovo, in realt\u00e0. Cercate solo di fortificare quello in cui credete e che ritenete veritiero.<\/p>\n<p>Lo scopo della Rivelazione \u00e8, in definitiva, quello di portarvi al di l\u00e0 dell\u2019ideologia. Nell\u2019interim, utilizzer\u00e0 l\u2019ideologia come punto di partenza, ma dovrete andare al di l\u00e0 di questo. Non potrete mai capire Dio, come Dio lavora nel mondo, che cosa \u00e8 Dio e la vostra relazione con Dio a livello di ideologia.<\/p>\n<p>L\u2019ideologia qua \u00e8 cos\u00ec limitata. \u00c8 cos\u00ec al servizio di se stessa. \u00c8 cos\u00ec condizionata dalla cultura e dalla religione intorno a voi. Non pu\u00f2 mai abbracciare una realt\u00e0 superiore o una verit\u00e0 superiore circa la vostra vita, circa il motivo per cui siete qua e chi vi ha mandato o cosa dovete fare dopo.<\/p>\n<p>Quella \u00e8 religione. Seguire la Presenza Superiore che Dio vi ha dato, l\u2019intelligenza superiore chiamata La Conoscenza\u2014\u00e8 cos\u00ec che tornate in unione con Dio, attraverso il servizio e la contribuzione nel mondo.<\/p>\n<p>Venerare Dio non significa nulla senza questo. Prostrarvi nella moschea, nella chiesa o nel tempio non significa nulla senza questo servizio.<\/p>\n<p>Dio non ha bisogno di venerazione. Dio non \u00e8 come voi. Dio non \u00e8 insicuro. Dio non ha bisogno di essere lodato. Dio non \u00e8 come voi riguardo a ci\u00f2.<\/p>\n<p>Le persone cercano di usare Dio per favori e dispense e usano la propria fede per cercare di ottenere queste cose. Ma la Moltitudine Angelica che veglia su questo mondo non \u00e8 mossa da queste cose.<\/p>\n<p>La religione \u00e8 usata dai governi. \u00c8 usata nella ricerca del potere. \u00c8 usata per dominare e reprimere le popolazioni. \u00c8 stata usata nel corso della storia come uno stendardo di guerra e uno stendardo di soggiogamento.<\/p>\n<p>Le persone fanno di Dio ci\u00f2 che vogliono che Dio sia e ci\u00f2 che credono che Dio sia\u2014un Dio come loro stessi, un Dio che ha tutte le tendenze umane, un Dio con grande potere, s\u00ec, ma un Dio che, in un certo senso, \u00e8 piuttosto tragico.<\/p>\n<p>Dio \u00e8 paziente, allora voi dovete imparare ad essere pazienti. Dio \u00e8 tollerante, allora voi dovete imparare ad essere tolleranti. Dio \u00e8 la Fonte di tutte le religioni del mondo, allora voi dovete rispettarle tutte e apprenderle al fine di vedere il loro valore e il loro contributo.<\/p>\n<p>Dio si muove nel mondo lavorando attraverso le persone, dall\u2019interno all\u2019esterno. Pertanto, dovete ascoltare questo negli altri.<\/p>\n<p>Dio ha messo La Conoscenza dentro di voi per guidarvi, per benedirvi e per proteggervi, per prepararvi per una vita superiore di servizio e di realizzazione. Voi dovete intraprendere i Passi verso questa Conoscenza. Perch\u00e9 quello \u00e8 il pilastro e il vero percorso della vostra fede, in qualsiasi tradizione Religiosa stiate funzionando.<\/p>\n<p>Dio non condanna, allora voi non dovete condannare. Dio non punisce, allora voi non dovete punire, irragionevolmente e senza cuore.<\/p>\n<p>La vostra ideologia non pu\u00f2 mai comprendere il piano superiore di Dio, o comprendere quello che la vostra religione veramente significa e il motivo per cui siete stati mandati nel mondo. Queste cose tutte esistono al di l\u00e0 del regno e della portata dell\u2019intelletto.<\/p>\n<p>Avere nozioni meravigliose e fantastiche non vi riporter\u00e0 in unione con Dio o con lo scopo superiore che vi ha mandato qua e che sta aspettando di essere scoperto. A questo, Dio risponde.<\/p>\n<p>Morire per le vostre ideologie, uccidere gli altri per le vostre ideologie \u00e8 una abominazione nel nome di Dio. \u00c8 malattia. \u00c8 malattia mentale, impatta grandi popolazioni di persone.<\/p>\n<p>Il vero credente in Dio non fa queste cose. La vera fede \u00e8 nel potere e nella presenza della Conoscenza ed \u00e8 in coloro che vi hanno mandato qua e che vegliano su di voi, anche adesso.<\/p>\n<p>Questo \u00e8 un Mistero. Tutto quello che ha valore viene dal Mistero. Dovete avere il coraggio e l\u2019umilt\u00e0 di entrare nel Mistero, di vivere con le domande, di non basare la vostra vita sulle risposte e andare al di l\u00e0 della parola, perch\u00e9 la parola \u00e8 solo l\u2019inizio del vostro viaggio di ritorno a Dio.<\/p>\n<p>Dio non \u00e8 qua per tirarvi fuori dal mondo ma per portarvi nel mondo con uno scopo e un significato superiore. Per\u00f2 per consentire a Dio di aiutarvi, dovete essere disponibili a cambiare la vostra vita e le vostre idee e separarvi dal vostro vecchio modo di pensare e di comportarvi.<\/p>\n<p>Questa \u00e8 la sfida, ma questa \u00e8 anche la liberazione. Perch\u00e9 il vostro vecchio modo di pensare e di comportarvi, in quasi tutti i casi, non vi porter\u00e0 da nessuna parte eccetto che nel vuoto e nella disperazione e ritornerete alla vostra Antica Casa con la vostra missione incompiuta e non riconosciuta.<\/p>\n<p>Non vi \u00e8 un giorno del giudizio. Non vi \u00e8 Inferno e dannazione. Per quale motivo vi condannerebbe o vi dannerebbe, Dio, quando Dio sa che senza La Conoscenza, potete solo essere nell\u2019errore, cercando di usare le vostre idee e le vostre ideologie come dei pilastri di verit\u00e0, quando una verit\u00e0 superiore si trova interamente al di l\u00e0 di ci\u00f2?<\/p>\n<p>Dio adesso ha mandato una grande Rivelazione nel mondo. Mandata, \u00e8 essa, dall\u2019Assemblea Angelica. \u00c8 la pi\u00f9 estesa che sia mai stata data a questo mondo, data in un tempo di profondo bisogno e di grande cambiamento. \u00c8 la pi\u00f9 grande soglia in tutta la storia umana, ora che l\u2019umanit\u00e0 affronta la vita in un mondo in declino, ora che l\u2019umanit\u00e0 affronta un universo pieno di vita intelligente. Le vostre ideologie probabilmente non tengono conto di queste cose e anche se lo facessero, non sarebbero complete.<\/p>\n<p>Avrete bisogno che Dio vi aiuti adesso, perch\u00e9 l\u2019umanit\u00e0 \u00e8 molto in ritardo nella sua preparazione. Le ideologie e la religione umana, non vi possono preparare per queste due grandi soglie.<\/p>\n<p>\u00c8 una realt\u00e0 in cui l\u2019umanit\u00e0 si deve unire per sopravvivere, principalmente per la pura necessit\u00e0 di cooperare e deve terminare i suoi conflitti senza fine.<\/p>\n<p>\u00c8 un tempo di grande cambiamento nel pensiero e nelle tradizioni di pensiero che sono state cos\u00ec determinanti nel comportamento e nel pensiero umano in passato. \u00c8 un enorme restauro, se visto correttamente e sar\u00e0 molto sfidante per tutte le persone affrontarlo e accettarlo. Ma non vi \u00e8 fuga dalla Grandi Onde di cambiamento che stanno venendo su questo mondo e non potete fuggire dal fatto che l\u2019umanit\u00e0, adesso, sia visitata da forze pericolose provenienti dall\u2019universo.<\/p>\n<p>Queste cose stanno succedendo siate voi pronti o no, siate voi disponibili o no, siate voi consapevoli o no. Esse altereranno il corso della vostra vita e i destino dei vostri figli\u2014un enorme pericolo, una enorme opportunit\u00e0, per voi e per tutta la famiglia umana.<\/p>\n<p>Dovete essere disposti a uscire dalle vostre ideologie fisse, dalle vostre ideologie politiche, dalle vostre ideologie Religiose, dalle vostre ideologie sociali, per ingaggiarvi ex novo con la realt\u00e0 e capire che a meno che l\u2019umanit\u00e0 non si unisca per la propria protezione e il proprio avanzamento, si disintegrer\u00e0 e cadr\u00e0 in preda a potenze straniere. Questo \u00e8 successo innumerevoli volte nell\u2019universo intorno a voi.<\/p>\n<p>Dio conosce quello che sta arrivando all\u2019orizzonte e i grandi pericoli e rischi in vista e Dio conosce la grande opportunit\u00e0, la pi\u00f9 grande opportunit\u00e0 mai fruita dall\u2019umanit\u00e0 per unirsi al fine di proteggere la civilt\u00e0 umana, per ripristinare la produttivit\u00e0 del mondo e assicurare un futuro per l\u2019umanit\u00e0.<\/p>\n<p>Il fondamentalismo religioso solamente lotter\u00e0 e faticher\u00e0, distrugger\u00e0 e aliener\u00e0. Questa non \u00e8 la Volont\u00e0 del Creatore. La religione ha lo scopo di aprire il vostro cuore, non di fissare la vostra mente.<\/p>\n<p>Dovete essere misericordiosi. Dovete essere tolleranti. Dovete imparare le cognizioni degli altri. Dovete capire che la Grande Fede \u00e8 al di l\u00e0 del solo credo religioso.<\/p>\n<p>Dovete intraprendere i Passi verso La Conoscenza al fine di trovare quella voce pi\u00f9 profonda che Dio ha messo dentro di voi da seguire e da trovare. Perch\u00e9 \u00e8 solo in questo modo che potete essere riuniti con la vostra Fonte.<\/p>\n<p>Il Cielo benedice coloro che sanno rispondere e chiama tutti gli altri alla vera identificazione.<\/p>\n<p>Non permettete che nulla divida la famiglia umana adesso. Non permettete mai che la religione sia un articolo di guerra o una giustificazione per il conflitto.<\/p>\n<p>La tendenza umana verso la rigida ideologia deve essere individuata e gestita in tal senso, altrimenti l\u2019umanit\u00e0 non avr\u00e0 la forza, il coraggio o l\u2019unit\u00e0 per avere successo nei tempi che verranno.<\/p>\n<p>La Presenza \u00e8 con voi. Dio \u00e8 dappertutto che lavora attraverso individui al livello della Conoscenza. Questa \u00e8 religione nella sua forma pi\u00f9 pura e pi\u00f9 eterna.<br \/>\n&lt;!&#8211; <\/p>\n<p style=\"text-align: right\"><em>Read <a href=\"https:\/\/www.newmessage.org\/receiving-religious-fundamentalism\">&#8220;Receiving Religious Fundamentalism&#8221;<\/a> by Patricia Summers<\/em><\/p>\n<p> &#8211;&gt;<\/p>\n","protected":false},"excerpt":{"rendered":"<p>Le persone che vivono nella Separazione cercano di fare in modo che tutto calzi la Separazione. Essi cercano di fare in modo che le loro idee, le loro attivit\u00e0, le loro convinzioni e la loro enfasi nella vita operino nel reame della vita in isolamento, essendo separate da Dio e dalla propria Fonte. Il Signore\u2026 <a class=\"read-more\" href=\"https:\/\/www.v6.newmessage.org\/it\/about-recording-shortcode\"><span>Read More<\/span><\/a><\/p>\n","protected":false},"author":31,"featured_media":0,"parent":16492,"menu_order":3,"comment_status":"closed","ping_status":"closed","template":"template-leftsidebar.php","meta":{"_monsterinsights_skip_tracking":false,"_monsterinsights_sitenote_active":false,"_monsterinsights_sitenote_note":"","_monsterinsights_sitenote_category":0,"footnotes":""},"categories":[118,76,30,466,460],"tags":[749,740,745,787,750,743,748,741,746,744,747,742],"_links":{"self":[{"href":"https:\/\/www.v6.newmessage.org\/it\/wp-json\/wp\/v2\/pages\/18697"}],"collection":[{"href":"https:\/\/www.v6.newmessage.org\/it\/wp-json\/wp\/v2\/pages"}],"about":[{"href":"https:\/\/www.v6.newmessage.org\/it\/wp-json\/wp\/v2\/types\/page"}],"author":[{"embeddable":true,"href":"https:\/\/www.v6.newmessage.org\/it\/wp-json\/wp\/v2\/users\/31"}],"replies":[{"embeddable":true,"href":"https:\/\/www.v6.newmessage.org\/it\/wp-json\/wp\/v2\/comments?post=18697"}],"version-history":[{"count":11,"href":"https:\/\/www.v6.newmessage.org\/it\/wp-json\/wp\/v2\/pages\/18697\/revisions"}],"predecessor-version":[{"id":28132,"href":"https:\/\/www.v6.newmessage.org\/it\/wp-json\/wp\/v2\/pages\/18697\/revisions\/28132"}],"up":[{"embeddable":true,"href":"https:\/\/www.v6.newmessage.org\/it\/wp-json\/wp\/v2\/pages\/16492"}],"wp:attachment":[{"href":"https:\/\/www.v6.newmessage.org\/it\/wp-json\/wp\/v2\/media?parent=18697"}],"wp:term":[{"taxonomy":"category","embeddable":true,"href":"https:\/\/www.v6.newmessage.org\/it\/wp-json\/wp\/v2\/categories?post=18697"},{"taxonomy":"post_tag","embeddable":true,"href":"https:\/\/www.v6.newmessage.org\/it\/wp-json\/wp\/v2\/tags?post=18697"}],"curies":[{"name":"wp","href":"https:\/\/api.w.org\/{rel}","templated":true}]}}