{"id":16492,"date":"2014-10-29T23:53:02","date_gmt":"2014-10-29T23:53:02","guid":{"rendered":"http:\/\/www.newmessage.org\/?page_id=16492"},"modified":"2023-10-26T01:39:17","modified_gmt":"2023-10-26T01:39:17","slug":"la-religione-pura","status":"publish","type":"page","link":"https:\/\/www.v6.newmessage.org\/it\/il-messaggio\/volume-1\/la-religione-pura","title":{"rendered":"La Religione Pura"},"content":{"rendered":"<div id=\"attachment_23180\" style=\"width: 241px\" class=\"wp-caption alignright\"><img loading=\"lazy\" decoding=\"async\" aria-describedby=\"caption-attachment-23180\" class=\"imgborder \" src=\"https:\/\/www.newmessage.org\/wp-content\/uploads\/2014\/10\/the-pure-religion-205x300.jpg\" alt=\"\" width=\"231\" height=\"339\" \/><p id=\"caption-attachment-23180\" class=\"wp-caption-text\"><\/p>\n<p><\/p><\/div>\n<p><em>La Religione Pura<\/em> \u00e8 un libro di rivelazione dato da Dio per rivelare in modo nuovo il profondo cuore e significato delle religioni del mondo e della Potenza e Presenza di Dio, che cerca di parlare a tutte le genti di tutte le tradizioni di fede nel mondo in questo tempo.<\/p>\n<p><em>La Religione Pura<\/em> \u00e8 il percorso senza tempo, di risveglio, di redenzione e di ritorno al Creatore, iniziato da Dio all\u2019inizio della Separazione e poi introdotto in tutti i mondi nell\u2019universo dove esiste la vita intelligente. <em>La Religione Pura<\/em> \u00e8 la risposta di Dio alla tragedia e alla sofferenza che vivere in uno stato di Separazione da Dio ha creato nella storia della religione in questo mondo. \u00c8 la comunicazione vivente da Dio a tutta la vita, che chiama tutti coloro che stanno ancora vivendo nella Separazione affinch\u00e9 ritornino all\u2019unit\u00e0 di Dio, e offre un percorso di ritorno.<\/p>\n<p>Dio ha parlato di nuovo, consegnando una Nuova Rivelazione all\u2019umanit\u00e0. Questa Rivelazione \u00e8 un diretto riverbero della pura spiritualit\u00e0 che giace nel cuore di tutte le religioni del mondo.<\/p>\n<p>Il Nuovo Messaggio proclama che nessuno pu\u00f2 dichiarare che la propria religione sia la sola vera religione. Invece, c\u2019\u00e8 il puro e misterioso richiamo di Dio a ogni persona nel mondo. Questo richiamo risuona per tutte le genti, Cristiane, Musulmane, Ebree, Buddiste, oppure persone di un\u2019altra fede o persone che non hanno una particolare fede. Questo \u00e8 un richiamo interiore, che chiama ogni persona ad andare oltre i confini del credo e di entrare in una vita di profonda esperienza, di relazione superiore e di scopo superiore nel mondo.<\/p>\n<p>Un Nuovo Messaggio da Dio \u00e8 venuto nel mondo. \u00c8 un\u2019espressione della pura connessione senza tempo con Dio, cos\u00ec come \u00e8 esistita nel corso della storia umana e dall\u2019inizio dell\u2019universo manifesto. L\u2019umanit\u00e0 adesso ha diretto accesso a questa pura esperienza che non \u00e8 ostruita dall\u2019errata comprensione, autorit\u00e0 e corruzione umana. Adesso \u00e8 entrata nel mondo di nuovo.<\/p>\n<p><em>La Religione Pura \u00e8 un libro del <a href=\"https:\/\/www.newmessage.org\/it\/il-messaggio\/volume-1\">Volume 1<\/a> del Nuovo Messaggio da Dio.<\/em><\/p>\n<p style=\"text-align: left;\"><div class=\"toggle toggle-white\"><h4 class=\"trigger \"><span class=\"t_ico\"><\/span><a href=\"#\">Ulteriori informazioni riguardo ai volumi del Nuovo Messaggio da Dio<\/a><\/h4><div class=\"toggle_container \"><br \/>\n<div data-post-id='24520' class='insert-page insert-page-24520 '><p>Il Nuovo Messaggio da Dio in definitiva sar\u00e0 contenuto in sei volumi individuali. Ogni volume contiene due o pi\u00f9 libri e ogni libro \u00e8 organizzato in capitoli.<\/p>\n<p>Pertanto, la struttura futura del Nuovo Messaggio da Dio si potrebbe esprimere nel modo seguente:<\/p>\n<div id=\"attachment_24097\" style=\"width: 227px\" class=\"wp-caption alignright\"><a href=\"https:\/\/www.newmessage.org\/wp-content\/uploads\/2015\/08\/Volumes-Books-InfoGraphic.001.jpg\"><img loading=\"lazy\" decoding=\"async\" aria-describedby=\"caption-attachment-24097\" class=\"imgborder \" src=\"https:\/\/www.newmessage.org\/wp-content\/uploads\/2015\/08\/Volumes-Books-InfoGraphic.001.jpg\" alt=\"The New Message One Book\" width=\"217\" height=\"234\" \/><\/a><p id=\"caption-attachment-24097\" class=\"wp-caption-text\">Il Libro Unico del Nuovo Messaggio<\/p><\/div>\n<p><strong>Volume &gt; Libro &gt; Capitolo &gt; Verso.<br \/>\n<\/strong><\/p>\n<p>Il Nuovo Messaggio da Dio contiene la pi\u00f9 grande mole di Rivelazione mai data al mondo. Si rivolge a quasi tutti gli aspetti delle nostre vite, presentando delle nuove realt\u00e0 mai rivelate in precedenza. La Societ\u00e0 (\u201cThe Society for the New Message from God\u201d &#8211; La Societ\u00e0 per il Nuovo Messaggio da Dio) sta lavorando per rendere i libri del Nuovo Messaggio e le Rivelazioni parlate disponibili e accessibili al mondo.<\/p>\n<p>Attualmente, La Societ\u00e0 \u00e8 in grado di offrire un grande numero di registrazioni originali della Voce della Rivelazione. Qua siete invitati a sentire la potenza e il mistero della \u201cVoce\u201d proprio come parl\u00f2 in origine al Messaggero in stato di Rivelazione. Mai prima d\u2019ora era stato possibile udire la Voce originale della Rivelazione.<\/p>\n<p>La compilazione dell\u2019intero Nuovo Messaggio \u00e8 un lavoro che \u00e8 in corso, intrapreso in un lungo periodo di tempo. In aggiunta, la Rivelazione continua ad oggi con nuovi insegnamenti che sono dati ogni anno. Per questo motivo, la selezione degli insegnamenti di ogni libro potrebbe variare. Ne consegue che anche i titoli dei libri potrebbero cambiare per meglio rispecchiare la crescita di ogni libro. State vivendo in un tempo di Rivelazione e siete testimoni del processo di Rivelazione che si dispiega davanti a voi.<\/p>\n<p><strong>Libri Online<\/strong><\/p>\n<p>La Societ\u00e0 sta lavorando per rendere il Nuovo Messaggio disponibile al mondo gratuitamente online. Attualmente un certo numero di libri del Nuovo Messaggio sono disponibili gratuitamente presso www.newmessage.org dove potete esplorare la biblioteca di libri gratuiti online.<\/p>\n<p><strong>Pubblicazioni Future<\/strong><\/p>\n<p>La Societ\u00e0 continuer\u00e0 a mandare avanti la sua visione di pubblicare la totalit\u00e0 del Nuovo Messaggio da Dio, nei suoi libri e volumi, e forse un giorno come un unico libro, semplicemente chiamato: \u201cIl Nuovo Messaggio da Dio.\u201d Questa \u00e8 una impresa enorme per la quale La Societ\u00e0 ha bisogno del vostro contributo e della vostra partecipazione. Per favore considerate la possibilit\u00e0 di fare una donazione o di diventare un Pilastro del Nuovo Messaggio per supportare questa sacra causa. Vi ringraziamo per il vostro supporto<\/p>\n<\/div><br \/>\n<\/div><\/div>\n<div class=\"background-color-bridesmaid padding-20\">\n<h2>Indice dei Contenuti<\/h2>\n<p><a href=\"https:\/\/www.newmessage.org\/it\/il-messaggio\/volume-1\/la-religione-pura\/la-religione-pura\">La Religione Pura<\/a><\/p>\n<p><a href=\"https:\/\/www.newmessage.org\/it\/il-messaggio\/volume-1\/la-religione-pura\/la-grande-fede\">La Grande Fede<\/a><\/p>\n<p><a href=\"https:\/\/www.newmessage.org\/it\/il-messaggio\/volume-1\/la-religione-pura\/il-sacro\/\">Il Sacro<\/a><\/p>\n<p><a href=\"https:\/\/www.newmessage.org\/it\/il-messaggio\/volume-1\/la-religione-pura\/lantico-patto-di-dio-con-lumanita\">L\u2019Antico Patto di Dio con L\u2019Umanit\u00e0<\/a><\/p>\n<p><a href=\"https:\/\/www.newmessage.org\/it\/il-messaggio\/volume-1\/la-religione-pura\/lo-scopo-della-religione\">Lo Scopo della Religione<\/a><\/p>\n<p><a href=\"https:\/\/www.newmessage.org\/it\/il-messaggio\/volume-1\/la-religione-pura\/il-nuovo-messaggio-di-dio-per-le-religioni-del-mondo\">Il Nuovo Messaggio di Dio per le Religioni del Mondo<\/a><\/p>\n<p><a href=\"https:\/\/www.newmessage.org\/it\/il-messaggio\/volume-1\/la-religione-pura\/fondamentalismo-religioso\">Fondamentalismo Religioso<\/a><\/p>\n<p><a href=\"https:\/\/www.newmessage.org\/it\/il-messaggio\/volume-1\/la-religione-pura\/la-violenza-religiosa\">La Violenza Religiosa<\/a><\/p>\n<p><a href=\"http:\/\/www.newmessage.orghttps:\/\/www.newmessage.org\/it\/il-messaggio\/volume-1\/la-religione-pura\/il-paradiso-e-linferno\">Il Paradiso e l&#8217;Inferno<\/a><\/p>\n<p><a href=\"https:\/\/www.newmessage.org\/it\/il-messaggio\/volume-1\/la-religione-pura\/il-peccato-lerrore-e-la-redenzione\">Il Peccato, l\u2019Errore e la Redenzione<\/a><\/p>\n<p><a href=\"https:\/\/www.newmessage.org\/it\/il-messaggio\/volume-1\/la-religione-pura\/il-miracolo\/\">Il Miracolo<\/a><\/p>\n<p><a href=\"https:\/\/www.newmessage.org\/it\/il-messaggio\/volume-1\/la-religione-pura\/le-famiglie-spirituali-e-il-piano-di-dio\/\">Le Famiglie Spirituali e il Piano di Dio<\/a><\/p>\n<p><a href=\"https:\/\/www.newmessage.org\/it\/il-messaggio\/volume-1\/la-religione-pura\/il-redentore\">Il Redentore<\/a><\/p>\n<\/div>\n","protected":false},"excerpt":{"rendered":"<p>La Religione Pura \u00e8 un libro di rivelazione dato da Dio per rivelare in modo nuovo il profondo cuore e significato delle religioni del mondo e della Potenza e Presenza di Dio, che cerca di parlare a tutte le genti di tutte le tradizioni di fede nel mondo in questo tempo. La Religione Pura \u00e8\u2026 <a class=\"read-more\" href=\"https:\/\/www.v6.newmessage.org\/it\/more-about-the-volumes\"><span>Read More<\/span><\/a><\/p>\n","protected":false},"author":1,"featured_media":0,"parent":16287,"menu_order":6,"comment_status":"closed","ping_status":"closed","template":"template-leftsidebar.php","meta":{"_monsterinsights_skip_tracking":false,"_monsterinsights_sitenote_active":false,"_monsterinsights_sitenote_note":"","_monsterinsights_sitenote_category":0,"footnotes":""},"categories":[466,460],"tags":[749,740,745,750,783,743,748,741,746,744,747,742,739],"_links":{"self":[{"href":"https:\/\/www.v6.newmessage.org\/it\/wp-json\/wp\/v2\/pages\/16492"}],"collection":[{"href":"https:\/\/www.v6.newmessage.org\/it\/wp-json\/wp\/v2\/pages"}],"about":[{"href":"https:\/\/www.v6.newmessage.org\/it\/wp-json\/wp\/v2\/types\/page"}],"author":[{"embeddable":true,"href":"https:\/\/www.v6.newmessage.org\/it\/wp-json\/wp\/v2\/users\/1"}],"replies":[{"embeddable":true,"href":"https:\/\/www.v6.newmessage.org\/it\/wp-json\/wp\/v2\/comments?post=16492"}],"version-history":[{"count":61,"href":"https:\/\/www.v6.newmessage.org\/it\/wp-json\/wp\/v2\/pages\/16492\/revisions"}],"predecessor-version":[{"id":29589,"href":"https:\/\/www.v6.newmessage.org\/it\/wp-json\/wp\/v2\/pages\/16492\/revisions\/29589"}],"up":[{"embeddable":true,"href":"https:\/\/www.v6.newmessage.org\/it\/wp-json\/wp\/v2\/pages\/16287"}],"wp:attachment":[{"href":"https:\/\/www.v6.newmessage.org\/it\/wp-json\/wp\/v2\/media?parent=16492"}],"wp:term":[{"taxonomy":"category","embeddable":true,"href":"https:\/\/www.v6.newmessage.org\/it\/wp-json\/wp\/v2\/categories?post=16492"},{"taxonomy":"post_tag","embeddable":true,"href":"https:\/\/www.v6.newmessage.org\/it\/wp-json\/wp\/v2\/tags?post=16492"}],"curies":[{"name":"wp","href":"https:\/\/api.w.org\/{rel}","templated":true}]}}