{"id":16489,"date":"2014-10-29T23:51:33","date_gmt":"2014-10-29T23:51:33","guid":{"rendered":"http:\/\/www.newmessage.org\/?page_id=16489"},"modified":"2018-12-10T11:22:17","modified_gmt":"2018-12-10T11:22:17","slug":"il-nuovo-messaggero","status":"publish","type":"page","link":"https:\/\/www.v6.newmessage.org\/it\/il-messaggio\/volume-1\/il-nuovo-messaggero","title":{"rendered":"Il Nuovo Messaggero"},"content":{"rendered":"<p><em><img loading=\"lazy\" decoding=\"async\" width=\"200\" height=\"300\" class=\"alignright size-medium wp-image-27779 imgborder\" src=\"https:\/\/www.newmessage.org\/it\/wp-content\/uploads\/sites\/41\/2014\/10\/The-New-Messenger-ebook-cover-200x300.jpg\" alt=\"The-New-Messenger-ebook-cover\" srcset=\"https:\/\/www.v6.newmessage.org\/it\/wp-content\/uploads\/sites\/41\/2014\/10\/The-New-Messenger-ebook-cover-200x300.jpg 200w, https:\/\/www.v6.newmessage.org\/it\/wp-content\/uploads\/sites\/41\/2014\/10\/The-New-Messenger-ebook-cover-400x600.jpg 400w, https:\/\/www.v6.newmessage.org\/it\/wp-content\/uploads\/sites\/41\/2014\/10\/The-New-Messenger-ebook-cover-500x750.jpg 500w, https:\/\/www.v6.newmessage.org\/it\/wp-content\/uploads\/sites\/41\/2014\/10\/The-New-Messenger-ebook-cover.jpg 600w\" sizes=\"(max-width: 200px) 100vw, 200px\" \/>Il Nuovo Messaggero<\/em> \u00e8 un libro di rivelazione che riguarda l\u2019origine, il lignaggio e la missione dei Messaggeri di Dio che, in tempi diversi della storia umana, sono entrati nel mondo per ricevere e presentare Nuove Rivelazioni per l\u2019umanit\u00e0.<\/p>\n<p>Il Nuovo Messaggio insegna che tutti i precedenti Messaggeri di Dio furono membri dell\u2019Assemblea Angelica che veglia sul mondo. Nel corso della storia, in risposta alla Volont\u00e0 di Dio, questa Assemblea ha mandato nel mondo uno dei loro, in tempi e luoghi specifici al fine di servire i crescenti bisogni dell\u2019umanit\u00e0.<\/p>\n<p>La venuta di un Nuovo Messaggero rappresenta il prossimo capitolo nella Rivelazione progressiva della Volont\u00e0 e del Piano di Dio per l\u2019umanit\u00e0. Adesso Dio ha parlato di nuovo, rivelando quello che non \u00e8 mai stato rivelato prima, parlando attraverso un Nuovo Messaggero, un uomo chiamato Marshall Vian Summers.<\/p>\n<p><em>Il Nuovo Messaggero<\/em> contiene quelle rivelazioni della Fonte che riguardano il Messaggero stesso. Chi \u00e8? Perch\u00e9 fu scelto? Come si pu\u00f2 sapere che lui \u00e8 vero ed autentico? E come \u00e8 lui collegato ai Messaggeri del passato?<\/p>\n<p>Queste sono domande che tutta la gente in buona fede pu\u00f2 porre. Adesso Dio ha parlato di nuovo con una serie di rivelazioni per elevare la nostra comprensione dei Messaggeri di Dio, della loro selezione, della loro identit\u00e0 superiore, della loro relazione tra loro e della conseguenza della loro apparizione e del loro esordio nel mondo.<\/p>\n<p>Ogni capitolo di Il Nuovo Messaggero \u00e8 una rivelazione individuale data da Dio all\u2019umanit\u00e0. Qua avete l\u2019opportunit\u00e0 di capire veramente l\u2019uomo, Marshall Vian Summers, che \u00e8 stato il destinatario di oltre 9000 pagine di rivelazione del Nuovo Messaggio da Dio. La Voce della Rivelazione continua a parlare attraverso il Messaggero e la Parola e la Voce della comunicazione di Dio adesso sono ascoltate intorno al mondo. La Rivelazione continua ad oggi.<\/p>\n<p><em>Il Nuovo Messaggero \u00e8 il terzo libro del <a href=\"\/it\/il-messaggio\/volume-1\">Volume 1<\/a> del Nuovo Messaggio da Dio.<\/em><\/p>\n<p style=\"text-align: left\"><div class=\"toggle toggle-white\"><h4 class=\"trigger \"><span class=\"t_ico\"><\/span><a href=\"#\">Ulteriori informazioni riguardo ai volumi del Nuovo Messaggio da Dio<\/a><\/h4><div class=\"toggle_container \"><br \/>\n<div data-post-id='24520' class='insert-page insert-page-24520 '><p>Il Nuovo Messaggio da Dio in definitiva sar\u00e0 contenuto in sei volumi individuali. Ogni volume contiene due o pi\u00f9 libri e ogni libro \u00e8 organizzato in capitoli.<\/p>\n<p>Pertanto, la struttura futura del Nuovo Messaggio da Dio si potrebbe esprimere nel modo seguente:<\/p>\n<div id=\"attachment_24097\" style=\"width: 227px\" class=\"wp-caption alignright\"><a href=\"https:\/\/www.newmessage.org\/wp-content\/uploads\/2015\/08\/Volumes-Books-InfoGraphic.001.jpg\"><img loading=\"lazy\" decoding=\"async\" aria-describedby=\"caption-attachment-24097\" class=\"imgborder \" src=\"https:\/\/www.newmessage.org\/wp-content\/uploads\/2015\/08\/Volumes-Books-InfoGraphic.001.jpg\" alt=\"The New Message One Book\" width=\"217\" height=\"234\" \/><\/a><p id=\"caption-attachment-24097\" class=\"wp-caption-text\">Il Libro Unico del Nuovo Messaggio<\/p><\/div>\n<p><strong>Volume &gt; Libro &gt; Capitolo &gt; Verso.<br \/>\n<\/strong><\/p>\n<p>Il Nuovo Messaggio da Dio contiene la pi\u00f9 grande mole di Rivelazione mai data al mondo. Si rivolge a quasi tutti gli aspetti delle nostre vite, presentando delle nuove realt\u00e0 mai rivelate in precedenza. La Societ\u00e0 (\u201cThe Society for the New Message from God\u201d &#8211; La Societ\u00e0 per il Nuovo Messaggio da Dio) sta lavorando per rendere i libri del Nuovo Messaggio e le Rivelazioni parlate disponibili e accessibili al mondo.<\/p>\n<p>Attualmente, La Societ\u00e0 \u00e8 in grado di offrire un grande numero di registrazioni originali della Voce della Rivelazione. Qua siete invitati a sentire la potenza e il mistero della \u201cVoce\u201d proprio come parl\u00f2 in origine al Messaggero in stato di Rivelazione. Mai prima d\u2019ora era stato possibile udire la Voce originale della Rivelazione.<\/p>\n<p>La compilazione dell\u2019intero Nuovo Messaggio \u00e8 un lavoro che \u00e8 in corso, intrapreso in un lungo periodo di tempo. In aggiunta, la Rivelazione continua ad oggi con nuovi insegnamenti che sono dati ogni anno. Per questo motivo, la selezione degli insegnamenti di ogni libro potrebbe variare. Ne consegue che anche i titoli dei libri potrebbero cambiare per meglio rispecchiare la crescita di ogni libro. State vivendo in un tempo di Rivelazione e siete testimoni del processo di Rivelazione che si dispiega davanti a voi.<\/p>\n<p><strong>Libri Online<\/strong><\/p>\n<p>La Societ\u00e0 sta lavorando per rendere il Nuovo Messaggio disponibile al mondo gratuitamente online. Attualmente un certo numero di libri del Nuovo Messaggio sono disponibili gratuitamente presso www.newmessage.org dove potete esplorare la biblioteca di libri gratuiti online.<\/p>\n<p><strong>Pubblicazioni Future<\/strong><\/p>\n<p>La Societ\u00e0 continuer\u00e0 a mandare avanti la sua visione di pubblicare la totalit\u00e0 del Nuovo Messaggio da Dio, nei suoi libri e volumi, e forse un giorno come un unico libro, semplicemente chiamato: \u201cIl Nuovo Messaggio da Dio.\u201d Questa \u00e8 una impresa enorme per la quale La Societ\u00e0 ha bisogno del vostro contributo e della vostra partecipazione. Per favore considerate la possibilit\u00e0 di fare una donazione o di diventare un Pilastro del Nuovo Messaggio per supportare questa sacra causa. Vi ringraziamo per il vostro supporto<\/p>\n<\/div><br \/>\n<\/div><\/div>\n<div class=\"background-color-bridesmaid padding-20\">\n<h2>Indice dei Contenuti<\/h2>\n<p><a href=\"\/it\/il-messaggio\/volume-1\/il-nuovo-messaggero\/introduzione\">Introduzione<\/a><\/p>\n<p>Capitolo 1: <a href=\"\/it\/il-messaggio\/volume-1\/il-nuovo-messaggero\/la-volonta-del-cielo\">La Volont\u00e0 del Cielo<\/a><\/p>\n<p>Capitolo 2: <a href=\"https:\/\/www.newmessage.org\/it\/il-messaggio\/volume-1\/il-nuovo-messaggero\/lorigine-del-messaggero\">L\u2019Origine del Messaggero<\/a><\/p>\n<p>Capitolo 3: <a href=\"https:\/\/www.newmessage.org\/it\/il-messaggio\/volume-1\/il-nuovo-messaggero\/il-lignaggio-del-messaggero\">Il Lignaggio del Messaggero<\/a><\/p>\n<p>Capitolo 4: <a href=\"https:\/\/www.newmessage.org\/it\/il-messaggio\/volume-1\/il-nuovo-messaggero\/la-storia-del-messaggero\">La Storia del Messaggero<\/a><\/p>\n<p>Capitolo 5: <a href=\"https:\/\/www.newmessage.org\/it\/il-messaggio\/volume-1\/il-nuovo-messaggero\/requisiti-del-messaggero\">I Requisiti del Messaggero<\/a><\/p>\n<p>Capitolo 6: <a href=\"\/it\/il-messaggio\/volume-1\/il-nuovo-messaggero\/il-velo-del-messaggero\">Il Velo del Messaggero<\/a><\/p>\n<p>Capitolo 7: <a href=\"\/it\/il-messaggio\/volume-1\/il-nuovo-messaggero\/capire-il-nuovo-messaggero\">Capire il Nuovo Messaggero<\/a><\/p>\n<p>Capitolo 8: <a href=\"https:\/\/www.newmessage.org\/it\/il-messaggio\/volume-1\/il-nuovo-messaggero\/di-fronte-alla-luce-della-rivelazione\">Di Fronte alla Luce della Rivelazione<\/a><\/p>\n<p>Capitolo 9: <a href=\"https:\/\/www.newmessage.org\/it\/il-messaggio\/volume-1\/il-nuovo-messaggero\/il-viaggio-del-messaggero\">Il Viaggio del Messaggero<\/a><\/p>\n<p>Capitolo 10: <a href=\"\/it\/il-messaggio\/volume-1\/il-nuovo-messaggero\/il-profeta\">Il Profeta<\/a><\/p>\n<p>Capitolo 11: <a href=\"https:\/\/www.newmessage.org\/it\/il-messaggio\/volume-1\/il-nuovo-messaggero\/la-conseguenza-della-rivelazione\">La Conseguenza della Rivelazione<\/a><\/p>\n<p>Capitolo 12: <a href=\"\/it\/il-messaggio\/volume-1\/il-nuovo-messaggero\/lappello-del-messaggero\">L\u2019Appello del Messaggero<\/a><\/p>\n<p>Capitolo 13: <a href=\"\/it\/il-messaggio\/volume-1\/il-nuovo-messaggero\/camminare-con-il-messaggero\">Camminare con Il Messaggero<\/a><\/p>\n<\/div>\n","protected":false},"excerpt":{"rendered":"<p>Il Nuovo Messaggero \u00e8 un libro di rivelazione che riguarda l\u2019origine, il lignaggio e la missione dei Messaggeri di Dio che, in tempi diversi della storia umana, sono entrati nel mondo per ricevere e presentare Nuove Rivelazioni per l\u2019umanit\u00e0. Il Nuovo Messaggio insegna che tutti i precedenti Messaggeri di Dio furono membri dell\u2019Assemblea Angelica che\u2026 <a class=\"read-more\" href=\"https:\/\/www.v6.newmessage.org\/it\/more-about-the-volumes\"><span>Read More<\/span><\/a><\/p>\n","protected":false},"author":1,"featured_media":0,"parent":16287,"menu_order":5,"comment_status":"closed","ping_status":"closed","template":"template-leftsidebar.php","meta":{"_monsterinsights_skip_tracking":false,"_monsterinsights_sitenote_active":false,"_monsterinsights_sitenote_note":"","_monsterinsights_sitenote_category":0,"footnotes":""},"categories":[465,460],"tags":[749,740,745,750,767,743,748,741,746,744,747,623,742],"_links":{"self":[{"href":"https:\/\/www.v6.newmessage.org\/it\/wp-json\/wp\/v2\/pages\/16489"}],"collection":[{"href":"https:\/\/www.v6.newmessage.org\/it\/wp-json\/wp\/v2\/pages"}],"about":[{"href":"https:\/\/www.v6.newmessage.org\/it\/wp-json\/wp\/v2\/types\/page"}],"author":[{"embeddable":true,"href":"https:\/\/www.v6.newmessage.org\/it\/wp-json\/wp\/v2\/users\/1"}],"replies":[{"embeddable":true,"href":"https:\/\/www.v6.newmessage.org\/it\/wp-json\/wp\/v2\/comments?post=16489"}],"version-history":[{"count":36,"href":"https:\/\/www.v6.newmessage.org\/it\/wp-json\/wp\/v2\/pages\/16489\/revisions"}],"predecessor-version":[{"id":28478,"href":"https:\/\/www.v6.newmessage.org\/it\/wp-json\/wp\/v2\/pages\/16489\/revisions\/28478"}],"up":[{"embeddable":true,"href":"https:\/\/www.v6.newmessage.org\/it\/wp-json\/wp\/v2\/pages\/16287"}],"wp:attachment":[{"href":"https:\/\/www.v6.newmessage.org\/it\/wp-json\/wp\/v2\/media?parent=16489"}],"wp:term":[{"taxonomy":"category","embeddable":true,"href":"https:\/\/www.v6.newmessage.org\/it\/wp-json\/wp\/v2\/categories?post=16489"},{"taxonomy":"post_tag","embeddable":true,"href":"https:\/\/www.v6.newmessage.org\/it\/wp-json\/wp\/v2\/tags?post=16489"}],"curies":[{"name":"wp","href":"https:\/\/api.w.org\/{rel}","templated":true}]}}