{"id":16486,"date":"2014-10-29T23:48:58","date_gmt":"2014-10-29T23:48:58","guid":{"rendered":"http:\/\/www.newmessage.org\/?page_id=16486"},"modified":"2019-03-14T07:55:10","modified_gmt":"2019-03-14T07:55:10","slug":"la-comunita-piu-grande","status":"publish","type":"page","link":"https:\/\/www.v6.newmessage.org\/it\/il-messaggio\/volume-1\/la-comunita-piu-grande","title":{"rendered":"La Comunit\u00e0 Pi\u00f9 Grande"},"content":{"rendered":"<div id=\"attachment_23180\" style=\"width: 241px\" class=\"wp-caption alignright\"><img loading=\"lazy\" decoding=\"async\" aria-describedby=\"caption-attachment-23180\" class=\"imgborder \" src=\"https:\/\/www.newmessage.org\/wp-content\/uploads\/2014\/10\/the-greater-community-205x300.jpg\" alt=\"\" width=\"231\" height=\"339\" \/><p id=\"caption-attachment-23180\" class=\"wp-caption-text\"><\/p>\n<p><\/p><\/div>\n<p>Nel libro <em>La Comunit\u00e0 Pi\u00f9 Grande<\/em>, Dio rivela la realt\u00e0 fisica e spirituale della vita intelligente nell\u2019universo. Conosciuta oltre il nostro mondo come la Comunit\u00e0 Pi\u00f9 Grande (Greater Community), questo universo di vita \u00e8 l\u2019ambiente pi\u00f9 grande in cui siamo da sempre vissuti, ma non siamo mai stati in grado di discernerlo o di capirlo da soli.<\/p>\n<p>Dio sta rivelando all\u2019umanit\u00e0 il fatto che \u00e8 il nostro destino emergere in questa Comunit\u00e0 Pi\u00f9 Grande di vita. Questa \u00e8 la pi\u00f9 grande svolta nella storia umana, una svolta che avr\u00e0 un\u2019enorme conseguenza per tutta la gente, sia adesso che in futuro. Questo in parte \u00e8 il motivo per cui Dio ha parlato di nuovo \u2013 per allertare e per preparare tutta la famiglia umana.<\/p>\n<p>Molta gente intorno al mondo, in tutte le nazioni e culture, sente una connessione naturale e innata con questo panorama pi\u00f9 grande di vita nell\u2019universo, ma nessuno \u00e8 stato in grado di ottenere una comprensione chiara di cosa questo significhi per loro e per il mondo. Adesso una Rivelazione \u00e8 arrivata per illuminare la vostra connessione con la Comunit\u00e0 Pi\u00f9 Grande, per consentirvi di esplorare cosa questo significa e come questo si rapporta con il vostro scopo per il quale siete nel mondo in questo tempo.<\/p>\n<p>Dio adesso sta allertando l\u2019umanit\u00e0 che il suo isolamento nell\u2019universo \u00e8 finito e che il nostro esordio nella Comunit\u00e0 Pi\u00f9 Grande \u00e8 iniziato. Certe forze stanno intervenendo nel nostro mondo, minacciando il futuro e la libert\u00e0 dell\u2019umanit\u00e0. Eppure noi siamo inconsapevoli e impreparati per quello che sta succedendo adesso nel nostro mondo e quello che significher\u00e0 per il nostro futuro.<\/p>\n<p>Tramite il Nuovo Messaggio, Dio sta dando una preparazione per il nostro incontro con forze provenienti dalla Comunit\u00e0 Pi\u00f9 Grande e per le cose essenziali che dobbiamo sapere adesso che ci troviamo presso la soglia dello spazio.<\/p>\n<p>Le rivelazioni presentate qua sono state compilate in questo libro dal Messaggero Marshall Vian Summers. Ulteriore rivelazione e profezia riguardante la Comunit\u00e0 Pi\u00f9 Grande \u00e8 presentata nel libro La Vita nell\u2019Universo e in molti altri testi del Nuovo Messaggio.<\/p>\n<p><em>La Comunit\u00e0 Pi\u00f9 Grande \u00e8 un libro del Volume 1 del Nuovo Messaggio da Dio.<\/em><\/p>\n<p style=\"text-align: left\"><div class=\"toggle toggle-white\"><h4 class=\"trigger \"><span class=\"t_ico\"><\/span><a href=\"#\">Ulteriori informazioni riguardo ai volumi del Nuovo Messaggio da Dio<\/a><\/h4><div class=\"toggle_container \"><br \/>\n<div data-post-id='24520' class='insert-page insert-page-24520 '><p>Il Nuovo Messaggio da Dio in definitiva sar\u00e0 contenuto in sei volumi individuali. Ogni volume contiene due o pi\u00f9 libri e ogni libro \u00e8 organizzato in capitoli.<\/p>\n<p>Pertanto, la struttura futura del Nuovo Messaggio da Dio si potrebbe esprimere nel modo seguente:<\/p>\n<div id=\"attachment_24097\" style=\"width: 227px\" class=\"wp-caption alignright\"><a href=\"https:\/\/www.newmessage.org\/wp-content\/uploads\/2015\/08\/Volumes-Books-InfoGraphic.001.jpg\"><img loading=\"lazy\" decoding=\"async\" aria-describedby=\"caption-attachment-24097\" class=\"imgborder \" src=\"https:\/\/www.newmessage.org\/wp-content\/uploads\/2015\/08\/Volumes-Books-InfoGraphic.001.jpg\" alt=\"The New Message One Book\" width=\"217\" height=\"234\" \/><\/a><p id=\"caption-attachment-24097\" class=\"wp-caption-text\">Il Libro Unico del Nuovo Messaggio<\/p><\/div>\n<p><strong>Volume &gt; Libro &gt; Capitolo &gt; Verso.<br \/>\n<\/strong><\/p>\n<p>Il Nuovo Messaggio da Dio contiene la pi\u00f9 grande mole di Rivelazione mai data al mondo. Si rivolge a quasi tutti gli aspetti delle nostre vite, presentando delle nuove realt\u00e0 mai rivelate in precedenza. La Societ\u00e0 (\u201cThe Society for the New Message from God\u201d &#8211; La Societ\u00e0 per il Nuovo Messaggio da Dio) sta lavorando per rendere i libri del Nuovo Messaggio e le Rivelazioni parlate disponibili e accessibili al mondo.<\/p>\n<p>Attualmente, La Societ\u00e0 \u00e8 in grado di offrire un grande numero di registrazioni originali della Voce della Rivelazione. Qua siete invitati a sentire la potenza e il mistero della \u201cVoce\u201d proprio come parl\u00f2 in origine al Messaggero in stato di Rivelazione. Mai prima d\u2019ora era stato possibile udire la Voce originale della Rivelazione.<\/p>\n<p>La compilazione dell\u2019intero Nuovo Messaggio \u00e8 un lavoro che \u00e8 in corso, intrapreso in un lungo periodo di tempo. In aggiunta, la Rivelazione continua ad oggi con nuovi insegnamenti che sono dati ogni anno. Per questo motivo, la selezione degli insegnamenti di ogni libro potrebbe variare. Ne consegue che anche i titoli dei libri potrebbero cambiare per meglio rispecchiare la crescita di ogni libro. State vivendo in un tempo di Rivelazione e siete testimoni del processo di Rivelazione che si dispiega davanti a voi.<\/p>\n<p><strong>Libri Online<\/strong><\/p>\n<p>La Societ\u00e0 sta lavorando per rendere il Nuovo Messaggio disponibile al mondo gratuitamente online. Attualmente un certo numero di libri del Nuovo Messaggio sono disponibili gratuitamente presso www.newmessage.org dove potete esplorare la biblioteca di libri gratuiti online.<\/p>\n<p><strong>Pubblicazioni Future<\/strong><\/p>\n<p>La Societ\u00e0 continuer\u00e0 a mandare avanti la sua visione di pubblicare la totalit\u00e0 del Nuovo Messaggio da Dio, nei suoi libri e volumi, e forse un giorno come un unico libro, semplicemente chiamato: \u201cIl Nuovo Messaggio da Dio.\u201d Questa \u00e8 una impresa enorme per la quale La Societ\u00e0 ha bisogno del vostro contributo e della vostra partecipazione. Per favore considerate la possibilit\u00e0 di fare una donazione o di diventare un Pilastro del Nuovo Messaggio per supportare questa sacra causa. Vi ringraziamo per il vostro supporto<\/p>\n<\/div><br \/>\n<\/div><\/div>\n<div class=\"background-color-bridesmaid padding-20\">\n<h2>Indice dei Contenuti<\/h2>\n<span class=\"hdark\" > <span class=\"hdark\"><span lang=\"IT\"><em>La Comunit\u00e0 Pi\u00f9 Grande<\/em> \u00e8 disponibile online e in formato cartaceo dal 2017 in lingua Inglese presso la New Knowledge Library.<\/span><\/span><\/span>\n<p><a href=\"https:\/\/www.newmessage.org\/it\/il-messaggio\/volume-1\/la-comunita-piu-grande\/introduzione-a-la-comunita-piu-grande\">Introduzione<\/a><\/p>\n<p>Capitolo 1: <a href=\"https:\/\/www.newmessage.org\/it\/il-messaggio\/volume-1\/la-comunita-piu-grande\/lesordio-dellumanita-nella-comunita-piu-grande\">L\u2019Esordio dell\u2019Umanit\u00e0 nella Comunit\u00e0 Pi\u00f9 Grande<\/a><\/p>\n<p>Capitolo 2: <a href=\"https:\/\/www.newmessage.org\/it\/il-messaggio\/volume-1\/la-comunita-piu-grande\/contatto-con-la-vita-intelligente-nelluniverso\">Contatto con la Vita Intelligente nell\u2019Universo<\/a><\/p>\n<p>Capitolo 3: <a href=\"https:\/\/www.newmessage.org\/it\/il-messaggio\/volume-1\/la-comunita-piu-grande\/affrontare-la-comunita-piu-grande\">Affrontare la Comunit\u00e0 Pi\u00f9 Grande<\/a><\/p>\n<p>Capitolo 4: <a href=\"\/it\/il-messaggio\/volume-1\/la-comunita-piu-grande\/entrare-nella-comunita-piu-grande\">Entrare nella Comunit\u00e0 Pi\u00f9 Grande<\/a><\/p>\n<p>Capitolo 5: <a href=\"\/it\/il-messaggio\/volume-1\/la-comunita-piu-grande\/chi-sono-gli-alleati-dellumanita\">Chi sono gli Alleati dell\u2019Umanit\u00e0?<\/a><\/p>\n<p>Capitolo 6: <a href=\"https:\/\/www.newmessage.org\/it\/il-messaggio\/volume-1\/la-comunita-piu-grande\/i-nemici-dellumanita\">I Nemici dell\u2019Umanit\u00e0<\/a><\/p>\n<p>Capitolo 7: <a href=\"https:\/\/www.newmessage.org\/it\/il-messaggio\/volume-1\/la-comunita-piu-grande\/il-destino-dellumanita-nella-comunita-piu-grande\">Il Destino dell\u2019Umanit\u00e0 nella Comunit\u00e0 Pi\u00f9 Grande<\/a><\/p>\n<p>Capitolo 8: <a href=\"\/it\/il-messaggio\/volume-1\/la-comunita-piu-grande\/prepararsi-per-la-comunita-piu-grande\">Prepararsi per la Comunit\u00e0 Pi\u00f9 Grande<\/a><\/p>\n<p>Capitolo 9: <a href=\"https:\/\/www.newmessage.org\/it\/il-messaggio\/volume-1\/la-comunita-piu-grande\/proteggere-il-mondo\">Proteggere il Mondo<\/a><\/p>\n<p>Capitolo 10: <a href=\"\/it\/il-messaggio\/volume-1\/la-comunita-piu-grande\/limportanza-della-comunita-piu-grande\">L&#8217;Importanza della Comunit\u00e0 Pi\u00f9 Grande<\/a><\/p>\n<p>Capitolo 11: <a href=\"https:\/\/www.newmessage.org\/it\/il-messaggio\/volume-1\/la-comunita-piu-grande\/la-nuova-rivelazione\">La Nuova Rivelazione<\/a><\/p>\n<\/div>\n","protected":false},"excerpt":{"rendered":"<p>Nel libro La Comunit\u00e0 Pi\u00f9 Grande, Dio rivela la realt\u00e0 fisica e spirituale della vita intelligente nell\u2019universo. Conosciuta oltre il nostro mondo come la Comunit\u00e0 Pi\u00f9 Grande (Greater Community), questo universo di vita \u00e8 l\u2019ambiente pi\u00f9 grande in cui siamo da sempre vissuti, ma non siamo mai stati in grado di discernerlo o di capirlo\u2026 <a class=\"read-more\" href=\"https:\/\/www.v6.newmessage.org\/it\/more-about-the-volumes\"><span>Read More<\/span><\/a><\/p>\n","protected":false},"author":1,"featured_media":0,"parent":16287,"menu_order":4,"comment_status":"closed","ping_status":"closed","template":"template-leftsidebar.php","meta":{"_monsterinsights_skip_tracking":false,"_monsterinsights_sitenote_active":false,"_monsterinsights_sitenote_note":"","_monsterinsights_sitenote_category":0,"footnotes":""},"categories":[464,460],"tags":[749,740,745,750,780,743,748,741,746,744,747,742],"_links":{"self":[{"href":"https:\/\/www.v6.newmessage.org\/it\/wp-json\/wp\/v2\/pages\/16486"}],"collection":[{"href":"https:\/\/www.v6.newmessage.org\/it\/wp-json\/wp\/v2\/pages"}],"about":[{"href":"https:\/\/www.v6.newmessage.org\/it\/wp-json\/wp\/v2\/types\/page"}],"author":[{"embeddable":true,"href":"https:\/\/www.v6.newmessage.org\/it\/wp-json\/wp\/v2\/users\/1"}],"replies":[{"embeddable":true,"href":"https:\/\/www.v6.newmessage.org\/it\/wp-json\/wp\/v2\/comments?post=16486"}],"version-history":[{"count":54,"href":"https:\/\/www.v6.newmessage.org\/it\/wp-json\/wp\/v2\/pages\/16486\/revisions"}],"predecessor-version":[{"id":28514,"href":"https:\/\/www.v6.newmessage.org\/it\/wp-json\/wp\/v2\/pages\/16486\/revisions\/28514"}],"up":[{"embeddable":true,"href":"https:\/\/www.v6.newmessage.org\/it\/wp-json\/wp\/v2\/pages\/16287"}],"wp:attachment":[{"href":"https:\/\/www.v6.newmessage.org\/it\/wp-json\/wp\/v2\/media?parent=16486"}],"wp:term":[{"taxonomy":"category","embeddable":true,"href":"https:\/\/www.v6.newmessage.org\/it\/wp-json\/wp\/v2\/categories?post=16486"},{"taxonomy":"post_tag","embeddable":true,"href":"https:\/\/www.v6.newmessage.org\/it\/wp-json\/wp\/v2\/tags?post=16486"}],"curies":[{"name":"wp","href":"https:\/\/api.w.org\/{rel}","templated":true}]}}