{"id":16482,"date":"2014-10-29T23:47:55","date_gmt":"2014-10-29T23:47:55","guid":{"rendered":"http:\/\/www.newmessage.org\/?page_id=16482"},"modified":"2022-08-18T05:06:27","modified_gmt":"2022-08-18T05:06:27","slug":"il-nuovo-mondo","status":"publish","type":"page","link":"https:\/\/www.v6.newmessage.org\/it\/il-messaggio\/volume-1\/il-nuovo-mondo","title":{"rendered":"Il Nuovo Mondo"},"content":{"rendered":"<p>[vc_row][vc_column][vc_column_text]<\/p>\n<p><img loading=\"lazy\" decoding=\"async\" class=\"imgborder alignright wp-image-41222 size-medium\" src=\"https:\/\/www.newmessage.org\/wp-content\/uploads\/2019\/06\/TNW-NKL-cover-200x300.jpg\" alt=\"The New World Book\" width=\"200\" height=\"300\" \/><em>Il Nuovo Mondo<\/em> rivela un messaggio di allerta riguardo al grande cambiamento che sta arrivando nel nostro mondo e rivela una visione profetica di un mondo futuro per il quale ci dobbiamo preparare.<\/p>\n<p><em>Il Nuovo Mondo<\/em> \u00e8 un avvertimento da Dio riguardo al rapido depauperamento e degrado della Terra, del suo clima e del suo ambiente, per mano dell\u2019umanit\u00e0, e dell\u2019urgente azione che dobbiamo intraprendere, individualmente e collettivamente, sia per ripristinare il nostro pianeta che per prepararci per una nuova condizione del mondo in futuro.<\/p>\n<p>Questo libro rivela la grave situazione dell\u2019umanit\u00e0 e le cause pi\u00f9 profonde di una tragedia globale di conflitto, povert\u00e0 e oppressione che si stanno ora diffondendo a livello mondiale. Con ci\u00f2, presenta il Piano di Dio per il mondo e quello che pu\u00f2 salvare l\u2019umanit\u00e0 quando affronter\u00e0 le sue pi\u00f9 grandi prove del futuro.<\/p>\n<p><em>Il Nuovo Mondo<\/em> \u00e8 il preludio profetico al libro Le Grandi Onde del Cambiamento, che presenta in maggiore dettaglio le sfide che affronteremo individualmente e il percorso di preparazione interiore ed esteriore disponibile adesso nel Nuovo Messaggio dato a ogni persona.<\/p>\n<p>Ogni capitolo di <em>Il Nuovo Mondo<\/em> \u00e8 una rivelazione data dalla Fonte, compilata in questo testo dal Messaggero Marshall Vian Summers. Diversi capitoli di <em>Il Nuovo Mondo<\/em> furono ricevuti in luoghi di crescente conflitto e instabilit\u00e0, luoghi che includono Beirut, Aleppo e Teheran.<\/p>\n<p><em>Il Nuovo Mondo \u00e8 un libro del Volume 1 del Nuovo Messaggio da Dio.<\/em><\/p>\n<p style=\"text-align: left;\"><span style=\"color: #525252; line-height: 1.5;\"><div class=\"toggle toggle-white\"><h4 class=\"trigger \"><span class=\"t_ico\"><\/span><a href=\"#\">Ulteriori informazioni riguardo ai volumi del Nuovo Messaggio da Dio<\/a><\/h4><div class=\"toggle_container \"><br \/>\n<div data-post-id='24520' class='insert-page insert-page-24520 '><p>Il Nuovo Messaggio da Dio in definitiva sar\u00e0 contenuto in sei volumi individuali. Ogni volume contiene due o pi\u00f9 libri e ogni libro \u00e8 organizzato in capitoli.<\/p>\n<p>Pertanto, la struttura futura del Nuovo Messaggio da Dio si potrebbe esprimere nel modo seguente:<\/p>\n<div id=\"attachment_24097\" style=\"width: 227px\" class=\"wp-caption alignright\"><a href=\"https:\/\/www.newmessage.org\/wp-content\/uploads\/2015\/08\/Volumes-Books-InfoGraphic.001.jpg\"><img loading=\"lazy\" decoding=\"async\" aria-describedby=\"caption-attachment-24097\" class=\"imgborder \" src=\"https:\/\/www.newmessage.org\/wp-content\/uploads\/2015\/08\/Volumes-Books-InfoGraphic.001.jpg\" alt=\"The New Message One Book\" width=\"217\" height=\"234\" \/><\/a><p id=\"caption-attachment-24097\" class=\"wp-caption-text\">Il Libro Unico del Nuovo Messaggio<\/p><\/div>\n<p><strong>Volume &gt; Libro &gt; Capitolo &gt; Verso.<br \/>\n<\/strong><\/p>\n<p>Il Nuovo Messaggio da Dio contiene la pi\u00f9 grande mole di Rivelazione mai data al mondo. Si rivolge a quasi tutti gli aspetti delle nostre vite, presentando delle nuove realt\u00e0 mai rivelate in precedenza. La Societ\u00e0 (\u201cThe Society for the New Message from God\u201d &#8211; La Societ\u00e0 per il Nuovo Messaggio da Dio) sta lavorando per rendere i libri del Nuovo Messaggio e le Rivelazioni parlate disponibili e accessibili al mondo.<\/p>\n<p>Attualmente, La Societ\u00e0 \u00e8 in grado di offrire un grande numero di registrazioni originali della Voce della Rivelazione. Qua siete invitati a sentire la potenza e il mistero della \u201cVoce\u201d proprio come parl\u00f2 in origine al Messaggero in stato di Rivelazione. Mai prima d\u2019ora era stato possibile udire la Voce originale della Rivelazione.<\/p>\n<p>La compilazione dell\u2019intero Nuovo Messaggio \u00e8 un lavoro che \u00e8 in corso, intrapreso in un lungo periodo di tempo. In aggiunta, la Rivelazione continua ad oggi con nuovi insegnamenti che sono dati ogni anno. Per questo motivo, la selezione degli insegnamenti di ogni libro potrebbe variare. Ne consegue che anche i titoli dei libri potrebbero cambiare per meglio rispecchiare la crescita di ogni libro. State vivendo in un tempo di Rivelazione e siete testimoni del processo di Rivelazione che si dispiega davanti a voi.<\/p>\n<p><strong>Libri Online<\/strong><\/p>\n<p>La Societ\u00e0 sta lavorando per rendere il Nuovo Messaggio disponibile al mondo gratuitamente online. Attualmente un certo numero di libri del Nuovo Messaggio sono disponibili gratuitamente presso www.newmessage.org dove potete esplorare la biblioteca di libri gratuiti online.<\/p>\n<p><strong>Pubblicazioni Future<\/strong><\/p>\n<p>La Societ\u00e0 continuer\u00e0 a mandare avanti la sua visione di pubblicare la totalit\u00e0 del Nuovo Messaggio da Dio, nei suoi libri e volumi, e forse un giorno come un unico libro, semplicemente chiamato: \u201cIl Nuovo Messaggio da Dio.\u201d Questa \u00e8 una impresa enorme per la quale La Societ\u00e0 ha bisogno del vostro contributo e della vostra partecipazione. Per favore considerate la possibilit\u00e0 di fare una donazione o di diventare un Pilastro del Nuovo Messaggio per supportare questa sacra causa. Vi ringraziamo per il vostro supporto<\/p>\n<\/div><br \/>\n<\/div><\/div><\/span><\/p>\n<h2>Indice dei Contenuti<\/h2>\n<div class=\"background-color-bridesmaid padding-20\">\n<p>Introduzione<\/p>\n<p>Capitolo 1: <a href=\"https:\/\/www.nuovomessaggio.org\/il-messaggio\/volume-1\/il-nuovo-mondo\/il-nuovo-mondo\">Entrando nel Nuovo Mondo<\/a><\/p>\n<p>Capitolo 2: <a href=\"https:\/\/www.newmessage.org\/it\/il-messaggio\/volume-1\/il-nuovo-mondo\/il-grande-avvertimento\">Il Grande Avvertimento<\/a><\/p>\n<p>Capitolo 3: <a href=\"https:\/\/www.newmessage.org\/it\/il-messaggio\/volume-1\/il-nuovo-mondo\/lemergenza-globale\">L\u2019Emergenza Globale<\/a><\/p>\n<p>Capitolo 4: <a href=\"https:\/\/www.newmessage.org\/it\/il-messaggio\/volume-1\/il-nuovo-mondo\/la-sorte-dellumanita\/\">La Sorte dell&#8217;Umanit\u00e0<\/a><\/p>\n<p>Capitolo 5: <a href=\"https:\/\/www.newmessage.org\/it\/il-messaggio\/volume-1\/il-nuovo-mondo\/la-corsa-per-salvare-la-civilta-umana\">La Corsa per Salvare la Civilt\u00e0 Umana<\/a><\/p>\n<p>Capitolo 6: <a href=\"https:\/\/www.newmessage.org\/it\/il-messaggio\/volume-1\/il-nuovo-mondo\/sullorlo-del-precipizio\">Sull&#8217;Orlo del Precipizio<\/a><\/p>\n<p>Capitolo 7: <a href=\"https:\/\/www.newmessage.org\/it\/il-messaggio\/volume-1\/il-nuovo-mondo\/affrontare-linstabilita-planetaria\">Affrontare l&#8217;Instabilit\u00e0 Planetaria<\/a><\/p>\n<p>Capitolo 8: <a href=\"https:\/\/www.newmessage.org\/it\/il-messaggio\/volume-1\/il-nuovo-mondo\/il-campo-di-battaglia\/\">Il Campo di Battaglia<\/a><\/p>\n<p>Capitolo 9: <a href=\"https:\/\/www.newmessage.org\/it\/il-messaggio\/volume-1\/il-nuovo-mondo\/costruire-una-sicurezza-globale\/\">Costruire una Sicurezza Globale<\/a><\/p>\n<p>Capitolo 10: <a href=\"https:\/\/www.newmessage.org\/it\/il-messaggio\/volume-1\/il-nuovo-mondo\/prevenire-il-crollo-e-le-guerre-della-disperazione\/\">Prevenire il Crollo e le Guerre della Disperazione<\/a><\/p>\n<p>Capitolo 11: <a href=\"https:\/\/www.newmessage.org\/it\/il-messaggio\/volume-1\/il-nuovo-mondo\/la-grande-transizione\/\">La Grande Transizione<\/a><\/p>\n<p>Capitolo 12: <a href=\"https:\/\/www.newmessage.org\/it\/il-messaggio\/volume-1\/il-nuovo-mondo\/lo-shock-del-futuro\">Lo Shock del Futuro<\/a><\/p>\n<p>Capitolo 13: <a href=\"https:\/\/www.newmessage.org\/it\/il-messaggio\/volume-1\/il-nuovo-mondo\/rimanere-bilanciati-in-un-mondo-che-crolla\">Rimanere Bilanciati in un Mondo che Crolla<\/a><\/p>\n<p>Capitolo 14: <a href=\"https:\/\/www.newmessage.org\/it\/il-messaggio\/volume-1\/il-nuovo-mondo\/resilienza\/\">Resilienza<\/a><\/p>\n<p>Capitolo 15: <a href=\"https:\/\/www.newmessage.org\/it\/il-messaggio\/volume-1\/il-nuovo-mondo\/la-visione\/\">La Visione<\/a><\/p>\n<p>Capitolo 16: <a href=\"https:\/\/www.newmessage.org\/it\/il-messaggio\/volume-1\/il-nuovo-mondo\/il-futuro-dellumanita\/\">Il Futuro dell\u2019Umanit\u00e0<\/a><\/p>\n<\/div>\n","protected":false},"excerpt":{"rendered":"<p>[vc_row][vc_column][vc_column_text] Il Nuovo Mondo rivela un messaggio di allerta riguardo al grande cambiamento che sta arrivando nel nostro mondo e rivela una visione profetica di un mondo futuro per il quale ci dobbiamo preparare. Il Nuovo Mondo \u00e8 un avvertimento da Dio riguardo al rapido depauperamento e degrado della Terra, del suo clima e del\u2026 <a class=\"read-more\" href=\"https:\/\/www.v6.newmessage.org\/it\/more-about-the-volumes\"><span>Read More<\/span><\/a><\/p>\n","protected":false},"author":1,"featured_media":0,"parent":16287,"menu_order":3,"comment_status":"closed","ping_status":"closed","template":"template-leftsidebar.php","meta":{"_monsterinsights_skip_tracking":false,"_monsterinsights_sitenote_active":false,"_monsterinsights_sitenote_note":"","_monsterinsights_sitenote_category":0,"footnotes":""},"categories":[463,460],"tags":[749,740,745,750,701,743,748,741,746,744,747,695,742],"_links":{"self":[{"href":"https:\/\/www.v6.newmessage.org\/it\/wp-json\/wp\/v2\/pages\/16482"}],"collection":[{"href":"https:\/\/www.v6.newmessage.org\/it\/wp-json\/wp\/v2\/pages"}],"about":[{"href":"https:\/\/www.v6.newmessage.org\/it\/wp-json\/wp\/v2\/types\/page"}],"author":[{"embeddable":true,"href":"https:\/\/www.v6.newmessage.org\/it\/wp-json\/wp\/v2\/users\/1"}],"replies":[{"embeddable":true,"href":"https:\/\/www.v6.newmessage.org\/it\/wp-json\/wp\/v2\/comments?post=16482"}],"version-history":[{"count":58,"href":"https:\/\/www.v6.newmessage.org\/it\/wp-json\/wp\/v2\/pages\/16482\/revisions"}],"predecessor-version":[{"id":29269,"href":"https:\/\/www.v6.newmessage.org\/it\/wp-json\/wp\/v2\/pages\/16482\/revisions\/29269"}],"up":[{"embeddable":true,"href":"https:\/\/www.v6.newmessage.org\/it\/wp-json\/wp\/v2\/pages\/16287"}],"wp:attachment":[{"href":"https:\/\/www.v6.newmessage.org\/it\/wp-json\/wp\/v2\/media?parent=16482"}],"wp:term":[{"taxonomy":"category","embeddable":true,"href":"https:\/\/www.v6.newmessage.org\/it\/wp-json\/wp\/v2\/categories?post=16482"},{"taxonomy":"post_tag","embeddable":true,"href":"https:\/\/www.v6.newmessage.org\/it\/wp-json\/wp\/v2\/tags?post=16482"}],"curies":[{"name":"wp","href":"https:\/\/api.w.org\/{rel}","templated":true}]}}