{"id":16323,"date":"2014-10-25T22:29:46","date_gmt":"2014-10-25T22:29:46","guid":{"rendered":"http:\/\/www.newmessage.org\/?page_id=16323"},"modified":"2018-02-06T03:18:12","modified_gmt":"2018-02-06T03:18:12","slug":"volume-6","status":"publish","type":"page","link":"https:\/\/www.v6.newmessage.org\/it\/il-messaggio\/volume-6","title":{"rendered":"Volume 6"},"content":{"rendered":"<h2><strong><img loading=\"lazy\" decoding=\"async\" class=\"imgborder alignright  size-medium\" src=\"https:\/\/www.newmessage.org\/wp-content\/uploads\/2014\/10\/The-New-Message-from-God-Volume-6-215x300.png\" alt=\"\" width=\"215\" height=\"300\" \/><\/strong>Note riguardo al Volume 6<\/h2>\n<p>Il Volume Sei conterr\u00e0 altri libri del Nuovo Messaggio da Dio non inclusi nei primi cinque volumi. Anche se al momento \u00e8 presente solo un libro nel Volume Sei, <a href=\"\/it\/il-messaggio\/volume-6\/segreti-del-cielo\">Segreti del Cielo<\/a>, questo volume si espander\u00e0 quando il Messaggero preparer\u00e0 e pubblicher\u00e0 altri Libri di Rivelazione per il mondo.<\/p>\n<p><!--[toggle type=\"white\" title=\"Ulteriori informazioni riguardo ai volumi del Nuovo Messaggio da Dio\"]\n[insert page='more-about-the-volumes' display='content']\n\n[\/toggle]--><\/p>\n<div class=\"clearfix\"><\/div>\n<div class=\"the-message-books-volumes panel-30 background-tile-1 margin-bottom-20\">\n<h2 class=\"text-align-center margin-bottom-20\"><a class=\"text-color-gray-5 not-underlined\" title=\"Volume 6\" href=\"\/it\/il-messaggio\/volume-6\">Volume 6<\/a><\/h2>\n<div class=\"one_third \" ><\/p>\n<div class=\"message-book-div\"><a class=\"message-book-link-to-post\" title=\"Segreti del Cielo\" href=\"\/it\/il-messaggio\/volume-6\/segreti-del-cielo\" rel=\"bookmark\">Segreti del Cielo<\/a><\/div>\n<p><\/div>\n<div class=\"one_third last\" ><\/p>\n<div class=\"message-book-div more\"><a class=\"message-book-link-to-post\" title=\"Altro in arrivo\u2026\" href=\"\/it\/il-messaggio\/in-arrivo-prossimament\" rel=\"bookmark\">Altro in arrivo\u2026<\/a><\/div>\n<p><\/div>\n<\/div>\n","protected":false},"excerpt":{"rendered":"<p>Note riguardo al Volume 6 Il Volume Sei conterr\u00e0 altri libri del Nuovo Messaggio da Dio non inclusi nei primi cinque volumi. Anche se al momento \u00e8 presente solo un libro nel Volume Sei, Segreti del Cielo, questo volume si espander\u00e0 quando il Messaggero preparer\u00e0 e pubblicher\u00e0 altri Libri di Rivelazione per il mondo. Volume\u2026 <a class=\"read-more\" href=\"https:\/\/www.v6.newmessage.org\/it\/il-messaggio\/volume-6\"><span>Read More<\/span><\/a><\/p>\n","protected":false},"author":1,"featured_media":0,"parent":15090,"menu_order":8,"comment_status":"closed","ping_status":"closed","template":"template-leftsidebar.php","meta":{"_monsterinsights_skip_tracking":false,"_monsterinsights_sitenote_active":false,"_monsterinsights_sitenote_note":"","_monsterinsights_sitenote_category":0,"footnotes":""},"categories":[],"tags":[749,740,745,750,743,748,741,746,744,747,742,862],"_links":{"self":[{"href":"https:\/\/www.v6.newmessage.org\/it\/wp-json\/wp\/v2\/pages\/16323"}],"collection":[{"href":"https:\/\/www.v6.newmessage.org\/it\/wp-json\/wp\/v2\/pages"}],"about":[{"href":"https:\/\/www.v6.newmessage.org\/it\/wp-json\/wp\/v2\/types\/page"}],"author":[{"embeddable":true,"href":"https:\/\/www.v6.newmessage.org\/it\/wp-json\/wp\/v2\/users\/1"}],"replies":[{"embeddable":true,"href":"https:\/\/www.v6.newmessage.org\/it\/wp-json\/wp\/v2\/comments?post=16323"}],"version-history":[{"count":20,"href":"https:\/\/www.v6.newmessage.org\/it\/wp-json\/wp\/v2\/pages\/16323\/revisions"}],"predecessor-version":[{"id":27610,"href":"https:\/\/www.v6.newmessage.org\/it\/wp-json\/wp\/v2\/pages\/16323\/revisions\/27610"}],"up":[{"embeddable":true,"href":"https:\/\/www.v6.newmessage.org\/it\/wp-json\/wp\/v2\/pages\/15090"}],"wp:attachment":[{"href":"https:\/\/www.v6.newmessage.org\/it\/wp-json\/wp\/v2\/media?parent=16323"}],"wp:term":[{"taxonomy":"category","embeddable":true,"href":"https:\/\/www.v6.newmessage.org\/it\/wp-json\/wp\/v2\/categories?post=16323"},{"taxonomy":"post_tag","embeddable":true,"href":"https:\/\/www.v6.newmessage.org\/it\/wp-json\/wp\/v2\/tags?post=16323"}],"curies":[{"name":"wp","href":"https:\/\/api.w.org\/{rel}","templated":true}]}}