{"id":16316,"date":"2014-10-25T22:27:50","date_gmt":"2014-10-25T22:27:50","guid":{"rendered":"http:\/\/www.newmessage.org\/?page_id=16316"},"modified":"2018-02-05T07:06:20","modified_gmt":"2018-02-05T07:06:20","slug":"volume-4","status":"publish","type":"page","link":"https:\/\/www.v6.newmessage.org\/it\/il-messaggio\/volume-4","title":{"rendered":"Volume 4"},"content":{"rendered":"<h2><strong><img loading=\"lazy\" decoding=\"async\" class=\"alignright  size-medium\" src=\"https:\/\/www.newmessage.org\/wp-content\/uploads\/2014\/10\/The-New-Message-from-God-Volume-4-215x300.png\" alt=\"\" width=\"215\" height=\"300\" \/><\/strong>Note riguardo al Volume 4<\/h2>\n<p>Il Volume Quattro contiene i libri delle profezie e ulteriori rivelazioni del Nuovo Messaggio da Dio.<\/p>\n<p>Sono centrali nei libri di questo volume due grandi eventi del nostro tempo: L\u2019Esordio dell\u2019umanit\u00e0 nella Comunit\u00e0 Pi\u00f9 Grande di Vita nell\u2019Universo (Libro 6 \u2013 La Comunit\u00e0 Pi\u00f9 Grande) e le convergenti <a href=\"\/it\/the-message\/volume-4\/great-waves-change\">Grandi Onde del cambiamento<\/a> che stanno ora colpendo il mondo. Questi due eventi coincidenti hanno la potenza di rimodellare il nostro mondo ed impatteranno le vite di ogni uomo, donna e bambino sulla Terra, sia adesso che nei tempi che verranno.<\/p>\n<p>I libri del Volume Quattro sono un diretto dono di Dio per risvegliare, allertare e preparare la famiglia umana per il Grande cambiamento che sta arrivando.<\/p>\n<p>Qua Dio sta rivelando ci\u00f2 che l\u2019umanit\u00e0 non \u00e8 in grado di vedere o sapere da sola. Solo una Rivelazione divina pu\u00f2 risvegliare l\u2019umanit\u00e0 riguardo ai pericoli della sua situazione presente e futura. Solo una visione profetica \u00e8 capace di volgere i nostri occhi verso la grande speranza e il grande potenziale della famiglia umana, anche mentre affrontiamo le nostre pi\u00f9 grandi prove.<\/p>\n<p><!--[toggle type=\"white\" title=\"Ulteriori informazioni riguardo ai volumi del Nuovo Messaggio da Dio\"]\n\n[AboutVolumes]\n\n[\/toggle]--><\/p>\n<div class=\"clearfix\"><\/div>\n<div class=\"the-message-books-volumes panel-30 background-tile-1 margin-bottom-20\">\n<h2 class=\"text-align-center margin-bottom-20\"><a class=\"text-color-gray-5 not-underlined\" title=\"Volume 4\" href=\"\/it\/il-messaggio\/volume-4\">Volume 4<\/a><\/h2>\n<div class=\"one_third \" ><\/p>\n<div class=\"message-book-div\"><a class=\"message-book-link-to-post\" title=\"Le Grandi Onde del Cambiamento\" href=\"\/it\/il-messaggio\/volume-4\/le-grandi-onde-del-cambiamento\">Le Grandi Onde del Cambiamento<\/a><\/div>\n<p><\/div>\n<div class=\"one_third \" ><\/p>\n<div class=\"message-book-div\"><a class=\"message-book-link-to-post\" title=\"La Vita nell\u2019Universo\" href=\"\/it\/il-messaggio\/volume-4\/la-vita-nelluniverso\" rel=\"bookmark\">La Vita nell\u2019Universo<\/a><\/div>\n<p><\/div>\n<div class=\"one_third last\" ><\/p>\n<div class=\"message-book-div more\"><a class=\"message-book-link-to-post\" title=\"Altro in arrivo\u2026\" href=\"\/it\/il-messaggio\/in-arrivo-prossimament\" rel=\"bookmark\">Altro in arrivo\u2026<\/a><\/div>\n<p><\/div>\n<\/div>\n","protected":false},"excerpt":{"rendered":"<p>Note riguardo al Volume 4 Il Volume Quattro contiene i libri delle profezie e ulteriori rivelazioni del Nuovo Messaggio da Dio. Sono centrali nei libri di questo volume due grandi eventi del nostro tempo: L\u2019Esordio dell\u2019umanit\u00e0 nella Comunit\u00e0 Pi\u00f9 Grande di Vita nell\u2019Universo (Libro 6 \u2013 La Comunit\u00e0 Pi\u00f9 Grande) e le convergenti Grandi Onde\u2026 <a class=\"read-more\" href=\"https:\/\/www.v6.newmessage.org\/it\/il-messaggio\/volume-4\"><span>Read More<\/span><\/a><\/p>\n","protected":false},"author":1,"featured_media":0,"parent":15090,"menu_order":15,"comment_status":"closed","ping_status":"closed","template":"template-leftsidebar.php","meta":{"_monsterinsights_skip_tracking":false,"_monsterinsights_sitenote_active":false,"_monsterinsights_sitenote_note":"","_monsterinsights_sitenote_category":0,"footnotes":""},"categories":[],"tags":[749,740,745,750,743,748,741,746,744,747,742,826],"_links":{"self":[{"href":"https:\/\/www.v6.newmessage.org\/it\/wp-json\/wp\/v2\/pages\/16316"}],"collection":[{"href":"https:\/\/www.v6.newmessage.org\/it\/wp-json\/wp\/v2\/pages"}],"about":[{"href":"https:\/\/www.v6.newmessage.org\/it\/wp-json\/wp\/v2\/types\/page"}],"author":[{"embeddable":true,"href":"https:\/\/www.v6.newmessage.org\/it\/wp-json\/wp\/v2\/users\/1"}],"replies":[{"embeddable":true,"href":"https:\/\/www.v6.newmessage.org\/it\/wp-json\/wp\/v2\/comments?post=16316"}],"version-history":[{"count":33,"href":"https:\/\/www.v6.newmessage.org\/it\/wp-json\/wp\/v2\/pages\/16316\/revisions"}],"predecessor-version":[{"id":27608,"href":"https:\/\/www.v6.newmessage.org\/it\/wp-json\/wp\/v2\/pages\/16316\/revisions\/27608"}],"up":[{"embeddable":true,"href":"https:\/\/www.v6.newmessage.org\/it\/wp-json\/wp\/v2\/pages\/15090"}],"wp:attachment":[{"href":"https:\/\/www.v6.newmessage.org\/it\/wp-json\/wp\/v2\/media?parent=16316"}],"wp:term":[{"taxonomy":"category","embeddable":true,"href":"https:\/\/www.v6.newmessage.org\/it\/wp-json\/wp\/v2\/categories?post=16316"},{"taxonomy":"post_tag","embeddable":true,"href":"https:\/\/www.v6.newmessage.org\/it\/wp-json\/wp\/v2\/tags?post=16316"}],"curies":[{"name":"wp","href":"https:\/\/api.w.org\/{rel}","templated":true}]}}