{"id":16312,"date":"2014-10-25T22:25:11","date_gmt":"2014-10-25T22:25:11","guid":{"rendered":"http:\/\/www.newmessage.org\/?page_id=16312"},"modified":"2023-10-23T01:27:55","modified_gmt":"2023-10-23T01:27:55","slug":"volume-2","status":"publish","type":"page","link":"https:\/\/www.v6.newmessage.org\/it\/il-messaggio\/volume-2","title":{"rendered":"Volume 2"},"content":{"rendered":"<p><strong><img loading=\"lazy\" decoding=\"async\" class=\"imgborder alignright  size-medium\" src=\"https:\/\/www.newmessage.org\/wp-content\/uploads\/2014\/10\/The-New-Message-from-God-Volume-2-214x300.png\" alt=\"\" width=\"214\" height=\"300\" \/><\/strong><\/p>\n<h3>Note riguardo al Volume 2<\/h3>\n<p>Il Volume Due del Nuovo Messaggio da Dio contiene la profonda tradizione spirituale al cuore della Nuova Rivelazione di Dio per l\u2019umanit\u00e0.<\/p>\n<p>Qua sono contenuti i testi fondamentali della teologia e della spiritualit\u00e0 del Nuovo Messaggio di Dio. Questo include i libri del Nuovo Messaggio <a href=\"https:\/\/www.newmessage.org\/it\/il-messaggio\/volume-2\/spiritualita-della-comunita-piu-grande\">Spiritualit\u00e0 della Comunit\u00e0 Pi\u00f9 Grande<\/a>, <a href=\"https:\/\/www.newmessage.org\/it\/il-messaggio\/volume-2\/le-relazioni-e-lo-scopo-superiore\">Le Relazioni e lo Scopo Superiore<\/a> e <a href=\"https:\/\/www.newmessage.org\/it\/il-messaggio\/volume-2\/la-comunita-mondiale-del-nuovo-messaggio-di-dio\">La Comunit\u00e0 Mondiale del Nuovo Messaggio di Dio<\/a>. Questi unici e sacri testi furono ricevuti dal Messaggero durante un processo continuo di Rivelazione.<\/p>\n<p>Questi testi espongono la fondamentale Rivelazione di Dio per il mondo, riguardo alla Conoscenza, (<a href=\"https:\/\/www.newmessage.org\/it\/il-messaggio\/volume-2\/spiritualita-della-comunita-piu-grande\/cosa-e-la-conoscenza\">Cosa \u00e8 La Conoscenza<\/a>), la Comunit\u00e0 Pi\u00f9 Grande (<a href=\"https:\/\/www.newmessage.org\/it\/il-messaggio\/volume-2\/spiritualita-della-comunita-piu-grande\/cosa-e-la-comunita-piu-grande\">Cosa \u00e8 la Comunit\u00e0 Pi\u00f9 Grande<\/a>) e <a href=\"https:\/\/www.newmessage.org\/it\/il-messaggio\/volume-2\/le-relazioni-e-lo-scopo-superiore\">Le Relazioni e lo Scopo Superiore<\/a>, insieme agli insegnamenti fondamentali riguardo alla natura della Presenza e dello Scopo di Dio nel mondo e nell\u2019universo al di l\u00e0 del mondo.<\/p>\n<p>In questi testi, l\u2019umanit\u00e0 \u00e8 avviata alla Via della Conoscenza della Comunit\u00e0 Pi\u00f9 Grande, il percorso di pratica spirituale e sviluppo interiore praticato in tutto l\u2019universo sin da tempi immemorabili. La Via della Conoscenza della Comunit\u00e0 Pi\u00f9 Grande \u00e8 ora presentata al nostro mondo per la prima volta.<\/p>\n<p>Mentre questi testi consolidano ulteriormente la fondazione spirituale del Nuovo Messaggio, essi fanno anche echeggiare un richiamo profondamente intimo da Dio all\u2019individuo \u2013 un richiamo di enorme potenza e mistero. Questo richiamo risuona per te, chiamando lungo gli antichi corridoi della tua mente, chiamando la profonda Conoscenza e una antica memoria che vivono dentro di te, in attesa di essere scoperte.<br \/>\n<!--\n[toggle type=\"white\" title=\"Ulteriori informazioni riguardo ai volumi del Nuovo Messaggio da Dio\"]\n[AboutVolumes]\n\n[\/toggle]--><\/p>\n<div class=\"clearfix\"><\/div>\n<div class=\"the-message-books-volumes background-tile-1\">\n<h2 class=\"text-align-center margin-bottom-20 margin-top-20\"><a class=\"text-color-gray-5 not-underlined\" title=\"Volume 2\" href=\"https:\/\/www.newmessage.org\/it\/il-messaggio\/volume-2\">Volume 2<\/a><\/h2>\n<div class=\"one_third \" ><\/p>\n<div class=\"message-book-div\"><a class=\"message-book-link-to-post\" title=\"Spiritualit\u00e0 della Comunit\u00e0 Pi\u00f9 Grande\" href=\"https:\/\/www.newmessage.org\/it\/il-messaggio\/volume-2\/spiritualita-della-comunita-piu-grande\" rel=\"bookmark\">Spiritualit\u00e0 della Comunit\u00e0 Pi\u00f9 Grande<\/a><\/div>\n<div class=\"toggle toggle-gray\"><h4 class=\"trigger \"><span class=\"t_ico\"><\/span><a href=\"#\">Indice dei Contenuti<\/a><\/h4><div class=\"toggle_container \"><br \/>\n<a href=\"https:\/\/www.newmessage.org\/it\/il-messaggio\/volume-2\/spiritualita-della-comunita-piu-grande\/introduzione-scg\">prefazione e introduzione<\/a><br \/>\n<span style=\"line-height: 1.5\">Capitolo 1: <\/span><a href=\"https:\/\/www.newmessage.org\/it\/il-messaggio\/volume-2\/spiritualita-della-comunita-piu-grande\/cosa-e-dio\">Cosa \u00e8 Dio?<\/a><br \/>\n<span style=\"line-height: 1.5\">Capitolo <\/span>2: <a href=\"https:\/\/www.newmessage.org\/it\/il-messaggio\/volume-2\/spiritualita-della-comunita-piu-grande\/cosa-e-il-mondo\">Cosa \u00e8 il Mondo?<\/a><br \/>\n<span style=\"line-height: 1.5\">Capitolo <\/span>3: <a href=\"https:\/\/www.newmessage.org\/it\/il-messaggio\/volume-2\/spiritualita-della-comunita-piu-grande\/cosa-e-la-forza-vitale\">Cosa \u00e8 la Forza Vitale?<\/a><br \/>\n<span style=\"line-height: 1.5\">Capitolo <\/span>4: <a href=\"https:\/\/www.newmessage.org\/it\/il-messaggio\/volume-2\/spiritualita-della-comunita-piu-grande\/cosa-e-la-conoscenza\">Cosa \u00e8 La Conoscenza?<\/a><br \/>\n<span style=\"line-height: 1.5\">Capitolo <\/span>5: <a href=\"https:\/\/www.newmessage.org\/it\/il-messaggio\/volume-2\/spiritualita-della-comunita-piu-grande\/cosa-e-lo-scopo-umano\">Cosa \u00e8 lo Scopo Umano?<\/a><br \/>\n<span style=\"line-height: 1.5\">Capitolo <\/span>6: <a href=\"https:\/\/www.newmessage.org\/it\/il-messaggio\/volume-2\/spiritualita-della-comunita-piu-grande\/cosa-e-la-comunita-piu-grande\">Cosa \u00e8 la Comunit\u00e0 Pi\u00f9 Grande?<\/a><br \/>\n<span style=\"line-height: 1.5\">Capitolo <\/span>7: <a href=\"https:\/\/www.newmessage.org\/it\/il-messaggio\/volume-2\/spiritualita-della-comunita-piu-grande\/come-e-conseguita-la-saggezza-nella-vita\">Come \u00e8 conseguita la Saggezza nella vita?<\/a><br \/>\n<span style=\"line-height: 1.5\">Capitolo <\/span>8: <a href=\"https:\/\/www.newmessage.org\/it\/il-messaggio\/volume-2\/spiritualita-della-comunita-piu-grande\/a-chi-e-destinata-la-saggezza\">A chi \u00e8 destinata la Saggezza?<\/a><br \/>\n<span style=\"line-height: 1.5\">Capitolo <\/span>9: <a href=\"https:\/\/www.newmessage.org\/it\/il-messaggio\/volume-2\/spiritualita-della-comunita-piu-grande\/come-partecipa-dio-nel-mondo\">Come Partecipa Dio nel Mondo?<\/a><br \/>\n<span style=\"line-height: 1.5\">Capitolo <\/span>10: <a href=\"https:\/\/www.newmessage.org\/it\/il-messaggio\/volume-2\/spiritualita-della-comunita-piu-grande\/come-ci-si-prepara\">Come ci si prepara?<\/a><br \/>\n<span style=\"line-height: 1.5\">Capitolo <\/span>11: <a href=\"https:\/\/www.newmessage.org\/it\/il-messaggio\/volume-2\/spiritualita-della-comunita-piu-grande\/quale-lo-scopo-della-tua-preparazione\">Qual \u00e8 lo Scopo della Tua Preparazione?<\/a><br \/>\n<span style=\"line-height: 1.5\">Capitolo <\/span>12: <a href=\"https:\/\/www.newmessage.org\/it\/il-messaggio\/volume-2\/spiritualita-della-comunita-piu-grande\/chi-incontrerete\">Chi Incontrerete?<\/a><br \/>\n<span style=\"line-height: 1.5\">Capitolo <\/span>13: <a href=\"https:\/\/www.newmessage.org\/it\/il-messaggio\/volume-2\/spiritualita-della-comunita-piu-grande\/cosa-deve-essere-disimparato\">Cosa deve essere disimparato?<\/a><br \/>\n<span style=\"line-height: 1.5\">Capitolo <\/span>14: <a href=\"https:\/\/www.newmessage.org\/it\/il-messaggio\/volume-2\/spiritualita-della-comunita-piu-grande\/cosa-deve-essere-evitato\">Cosa deve essere evitato?<\/a><br \/>\n<span style=\"line-height: 1.5\">Capitolo <\/span>15: <a href=\"https:\/\/www.newmessage.org\/it\/il-messaggio\/volume-2\/spiritualita-della-comunita-piu-grande\/chi-serve-lumanita\">Chi serve l\u2019Umanit\u00e0?<\/a><br \/>\n<span style=\"line-height: 1.5\">Capitolo <\/span>16: <a href=\"https:\/\/www.newmessage.org\/it\/il-messaggio\/volume-2\/spiritualita-della-comunita-piu-grande\/chi-sono-gli-unseen-ones\">Chi Sono Gli Unseen Ones?<\/a><br \/>\n<span style=\"line-height: 1.5\">Capitolo <\/span>17: <a href=\"https:\/\/www.newmessage.org\/it\/il-messaggio\/volume-2\/spiritualita-della-comunita-piu-grande\/come-avviene-la-rivelazione-nella-vita-umana\">Come avviene la Rivelazione nella Vita Umana?<\/a><br \/>\n<span style=\"line-height: 1.5\">Capitolo <\/span>18: <a href=\"https:\/\/www.newmessage.org\/it\/il-messaggio\/volume-2\/spiritualita-della-comunita-piu-grande\/quale-e-il-destino-umano\">Quale \u00e8 il Destino Umano?<\/a><br \/>\n<span style=\"line-height: 1.5\">Capitolo <\/span>19: <a href=\"https:\/\/www.newmessage.org\/it\/il-messaggio\/volume-2\/spiritualita-della-comunita-piu-grande\/cosa-e-la-religione\">Cosa \u00e8 la Religione?<\/a><br \/>\n<span style=\"line-height: 1.5\">Capitolo <\/span>20: <a href=\"https:\/\/www.newmessage.org\/it\/il-messaggio\/volume-2\/spiritualita-della-comunita-piu-grande\/cosa-e-listruzione-religiosa-e-a-chi-e-destinata\">Cosa \u00e8 l\u2019Istruzione Religiosa e a chi \u00e8 destinata?<\/a><br \/>\n<span style=\"line-height: 1.5\">Capitolo <\/span>21: <a href=\"https:\/\/www.newmessage.org\/it\/il-messaggio\/volume-2\/spiritualita-della-comunita-piu-grande\/cosa-e-la-via-della-conoscenza-della-comunita-piu-grande\">Cosa \u00e8 La Via della Conoscenza della Comunit\u00e0 Pi\u00f9 Grande?<\/a><br \/>\n<span style=\"line-height: 1.5\">Capitolo <\/span>22: <a href=\"https:\/\/www.newmessage.org\/it\/il-messaggio\/volume-2\/spiritualita-della-comunita-piu-grande\/dove-si-puo-trovare-la-conoscenza\">Dove si pu\u00f2 trovare La Conoscenza?<\/a><br \/>\n<span style=\"line-height: 1.5\">Capitolo <\/span>23: <a href=\"https:\/\/www.newmessage.org\/it\/il-messaggio\/volume-2\/spiritualita-della-comunita-piu-grande\/come-e-tradotta-la-conoscenza-nella-comunita-piu-grande\">Come \u00e8 tradotta La Conoscenza nella Comunit\u00e0 Pi\u00f9 Grande?<\/a><br \/>\n<span style=\"line-height: 1.5\">Capitolo <\/span>24: <a href=\"https:\/\/www.newmessage.org\/it\/il-messaggio\/volume-2\/spiritualita-della-comunita-piu-grande\/cosa-e-passi-verso-la-conoscenza\">Cosa \u00e8 Passi verso La Conoscenza?<\/a><br \/>\n<span style=\"line-height: 1.5\">Capitolo <\/span>25: <a href=\"https:\/\/www.newmessage.org\/it\/il-messaggio\/volume-2\/spiritualita-della-comunita-piu-grande\/cosa-e-la-grazia\">Cosa \u00e8 La Grazia?<\/a><br \/>\n<span style=\"line-height: 1.5\">Capitolo <\/span>26: <a href=\"https:\/\/www.newmessage.org\/it\/il-messaggio\/volume-2\/spiritualita-della-comunita-piu-grande\/chi-e-gesu\">Chi \u00e8 Ges\u00f9?<\/a><br \/>\n<span style=\"line-height: 1.5\">Capitolo <\/span>27: <a href=\"https:\/\/www.newmessage.org\/it\/il-messaggio\/volume-2\/spiritualita-della-comunita-piu-grande\/cosa-e-levoluzione-della-religione-nel-mondo\">Cosa \u00e8 l\u2019evoluzione della religione nel mondo?<\/a><\/p>\n<p><\/div><\/div><br \/>\n<\/div>\n<div class=\"one_third \" ><\/p>\n<div class=\"message-book-div\"><a class=\"message-book-link-to-post\" title=\"Relationships and Higher Purpose\" href=\"https:\/\/www.newmessage.org\/it\/il-messaggio\/volume-2\/le-relazioni-e-lo-scopo-superiore\" rel=\"bookmark\">Le Relazioni e lo Scopo Superiore<\/a><\/div>\n<div class=\"toggle toggle-gray\"><h4 class=\"trigger \"><span class=\"t_ico\"><\/span><a href=\"#\">Indice dei Contenuti<\/a><\/h4><div class=\"toggle_container \"><\/p>\n<p>PARTE PRIMA: LE RELAZIONI E LO SCOPO SUPERIORE<br \/>\nCapitolo 1: <a href=\"\/it\/il-messaggio\/volume-2\/le-relazioni-e-lo-scopo-superiore\/la-piu-fondamentale-delle-tue-relazioni\">La pi\u00f9 Fondamentale delle tue Relazioni<\/a><br \/>\nCapitolo 2: <a href=\"\/it\/il-messaggio\/volume-2\/le-relazioni-e-lo-scopo-superiore\/la-tua-relazione-con-te-stesso\"><span class=\"breadcrumb_last\">La tua Relazione con te Stesso<\/span><\/a><br \/>\nCapitolo 3: <a href=\"https:\/\/www.newmessage.org\/it\/il-messaggio\/volume-2\/le-relazioni-e-lo-scopo-superiore\/la-tua-relazione-con-gli-altri\/\">La tua Relazione con gli Altri<\/a><br \/>\nCapitolo 4: <a href=\"https:\/\/www.newmessage.org\/it\/il-messaggio\/volume-2\/le-relazioni-e-lo-scopo-superiore\/la-tua-relazione-con-il-mondo\">La tua Relazione con il Mondo<\/a><br \/>\nCapitolo 5: <a href=\"https:\/\/www.newmessage.org\/it\/il-messaggio\/volume-2\/le-relazioni-e-lo-scopo-superiore\/la-tua-relazione-con-la-tua-famiglia-spirituale\">La tua Relazione con la tua Famiglia Spirituale<\/a><br \/>\nCapitolo 6: <a href=\"https:\/\/www.newmessage.org\/it\/il-messaggio\/volume-2\/le-relazioni-e-lo-scopo-superiore\/la-tua-relazione-con-la-conoscenza\">La tua Relazione con La Conoscenza<\/a><br \/>\nCapitolo 7: <a href=\"https:\/\/www.newmessage.org\/it\/il-messaggio\/volume-2\/le-relazioni-e-lo-scopo-superiore\/la-tua-relazione-con-lignoto\">La tua Relazione con l\u2019Ignoto<\/a><br \/>\nCapitolo 8: <a href=\"https:\/\/www.newmessage.org\/it\/il-messaggio\/volume-2\/le-relazioni-e-lo-scopo-superiore\/il-problema-del-male-e-delle-forze-di-dissonanza\">Il Problema del Male e delle Forze di Dissonanza<\/a><br \/>\nCapitolo 9: <a href=\"https:\/\/www.newmessage.org\/it\/il-messaggio\/volume-2\/le-relazioni-e-lo-scopo-superiore\/fasi-di-sviluppo\">Fasi di Sviluppo<\/a><br \/>\nCapitolo 10: <a href=\"https:\/\/www.newmessage.org\/it\/il-messaggio\/volume-2\/le-relazioni-e-lo-scopo-superiore\/il-matrimonio\">Il Matrimonio<\/a><br \/>\nCapitolo 11: <a href=\"\/it\/il-messaggio\/volume-2\/le-relazioni-e-lo-scopo-superiore\/il-tuo-scopo-e-la-tua-chiamata-spirituale\"><span class=\"breadcrumb_last\">Il tuo Scopo e la tua Chiamata Spirituale<\/span><\/a><\/p>\n<p>PARTE SECONDA: QUESITI PRATICI<\/p>\n<p>Capitolo 12: <a href=\"https:\/\/www.newmessage.org\/it\/il-messaggio\/volume-2\/le-relazioni-e-lo-scopo-superiore\/stabilire-le-relazioni\/\">Stabilire le Relazioni<\/a><br \/>\nCapitolo 13: <a href=\"https:\/\/www.newmessage.org\/it\/il-messaggio\/volume-2\/le-relazioni-e-lo-scopo-superiore\/mantenere-le-relazioni\/\">Mantenere le Relazioni<\/a><br \/>\nCapitolo 14: <a href=\"https:\/\/www.newmessage.org\/it\/il-messaggio\/volume-2\/le-relazioni-e-lo-scopo-superiore\/completare-le-relazioni\/\">Completare le Relazioni<\/a><br \/>\nCapitolo 15: <a href=\"https:\/\/www.newmessage.org\/it\/il-messaggio\/volume-2\/le-relazioni-e-lo-scopo-superiore\/conclusione\/\">Conclusione<\/a><\/p>\n<p><\/div><\/div><br \/>\n<\/div>\n<div class=\"one_third last\" >\n<div style=\"margin-top: 16px\" class=\"message-book-div\"><a class=\"message-book-link-to-post\" title=\"The Worldwide Community of God's New Message\" href=\"https:\/\/www.newmessage.org\/it\/il-messaggio\/volume-2\/la-comunita-mondiale-del-nuovo-messaggio-di-dio\" rel=\"bookmark\">La Comunit\u00e0 Mondiale del Nuovo Messaggio di Dio<\/a><\/div>\n<div class=\"toggle toggle-gray\"><h4 class=\"trigger \"><span class=\"t_ico\"><\/span><a href=\"#\">Indice dei Contenuti<\/a><\/h4><div class=\"toggle_container \"><br \/>\nIntroduzione<\/p>\n<p>Capitolo 1: <a href=\"https:\/\/www.newmessage.org\/it\/il-messaggio\/volume-2\/la-comunita-mondiale-del-nuovo-messaggio-di-dio\/approcciare-il-nuovo-messaggio\/\">Approcciare il Nuovo Messaggio<\/a><\/p>\n<p>Capitolo 2: <a href=\"https:\/\/www.newmessage.org\/it\/il-messaggio\/volume-2\/la-comunita-mondiale-del-nuovo-messaggio-di-dio\/riconoscere-il-messaggio-e-il-messaggero\/\">Riconoscere il Messaggio e il Messaggero<\/a><\/p>\n<p>Capitolo 3: <a href=\"https:\/\/www.newmessage.org\/it\/il-messaggio\/volume-2\/la-comunita-mondiale-del-nuovo-messaggio-di-dio\/essere-una-persona-del-nuovo-messaggio\">Essere una Persona del Nuovo Messaggio<\/a><\/p>\n<p>Capitolo 4: <a href=\"https:\/\/www.newmessage.org\/it\/il-messaggio\/volume-2\/la-comunita-mondiale-del-nuovo-messaggio-di-dio\/essere-uno-studente-del-nuovo-messaggio\">Essere uno Studente del Nuovo Messaggio<\/a><\/p>\n<p>Capitolo 5: <a href=\"https:\/\/www.newmessage.org\/it\/il-messaggio\/volume-2\/la-comunita-mondiale-del-nuovo-messaggio-di-dio\/come-considerare-il-messaggero\/\">Come Considerare il Messaggero<\/a><\/p>\n<p>Capitolo 6: <a href=\"https:\/\/www.newmessage.org\/it\/il-messaggio\/volume-2\/la-comunita-mondiale-del-nuovo-messaggio-di-dio\/la-comunita-mondiale-del-nuovo-messaggio-di-dio\">La Comunit\u00e0 Mondiale del Nuovo Messaggio<\/a><\/p>\n<p>Capitolo 7: <a href=\"https:\/\/www.newmessage.org\/it\/il-messaggio\/volume-2\/la-comunita-mondiale-del-nuovo-messaggio-di-dio\/portare-il-nuovo-messaggio-nel-mondo\">Portare Il Nuovo Messaggio nel Mondo<\/a><\/p>\n<p>Capitolo 8: <a href=\"https:\/\/www.newmessage.org\/it\/il-messaggio\/volume-2\/la-comunita-mondiale-del-nuovo-messaggio-di-dio\/sostenere-la-nuo\u2026velazione-di-dio\/\">Sostenere la Nuova Rivelazione di Dio<\/a><\/p>\n<p>Capitolo 9: <a href=\"https:\/\/www.newmessage.org\/it\/il-messaggio\/volume-2\/la-comunita-mondiale-del-nuovo-messaggio-di-dio\/testimoniare-la-rivelazione\/\">Testimoniare la Rivelazione<\/a><\/p>\n<p>Capitolo 10: <a href=\"https:\/\/www.newmessage.org\/it\/il-messaggio\/volume-2\/la-comunita-mondiale-del-nuovo-messaggio-di-dio\/affrontare-resistenza-e-ostilita\/\">Affrontare Resistenza e Ostilit\u00e0<\/a><\/p>\n<p>Capitolo 11: <a href=\"https:\/\/www.newmessage.org\/it\/il-messaggio\/volume-2\/la-comunita-mondiale-del-nuovo-messaggio-di-dio\/il-pellegrinaggio\">Il Pellegrinaggio<\/a><\/p>\n<p>Capitolo 12: <a href=\"https:\/\/www.newmessage.org\/it\/il-messaggio\/volume-2\/la-comunita-mondiale-del-nuovo-messaggio-di-dio\/proteggere-il-messaggio-e-il-messaggero\/\">Proteggere il Messaggio e il Messaggero<\/a><\/p>\n<p>Capitolo 13: <a href=\"https:\/\/www.newmessage.org\/it\/il-messaggio\/volume-2\/la-comunita-mondiale-del-nuovo-messaggio-di-dio\/i-guardiani\">I Guardiani<\/a><br \/>\n<\/div><\/div><br \/>\n<\/div><br \/>\n<div class=\"clearfix\"><\/div>\n<div class=\"one_third \" ><\/p>\n<div class=\"message-book-div more\"><a class=\"message-book-link-to-post\" title=\"Altro in Arrivo\u2026\" href=\"https:\/\/www.newmessage.org\/it\/il-messaggio\/in-arrivo-prossimament\" rel=\"bookmark\">Altro in Arrivo\u2026<\/a><\/div>\n<p><\/div>\n<\/div>\n","protected":false},"excerpt":{"rendered":"<p>Note riguardo al Volume 2 Il Volume Due del Nuovo Messaggio da Dio contiene la profonda tradizione spirituale al cuore della Nuova Rivelazione di Dio per l\u2019umanit\u00e0. Qua sono contenuti i testi fondamentali della teologia e della spiritualit\u00e0 del Nuovo Messaggio di Dio. Questo include i libri del Nuovo Messaggio Spiritualit\u00e0 della Comunit\u00e0 Pi\u00f9 Grande,\u2026 <a class=\"read-more\" href=\"https:\/\/www.v6.newmessage.org\/it\/il-messaggio\/volume-2\"><span>Read More<\/span><\/a><\/p>\n","protected":false},"author":1,"featured_media":0,"parent":15090,"menu_order":5,"comment_status":"closed","ping_status":"closed","template":"template-leftsidebar.php","meta":{"_monsterinsights_skip_tracking":false,"_monsterinsights_sitenote_active":false,"_monsterinsights_sitenote_note":"","_monsterinsights_sitenote_category":0,"footnotes":""},"categories":[],"tags":[749,740,745,750,743,748,741,746,744,747,742,792],"_links":{"self":[{"href":"https:\/\/www.v6.newmessage.org\/it\/wp-json\/wp\/v2\/pages\/16312"}],"collection":[{"href":"https:\/\/www.v6.newmessage.org\/it\/wp-json\/wp\/v2\/pages"}],"about":[{"href":"https:\/\/www.v6.newmessage.org\/it\/wp-json\/wp\/v2\/types\/page"}],"author":[{"embeddable":true,"href":"https:\/\/www.v6.newmessage.org\/it\/wp-json\/wp\/v2\/users\/1"}],"replies":[{"embeddable":true,"href":"https:\/\/www.v6.newmessage.org\/it\/wp-json\/wp\/v2\/comments?post=16312"}],"version-history":[{"count":62,"href":"https:\/\/www.v6.newmessage.org\/it\/wp-json\/wp\/v2\/pages\/16312\/revisions"}],"predecessor-version":[{"id":29588,"href":"https:\/\/www.v6.newmessage.org\/it\/wp-json\/wp\/v2\/pages\/16312\/revisions\/29588"}],"up":[{"embeddable":true,"href":"https:\/\/www.v6.newmessage.org\/it\/wp-json\/wp\/v2\/pages\/15090"}],"wp:attachment":[{"href":"https:\/\/www.v6.newmessage.org\/it\/wp-json\/wp\/v2\/media?parent=16312"}],"wp:term":[{"taxonomy":"category","embeddable":true,"href":"https:\/\/www.v6.newmessage.org\/it\/wp-json\/wp\/v2\/categories?post=16312"},{"taxonomy":"post_tag","embeddable":true,"href":"https:\/\/www.v6.newmessage.org\/it\/wp-json\/wp\/v2\/tags?post=16312"}],"curies":[{"name":"wp","href":"https:\/\/api.w.org\/{rel}","templated":true}]}}