{"id":161,"date":"2011-04-23T16:22:26","date_gmt":"2011-04-23T16:22:26","guid":{"rendered":"http:\/\/wp.www.newmessage.org\/?p=161"},"modified":"2016-08-13T16:15:59","modified_gmt":"2016-08-13T16:15:59","slug":"come-fu-ricevuto-il-nuovo-messaggio","status":"publish","type":"page","link":"https:\/\/www.v6.newmessage.org\/it\/informazioni-riguardo-al-nuovo-messaggio\/faq\/come-fu-ricevuto-il-nuovo-messaggio","title":{"rendered":"Come fu ricevuto il Nuovo Messaggio?"},"content":{"rendered":"<blockquote><p>&#8220;Un grande amore ha portato questo Nuovo Messaggio nel mondo\u2014l\u2019amore del Creatore per la Creazione, l\u2019amore del Creatore per la famiglia umana\u2014che mostra all\u2019umanit\u00e0 la sua grande opportunit\u00e0 in questo mondo di diventare una razza unita e libera.\u201d<\/p><\/blockquote>\n<p>Il Nuovo Messaggio rappresenta la Volont\u00e0 di Dio per l\u2019umanit\u00e0, per adesso e per i tempi che verranno. La volont\u00e0 di Dio \u00e8 stata tradotta in un linguaggio, in una preparazione (ndr: un tirocinio) e in un insegnamento completo, attraverso la Presenza Angelica che rappresenta il Volere Divino e lo scopo dell\u2019umanit\u00e0 in questo mondo.<\/p>\n<p>Il Nuovo Messaggio da Dio fu consegnato nel corso di un periodo di oltre 25 anni. Fu ricevuto in uno stato di rivelazione da Marshall Vian Summers. Ogni parola del messaggio fu prima parlata e registrata, poi dopo trascritta. Questo ha preservato l\u2019integrit\u00e0 e la purezza del Nuovo Messaggio nella sua forma originale. Quello che in definitiva sarebbe diventato un libro fu ricevuto in giornate o addirittura in ore. Per esempio, i 27 capitoli di <em>Greater Community Spirituality: A New Revelation<\/em> (ndr: c\u2019\u00e8 un\u2019intera serie di libri, questo libro non \u00e8 ancora disponibile in italiano) furono ricevuti in solo undici giorni. Questo processo di rivelazione continua.<\/p>\n<p>Questo \u00e8 come il Nuovo Messaggio da Dio \u00e8 venuto nel mondo e la sua trasmissione \u00e8 in linea con tutti i grandi Messaggi che sono stati mandati nel mondo per l\u2019avanzamento dell\u2019umanit\u00e0. Dio comunica sempre questi grandi e puntuali Messaggi attraverso la Presenza Angelica, a questo mondo e ad altri mondi nell\u2019Universo. Questa \u00e8 la natura della trasmissione Divina. E\u2019 cos\u00ec che Dio comunica a individui e a interi mondi e razze.<\/p>\n<p>Il Nuovo Messaggio da Dio ha lo scopo di servire l\u2019umanit\u00e0 in questo tempo e nei tempi che verranno. E\u2019 un Messaggio molto grande. Il suo dono, la sua efficacia e la sua puntualit\u00e0 per la famiglia umana non dovrebbero mai essere sottovalutati.<\/p>\n<p>Porta Grande Saggezza e Conoscenza, Conoscenza e Saggezza al di l\u00e0 di qualsiasi cosa che sia mai stata data prima all\u2019umanit\u00e0 e ci vorr\u00e0 grande coraggio, umilt\u00e0 e pazienza per ricevere la totalit\u00e0 di ci\u00f2 che il Nuovo Messaggio contiene. La sua potenza, la sua verit\u00e0 e la pace che offre supereranno la comprensione umana.<\/p>\n<p>Il Nuovo Messaggio di Dio detiene la speranza e la promessa di guidare la famiglia umana nel futuro affinch\u00e8 l\u2019umanit\u00e0 possa costruire maggiore libert\u00e0 e giustizia nel mondo e prendere il suo posto come una razza libera e unita nella Comunit\u00e0 Pi\u00f9 Grande.<\/p>\n<p>&nbsp;<\/p>\n","protected":false},"excerpt":{"rendered":"<p>Il Nuovo Messaggio rappresenta la Volont\u00e0 di Dio per l\u2019umanit\u00e0, per adesso e per i tempi che verranno. La volont\u00e0 di Dio \u00e8 stata tradotta in un linguaggio, in una preparazione (ndr: un tirocinio) e in un insegnamento completo, attraverso la Presenza Angelica che rappresenta il Volere Divino e lo scopo dell\u2019umanit\u00e0 in questo mondo.<\/p>\n","protected":false},"author":1,"featured_media":0,"parent":12778,"menu_order":2,"comment_status":"closed","ping_status":"closed","template":"template-leftsidebar.php","meta":{"_monsterinsights_skip_tracking":false,"_monsterinsights_sitenote_active":false,"_monsterinsights_sitenote_note":"","_monsterinsights_sitenote_category":0,"footnotes":""},"categories":[61],"tags":[],"_links":{"self":[{"href":"https:\/\/www.v6.newmessage.org\/it\/wp-json\/wp\/v2\/pages\/161"}],"collection":[{"href":"https:\/\/www.v6.newmessage.org\/it\/wp-json\/wp\/v2\/pages"}],"about":[{"href":"https:\/\/www.v6.newmessage.org\/it\/wp-json\/wp\/v2\/types\/page"}],"author":[{"embeddable":true,"href":"https:\/\/www.v6.newmessage.org\/it\/wp-json\/wp\/v2\/users\/1"}],"replies":[{"embeddable":true,"href":"https:\/\/www.v6.newmessage.org\/it\/wp-json\/wp\/v2\/comments?post=161"}],"version-history":[{"count":12,"href":"https:\/\/www.v6.newmessage.org\/it\/wp-json\/wp\/v2\/pages\/161\/revisions"}],"predecessor-version":[{"id":27628,"href":"https:\/\/www.v6.newmessage.org\/it\/wp-json\/wp\/v2\/pages\/161\/revisions\/27628"}],"up":[{"embeddable":true,"href":"https:\/\/www.v6.newmessage.org\/it\/wp-json\/wp\/v2\/pages\/12778"}],"wp:attachment":[{"href":"https:\/\/www.v6.newmessage.org\/it\/wp-json\/wp\/v2\/media?parent=161"}],"wp:term":[{"taxonomy":"category","embeddable":true,"href":"https:\/\/www.v6.newmessage.org\/it\/wp-json\/wp\/v2\/categories?post=161"},{"taxonomy":"post_tag","embeddable":true,"href":"https:\/\/www.v6.newmessage.org\/it\/wp-json\/wp\/v2\/tags?post=161"}],"curies":[{"name":"wp","href":"https:\/\/api.w.org\/{rel}","templated":true}]}}