{"id":159,"date":"2011-04-23T16:20:35","date_gmt":"2011-04-23T16:20:35","guid":{"rendered":"http:\/\/wp.www.newmessage.org\/?p=159"},"modified":"2016-11-29T23:55:49","modified_gmt":"2016-11-29T23:55:49","slug":"perche-il-nuovo-messaggio-e-qua","status":"publish","type":"page","link":"https:\/\/www.v6.newmessage.org\/it\/informazioni-riguardo-al-nuovo-messaggio\/faq\/perche-il-nuovo-messaggio-e-qua","title":{"rendered":"Perch\u00e9 il Nuovo Messaggio \u00e8 qua?"},"content":{"rendered":"<p>\u201cVoi state guidando a capofitto dentro un futuro che sar\u00e0 diverso dal passato, ma non siete preparati. E\u2019 per quello che c\u2019\u00e8 un Nuovo Messaggio da Dio.\u201d<\/p>\n<p>L\u2019umanit\u00e0 sta sull\u2019orlo del precipizio di un grande cambiamento e di un futuro incerto\u2026<\/p>\n<p>Con una popolazione crescente in un mondo di risorse limitate, la minaccia di una privazione umana diffusa, di un\u2019escalation di conflitto e di guerra, \u00e8 ora pi\u00f9 grande che mai.<br \/>\n<strong>E\u2019 per quello che c\u2019\u00e8 un Nuovo Messaggio da Dio.<\/strong><\/p>\n<p>L\u2019umanit\u00e0 sta di fronte ai crescenti effetti distruttivi del surriscaldamento globale, del cambiamento climatico catastrofico e del deterioramento ambientale.<br \/>\n<strong>E\u2019 per quello che c\u2019\u00e8 un Nuovo Messaggio da Dio.<\/strong><\/p>\n<p>Molte delle religioni del mondo sono troppo spaccate, troppo orientate al passato e troppo impegnate a competere tra loro, per essere in grado di allertare e di preparare la famiglia umana per quello che sta arrivando.<br \/>\n<strong>E\u2019 per quello che c\u2019\u00e8 un Nuovo Messaggio da Dio.<\/strong><\/p>\n<p>Le persone sono divise ed inconsapevoli della Spiritualit\u00e0 Unica dell\u2019umanit\u00e0 e della Fonte Unica di tutte le tradizioni religiose del mondo.<br \/>\n<strong>E\u2019 per quello che c\u2019\u00e8 un Nuovo Messaggio da Dio.<\/strong><\/p>\n<p>Le persone stanno utilizzando Dio e la religione per giustificare terribili atti di crudelt\u00e0 e di vendetta contro il prossimo. Questo sta fratturando ulteriormente la famiglia umana in un momento in cui l\u2019unit\u00e0 umana e la cooperazione sono imperativi.<br \/>\n<strong>E\u2019 per quello che c\u2019\u00e8 un Nuovo Messaggio da Dio.<\/strong><\/p>\n<p>L\u2019umanit\u00e0 sta sulla soglia dello spazio e del Contatto con razze intelligenti da oltre il mondo. Questo \u00e8 il nostro destino. Questo \u00e8 il pi\u00f9 grande evento nella storia umana.\u00a0L\u2019umanit\u00e0 per\u00f2 non \u00e8 preparata.<br \/>\n<strong>E\u2019 per quello che c\u2019\u00e8 un Nuovo Messaggio da Dio.<\/strong><\/p>\n<p>Anche in questo momento, c\u2019\u00e8 un\u2019Intromissione che sta avendo luogo, da parte di quelle forze da oltre il mondo che cercano di approfittare della debole e divisa famiglia umana. Per\u00f2 l\u2019umanit\u00e0 \u00e8 inconsapevole ed impreparata.<br \/>\n<strong>E\u2019 per quello che c\u2019\u00e8 un Nuovo Messaggio da Dio.<\/strong><\/p>\n<p>Queste Grandi Onde di Cambiamento che stanno arrivando nel mondo stanno mettendo a rischio la sopravvivenza dell\u2019umanit\u00e0 e la sua capacit\u00e0 di vivere come razza libera nel futuro.<br \/>\n<strong>E\u2019 per quello che c\u2019\u00e8 un Nuovo Messaggio da Dio.<\/strong><\/p>\n<p>Le persone non sono consapevoli della realt\u00e0 e della potenza della Conoscenza dentro di loro, il grande dono dal Creatore che \u00e8 stato dato per guidare e per proteggere ogni persona.<br \/>\n<strong>E\u2019 per quello che c\u2019\u00e8 un Nuovo Messaggio da Dio.<\/strong><\/p>\n<p>C\u2019\u00e8 un profondo desiderio dentro le persone di ogni luogo, per una nuova relazione con il Divino.<br \/>\n<strong>E\u2019 per quello che c\u2019\u00e8 un Nuovo Messaggio da Dio.<\/strong><\/p>\n<p>Molte persone si stanno risvegliando al grande bisogno della loro anima: il bisogno di uno scopo, un significato ed una direzione nelle loro vite ed il bisogno di dare il loro contributo al mondo.<br \/>\n<strong>E\u2019 per quello che c\u2019\u00e8 un Nuovo Messaggio da Dio.<\/strong><\/p>\n<p>Il Nuovo Messaggio da Dio \u00e8 stato mandato per allertare, per benedire e per preparare l\u2019intera famiglia umana. Il Nuovo Messaggio \u00e8 vasto ed ha un\u2019ampia portata. Parla a quasi ogni aspetto della nostra vita. Da oltre 25 anni il suo messaggero sta ricevendo questo dono per l\u2019umanit\u00e0.<br \/>\n<em>E<\/em> la rivelazione continua ad oggi.<\/p>\n","protected":false},"excerpt":{"rendered":"<p>Le persone stanno utilizzando Dio e la religione per giustificare terribili atti di crudelt\u00e0 e di vendetta contro il prossimo. Questo sta fratturando ulteriormente la famiglia umana in un momento in cui l\u2019unit\u00e0 umana e la cooperazione sono imperativi.<br \/>\nE\u2019 per quello che c\u2019\u00e8 un Nuovo Messaggio da Dio.<\/p>\n","protected":false},"author":1,"featured_media":0,"parent":12778,"menu_order":1,"comment_status":"closed","ping_status":"closed","template":"template-leftsidebar.php","meta":{"_monsterinsights_skip_tracking":false,"_monsterinsights_sitenote_active":false,"_monsterinsights_sitenote_note":"","_monsterinsights_sitenote_category":0,"footnotes":""},"categories":[61],"tags":[],"_links":{"self":[{"href":"https:\/\/www.v6.newmessage.org\/it\/wp-json\/wp\/v2\/pages\/159"}],"collection":[{"href":"https:\/\/www.v6.newmessage.org\/it\/wp-json\/wp\/v2\/pages"}],"about":[{"href":"https:\/\/www.v6.newmessage.org\/it\/wp-json\/wp\/v2\/types\/page"}],"author":[{"embeddable":true,"href":"https:\/\/www.v6.newmessage.org\/it\/wp-json\/wp\/v2\/users\/1"}],"replies":[{"embeddable":true,"href":"https:\/\/www.v6.newmessage.org\/it\/wp-json\/wp\/v2\/comments?post=159"}],"version-history":[{"count":14,"href":"https:\/\/www.v6.newmessage.org\/it\/wp-json\/wp\/v2\/pages\/159\/revisions"}],"predecessor-version":[{"id":27627,"href":"https:\/\/www.v6.newmessage.org\/it\/wp-json\/wp\/v2\/pages\/159\/revisions\/27627"}],"up":[{"embeddable":true,"href":"https:\/\/www.v6.newmessage.org\/it\/wp-json\/wp\/v2\/pages\/12778"}],"wp:attachment":[{"href":"https:\/\/www.v6.newmessage.org\/it\/wp-json\/wp\/v2\/media?parent=159"}],"wp:term":[{"taxonomy":"category","embeddable":true,"href":"https:\/\/www.v6.newmessage.org\/it\/wp-json\/wp\/v2\/categories?post=159"},{"taxonomy":"post_tag","embeddable":true,"href":"https:\/\/www.v6.newmessage.org\/it\/wp-json\/wp\/v2\/tags?post=159"}],"curies":[{"name":"wp","href":"https:\/\/api.w.org\/{rel}","templated":true}]}}