{"id":15201,"date":"2014-09-01T23:58:17","date_gmt":"2014-09-01T23:58:17","guid":{"rendered":"http:\/\/www.newmessage.org\/?page_id=15201"},"modified":"2018-02-05T10:45:09","modified_gmt":"2018-02-05T10:45:09","slug":"affrontare-una-comunita-piu-grande-di-vita","status":"publish","type":"page","link":"https:\/\/www.v6.newmessage.org\/it\/il-messaggio\/volume-4\/la-vita-nelluniverso\/affrontare-una-comunita-piu-grande-di-vita","title":{"rendered":"AFFRONTARE UNA COMUNIT\u00c0 PI\u00d9 GRANDE DI VITA"},"content":{"rendered":"<div><!-- 4.0 --><\/div>\n\n<div class=\"tabgroup \"><ul class=\"tabs\"><li><a href=\"#tabs-1\">Informazioni<\/a><\/li>\n<li><a href=\"#tabs-2\">Nota<\/a><\/li><\/ul>\n <div id=\"tabs-1\"><br \/>\n<em>Come rivelato al Messaggero di Dio<br \/>\nMarshall Vian Summers<br \/>\nL&#8217;11 Giugno 2008<br \/>\nnegli Stati Uniti d&#8217;America (USA)<\/em><\/p>\n<div class=\"toggle toggle-white\"><h4 class=\"trigger \"><span class=\"t_ico\"><\/span><a href=\"#\">Riguardo a questo testo<\/a><\/h4><div class=\"toggle_container \"><br \/>\n<p>Quello che state leggendo in questo testo \u00e8 la trascrizione della voce originale della Assemblea Angelica cos\u00ec come ha parlato tramite il Messaggero Marshall Vian Summers.<\/p>\n<p>Qua, la comunicazione originale di Dio, che esiste al di l\u00e0 delle parole, \u00e8 tradotta nel linguaggio e nella comprensione umana dall\u2019Assemblea Angelica che veglia sul mondo. Poi l\u2019Assemblea consegna il Messaggio di Dio tramite il Messaggero, dopo di che, la comunicazione \u00e8 trascritta e resa disponibile a voi e a tutto il mondo.<\/p>\n<p>In questo notevole processo, la Voce della Rivelazione sta parlando di nuovo. La Parola e il suono della Voce sono nel mondo. Possiate voi essere i destinatari di questo dono di Rivelazione e possiate essere aperti a ricevere il suo Messaggio unico per voi e per la vostra vita.<\/p>\n<br \/>\n<\/div><\/div>\n<p><\/div>\n<div id=\"tabs-2\"><br \/>\n<em>Nota per il Lettore:<br \/>\nQuesta traduzione \u00e8 stata fornita alla Society da uno studente del Nuovo Messaggio che si \u00e8 offerto volontario per tradurre il testo originale in Inglese. Noi rendiamo questa traduzione disponibile al mondo in questa forma iniziale affinch\u00e9 le persone abbiano la possibilit\u00e0 di interagire con una porzione del Nuovo Messaggio nella propria lingua.<\/em><br \/>\n<\/div>\n\t\t\t\t<div align=\"right\">\n\t\t\t<div class=\"fb-like\" data-href=\"\" data-layout=\"button_count\" data-action=\"like\" data-show-faces=\"false\" data-share=\"false\"><\/div>\n\t\t\t<div class=\"fb-share-button\" data-layout=\"button_count\"> <\/div>\n\t\t\t<div class=\"fb_iframe_widget\"><a href=\"https:\/\/twitter.com\/godsnewmessage?ref_src=twsrc%5Etfw\" class=\"twitter-follow-button\" data-show-count=\"false\">Follow @godsnewmessage<\/a><script async src=\"https:\/\/platform.twitter.com\/widgets.js\" charset=\"utf-8\"><\/script><\/div>\n\t\t\t<\/div> <\/div> \n\n<p>Voi vivete nell\u2019ambito di una Comunit\u00e0 Pi\u00f9 Grande di vita intelligente nell\u2019universo. \u00c8 vasta, include l\u2019intero spettro evolutivo\u2014l\u2019evoluzione della tecnologia, l\u2019evoluzione delle societ\u00e0 e l\u2019evoluzione della consapevolezza spirituale e dell\u2019etica. \u00c8 vasta e incomprensibile. \u00c8 l\u2019ambiente pi\u00f9 grande nel quale l\u2019umanit\u00e0 sta ora emergendo. L\u2019umanit\u00e0 sta emergendo in questo ambiente non per via delle sue brevi incursioni nel proprio sistema solare locale, ma per via delle visitazioni che stanno avendo luogo nel mondo adesso e che aumenteranno in futuro.<\/p>\n<p>Questo ambiente pi\u00f9 grande nel quale state emergendo \u00e8 una realt\u00e0 fisica governata da leggi fisiche, le leggi della natura delle quali siete consapevoli. Non preoccupatevi qua con le possibilit\u00e0 di altre dimensioni, perch\u00e9 non sar\u00e0 quello il vostro bisogno e la vostra preoccupazione. \u00c8 questa realt\u00e0 pi\u00f9 grande nella quale l\u2019umanit\u00e0 \u00e8 sempre vissuta e nella quale il vostro mondo \u00e8 sempre esistito, che ora deve diventare il vostro punto focale.<\/p>\n<p>Molte persone hanno contemplato le possibilit\u00e0 di vita nella Comunit\u00e0 Pi\u00f9 Grande, come potrebbe essere e come la vita si evolverebbe verso reami e societ\u00e0 pi\u00f9 sofisticati. Oggi, come in passato, le persone proiettano le proprie speranze ed i propri desideri sul significato della vita al di l\u00e0 del mondo, sperando che altre razze siano pi\u00f9 illuminate, pi\u00f9 sofisticate e pi\u00f9 elevate di quanto non sia stata e non sia oggi la famiglia umana e, naturalmente, ci sono molte paure che vengono proiettate in questa pi\u00f9 grande arena di vita\u2014paure di terribili belve, di terribili nazioni di invasori, distruzione, attacchi e via dicendo.<\/p>\n<p>Ma, come sempre, la realt\u00e0 \u00e8 molto diversa dalle aspettative. La realt\u00e0 nella quale emergerete sar\u00e0 il focus di questa serie di insegnamenti\u2014una realt\u00e0 che potete capire sulla base della vostra esperienza di vita nel mondo naturale e della vostra esperienza di vita nell\u2019ambito dell\u2019evoluzione della societ\u00e0 umana.<\/p>\n<p>La grande differenza, naturalmente, \u00e8 sia la complessit\u00e0 e la vastit\u00e0 di questa Comunit\u00e0 Pi\u00f9 Grande, che il fatto che \u00e8 abitata da razze di esseri che sono molto diversi dall\u2019umanit\u00e0, non solo diversi in forma e in sembianze, ma anche diversi in termini di intelligenza e consapevolezza e diversi nell\u2019etica e nei propri valori.<\/p>\n<p>Questa sar\u00e0 una cosa non facile da gestire ed \u00e8 qua che le vostre speranze e le vostre paure possono sorgere. Ma dovete riconoscere il fatto che l\u2019umanit\u00e0 ha ora raggiunto un punto di sviluppo mondiale, una soglia dove dovr\u00e0 affrontare le Grandi Onde del cambiamento ambientale e delle difficolt\u00e0 nel mondo. Qua il vostro incontro con la vita intelligente della Comunit\u00e0 Pi\u00f9 Grande e la realt\u00e0 stessa della Comunit\u00e0 Pi\u00f9 Grande diventeranno cose sempre pi\u00f9 importanti e centrali per il vostro benessere e per il genere di futuro che vi sar\u00e0 possibile creare.<\/p>\n<p>Vi \u00e8 una transizione molto grande qui, una transizione molto grande che va da un mondo umano-centrico a una realt\u00e0 di Comunit\u00e0 Pi\u00f9 Grande. Per il fatto che siete vissuti in isolamento e vi siete evoluti in isolamento per cos\u00ec lungo tempo, con solo delle rarissime e in gran parte non riconosciute visite al mondo da parte di varie razze, in passato, \u00e8 naturale che proiettiate i vostri valori sulla prospettiva e sulla nozione di vita intelligente nell\u2019universo. Il risultato \u00e8 che alcune persone sentono o credono ferventemente che l\u2019universo sia abitato da esseri umani che si sono evoluti al di l\u00e0 dei conflitti e degli inganni e che i valori che si hanno qua, o che si aspira ad avere, siano universali in natura. Il fatto che questo non sia vero e che rappresenti un insieme pericoloso di ipotesi e di credenze \u00e8 qualcosa che si deve affrontare fin dall\u2019inizio.<\/p>\n<p>L\u2019altra difficolt\u00e0 \u00e8 che non siete preminenti all\u2019interno di questa Comunit\u00e0 Pi\u00f9 Grande, anche se avete stabilito una preminenza nel vostro mondo. All\u2019interno della Comunit\u00e0 Pi\u00f9 Grande siete solo un principiante. State all\u2019inizio del vostro sviluppo, siete ignari e siete in possesso di credenze non vere. Avete grandi svantaggi e siete vulnerabili alla persuasione e all\u2019inganno da parte di varie razze, sia in futuro che oggi, da parte di coloro che stanno effettivamente intervenendo nel vostro mondo in questo momento. Il vostro isolamento vi ha dato ingenuit\u00e0 e non vi ha preparato per le sfide e per le opportunit\u00e0 che la Comunit\u00e0 Pi\u00f9 Grande vi presenter\u00e0. Non c\u2019\u00e8 nessuno al mondo che potrebbe insegnare la realt\u00e0 e la spiritualit\u00e0 della vita nell\u2019universo. Non vi \u00e8 nessuno che possiede questa consapevolezza o questa esperienza. Il risultato \u00e8 che la comunicazione e la formazione su questo deve venire da Dio e, secondariamente, da quelle poche razze che sono a conoscenza della vostra esistenza, che sosterranno la nascita di una razza libera e autodeterminata e che saranno chiamate da Dio ad assistervi in questa formazione pi\u00f9 che mai fondamentale e necessaria.<\/p>\n<p>Avete alleati nell\u2019universo ma loro non stanno visitando il vostro mondo, perch\u00e9 l\u2019umanit\u00e0 non \u00e8 pronta a stabilire relazioni con altre nazioni nell\u2019universo. L\u2019umanit\u00e0 non ha maturit\u00e0 e non \u00e8 unita, non \u00e8 forte abbastanza o discreta abbastanza per un coinvolgimento significativo e vantaggioso con alcuna razza nell\u2019universo.<\/p>\n<p>Questo non \u00e8 un momento in cui il Contatto \u00e8 necessario. \u00c8 un momento in cui \u00e8 necessaria la preparazione per il Contatto e per questo Contatto ci vorr\u00e0 un bel po\u2019 di tempo. Ci vorr\u00e0 tempo, perch\u00e9 una formazione di questa magnitudine non arriver\u00e0 velocemente. Molte persone opporranno resistenza, la rifiuteranno o la eviteranno. Questa formazione non arriver\u00e0 velocemente perch\u00e9 ora l\u2019umanit\u00e0 dovr\u00e0 occuparsi sempre di pi\u00f9 delle Grandi Onde del Cambiamento che stanno arrivando nel mondo e che gi\u00e0 sono qua\u2014degrado ambientale, esaurimento delle vostre risorse fondamentali, la perdita della produzione di cibo, la scarsit\u00e0 dell\u2019acqua, gli effetti drammatici di un clima che sta cambiando, un mondo che si surriscalda e il sempre crescente rischio di competizione, conflitto e guerra tra gruppi e nazioni sull\u2019accesso alle rimanenti risorse.<\/p>\n<p>Questo diventer\u00e0 un focus e una preoccupazione dominante, sia per le persone medie in tutto il mondo che per nazioni e governi. Tuttavia, per affrontare queste sfide immense e senza precedenti, avrete bisogno della Conoscenza e della saggezza provenienti da oltre il mondo. Qua non avete tanto bisogno di tecnologia quanto della volont\u00e0 e del votato impegno di unirvi per preservare questo mondo come un ambiente abitabile per la famiglia umana e di cessare i vostri interminabili conflitti per prepararvi al coinvolgimento con le razze intelligenti nell\u2019universo, molte delle quali non saranno qua a supportarvi.<\/p>\n<p>Incontrare le Grandi Onde del Cambiamento, definire la necessaria cooperazione umana e la cessazione del conflitto umano insieme alla preparazione per la Comunit\u00e0 Pi\u00f9 Grande rappresentano le grandi e fondamentali esigenze dell\u2019umanit\u00e0. Se questi grandi bisogni non saranno sufficientemente riconosciuti e affrontati, tutto il resto che cercherete di creare a vostro vantaggio, sia personale che per il beneficio dell\u2019umanit\u00e0, si riveler\u00e0 insufficiente e un grande travaglio si caler\u00e0 sul mondo.<\/p>\n<p>La vostra formazione circa la Comunit\u00e0 Pi\u00f9 Grande deve provenire da Dio. Deve venire da Dio per essere pura e per essere totalmente vantaggiosa per voi e deve venire da Dio, perch\u00e9 solo Dio conosce appieno la natura, la realt\u00e0 e la finalit\u00e0 della famiglia umana. Nessuna potenza o razza straniera potrebbe davvero conoscere ci\u00f2, anche se hanno studiato il vostro comportamento e le vostre trasmissioni. La comunicazione deve venire da Dio e questo \u00e8 esattamente ci\u00f2 che sta accadendo.<\/p>\n<p>Gli insegnamenti che state per leggere sulla realt\u00e0 e la spiritualit\u00e0 della Comunit\u00e0 Pi\u00f9 Grande vengono da Dio, perch\u00e9 non c\u2019\u00e8 nessuno al mondo che poteva sapere le cose che saranno presentate qua e non vi \u00e8 alcuna potenza straniera nell\u2019universo che possa comunicare quello di cui l\u2019umanit\u00e0 ha davvero bisogno con rigore e con una completa conoscenza della natura, dello scopo e della realt\u00e0 umana.<\/p>\n<p>Accetta allora che Dio abbia inviato un Nuovo Messaggio nel mondo per preparare l\u2019umanit\u00e0, sia per affrontare la Grandi Onde del Cambiamento che stanno arrivando sul mondo, che per prepararla per la realt\u00e0 e la spiritualit\u00e0 della vita nell\u2019universo con tutte le sue difficolt\u00e0 e le sue opportunit\u00e0 nascoste. Si tratta di una formazione che non \u00e8 possibile dare a se stessi. Si tratta di una formazione che non potete ricevere in nessuna universit\u00e0 o centro di apprendimento in nessuna parte del mondo. \u00c8 una comunicazione che dovete ascoltare con il cuore, insieme alla vostra mente.<\/p>\n<p>La tua mente sar\u00e0 confusa da molte delle cose che saranno presentate qua e molte delle tue idee saranno sfidate e dimostrate non corrette o inadeguate (NdR: la traduzione del presente libro volutamente alterna il plurale voi con il singolare tu, essendo \u201cyou\u201d nella versione inglese traducibile in ambedue i modi e anche il senso del messaggio applicabile sia a \u201cme\u201d singolo che a tutti \u201cnoi\u201d. Come gi\u00e0 menzionato in altri libri del Nuovo Messaggio, la traduzione utilizza il genere maschile ma ovviamente \u00e8 inteso per ambedue i generi: sia maschile che femminile). La tua mente potrebbe rifiutare questo grande insegnamento e questa preparazione. Si potrebbe opporre per motivi sia razionali che irrazionali perch\u00e9 la vostra mente non conosce la mente di Dio. La vostra mente ha solo delle nozioni fisse sulla vita nell\u2019universo. Eppure non ha mai sperimentato la vita nell\u2019universo.<\/p>\n<p>Questo \u00e8 il motivo per il quale si deve ricevere questo insegnamento e questa formazione sulla realt\u00e0 e la spiritualit\u00e0 della Comunit\u00e0 Pi\u00f9 Grande sia con la mente che con il cuore. La tua mente avr\u00e0 difficolt\u00e0 con le idee e le prospettive qui presentate, ma il tuo cuore sapr\u00e0. Tu lo saprai perch\u00e9 \u00e8 Dio che ti sta parlando, formando e preparando. Attraverso questa formazione e preparazione, Dio ti sta dando una forza superiore, maggiore sicurezza e una maggiore protezione della quale avrai bisogno al fine di affrontare le sfide nell\u2019ambito del tuo mondo e le sfide che sicuramente esistono al di l\u00e0 di esso.<\/p>\n<p>Molte persone dichiarano di avere la conoscenza dell\u2019universo, ma come fanno a saperlo? Loro sono state intrappolate sulla superficie di questo singolo mondo\u2014credendo, sperando e speculando; cercando di comprendere rivelazioni e profezie precedenti, o cercando di proiettare la loro comprensione in reami che stanno di gran lunga al di l\u00e0 della loro esperienza o consapevolezza. Teorie complesse possono essere stabilite. Si pu\u00f2 cercare di compiere, nei tempi attuali, delle profezie basate sul passato. Ma tutto questo si dimostra inadeguato, perch\u00e9 l\u2019umanit\u00e0 \u00e8 priva di formazione per quanto riguarda l\u2019universo pi\u00f9 ampio nel quale esistete e che dovrete affrontare sempre di pi\u00f9, sia ora che nei tempi che verranno.<\/p>\n<p>\u00c8 dunque saggio accettare i vostri limiti. \u00c8 saggio mettere se stessi in una posizione di studente, essere un ascoltatore e uno che impara, al fine di poter ricevere in pieno le rivelazioni che saranno presentate qua\u2014le rivelazioni nate da un Nuovo Messaggio per l\u2019umanit\u00e0, rivelazioni che procureranno all\u2019umanit\u00e0 una nuova via per procedere verso un futuro molto difficile e incerto.<\/p>\n<p>Coloro che riceveranno e accetteranno questa sfida di imparare circa La Conoscenza e la saggezza nella Comunit\u00e0 Pi\u00f9 Grande saranno i grandi beneficiari, non solo personalmente per se stessi ma per l\u2019intera famiglia umana. Loro saranno quelli che si troveranno in una posizione adatta a educare e preparare gli altri. Questo esiger\u00e0 visione, coraggio e grande oggettivit\u00e0, perch\u00e9 questa formazione deve parlare attraverso e al di l\u00e0 delle vostre speranze e le vostre paure. Perch\u00e9 queste possono solo annebbiare la visione che dovete avere.<\/p>\n<p>Accettate il fatto di non sapere come sia la vita nell\u2019universo, come essa esiste, come interagisce con se stessa, cosa aspettarvi in merito alla visitazione che \u00e8 gi\u00e0 avvenuta qua. Accettare questa limitazione vi d\u00e0 la pi\u00f9 grande opportunit\u00e0 e possibilit\u00e0 di vedere al di l\u00e0 dei vostri attuali limiti, di vedere al di l\u00e0 dei confini delle interazioni umane. Perch\u00e9 adesso sarete in procinto di considerare e di affrontare interazioni di natura molto diversa, con intelligenze che sono molto diverse, che pensano molto diversamente e funzionano sulla base di presupposizioni circa la vita molto diverse dalle tue o da quelle di tutta l\u2019umanit\u00e0.<\/p>\n<p>Questa \u00e8 una preparazione che far\u00e0 la differenza nel determinare se gli impegni iniziali dell\u2019umanit\u00e0 con la vita nell\u2019universo saranno benefici o saranno dannosi. Molta saggezza deve essere applicata qui, perch\u00e9 voi siete i custodi di un pianeta bellissimo che \u00e8 molto apprezzato dagli altri. Ma voi siete dei custodi deboli e siete in conflitto tra di voi. Inoltre, la ricchezza di questo mondo si sta esaurendo rapidamente, un mondo che \u00e8 cos\u00ec raro e prezioso in un universo di pianeti desolati.<\/p>\n<p>Voi non vedete ancora la vostra vulnerabilit\u00e0 qui n\u00e9 vedete l\u2019importanza di mantenere questo mondo, di mantenere la vostra autosufficienza, di mantenere il clima del pianeta e mantenere il suo equilibrio naturale. Non dovete credere che si possa viaggiare verso altri mondi e trovare luoghi come questo. Sono molto rari e sono sempre occupati. Questa comprensione vi dar\u00e0 un maggiore senso di responsabilit\u00e0, perch\u00e9 il vero apprendimento vi deve sempre permeare con un maggiore senso di responsabilit\u00e0\u2014la responsabilit\u00e0 non solo di imparare, ma anche di agire e di servire.<\/p>\n<p>L\u2019umanit\u00e0 sta ora percorrendo un corso di avventatezza. Sta distruggendo la propria autosufficienza nel mondo. Sta mettendo in pericolo gli equilibri naturali che hanno dato all\u2019umanit\u00e0 un mondo bellissimo, splendido, in cui evolversi e vivere. Questo \u00e8 pericoloso non solo per il vostro futuro su questo mondo, ma anche pericoloso per quanto riguarda i vostri rapporti con le altre razze nell\u2019universo.<\/p>\n<p>Attraverso questa serie di insegnamenti che state per saggiare, sarete in grado di imparare riguardo a questo argomento, vedere le sue implicazioni e comprendere questa realt\u00e0 in modo da avere un vero senso di essa. Questo riconoscimento della vita nell\u2019universo \u00e8 possibile perch\u00e9 tu sei nato con una consapevolezza di Comunit\u00e0 Pi\u00f9 Grande. Questa consapevolezza d\u00e0 la possibilit\u00e0 di entrare in empatia e riconoscere certe realt\u00e0 sulla vita al di l\u00e0 di questo mondo. Si tratta di un riconoscimento che esiste ben oltre l\u2019intelletto, la mente pensante, che \u00e8 stata coltivata e stabilita attraverso condizionamenti culturali e attraverso la vostra formazione terrena.<\/p>\n<p>Riconoscere di avere una connessione con la vita nell\u2019universo \u00e8 molto importante e sar\u00e0 parte dell\u2019esplorazione contenuta in questi insegnamenti. Senza questa connessione pi\u00f9 profonda, l\u2019universo sarebbe troppo fantastico, troppo immenso, troppo complicato, troppo difficile e troppo minaccioso. Produrrebbe solo insicurezza e confusione per voi. Ma parlando alla parte pi\u00f9 profonda di te stesso ti mette in grado di riconoscere e di avere il senso del tuo destino all\u2019interno della stessa Comunit\u00e0 Pi\u00f9 Grande. Perch\u00e9 indipendentemente dalle difficolt\u00e0 che dovete affrontare nel vostro mondo e le difficolt\u00e0 nello stabilire coinvolgimenti adeguati e saggi con razze da oltre il vostro mondo, esiste la realt\u00e0 fondamentale che la famiglia umana ha un destino nello spazio. Avete un destino che comporta il vostro interagire con altre razze, un destino di crescita e, con la giusta istruzione e comprensione e con la vostra saggezza nativa, la possibilit\u00e0 di essere una razza libera e autodeterminata in un vasto e difficile universo.<\/p>\n<p>Accetta questa sfida, riconoscendo, mentre lo fai, che c\u2019\u00e8 qualcosa dentro di te che ti d\u00e0 la capacit\u00e0 di rispondere alle rivelazioni che verranno qua riportate. Questa capacit\u00e0 esiste al di l\u00e0 del tuo intelletto, oltre le tue idee, oltre le tue nozioni fisse e oltre tutto ci\u00f2 che ad oggi hai imparato nel mondo. \u00c8 misteriosa perch\u00e9 nasce da Dio. Nasce da una realt\u00e0 superiore di cui voi siete una parte.<\/p>\n<p>Non tutti saranno in grado di vedere questo e di saperlo ed \u00e8 importante, anche all\u2019inizio, accettare il fatto che molte persone, anche quelle che ti sono molto vicine, potrebbero non essere in grado di vedere, di conoscere e di rispondere a questa preparazione per la Comunit\u00e0 Pi\u00f9 Grande. Ma questo va bene. Viene data ora affinch\u00e9 i primi rispondano. Se tu sei tra i primi a rispondere e tra i primi a<br \/>\nessere effettivamente istruito sulla vita nell\u2019universo, allora \u00e8 necessario che accetti questa sfida, anche se gli altri non rispondono\u2014anche se gli altri hanno paura o dubbi, anche se gli altri si allontanano.<\/p>\n<p>Non tutti sono allo stesso punto nel loro sviluppo, nella loro istruzione e sensibilizzazione. Pertanto, non credere che tutti risponderanno. Piuttosto, pensa tu a rispondere e a imparare. L\u2019istruzione superiore non \u00e8 per tutti in questo momento e questa sicuramente rappresenta un\u2019istruzione superiore.<\/p>\n<p>Pertanto, preparati a ricevere e se senti delle cose che non capisci, allora sii paziente, perch\u00e9 nel corso di queste rivelazioni Noi ripeteremo le cose tante volte e descriveremo le cose in modi diversi per darvi maggiore opportunit\u00e0 di capire, di conoscere e di riconoscere l\u2019ambiente immenso della vita che esiste oltre i vostri confini e di cui siete sempre stati parte.<\/p>\n","protected":false},"excerpt":{"rendered":"<p>Voi vivete nell\u2019ambito di una Comunit\u00e0 Pi\u00f9 Grande di vita intelligente nell\u2019universo. \u00c8 vasta, include l\u2019intero spettro evolutivo\u2014l\u2019evoluzione della tecnologia, l\u2019evoluzione delle societ\u00e0 e l\u2019evoluzione della consapevolezza spirituale e dell\u2019etica. \u00c8 vasta e incomprensibile. \u00c8 l\u2019ambiente pi\u00f9 grande nel quale l\u2019umanit\u00e0 sta ora emergendo. L\u2019umanit\u00e0 sta emergendo in questo ambiente non per via delle sue\u2026 <a class=\"read-more\" href=\"https:\/\/www.v6.newmessage.org\/it\/about-text-shortcode\"><span>Read More<\/span><\/a><\/p>\n","protected":false},"author":1,"featured_media":0,"parent":13079,"menu_order":11,"comment_status":"closed","ping_status":"closed","template":"template-leftsidebar.php","meta":{"_monsterinsights_skip_tracking":false,"_monsterinsights_sitenote_active":false,"_monsterinsights_sitenote_note":"","_monsterinsights_sitenote_category":0,"footnotes":""},"categories":[110,472,76,77,471],"tags":[843,749,740,745,750,743,748,741,746,744,747,742],"_links":{"self":[{"href":"https:\/\/www.v6.newmessage.org\/it\/wp-json\/wp\/v2\/pages\/15201"}],"collection":[{"href":"https:\/\/www.v6.newmessage.org\/it\/wp-json\/wp\/v2\/pages"}],"about":[{"href":"https:\/\/www.v6.newmessage.org\/it\/wp-json\/wp\/v2\/types\/page"}],"author":[{"embeddable":true,"href":"https:\/\/www.v6.newmessage.org\/it\/wp-json\/wp\/v2\/users\/1"}],"replies":[{"embeddable":true,"href":"https:\/\/www.v6.newmessage.org\/it\/wp-json\/wp\/v2\/comments?post=15201"}],"version-history":[{"count":20,"href":"https:\/\/www.v6.newmessage.org\/it\/wp-json\/wp\/v2\/pages\/15201\/revisions"}],"predecessor-version":[{"id":28305,"href":"https:\/\/www.v6.newmessage.org\/it\/wp-json\/wp\/v2\/pages\/15201\/revisions\/28305"}],"up":[{"embeddable":true,"href":"https:\/\/www.v6.newmessage.org\/it\/wp-json\/wp\/v2\/pages\/13079"}],"wp:attachment":[{"href":"https:\/\/www.v6.newmessage.org\/it\/wp-json\/wp\/v2\/media?parent=15201"}],"wp:term":[{"taxonomy":"category","embeddable":true,"href":"https:\/\/www.v6.newmessage.org\/it\/wp-json\/wp\/v2\/categories?post=15201"},{"taxonomy":"post_tag","embeddable":true,"href":"https:\/\/www.v6.newmessage.org\/it\/wp-json\/wp\/v2\/tags?post=15201"}],"curies":[{"name":"wp","href":"https:\/\/api.w.org\/{rel}","templated":true}]}}