{"id":15128,"date":"2014-09-01T03:04:30","date_gmt":"2014-09-01T03:04:30","guid":{"rendered":"http:\/\/www.newmessage.org\/?page_id=15128"},"modified":"2018-02-05T01:48:38","modified_gmt":"2018-02-05T01:48:38","slug":"introduzione-scg","status":"publish","type":"page","link":"https:\/\/www.v6.newmessage.org\/it\/il-messaggio\/volume-2\/spiritualita-della-comunita-piu-grande\/introduzione-scg","title":{"rendered":"Prefazione e Introduzione"},"content":{"rendered":"<div><!-- 4.0 --><\/div>\n\n<div class=\"tabgroup \"><ul class=\"tabs\"><li><a href=\"#tabs-1\">Ascolta<\/a><\/li>\n<li><a href=\"#tabs-2\">Nota<\/a><\/li><\/ul>\n <div id=\"tabs-1\"><br \/>\n<i><em>Come rivelato al Messaggero di Dio<br \/>\nMarshall Vian Summers<\/em><br \/>\nIl 17 Agosto, 1993<br \/>\nIn Boulder, Colorado<\/i><\/p>\n<div class=\"toggle toggle-white\"><h4 class=\"trigger \"><span class=\"t_ico\"><\/span><a href=\"#\">Riguardo a questo testo<\/a><\/h4><div class=\"toggle_container \"><br \/>\n<p>Quello che state leggendo in questo testo \u00e8 la trascrizione della voce originale della Assemblea Angelica cos\u00ec come ha parlato tramite il Messaggero Marshall Vian Summers.<\/p>\n<p>Qua, la comunicazione originale di Dio, che esiste al di l\u00e0 delle parole, \u00e8 tradotta nel linguaggio e nella comprensione umana dall\u2019Assemblea Angelica che veglia sul mondo. Poi l\u2019Assemblea consegna il Messaggio di Dio tramite il Messaggero, dopo di che, la comunicazione \u00e8 trascritta e resa disponibile a voi e a tutto il mondo.<\/p>\n<p>In questo notevole processo, la Voce della Rivelazione sta parlando di nuovo. La Parola e il suono della Voce sono nel mondo. Possiate voi essere i destinatari di questo dono di Rivelazione e possiate essere aperti a ricevere il suo Messaggio unico per voi e per la vostra vita.<\/p>\n<br \/>\n<\/div><\/div>\n<p><\/div>\n<div id=\"tabs-2\"><br \/>\n<em>Nota per il Lettore:<br \/>\nQuesta traduzione \u00e8 stata fornita alla Society da uno studente del Nuovo Messaggio che si \u00e8 offerto volontario per tradurre il testo originale in Inglese. Noi rendiamo questa traduzione disponibile al mondo in questa forma iniziale affinch\u00e9 le persone abbiano la possibilit\u00e0 di interagire con una porzione del Nuovo Messaggio nella propria lingua.<\/em><br \/>\n<\/div>\n\t\t\t\t<div align=\"right\">\n\t\t\t<div class=\"fb-like\" data-href=\"\" data-layout=\"button_count\" data-action=\"like\" data-show-faces=\"false\" data-share=\"false\"><\/div>\n\t\t\t<div class=\"fb-share-button\" data-layout=\"button_count\"> <\/div>\n\t\t\t<div class=\"fb_iframe_widget\"><a href=\"https:\/\/twitter.com\/godsnewmessage?ref_src=twsrc%5Etfw\" class=\"twitter-follow-button\" data-show-count=\"false\">Follow @godsnewmessage<\/a><script async src=\"https:\/\/platform.twitter.com\/widgets.js\" charset=\"utf-8\"><\/script><\/div>\n\t\t\t<\/div> <\/div> \n\n<p>PREFAZIONE<\/p>\n<p><em>I<\/em>N QUALITA\u2019 DI DESTINATARIO E SCRITTORE DI QUESTO LIBRO e degli altri libri della Via della Conoscenza della Comunit\u00e0 Pi\u00f9 Grande, provo che sia una mia responsabilit\u00e0 presentare questo Insegnamento rivelato e la Tradizione che esso rappresenta, nel modo pi\u00f9 puro possibile, cos\u00ec come \u00e8 stato rivelato a me. Nel fare ci\u00f2, \u00e8 un mio sincero desiderio rappresentare l\u2019associazione spirituale superiore che \u00e8 al servizio di tutti nella vita manifesta, nell\u2019intera Comunit\u00e0 Pi\u00f9 Grande.<\/p>\n<p>Non sono in grado di dire perch\u00e9 sono stato scelto per questo compito. Inizialmente fu un mistero anche per me. Il compito in s\u00e9 \u00e8 sicuramente pi\u00f9 grande di qualsiasi cosa che mi ero aspettato all\u2019inizio. Quello che inizi\u00f2 quindici anni fa (ndr: questo libro \u00e8 stato scritto nel 1998) nella forma di un nuovo ed efficace metodo per risolvere dei problemi e ottenere una direzione spirituale nella vita di ogni giorno, si \u00e8 evoluto fino a diventare la tradizione religiosa di un insegnamento spirituale, una preparazione e una contribuzione che sono cose nuove per il nostro mondo ma allo stesso tempo pi\u00f9 antiche dell\u2019esistenza umana.<\/p>\n<p>Io non sono solo lo scriba, in questa enorme impresa. Questo Insegnamento e tutto ci\u00f2 che esso contiene \u00e8 il prodotto della mia relazione con gli Unseen Ones (ndr: Coloro Che Non Si Vedono, i Consiglieri Spirituali che monitorano lo sviluppo di vite intelligenti) e con gli Alleati dell\u2019umanit\u00e0 (ndr: un gruppo multi-razziale di esseri fisici di altri mondi che si sono riuniti vicino alla terra per osservare e metterci in guardia da quelle razze straniere presenti oggi nel nostro mondo, che interferiscono negli affari umani. Gli Alleati non sono fisicamente presenti nel nostro mondo ma ci stanno trasmettendo saggezza, senza interferire con noi o sedurci con la loro tecnologia). Per poter rappresentare e realizzare queste relazioni fu per me necessario diventare il primo studente di questo Insegnamento, intraprendendo cos\u00ec un viaggio che forse pochi nel nostro mondo hanno intrapreso. Stranamente, sin dai tempi della mia infanzia sono stato provvisto di un volume di informazioni riguardanti la vita nella Comunit\u00e0 Pi\u00f9 Grande. Non \u00e8 il risultato delle mie letture o di interessi personali. E\u2019 semplicemente l\u00e0. E\u2019 sempre stato l\u00e0, a turbarmi, a ispirarmi, a spingermi e muovermi avanti dove sembrava che non ci fosse alcuna strada, per\u00f2 sempre con la sensazione di una presenza spirituale vicina e benevola. <em>Spiritualit\u00e0 della Comunit\u00e0 Pi\u00f9 Grande <\/em>\u00e8 il risultato di questo inspiegabile viaggio.<\/p>\n<p>A te che puoi leggere questo libro e comprendere il suo significato pi\u00f9 profondo e ci\u00f2 che testimonia e sostiene, io offro il mio incoraggiamento. Tu sei all\u2019inizio di un grandioso e misterioso viaggio, un viaggio in un universo pi\u00f9 ampio e una pi\u00f9 profonda esperienza del Divino nella tua vita. Questo libro sar\u00e0 un ingresso per te e per altri che sanno di far parte di una vita pi\u00f9 grande. E\u2019 per me una benedizione condividere con te <em>Spiritualit\u00e0 della Comunit\u00e0 Pi\u00f9 Grande<\/em> e invitarti a fare un passo al di l\u00e0 dei limiti della consapevolezza e della comprensione umana, verso un pi\u00f9 grande universo fisico e spirituale chiamato Comunit\u00e0 Pi\u00f9 Grande.<\/p>\n<p>Stai per essere il testimone del fatto che la nostra cultura che riguarda la vita, il significato e la spiritualit\u00e0 \u00e8 alla soglia di un nuovo inizio.<\/p>\n<p>INTRODUZIONE<\/p>\n<p><em>N<\/em>ELLA COMUNIT\u00c0 PI\u00d9 GRANDE DEI MONDI l\u2019idea di Dio viene presentata in modo diverso da come viene fatto in questo mondo. Nella Comunit\u00e0 Pi\u00f9 Grande, l\u2019idea di Dio deve essere trasferibile da una societ\u00e0 ad un\u2019altra, dove i costumi e i riti, le idee e le aree specifiche di applicazione saranno uniche per ogni mondo, in termini di consapevolezza spirituale e di pratiche di devozione. Tutto ci\u00f2 che pu\u00f2 essere tradotto, trasferito, \u00e8 la pura esperienza della Conoscenza\u2014l\u2019esperienza della Mente Universale, profonda consapevolezza e totale relazione. Questa \u00e8 l\u2019esperienza che sar\u00e0 presentata in questo libro\u2014un\u2019esperienza di spiritualit\u00e0 trasferibile che viene condivisa dalla vita intelligente in ogni luogo. La sua applicazione \u00e8 universale. La sua esperienza \u00e8 universale. La sua comunicazione \u00e8 universale. La direzione che stabilisce per esseri senzienti in ogni luogo \u00e8 universale.<\/p>\n<p><em>Spiritualit\u00e0 della Comunit\u00e0 Pi\u00f9 Grande<\/em> comprende un panorama pi\u00f9 ampio di vita e include tutto quello che \u00e8 stato creato qua e oltre, in tutte le dimensioni, in tutti i contesti. E\u2019 cos\u00ec completa che non puoi neanche penetrare il suo Mistero, esaurire la sua Saggezza o addentrarti nella sua Conoscenza. Per\u00f2 puoi essere il destinatario di queste cose e le puoi trasferire nella tua esperienza e applicarle traendo un enorme beneficio per te e per gli altri.<\/p>\n<p>Il mondo sta ora emergendo in una Comunit\u00e0 Pi\u00f9 Grande di Mondi. Pertanto qua \u00e8 necessario che venga presentato <em>Spiritualit\u00e0 della Comunit\u00e0 Pi\u00f9 Grande<\/em> per consentire all\u2019umanit\u00e0 di prepararsi mentalmente, emotivamente e spiritualmente per il grande cambiamento che sta arrivando e per le enormi opportunit\u00e0 che questo cambiamento rappresenta. Per imparare della Comunit\u00e0 Pi\u00f9 Grande, devi imparare la sua realt\u00e0. Questa allora \u00e8 una benedizione: che tu possa ricevere una Realt\u00e0 Superiore, una Religione Superiore e un Dio Superiore.<\/p>\n<p>&nbsp;<\/p>\n","protected":false},"excerpt":{"rendered":"<p>PREFAZIONE IN QUALITA\u2019 DI DESTINATARIO E SCRITTORE DI QUESTO LIBRO e degli altri libri della Via della Conoscenza della Comunit\u00e0 Pi\u00f9 Grande, provo che sia una mia responsabilit\u00e0 presentare questo Insegnamento rivelato e la Tradizione che esso rappresenta, nel modo pi\u00f9 puro possibile, cos\u00ec come \u00e8 stato rivelato a me. Nel fare ci\u00f2, \u00e8 un\u2026 <a class=\"read-more\" href=\"https:\/\/www.v6.newmessage.org\/it\/about-text-shortcode\"><span>Read More<\/span><\/a><\/p>\n","protected":false},"author":1,"featured_media":0,"parent":13081,"menu_order":27,"comment_status":"closed","ping_status":"closed","template":"template-leftsidebar.php","meta":{"_monsterinsights_skip_tracking":false,"_monsterinsights_sitenote_active":false,"_monsterinsights_sitenote_note":"","_monsterinsights_sitenote_category":0,"footnotes":""},"categories":[468,77,467],"tags":[749,740,745,750,794,743,748,741,746,744,747,742],"_links":{"self":[{"href":"https:\/\/www.v6.newmessage.org\/it\/wp-json\/wp\/v2\/pages\/15128"}],"collection":[{"href":"https:\/\/www.v6.newmessage.org\/it\/wp-json\/wp\/v2\/pages"}],"about":[{"href":"https:\/\/www.v6.newmessage.org\/it\/wp-json\/wp\/v2\/types\/page"}],"author":[{"embeddable":true,"href":"https:\/\/www.v6.newmessage.org\/it\/wp-json\/wp\/v2\/users\/1"}],"replies":[{"embeddable":true,"href":"https:\/\/www.v6.newmessage.org\/it\/wp-json\/wp\/v2\/comments?post=15128"}],"version-history":[{"count":21,"href":"https:\/\/www.v6.newmessage.org\/it\/wp-json\/wp\/v2\/pages\/15128\/revisions"}],"predecessor-version":[{"id":29770,"href":"https:\/\/www.v6.newmessage.org\/it\/wp-json\/wp\/v2\/pages\/15128\/revisions\/29770"}],"up":[{"embeddable":true,"href":"https:\/\/www.v6.newmessage.org\/it\/wp-json\/wp\/v2\/pages\/13081"}],"wp:attachment":[{"href":"https:\/\/www.v6.newmessage.org\/it\/wp-json\/wp\/v2\/media?parent=15128"}],"wp:term":[{"taxonomy":"category","embeddable":true,"href":"https:\/\/www.v6.newmessage.org\/it\/wp-json\/wp\/v2\/categories?post=15128"},{"taxonomy":"post_tag","embeddable":true,"href":"https:\/\/www.v6.newmessage.org\/it\/wp-json\/wp\/v2\/tags?post=15128"}],"curies":[{"name":"wp","href":"https:\/\/api.w.org\/{rel}","templated":true}]}}