{"id":15122,"date":"2014-08-29T02:36:07","date_gmt":"2014-08-29T02:36:07","guid":{"rendered":"http:\/\/www.newmessage.org\/?page_id=15122"},"modified":"2018-02-05T02:01:52","modified_gmt":"2018-02-05T02:01:52","slug":"cosa-e-lo-scopo-umano","status":"publish","type":"page","link":"https:\/\/www.v6.newmessage.org\/it\/il-messaggio\/volume-2\/spiritualita-della-comunita-piu-grande\/cosa-e-lo-scopo-umano","title":{"rendered":"Cosa \u00e8 lo Scopo Umano?"},"content":{"rendered":"<div><!-- 4.0 --><\/div>\n\n<div class=\"tabgroup \"><ul class=\"tabs\"><li><a href=\"#tabs-1\">Informazioni<\/a><\/li>\n<li><a href=\"#tabs-2\">Nota<\/a><\/li><\/ul>\n <div id=\"tabs-1\"><br \/>\n<em>Rivelato a<br \/>\nMarshall Vian Summers<br \/>\nIl 21 Settembre, 1993<br \/>\nin Boulder, Colorado<\/em><\/p>\n<div class=\"toggle toggle-white\"><h4 class=\"trigger \"><span class=\"t_ico\"><\/span><a href=\"#\">Riguardo a questo testo<\/a><\/h4><div class=\"toggle_container \"><br \/>\n<p>Quello che state leggendo in questo testo \u00e8 la trascrizione della voce originale della Assemblea Angelica cos\u00ec come ha parlato tramite il Messaggero Marshall Vian Summers.<\/p>\n<p>Qua, la comunicazione originale di Dio, che esiste al di l\u00e0 delle parole, \u00e8 tradotta nel linguaggio e nella comprensione umana dall\u2019Assemblea Angelica che veglia sul mondo. Poi l\u2019Assemblea consegna il Messaggio di Dio tramite il Messaggero, dopo di che, la comunicazione \u00e8 trascritta e resa disponibile a voi e a tutto il mondo.<\/p>\n<p>In questo notevole processo, la Voce della Rivelazione sta parlando di nuovo. La Parola e il suono della Voce sono nel mondo. Possiate voi essere i destinatari di questo dono di Rivelazione e possiate essere aperti a ricevere il suo Messaggio unico per voi e per la vostra vita.<\/p>\n<br \/>\n<\/div><\/div>\n<p><\/div>\n<div id=\"tabs-2\"><br \/>\n<em>Nota per il Lettore:<br \/>\nQuesta traduzione \u00e8 stata fornita alla Society da uno studente del Nuovo Messaggio che si \u00e8 offerto volontario per tradurre il testo originale in Inglese. Noi rendiamo questa traduzione disponibile al mondo in questa forma iniziale affinch\u00e9 le persone abbiano la possibilit\u00e0 di interagire con una porzione del Nuovo Messaggio nella propria lingua.<\/em><br \/>\n<\/div>\n\t\t\t\t<div align=\"right\">\n\t\t\t<div class=\"fb-like\" data-href=\"\" data-layout=\"button_count\" data-action=\"like\" data-show-faces=\"false\" data-share=\"false\"><\/div>\n\t\t\t<div class=\"fb-share-button\" data-layout=\"button_count\"> <\/div>\n\t\t\t<div class=\"fb_iframe_widget\"><a href=\"https:\/\/twitter.com\/godsnewmessage?ref_src=twsrc%5Etfw\" class=\"twitter-follow-button\" data-show-count=\"false\">Follow @godsnewmessage<\/a><script async src=\"https:\/\/platform.twitter.com\/widgets.js\" charset=\"utf-8\"><\/script><\/div>\n\t\t\t<\/div> <\/div> \n\n<p>Lo scopo \u00e8 un qualcosa che capirete mentre salirete pi\u00f9 in alto sulla montagna della vita. Quando conquisterete un punto di osservazione pi\u00f9 vantaggioso, capirete di pi\u00f9 riguardo al viaggio stesso, guardando indietro ed essendo sempre pi\u00f9 capaci di anticipare quello che sta avanti. Lo scopo \u00e8 realizzato intraprendendo il viaggio, non stabilendo per se stessi una spiegazione o una definizione favorevole o affascinante. Lo scopo non \u00e8 una giustificazione. Non compensa nulla. Lo scopo \u00e8 qualcosa che sta aspettando di essere scoperto da voi. Lo potete solo scoprire intraprendendo il viaggio, seguendo la via, imparando mentre viaggiate e ottenendo la prospettiva e la comprensione superiori che uno acquisisce quando matura nella Via della Conoscenza.<\/p>\n<p>Come abbiamo detto in precedenza, siete venuti da un certo luogo e ritornerete a quel luogo. Siete venuti portando dei doni per il mondo. Il vostro scopo superiore \u00e8 incorporato in questa idea. Per via della vostra origine e del vostro destino, voi avete qualcosa di pi\u00f9 grande da dare al mondo, qualcosa che il mondo non pu\u00f2 dare a voi. Il vostro dono \u00e8 nascosto dentro di voi come un cargo segreto, ma voi non potete ottenere accesso a lui fino a quando non siete avanzati. Allora inizier\u00e0 ad emergere, lentamente ed incrementalmente, tutto per conto suo.<\/p>\n<p>Gli impazienti, gli ambiziosi, i zelanti e i fanatici non possono viaggiare in questa direzione, perch\u00e9 loro non sono capaci di perdurare con un viaggio superiore. Loro non sanno stare senza definizioni o spiegazioni perch\u00e9 loro sono troppo instabili per farlo.<\/p>\n<p>La tua chiamata nella vita \u00e8 molto specifica. Comporta un coinvolgimento con certe persone, per motivi specifici, presso certi crocevia della tua vita. Lo scopo superiore che condividi con tutti \u00e8 quello di mantenere viva La Conoscenza nel mondo e di portare nel mondo qualcosa dalla tua Antica Casa. Questa \u00e8 una definizione con la quale potete rimanere perch\u00e9 non vi limiter\u00e0 e non vi inganner\u00e0, ma non andate oltre a questo nelle vostre definizioni. Consentite alla manifestazione del vostro scopo di avere luogo in modo naturale, cos\u00ec come far\u00e0 se proseguirete nella Via della Conoscenza. Il vostro scopo adesso \u00e8 di prepararvi al fine di ottenere una comprensione superiore del mondo, dell\u2019evoluzione del mondo e del destino del mondo. Nell\u2019ambito di questo contesto pi\u00f9 ampio otterrete un nuovo punto di osservazione per comprendere il vostro ruolo nel mondo e il vostro motivo per essere venuti qua.<\/p>\n<p>La vostra vita deve essere realizzata. Deve essere comprovata. Il mondo \u00e8 un luogo difficile nel quale arrivare. Non \u00e8 una meta di vacanze. Non \u00e8 un luogo dove siete mandati per punizione. Non \u00e8 un luogo dove siete mandati per diletto. \u00c8 un luogo che necessita i vostri doni provenienti dalla vostra Antica Casa, e per questo motivo siete venuti. I vostri doni sono molto specifici, ed essi possono essere dati senza fare un grande show. Eccetto per rari casi, non riceverete acclamazione, gloria o fama per aver dato il vostro dono. Questo \u00e8 appropriato. Se poteste ottenere una maggiore comprensione del mondo e di quello che il mondo \u00e8 veramente, di quello che \u00e8 il bisogno del mondo e la difficile situazione del mondo, vedreste quale grande vantaggio sia ci\u00f2. Capireste perch\u00e9 i Saggi rimangono nascosti e perch\u00e9 devono imparare a farlo anche per diventare saggi.<\/p>\n<p>Il Creatore \u00e8 al lavoro in tutti i luoghi e in tutte le dimensioni, sta ritrovando i separati attraverso La Conoscenza. Il lavoro di Dio va avanti dietro le quinte pur essendo operoso e molto evidente, se lo riuscite a percepire. Non fa di s\u00e9 uno show, pertanto, riceve un minimo di resistenza e di contaminazione dai mondi e dalle culture a cui esso presta servizio.<\/p>\n<p>La Conoscenza \u00e8 cos\u00ec. Lavora dietro le quinte. Non ha bisogno di riconoscimento. Non ha bisogno di glorificazione. Non ha bisogno che ti inchini ad essa come uno schiavo. Tuttavia, vi chiama a rispondere e ad aprire la vostra mente e il vostro cuore ad essa affinch\u00e9 vi possiate ricongiungere con l\u2019aspetto superiore di voi stessi che vi lega alla vita in ogni luogo. Come un genitore che richiama un figlio ribelle a tornare in famiglia, ti richiama a tornare. Ti chiama a casa, e mentre procedi verso di lei, seppure inconsciamente, ti protegge e ti guida. Anche se per la maggior parte i suoi doni passano inosservati e inascoltati, la sua presenza e la sua beneficenza sono in ogni caso versate su di te.<\/p>\n<p>Trovare questa Grazia dentro di te rappresenta parte della tua preparazione. Il tuo scopo adesso \u00e8 di prepararti. Non \u00e8 quello di creare bellissime definizioni per la tua vita. Non \u00e8 fatto per giustificare i tuoi errori. Non \u00e8 fatto per rendere tutto piacevole o bello. Senza preparazione, il vostro scopo non sar\u00e0 realizzato. Ci sono molte forme di preparazione. Tutte hanno una provenienza che \u00e8 al di l\u00e0 di voi. Se lo create voi il vostro percorso, perderete la strada. Se scegliete solo quello che vi piace ed ignorate il resto, allora rimarrete dove siete, persi nella vostra stessa mente, nascosti dalla vita e tagliati fuori dal movimento superiore della vita che veramente siete qua a servire e nella quale partecipare.<\/p>\n<p>Il vostro scopo non \u00e8 quello di fuggire dal mondo. Il vostro scopo non \u00e8 di scappare a casa dal vostro Creatore. Il vostro scopo \u00e8 di dare quello che siete venuti qua a dare, di riunirvi a coloro a cui siete designati a riunirvi e a contribuire tutto quello che vi siete portati con voi\u2014quel cargo segreto che portate anche in questo momento. Il vostro scopo inizia con la preparazione. Quello vi porta verso la realizzazione e la contribuzione. Tutto avviene mentre state dando. Questi grandi stadi rappresentano le pietre miliari nel vostro sviluppo. Non crediate di esservi gi\u00e0 preparati, perch\u00e9 la preparazione \u00e8 molto pi\u00f9 grande di quanto vi rendiate conto. E la preparazione continua.<\/p>\n<p>Voi siete qua nel mondo per motivi molto specifici. Questi non sono delle ragioni vostre personali. Voi siete qua per contribuire e per partecipare in un ordine superiore di realt\u00e0 che esiste nel mondo e al di l\u00e0 del mondo e anche al di l\u00e0 della manifestazione fisica della vita. Come si fa a determinare cosa sia questo? Se voi aveste accesso a tutte le cose e aveste una comprensione di tutte le cose, allora forse potreste vedere e definire il vostro ruolo in tale ambito. Tuttavia, quello non lo potete fare, allora non cercate di farlo perch\u00e9 vi ingannereste da soli nel peggiore dei modi.<\/p>\n<p>Il vostro scopo adesso \u00e8 di prepararvi. Se dovete imparare La Conoscenza e Saggezza della Comunit\u00e0 Pi\u00f9 Grande (N.d.R. l\u2019universo fisico e spirituale pi\u00f9 grande, che esiste oltre i confini del nostro mondo), allora vi dovete preparare nella Via della Conoscenza della Comunit\u00e0 Pi\u00f9 Grande. Questo non ve lo potete inventare. Inoltre, se ricevete il curriculum, non manomettetelo; non manipolatelo; non selezionate quello che vi piace e ignorate il resto, altrimenti non vi muoverete da dove siete. Ci vuole una comprensione diversa e un diverso movimento nella vita al fine di portarvi a una comprensione superiore. Con maggiore comprensione arriva maggiore capacit\u00e0. Tutto questo viene dalla Conoscenza. Qua vi viene richiesto di seguire, di rispondere e di imparare le grandi lezioni in discernimento, discrezione, comunicazione e affinit\u00e0. Queste lezioni sono inerenti alla preparazione stessa. Dal primo all\u2019ultimo passo, sarete in procinto di imparare queste cose e la vita sar\u00e0 il vostro laboratorio.<\/p>\n<p>Prendi atto del fatto che questa preparazione non \u00e8 unicamente per te. Ha il fine di consentirti di contribuire i tuoi doni affinch\u00e9 tu possa completare il tuo servizio nel mondo e ritornare alla tua Famiglia Spirituale. Qua ritorni con i doni dati, con ogni cosa contribuita (N.d.R. data quale tuo contributo), senza aver lasciato nulla di non fatto qua. Questo rappresenta vero conseguimento. Talmente pochi nel mondo sono capaci di individuarlo e ottenerlo. Per capire veramente il vostro scopo, dovete avere una comprensione di cosa \u00e8 Dio, cosa \u00e8 il mondo, cosa \u00e8 la forza vitale e cosa \u00e8 La Conoscenza.<\/p>\n<p>All\u2019inizio della preparazione vi \u00e8 un processo di smantellamento. Cos\u00ec tanto di quello in cui credete, cos\u00ec tanto di quello che ammirate, cos\u00ec tanto di quello che non potete tollerare, cos\u00ec tanto per cui provate risentimento deve essere ripulito affinch\u00e9 voi possiate avere l\u2019opportunit\u00e0 di avere una nuova e diretta esperienza. Questo non \u00e8 un processo di aggiunta al vostro precedente pensiero e precedenti conclusioni. Pertanto, non venite cercando validazione. Invece, venite cercando istruzione. L\u2019istruzione per la sua specifica natura \u00e8 progettata per portarvi in un nuovo territorio, per portarvi oltre i vostri precedenti confini e precedenti supposizioni ed esporvi a nuove idee ed esperienze. Questa \u00e8 la vera essenza dell\u2019istruzione, e questo \u00e8 quello che intendiamo quando diciamo che prima vi dovete preparare.<\/p>\n<p>Senza la preparazione, non otterrete nulla. Questo \u00e8 vero in molte altre aree della vostra esperienza terrena, ed \u00e8 ugualmente vero anche in questa area. Molte persone cercano, o dichiarano di cercare, una Saggezza superiore, comprensione superiore e relazioni superiori, ma poche si prepareranno. Qualcosa in voi vi deve motivare a prepararvi e vi deve muovere a prepararvi, al di l\u00e0 delle vostre preoccupazioni e delle vostre ansie e al di l\u00e0 delle vostre preferenze, i vostri dubbi e le vostre paure. Fidatevi di questo. Questo proviene dalla Conoscenza. La Conoscenza vi porter\u00e0 alla Conoscenza. I vostri goal, le vostre ambizioni, le vostre aspirazioni, le vostre fantasie e i vostri sogni vi possono solo ostacolare in questo ritorno a casa.<\/p>\n<p>Quando arrivate a rendervi conto che il vostro scopo non \u00e8 solo per voi, allora vi rendete conto che non dovete permettervi di diventare preda di voi stessi o assorbiti in voi stessi. Difatti, la grande liberazione \u00e8 una liberazione da questo auto assorbimento, che vi restituisce alla vita con una mente aperta e con tutte le vostre facolt\u00e0 pienamente attivate. Quelli che sono preda di se stessi non sono capaci di vedere oltre i propri stati mentali, le proprie sensazioni, i propri pensieri, le proprie emozioni, i propri mutevoli atteggiamenti, le convinzioni fisse e via dicendo. Cosa possono essi portare al mondo se non la propria confusione e il proprio isolamento? La vostra prima libert\u00e0 \u00e8 la libert\u00e0 dalla vostra stessa mente. Questa \u00e8 libert\u00e0 dal vostro passato, che rappresenta la vostra mente in questo momento. Questa \u00e8 la vostra mente personale; questa non \u00e8 la Mente Superiore della Conoscenza. Questa \u00e8 la mente che il mondo ha condizionato. Questa \u00e8 la mente che adesso dovete utilizzare in un modo nuovo.<\/p>\n<p>La Conoscenza vi d\u00e0 una tregua dalla prigione dei vostri stessi pensieri e atteggiamenti e dai limiti delle vostre emozioni e convinzioni. Questo lo fa senza distruggere la vostra mente; fa questo senza farvi male in alcun modo. Vi d\u00e0 una nuova esperienza, un\u2019esperienza nel tempo presente senza associazioni passate. Avere questa esperienza fa parte della vostra preparazione. Qua dovete essere disponibili ad andare oltre le vostre idee. Qua dovete essere disponibili ad essere senza conclusioni e senza idee fisse riguardo a quello che \u00e8 il mondo, riguardo a quello che siete voi e quello che \u00e8 la verit\u00e0.<\/p>\n<p>Per molti questo \u00e8 molto difficile. Potreste sentirvi piuttosto insicuri quando entrate in questi stati del non-sapere, ma in realt\u00e0\u2019 questo significa arrivare alla chiarezza dentro voi stessi. Questo significa essere senza risoluzioni ma con una mente aperta e indagatrice. Questo non \u00e8 un approccio passivo. \u00c8 altamente attivo perch\u00e9 qua dovete essere molto attenti, molto focalizzati e pronti ad agire.<\/p>\n<p>Spesso, quando le persone parlano di scopo, loro parlano del risultato finale anzich\u00e9 del processo di raggiungimento di tale risultato. Fare questo, naturalmente, \u00e8 piuttosto privo di significato e non ha un valore duraturo. Le persone dichiarano quello che credono di essere adesso o che diventeranno, e loro considerano che questa sia una definizione e una dichiarazione del loro scopo.<\/p>\n<p>Non ingannatevi da soli con queste fantasie. Quelli che avranno successo sono quelli che si concentrano sulla loro preparazione e consentono al corso della loro vita di dispiegarsi senza determinare il suo risultato e senza determinare quello che sembrer\u00e0, come sar\u00e0 e via dicendo. Qua dovete sviluppare una grande e crescente fede in voi stessi, nella beneficenza di quelle persone che vi assistono, negli Unseen Ones (N.d.R. vedi capitolo 16: \/\u02c8\u028cn\u02c8si\u02d0n\/(ansiin) \/w\u028cns\/(uans) letteralmente \u2018Gli Invisibili\u2019 o \u2018I Non Visti\u2019) che vi guidano e vi aiutano e nella potenza e presenza della Conoscenza dentro di voi. Senza questa fiducia, non potete iniziare, e non sarete in grado di procedere. Tuttavia, per il fatto che queste sono realt\u00e0 viventi per voi, voi potete procedere e dovete procedere. Ma dovete lasciare indietro il vostro bisogno di auto affermazione e auto validazione.<\/p>\n<p>State entrando in un nuovo territorio. Voi non sapete cosa significa questo. Voi non sapete che aspetto avr\u00e0. Voi non sapete cosa succeder\u00e0 dopo. Questo \u00e8 essere aperti alla vita. Questo \u00e8 essere presenti alla vita. Questo \u00e8 essere senza supposizioni. Qua la mente si pu\u00f2 veramente integrare nel tempo presente e fuggire dalla prigione delle sue associazioni passate.<\/p>\n<p>Noi vi diamo grande incoraggiamento a incominciare la preparazione nella Via della Conoscenza. A imparare La Conoscenza e Saggezza della Comunit\u00e0 Pi\u00f9 Grande, noi vi diamo grande incoraggiamento a incominciare La Via della Conoscenza della Comunit\u00e0 Pi\u00f9 Grande, che \u00e8 una preparazione specifica per quelli il cui scopo risiede nella comprensione del contesto pi\u00f9 grande della vita e del movimento pi\u00f9 grande del mondo. Lo saprai se questo \u00e8 per te. La Conoscenza attiver\u00e0 la tua preparazione e riaffermer\u00e0 la tua preparazione in tempi di dubbio e in tempi di falsa sicurezza quando crederai di avere ottenuto qualcosa.<\/p>\n<p>Lo scopo \u00e8 un processo; non \u00e8 una definizione. Non \u00e8 una validazione. Non \u00e8 una forma di auto conforto. \u00c8 una cosa che vi attende. \u00c8 un grande viaggio. \u00c8 una porta che adesso \u00e8 aperta per voi, una porta che potete attraversare. \u00c8 un viaggio dove non ti conduci da solo, ma diventi invece parte dell\u2019addestramento superiore che esiste in tutto l\u2019universo. Il Creatore \u00e8 al lavoro dappertutto, sta recuperando i separati attraverso La Conoscenza. Questo \u00e8 lo scopo del Creatore. Il vostro scopo \u00e8 di dare quello che siete designati a dare, sulla base della vostra natura e le vostre vere capacit\u00e0. In questo, la vostra vita diventa compiuta perch\u00e9 tutto quello che avete fatto pu\u00f2 adesso servire uno scopo superiore.<\/p>\n<p>Questo viaggio esige una fenomenale onest\u00e0 interiore. Questa aspetta di essere imparata. Non \u00e8 qualcosa che possedete in questo momento. Umilt\u00e0, onest\u00e0, apertura, discernimento, moderazione, discrezione, tolleranza e misericordia\u2014queste sono qualit\u00e0 che scaturiscono dalla preparazione e dall\u2019avanzamento nella Via della Conoscenza. Queste cose sono ci\u00f2 che fornisce ispirazione e vera capacit\u00e0 nella vita.<\/p>\n<p>Questo \u00e8 scopo. Scopo \u00e8 entrare nella porta che d\u00e0 inizio a un viaggio pi\u00f9 grande nella vita ed \u00e8 rimanere in quel viaggio in tempi di felicit\u00e0 e tempi di dolore. Questo \u00e8 scopo. Lasciate da parte tutte le magnifiche definizioni e tutte le gloriose immagini spirituali. Quello \u00e8 materiale di fantasia per le persone che non sono in grado di farcela, che non sono in grado di viaggiare su per la montagna, che rimarranno alla sua base a parlare delle sue vette e della sua magnificenza, ma che in verit\u00e0 non hanno alcun modo di conoscere la sua realt\u00e0.<\/p>\n<p>Il vostro scopo \u00e8 uguale a quello di tutti gli altri. Tuttavia, la vostra chiamata \u00e8 specifica. \u00c8 un insieme specifico di compiti con persone specifiche in relazioni specifiche per certi scopi. Quella \u00e8 una chiamata. Ma affinch\u00e9 una chiamata (N.d.R. o un richiamo, un appello) sia genuina, sia reale e veramente dia un frutto nella vita, deve essere fondamentalmente basata nell\u2019ambito dello scopo superiore che condividete con tutti.<\/p>\n<p>Come fate a sapere se siete impegnati in una vera preparazione? La sapete perch\u00e9 vi state dando a qualcosa che non potete controllare e che non potete capire, ma che scoprite che \u00e8 sempre pi\u00f9 benefica mentre andate avanti. Questo \u00e8 molto concreto, perch\u00e9 molta della vostra preparazione \u00e8 molto concreta. Non \u00e8 un cieco girovagare, speculando e avendo grandi idee. Invece, \u00e8 l\u2019impegno in un processo di sviluppo che vi \u00e8 stato dato dal vostro Creatore e dalla vostra Famiglia Spirituale per iniziarvi nel corso di questa vita nella vostra chiamata superiore e nel vostro scopo superiore per cui siete venuti. Solo attraverso questa scoperta la vostra vita sar\u00e0 pienamente giustificata e pienamente realizzata. Qua entrerai in una gamma superiore di relazione e comprensione che ti render\u00e0 una persona di incredibile valore nel mondo.<\/p>\n<p>Il mondo \u00e8 un luogo affamato e solitario. \u00c8 pieno di fantasia e follia. La sua sofferenza \u00e8 profonda. La sua confusione \u00e8 profonda. La sua violenza \u00e8 nauseabonda. Le sue possibilit\u00e0 sono enormi. Chi pu\u00f2 vedere queste cose se non coloro che si rendono conto di essere venuti da oltre il mondo per dare qualcosa? Loro si rendono conto di questo perch\u00e9 \u00e8 qualcosa che possono sentire. Non \u00e8 un\u2019emozione; \u00e8 qualcosa che loro sentono. Loro sentono di essere venuti qua per una ragione. \u00c8 qualcosa che non possono ancora definire, ma non la possono neanche mandare via. Qualcosa di superiore li sta chiamando. Questo \u00e8 scopo. In definitiva, se loro risponderanno a questo, loro incominceranno la loro preparazione. Questo \u00e8 scopo. Se loro inizieranno la loro preparazione e avanzeranno nella preparazione, senza cercare di alterarla o cambiarla, loro inizieranno ad ottenere una maggiore ispirazione e comprensione. Questo \u00e8 scopo. Se loro continuano e non cadono in preda all\u2019errata percezione di essere avanti, allora La Conoscenza lentamente germiner\u00e0 dentro di loro, e la loro percezione e comprensione delle cose cambier\u00e0. La loro consapevolezza del mistero della vita crescer\u00e0 sempre pi\u00f9 profonda, e la loro capacit\u00e0 nella vita\u2014nelle loro relazioni, nella loro carriera, in tutte le loro attivit\u00e0\u2014diventer\u00e0 pi\u00f9 profonda. Questo \u00e8 scopo. A un certo punto, loro daranno se stessi a qualcosa che riguarda altre persone in servizio al mondo in una o un\u2019altra funzione, sulla base della loro natura e del loro disegno. Per loro sar\u00e0 naturale dare se stessi in questo modo, cos\u00ec come sarebbe innaturale per loro rifiutare. Questo \u00e8 scopo.<\/p>\n<p>Anche se descriviamo questo processo di preparazione in modo molto generale, non crediate in alcun modo di essere vicini alla fine. Non dichiarate di essere in alcun punto del processo, perch\u00e9 come fate a saperlo? Non vi potete tirare fuori dalla vita ed esaminare la vostra vita. Non avete ancora quel punto privilegiato di osservazione. Accettate il fatto che il viaggio \u00e8 grande. \u00c8 meraviglioso. \u00c8 alle volte difficile. Ma in tutti i modi vi perfeziona. Lava via ci\u00f2 che non \u00e8 essenziale in voi e rivela quello che \u00e8 permanente e significativo. Il vostro vero scopo e richiamo diventano evidenti quando tutto quello che li nasconde e li occulta \u00e8 scivolato via e quello che resta \u00e8 reale, e diviene benvenuto e accettato.<\/p>\n<p>Il vostro grande impedimento qua \u00e8 la vostra paura del vero e la vostra brama di fantasia. La realt\u00e0 non \u00e8 aspra; \u00e8 redentrice. Non \u00e8 crudele; \u00e8 rivitalizzante. Non \u00e8 schiacciante; \u00e8 ristoratrice. Questa \u00e8 una realt\u00e0 di una natura superiore a quanto i vostri occhi percepiscono e le vostre mani possono toccare. Questa \u00e8 una realt\u00e0 che vi legher\u00e0 non solo alla vita nel mondo ma anche alla vita nella Comunit\u00e0 Pi\u00f9 Grande. Questo vi preparer\u00e0 per i vostri incontri con quelli che provengono dalla Comunit\u00e0 Pi\u00f9 Grande. Per voi e per i vostri figli questi incontri cresceranno in portata e in magnitudine. Talmente pochi saranno preparati, ma questi pochi devono essere preparati, perch\u00e9 quello \u00e8 il loro scopo.<\/p>\n<p>Non avete bisogno di sentire una affinit\u00e0 con la Comunit\u00e0 Pi\u00f9 Grande o neppure crederci per arrivare alla comprensione del fatto che il vostro scopo sia attinente ad essa. Lo scopo di tutti \u00e8 attinente ad essa, direttamente o indirettamente, perch\u00e9 questo \u00e8 il mondo che siete venuti a servire. Questo \u00e8 il tempo in cui vi trovate qua e questa \u00e8 la condizione del mondo e l\u2019evoluzione del mondo in questo tempo. Anche se il vostro richiamo specifico potrebbe sembrare che abbia poco a che fare con la Comunit\u00e0 Pi\u00f9 Grande, voi state servendo il mondo nel suo esordio nella Comunit\u00e0 Pi\u00f9 Grande. Voi state nutrendo il bene, la Saggezza e la realt\u00e0 della Conoscenza nel mondo attraverso la vostra dimostrazione. Questo \u00e8 il vostro scopo.<\/p>\n<p>Venite, allora, senza definizione. Venite, allora, senza il bisogno di auto validazione. Venite alla porta aperta verso La Conoscenza. Vi attende ora.<\/p>\n<p>&nbsp;<\/p>\n<p class=\"NMBody\">\n","protected":false},"excerpt":{"rendered":"<p>Lo scopo \u00e8 un qualcosa che capirete mentre salirete pi\u00f9 in alto sulla montagna della vita. Quando conquisterete un punto di osservazione pi\u00f9 vantaggioso, capirete di pi\u00f9 riguardo al viaggio stesso, guardando indietro ed essendo sempre pi\u00f9 capaci di anticipare quello che sta avanti. Lo scopo \u00e8 realizzato intraprendendo il viaggio, non stabilendo per se\u2026 <a class=\"read-more\" href=\"https:\/\/www.v6.newmessage.org\/it\/about-text-shortcode\"><span>Read More<\/span><\/a><\/p>\n","protected":false},"author":1,"featured_media":0,"parent":13081,"menu_order":26,"comment_status":"closed","ping_status":"closed","template":"template-leftsidebar.php","meta":{"_monsterinsights_skip_tracking":false,"_monsterinsights_sitenote_active":false,"_monsterinsights_sitenote_note":"","_monsterinsights_sitenote_category":0,"footnotes":""},"categories":[468,76,77,467],"tags":[749,799,740,745,750,743,748,741,746,744,747,742],"_links":{"self":[{"href":"https:\/\/www.v6.newmessage.org\/it\/wp-json\/wp\/v2\/pages\/15122"}],"collection":[{"href":"https:\/\/www.v6.newmessage.org\/it\/wp-json\/wp\/v2\/pages"}],"about":[{"href":"https:\/\/www.v6.newmessage.org\/it\/wp-json\/wp\/v2\/types\/page"}],"author":[{"embeddable":true,"href":"https:\/\/www.v6.newmessage.org\/it\/wp-json\/wp\/v2\/users\/1"}],"replies":[{"embeddable":true,"href":"https:\/\/www.v6.newmessage.org\/it\/wp-json\/wp\/v2\/comments?post=15122"}],"version-history":[{"count":15,"href":"https:\/\/www.v6.newmessage.org\/it\/wp-json\/wp\/v2\/pages\/15122\/revisions"}],"predecessor-version":[{"id":28220,"href":"https:\/\/www.v6.newmessage.org\/it\/wp-json\/wp\/v2\/pages\/15122\/revisions\/28220"}],"up":[{"embeddable":true,"href":"https:\/\/www.v6.newmessage.org\/it\/wp-json\/wp\/v2\/pages\/13081"}],"wp:attachment":[{"href":"https:\/\/www.v6.newmessage.org\/it\/wp-json\/wp\/v2\/media?parent=15122"}],"wp:term":[{"taxonomy":"category","embeddable":true,"href":"https:\/\/www.v6.newmessage.org\/it\/wp-json\/wp\/v2\/categories?post=15122"},{"taxonomy":"post_tag","embeddable":true,"href":"https:\/\/www.v6.newmessage.org\/it\/wp-json\/wp\/v2\/tags?post=15122"}],"curies":[{"name":"wp","href":"https:\/\/api.w.org\/{rel}","templated":true}]}}