{"id":14756,"date":"2014-08-23T22:51:24","date_gmt":"2014-08-23T22:51:24","guid":{"rendered":"http:\/\/www.newmessage.org\/?page_id=14756"},"modified":"2016-08-07T18:23:23","modified_gmt":"2016-08-07T18:23:23","slug":"come-supportare-il-nuovo-messaggio","status":"publish","type":"page","link":"https:\/\/www.v6.newmessage.org\/it\/worldwide-community\/society\/come-supportare-il-nuovo-messaggio","title":{"rendered":"Come Supportare il Nuovo Messaggio"},"content":{"rendered":"<div class=\"one_half \" >\n<h2>Donazioni Una Tantum<\/h2>\n<p><img loading=\"lazy\" decoding=\"async\" class=\"alignnone\" src=\"http:\/\/cdn2.bigcommerce.com\/server2100\/932c8\/products\/106\/images\/170\/productimage-frienddonation.001__48553.1405379429.1280.1280.jpg?c=2\" alt=\"Support the New Message with a Donation\" width=\"240\" height=\"240\" \/><\/p>\n<p>Le Donazioni possono essere effettuate via Internet tramite il negozio online della New Knowledge Library, oppure tramite Paypal:<\/p>\n<p style=\"text-align: center;\"><a class='simple_button_link ' style='background-color: #4f8fd6' href='http:\/\/www.newknowledgelibrary.org\/products\/Donation-to-the-New-Message-%2410.html'   ><span>Dona $10<\/span><\/a> <a class='simple_button_link ' style='background-color: #4f8fd6' href='http:\/\/www.newknowledgelibrary.org\/products\/Donation-to-the-New-Message-%2425.html'   ><span>Dona $25<\/span><\/a> <a class='simple_button_link ' style='background-color: #4f8fd6' href='http:\/\/www.newknowledgelibrary.org\/products\/Donation-to-the-New-Message-%2450.html'   ><span>Dona $50<\/span><\/a> <a class='simple_button_link ' style='background-color: #4f8fd6' href='http:\/\/www.newknowledgelibrary.org\/products\/Donation-to-the-New-Message-%24100.html'   ><span>Dona $100<\/span><\/a> <a class='simple_button_link ' style='background-color: #4f8fd6' href='http:\/\/www.newknowledgelibrary.org\/products\/Donation-to-the-New-Message-%24500.html'   ><span>Dona $500<\/span><\/a> <a class='simple_button_link ' style='background-color: #4f8fd6' href='http:\/\/www.newknowledgelibrary.org\/products\/Donation-to-the-New-Message-%241000.html'   ><span>Dona $1,000<\/span><\/a> <a class='simple_button_link ' style='background-color: #4f8fd6' href='http:\/\/www.newknowledgelibrary.org\/products\/Donation-to-the-New-Message-%2410%2C000.html'   ><span>Dona $10,000<\/span><\/a><\/p>\n<p><em>Tutte le donazioni sono in Dollari Americani (USD &#8211; U.S. Dollars) e, dove applicabile legalmente, sono deducibili dalle tasse.<\/em><\/p>\n<h2>Donazioni Mensili<\/h2>\n<p><strong>Gli Amici del Nuovo Messaggio<\/strong> contribuiscono su base mensile al lavoro centrale della Societ\u00e0 (La Societ\u00e0 per il Nuovo Messaggio da Dio &#8211; The Society for the New Message from God). Per anni, gli Amici hanno dato una solida fondazione per i crescenti impegni della Societ\u00e0. Gli Amici del Nuovo Messaggio sono individui che si impegnano donando a qualsiasi livello che sia per loro possibile. <a href=\"http:\/\/newknowledgelibrary.org\/friend\/\">Diventa un Amico.<\/a>.<\/p>\n<p style=\"text-align: center;\"><a class='simple_button_link ' style='background-color: #4f8fd6' href='http:\/\/newknowledgelibrary.org\/donate\/friends-of-the-new-message-give-monthly-25\/'   ><span>Diventa un Amico del Nuovo Messaggio Donando $25\/al mese<\/span><\/a><\/p>\n<p style=\"text-align: center;\"><a class='simple_button_link ' style='background-color: #4f8fd6' href='http:\/\/newknowledgelibrary.org\/donate\/friends-of-the-new-message-give-monthly-50\/'   ><span>Diventa un Amico del Nuovo Messaggio Donando $50\/al mese<\/span><\/a><\/p>\n<p style=\"text-align: center;\"><a class='simple_button_link ' style='background-color: #4f8fd6' href='http:\/\/newknowledgelibrary.org\/donate\/friends-of-the-new-message-give-monthly-75\/'   ><span>Diventa un Amico del Nuovo Messaggio Donando $75\/al mese<\/span><\/a><\/p>\n<p><strong>I Pilastri del Nuovo Messaggio<\/strong> sono una parte integrante della fondazione per la missione di formazione e di sviluppo della Societ\u00e0. Un Pilastro del Nuovo Messaggio si impegna a donare $100 o pi\u00f9 ogni mese. 300 Pilastri sono necessari al fine di andare incontro ai costi annuali.<\/p>\n<p>Essere un Pilastro \u00e8 un\u2019espressione della tua relazione con il Nuovo Messaggio, con il suo Messaggero e il suo dono urgente per il mondo. Diventa un precursore nel mondo e una persona che mostra la strada ad altri che stanno cercando di vivere una vita ispirata e di portare avanti il proprio scopo in un mondo emergente.<br \/>\n<a href=\"http:\/\/newknowledgelibrary.org\/friend\/\">Diventa un Pilastro.<\/a>.<\/p>\n<p style=\"text-align: center;\"><a class='simple_button_link ' style='background-color: #4f8fd6' href='http:\/\/newknowledgelibrary.org\/donate\/a-pillar-of-the-new-message-give-monthly-100\/'   ><span>Diventa un Pilastro del Nuovo Messaggio Donando $100\/al mese<\/span><\/a><\/p>\n<p style=\"text-align: center;\"><a class='simple_button_link ' style='background-color: #4f8fd6' href='http:\/\/newknowledgelibrary.org\/donate\/a-pillar-of-the-new-message-give-monthly-150\/'   ><span>Diventa un Pilastro del Nuovo Messaggio Donando $150\/al mese<\/span><\/a><\/p>\n<p style=\"text-align: center;\"><a class='simple_button_link ' style='background-color: #4f8fd6' href='http:\/\/newknowledgelibrary.org\/donate\/a-pillar-of-the-new-message-give-monthly-200\/'   ><span>Diventa un Pilastro del Nuovo Messaggio Donando $200\/al mese<\/span><\/a><\/p>\n<p style=\"text-align: center;\"><a class='simple_button_link ' style='background-color: #4f8fd6' href='http:\/\/newknowledgelibrary.org\/donate\/a-pillar-of-the-new-message-give-monthly-300\/'   ><span><\/span><\/a>Unisciti alla Comunit\u00e0 Mondiale (The Worldwide Community) di persone che riconoscono l\u2019immenso valore del Nuovo Messaggio di Dio e che impegnano una porzione delle loro risorse per supportare il lavoro continuativo che \u00e8 necessario per portare questa Rivelazione all\u2019umanit\u00e0.<\/p>\n<h2>Donazione \u201cLegacy\u201d<\/h2>\n<p>Se la vita ti ha dato i mezzi finanziari per diventare un Benefattore, potresti avere un ruolo storico nell\u2019assicurare il successo e la salvaguardia del Nuovo Messaggio da Dio nel profondo futuro. La Donazione \u201cLegacy\u201d pu\u00f2 essere fatta progressivamente in singole donazioni, o attraverso i seguenti mezzi:<\/p>\n<ul class=\"list-vertical diamond\">\n<li>Stabilire una dote<\/li>\n<li>Donare titoli, azioni o beni immobili<\/li>\n<li>Donazioni nel tuo testamento<\/li>\n<li>Designazione della Societ\u00e0 quale beneficiario di polizza assicurativa o piano pensionistico<\/li>\n<\/ul>\n<p>Per discutere queste ed altre opzioni di donazione potete contattare Will Burrows al numero (800) 938-3891.<\/p>\n<p class=\"font-size-12\">La Societ\u00e0 per il Nuovo Messaggio da Dio (The Society for the New Message from God) \u00e8 una organizzazione religiosa senza fini di lucro [codice USA 501(c)(3)] la cui missione \u00e8 quella di preservare, proteggere e presentare il Nuovo Messaggio da Dio nel mondo.<\/p>\n<h2>Dona il tuo tempo a titolo di volontariato<\/h2>\n<p>La Missione del Nuovo Messaggio \u00e8 conseguita dai membri della Societ\u00e0 insieme a una squadra dedicata di volontari in tutto il globo. Se vi andrebbe di offrire le vostre capacit\u00e0 ed unirvi a questa grande impresa, per favore compilate <a href=\"https:\/\/www.newmessage.org\/volunteer\">il modulo di volontariato.<\/a>.<\/p>\n<h2>Raccolta di fondi<\/h2>\n<p>Fate acquisti online e siete interessati a raccogliere fondi per La Societ\u00e0 per il Nuovo Messaggio? Utilizzate i link sottostanti e La Societ\u00e0 ricever\u00e0 tra il 2% e il 12% del valore del vostro acquisto presso i seguenti negozi e rivenditori. In questo modo gli studenti del Nuovo Messaggio possono portare beneficio alla Societ\u00e0 attraverso le loro normali attivit\u00e0 di shopping.<\/p>\n<h4><strong>Visitate <\/strong><a href=\"https:\/\/www.newmessage.org\/shop\"><strong>www.newmessage.org\/shop<\/strong><\/a><\/h4>\n<h2>Altri modi per raccogliere fondi per La Societ\u00e0<\/h2>\n<p>Anche solo attraverso le vostre normali abitudini di ricerca e di shopping online, potete dare dei fondi alla Societ\u00e0 <strong>senza costi aggiuntivi<\/strong> per voi! Ecco come fare:<\/p>\n<ul>\n<ul>\n<li><a href=\"http:\/\/www.goodsearch.com\/nonprofit\/society-for-the-greater-community-way-of-knowledge.aspx\"><img loading=\"lazy\" decoding=\"async\" class=\"imgborder alignleft size-full\" src=\"https:\/\/www.newmessage.org\/wp-content\/uploads\/2014\/08\/goodsearch.png\" alt=\"GoodSearch\" width=\"207\" height=\"31\" \/><\/a>Utilizzare il <a href=\"http:\/\/www.goodsearch.com\/nonprofit\/society-for-the-greater-community-way-of-knowledge.aspx\">motore di ricerca GoodSearch<\/a>. Ogni ricerca che fate porta $0.01 alla Societ\u00e0. Consultate una <a href=\"http:\/\/www.goodsearch.com\/causes\/society-for-the-greater-community-way-of-knowledge\/supporters\">lista di tutti i sostenitori che usano GoodSearch<\/a>.<\/li>\n<\/ul>\n<\/ul>\n<p>&nbsp;<\/p>\n<ul>\n<ul>\n<li><a href=\"http:\/\/www.goodsearch.com\/goodshop.aspx\"><img loading=\"lazy\" decoding=\"async\" class=\"imgborder alignleft size-full\" src=\"https:\/\/www.newmessage.org\/wp-content\/uploads\/2014\/08\/goodshop.png\" alt=\"GoodShop\" width=\"207\" height=\"36\" \/><\/a><a href=\"http:\/\/www.goodsearch.com\/goodshop.aspx\">Acquistate online dal sito di goodshop<\/a> che dona una percentuale di molti acquisti online alla Societ\u00e0.<\/li>\n<\/ul>\n<\/ul>\n<p>&nbsp;<\/p>\n<ul>\n<li><a href=\"http:\/\/smile.amazon.com\"><img loading=\"lazy\" decoding=\"async\" class=\"alignleft size-full imgborder\" src=\"https:\/\/www.newmessage.org\/wp-content\/uploads\/2014\/08\/amazon-smile.jpg\" alt=\"amazon smile\" width=\"207\" height=\"51\" \/><\/a>Visitate Amazon.com, iscrivetevi al programma SMILE e scegliete \u201cSOCIET\u00c0 PER LA VIA DELLA CONOSCENZA DELLA COMUNIT\u00c0 PI\u00d9 GRANDE\u201d come la vostra organizzazione di carit\u00e0. Per ulteriori informazioni, consultate<a href=\"http:\/\/smile.amazon.com\/about\">Amazon Smile<\/a><\/li>\n<\/ul>\n<p>&nbsp;<\/p>\n<h2>Donate via telefono, posta o fax<\/h2>\n<p>Per contribuire telefonicamente tramite carta di credito, per favore <strong>chiamate 1-800-938-3891<\/strong><\/p>\n<p>Per contribuire tramite assegno, per favore mandate il vostro assegno in busta chiusa a:<\/p>\n<p style=\"text-align: center;\"><strong>THE SOCIETY FOR THE NEW MESSAGE FROM GOD<\/strong><br \/>\n<strong> P.O. Box 1724<\/strong><br \/>\n<strong> Boulder, CO 80306-1724<\/strong><\/p>\n<p>Gli assegni possono anche essere fatti a \u201cSociety for the GCWK.\u201d<\/p>\n<p>Donazioni possono anche essere <strong>faxate al numero 303-938-1214<\/strong>. Si prega di includere nome, indirizzo e numero di telefono, insieme alla cifra che volete donare, il numero di carta di credito e la data di scadenza.<\/p>\n<p>Per ulteriori informazioni riguardo ad altri metodi di donazione, potete contattare La Societ\u00e0 presso <a href=\"mailto:society@greatercommunity.org?subject=\">society@greatercommunity.org<\/a> 303-938-8401.<\/p>\n<p class=\"font-size-12\">Le contribuzioni dove applicabile legalmente, sono deducibili dalle tasse.<\/p>\n<h2>Benedizioni e Gratitudine da<\/h2>\n<p><span class=\"text-color-pirate-gold font-size-18 font-weight-bold\"><em>Marshall and Patricia Summers<\/em><br \/>\n<em> Reed Summers<\/em><br \/>\n<em> Ayesha Summers<\/em><br \/>\n<em> Darlene Mitchell<\/em><br \/>\n<em> Carol Coffey<\/em><br \/>\n<em> Jeanine Butler<\/em><br \/>\n<em> Ellen Mitchell<\/em><br \/>\n<em> Will Burrows<\/em><br \/>\n<em> Ana Burrows<\/em><br \/>\n<em> Tyyne Andrews<\/em><br \/>\n<em> Robert Busbey<\/em><br \/>\n<\/span><\/p>\n<p><\/div><br \/>\n<div class=\"one_half last\" ><\/p>\n<div class=\"panel-10 background-color-spanish-white border-rounded-8\"><strong>Unitevi a una comunit\u00e0 mondiale<\/strong> di persone che stanno supportando finanziariamente\u00a0<a title=\"La Societ\u00e0\" href=\"https:\/\/www.newmessage.org\/worldwide-community\/society\">La Societ\u00e0<\/a> nella sua missione di portare il Nuovo Messaggio da Dio all\u2019umanit\u00e0. Il vostro dono forger\u00e0 la fondazione per tutto quello che stiamo facendo attualmente e in futuro.<\/div>\n<div class=\"panel-10 background-color-spanish-white border-rounded-8\">\n<h3>Con il vostro supporto siamo in grado di:<\/h3>\n<ul class=\"list-vertical diamond\">\n<li>Portare il Nuovo Messaggio a centinaia di migliaia di persone in tutto il mondo attraverso il nostro movimento di gente comune volto a raggiungere gli altri, e il nostro lavoro con i media.<\/li>\n<\/ul>\n<ul class=\"list-vertical diamond\">\n<li>Pubblicare e distribuite i <a title=\"sacri testi\" href=\"\/the-message\">sacri testi<\/a> del Nuovo Messaggio in paesi intorno al mondo.<\/li>\n<\/ul>\n<ul class=\"list-vertical diamond\">\n<li>Offrire gratuitamente libri, CD e testi online attraverso il nostro <a title=\"free book Project\" href=\"\/the-message\/free-book-project\">Free Book Project<\/a>.<\/li>\n<\/ul>\n<ul class=\"list-vertical diamond\">\n<li>Tradurre migliaia di pagine del Nuovo Messaggio in dozzine di lingue.<\/li>\n<\/ul>\n<ul class=\"list-vertical diamond\">\n<li>Consentire al Messaggero e ai suoi compagni di <a href=\"\/gods-messenger\/journeys-messenger\">visitare luoghi dove c\u2019\u00e8 un cruciale bisogno<\/a> di portare il Nuovo Messaggio di Dio e anche di incontrare quegli individui che stanno rispondendo al Messaggio a livello mondiale.<\/li>\n<\/ul>\n<ul class=\"list-vertical diamond\">\n<li>Raggiungere le persone che sono interessate al Nuovo Messaggio di Dio attraverso eventi formativi.<\/li>\n<\/ul>\n<ul class=\"list-vertical diamond\">\n<li>Preparare centinaia di rivelazioni audio, testi e video affinch\u00e9 siano pubblicati gratuitamente online.<\/li>\n<\/ul>\n<ul class=\"list-vertical diamond\">\n<li>Costruire l\u2019ambiente della <a title=\"Scuola Gratuita\" href=\"https:\/\/www.newmessage.org\/free-school\">Scuola Gratuita<\/a> e portare la formazione vitale del Nuovo Messaggio alle persone in ogni luogo.<\/li>\n<\/ul>\n<ul class=\"list-vertical diamond\">\n<li>Far crescere <a title=\"il Santuario del Nuovo Messaggio\" href=\"https:\/\/www.newmessage.org\/worldwide-community\/society\/sanctuary\">il Santuario del Nuovo Messaggio<\/a> in qualit\u00e0 di luogo dove la gente da ogni estrazione sociale nel mondo possa venire a studiare, andare in ritiro e vivere in prima persona l\u2019esperienza del Nuovo Messaggio e del suo Messaggero.<\/li>\n<\/ul>\n<p style=\"text-align: center;\"><strong>Con il tuo dono finanziario, siamo in grado di portare il Nuovo Messaggio da Dio nel mondo, alla gente di ogni nazione e cultura. Tu sei l\u2019anello vitale nella trasmissione della Rivelazione di Dio all\u2019umanit\u00e0.<\/strong><\/p>\n<p>Il Nuovo Messaggio \u00e8 qua per proteggere l\u2019umanit\u00e0 nei tempi difficili all\u2019orizzonte ed evocare i doni spirituali che la famiglia umana possiede e che deve evocare al fine di sopravvivere un mondo di radicale cambiamento. Il tuo dono far\u00e0 s\u00ec che la Saggezza e La Conoscenza del Nuovo Messaggio siano infuse nel nostro mondo. In definitiva, sono queste vostre donazioni che preserveranno la purezza e l\u2019accessibilit\u00e0 della Nuova Rivelazione di Dio nel corso del tempo.<\/p>\n<p>Il tuo supporto finanziario \u00e8 un\u2019indicazione vitale del fatto che hai trovato il Nuovo Messaggio e vuoi contribuire a questa Missione adesso, ora che ci dirigiamo verso un formidabile futuro.Il tuo supporto finanziario \u00e8 un\u2019indicazione vitale del fatto che hai trovato il Nuovo Messaggio e vuoi contribuire <a title=\"a questa Missione adesso\" href=\"\/worldwide-community\/society\">a questa Missione adesso<\/a>, ora che ci dirigiamo verso un formidabile futuro.<\/p>\n<p>A prescindere dal genere di supporto che dai, sia esso finanziario, oppure basato sul tuo tempo, la tua energia, le tue preghiere e\/o la tua formazione nel Nuovo Messaggio, tu sei l\u2019anello vitale per aiutarci a conseguire tutto quello che ci stiamo volgendo a fare. Ti invitiamo a unirti a noi in questa enorme impresa in servizio al Creatore. Possa tutto quello che ci \u00e8 stato chiesto di fare essere conseguito.<\/p>\n<\/div>\n<p><\/div>\n","protected":false},"excerpt":{"rendered":"Donazioni Una Tantum Le Donazioni possono essere effettuate via Internet tramite il negozio online della New Knowledge Library, oppure tramite Paypal: Dona $10 Dona $25 Dona $50 Dona $100 Dona $500 Dona $1,000 Dona $10,000 Tutte le donazioni sono in Dollari Americani (USD - U.S. Dollars) e, dove applicabile legalmente, sono deducibili dalle tasse. Donazioni\u2026 <a class=\"read-more\" href=\"https:\/\/www.v6.newmessage.org\/it\/worldwide-community\/society\/come-supportare-il-nuovo-messaggio\"><span>Read More<\/span><\/a>","protected":false},"author":1,"featured_media":0,"parent":12810,"menu_order":2,"comment_status":"closed","ping_status":"closed","template":"","meta":{"_monsterinsights_skip_tracking":false,"_monsterinsights_sitenote_active":false,"_monsterinsights_sitenote_note":"","_monsterinsights_sitenote_category":0,"footnotes":""},"categories":[],"tags":[],"_links":{"self":[{"href":"https:\/\/www.v6.newmessage.org\/it\/wp-json\/wp\/v2\/pages\/14756"}],"collection":[{"href":"https:\/\/www.v6.newmessage.org\/it\/wp-json\/wp\/v2\/pages"}],"about":[{"href":"https:\/\/www.v6.newmessage.org\/it\/wp-json\/wp\/v2\/types\/page"}],"author":[{"embeddable":true,"href":"https:\/\/www.v6.newmessage.org\/it\/wp-json\/wp\/v2\/users\/1"}],"replies":[{"embeddable":true,"href":"https:\/\/www.v6.newmessage.org\/it\/wp-json\/wp\/v2\/comments?post=14756"}],"version-history":[{"count":88,"href":"https:\/\/www.v6.newmessage.org\/it\/wp-json\/wp\/v2\/pages\/14756\/revisions"}],"predecessor-version":[{"id":27554,"href":"https:\/\/www.v6.newmessage.org\/it\/wp-json\/wp\/v2\/pages\/14756\/revisions\/27554"}],"up":[{"embeddable":true,"href":"https:\/\/www.v6.newmessage.org\/it\/wp-json\/wp\/v2\/pages\/12810"}],"wp:attachment":[{"href":"https:\/\/www.v6.newmessage.org\/it\/wp-json\/wp\/v2\/media?parent=14756"}],"wp:term":[{"taxonomy":"category","embeddable":true,"href":"https:\/\/www.v6.newmessage.org\/it\/wp-json\/wp\/v2\/categories?post=14756"},{"taxonomy":"post_tag","embeddable":true,"href":"https:\/\/www.v6.newmessage.org\/it\/wp-json\/wp\/v2\/tags?post=14756"}],"curies":[{"name":"wp","href":"https:\/\/api.w.org\/{rel}","templated":true}]}}