{"id":13223,"date":"2014-07-25T17:41:39","date_gmt":"2014-07-25T17:41:39","guid":{"rendered":"http:\/\/www.newmessage.org\/?page_id=13223"},"modified":"2023-12-10T21:52:45","modified_gmt":"2023-12-10T21:52:45","slug":"saggezza-dalla-comunita-piu-grande-volume-2","status":"publish","type":"page","link":"https:\/\/www.v6.newmessage.org\/it\/il-messaggio\/volume-5\/saggezza-dalla-comunita-piu-grande-volume-2","title":{"rendered":"Saggezza dalla Comunit\u00e0 Pi\u00f9 Grande Volume II"},"content":{"rendered":"<p><a href=\"https:\/\/www.newmessage.org\/wp-content\/uploads\/2015\/07\/volume5_book2.jpg\"><img loading=\"lazy\" decoding=\"async\" class=\"size-medium alignright\" src=\"https:\/\/www.newmessage.org\/wp-content\/uploads\/2015\/07\/volume5_book2-211x300.jpg\" alt=\"\" width=\"211\" height=\"300\" \/><\/a><em>Saggezza dalla Comunit\u00e0 Pi\u00f9 Grande Volume II<\/em> si concentra sulle necessit\u00e0 di un mondo in transizione quale contesto superiore dove ritrovare il vostro scopo superiore nella vita e risolvere i dilemmi personali. Il Libro parla della pi\u00f9 ampia arena di vita intelligente chiamata la Comunit\u00e0 Pi\u00f9 Grande e fornisce gli approfondimenti e i punti di vista necessari per prepararsi per un futuro che sar\u00e0 diverso da qualsiasi cosa che abbiamo mai conosciuto in precedenza.<\/p>\n<p>Nell\u2019ambito degli Insegnamenti del Nuovo Messaggio riguardanti argomenti che vanno da <em>\u201cIl Discernimento\u201d<\/em> e <em>\u201cLe Realt\u00e0 della Comunit\u00e0 Pi\u00f9 Grande\u201d<\/em> a <em>\u201cIl Coraggio\u201d<\/em> e <em>\u201cLa Religione come un Mistero\u201d<\/em>, Saggezza Volume II apre la strada verso una vita superiore nel mondo. Ambedue i volumi di Saggezza dalla Comunit\u00e0 Pi\u00f9 Grande sono un potente complemento al viaggio dei Passi Verso La Conoscenza.<\/p>\n<p>Qua \u00e8 presentata una serie di insegnamenti riguardanti La Via della Conoscenza della Comunit\u00e0 Pi\u00f9 Grande, che \u00e8 il percorso interiore di preparazione spirituale contenuto nel Nuovo Messaggio da Dio. Questa \u00e8 una preparazione spirituale universale presentata adesso al mondo per la prima volta.<\/p>\n<p><em>Saggezza dalla Comunit\u00e0 Pi\u00f9 Grande Volume II \u00e8 il secondo libro del Volume 5 del Nuovo Messaggio da Dio.<\/em><\/p>\n<div class=\"toggle toggle-white\"><h4 class=\"trigger \"><span class=\"t_ico\"><\/span><a href=\"#\">Ulteriori informazioni riguardo ai volumi del Nuovo Messaggio da Dio<\/a><\/h4><div class=\"toggle_container \"><br \/>\n<div data-post-id='24520' class='insert-page insert-page-24520 '><p>Il Nuovo Messaggio da Dio in definitiva sar\u00e0 contenuto in sei volumi individuali. Ogni volume contiene due o pi\u00f9 libri e ogni libro \u00e8 organizzato in capitoli.<\/p>\n<p>Pertanto, la struttura futura del Nuovo Messaggio da Dio si potrebbe esprimere nel modo seguente:<\/p>\n<div id=\"attachment_24097\" style=\"width: 227px\" class=\"wp-caption alignright\"><a href=\"https:\/\/www.newmessage.org\/wp-content\/uploads\/2015\/08\/Volumes-Books-InfoGraphic.001.jpg\"><img loading=\"lazy\" decoding=\"async\" aria-describedby=\"caption-attachment-24097\" class=\"imgborder \" src=\"https:\/\/www.newmessage.org\/wp-content\/uploads\/2015\/08\/Volumes-Books-InfoGraphic.001.jpg\" alt=\"The New Message One Book\" width=\"217\" height=\"234\" \/><\/a><p id=\"caption-attachment-24097\" class=\"wp-caption-text\">Il Libro Unico del Nuovo Messaggio<\/p><\/div>\n<p><strong>Volume &gt; Libro &gt; Capitolo &gt; Verso.<br \/>\n<\/strong><\/p>\n<p>Il Nuovo Messaggio da Dio contiene la pi\u00f9 grande mole di Rivelazione mai data al mondo. Si rivolge a quasi tutti gli aspetti delle nostre vite, presentando delle nuove realt\u00e0 mai rivelate in precedenza. La Societ\u00e0 (\u201cThe Society for the New Message from God\u201d &#8211; La Societ\u00e0 per il Nuovo Messaggio da Dio) sta lavorando per rendere i libri del Nuovo Messaggio e le Rivelazioni parlate disponibili e accessibili al mondo.<\/p>\n<p>Attualmente, La Societ\u00e0 \u00e8 in grado di offrire un grande numero di registrazioni originali della Voce della Rivelazione. Qua siete invitati a sentire la potenza e il mistero della \u201cVoce\u201d proprio come parl\u00f2 in origine al Messaggero in stato di Rivelazione. Mai prima d\u2019ora era stato possibile udire la Voce originale della Rivelazione.<\/p>\n<p>La compilazione dell\u2019intero Nuovo Messaggio \u00e8 un lavoro che \u00e8 in corso, intrapreso in un lungo periodo di tempo. In aggiunta, la Rivelazione continua ad oggi con nuovi insegnamenti che sono dati ogni anno. Per questo motivo, la selezione degli insegnamenti di ogni libro potrebbe variare. Ne consegue che anche i titoli dei libri potrebbero cambiare per meglio rispecchiare la crescita di ogni libro. State vivendo in un tempo di Rivelazione e siete testimoni del processo di Rivelazione che si dispiega davanti a voi.<\/p>\n<p><strong>Libri Online<\/strong><\/p>\n<p>La Societ\u00e0 sta lavorando per rendere il Nuovo Messaggio disponibile al mondo gratuitamente online. Attualmente un certo numero di libri del Nuovo Messaggio sono disponibili gratuitamente presso www.newmessage.org dove potete esplorare la biblioteca di libri gratuiti online.<\/p>\n<p><strong>Pubblicazioni Future<\/strong><\/p>\n<p>La Societ\u00e0 continuer\u00e0 a mandare avanti la sua visione di pubblicare la totalit\u00e0 del Nuovo Messaggio da Dio, nei suoi libri e volumi, e forse un giorno come un unico libro, semplicemente chiamato: \u201cIl Nuovo Messaggio da Dio.\u201d Questa \u00e8 una impresa enorme per la quale La Societ\u00e0 ha bisogno del vostro contributo e della vostra partecipazione. Per favore considerate la possibilit\u00e0 di fare una donazione o di diventare un Pilastro del Nuovo Messaggio per supportare questa sacra causa. Vi ringraziamo per il vostro supporto<\/p>\n<\/div><br \/>\n<\/div><\/div>\n<div class=\"background-color-bridesmaid padding-20\">\n<h2 style=\"text-align: left;\"><span style=\"color: #525252;\">Indice dei Contenuti<\/span><\/h2>\n<p>Capitolo 1: <a href=\"https:\/\/www.newmessage.org\/it\/il-messaggio\/volume-5\/saggezza-dalla-comunita-piu-grande-volume-2\/lambizione\/\">L\u2019Ambizione<\/a><\/p>\n<p>Capitolo 2: <a href=\"https:\/\/www.newmessage.org\/it\/il-messaggio\/volume-5\/saggezza-dalla-comunita-piu-grande-volume-2\/i-possessi\/\">I Possessi<\/a><\/p>\n<p>Capitolo 3: <a href=\"https:\/\/www.newmessage.org\/it\/il-messaggio\/volume-5\/saggezza-dalla-comunita-piu-grande-volume-2\/il-piacere\/\">Il Piacere<\/a><\/p>\n<p>Capitolo 4: <a href=\"https:\/\/www.newmessage.org\/it\/il-messaggio\/volume-5\/saggezza-dalla-comunita-piu-grande-volume-2\/servire-gli-altri\/\">Servire gli Altri<\/a><\/p>\n<p>Capitolo 5: <a href=\"https:\/\/www.newmessage.org\/it\/il-messaggio\/volume-5\/saggezza-dalla-comunita-piu-grande-volume-2\/lavorare-con-la-mente\/\">Lavorare con la Mente<\/a><\/p>\n<p>Capitolo 6: <a href=\"https:\/\/www.newmessage.org\/it\/il-messaggio\/volume-5\/saggezza-dalla-comunita-piu-grande-volume-2\/il-discernimento\/\">Il Discernimento<\/a><\/p>\n<p>Capitolo 7: <a href=\"https:\/\/www.newmessage.org\/it\/il-messaggio\/volume-5\/saggezza-dalla-comunita-piu-grande-volume-2\/la-discrezione\/\">La Discrezione<\/a><\/p>\n<p>Capitolo 8: <a href=\"https:\/\/www.newmessage.org\/it\/il-messaggio\/volume-5\/saggezza-dalla-comunita-piu-grande-volume-2\/risolvere-i-problemi\/\">Risolvere i Problemi<\/a><\/p>\n<p>Capitolo 9: <a href=\"https:\/\/www.newmessage.org\/it\/il-messaggio\/volume-5\/saggezza-dalla-comunita-piu-grande-volume-2\/lonesta\/\">L\u2019Onest\u00e0<\/a><\/p>\n<p>Capitolo 10: <a href=\"https:\/\/www.newmessage.org\/it\/il-messaggio\/volume-5\/saggezza-dalla-comunita-piu-grande-volume-2\/visitazioni-della-comunita-piu-grande\/\">Visitazioni della Comunit\u00e0 Pi\u00f9 Grande<\/a><\/p>\n<p>Capitolo 11: <a href=\"https:\/\/www.newmessage.org\/it\/il-messaggio\/volume-5\/saggezza-dalla-comunita-piu-grande-volume-2\/la-pratica-spirituale\/\">La Pratica Spirituale<\/a><\/p>\n<p>Capitolo 12: <a href=\"https:\/\/www.newmessage.org\/it\/il-messaggio\/volume-5\/saggezza-dalla-comunita-piu-grande-volume-2\/lauto-espressione-lambiente-mentale\/\">L\u2019Auto-Espressione &amp; l\u2019Ambiente Mentale<\/a><\/p>\n<p>Capitolo 13: <a href=\"https:\/\/www.newmessage.org\/it\/il-messaggio\/volume-5\/saggezza-dalla-comunita-piu-grande-volume-2\/la-religione-come-un-mistero\/\">La Religione come un Mistero<\/a><\/p>\n<p>Capitolo 14: <a href=\"https:\/\/www.newmessage.org\/it\/il-messaggio\/volume-5\/saggezza-dalla-comunita-piu-grande-volume-2\/lintelligenza\/\">L\u2019Intelligenza<\/a><\/p>\n<p>Capitolo 15: <a href=\"https:\/\/www.newmessage.org\/it\/il-messaggio\/volume-5\/saggezza-dalla-comunita-piu-grande-volume-2\/reagire-alla-comunita-piu-grande\/\">Reagire alla Comunit\u00e0 Pi\u00f9 Grande<\/a><\/p>\n<p>Capitolo 16: <a href=\"https:\/\/www.newmessage.org\/it\/il-messaggio\/volume-5\/saggezza-dalla-comunita-piu-grande-volume-2\/soglie\/\">Soglie<\/a><\/p>\n<p>Capitolo 17: <a href=\"https:\/\/www.newmessage.org\/it\/il-messaggio\/volume-5\/saggezza-dalla-comunita-piu-grande-volume-2\/la-percezione-dellumanita-da-parte-dei-visitatori\/\">La Percezione dell\u2019Umanit\u00e0 da parte dei Visitatori<\/a><\/p>\n<p>Capitolo 18: <a href=\"\/it\/il-messaggio\/volume-5\/saggezza-dalla-comunita-piu-grande-volume-2\/compassion\">La Misericordia<\/a><\/p>\n<p>Capitolo 19: <a href=\"https:\/\/www.newmessage.org\/it\/il-messaggio\/volume-5\/saggezza-dalla-comunita-piu-grande-volume-2\/il-coraggio\/\">Il Coraggio<\/a><\/p>\n<p>Capitolo 20: <a href=\"https:\/\/www.newmessage.org\/it\/il-messaggio\/volume-5\/saggezza-dalla-comunita-piu-grande-volume-2\/imparare-dagli-altri\/\">Imparare dagli Altri<\/a><\/p>\n<p>Capitolo 21: <a href=\"https:\/\/www.newmessage.org\/it\/il-messaggio\/volume-5\/saggezza-dalla-comunita-piu-grande-volume-2\/la-devozione-e-la-dedizione\/\">La Devozione e la Dedizione<\/a><\/p>\n<p>Capitolo 22: <a href=\"https:\/\/www.newmessage.org\/it\/il-messaggio\/volume-5\/saggezza-dalla-comunita-piu-grande-volume-2\/il-denaro\/\">Il Denaro<\/a><\/p>\n<p>Capitolo 23: <a href=\"https:\/\/www.newmessage.org\/it\/il-messaggio\/volume-5\/saggezza-dalla-comunita-piu-grande-volume-2\/diventare-saggi\/\">Diventare Saggi<\/a><\/p>\n<p>Capitolo 24: <a href=\"https:\/\/www.newmessage.org\/it\/il-messaggio\/volume-5\/saggezza-dalla-comunita-piu-grande-volume-2\/il-lavoro\/\">Il Lavoro<\/a><\/p>\n<p>Capitolo 25: <a href=\"https:\/\/www.newmessage.org\/it\/il-messaggio\/volume-5\/saggezza-dalla-comunita-piu-grande-volume-2\/gli-ambienti\/\">Gli Ambienti<\/a><\/p>\n<p>Capitolo 26: <a href=\"https:\/\/www.newmessage.org\/it\/il-messaggio\/volume-5\/saggezza-dalla-comunita-piu-grande-volume-2\/il-conflitto\/\">Il Conflitto<\/a><\/p>\n<p>Capitolo 27: <a href=\"https:\/\/www.newmessage.org\/it\/il-messaggio\/volume-5\/saggezza-dalla-comunita-piu-grande-volume-2\/il-dubbio-interiore\">Il Dubbio Interiore<\/a><\/p>\n<p>Capitolo 28: <a href=\"https:\/\/www.newmessage.org\/it\/il-messaggio\/volume-5\/saggezza-dalla-comunita-piu-grande-volume-2\/le-realta-della-comunita-piu-grande\/\">Le Realt\u00e0 della Comunit\u00e0 Pi\u00f9 Grande<\/a><\/p>\n<p>Capitolo 29: <a href=\"https:\/\/www.newmessage.org\/it\/il-messaggio\/volume-5\/saggezza-dalla-comunita-piu-grande-volume-2\/lispirazione\/\">L\u2019Ispirazione<\/a><\/p>\n<p>Capitolo 30: <a href=\"https:\/\/www.newmessage.org\/it\/il-messaggio\/volume-5\/saggezza-dalla-comunita-piu-grande-volume-2\/la-gentilezza\/\">La Gentilezza<\/a><\/p>\n<p>Capitolo 31: <a href=\"https:\/\/www.newmessage.org\/it\/il-messaggio\/volume-5\/saggezza-dalla-comunita-piu-grande-volume-2\/la-concentrazione\/\">La Concentrazione<\/a><\/p>\n<p>Capitolo 32: <a href=\"https:\/\/www.newmessage.org\/it\/il-messaggio\/volume-5\/saggezza-dalla-comunita-piu-grande-volume-2\/lorgoglio\/\">L\u2019Orgoglio<\/a><\/p>\n<p>Capitolo 33: <a href=\"https:\/\/www.newmessage.org\/it\/il-messaggio\/volume-5\/saggezza-dalla-comunita-piu-grande-volume-2\/la-perseveranza\/\">La Perseveranza<\/a><\/p>\n<p>Capitolo 34: <a href=\"https:\/\/www.newmessage.org\/it\/il-messaggio\/volume-5\/saggezza-dalla-comunita-piu-grande-volume-2\/camminare-lungo-la-via-della-conoscenza\/\">Camminare Lungo La Via della Conoscenza<\/a><\/p>\n<\/div>\n","protected":false},"excerpt":{"rendered":"<p>Saggezza dalla Comunit\u00e0 Pi\u00f9 Grande Volume II si concentra sulle necessit\u00e0 di un mondo in transizione quale contesto superiore dove ritrovare il vostro scopo superiore nella vita e risolvere i dilemmi personali. Il Libro parla della pi\u00f9 ampia arena di vita intelligente chiamata la Comunit\u00e0 Pi\u00f9 Grande e fornisce gli approfondimenti e i punti di\u2026 <a class=\"read-more\" href=\"https:\/\/www.v6.newmessage.org\/it\/more-about-the-volumes\"><span>Read More<\/span><\/a><\/p>\n","protected":false},"author":1,"featured_media":0,"parent":16320,"menu_order":1,"comment_status":"closed","ping_status":"closed","template":"template-leftsidebar.php","meta":{"_monsterinsights_skip_tracking":false,"_monsterinsights_sitenote_active":false,"_monsterinsights_sitenote_note":"","_monsterinsights_sitenote_category":0,"footnotes":""},"categories":[],"tags":[749,740,745,750,743,748,741,746,744,860,747,742],"_links":{"self":[{"href":"https:\/\/www.v6.newmessage.org\/it\/wp-json\/wp\/v2\/pages\/13223"}],"collection":[{"href":"https:\/\/www.v6.newmessage.org\/it\/wp-json\/wp\/v2\/pages"}],"about":[{"href":"https:\/\/www.v6.newmessage.org\/it\/wp-json\/wp\/v2\/types\/page"}],"author":[{"embeddable":true,"href":"https:\/\/www.v6.newmessage.org\/it\/wp-json\/wp\/v2\/users\/1"}],"replies":[{"embeddable":true,"href":"https:\/\/www.v6.newmessage.org\/it\/wp-json\/wp\/v2\/comments?post=13223"}],"version-history":[{"count":68,"href":"https:\/\/www.v6.newmessage.org\/it\/wp-json\/wp\/v2\/pages\/13223\/revisions"}],"predecessor-version":[{"id":29633,"href":"https:\/\/www.v6.newmessage.org\/it\/wp-json\/wp\/v2\/pages\/13223\/revisions\/29633"}],"up":[{"embeddable":true,"href":"https:\/\/www.v6.newmessage.org\/it\/wp-json\/wp\/v2\/pages\/16320"}],"wp:attachment":[{"href":"https:\/\/www.v6.newmessage.org\/it\/wp-json\/wp\/v2\/media?parent=13223"}],"wp:term":[{"taxonomy":"category","embeddable":true,"href":"https:\/\/www.v6.newmessage.org\/it\/wp-json\/wp\/v2\/categories?post=13223"},{"taxonomy":"post_tag","embeddable":true,"href":"https:\/\/www.v6.newmessage.org\/it\/wp-json\/wp\/v2\/tags?post=13223"}],"curies":[{"name":"wp","href":"https:\/\/api.w.org\/{rel}","templated":true}]}}