{"id":13099,"date":"2014-07-24T22:13:19","date_gmt":"2014-07-24T22:13:19","guid":{"rendered":"http:\/\/www.newmessage.org\/?page_id=13099"},"modified":"2020-03-24T05:10:27","modified_gmt":"2020-03-24T05:10:27","slug":"le-grandi-onde-del-cambiamento","status":"publish","type":"page","link":"https:\/\/www.v6.newmessage.org\/it\/il-messaggio\/volume-4\/le-grandi-onde-del-cambiamento","title":{"rendered":"Le Grandi Onde del Cambiamento"},"content":{"rendered":"<p><a href=\"https:\/\/www.newmessage.org\/wp-content\/uploads\/2014\/07\/GWC-cover.jpg\"><img loading=\"lazy\" decoding=\"async\" class=\"alignright\" src=\"https:\/\/www.newmessage.org\/wp-content\/uploads\/2014\/07\/GWC-cover-200x300.jpg\" alt=\"\" width=\"234\" height=\"351\" \/><\/a><\/p>\n<p><em>Le Grandi Onde del Cambiamento<\/em> presenta una profezia che riguarda I tempi difficili all\u2019orizzonte e i passi che potete intraprendere per navigare in un futuro sempre pi\u00f9 turbolento ed incerto.<\/p>\n<p>Di fronte a tale incertezza, <em>Le Grandi Onde del Cambiamento<\/em> presenta un modo nuovo e rivoluzionario per ottenere certezza e direzione nella vita, un processo unico che pu\u00f2 essere messo in pratica dalla gente di ogni luogo. Attraverso una comprensione delle Grandi Onde e connettendovi alla Conoscenza, la profonda autorit\u00e0 interiore, potete trovare la forza, il coraggio e la certezza interiore per adattarvi e diventare contributori, non vittime, di un mondo che sta cambiando rapidamente.<\/p>\n<p>Le Grandi Onde \u00e8 la risorsa essenziale di cui ogni persona ha bisogno al fine di prepararsi mentalmente, emotivamente e praticamente per il grande cambiamento che sta arrivando. Se abbastanza persone saranno in grado di intraprendere questa preparazione, l\u2019umanit\u00e0 avr\u00e0 la forza, la misericordia e la resilienza per attraversare il periodo difficile che sta dinnanzi ed entrare in una realt\u00e0 di un Nuovo Mondo.<\/p>\n<p><em>Le Grandi Onde del Cambiamento \u00e8 il primo libro del <a title=\"Volume 2\" href=\"\/it\/the-message\/volume-4\">Volume 4<\/a> del Nuovo Messaggio da Dio.<\/em><br \/>\n<div class=\"toggle toggle-white\"><h4 class=\"trigger \"><span class=\"t_ico\"><\/span><a href=\"#\">Ulteriori informazioni riguardo ai volumi del Nuovo Messaggio da Dio<\/a><\/h4><div class=\"toggle_container \"><br \/>\n<div data-post-id='24520' class='insert-page insert-page-24520 '><p>Il Nuovo Messaggio da Dio in definitiva sar\u00e0 contenuto in sei volumi individuali. Ogni volume contiene due o pi\u00f9 libri e ogni libro \u00e8 organizzato in capitoli.<\/p>\n<p>Pertanto, la struttura futura del Nuovo Messaggio da Dio si potrebbe esprimere nel modo seguente:<\/p>\n<div id=\"attachment_24097\" style=\"width: 227px\" class=\"wp-caption alignright\"><a href=\"https:\/\/www.newmessage.org\/wp-content\/uploads\/2015\/08\/Volumes-Books-InfoGraphic.001.jpg\"><img loading=\"lazy\" decoding=\"async\" aria-describedby=\"caption-attachment-24097\" class=\"imgborder \" src=\"https:\/\/www.newmessage.org\/wp-content\/uploads\/2015\/08\/Volumes-Books-InfoGraphic.001.jpg\" alt=\"The New Message One Book\" width=\"217\" height=\"234\" \/><\/a><p id=\"caption-attachment-24097\" class=\"wp-caption-text\">Il Libro Unico del Nuovo Messaggio<\/p><\/div>\n<p><strong>Volume &gt; Libro &gt; Capitolo &gt; Verso.<br \/>\n<\/strong><\/p>\n<p>Il Nuovo Messaggio da Dio contiene la pi\u00f9 grande mole di Rivelazione mai data al mondo. Si rivolge a quasi tutti gli aspetti delle nostre vite, presentando delle nuove realt\u00e0 mai rivelate in precedenza. La Societ\u00e0 (\u201cThe Society for the New Message from God\u201d &#8211; La Societ\u00e0 per il Nuovo Messaggio da Dio) sta lavorando per rendere i libri del Nuovo Messaggio e le Rivelazioni parlate disponibili e accessibili al mondo.<\/p>\n<p>Attualmente, La Societ\u00e0 \u00e8 in grado di offrire un grande numero di registrazioni originali della Voce della Rivelazione. Qua siete invitati a sentire la potenza e il mistero della \u201cVoce\u201d proprio come parl\u00f2 in origine al Messaggero in stato di Rivelazione. Mai prima d\u2019ora era stato possibile udire la Voce originale della Rivelazione.<\/p>\n<p>La compilazione dell\u2019intero Nuovo Messaggio \u00e8 un lavoro che \u00e8 in corso, intrapreso in un lungo periodo di tempo. In aggiunta, la Rivelazione continua ad oggi con nuovi insegnamenti che sono dati ogni anno. Per questo motivo, la selezione degli insegnamenti di ogni libro potrebbe variare. Ne consegue che anche i titoli dei libri potrebbero cambiare per meglio rispecchiare la crescita di ogni libro. State vivendo in un tempo di Rivelazione e siete testimoni del processo di Rivelazione che si dispiega davanti a voi.<\/p>\n<p><strong>Libri Online<\/strong><\/p>\n<p>La Societ\u00e0 sta lavorando per rendere il Nuovo Messaggio disponibile al mondo gratuitamente online. Attualmente un certo numero di libri del Nuovo Messaggio sono disponibili gratuitamente presso www.newmessage.org dove potete esplorare la biblioteca di libri gratuiti online.<\/p>\n<p><strong>Pubblicazioni Future<\/strong><\/p>\n<p>La Societ\u00e0 continuer\u00e0 a mandare avanti la sua visione di pubblicare la totalit\u00e0 del Nuovo Messaggio da Dio, nei suoi libri e volumi, e forse un giorno come un unico libro, semplicemente chiamato: \u201cIl Nuovo Messaggio da Dio.\u201d Questa \u00e8 una impresa enorme per la quale La Societ\u00e0 ha bisogno del vostro contributo e della vostra partecipazione. Per favore considerate la possibilit\u00e0 di fare una donazione o di diventare un Pilastro del Nuovo Messaggio per supportare questa sacra causa. Vi ringraziamo per il vostro supporto<\/p>\n<\/div><br \/>\n<\/div><\/div>\n<div class=\"background-color-bridesmaid padding-20\">\n<h2>Indice dei Contenuti<\/h2>\n<div class=\"background-color-bridesmaid padding-20\">\n<p>Capitolo 1: <a href=\"\/it\/il-messaggio\/volume-4\/le-grandi-onde-del-cambiamento\/le-grandi-onde-del-cambiamento\">Le Grandi Onde del Cambiamento<\/a><\/p>\n<p>Capitolo 2: <a href=\"\/it\/il-messaggio\/volume-4\/le-grandi-onde-del-cambiamento\/le-grandi-onde-e-la-vostra-vita\">Le Grandi Onde e la Vostra Vita<\/a><\/p>\n<p>Capitolo 3: <a href=\"\/it\/il-messaggio\/volume-4\/le-grandi-onde-del-cambiamento\/fuggire-dal-passato\">Fuggire dal Passato<\/a><\/p>\n<p>Capitolo 4: <a href=\"\/it\/il-messaggio\/volume-4\/le-grandi-onde-del-cambiamento\/la-liberta-di-muoversi-con-la-conoscenza\">La Libert\u00e0 di muoversi con La Conoscenza<\/a><\/p>\n<p>Capitolo 5: <a href=\"\/it\/il-messaggio\/volume-4\/le-grandi-onde-del-cambiamento\/la-profonda-valutazione\">La Profonda Valutazione<\/a><\/p>\n<p>Capitolo 6: <a href=\"\/it\/il-messaggio\/volume-4\/le-grandi-onde-del-cambiamento\/le-relazioni-e-le-grandi-onde\">Le Relazioni e le Grandi Onde<\/a><\/p>\n<p>Capitolo 7: <a href=\"\/it\/il-messaggio\/volume-4\/le-grandi-onde-del-cambiamento\/preparare-la-vostra-famiglia\">Preparare la Vostra Famiglia<\/a><\/p>\n<p>Capitolo 8: <a href=\"\/it\/il-messaggio\/volume-4\/le-grandi-onde-del-cambiamento\/il-pericolo-dellisolamento\">Il Pericolo dell\u2019Isolamento<\/a><\/p>\n<p>Capitolo 9: <a href=\"\/it\/il-messaggio\/volume-4\/le-grandi-onde-del-cambiamento\/la-profezia-delle-grandi-onde\">La Profezia delle Grandi Onde<\/a><\/p>\n<p>Capitolo 10: <a href=\"\/it\/il-messaggio\/volume-4\/le-grandi-onde-del-cambiamento\/le-grandi-onde-e-la-realta-nascosta-del-contatto\">Le Grandi Onde e la Realt\u00e0 Nascosta del Contatto<\/a><\/p>\n<p>Capitolo 11: <a href=\"\/it\/il-messaggio\/volume-4\/le-grandi-onde-del-cambiamento\/dove-riporrete-la-vostra-fede\">Dove Riporrete la Vostra Fede?<\/a><\/p>\n<p>Capitolo 12: <a href=\"\/it\/il-messaggio\/volume-4\/le-grandi-onde-del-cambiamento\/il-vostro-scopo-e-destino-in-un-mondo-che-cambia\">Il Vostro Scopo e Destino in un Mondo che Cambia<\/a><\/p>\n<p>Capitolo 13: <a href=\"\/it\/il-messaggio\/volume-4\/le-grandi-onde-del-cambiamento\/un-nuovo-messaggio-di-speranza\">Un Nuovo Messaggio di Speranza<\/a><\/p>\n<p>Capitolo 14: <a href=\"\/it\/il-messaggio\/volume-4\/le-grandi-onde-del-cambiamento\/vedere-sapere-e-intraprendere-azione\"> Vedere, Sapere e Agire<\/a><\/p>\n<p><a href=\"\/it\/il-messaggio\/volume-4\/le-grandi-onde-del-cambiamento\/raccomandazioni-per-vivere-in-un-mondo-di-grandi-onde\">Raccomandazioni per Vivere in un Mondo di Grandi Onde<\/a><\/p>\n<\/div>\n<\/div>\n","protected":false},"excerpt":{"rendered":"<p>Le Grandi Onde del Cambiamento presenta una profezia che riguarda I tempi difficili all\u2019orizzonte e i passi che potete intraprendere per navigare in un futuro sempre pi\u00f9 turbolento ed incerto. Di fronte a tale incertezza, Le Grandi Onde del Cambiamento presenta un modo nuovo e rivoluzionario per ottenere certezza e direzione nella vita, un processo\u2026 <a class=\"read-more\" href=\"https:\/\/www.v6.newmessage.org\/it\/more-about-the-volumes\"><span>Read More<\/span><\/a><\/p>\n","protected":false},"author":1,"featured_media":0,"parent":16316,"menu_order":0,"comment_status":"closed","ping_status":"closed","template":"template-leftsidebar.php","meta":{"_monsterinsights_skip_tracking":false,"_monsterinsights_sitenote_active":false,"_monsterinsights_sitenote_note":"","_monsterinsights_sitenote_category":0,"footnotes":""},"categories":[473,471],"tags":[749,740,745,750,743,748,741,746,744,747,742],"_links":{"self":[{"href":"https:\/\/www.v6.newmessage.org\/it\/wp-json\/wp\/v2\/pages\/13099"}],"collection":[{"href":"https:\/\/www.v6.newmessage.org\/it\/wp-json\/wp\/v2\/pages"}],"about":[{"href":"https:\/\/www.v6.newmessage.org\/it\/wp-json\/wp\/v2\/types\/page"}],"author":[{"embeddable":true,"href":"https:\/\/www.v6.newmessage.org\/it\/wp-json\/wp\/v2\/users\/1"}],"replies":[{"embeddable":true,"href":"https:\/\/www.v6.newmessage.org\/it\/wp-json\/wp\/v2\/comments?post=13099"}],"version-history":[{"count":52,"href":"https:\/\/www.v6.newmessage.org\/it\/wp-json\/wp\/v2\/pages\/13099\/revisions"}],"predecessor-version":[{"id":28614,"href":"https:\/\/www.v6.newmessage.org\/it\/wp-json\/wp\/v2\/pages\/13099\/revisions\/28614"}],"up":[{"embeddable":true,"href":"https:\/\/www.v6.newmessage.org\/it\/wp-json\/wp\/v2\/pages\/16316"}],"wp:attachment":[{"href":"https:\/\/www.v6.newmessage.org\/it\/wp-json\/wp\/v2\/media?parent=13099"}],"wp:term":[{"taxonomy":"category","embeddable":true,"href":"https:\/\/www.v6.newmessage.org\/it\/wp-json\/wp\/v2\/categories?post=13099"},{"taxonomy":"post_tag","embeddable":true,"href":"https:\/\/www.v6.newmessage.org\/it\/wp-json\/wp\/v2\/tags?post=13099"}],"curies":[{"name":"wp","href":"https:\/\/api.w.org\/{rel}","templated":true}]}}