{"id":13089,"date":"2014-07-24T22:01:24","date_gmt":"2014-07-24T22:01:24","guid":{"rendered":"http:\/\/www.newmessage.org\/?page_id=13089"},"modified":"2023-08-17T02:04:44","modified_gmt":"2023-08-17T02:04:44","slug":"saggezza-dalla-comunita-piu-grande-volume-primo","status":"publish","type":"page","link":"https:\/\/www.v6.newmessage.org\/it\/il-messaggio\/volume-5\/saggezza-dalla-comunita-piu-grande-volume-primo","title":{"rendered":"Saggezza dalla Comunit\u00e0 Pi\u00f9 Grande Volume Primo"},"content":{"rendered":"<p><a href=\"\/wp-content\/uploads\/2015\/07\/volume5_book1.jpg\"><img loading=\"lazy\" decoding=\"async\" class=\"size-medium alignright\" src=\"https:\/\/www.newmessage.org\/wp-content\/uploads\/2015\/07\/volume5_book1-210x300.jpg\" alt=\"\" width=\"210\" height=\"300\" \/><\/a><\/p>\n<p><em>Saggezza dalla Comunit\u00e0 Pi\u00f9 Grande Volume Primo<\/em> \u00e8 una saggia e misericordiosa guida per la scoperta dell\u2019insegnamento del Nuovo Messaggio riguardo al potere della relazione e la certezza interiore nella vita di ogni giorno.<\/p>\n<p><em>Saggezza dalla Comunit\u00e0 Pi\u00f9 Grande Volume Primo<\/em> si rivolge a quella sensazione persistente del fatto che c\u2019\u00e8 qualcosa importante da fare nella vita. Esso fornisce un punto di vista di Comunit\u00e0 Pi\u00f9 Grande su argomenti che vanno da <em>\u201cIl Matrimonio\u201d<\/em> e<em> \u201cConseguire la Pace\u201d<\/em> a <em>\u201cProvocare il Cambiamento\u201d<\/em> e <em>\u201cL\u2019Evoluzione del Mondo\u201d<\/em>.<\/p>\n<p><em>Saggezza Volume Primo<\/em> penetra oltre l\u2019incertezza e la confusione dei nostri tempi e vi mette in grado di trovare e di seguire quello che avete sempre profondamente saputo.<\/p>\n<p><em>Saggezza dalla Comunit\u00e0 Pi\u00f9 Grande Volume I \u00e8 il primo libro del <a href=\"https:\/\/www.newmessage.org\/it\/il-messaggio\/volume-5\">Volume 5<\/a> del Nuovo Messaggio da Dio.<\/em><\/p>\n<p style=\"text-align: left;\"><div class=\"toggle toggle-white\"><h4 class=\"trigger \"><span class=\"t_ico\"><\/span><a href=\"#\">Ulteriori informazioni riguardo ai volumi del Nuovo Messaggio da Dio<\/a><\/h4><div class=\"toggle_container \"><br \/>\n<p>Il Nuovo Messaggio da Dio in definitiva sar\u00e0 contenuto in sei volumi individuali. Ogni volume contiene due o pi\u00f9 libri e ogni libro \u00e8 organizzato in capitoli.<\/p>\n<p>Pertanto, la struttura futura del Nuovo Messaggio da Dio si potrebbe esprimere nel modo seguente:<\/p>\n<p><strong>Volume &gt; Libro &gt; Capitolo &gt; Verso.<\/strong><\/p>\n<p>Il Nuovo Messaggio da Dio contiene la pi\u00f9 grande mole di Rivelazione mai data al mondo. Si rivolge a quasi tutti gli aspetti delle nostre vite, presentando delle nuove realt\u00e0 mai rivelate in precedenza. La Societ\u00e0 (\u201cThe Society for the New Message from God\u201d &#8211; La Societ\u00e0 per il Nuovo Messaggio da Dio) sta lavorando per rendere i libri del Nuovo Messaggio e le Rivelazioni parlate disponibili e accessibili al mondo.<\/p>\n<p>Attualmente, La Societ\u00e0 \u00e8 in grado di offrire un grande numero di registrazioni originali della Voce della Rivelazione. Qua siete invitati a sentire la potenza e il mistero della \u201cVoce\u201d proprio come parl\u00f2 in origine al Messaggero in stato di Rivelazione. Mai prima d\u2019ora era stato possibile udire la Voce originale della Rivelazione.<\/p>\n<p>La compilazione dell\u2019intero Nuovo Messaggio \u00e8 un lavoro che \u00e8 in corso, intrapreso in un lungo periodo di tempo. In aggiunta, la Rivelazione continua ad oggi con nuovi insegnamenti che sono dati ogni anno. Per questo motivo, la selezione degli insegnamenti di ogni libro potrebbe variare. Ne consegue che anche i titoli dei libri potrebbero cambiare per meglio rispecchiare la crescita di ogni libro. State vivendo in un tempo di Rivelazione e siete testimoni del processo di Rivelazione che si dispiega davanti a voi.<\/p>\n<p><strong>Libri Online<\/strong><\/p>\n<p>La Societ\u00e0 sta lavorando per rendere il Nuovo Messaggio disponibile al mondo gratuitamente online. Attualmente un certo numero di libri del Nuovo Messaggio sono disponibili gratuitamente presso www.newmessage.org dove potete esplorare la biblioteca di libri gratuiti online.<\/p>\n<p><strong>Pubblicazioni Future<\/strong><\/p>\n<p>La Societ\u00e0 continuer\u00e0 a mandare avanti la sua visione di pubblicare la totalit\u00e0 del Nuovo Messaggio da Dio, nei suoi libri e volumi, e forse un giorno come un unico libro, semplicemente chiamato: \u201cIl Nuovo Messaggio da Dio.\u201d Questa \u00e8 una impresa enorme per la quale La Societ\u00e0 ha bisogno del vostro contributo e della vostra partecipazione. Per favore considerate la possibilit\u00e0 di fare una donazione o di diventare un Pilastro del Nuovo Messaggio per supportare questa sacra causa. Vi ringraziamo per il vostro supporto<\/p>\n<br \/>\n<\/div><\/div>\n<div class=\"background-color-bridesmaid padding-20\">\n<h2 style=\"text-align: left;\"><span style=\"color: #525252;\">Indice dei Contenuti<\/span><\/h2>\n<p>Capitolo 1: <a href=\"https:\/\/www.newmessage.org\/it\/il-messaggio\/volume-5\/saggezza-dalla-comunita-piu-grande-volume-primo\/la-grande-religione\">La Grande Religione<\/a><\/p>\n<p>Capitolo 2: <a href=\"https:\/\/www.newmessage.org\/it\/il-messaggio\/volume-5\/saggezza-dalla-comunita-piu-grande-volume-primo\/relazioni-e-sessualita\">Relazioni &amp; Sessualit\u00e0<\/a><\/p>\n<p>Capitolo 3: <a href=\"https:\/\/www.newmessage.org\/it\/il-messaggio\/volume-5\/saggezza-dalla-comunita-piu-grande-volume-primo\/la-comunita-piu-grande\">La Comunit\u00e0 Pi\u00f9 Grande<\/a><\/p>\n<p>Capitolo 4: <a href=\"https:\/\/www.newmessage.org\/it\/il-messaggio\/volume-5\/saggezza-dalla-comunita-piu-grande-volume-primo\/la-fiducia\">La Fiducia<\/a><\/p>\n<p>Capitolo 5: <a href=\"http:\/\/www.newmessage.org\/it\/il-messaggio\/volume-5\/saggezza-dalla-comunita-piu-grande-volume-primo\/il-matrimonio\">Il Matrimonio<\/a><\/p>\n<p>Capitolo 6: <a href=\"http:\/\/www.newmessage.org\/it\/il-messaggio\/volume-5\/saggezza-dalla-comunita-piu-grande-volume-primo\/la-salute\">La Salute<\/a><\/p>\n<p>Capitolo 7: <a href=\"https:\/\/www.newmessage.org\/it\/il-messaggio\/volume-5\/saggezza-dalla-comunita-piu-grande-volume-primo\/la-liberta\/\">La Libert\u00e0<\/a><\/p>\n<p>Capitolo 8: <a href=\"https:\/\/www.newmessage.org\/it\/il-messaggio\/volume-5\/saggezza-dalla-comunita-piu-grande-volume-primo\/prepararsi-per-il-futuro\">Prepararsi per il Futuro<\/a><\/p>\n<p>Capitolo 9: <a href=\"https:\/\/www.newmessage.org\/it\/il-messaggio\/volume-5\/saggezza-dalla-comunita-piu-grande-volume-primo\/verita-spirituali\">Verit\u00e0 Spirituali<\/a><\/p>\n<p>Capitolo 10: <a href=\"https:\/\/www.newmessage.org\/it\/il-messaggio\/volume-5\/saggezza-dalla-comunita-piu-grande-volume-primo\/servizio-nel-mondo\/\">Servizio nel Mondo<\/a><\/p>\n<p>Capitolo 11: <a href=\"https:\/\/www.newmessage.org\/it\/il-messaggio\/volume-5\/saggezza-dalla-comunita-piu-grande-volume-primo\/potere-e-responsabilita\/\">Potere e Responsabilit\u00e0<\/a><\/p>\n<p>Capitolo 12: <a href=\"https:\/\/www.newmessage.org\/it\/il-messaggio\/volume-5\/saggezza-dalla-comunita-piu-grande-volume-primo\/lamore\/\">L\u2019Amore<\/a><\/p>\n<p>Capitolo 13: <a href=\"https:\/\/www.newmessage.org\/it\/il-messaggio\/volume-5\/saggezza-dalla-comunita-piu-grande-volume-primo\/comunita-spirituale\/\">Comunit\u00e0 Spirituale<\/a><\/p>\n<p>Capitolo 14: <a href=\"https:\/\/www.newmessage.org\/it\/il-messaggio\/volume-5\/saggezza-dalla-comunita-piu-grande-volume-primo\/levoluzione-del-mondo\">L\u2019Evoluzione del Mondo<\/a><\/p>\n<p>Capitolo 15: <a href=\"https:\/\/www.newmessage.org\/it\/il-messaggio\/volume-5\/saggezza-dalla-comunita-piu-grande-volume-primo\/dare-uno\">Dare I<\/a><\/p>\n<p>Capitolo 16: <a href=\"https:\/\/www.newmessage.org\/it\/il-messaggio\/volume-5\/saggezza-dalla-comunita-piu-grande-volume-primo\/dare-due\">Dare II<\/a><\/p>\n<p>Capitolo 17: <a href=\"https:\/\/www.newmessage.org\/it\/il-messaggio\/volume-5\/saggezza-dalla-comunita-piu-grande-volume-primo\/la-maestria\">La Maestria<\/a><\/p>\n<p>Capitolo 18: <a href=\"https:\/\/www.newmessage.org\/it\/il-messaggio\/volume-5\/saggezza-dalla-comunita-piu-grande-volume-primo\/formazione-superiore\/\">Formazione Superiore<\/a><\/p>\n<p>Capitolo 19: <a href=\"https:\/\/www.newmessage.org\/it\/il-messaggio\/volume-5\/saggezza-dalla-comunita-piu-grande-volume-primo\/la-realizzazione\/\">La Realizzazione<\/a><\/p>\n<p>Capitolo 20: <a href=\"https:\/\/www.newmessage.org\/it\/il-messaggio\/volume-5\/saggezza-dalla-comunita-piu-grande-volume-primo\/lascolto-interiore\">L&#8217;Ascolto Interiore<\/a><\/p>\n<p>Capitolo 21: <a href=\"https:\/\/www.newmessage.org\/it\/il-messaggio\/volume-5\/saggezza-dalla-comunita-piu-grande-volume-primo\/felicita-duratura\/\">Felicit\u00e0 Duratura<\/a><\/p>\n<p>Capitolo 22: <a href=\"https:\/\/www.newmessage.org\/it\/il-messaggio\/volume-5\/saggezza-dalla-comunita-piu-grande-volume-primo\/evadere-dalla-sofferenza\">Evadere dalla Sofferenza<\/a><\/p>\n<p>Capitolo 23: <a href=\"https:\/\/www.newmessage.org\/it\/il-messaggio\/volume-5\/saggezza-dalla-comunita-piu-grande-volume-primo\/il-perdono\/\">Il Perdono<\/a><\/p>\n<p>Capitolo 24: <a href=\"https:\/\/www.newmessage.org\/it\/il-messaggio\/volume-5\/saggezza-dalla-comunita-piu-grande-volume-primo\/la-felicita-nel-mondo\/\">La Felicit\u00e0 nel Mondo<\/a><\/p>\n<p>Capitolo 25: <a href=\"https:\/\/www.newmessage.org\/it\/il-messaggio\/volume-5\/saggezza-dalla-comunita-piu-grande-volume-primo\/fuggire-dalla-paura\/\">Fuggire dalla Paura<\/a><\/p>\n<p>Capitolo 26: <a href=\"https:\/\/www.newmessage.org\/it\/il-messaggio\/volume-5\/saggezza-dalla-comunita-piu-grande-volume-primo\/la-calma\/\">La Calma (\u201cStillness\u201d)<\/a><\/p>\n<p>Capitolo 27: <a href=\"https:\/\/www.newmessage.org\/it\/il-messaggio\/volume-5\/saggezza-dalla-comunita-piu-grande-volume-primo\/la-delusione\/\">La Delusione<\/a><\/p>\n<p>Capitolo 28: <a href=\"https:\/\/www.newmessage.org\/it\/il-messaggio\/volume-5\/saggezza-dalla-comunita-piu-grande-volume-primo\/usare-il-potere-per-il-bene\/\">Usare il Potere per il Bene<\/a><\/p>\n<p>Capitolo 29: <a href=\"https:\/\/www.newmessage.org\/it\/il-messaggio\/volume-5\/saggezza-dalla-comunita-piu-grande-volume-primo\/fede-e-paura\/\">Fede e Paura<\/a><\/p>\n<p>Capitolo 30: <a href=\"https:\/\/www.newmessage.org\/it\/il-messaggio\/volume-5\/saggezza-dalla-comunita-piu-grande-volume-primo\/la-percezione\/\">La Percezione<\/a><\/p>\n<p>Capitolo 31: <a href=\"https:\/\/www.newmessage.org\/it\/il-messaggio\/volume-5\/saggezza-dalla-comunita-piu-grande-volume-primo\/guarire\/\">Guarire<\/a><\/p>\n<p>Capitolo 32: <a href=\"https:\/\/www.newmessage.org\/it\/il-messaggio\/volume-5\/saggezza-dalla-comunita-piu-grande-volume-primo\/il-conseguimento\">Il Conseguimento<\/a><\/p>\n<p>Capitolo 33: <a href=\"https:\/\/www.newmessage.org\/it\/il-messaggio\/volume-5\/saggezza-dalla-comunita-piu-grande-volume-primo\/provocare-il-cambiamento\/\">Provocare il Cambiamento<\/a><\/p>\n<p>Capitolo 34: <a href=\"https:\/\/www.newmessage.org\/it\/il-messaggio\/volume-5\/saggezza-dalla-comunita-piu-grande-volume-primo\/la-religione-come-una-formazione\/\">La Religione come una Formazione<\/a><\/p>\n<p>Capitolo 35: <a href=\"https:\/\/www.newmessage.org\/it\/il-messaggio\/volume-5\/saggezza-dalla-comunita-piu-grande-volume-primo\/conseguire-la-pace\/\">Conseguire la Pace<\/a><\/p>\n<\/div>\n","protected":false},"excerpt":{"rendered":"<p>Saggezza dalla Comunit\u00e0 Pi\u00f9 Grande Volume Primo \u00e8 una saggia e misericordiosa guida per la scoperta dell\u2019insegnamento del Nuovo Messaggio riguardo al potere della relazione e la certezza interiore nella vita di ogni giorno. Saggezza dalla Comunit\u00e0 Pi\u00f9 Grande Volume Primo si rivolge a quella sensazione persistente del fatto che c\u2019\u00e8 qualcosa importante da fare\u2026 <a class=\"read-more\" href=\"https:\/\/www.v6.newmessage.org\/it\/about-volumes-shortcode\"><span>Read More<\/span><\/a><\/p>\n","protected":false},"author":1,"featured_media":0,"parent":16320,"menu_order":0,"comment_status":"closed","ping_status":"closed","template":"template-leftsidebar.php","meta":{"_monsterinsights_skip_tracking":false,"_monsterinsights_sitenote_active":false,"_monsterinsights_sitenote_note":"","_monsterinsights_sitenote_category":0,"footnotes":""},"categories":[76,498,483],"tags":[749,740,745,750,743,748,741,746,744,859,747,742],"_links":{"self":[{"href":"https:\/\/www.v6.newmessage.org\/it\/wp-json\/wp\/v2\/pages\/13089"}],"collection":[{"href":"https:\/\/www.v6.newmessage.org\/it\/wp-json\/wp\/v2\/pages"}],"about":[{"href":"https:\/\/www.v6.newmessage.org\/it\/wp-json\/wp\/v2\/types\/page"}],"author":[{"embeddable":true,"href":"https:\/\/www.v6.newmessage.org\/it\/wp-json\/wp\/v2\/users\/1"}],"replies":[{"embeddable":true,"href":"https:\/\/www.v6.newmessage.org\/it\/wp-json\/wp\/v2\/comments?post=13089"}],"version-history":[{"count":95,"href":"https:\/\/www.v6.newmessage.org\/it\/wp-json\/wp\/v2\/pages\/13089\/revisions"}],"predecessor-version":[{"id":29535,"href":"https:\/\/www.v6.newmessage.org\/it\/wp-json\/wp\/v2\/pages\/13089\/revisions\/29535"}],"up":[{"embeddable":true,"href":"https:\/\/www.v6.newmessage.org\/it\/wp-json\/wp\/v2\/pages\/16320"}],"wp:attachment":[{"href":"https:\/\/www.v6.newmessage.org\/it\/wp-json\/wp\/v2\/media?parent=13089"}],"wp:term":[{"taxonomy":"category","embeddable":true,"href":"https:\/\/www.v6.newmessage.org\/it\/wp-json\/wp\/v2\/categories?post=13089"},{"taxonomy":"post_tag","embeddable":true,"href":"https:\/\/www.v6.newmessage.org\/it\/wp-json\/wp\/v2\/tags?post=13089"}],"curies":[{"name":"wp","href":"https:\/\/api.w.org\/{rel}","templated":true}]}}