{"id":13085,"date":"2014-07-24T22:00:33","date_gmt":"2014-07-24T22:00:33","guid":{"rendered":"http:\/\/www.newmessage.org\/?page_id=13085"},"modified":"2022-01-10T11:12:56","modified_gmt":"2022-01-10T11:12:56","slug":"le-relazioni-e-lo-scopo-superiore","status":"publish","type":"page","link":"https:\/\/www.v6.newmessage.org\/it\/il-messaggio\/volume-2\/le-relazioni-e-lo-scopo-superiore","title":{"rendered":"Le Relazioni e lo Scopo Superiore"},"content":{"rendered":"<p><img loading=\"lazy\" decoding=\"async\" class=\"alignright\" src=\"https:\/\/www.newmessage.org\/wp-content\/uploads\/2014\/07\/RHP-Cover-blk.jpg\" alt=\"Relationships and Higher Purpose\" width=\"234\" height=\"350\" \/><\/p>\n<p><em>Le Relazioni e lo Scopo Superiore<\/em> vi porta al di l\u00e0 dei normali parametri delle relazioni umane e verso un\u2019esperienza pi\u00f9 profonda di unione, di scopo e di significato, con quegli individui coi i quali siete destinati a condividere un destino superiore nella vita. \u00c8 l\u2019insegnamento fondamentale del Nuovo Messaggio riguardo alla scoperta della vostra relazione superiore con voi stessi, con altri e con il mondo.<\/p>\n<p><em>Le Relazioni e lo Scopo Superiore<\/em> espande il contesto di relazioni fino ad includere la vostra relazione con La Conoscenza (Cosa \u00e8 La Conoscenza?), con la vostra Famiglia Spirituale (La tua Relazione con la tua Famiglia Spirituale) e con le Forze Superiori che stanno dando forma alla vostra vita e al mondo.<\/p>\n<p><em>Le Relazioni e lo Scopo Superiore<\/em> \u00e8 il componente essenziale per trovare e adempiere una vita superiore di scopo, di significato e di destino.<\/p>\n<p><em>Le Relazioni e lo Scopo Superiore \u00e8 il secondo libro del <a href=\"https:\/\/www.newmessage.org\/it\/il-messaggio\/volume-2\">Volume 2<\/a> del Nuovo Messaggio da Dio.<\/em><\/p>\n<div class=\"toggle toggle-white\"><h4 class=\"trigger \"><span class=\"t_ico\"><\/span><a href=\"#\">Ulteriori informazioni riguardo ai volumi del Nuovo Messaggio da Dio<\/a><\/h4><div class=\"toggle_container \"><br \/>\n<div data-post-id='24520' class='insert-page insert-page-24520 '><p>Il Nuovo Messaggio da Dio in definitiva sar\u00e0 contenuto in sei volumi individuali. Ogni volume contiene due o pi\u00f9 libri e ogni libro \u00e8 organizzato in capitoli.<\/p>\n<p>Pertanto, la struttura futura del Nuovo Messaggio da Dio si potrebbe esprimere nel modo seguente:<\/p>\n<div id=\"attachment_24097\" style=\"width: 227px\" class=\"wp-caption alignright\"><a href=\"https:\/\/www.newmessage.org\/wp-content\/uploads\/2015\/08\/Volumes-Books-InfoGraphic.001.jpg\"><img loading=\"lazy\" decoding=\"async\" aria-describedby=\"caption-attachment-24097\" class=\"imgborder \" src=\"https:\/\/www.newmessage.org\/wp-content\/uploads\/2015\/08\/Volumes-Books-InfoGraphic.001.jpg\" alt=\"The New Message One Book\" width=\"217\" height=\"234\" \/><\/a><p id=\"caption-attachment-24097\" class=\"wp-caption-text\">Il Libro Unico del Nuovo Messaggio<\/p><\/div>\n<p><strong>Volume &gt; Libro &gt; Capitolo &gt; Verso.<br \/>\n<\/strong><\/p>\n<p>Il Nuovo Messaggio da Dio contiene la pi\u00f9 grande mole di Rivelazione mai data al mondo. Si rivolge a quasi tutti gli aspetti delle nostre vite, presentando delle nuove realt\u00e0 mai rivelate in precedenza. La Societ\u00e0 (\u201cThe Society for the New Message from God\u201d &#8211; La Societ\u00e0 per il Nuovo Messaggio da Dio) sta lavorando per rendere i libri del Nuovo Messaggio e le Rivelazioni parlate disponibili e accessibili al mondo.<\/p>\n<p>Attualmente, La Societ\u00e0 \u00e8 in grado di offrire un grande numero di registrazioni originali della Voce della Rivelazione. Qua siete invitati a sentire la potenza e il mistero della \u201cVoce\u201d proprio come parl\u00f2 in origine al Messaggero in stato di Rivelazione. Mai prima d\u2019ora era stato possibile udire la Voce originale della Rivelazione.<\/p>\n<p>La compilazione dell\u2019intero Nuovo Messaggio \u00e8 un lavoro che \u00e8 in corso, intrapreso in un lungo periodo di tempo. In aggiunta, la Rivelazione continua ad oggi con nuovi insegnamenti che sono dati ogni anno. Per questo motivo, la selezione degli insegnamenti di ogni libro potrebbe variare. Ne consegue che anche i titoli dei libri potrebbero cambiare per meglio rispecchiare la crescita di ogni libro. State vivendo in un tempo di Rivelazione e siete testimoni del processo di Rivelazione che si dispiega davanti a voi.<\/p>\n<p><strong>Libri Online<\/strong><\/p>\n<p>La Societ\u00e0 sta lavorando per rendere il Nuovo Messaggio disponibile al mondo gratuitamente online. Attualmente un certo numero di libri del Nuovo Messaggio sono disponibili gratuitamente presso www.newmessage.org dove potete esplorare la biblioteca di libri gratuiti online.<\/p>\n<p><strong>Pubblicazioni Future<\/strong><\/p>\n<p>La Societ\u00e0 continuer\u00e0 a mandare avanti la sua visione di pubblicare la totalit\u00e0 del Nuovo Messaggio da Dio, nei suoi libri e volumi, e forse un giorno come un unico libro, semplicemente chiamato: \u201cIl Nuovo Messaggio da Dio.\u201d Questa \u00e8 una impresa enorme per la quale La Societ\u00e0 ha bisogno del vostro contributo e della vostra partecipazione. Per favore considerate la possibilit\u00e0 di fare una donazione o di diventare un Pilastro del Nuovo Messaggio per supportare questa sacra causa. Vi ringraziamo per il vostro supporto<\/p>\n<\/div><br \/>\n<\/div><\/div>\n<div class=\"background-color-bridesmaid padding-20\">\n<h2 style=\"text-align: left\"><span style=\"color: #525252\">Indice dei Contenuti<\/span><\/h2>\n<p>PARTE PRIMA: LE RELAZIONI E LO SCOPO SUPERIORE<br \/>\nCapitolo 1: <a href=\"\/it\/il-messaggio\/volume-2\/le-relazioni-e-lo-scopo-superiore\/la-piu-fondamentale-delle-tue-relazioni\">La pi\u00f9 Fondamentale delle tue Relazioni<\/a><\/p>\n<p>Capitolo 2: <a href=\"\/it\/il-messaggio\/volume-2\/le-relazioni-e-lo-scopo-superiore\/la-tua-relazione-con-te-stesso\"><span class=\"breadcrumb_last\">La tua Relazione con te Stesso<\/span><\/a><\/p>\n<p>Capitolo 3: <a href=\"https:\/\/www.newmessage.org\/it\/il-messaggio\/volume-2\/le-relazioni-e-lo-scopo-superiore\/la-tua-relazione-con-gli-altri\/\">La tua Relazione con gli Altri<\/a><\/p>\n<p>Capitolo 4: <a href=\"https:\/\/www.newmessage.org\/it\/il-messaggio\/volume-2\/le-relazioni-e-lo-scopo-superiore\/la-tua-relazione-con-il-mondo\">La tua Relazione con il Mondo<\/a><\/p>\n<p>Capitolo 5: <a href=\"https:\/\/www.newmessage.org\/it\/il-messaggio\/volume-2\/le-relazioni-e-lo-scopo-superiore\/la-tua-relazione-con-la-tua-famiglia-spirituale\">La tua Relazione con la tua Famiglia Spirituale<\/a><\/p>\n<p>Capitolo 6: <a href=\"https:\/\/www.newmessage.org\/it\/il-messaggio\/volume-2\/le-relazioni-e-lo-scopo-superiore\/la-tua-relazione-con-la-conoscenza\">La tua Relazione con La Conoscenza<\/a><\/p>\n<p>Capitolo 7: <a href=\"https:\/\/www.newmessage.org\/it\/il-messaggio\/volume-2\/le-relazioni-e-lo-scopo-superiore\/la-tua-relazione-con-lignoto\">La tua Relazione con l\u2019Ignoto<\/a><\/p>\n<p>Capitolo 8: <a href=\"https:\/\/www.newmessage.org\/it\/il-messaggio\/volume-2\/le-relazioni-e-lo-scopo-superiore\/il-problema-del-male-e-delle-forze-di-dissonanza\">Il Problema del Male e delle Forze di Dissonanza<\/a><\/p>\n<p>Capitolo 9: <a href=\"https:\/\/www.newmessage.org\/it\/il-messaggio\/volume-2\/le-relazioni-e-lo-scopo-superiore\/fasi-di-sviluppo\">Fasi di Sviluppo<\/a><\/p>\n<p>Capitolo 10: <a href=\"https:\/\/www.newmessage.org\/it\/il-messaggio\/volume-2\/le-relazioni-e-lo-scopo-superiore\/il-matrimonio\">Il Matrimonio<\/a><\/p>\n<p>Capitolo 11: <a href=\"\/it\/il-messaggio\/volume-2\/le-relazioni-e-lo-scopo-superiore\/il-tuo-scopo-e-la-tua-chiamata-spirituale\"><span class=\"breadcrumb_last\">Il tuo Scopo e la tua Chiamata Spirituale<\/span><\/a><\/p>\n<p>PARTE SECONDA: QUESITI PRATICI<\/p>\n<p>Capitolo 12: <a href=\"https:\/\/www.newmessage.org\/it\/il-messaggio\/volume-2\/le-relazioni-e-lo-scopo-superiore\/stabilire-le-relazioni\/\">Stabilire le Relazioni<\/a><\/p>\n<p>Capitolo 13: <a href=\"https:\/\/www.newmessage.org\/it\/il-messaggio\/volume-2\/le-relazioni-e-lo-scopo-superiore\/mantenere-le-relazioni\/\">Mantenere le Relazioni<\/a><\/p>\n<p>Capitolo 14: <a href=\"https:\/\/www.newmessage.org\/it\/il-messaggio\/volume-2\/le-relazioni-e-lo-scopo-superiore\/completare-le-relazioni\/\">Completare le Relazioni<\/a><\/p>\n<p>Capitolo 15: <a href=\"https:\/\/www.newmessage.org\/it\/il-messaggio\/volume-2\/le-relazioni-e-lo-scopo-superiore\/conclusione\/\">Conclusione<\/a><\/p>\n<\/div>\n","protected":false},"excerpt":{"rendered":"<p>Le Relazioni e lo Scopo Superiore vi porta al di l\u00e0 dei normali parametri delle relazioni umane e verso un\u2019esperienza pi\u00f9 profonda di unione, di scopo e di significato, con quegli individui coi i quali siete destinati a condividere un destino superiore nella vita. \u00c8 l\u2019insegnamento fondamentale del Nuovo Messaggio riguardo alla scoperta della vostra\u2026 <a class=\"read-more\" href=\"https:\/\/www.v6.newmessage.org\/it\/more-about-the-volumes\"><span>Read More<\/span><\/a><\/p>\n","protected":false},"author":1,"featured_media":0,"parent":16312,"menu_order":1,"comment_status":"closed","ping_status":"closed","template":"template-leftsidebar.php","meta":{"_monsterinsights_skip_tracking":false,"_monsterinsights_sitenote_active":false,"_monsterinsights_sitenote_note":"","_monsterinsights_sitenote_category":0,"footnotes":""},"categories":[],"tags":[749,740,745,750,822,743,748,741,746,744,747,742,792],"_links":{"self":[{"href":"https:\/\/www.v6.newmessage.org\/it\/wp-json\/wp\/v2\/pages\/13085"}],"collection":[{"href":"https:\/\/www.v6.newmessage.org\/it\/wp-json\/wp\/v2\/pages"}],"about":[{"href":"https:\/\/www.v6.newmessage.org\/it\/wp-json\/wp\/v2\/types\/page"}],"author":[{"embeddable":true,"href":"https:\/\/www.v6.newmessage.org\/it\/wp-json\/wp\/v2\/users\/1"}],"replies":[{"embeddable":true,"href":"https:\/\/www.v6.newmessage.org\/it\/wp-json\/wp\/v2\/comments?post=13085"}],"version-history":[{"count":82,"href":"https:\/\/www.v6.newmessage.org\/it\/wp-json\/wp\/v2\/pages\/13085\/revisions"}],"predecessor-version":[{"id":29024,"href":"https:\/\/www.v6.newmessage.org\/it\/wp-json\/wp\/v2\/pages\/13085\/revisions\/29024"}],"up":[{"embeddable":true,"href":"https:\/\/www.v6.newmessage.org\/it\/wp-json\/wp\/v2\/pages\/16312"}],"wp:attachment":[{"href":"https:\/\/www.v6.newmessage.org\/it\/wp-json\/wp\/v2\/media?parent=13085"}],"wp:term":[{"taxonomy":"category","embeddable":true,"href":"https:\/\/www.v6.newmessage.org\/it\/wp-json\/wp\/v2\/categories?post=13085"},{"taxonomy":"post_tag","embeddable":true,"href":"https:\/\/www.v6.newmessage.org\/it\/wp-json\/wp\/v2\/tags?post=13085"}],"curies":[{"name":"wp","href":"https:\/\/api.w.org\/{rel}","templated":true}]}}