{"id":13081,"date":"2014-07-24T21:54:49","date_gmt":"2014-07-24T21:54:49","guid":{"rendered":"http:\/\/www.newmessage.org\/?page_id=13081"},"modified":"2018-02-05T06:21:33","modified_gmt":"2018-02-05T06:21:33","slug":"spiritualita-della-comunita-piu-grande","status":"publish","type":"page","link":"https:\/\/www.v6.newmessage.org\/it\/il-messaggio\/volume-2\/spiritualita-della-comunita-piu-grande","title":{"rendered":"Spiritualit\u00e0 della Comunit\u00e0 Pi\u00f9 Grande"},"content":{"rendered":"<div id=\"attachment_19351\" style=\"width: 244px\" class=\"wp-caption alignright\"><img loading=\"lazy\" decoding=\"async\" aria-describedby=\"caption-attachment-19351\" class=\"\" src=\"https:\/\/www.newmessage.org\/wp-content\/uploads\/2015\/07\/volum2_book1-200x300.jpg\" alt=\"\" width=\"234\" height=\"351\" \/><p id=\"caption-attachment-19351\" class=\"wp-caption-text\"><\/p>\n<p><\/p><\/div>\n<p><em>Spiritualit\u00e0 della Comunit\u00e0 Pi\u00f9 Grande<\/em> presenta una nuova comprensione e un\u2019esperienza pi\u00f9 grande di Dio e della spiritualit\u00e0 umana nell\u2019ambito di una pi\u00f9 ampia arena di vita intelligente. Questa \u00e8 una spiritualit\u00e0 che trascende tutti i confini di razza, cultura, religione e linguaggio, fornendo la fondazione per l\u2019identificazione e la relazione tra le genti, le nazioni e i mondi.<\/p>\n<p><em>Spiritualit\u00e0 della Comunit\u00e0 Pi\u00f9 Grande<\/em> presenta parte della teologia e della cosmologia del Nuovo Messaggio da Dio. Apre la strada per un\u2019esperienza pi\u00f9 grande di Dio. \u00c8 per coloro che non hanno trovato la loro dimora spirituale nelle tradizioni religiose di questo mondo e stanno cercando una preparazione spirituale e una direzione in questo tempo di enorme cambiamento e incertezza nel nostro mondo.<\/p>\n<p><em>Spiritualit\u00e0 della Comunit\u00e0 Pi\u00f9 Grande<\/em> contiene 27 capitoli, ognuno risponde a una domanda fondamentale riguardo al significato della nostra vita, della nostra relazione con Dio e del nostro destino in una Comunit\u00e0 Pi\u00f9 Grande di vita nell\u2019universo. Qua \u00e8 anche presentata la realt\u00e0 della Via della Conoscenza della Comunit\u00e0 Pi\u00f9 Grande, che \u00e8 il percorso interiore della preparazione e dello sviluppo spirituale contenuto nel Nuovo Messaggio da Dio. Questa \u00e8 una preparazione spirituale universale che viene ora presentata nel mondo per la prima volta.<\/p>\n<p><em>Spiritualit\u00e0 della Comunit\u00e0 Pi\u00f9 Grande \u00e8 il primo libro del Volume 2 del Nuovo Messaggio da Dio.<\/em><\/p>\n<div class=\"toggle toggle-white\"><h4 class=\"trigger \"><span class=\"t_ico\"><\/span><a href=\"#\">Ulteriori informazioni riguardo ai volumi del Nuovo Messaggio da Dio<\/a><\/h4><div class=\"toggle_container \"><br \/>\n<div data-post-id='24520' class='insert-page insert-page-24520 '><p>Il Nuovo Messaggio da Dio in definitiva sar\u00e0 contenuto in sei volumi individuali. Ogni volume contiene due o pi\u00f9 libri e ogni libro \u00e8 organizzato in capitoli.<\/p>\n<p>Pertanto, la struttura futura del Nuovo Messaggio da Dio si potrebbe esprimere nel modo seguente:<\/p>\n<div id=\"attachment_24097\" style=\"width: 227px\" class=\"wp-caption alignright\"><a href=\"https:\/\/www.newmessage.org\/wp-content\/uploads\/2015\/08\/Volumes-Books-InfoGraphic.001.jpg\"><img loading=\"lazy\" decoding=\"async\" aria-describedby=\"caption-attachment-24097\" class=\"imgborder \" src=\"https:\/\/www.newmessage.org\/wp-content\/uploads\/2015\/08\/Volumes-Books-InfoGraphic.001.jpg\" alt=\"The New Message One Book\" width=\"217\" height=\"234\" \/><\/a><p id=\"caption-attachment-24097\" class=\"wp-caption-text\">Il Libro Unico del Nuovo Messaggio<\/p><\/div>\n<p><strong>Volume &gt; Libro &gt; Capitolo &gt; Verso.<br \/>\n<\/strong><\/p>\n<p>Il Nuovo Messaggio da Dio contiene la pi\u00f9 grande mole di Rivelazione mai data al mondo. Si rivolge a quasi tutti gli aspetti delle nostre vite, presentando delle nuove realt\u00e0 mai rivelate in precedenza. La Societ\u00e0 (\u201cThe Society for the New Message from God\u201d &#8211; La Societ\u00e0 per il Nuovo Messaggio da Dio) sta lavorando per rendere i libri del Nuovo Messaggio e le Rivelazioni parlate disponibili e accessibili al mondo.<\/p>\n<p>Attualmente, La Societ\u00e0 \u00e8 in grado di offrire un grande numero di registrazioni originali della Voce della Rivelazione. Qua siete invitati a sentire la potenza e il mistero della \u201cVoce\u201d proprio come parl\u00f2 in origine al Messaggero in stato di Rivelazione. Mai prima d\u2019ora era stato possibile udire la Voce originale della Rivelazione.<\/p>\n<p>La compilazione dell\u2019intero Nuovo Messaggio \u00e8 un lavoro che \u00e8 in corso, intrapreso in un lungo periodo di tempo. In aggiunta, la Rivelazione continua ad oggi con nuovi insegnamenti che sono dati ogni anno. Per questo motivo, la selezione degli insegnamenti di ogni libro potrebbe variare. Ne consegue che anche i titoli dei libri potrebbero cambiare per meglio rispecchiare la crescita di ogni libro. State vivendo in un tempo di Rivelazione e siete testimoni del processo di Rivelazione che si dispiega davanti a voi.<\/p>\n<p><strong>Libri Online<\/strong><\/p>\n<p>La Societ\u00e0 sta lavorando per rendere il Nuovo Messaggio disponibile al mondo gratuitamente online. Attualmente un certo numero di libri del Nuovo Messaggio sono disponibili gratuitamente presso www.newmessage.org dove potete esplorare la biblioteca di libri gratuiti online.<\/p>\n<p><strong>Pubblicazioni Future<\/strong><\/p>\n<p>La Societ\u00e0 continuer\u00e0 a mandare avanti la sua visione di pubblicare la totalit\u00e0 del Nuovo Messaggio da Dio, nei suoi libri e volumi, e forse un giorno come un unico libro, semplicemente chiamato: \u201cIl Nuovo Messaggio da Dio.\u201d Questa \u00e8 una impresa enorme per la quale La Societ\u00e0 ha bisogno del vostro contributo e della vostra partecipazione. Per favore considerate la possibilit\u00e0 di fare una donazione o di diventare un Pilastro del Nuovo Messaggio per supportare questa sacra causa. Vi ringraziamo per il vostro supporto<\/p>\n<\/div><br \/>\n<\/div><\/div>\n<div class=\"background-color-bridesmaid padding-20\">\n<h2>Indice dei Contenuti<\/h2>\n<p><a href=\"\/it\/il-messaggio\/volume-2\/spiritualita-della-comunita-piu-grande\/introduzione-scg\">prefazione e introduzione<\/a><\/p>\n<p><span style=\"line-height: 1.5\">Capitolo 1: <\/span><a href=\"\/it\/il-messaggio\/volume-2\/spiritualita-della-comunita-piu-grande\/cosa-e-dio\">Cosa \u00e8 Dio?<\/a><\/p>\n<p><span style=\"line-height: 1.5\">Capitolo <\/span>2: <a href=\"\/it\/il-messaggio\/volume-2\/spiritualita-della-comunita-piu-grande\/cosa-e-il-mondo\">Cosa \u00e8 il Mondo?<\/a><\/p>\n<p><span style=\"line-height: 1.5\">Capitolo <\/span>3: <a href=\"\/it\/il-messaggio\/volume-2\/spiritualita-della-comunita-piu-grande\/cosa-e-la-forza-vitale\">Cosa \u00e8 la Forza Vitale?<\/a><\/p>\n<p><span style=\"line-height: 1.5\">Capitolo <\/span>4: <a href=\"\/it\/il-messaggio\/volume-2\/spiritualita-della-comunita-piu-grande\/cosa-e-la-conoscenza\">Cosa \u00e8 La Conoscenza?<\/a><\/p>\n<p><span style=\"line-height: 1.5\">Capitolo <\/span>5: <a href=\"\/it\/il-messaggio\/volume-2\/spiritualita-della-comunita-piu-grande\/cosa-e-lo-scopo-umano\">Cosa \u00e8 lo Scopo Umano?<\/a><\/p>\n<p><span style=\"line-height: 1.5\">Capitolo <\/span>6: <a href=\"\/it\/il-messaggio\/volume-2\/spiritualita-della-comunita-piu-grande\/cosa-e-la-comunita-piu-grande\">Cosa \u00e8 la Comunit\u00e0 Pi\u00f9 Grande?<\/a><\/p>\n<p><span style=\"line-height: 1.5\">Capitolo <\/span>7: <a href=\"\/it\/il-messaggio\/volume-2\/spiritualita-della-comunita-piu-grande\/come-e-conseguita-la-saggezza-nella-vita\">Come \u00e8 conseguita la Saggezza nella vita?<\/a><\/p>\n<p><span style=\"line-height: 1.5\">Capitolo <\/span>8: <a href=\"\/it\/il-messaggio\/volume-2\/spiritualita-della-comunita-piu-grande\/a-chi-e-destinata-la-saggezza\">A chi \u00e8 destinata la Saggezza?<\/a><\/p>\n<p><span style=\"line-height: 1.5\">Capitolo <\/span>9: <a href=\"\/it\/il-messaggio\/volume-2\/spiritualita-della-comunita-piu-grande\/come-partecipa-dio-nel-mondo\">Come Partecipa Dio nel Mondo?<\/a><\/p>\n<p><span style=\"line-height: 1.5\">Capitolo <\/span>10: <a href=\"\/it\/il-messaggio\/volume-2\/spiritualita-della-comunita-piu-grande\/come-ci-si-prepara\">Come ci si prepara?<\/a><\/p>\n<p><span style=\"line-height: 1.5\">Capitolo <\/span>11: <a href=\"\/it\/il-messaggio\/volume-2\/spiritualita-della-comunita-piu-grande\/quale-lo-scopo-della-tua-preparazione\">Qual \u00e8 lo Scopo della Tua Preparazione?<\/a><\/p>\n<p><span style=\"line-height: 1.5\">Capitolo <\/span>12: <a href=\"\/it\/il-messaggio\/volume-2\/spiritualita-della-comunita-piu-grande\/chi-incontrerete\">Chi Incontrerete?<\/a><\/p>\n<p><span style=\"line-height: 1.5\">Capitolo <\/span>13: <a href=\"\/it\/il-messaggio\/volume-2\/spiritualita-della-comunita-piu-grande\/cosa-deve-essere-disimparato\">Cosa deve essere disimparato?<\/a><\/p>\n<p><span style=\"line-height: 1.5\">Capitolo <\/span>14: <a href=\"\/it\/il-messaggio\/volume-2\/spiritualita-della-comunita-piu-grande\/cosa-deve-essere-evitato\">Cosa deve essere evitato?<\/a><\/p>\n<p><span style=\"line-height: 1.5\">Capitolo <\/span>15: <a href=\"\/it\/il-messaggio\/volume-2\/spiritualita-della-comunita-piu-grande\/chi-serve-lumanita\">Chi serve l\u2019Umanit\u00e0?<\/a><\/p>\n<p><span style=\"line-height: 1.5\">Capitolo <\/span>16: <a href=\"\/it\/il-messaggio\/volume-2\/spiritualita-della-comunita-piu-grande\/chi-sono-gli-unseen-ones\">Chi Sono Gli Unseen Ones?<\/a><\/p>\n<p><span style=\"line-height: 1.5\">Capitolo <\/span>17: <a href=\"\/it\/il-messaggio\/volume-2\/spiritualita-della-comunita-piu-grande\/come-avviene-la-rivelazione-nella-vita-umana\">Come avviene la Rivelazione nella Vita Umana?<\/a><\/p>\n<p><span style=\"line-height: 1.5\">Capitolo <\/span>18: <a href=\"\/it\/il-messaggio\/volume-2\/spiritualita-della-comunita-piu-grande\/quale-e-il-destino-umano\">Quale \u00e8 il Destino Umano?<\/a><\/p>\n<p><span style=\"line-height: 1.5\">Capitolo <\/span>19: <a href=\"\/it\/il-messaggio\/volume-2\/spiritualita-della-comunita-piu-grande\/cosa-e-la-religione\">Cosa \u00e8 la Religione?<\/a><\/p>\n<p><span style=\"line-height: 1.5\">Capitolo <\/span>20: <a href=\"\/it\/il-messaggio\/volume-2\/spiritualita-della-comunita-piu-grande\/cosa-e-listruzione-religiosa-e-a-chi-e-destinata\">Cosa \u00e8 l\u2019Istruzione Religiosa e a chi \u00e8 destinata?<\/a><\/p>\n<p><span style=\"line-height: 1.5\">Capitolo <\/span>21: <a href=\"\/it\/il-messaggio\/volume-2\/spiritualita-della-comunita-piu-grande\/cosa-e-la-via-della-conoscenza-della-comunita-piu-grande\">Cosa \u00e8 La Via della Conoscenza della Comunit\u00e0 Pi\u00f9 Grande?<\/a><\/p>\n<p><span style=\"line-height: 1.5\">Capitolo <\/span>22: <a href=\"\/it\/il-messaggio\/volume-2\/spiritualita-della-comunita-piu-grande\/dove-si-puo-trovare-la-conoscenza\">Dove si pu\u00f2 trovare La Conoscenza?<\/a><\/p>\n<p><span style=\"line-height: 1.5\">Capitolo <\/span>23: <a href=\"\/it\/il-messaggio\/volume-2\/spiritualita-della-comunita-piu-grande\/come-e-tradotta-la-conoscenza-nella-comunita-piu-grande\">Come \u00e8 tradotta La Conoscenza nella Comunit\u00e0 Pi\u00f9 Grande?<\/a><\/p>\n<p><span style=\"line-height: 1.5\">Capitolo <\/span>24: <a href=\"\/it\/il-messaggio\/volume-2\/spiritualita-della-comunita-piu-grande\/cosa-e-passi-verso-la-conoscenza\">Cosa \u00e8 Passi verso La Conoscenza?<\/a><\/p>\n<p><span style=\"line-height: 1.5\">Capitolo <\/span>25: <a href=\"\/it\/il-messaggio\/volume-2\/spiritualita-della-comunita-piu-grande\/cosa-e-la-grazia\">Cosa \u00e8 La Grazia?<\/a><\/p>\n<p><span style=\"line-height: 1.5\">Capitolo <\/span>26: <a href=\"\/it\/il-messaggio\/volume-2\/spiritualita-della-comunita-piu-grande\/chi-e-gesu\">Chi \u00e8 Ges\u00f9?<\/a><\/p>\n<p><span style=\"line-height: 1.5\">Capitolo <\/span>27: <a href=\"\/it\/il-messaggio\/volume-2\/spiritualita-della-comunita-piu-grande\/cosa-e-levoluzione-della-religione-nel-mondo\">Cosa \u00e8 l\u2019evoluzione della religione nel mondo?<\/a><\/p>\n<h4 class=\"text-color-gray-6\"><\/h4>\n<\/div>\n","protected":false},"excerpt":{"rendered":"<p>Spiritualit\u00e0 della Comunit\u00e0 Pi\u00f9 Grande presenta una nuova comprensione e un\u2019esperienza pi\u00f9 grande di Dio e della spiritualit\u00e0 umana nell\u2019ambito di una pi\u00f9 ampia arena di vita intelligente. Questa \u00e8 una spiritualit\u00e0 che trascende tutti i confini di razza, cultura, religione e linguaggio, fornendo la fondazione per l\u2019identificazione e la relazione tra le genti, le\u2026 <a class=\"read-more\" href=\"https:\/\/www.v6.newmessage.org\/it\/more-about-the-volumes\"><span>Read More<\/span><\/a><\/p>\n","protected":false},"author":1,"featured_media":0,"parent":16312,"menu_order":0,"comment_status":"closed","ping_status":"closed","template":"template-leftsidebar.php","meta":{"_monsterinsights_skip_tracking":false,"_monsterinsights_sitenote_active":false,"_monsterinsights_sitenote_note":"","_monsterinsights_sitenote_category":0,"footnotes":""},"categories":[468,467],"tags":[749,740,745,174,750,743,748,741,746,744,747,793,742],"_links":{"self":[{"href":"https:\/\/www.v6.newmessage.org\/it\/wp-json\/wp\/v2\/pages\/13081"}],"collection":[{"href":"https:\/\/www.v6.newmessage.org\/it\/wp-json\/wp\/v2\/pages"}],"about":[{"href":"https:\/\/www.v6.newmessage.org\/it\/wp-json\/wp\/v2\/types\/page"}],"author":[{"embeddable":true,"href":"https:\/\/www.v6.newmessage.org\/it\/wp-json\/wp\/v2\/users\/1"}],"replies":[{"embeddable":true,"href":"https:\/\/www.v6.newmessage.org\/it\/wp-json\/wp\/v2\/comments?post=13081"}],"version-history":[{"count":57,"href":"https:\/\/www.v6.newmessage.org\/it\/wp-json\/wp\/v2\/pages\/13081\/revisions"}],"predecessor-version":[{"id":28265,"href":"https:\/\/www.v6.newmessage.org\/it\/wp-json\/wp\/v2\/pages\/13081\/revisions\/28265"}],"up":[{"embeddable":true,"href":"https:\/\/www.v6.newmessage.org\/it\/wp-json\/wp\/v2\/pages\/16312"}],"wp:attachment":[{"href":"https:\/\/www.v6.newmessage.org\/it\/wp-json\/wp\/v2\/media?parent=13081"}],"wp:term":[{"taxonomy":"category","embeddable":true,"href":"https:\/\/www.v6.newmessage.org\/it\/wp-json\/wp\/v2\/categories?post=13081"},{"taxonomy":"post_tag","embeddable":true,"href":"https:\/\/www.v6.newmessage.org\/it\/wp-json\/wp\/v2\/tags?post=13081"}],"curies":[{"name":"wp","href":"https:\/\/api.w.org\/{rel}","templated":true}]}}