{"id":13079,"date":"2014-07-24T21:54:21","date_gmt":"2014-07-24T21:54:21","guid":{"rendered":"http:\/\/www.newmessage.org\/?page_id=13079"},"modified":"2018-02-06T01:20:43","modified_gmt":"2018-02-06T01:20:43","slug":"la-vita-nelluniverso","status":"publish","type":"page","link":"https:\/\/www.v6.newmessage.org\/it\/il-messaggio\/volume-4\/la-vita-nelluniverso","title":{"rendered":"La Vita nell\u2019Universo"},"content":{"rendered":"<p><a href=\"https:\/\/www.newmessage.org\/wp-content\/uploads\/2015\/07\/volume4_book2.jpg\"><img loading=\"lazy\" decoding=\"async\" class=\"alignright\" src=\"https:\/\/www.newmessage.org\/wp-content\/uploads\/2015\/07\/volume4_book2-199x300.jpg\" alt=\"\" width=\"234\" height=\"353\" \/><\/a>Per migliaia di anni, l\u2019umanit\u00e0 ha scrutato il cielo notturno e si \u00e8 domandata: chi \u00e8 l\u00e0 fuori?<\/p>\n<p>Adesso avete la possibilit\u00e0 di fare un viaggio in quel cielo notturno, di andare oltre gli interrogativi e di vivere l\u2019esperienza della realt\u00e0 e della spiritualit\u00e0 della vita al di l\u00e0 del nostro mondo.<\/p>\n<p><em>La Vita nell&#8217;Universo<\/em> \u00e8 una finestra verso la storia vivente del nostro universo: le realt\u00e0 degli scambi, dei viaggi e del conflitto nell\u2019ambito di una Comunit\u00e0 pi\u00f9 Grande di vita intelligente; la nascita e il tramonto delle civilt\u00e0 in mezzo alle stelle; e il Piano e lo Scopo superiore del Creatore che veglia sul progresso spirituale della vita in tutte le galassie.<\/p>\n<p>Adesso Dio ci sta allertando e preparando per il nostro destino nella Comunit\u00e0 pi\u00f9 Grande. \u00c8 solo attraverso una rivelazione Divina che potremmo arrivare a capire queste cose ed imparare riguardo alla realt\u00e0 e alla spiritualit\u00e0 della Vita nell\u2019Universo. Oggi per la prima volta, vi potete avventurare oltre i confini del vostro mondo, nella vasta arena di vita nella quale l\u2019umanit\u00e0 sta emergendo.<\/p>\n<p><em>La Vita nell&#8217;Universo<\/em> \u00e8 una porta aperta verso un\u2019esperienza umana pi\u00f9 grande. Si schiude di fronte a voi una storia e una visione del cosmo vivente, della complessit\u00e0 delle interazioni tra i mondi e del futuro che ci attende ora che entriamo in questa pi\u00f9 grande e vasta arena di vita. Vai oltre i limiti di un punto di vista puramente umano e immergiti in questa &#8220;Comunit\u00e0 pi\u00f9 Grande&#8221;, un pi\u00f9 grande panorama di vita che da sempre ti stava chiamando.<\/p>\n<p><em>La Vita nell&#8217;Universo <\/em> \u00e8 il secondo libro del <a title=\"Volume 2\" href=\"https:\/\/www.newmessage.org\/it\/il-messaggio\/volume-4\">Volume 4<\/a> del Nuovo Messaggio da Dio.<\/p>\n<div class=\"toggle toggle-white\"><h4 class=\"trigger \"><span class=\"t_ico\"><\/span><a href=\"#\">Ulteriori informazioni riguardo ai volumi del Nuovo Messaggio da Dio<\/a><\/h4><div class=\"toggle_container \"><br \/>\n<div data-post-id='24520' class='insert-page insert-page-24520 '><p>Il Nuovo Messaggio da Dio in definitiva sar\u00e0 contenuto in sei volumi individuali. Ogni volume contiene due o pi\u00f9 libri e ogni libro \u00e8 organizzato in capitoli.<\/p>\n<p>Pertanto, la struttura futura del Nuovo Messaggio da Dio si potrebbe esprimere nel modo seguente:<\/p>\n<div id=\"attachment_24097\" style=\"width: 227px\" class=\"wp-caption alignright\"><a href=\"https:\/\/www.newmessage.org\/wp-content\/uploads\/2015\/08\/Volumes-Books-InfoGraphic.001.jpg\"><img loading=\"lazy\" decoding=\"async\" aria-describedby=\"caption-attachment-24097\" class=\"imgborder \" src=\"https:\/\/www.newmessage.org\/wp-content\/uploads\/2015\/08\/Volumes-Books-InfoGraphic.001.jpg\" alt=\"The New Message One Book\" width=\"217\" height=\"234\" \/><\/a><p id=\"caption-attachment-24097\" class=\"wp-caption-text\">Il Libro Unico del Nuovo Messaggio<\/p><\/div>\n<p><strong>Volume &gt; Libro &gt; Capitolo &gt; Verso.<br \/>\n<\/strong><\/p>\n<p>Il Nuovo Messaggio da Dio contiene la pi\u00f9 grande mole di Rivelazione mai data al mondo. Si rivolge a quasi tutti gli aspetti delle nostre vite, presentando delle nuove realt\u00e0 mai rivelate in precedenza. La Societ\u00e0 (\u201cThe Society for the New Message from God\u201d &#8211; La Societ\u00e0 per il Nuovo Messaggio da Dio) sta lavorando per rendere i libri del Nuovo Messaggio e le Rivelazioni parlate disponibili e accessibili al mondo.<\/p>\n<p>Attualmente, La Societ\u00e0 \u00e8 in grado di offrire un grande numero di registrazioni originali della Voce della Rivelazione. Qua siete invitati a sentire la potenza e il mistero della \u201cVoce\u201d proprio come parl\u00f2 in origine al Messaggero in stato di Rivelazione. Mai prima d\u2019ora era stato possibile udire la Voce originale della Rivelazione.<\/p>\n<p>La compilazione dell\u2019intero Nuovo Messaggio \u00e8 un lavoro che \u00e8 in corso, intrapreso in un lungo periodo di tempo. In aggiunta, la Rivelazione continua ad oggi con nuovi insegnamenti che sono dati ogni anno. Per questo motivo, la selezione degli insegnamenti di ogni libro potrebbe variare. Ne consegue che anche i titoli dei libri potrebbero cambiare per meglio rispecchiare la crescita di ogni libro. State vivendo in un tempo di Rivelazione e siete testimoni del processo di Rivelazione che si dispiega davanti a voi.<\/p>\n<p><strong>Libri Online<\/strong><\/p>\n<p>La Societ\u00e0 sta lavorando per rendere il Nuovo Messaggio disponibile al mondo gratuitamente online. Attualmente un certo numero di libri del Nuovo Messaggio sono disponibili gratuitamente presso www.newmessage.org dove potete esplorare la biblioteca di libri gratuiti online.<\/p>\n<p><strong>Pubblicazioni Future<\/strong><\/p>\n<p>La Societ\u00e0 continuer\u00e0 a mandare avanti la sua visione di pubblicare la totalit\u00e0 del Nuovo Messaggio da Dio, nei suoi libri e volumi, e forse un giorno come un unico libro, semplicemente chiamato: \u201cIl Nuovo Messaggio da Dio.\u201d Questa \u00e8 una impresa enorme per la quale La Societ\u00e0 ha bisogno del vostro contributo e della vostra partecipazione. Per favore considerate la possibilit\u00e0 di fare una donazione o di diventare un Pilastro del Nuovo Messaggio per supportare questa sacra causa. Vi ringraziamo per il vostro supporto<\/p>\n<\/div><br \/>\n<\/div><\/div>\n<p>Indice dei contenuti<\/p>\n<div class=\"background-color-bridesmaid padding-20\">\n<h5><a href=\"\/it\/il-messaggio\/volume-4\/la-vita-nelluniverso\/introduzione\">Introduzione<\/a><\/h5>\n<h5 class=\"text-color-gray-6\">PARTE PRIMA: LA REALT\u00c0 DELLA VITA INTELLIGENTE NELL\u2019UNIVERSO<\/h5>\n<p>Capitolo 1: <a href=\"\/it\/il-messaggio\/volume-4\/la-vita-nelluniverso\/affrontare-una-comunita-piu-grande-di-vita\">Affrontare una Comunit\u00e0 Pi\u00f9 Grande di Vita<\/a><\/p>\n<p>Capitolo 2: <a href=\"\/it\/il-messaggio\/volume-4\/la-vita-nelluniverso\/una-breve-storia-delle-visitazioni-alla-terra\">Breve Storia delle Visitazioni alla Terra<\/a><\/p>\n<p>Capitolo 3: <a href=\"\/it\/il-messaggio\/volume-4\/la-vita-nelluniverso\/i-limiti-dei-viaggi-nello-spazio\">I Limiti dei Viaggi nello Spazio<\/a><\/p>\n<p>Capitolo 4: <a href=\"\/it\/il-messaggio\/volume-4\/la-vita-nelluniverso\/gli-scambi-e-il-commercio-in-questa-regione-dello-spazio\">Gli Scambi e il Commercio in Questa Regione dello Spazio<\/a><\/p>\n<p>Capitolo 5: <a href=\"\/it\/il-messaggio\/volume-4\/la-vita-nelluniverso\/la-tecnologia-e-i-diversi-percorsi-per-la-stabilita\">La Tecnologia e i Diversi Percorsi per la Stabilit\u00e0<\/a><\/p>\n<p>Capitolo 6: <a href=\"\/it\/il-messaggio\/volume-4\/la-vita-nelluniverso\/le-famiglie-e-la-manipolazione-genetica\">Le Famiglie e la Manipolazione Gentica<\/a><\/p>\n<p>Capitolo 7: <a href=\"\/it\/il-messaggio\/volume-4\/la-vita-nelluniverso\/la-competizione-linfluenza-e-lambiente-mentale\">La Competizione, l\u2019Influenza e l\u2019Ambiente Mentale<\/a><\/p>\n<h5 class=\"text-color-gray-6\">PARTE SECONDA: LA SPIRITUALIT\u00c0 DELLA VITA INTELLIGENTE NELL\u2019UNIVERSO<\/h5>\n<p>Capitolo 8: <a href=\"\/it\/il-messaggio\/volume-4\/la-vita-nelluniverso\/la-liberta-nella-comunita-piu-grande\">La Libert\u00e0 nella Comunit\u00e0 Pi\u00f9 Grande<\/a><\/p>\n<p>Capitolo 9: <a href=\"\/it\/il-messaggio\/volume-4\/la-vita-nelluniverso\/la-religione-nella-comunita-piu-grande\">La Religione nella Comunit\u00e0 Pi\u00f9 Grande<\/a><\/p>\n<p>Capitolo 10: <a href=\"\/it\/il-messaggio\/volume-4\/la-vita-nelluniverso\/il-potere-della-conoscenza\">Il Potere della Conoscenza<\/a><\/p>\n<p>Capitolo 11: <a href=\"\/it\/il-messaggio\/volume-4\/la-vita-nelluniverso\/forze-invisibili-nelluniverso\">Forze Invisibili nell\u2019Universo<\/a><\/p>\n<p>Capitolo 12: <a href=\"\/it\/il-messaggio\/volume-4\/la-vita-nelluniverso\/la-creazione-e-il-destino\">La Creazione e il Destino<\/a><\/p>\n<p>Capitolo 13: <a href=\"\/it\/il-messaggio\/volume-4\/la-vita-nelluniverso\/il-dio-della-comunita-piu-grande\">Il Dio della Comunit\u00e0 Pi\u00f9 Grande<\/a><\/p>\n<p>Capitolo 14: <a href=\"\/it\/il-messaggio\/volume-4\/la-vita-nelluniverso\/il-tuo-rapporto-con-la-comunita-piu-grande\">Il tuo Rapporto con la Comunit\u00e0 Pi\u00f9 Grande<\/a><\/p>\n<\/div>\n","protected":false},"excerpt":{"rendered":"<p>Per migliaia di anni, l\u2019umanit\u00e0 ha scrutato il cielo notturno e si \u00e8 domandata: chi \u00e8 l\u00e0 fuori? Adesso avete la possibilit\u00e0 di fare un viaggio in quel cielo notturno, di andare oltre gli interrogativi e di vivere l\u2019esperienza della realt\u00e0 e della spiritualit\u00e0 della vita al di l\u00e0 del nostro mondo. La Vita nell&#8217;Universo\u2026 <a class=\"read-more\" href=\"https:\/\/www.v6.newmessage.org\/it\/more-about-the-volumes\"><span>Read More<\/span><\/a><\/p>\n","protected":false},"author":1,"featured_media":0,"parent":16316,"menu_order":1,"comment_status":"closed","ping_status":"closed","template":"template-leftsidebar.php","meta":{"_monsterinsights_skip_tracking":false,"_monsterinsights_sitenote_active":false,"_monsterinsights_sitenote_note":"","_monsterinsights_sitenote_category":0,"footnotes":""},"categories":[],"tags":[749,740,745,750,827,743,748,741,746,744,747,742],"_links":{"self":[{"href":"https:\/\/www.v6.newmessage.org\/it\/wp-json\/wp\/v2\/pages\/13079"}],"collection":[{"href":"https:\/\/www.v6.newmessage.org\/it\/wp-json\/wp\/v2\/pages"}],"about":[{"href":"https:\/\/www.v6.newmessage.org\/it\/wp-json\/wp\/v2\/types\/page"}],"author":[{"embeddable":true,"href":"https:\/\/www.v6.newmessage.org\/it\/wp-json\/wp\/v2\/users\/1"}],"replies":[{"embeddable":true,"href":"https:\/\/www.v6.newmessage.org\/it\/wp-json\/wp\/v2\/comments?post=13079"}],"version-history":[{"count":147,"href":"https:\/\/www.v6.newmessage.org\/it\/wp-json\/wp\/v2\/pages\/13079\/revisions"}],"predecessor-version":[{"id":28306,"href":"https:\/\/www.v6.newmessage.org\/it\/wp-json\/wp\/v2\/pages\/13079\/revisions\/28306"}],"up":[{"embeddable":true,"href":"https:\/\/www.v6.newmessage.org\/it\/wp-json\/wp\/v2\/pages\/16316"}],"wp:attachment":[{"href":"https:\/\/www.v6.newmessage.org\/it\/wp-json\/wp\/v2\/media?parent=13079"}],"wp:term":[{"taxonomy":"category","embeddable":true,"href":"https:\/\/www.v6.newmessage.org\/it\/wp-json\/wp\/v2\/categories?post=13079"},{"taxonomy":"post_tag","embeddable":true,"href":"https:\/\/www.v6.newmessage.org\/it\/wp-json\/wp\/v2\/tags?post=13079"}],"curies":[{"name":"wp","href":"https:\/\/api.w.org\/{rel}","templated":true}]}}