{"id":13077,"date":"2014-07-24T21:53:57","date_gmt":"2014-07-24T21:53:57","guid":{"rendered":"http:\/\/www.newmessage.org\/?page_id=13077"},"modified":"2021-11-04T05:53:54","modified_gmt":"2021-11-04T05:53:54","slug":"passi-verso-la-conoscenza","status":"publish","type":"page","link":"https:\/\/www.v6.newmessage.org\/it\/il-messaggio\/volume-3\/passi-verso-la-conoscenza","title":{"rendered":"Passi Verso La Conoscenza"},"content":{"rendered":"<p><em><img loading=\"lazy\" decoding=\"async\" width=\"229\" height=\"300\" class=\"alignright size-medium wp-image-27404 imgborder\" src=\"https:\/\/www.newmessage.org\/italian\/wp-content\/uploads\/sites\/41\/2014\/07\/Italian-Steps-229x300.jpg\" alt=\"Italian Steps\" srcset=\"https:\/\/www.v6.newmessage.org\/it\/wp-content\/uploads\/sites\/41\/2014\/07\/Italian-Steps-229x300.jpg 229w, https:\/\/www.v6.newmessage.org\/it\/wp-content\/uploads\/sites\/41\/2014\/07\/Italian-Steps.jpg 267w\" sizes=\"(max-width: 229px) 100vw, 229px\" \/><\/em><\/p>\n<p><em>Passi Verso La Conoscenza<\/em> \u00e8 il libro centrale di pratica spirituale del Nuovo Messaggio da Dio e il fulcro del percorso di sviluppo spirituale nella Via della Conoscenza del Nuovo Messaggio.<\/p>\n<p><em>I Passi<\/em> vi conducono nel viaggio di scoperta della Conoscenza, la fonte misteriosa della vostra potenza e autorit\u00e0 interiore, donato da Dio per guidarvi e per proteggervi. Seguire questa Conoscenza vi conduce alle relazioni essenziali di cui avrete bisogno per scoprire e per compiere il vostro scopo superiore nella vita.<\/p>\n<p><em>I Passi<\/em> forniscono le lezioni e le pratiche necessarie per imparare e per vivere Il Nuovo Messaggio da Dio. Dato in un formato autodidattico, contiene 365 Passi (pratiche giornaliere) per insegnarvi a vedere, a sapere e ad agire con la certezza e con l\u2019autorit\u00e0 che il Creatore vi ha dato. \u00c8 lo studio perfetto per una vera autodeterminazione ed un vero sapere interiore.<\/p>\n<p><em>Passi Verso La Conoscenza<\/em> \u00e8 per le persone che sono pronte a intraprendere il proprio lavoro superiore nella vita e che si rendono conto che sono qua per dare un contributo al mondo in questo punto critico di svolta nella nostra storia. Questo libro \u00e8 per loro.<em><br \/>\n<\/em><\/p>\n<p><em>Passi Verso La Conoscenza \u00e8 il primo libro del Volume 3 del Nuovo Messaggio da Dio.<\/em><\/p>\n<p style=\"text-align: left;\"><div class=\"toggle toggle-white\"><h4 class=\"trigger \"><span class=\"t_ico\"><\/span><a href=\"#\">Ulteriori informazioni riguardo ai volumi del Nuovo Messaggio da Dio<\/a><\/h4><div class=\"toggle_container \"><br \/>\n<div data-post-id='24520' class='insert-page insert-page-24520 '><p>Il Nuovo Messaggio da Dio in definitiva sar\u00e0 contenuto in sei volumi individuali. Ogni volume contiene due o pi\u00f9 libri e ogni libro \u00e8 organizzato in capitoli.<\/p>\n<p>Pertanto, la struttura futura del Nuovo Messaggio da Dio si potrebbe esprimere nel modo seguente:<\/p>\n<div id=\"attachment_24097\" style=\"width: 227px\" class=\"wp-caption alignright\"><a href=\"https:\/\/www.newmessage.org\/wp-content\/uploads\/2015\/08\/Volumes-Books-InfoGraphic.001.jpg\"><img loading=\"lazy\" decoding=\"async\" aria-describedby=\"caption-attachment-24097\" class=\"imgborder \" src=\"https:\/\/www.newmessage.org\/wp-content\/uploads\/2015\/08\/Volumes-Books-InfoGraphic.001.jpg\" alt=\"The New Message One Book\" width=\"217\" height=\"234\" \/><\/a><p id=\"caption-attachment-24097\" class=\"wp-caption-text\">Il Libro Unico del Nuovo Messaggio<\/p><\/div>\n<p><strong>Volume &gt; Libro &gt; Capitolo &gt; Verso.<br \/>\n<\/strong><\/p>\n<p>Il Nuovo Messaggio da Dio contiene la pi\u00f9 grande mole di Rivelazione mai data al mondo. Si rivolge a quasi tutti gli aspetti delle nostre vite, presentando delle nuove realt\u00e0 mai rivelate in precedenza. La Societ\u00e0 (\u201cThe Society for the New Message from God\u201d &#8211; La Societ\u00e0 per il Nuovo Messaggio da Dio) sta lavorando per rendere i libri del Nuovo Messaggio e le Rivelazioni parlate disponibili e accessibili al mondo.<\/p>\n<p>Attualmente, La Societ\u00e0 \u00e8 in grado di offrire un grande numero di registrazioni originali della Voce della Rivelazione. Qua siete invitati a sentire la potenza e il mistero della \u201cVoce\u201d proprio come parl\u00f2 in origine al Messaggero in stato di Rivelazione. Mai prima d\u2019ora era stato possibile udire la Voce originale della Rivelazione.<\/p>\n<p>La compilazione dell\u2019intero Nuovo Messaggio \u00e8 un lavoro che \u00e8 in corso, intrapreso in un lungo periodo di tempo. In aggiunta, la Rivelazione continua ad oggi con nuovi insegnamenti che sono dati ogni anno. Per questo motivo, la selezione degli insegnamenti di ogni libro potrebbe variare. Ne consegue che anche i titoli dei libri potrebbero cambiare per meglio rispecchiare la crescita di ogni libro. State vivendo in un tempo di Rivelazione e siete testimoni del processo di Rivelazione che si dispiega davanti a voi.<\/p>\n<p><strong>Libri Online<\/strong><\/p>\n<p>La Societ\u00e0 sta lavorando per rendere il Nuovo Messaggio disponibile al mondo gratuitamente online. Attualmente un certo numero di libri del Nuovo Messaggio sono disponibili gratuitamente presso www.newmessage.org dove potete esplorare la biblioteca di libri gratuiti online.<\/p>\n<p><strong>Pubblicazioni Future<\/strong><\/p>\n<p>La Societ\u00e0 continuer\u00e0 a mandare avanti la sua visione di pubblicare la totalit\u00e0 del Nuovo Messaggio da Dio, nei suoi libri e volumi, e forse un giorno come un unico libro, semplicemente chiamato: \u201cIl Nuovo Messaggio da Dio.\u201d Questa \u00e8 una impresa enorme per la quale La Societ\u00e0 ha bisogno del vostro contributo e della vostra partecipazione. Per favore considerate la possibilit\u00e0 di fare una donazione o di diventare un Pilastro del Nuovo Messaggio per supportare questa sacra causa. Vi ringraziamo per il vostro supporto<\/p>\n<\/div><br \/>\n<\/div><\/div>\n<div class=\"background-color-bridesmaid padding-20\">\n<h2>Indice dei Contenuti<\/h2>\n<span class=\"hdark\" > <\/span>\n<p>&nbsp;<\/p>\n<p><a href=\"\/it\/il-messaggio\/volume-3\/passi-verso-la-conoscenza\/introduzione\">Introduzione<\/a><\/p>\n<p><a href=\"https:\/\/www.newmessage.org\/it\/il-messaggio\/volume-3\/passi-verso-la-conoscenza\/indice-dei-passi\">Indice dei Passi<\/a><\/p>\n<p><a href=\"\/it\/il-messaggio\/volume-3\/passi-verso-la-conoscenza\/passi-verso-la-conoscenza-parte-prima\">Parte Prima<\/a><\/p>\n<p><a href=\"\/it\/il-messaggio\/volume-3\/passi-verso-la-conoscenza\/passi-verso-la-conoscenza-parte-seconda\">Parte Seconda<\/a><\/p>\n<\/div>\n<div align=\"center\">\n<div class=\"panel-30\">\n<h2><a href=\"https:\/\/www.newmessage.org\/it\/wp-content\/uploads\/sites\/41\/2021\/06\/Italian-STK-V4.55.pdf\">SCARICA IL LIBRO COMPLETO<\/a><\/h2>\n<\/div>\n<a class='churchope_button ' style='background-color: #4f8fd6' href='https:\/\/www.newmessage.org\/it\/il-libro-passi-verso-la-conoscenza\/'   ><span>ACQUISTA IL LIBRO <em>PASSI VERSO LA CONOSCENZA<\/em> IN VERSIONE CARTACEA o E-BOOK<\/span><\/a>\n<a class='churchope_button ' style='background-color: #4f8fd6' href='https:\/\/www.community.newmessage.org\/forums\/forum\/steps-to-knowledge-discussion\/'   ><span>ESPLORA (IN INGLESE) IL WORLD STEPS FORUM<\/span><\/a>\n<a class='churchope_button ' style='background-color: #4f8fd6' href='\/th_event_cat\/steps-vigil'   ><span>PARTECIPA ALLA VEGLIA MONDIALE DEI PASSI (IN INGLESE)<\/span><\/a>\n<\/div>\n","protected":false},"excerpt":{"rendered":"<p>Passi Verso La Conoscenza \u00e8 il libro centrale di pratica spirituale del Nuovo Messaggio da Dio e il fulcro del percorso di sviluppo spirituale nella Via della Conoscenza del Nuovo Messaggio. I Passi vi conducono nel viaggio di scoperta della Conoscenza, la fonte misteriosa della vostra potenza e autorit\u00e0 interiore, donato da Dio per guidarvi\u2026 <a class=\"read-more\" href=\"https:\/\/www.v6.newmessage.org\/it\/more-about-the-volumes\"><span>Read More<\/span><\/a><\/p>\n","protected":false},"author":1,"featured_media":0,"parent":16314,"menu_order":1,"comment_status":"closed","ping_status":"closed","template":"template-leftsidebar.php","meta":{"_monsterinsights_skip_tracking":false,"_monsterinsights_sitenote_active":false,"_monsterinsights_sitenote_note":"","_monsterinsights_sitenote_category":0,"footnotes":""},"categories":[],"tags":[749,740,745,750,743,748,741,746,744,747,742],"_links":{"self":[{"href":"https:\/\/www.v6.newmessage.org\/it\/wp-json\/wp\/v2\/pages\/13077"}],"collection":[{"href":"https:\/\/www.v6.newmessage.org\/it\/wp-json\/wp\/v2\/pages"}],"about":[{"href":"https:\/\/www.v6.newmessage.org\/it\/wp-json\/wp\/v2\/types\/page"}],"author":[{"embeddable":true,"href":"https:\/\/www.v6.newmessage.org\/it\/wp-json\/wp\/v2\/users\/1"}],"replies":[{"embeddable":true,"href":"https:\/\/www.v6.newmessage.org\/it\/wp-json\/wp\/v2\/comments?post=13077"}],"version-history":[{"count":155,"href":"https:\/\/www.v6.newmessage.org\/it\/wp-json\/wp\/v2\/pages\/13077\/revisions"}],"predecessor-version":[{"id":28986,"href":"https:\/\/www.v6.newmessage.org\/it\/wp-json\/wp\/v2\/pages\/13077\/revisions\/28986"}],"up":[{"embeddable":true,"href":"https:\/\/www.v6.newmessage.org\/it\/wp-json\/wp\/v2\/pages\/16314"}],"wp:attachment":[{"href":"https:\/\/www.v6.newmessage.org\/it\/wp-json\/wp\/v2\/media?parent=13077"}],"wp:term":[{"taxonomy":"category","embeddable":true,"href":"https:\/\/www.v6.newmessage.org\/it\/wp-json\/wp\/v2\/categories?post=13077"},{"taxonomy":"post_tag","embeddable":true,"href":"https:\/\/www.v6.newmessage.org\/it\/wp-json\/wp\/v2\/tags?post=13077"}],"curies":[{"name":"wp","href":"https:\/\/api.w.org\/{rel}","templated":true}]}}