{"id":12778,"date":"2014-07-19T02:35:55","date_gmt":"2014-07-19T02:35:55","guid":{"rendered":"http:\/\/www.newmessage.org\/?page_id=12778"},"modified":"2019-01-15T06:04:08","modified_gmt":"2019-01-15T06:04:08","slug":"faq","status":"publish","type":"page","link":"https:\/\/www.v6.newmessage.org\/it\/informazioni-riguardo-al-nuovo-messaggio\/faq","title":{"rendered":"FAQ (Domande Frequenti)"},"content":{"rendered":"<p><!--div class=\"text-align-right\"><img decoding=\"async\" src=\"https:\/\/www.newmessage.org\/wp-content\/uploads\/2015\/04\/shapeimage_15-228x300.png\" alt=\"Frequently Asked Questions about the New Message\" class=\"alignright size-medium \" \/><\/div-->\n<div class=\"home_feed_featured\">\n\t    \n\t<article class=\"posts_listing blog_shortcode clearfix post-157 page type-page status-publish hentry category-questions-and-answers\" id=\"post-157\">\n\n\t\t\t\t\n\t<h2 class=\"entry-title\"><a href=\"https:\/\/www.v6.newmessage.org\/it\/informazioni-riguardo-al-nuovo-messaggio\/faq\/che-cose-il-nuovo-messaggio-da-dio\" rel=\"bookmark\" title=\"Permanent Link to Che cos\u2019\u00e8 il Nuovo Messaggio da Dio?\">Che cos\u2019\u00e8 il Nuovo Messaggio da Dio?<\/a><\/h2>\n\n<div class=\"entry-content\">\n<p>Il Nuovo Messaggio non si basa su alcuna tradizione religiosa o insegnamento spirituale esistente. \u00c8 un dono per le genti di ogni nazione e ogni fede. Esso onora la salda verit\u00e0 presente in tutti i grandi...<\/p><\/div>\t\t\t\n\t\t<\/article>\n\t    \n\t<article class=\"posts_listing blog_shortcode clearfix post-159 page type-page status-publish hentry category-questions-and-answers\" id=\"post-159\">\n\n\t\t\t\t\n\t<h2 class=\"entry-title\"><a href=\"https:\/\/www.v6.newmessage.org\/it\/informazioni-riguardo-al-nuovo-messaggio\/faq\/perche-il-nuovo-messaggio-e-qua\" rel=\"bookmark\" title=\"Permanent Link to Perch\u00e9 il Nuovo Messaggio \u00e8 qua?\">Perch\u00e9 il Nuovo Messaggio \u00e8 qua?<\/a><\/h2>\n\n<div class=\"entry-content\">\n<p>Le persone stanno utilizzando Dio e la religione per giustificare terribili atti di crudelt\u00e0 e di vendetta contro il prossimo. Questo sta fratturando ulteriormente la famiglia umana in un momento in cui l?unit\u00e0 umana e la...<\/p><\/div>\t\t\t\n\t\t<\/article>\n\t    \n\t<article class=\"posts_listing blog_shortcode clearfix post-161 page type-page status-publish hentry category-questions-and-answers\" id=\"post-161\">\n\n\t\t\t\t\n\t<h2 class=\"entry-title\"><a href=\"https:\/\/www.v6.newmessage.org\/it\/informazioni-riguardo-al-nuovo-messaggio\/faq\/come-fu-ricevuto-il-nuovo-messaggio\" rel=\"bookmark\" title=\"Permanent Link to Come fu ricevuto il Nuovo Messaggio?\">Come fu ricevuto il Nuovo Messaggio?<\/a><\/h2>\n\n<div class=\"entry-content\">\n<p>Il Nuovo Messaggio rappresenta la Volont\u00e0 di Dio per l?umanit\u00e0, per adesso e per i tempi che verranno. La volont\u00e0 di Dio \u00e8 stata tradotta in un linguaggio, in una preparazione (ndr: un tirocinio) e in...<\/p><\/div>\t\t\t\n\t\t<\/article>\n\t    \n\t<article class=\"posts_listing blog_shortcode clearfix post-12460 page type-page status-publish hentry category-questions-and-answers\" id=\"post-12460\">\n\n\t\t\t\t\n\t<h2 class=\"entry-title\"><a href=\"https:\/\/www.v6.newmessage.org\/it\/informazioni-riguardo-al-nuovo-messaggio\/faq\/cosa-e-dio-2\" rel=\"bookmark\" title=\"Permanent Link to Cosa \u00e8 Dio?\">Cosa \u00e8 Dio?<\/a><\/h2>\n\n<div class=\"entry-content\">\n<p>?Qua non vi focalizzerete su un Dio del vostro mondo e del vostro tempo ma un Dio di tutti i mondi e tutti i tempi.? Nel Nuovo Messaggio, Dio viene considerato nell?ambito del contesto pi\u00f9 ampio...<\/p><\/div>\t\t\t\n\t\t<\/article>\n\t    \n\t<article class=\"posts_listing blog_shortcode clearfix post-216 page type-page status-publish hentry category-questions-and-answers\" id=\"post-216\">\n\n\t\t\t\t\n\t<h2 class=\"entry-title\"><a href=\"https:\/\/www.v6.newmessage.org\/it\/informazioni-riguardo-al-nuovo-messaggio\/faq\/come-comunica-dio-con-te\" rel=\"bookmark\" title=\"Permanent Link to Come comunica Dio con te?\">Come comunica Dio con te?<\/a><\/h2>\n\n<div class=\"entry-content\">\n<p>La Conoscenza dentro di te rappresenta la tua connessione con Dio e con la tua vita al di l\u00e0 di questo mondo. Questa connessione esiste entro ed oltre tutte le vere religioni.<\/p><\/div>\t\t\t\n\t\t<\/article>\n\t    \n\t<article class=\"posts_listing blog_shortcode clearfix post-221 page type-page status-publish hentry category-questions-and-answers\" id=\"post-221\">\n\n\t\t\t\t\n\t<h2 class=\"entry-title\"><a href=\"https:\/\/www.v6.newmessage.org\/it\/informazioni-riguardo-al-nuovo-messaggio\/faq\/il-nuovo-messaggio-che-cosa-raccomanda\" rel=\"bookmark\" title=\"Permanent Link to Il Nuovo Messaggio che cosa raccomanda?\">Il Nuovo Messaggio che cosa raccomanda?<\/a><\/h2>\n\n<div class=\"entry-content\">\n<p>5. Coesistenza pacifica e cooperazione tra le religioni del mondo?Tutte le religioni del mondo furono iniziate da Dio e non furono mai intese per essere in competizione ed in conflitto tra loro.<\/p><\/div>\t\t\t\n\t\t<\/article>\n\t    \n\t<article class=\"posts_listing blog_shortcode clearfix post-225 page type-page status-publish hentry category-questions-and-answers\" id=\"post-225\">\n\n\t\t\t\t\n\t<h2 class=\"entry-title\"><a href=\"https:\/\/www.v6.newmessage.org\/it\/informazioni-riguardo-al-nuovo-messaggio\/faq\/e-una-nuova-religione-questa\" rel=\"bookmark\" title=\"Permanent Link to E\u2019 una nuova religione questa? Perch\u00e9 avrebbe bisogno di una nuova religione il mondo?\">E\u2019 una nuova religione questa? Perch\u00e9 avrebbe bisogno di una nuova religione il mondo?<\/a><\/h2>\n\n<div class=\"entry-content\">\n<p>Il mondo allora non ha tanto bisogno di una nuova religione, quanto ha bisogno di nuova comprensione e consapevolezza e di un nuovo impegno verso<\/p><\/div>\t\t\t\n\t\t<\/article>\n\t    \n\t<article class=\"posts_listing blog_shortcode clearfix post-227 page type-page status-publish hentry category-questions-and-answers\" id=\"post-227\">\n\n\t\t\t\t\n\t<h2 class=\"entry-title\"><a href=\"https:\/\/www.v6.newmessage.org\/it\/informazioni-riguardo-al-nuovo-messaggio\/faq\/mi-devo-convertire\" rel=\"bookmark\" title=\"Permanent Link to Mi devo convertire o diventare un apostolo del Nuovo Messaggio al fine di ricevere il Nuovo Messaggio?\">Mi devo convertire o diventare un apostolo del Nuovo Messaggio al fine di ricevere il Nuovo Messaggio?<\/a><\/h2>\n\n<div class=\"entry-content\">\n<p>No. Ricevere il Nuovo Messaggio significa ricevere la sua saggezza ed il suo insegnamento riguardo alla Conoscenza del S\u00e8, lo scopo, la relazione, l?unit\u00e0, la cooperazione e l?emergere dell?umanit\u00e0 nella Comunit\u00e0 Pi\u00f9 Grande di vita intelligente...<\/p><\/div>\t\t\t\n\t\t<\/article>\n\t    \n\t<article class=\"posts_listing blog_shortcode clearfix post-223 page type-page status-publish hentry category-questions-and-answers\" id=\"post-223\">\n\n\t\t\t\t\n\t<h2 class=\"entry-title\"><a href=\"https:\/\/www.v6.newmessage.org\/it\/informazioni-riguardo-al-nuovo-messaggio\/faq\/che-cosa-mi-richiede-il-nuovo-messaggio\" rel=\"bookmark\" title=\"Permanent Link to Che cosa mi richiede il Nuovo Messaggio?\">Che cosa mi richiede il Nuovo Messaggio?<\/a><\/h2>\n\n<div class=\"entry-content\">\n<p>Il Nuovo Messaggio ti chiede onest\u00e0, sincerit\u00e0, integrit\u00e0 e votato impegno?tutte le cose che ognuno ha bisogno di stabilire nella sua vita e tutto quello che bisogna stabilire nell?ambito delle comunit\u00e0 e dei villaggi, delle citt\u00e0...<\/p><\/div>\t\t\t\n\t\t<\/article>\n\t    \t    <\/div>\n","protected":false},"excerpt":{"rendered":"Il Nuovo Messaggio ti chiede onest\u00e0, sincerit\u00e0, integrit\u00e0 e votato impegno\u2014tutte le cose che ognuno ha bisogno di stabilire nella sua vita e tutto quello che bisogna stabilire nell\u2019ambito delle comunit\u00e0 e dei villaggi, delle citt\u00e0 e delle nazioni del mondo. Il Nuovo Messaggio ti chiede di onorare quello di cui hai bisogno e di\u2026 <a class=\"read-more\" href=\"https:\/\/www.v6.newmessage.org\/it\/informazioni-riguardo-al-nuovo-messaggio\/faq\/che-cosa-mi-richiede-il-nuovo-messaggio\"><span>Read More<\/span><\/a>","protected":false},"author":1,"featured_media":0,"parent":12748,"menu_order":0,"comment_status":"closed","ping_status":"closed","template":"template-leftsidebar.php","meta":{"_monsterinsights_skip_tracking":false,"_monsterinsights_sitenote_active":false,"_monsterinsights_sitenote_note":"","_monsterinsights_sitenote_category":0,"footnotes":""},"categories":[],"tags":[],"_links":{"self":[{"href":"https:\/\/www.v6.newmessage.org\/it\/wp-json\/wp\/v2\/pages\/12778"}],"collection":[{"href":"https:\/\/www.v6.newmessage.org\/it\/wp-json\/wp\/v2\/pages"}],"about":[{"href":"https:\/\/www.v6.newmessage.org\/it\/wp-json\/wp\/v2\/types\/page"}],"author":[{"embeddable":true,"href":"https:\/\/www.v6.newmessage.org\/it\/wp-json\/wp\/v2\/users\/1"}],"replies":[{"embeddable":true,"href":"https:\/\/www.v6.newmessage.org\/it\/wp-json\/wp\/v2\/comments?post=12778"}],"version-history":[{"count":15,"href":"https:\/\/www.v6.newmessage.org\/it\/wp-json\/wp\/v2\/pages\/12778\/revisions"}],"predecessor-version":[{"id":28487,"href":"https:\/\/www.v6.newmessage.org\/it\/wp-json\/wp\/v2\/pages\/12778\/revisions\/28487"}],"up":[{"embeddable":true,"href":"https:\/\/www.v6.newmessage.org\/it\/wp-json\/wp\/v2\/pages\/12748"}],"wp:attachment":[{"href":"https:\/\/www.v6.newmessage.org\/it\/wp-json\/wp\/v2\/media?parent=12778"}],"wp:term":[{"taxonomy":"category","embeddable":true,"href":"https:\/\/www.v6.newmessage.org\/it\/wp-json\/wp\/v2\/categories?post=12778"},{"taxonomy":"post_tag","embeddable":true,"href":"https:\/\/www.v6.newmessage.org\/it\/wp-json\/wp\/v2\/tags?post=12778"}],"curies":[{"name":"wp","href":"https:\/\/api.w.org\/{rel}","templated":true}]}}