{"id":12748,"date":"2014-07-19T02:31:12","date_gmt":"2014-07-19T02:31:12","guid":{"rendered":"http:\/\/www.newmessage.org\/?page_id=12748"},"modified":"2016-08-14T22:10:27","modified_gmt":"2016-08-14T22:10:27","slug":"informazioni-riguardo-al-nuovo-messaggio","status":"publish","type":"page","link":"https:\/\/www.v6.newmessage.org\/it\/informazioni-riguardo-al-nuovo-messaggio","title":{"rendered":"Informazioni riguardo al Nuovo Messaggio"},"content":{"rendered":"<p><img loading=\"lazy\" decoding=\"async\" class=\"imgborder alignright wp-image-27524 size-medium\" src=\"https:\/\/www.newmessage.org\/it\/wp-content\/uploads\/sites\/41\/2014\/07\/WordSound.it_-300x157.png\" alt=\"WordSound.it\" width=\"300\" height=\"157\" srcset=\"https:\/\/www.v6.newmessage.org\/it\/wp-content\/uploads\/sites\/41\/2014\/07\/WordSound.it_-300x157.png 300w, https:\/\/www.v6.newmessage.org\/it\/wp-content\/uploads\/sites\/41\/2014\/07\/WordSound.it_-768x401.png 768w, https:\/\/www.v6.newmessage.org\/it\/wp-content\/uploads\/sites\/41\/2014\/07\/WordSound.it_-600x314.png 600w, https:\/\/www.v6.newmessage.org\/it\/wp-content\/uploads\/sites\/41\/2014\/07\/WordSound.it_.png 1200w\" sizes=\"(max-width: 300px) 100vw, 300px\" \/><\/p>\n<h3 style=\"text-align: center;\">Informazioni riguardo al Nuovo Messaggio<\/h3>\n<p>Benvenuti al Nuovo Messaggio da Dio. Rimarcabilmente, nel tempo e nel corso di un lungo e forse misterioso viaggio nella vita, siete arrivati qua. Avete trovato il Nuovo Messaggio da Dio o forse lui ha trovato voi. Non \u00e8 un incidente che sia cos\u00ec.<\/p>\n<p>Dio ha parlato di nuovo. C\u2019\u00e8 un Nuovo Messaggio da Dio nel mondo. Questo \u00e8 il miracolo dell\u2019amore e della comunicazione di Dio per l\u2019umanit\u00e0, che si dispiega nel nostro tempo, e voi siete tra i primi a sapere di questo.<\/p>\n<p>Il Nuovo Messaggio da Dio \u00e8 una comunicazione autentica, proveniente da Dio, rivolta a tutte le genti del mondo. Questo \u00e8 un dono di comunicazione e di rivelazione per le genti di tutte le nazioni e tutte le fedi, dato adesso a un mondo letterato e un mondo di comunicazione globale e di crescente consapevolezza globale.<\/p>\n<p>Il Nuovo Messaggio non \u00e8 per una trib\u00f9, una nazione o un solo gruppo di fede. Esso \u00e8 la comunicazione di Dio all\u2019intero mondo.<\/p>\n<p>Questa comunicazione ha il potere di accendere il cuore spirituale dell\u2019umanit\u00e0, di lanciare l\u2019appello di Dio di unit\u00e0 per le nazioni e le religioni del mondo e preparare l\u2019umanit\u00e0 per un mondo di radicale cambiamento e per il suo destino in un pi\u00f9 grande universo di vita intelligente.<\/p>\n<p>Il Nuovo Messaggio fu consegnato nel corso di un periodo di oltre 34 anni all\u2019uomo chiamato <a href=\"https:\/\/www.newmessage.org\/it\/il-messaggero\/chi-e-marshall-vian-summers\">Marshall Vian Summers<\/a>. Egli ha percorso un lungo e difficile viaggio per ricevere il Nuovo Messaggio di Dio e portarlo a voi e a tutti coloro che sono in grado di riceverlo. Egli \u00e8 un uomo umile, mandato nel mondo per questo scopo, per essere il Messaggero del Nuovo Messaggio da Dio.<\/p>\n<p style=\"text-align: center;\"><em><strong>Perch\u00e9 proprio Tu?<\/strong><\/em><\/p>\n<p>Perch\u00e9 siete arrivati qua? Perch\u00e9 avete trovato il Nuovo Messaggio da Dio? Potrebbe sembrare un mistero oppure un puro caso. Ma di fatto vi \u00e8 una ragione per cui avete trovato il Nuovo Messaggio in questo tempo.<\/p>\n<p>Perch\u00e9 Dio sta chiamando tutto il mondo affinch\u00e9 molte persone si risveglino e si preparino per una vita nuova e superiore \u2013 una vita di scopo, di relazione e di contribuzione a un mondo bisognoso. Dio e <a href=\"https:\/\/www.newmessage.org\/it\/il-messaggio\/important-terms#aa\">l\u2019Assemblea Angelica<\/a> stanno chiamando affinch\u00e9 molte persone scoprano il loro scopo superiore e prestino servizio all\u2019umanit\u00e0 adesso e nei tempi difficili all\u2019orizzonte.<\/p>\n<p>Sei una di queste persone? Senti che la tua vita ha uno scopo e un destino superiore al di l\u00e0 delle tue circostanze terrene? Senti che ci sono altri che devi trovare, il cui scopo \u00e8 connesso al tuo e il cui destino \u00e8 connesso al tuo? Senti che il mondo sta andando verso un futuro difficile e che devi scoprire cosa significa ci\u00f2 e scoprire come fare a prepararti?<\/p>\n<p>Se \u00e8 cos\u00ec, allora la tua scoperta del Nuovo Messaggio potrebbe essere un rendez-vous con il destino. Perch\u00e9 il Nuovo Messaggio fornisce una risposta a queste domande ed a tanto altro ancora.<\/p>\n<p>Il Nuovo Messaggio fornisce un percorso chiaro per lo sviluppo della <a href=\"https:\/\/www.newmessage.org\/it\/il-messaggio\/important-terms#knowledge\">Conoscenza<\/a>, l\u2019intelligenza pi\u00f9 profonda che vive dentro di te, che da sola ti pu\u00f2 rivelare il tuo scopo superiore e le tue relazioni di destino nel mondo.<\/p>\n<p style=\"text-align: center;\"><em><strong>Perch\u00e9 Adesso?<\/strong><\/em><\/p>\n<p>Rimarcabilmente, state vivendo in un enorme punto di svolta nella storia umana. Questo \u00e8 un tempo di cambiamento, di sfida e di opportunit\u00e0 senza precedenti per le genti di ogni luogo.<\/p>\n<p>I rischi di guerre, di conflitti religiosi, di cambiamenti climatici catastrofici e di sofferenza umana non sono mai stati pi\u00f9 terribili di adesso. Eppure l\u2019opportunit\u00e0 per unit\u00e0 mondiale e cooperazione globale non \u00e8 mai stata cos\u00ec grande.<\/p>\n<p>A prescindere da dove siete nati, da come siete stati allevati e da quali siano le vostre attuali circostanze, voi siete una parte integrante di questo capitolo decisivo della storia. Il Nuovo Messaggio ci insegna che ognuno di noi ha scelto di entrare nel mondo in questo tempo per servire e contribuire a un\u2019umanit\u00e0 che lotta, per mantenere vivo il fuoco spirituale al cuore dell\u2019umanit\u00e0, e portare il dono di grazia e di saggezza dalla nostra <a href=\"https:\/\/www.newmessage.org\/it\/il-messaggio\/important-terms#home\">Antica Casa,<\/a> per servire il mondo mentre esso affronta le sue pi\u00f9 grandi prove. Considera personalmente ci\u00f2: \u00e8 questo il motivo perch\u00e9 sei qua?<\/p>\n<p>I decenni a venire determineranno il destino dell\u2019umanit\u00e0. Sono le azioni e le decisioni di ogni persona sia adesso che negli anni a venire che determineranno la sorte e il futuro della famiglia umana. Negli anni a venire, l\u2019umanit\u00e0 sceglier\u00e0 una nuova strada in avanti di unit\u00e0 e di cooperazione oppure un futuro di permanente conflitto e declino. \u00c8 per il fatto che ci troviamo presso questa enorme soglia, che Dio ha parlato di nuovo.<\/p>\n<p style=\"text-align: center;\"><strong><em>Perch\u00e9 un Nuovo Messaggio?<\/em><\/strong><\/p>\n<p>Il Nuovo Messaggio da Dio \u00e8 arrivato per via delle quattro crisi fondamentali che stanno adesso emergendo nel mondo:<\/p>\n<ol>\n<li><a href=\"https:\/\/www.newmessage.org\/it\/il-messaggio\/important-terms#gwoc\">Grandi Onde di cambiamento<\/a> e disordine economico e ambientale stanno convergendo adesso sull\u2019umanit\u00e0, portando con s\u00e9 il rischio di guerra e di sofferenza umana su una scala mai vista prima. L\u2019umanit\u00e0 ha creato una calamit\u00e0 globale che ha il potere di cambiare il mondo da come lo conoscevamo. Per affrontare ci\u00f2 noi siamo impreparati. Attraverso il Nuovo Messaggio, Dio sta dando una nuova strada in avanti per l\u2019umanit\u00e0 e un percorso di preparazione interiore ed esteriore che ogni persona pu\u00f2 intraprendere.<\/li>\n<li>L\u2019umanit\u00e0 sta emergendo in una <a href=\"https:\/\/www.newmessage.org\/it\/il-messaggio\/important-terms#gc\">Comunit\u00e0 Pi\u00f9 Grande<\/a> di vita intelligente nell\u2019universo. Il contatto \u00e8 iniziato da parte di coloro che cercano di approfittare di un\u2019umanit\u00e0 debole e divisa. Per affrontare ci\u00f2, l\u2019umanit\u00e0 \u00e8 impreparata. Per la prima volta, Dio sta rivelando la vera natura di questo contatto e con ci\u00f2 la realt\u00e0 e la spiritualit\u00e0 della vita nell\u2019universo. Questo \u00e8 il contesto superiore nell\u2019ambito del quale si pu\u00f2 capire l\u2019evoluzione e il destino dell\u2019umanit\u00e0 e capire come Dio \u00e8 al lavoro in questo mondo e in tutti i mondi.<\/li>\n<li>Le religioni del mondo sono divise e in competizione tra loro, e lo sono anche nel proprio ambito. Per via di questa crescente competizione e conflitto, esse stanno indebolendo la famiglia umana e stanno causando enorme contesa e divisione in un tempo in cui costruire l\u2019unit\u00e0 umana \u00e8 di massima importanza. Il Nuovo Messaggio insegna che Dio ha iniziato tutte le religioni del mondo e che tutte sono state modificate dall\u2019umanit\u00e0.<\/li>\n<li>Una grande povert\u00e0 interiore \u00e8 sentita da persone in ogni luogo, in paesi ricchi e poveri, una disconnessione da un senso di significato, di relazione e di direzione superiori nella vita. Le persone intorno al mondo vivono e soffrono, con un profondo anelito spirituale. Dio ha risposto a questo bisogno e a questo anelito risvegliando il potere spirituale della Conoscenza in ogni persona che \u00e8 in grado di rispondere. La <a href=\"https:\/\/www.newmessage.org\/it\/il-messaggio\/important-terms#knowledge\">Conoscenza<\/a> \u00e8 la nostra connessione con Dio. Saranno gli individui guidati da questa Conoscenza che faranno tutta la differenza nel decidere la sorte e il futuro del nostro mondo.<\/li>\n<\/ol>\n<p>Per via di queste quattro crisi, Dio ha parlato di nuovo al mondo con un messaggio di allerta, una benedizione e una preparazione per tutte le nazioni, le trib\u00f9 e le religioni dell\u2019umanit\u00e0.<\/p>\n<p style=\"text-align: center;\"><strong><em>Il Nostro Destino<\/em><\/strong><\/p>\n<p>Il Nuovo Messaggio rivela che l\u2019umanit\u00e0 ha un destino superiore in qualit\u00e0 di razza libera e unita nel nostro mondo e nella <a href=\"https:\/\/www.newmessage.org\/it\/il-messaggio\/important-terms#gc\">Comunit\u00e0 Pi\u00f9 Grande<\/a> di vita nell\u2019universo. L\u2019umanit\u00e0 ha il potere di risolvere il conflitto e ripristinare l\u2019ambiente della Terra affinch\u00e9 essa sia la sua dimora duratura nel futuro. L\u2019umanit\u00e0 ha grandi doni e capacit\u00e0 spirituali che devono essere protetti, evocati e coltivati a livello mondiale. Questa \u00e8 l\u2019enorme opportunit\u00e0 e l\u2019enorme necessit\u00e0 di fronte a noi adesso.<\/p>\n<p>Eppure come si fa a conseguire ci\u00f2? Come fa l\u2019umanit\u00e0 ad allontanarsi dallo scellerato e disastroso percorso su cui si trova attualmente? Mentre le <a href=\"https:\/\/www.newmessage.org\/it\/il-messaggio\/important-terms#gwoc\">Grandi Onde di cambiamento<\/a> ambientale, politico ed economico minacciano gli interessi personali e la sicurezza personale di tutta la gente, cosa \u00e8 in grado di ispirare e di instillare una motivazione e un\u2019ispirazione superiore nella famiglia umana?<\/p>\n<p>Alla fine, \u00e8 La <a href=\"https:\/\/www.newmessage.org\/it\/il-messaggio\/important-terms#knowledge\">Conoscenza<\/a>, la pi\u00f9 profonda forza spirituale in tutte le persone, che pu\u00f2 ispirare le azioni e le motivazioni necessarie a ogni persona per trovare il proprio scopo superiore nella vita e in definitiva pu\u00f2 ispirare l\u2019umanit\u00e0 a scegliere unit\u00e0 e cooperazione al posto della competizione, della divisione e della guerra.<\/p>\n<p>Dio ha consegnato una Nuova Rivelazione per risvegliare questa forza spirituale in tutte le persone e per ispirare una visione e una capacit\u00e0 superiori al fine di costruire un futuro di gran lunga migliore del nostro passato. Qua, Dio lavora attraverso gli individui di tutte le nazioni e di tutte le tradizioni di fede in ogni situazione, lavorando dall\u2019interno verso l\u2019esterno<\/p>\n<p>Enorme assistenza \u00e8 adesso data al mondo da Dio e dalla <a href=\"https:\/\/www.newmessage.org\/it\/il-messaggio\/important-terms#aa\">Assemblea Angelica<\/a>, che traduce la Volont\u00e0 di Dio nel linguaggio e nella comprensione umana. L\u2019assistenza \u00e8 arrivata. Dio ha parlato di nuovo. C\u2019\u00e8 una nuova via in avanti per te e per l\u2019intero mondo.<\/p>\n<p>&nbsp;<\/p>\n","protected":false},"excerpt":{"rendered":"<p>Informazioni riguardo al Nuovo Messaggio Benvenuti al Nuovo Messaggio da Dio. Rimarcabilmente, nel tempo e nel corso di un lungo e forse misterioso viaggio nella vita, siete arrivati qua. Avete trovato il Nuovo Messaggio da Dio o forse lui ha trovato voi. Non \u00e8 un incidente che sia cos\u00ec. Dio ha parlato di nuovo. C\u2019\u00e8\u2026 <a class=\"read-more\" href=\"https:\/\/www.v6.newmessage.org\/it\/informazioni-riguardo-al-nuovo-messaggio\"><span>Read More<\/span><\/a><\/p>\n","protected":false},"author":1,"featured_media":0,"parent":0,"menu_order":9,"comment_status":"closed","ping_status":"closed","template":"template-leftsidebar.php","meta":{"_monsterinsights_skip_tracking":false,"_monsterinsights_sitenote_active":false,"_monsterinsights_sitenote_note":"","_monsterinsights_sitenote_category":0,"footnotes":""},"categories":[],"tags":[621],"_links":{"self":[{"href":"https:\/\/www.v6.newmessage.org\/it\/wp-json\/wp\/v2\/pages\/12748"}],"collection":[{"href":"https:\/\/www.v6.newmessage.org\/it\/wp-json\/wp\/v2\/pages"}],"about":[{"href":"https:\/\/www.v6.newmessage.org\/it\/wp-json\/wp\/v2\/types\/page"}],"author":[{"embeddable":true,"href":"https:\/\/www.v6.newmessage.org\/it\/wp-json\/wp\/v2\/users\/1"}],"replies":[{"embeddable":true,"href":"https:\/\/www.v6.newmessage.org\/it\/wp-json\/wp\/v2\/comments?post=12748"}],"version-history":[{"count":67,"href":"https:\/\/www.v6.newmessage.org\/it\/wp-json\/wp\/v2\/pages\/12748\/revisions"}],"predecessor-version":[{"id":27638,"href":"https:\/\/www.v6.newmessage.org\/it\/wp-json\/wp\/v2\/pages\/12748\/revisions\/27638"}],"wp:attachment":[{"href":"https:\/\/www.v6.newmessage.org\/it\/wp-json\/wp\/v2\/media?parent=12748"}],"wp:term":[{"taxonomy":"category","embeddable":true,"href":"https:\/\/www.v6.newmessage.org\/it\/wp-json\/wp\/v2\/categories?post=12748"},{"taxonomy":"post_tag","embeddable":true,"href":"https:\/\/www.v6.newmessage.org\/it\/wp-json\/wp\/v2\/tags?post=12748"}],"curies":[{"name":"wp","href":"https:\/\/api.w.org\/{rel}","templated":true}]}}