{"id":12460,"date":"2011-04-23T16:25:57","date_gmt":"2011-04-23T16:25:57","guid":{"rendered":"http:\/\/wp.www.newmessage.org\/?p=163"},"modified":"2016-07-31T13:20:04","modified_gmt":"2016-07-31T13:20:04","slug":"cosa-e-dio-2","status":"publish","type":"page","link":"https:\/\/www.v6.newmessage.org\/it\/informazioni-riguardo-al-nuovo-messaggio\/faq\/cosa-e-dio-2","title":{"rendered":"Cosa \u00e8 Dio?"},"content":{"rendered":"<p>\u201cQua non vi focalizzerete su un Dio del vostro mondo e del vostro tempo ma un Dio di tutti i mondi e tutti i tempi.\u201d<\/p>\n<p>Nel Nuovo Messaggio, Dio viene considerato nell\u2019ambito del contesto pi\u00f9 ampio dell\u2019intero Universo, anzich\u00e9 solo nell\u2019ambito di questo singolo mondo. E\u2019 il destino dell\u2019umanit\u00e0 emergere in questa Comunit\u00e0 Pi\u00f9 Grande di vita intelligente.<\/p>\n<p>In <em>Greater Community Spirituality<\/em>, il Libro di Teologia del Nuovo Messaggio, Dio viene descritto in questo modo:<\/p>\n<p>\u201cNella Comunit\u00e0 Pi\u00f9 Grande, Dio \u00e8 completo. Nel vostro mondo, Dio \u00e8 un Dio del vostro mondo, un Dio della vostra razza, un Dio della vostra storia, un Dio del vostro temperamento, un Dio delle vostre paure e delle vostre aspirazioni, un Dio dei vostri grandi eroi, un Dio delle vostre grandi tragedie, un Dio che \u00e8 collegato alla vostra trib\u00f9 e al vostro tempo. Ma nella Comunit\u00e0 Pi\u00f9 Grande, Dio \u00e8 talmente tanto pi\u00f9 grande, cos\u00ec completo\u2014al di l\u00e0 delle definizioni di qualsiasi razza, al di l\u00e0 della storia di qualsiasi razza, al di l\u00e0 del temperamento, delle paure e delle aspirazioni di qualsiasi razza, al di l\u00e0 della portata di qualsiasi filosofia individuale o collettiva. Ma allo stesso tempo, trovate Dio in un puro impulso, in un momento di riconoscimento fuori dal tempo, nel desiderio di agire al di fuori della sfera dei vostri interessi personali e delle vostre motivazioni, nel riconoscere un altro, nella motivazione di dare, nell\u2019inspiegabile esperienza dell\u2019affinit\u00e0. Queste sono cose traducibili. Questo \u00e8 Dio in azione. Per te, questo \u00e8 Dio.<\/p>\n<p>Pensate a Dio ora nella Comunit\u00e0 Pi\u00f9 Grande\u2014non un Dio umano, non un Dio della vostra storia scritta, non un Dio delle vostre prove e delle vostre tribolazioni, ma un Dio per ogni tempo, per ogni razza, per ogni dimensione, per quelli che sono primitivi e per quelli che sono avanzati, per quelli che pensano come voi e quelli che pensano molto diversamente, per quelli che credono e per quelli per i quali credere \u00e8 una cosa inesplicabile. Questo \u00e8 Dio nella Comunit\u00e0 Pi\u00f9 Grande ed \u00e8 qua che dovete iniziare.\u201d<\/p>\n<p><em>Greater Community Spirituality: A New Revelation<\/em><br \/>\nChapter 1: What is God?<\/p>\n","protected":false},"excerpt":{"rendered":"<p>\u201cQua non vi focalizzerete su un Dio del vostro mondo e del vostro tempo ma un Dio di tutti i mondi e tutti i tempi.\u201d Nel Nuovo Messaggio, Dio viene considerato nell\u2019ambito del contesto pi\u00f9 ampio dell\u2019intero Universo, anzich\u00e9 solo nell\u2019ambito di questo singolo mondo. E\u2019 il destino dell\u2019umanit\u00e0 emergere in questa Comunit\u00e0 Pi\u00f9 Grande\u2026 <a class=\"read-more\" href=\"https:\/\/www.v6.newmessage.org\/it\/informazioni-riguardo-al-nuovo-messaggio\/faq\/cosa-e-dio-2\"><span>Read More<\/span><\/a><\/p>\n","protected":false},"author":1,"featured_media":0,"parent":12778,"menu_order":3,"comment_status":"closed","ping_status":"closed","template":"template-leftsidebar.php","meta":{"_monsterinsights_skip_tracking":false,"_monsterinsights_sitenote_active":false,"_monsterinsights_sitenote_note":"","_monsterinsights_sitenote_category":0,"footnotes":""},"categories":[61],"tags":[],"_links":{"self":[{"href":"https:\/\/www.v6.newmessage.org\/it\/wp-json\/wp\/v2\/pages\/12460"}],"collection":[{"href":"https:\/\/www.v6.newmessage.org\/it\/wp-json\/wp\/v2\/pages"}],"about":[{"href":"https:\/\/www.v6.newmessage.org\/it\/wp-json\/wp\/v2\/types\/page"}],"author":[{"embeddable":true,"href":"https:\/\/www.v6.newmessage.org\/it\/wp-json\/wp\/v2\/users\/1"}],"replies":[{"embeddable":true,"href":"https:\/\/www.v6.newmessage.org\/it\/wp-json\/wp\/v2\/comments?post=12460"}],"version-history":[{"count":8,"href":"https:\/\/www.v6.newmessage.org\/it\/wp-json\/wp\/v2\/pages\/12460\/revisions"}],"predecessor-version":[{"id":27506,"href":"https:\/\/www.v6.newmessage.org\/it\/wp-json\/wp\/v2\/pages\/12460\/revisions\/27506"}],"up":[{"embeddable":true,"href":"https:\/\/www.v6.newmessage.org\/it\/wp-json\/wp\/v2\/pages\/12778"}],"wp:attachment":[{"href":"https:\/\/www.v6.newmessage.org\/it\/wp-json\/wp\/v2\/media?parent=12460"}],"wp:term":[{"taxonomy":"category","embeddable":true,"href":"https:\/\/www.v6.newmessage.org\/it\/wp-json\/wp\/v2\/categories?post=12460"},{"taxonomy":"post_tag","embeddable":true,"href":"https:\/\/www.v6.newmessage.org\/it\/wp-json\/wp\/v2\/tags?post=12460"}],"curies":[{"name":"wp","href":"https:\/\/api.w.org\/{rel}","templated":true}]}}