{"id":12310,"date":"2014-05-02T19:20:37","date_gmt":"2014-05-02T19:20:37","guid":{"rendered":"http:\/\/www.newmessage.org\/?p=12310"},"modified":"2019-03-14T05:04:20","modified_gmt":"2019-03-14T05:04:20","slug":"la-lampada","status":"publish","type":"page","link":"https:\/\/www.v6.newmessage.org\/it\/il-messaggio\/la-lampada","title":{"rendered":"La Lampada"},"content":{"rendered":"<div><!-- Version 3.1 --><\/div>\n\n<div class=\"tabgroup \"><ul class=\"tabs\"><li><a href=\"#tabs-1\">Ascolta<\/a><\/li>\n<li><a href=\"#tabs-2\">Nota<\/a><\/li><\/ul>\n <div id=\"tabs-1\"><\/p>\n<p>Ascolta la Voce della Rivelazione Originale in Inglese:<\/p>\n<div id=\"jquery_jplayer_1\" class=\"jp-jplayer\"><\/div>\n\t\t\t\t<div id=\"jp_container_1\" class=\"jp-audio\">\n\t\t\t\t<div class=\"jp-type-single\"><div class=\"jp-control\"><a href=\"javascript:;\" class=\"jp-play\" tabindex=\"1\">play<\/a><a href=\"javascript:;\" class=\"jp-pause\" tabindex=\"1\">pause<\/a><\/div> <div class=\"jp-gui jp-interface\"><div class=\"jp-volume\"><div class=\"jp-volume-bar\"><div class=\"jp-volume-bar-value\"><\/div><\/div><\/div><div class=\"jp-progress\"><div class=\"jp-seek-bar\"><div class=\"jp-play-bar\"><\/div><\/div><\/div><\/div>\t\t\t\t\t<div class=\"jp-no-solution\"><span>Update Required<\/span>To play the media you will need to either update your browser to a recent version or update your <a href=\"http:\/\/get.adobe.com\/flashplayer\/\" target=\"_blank\">Flash plugin<\/a>.<\/div><\/div><\/div>\n\t\t\t<script type='text\/javascript'>\n\t\t\t\tjQuery(document).ready(function() {\n\t\t\t\t\tif (typeof (sermonMedia) == 'function') {\n\t\t\t\t\t\tsermonMedia.addAudio('', \"jquery_jplayer_1\");\n\t\t\t\t\t}\n\t\t\t\t\tjQuery.jPlayer.timeFormat.showHour = true;\n\t\t\t\t\tjQuery(\"#jquery_jplayer_1\").jPlayer({\n\t\t\t\t\t\tready: function(event) {\n\t\t\t\t\t\t\tjQuery(this).jPlayer(\"setMedia\", {mp3: 'https:\/\/www.newmessage.org\/av\/the-lamp.mp3'});\n\t\t\t\t\t\t},\n\t\t\t\t\t\tplay: function() {\n\t\t\t\t\t\t\tjQuery(this).jPlayer(\"pauseOthers\");\n\t\t\t\t\t\t},\n\t\t\t\t\t\tswfPath: ThemeData.directory_uri+\"\/swf\",\n\t\t\t\t\t\tsolution: \"html, flash\",\n\t\t\t\t\t\tpreload: \"metadata\",\n\t\t\t\t\t\twmode: \"window\",\n\t\t\t\t\t\tsupplied: \"mp3\",\n\t\t\t\t\t\tcssSelectorAncestor: '#jp_container_1'\n\t\t\t\t\t});\n\t\t\t\t});\n\t\t\t<\/script><\/p>\n<p><a title=\"The Lamp\" href=\"https:\/\/www.newmessage.org\/av\/the-lamp.mp3\">Download<\/a> (clicca tasto destro del mouse)<\/p>\n<p><em>Come rivelato al Messaggero di Dio<br \/>\nMarshall Vian Summers<br \/>\nIl 16 Febbraio, 2014<br \/>\nin Boulder, Colorado<\/em><br \/>\n<\/div>\n<div id=\"tabs-2\"><br \/>\n<em>Nota per il Lettore:<br \/>\nQuesta traduzione \u00e8 stata fornita alla Society da uno studente del Nuovo Messaggio che si \u00e8 offerto volontario per tradurre il testo originale in Inglese. Noi rendiamo questa traduzione disponibile al mondo in questa forma iniziale affinch\u00e9 le persone abbiano la possibilit\u00e0 di interagire con una porzione del Nuovo Messaggio nella propria lingua.<\/em><br \/>\n<\/div>\n\t\t\t\t<div align=\"right\">\n\t\t\t<div class=\"fb-like\" data-href=\"\" data-layout=\"button_count\" data-action=\"like\" data-show-faces=\"false\" data-share=\"false\"><\/div>\n\t\t\t<div class=\"fb-share-button\" data-layout=\"button_count\"> <\/div>\n\t\t\t<div class=\"fb_iframe_widget\"><a href=\"https:\/\/twitter.com\/godsnewmessage?ref_src=twsrc%5Etfw\" class=\"twitter-follow-button\" data-show-count=\"false\">Follow @godsnewmessage<\/a><script async src=\"https:\/\/platform.twitter.com\/widgets.js\" charset=\"utf-8\"><\/script><\/div>\n\t\t\t<\/div> <\/div> \n\n<p>Sicuramente voi portate una grande Lampada dentro di voi, una Lampada che \u00e8 sempre in fiamma, sempre infuocata, sempre brillante, perch\u00e9 non pu\u00f2 essere spenta da nulla in questo mondo\u2014una Lampada, pura, sempre ardente, vedete, sempre accesa. Era accesa dentro di voi prima che veniste in questo mondo. Sar\u00e0 accesa quando ve ne andrete. \u00c8 la luce della vita in voi che Dio vi\u00a0ha dato da tenere per sempre.<\/p>\n<p>In questa vita temporanea, in questa visita alla Terra, la Lampada \u00e8 profonda dentro di voi\u2014dimenticata, coperta da un velo, cos\u00ec quando chiudete i vostri occhi, \u00e8 buio dentro, come se non ci fosse nulla a illuminare la vostra vita interiore. Ma il Fuoco sta tuttora bruciando dentro di voi anche se non lo sentite ancora o non lo riconoscete sufficientemente. Il Fuoco \u00e8 in voi perch\u00e9 voi siete vivi.<\/p>\n<p>Da dove viene ci\u00f2, questo essere vivi, questo Fuoco? Se fosse solo il fuoco del vostro corpo, cesserebbe quando la vostra vita finisce, ma questo Fuoco non cessa. Non si spegne con la perdita del vostro corpo, perch\u00e9 quando lasciate questo mondo, \u00e8 come se vi svegliate da un sonno molto lungo e tornate da coloro che vi hanno mandato. Poi sapete di essere stati da qualche parte e avete certe reminiscenze, ma il luogo al quale ritornate \u00e8 talmente familiare, molto pi\u00f9 familiare di qualsiasi cosa che potete ricordare qua sulla Terra.<\/p>\n<p>Perch\u00e9 la Lampada \u00e8 dentro di voi. La sua attestazione \u00e8 il fatto che siete vivi. La sua attestazione \u00e8 il fatto che siete connessi a qualcosa di gran lunga superiore a quello che i vostri sensi possono riportare. La sua attestazione \u00e8 il fatto che nel vostro profondo, siete qua per uno scopo superiore. Se la vostra vita fosse temporanea, in questo mondo, non ci sarebbe uno scopo superiore. Il vostro solo scopo sarebbe di sopravvivere, di essere a vostro agio e che certi vostri desideri e bisogni siano soddisfatti. Invece questo \u00e8 un genere diverso di scopo, avviato prima che arrivaste al mondo e sar\u00e0 recensito quando ve ne sarete andati, perch\u00e9, in verit\u00e0, quello \u00e8 l\u2019unico Giorno del Giudizio. Non vi \u00e8 condanna. C\u2019\u00e8 solo una chiarificazione per vedere se avete realizzato sufficientemente la vostra missione qua sulla Terra. Non vi \u00e8 Inferno e dannazione o punizione. Ma vi \u00e8 una perfetta comprensione di quello che \u00e8 stato conseguito e quello che non \u00e8 stato conseguito.<\/p>\n<p>Il vostro scopo superiore, allora, pu\u00f2 solo essere vero se \u00e8 stato avviato da oltre il modo. Voi non potete recensirlo. Siete nel mezzo di esso. \u00c8 come essere nel mezzo dell\u2019oceano. Be\u2019, state semplicemente trattando con tutto ci\u00f2 che vi sta intorno. Non avete raggiunto l\u2019altra sponda. State galleggiando alla deriva.<\/p>\n<p>L\u2019unica certezza che avete nella vita \u00e8 la Lampada. \u00c8 l\u2019unica cosa che non vacilla, che non cede e non \u00e8 alterabile dentro di voi. Voi non potete rivolgervi a lei per i vostri desideri o i vostri progetti. Voi non potete usarla per arricchirvi. Voi non potete usarla per fare miracoli o trucchi per fare effetto sugli altri. \u00c8 al di l\u00e0 della vostra portata in questo senso. \u00c8 la Lampada che vi deve guidare, perch\u00e9 voi non potete guidare lei. \u00c8 la Lampada che vi deve indirizzare, perch\u00e9 voi non potete indirizzare lei. \u00c8 la Lampada che vi redimer\u00e0, perch\u00e9 non vi potete redimere da soli.<\/p>\n<p>Dentro questa Lampada c\u2019\u00e8 il Fuoco della Conoscenza\u2014la mente profonda, la parte di voi che non ha mai lasciato Dio ed \u00e8 ancora connessa alla Creazione al di l\u00e0 dell\u2019orizzonte visibile. Che siate religiosi o non-religiosi. Che crediate o non crediate. Conta solo se sarete capaci di riconoscere la forza che vive dentro di voi e di seguire questa forza, di consentirle di rimodellare la vostra vita e le sue priorit\u00e0, di consentirle di liberarvi dalle ombre della schiavit\u00f9 e i vincoli del passato, di consentirle di aprire davanti a voi una via verso una nuova vita.<\/p>\n<p>\u00c8 appena qua che incominciate a vedere che chi siete non \u00e8 la vostra mente o il vostro intelletto e che le vostre idee o sono al vostro servizio oppure no, perch\u00e9 loro sono un mezzo per un fine superiore. Qua potete vedere che siete qualcosa di molto pi\u00f9 profondo, pi\u00f9 potente, pi\u00f9 autentico e pi\u00f9 puro.<\/p>\n<p>La gente vive nei propri pensieri perch\u00e9 vive in separazione, perch\u00e9 come si pu\u00f2 non sentire la Lampada? Come si fa ad essere, apparentemente, divorziati da ci\u00f2? Come pu\u00f2 essere che siete estraniati da voi stessi, vivendo nella vostra mente, nei vostri pensieri, nei vostri progetti, nelle vostre reminiscenze, nei vostri desideri, nelle vostre fantasie, nelle vostre proiezioni\u2014intanto che tutto vi consuma ogni minuto del giorno mentre rimanete indaffarati e talmente presi da non avere un momento per riflettere?<\/p>\n<p>La Lampada sta aspettando, vedete, aspettando che voi andiate da lei, non con pretese o schemi o progetti, ma con un puro bisogno di essa e con il riconoscimento del fatto che non vi potete realizzare da soli, a prescindere da quello che acquisite o da quale vantaggio siete in grado di ottenere. La Lampada sta solo aspettando.<\/p>\n<p>Potete pregare Dio per molte cose\u2014sempre a chiedere, sempre a volere, sempre ad avere bisogno\u2014ma Dio vi ha gi\u00e0 dato tutto, in verit\u00e0. Dio vi ha dato la Lampada. \u00c8 la Lampada che vi indirizzer\u00e0, che vi terr\u00e0 indietro da cose che per voi sarebbero dannose o impedirebbero il vostro progresso. \u00c8 la Lampada che chiamer\u00e0 certe persone a voi e vi porter\u00e0 via da altre. \u00c8 solo la Lampada a poter fare questo. In confronto a ci\u00f2, le vostre convinzioni, anche i vostri valori apparentemente pi\u00f9 alti, sono solo ombre, perch\u00e9 la vera potenza della rivelazione sta dentro di voi perch\u00e9 Dio la ha messa l\u00e0.<\/p>\n<p>Potete solo ritardare. Potete solo evitare. Potete solo essere persi nel mondo con i vostri interminabili progetti di realizzazione, ma la cosa che pu\u00f2 veramente ristorarvi e redimervi sta aspettando che voi andiate da lei, con umilt\u00e0, pazienza e determinazione.<\/p>\n<p>La Lampada \u00e8 il simbolo di speranza e promessa. \u00c8 il simbolo della perpetua natura di Dio. \u00c8 anche quelle cose che la gente potrebbe venerare come un simbolo o un idolo. Ma il suo vero significato e la sua efficacia risiedono dentro di voi, perch\u00e9 la Lampada non \u00e8 un oggetto che potreste lodare o venerare. Non \u00e8 un qualche pegno religioso, rivendicato da una fede sola. \u00c8 la Lampada che vive dentro ogni persona\u2014che sta aspettando che loro vengano, aspettando che loro ritornino, aspettando che loro cerchino quello che da solo pu\u00f2 ristorarli e dare loro potenza, umilt\u00e0 e misericordia.<\/p>\n<p>Il mondo \u00e8 in fiamme. Sta bruciando sempre di pi\u00f9 ogni giorno che passa. Le Grandi Onde del cambiamento stanno arrivando ora, colpendo qua, l\u00e0 e ancora l\u00e0 e vanno avanti. \u00c8 incessante, ma \u00e8 solo l\u2019inizio di un grande cambiamento. Le persone saranno attonite. Saranno in diniego. Scapperanno. Fingeranno. Emerger\u00e0 ogni genere di scempiaggine. Dichiareranno che tutto pu\u00f2 essere risolto da cose semplici\u2014dalla tecnologia o da qualche altra forza. Loro non hanno ancora il coraggio di affrontare quello che sta arrivando perch\u00e9 loro non hanno la Lampada.<\/p>\n<p>Senza la Lampada, il vostro coraggio \u00e8 dissennato, se esiste affatto. Potreste pensare che coraggio significhi gettare via la vostra vita per qualche mira politica o qualche causa nobile di natura distruttiva. Il vero coraggio, per\u00f2, sta nel guardare e vedere cosa \u00e8 ci\u00f2 che sta arrivando ed \u00e8 la Lampada che vi d\u00e0 questa forza. Qua aspettate che la comprensione cresca, anzich\u00e9 dichiarare di averne\u2014basata su deboli supposizioni e sciocche nozioni che in verit\u00e0 non sono mai state esaminate.<\/p>\n<p>Senza la Lampada, le persone sono deboli. Sono sciocche. Sono semplicistiche. Si aggrappano a certe idee perch\u00e9 non hanno ancora la forza, il coraggio o la fermezza per affrontare qualcosa di veramente grosso e significativo che spazzer\u00e0 l\u2019intero mondo, che cambier\u00e0 il vostro mondo e lo sta cambiando anche in questo preciso momento.<\/p>\n<p>L\u2019umanit\u00e0 sta affrontando un\u2019intromissione da parte di razze nell\u2019universo che sono qua per approfittare delle debolezze umane, delle aspettative umane e del conflitto. Senza la Lampada, per\u00f2, neanche questo siete in grado di affrontare. Fingerete che non stia succedendo, o se non sarete pi\u00f9 in grado di fingere in merito a ci\u00f2, fingerete che sia tutto per il bene, che l\u2019universo \u00e8 particolarmente interessato al benessere umano. Fingerete qua e fingerete l\u00e0 perch\u00e9 non avrete ancora la forza di affrontare questo, [che \u00e8] l\u2019altro enorme evento che sta succedendo nel mondo, che rimodeller\u00e0 il futuro dell\u2019umanit\u00e0 e lo sta facendo anche in questo momento.<\/p>\n<p>Senza la Lampada, \u00e8 pure difficile distinguere la verit\u00e0 circa la vostra stessa vita e le vostre circostanze e riconsiderare se state vivendo la vita che dovevate veramente vivere. La risposta a ci\u00f2 vive dentro di voi in questo momento, ma chi ha il coraggio di considerare ci\u00f2 e di affrontarlo e tenerlo vicino fino a quando una via si pu\u00f2 aprire, una via di risoluzione?<\/p>\n<p>Voi non potete rivendicare la Lampada ed utilizzarla per trarne profitto, perch\u00e9 \u00e8 pi\u00f9 grande di voi, pi\u00f9 grande di quello che pensate di essere e pi\u00f9 grande di qualsiasi cosa in cui nella vita avete investito, pi\u00f9 grande di qualsiasi cosa che avete mai acquisito per voi stessi. Potete venire a lei solo con un onesto appello. Qua dovete essere disponibili a ricevere il suo consiglio e seguire la sua raccomandazione, che in questo momento vi \u00e8 ancora sconosciuta. \u00c8 questa umilt\u00e0 e questa disponibilit\u00e0 che manda un messaggio in Cielo che dice che siete pronti a iniziare il ritorno. Pronti ora a iniziare l\u2019approccio a una nuova vita e attraversare il ponte su cui dovrete camminare, passo per passo, per raggiungere questa nuova vita, per viverla con successo.<\/p>\n<p>In questo momento, potete addirittura immaginare che ci sia una lampada che brucia dentro di voi ed \u00e8 salubre per voi fare ci\u00f2. Non \u00e8 qualcosa che potete associare ad altre cose, altre religioni, altre idee, perch\u00e9 \u00e8 puramente ci\u00f2 che \u00e8. Potreste immaginare che sia una lampada, per come concepite che una lampada sia. Quello vi pu\u00f2 essere d\u2019aiuto ora, per espandere la vostra mente, per darvi il conforto e la rassicurazione che non siete persi in questo mondo, che la vostra vita non sia stata sprecata su cose sfortunate o prive di significato, che una Forza Superiore vi aspetta, una volta che siete pronti all\u2019approccio.<\/p>\n<p>Senza la Lampada, le persone cercano di avere solo cose di valore, anche cose che sono nobili, anche cose di cui si predica in grandi sermoni e discorsi nella religione\u2014verit\u00e0, fede, amore, altruismo, coraggio, devozione, perdono e tutte le cose che sono associate a queste cose, che sono tenute alte nella stima di molta gente, in tutte le tradizioni di fede. Ma senza la Lampada, in verit\u00e0 non avete la forza di conseguire e di sostenere tali cose in modo onesto ed efficace. Perch\u00e9 non potete fingere di avere queste qualit\u00e0, perch\u00e9 sicuramente vi verrebbero a mancare in tempi di pressione o di sfida. Ma quello che vive dentro di voi accorpa queste cose ed \u00e8 la fonte della loro vera espressione. Voi non potete fabbricarle o crearle se non cos\u00ec, altrimenti, vedete, sarebbe veramente qualcosa di molto immaginario. Che non \u00e8 il centro della vostra vita. Che non \u00e8 il pozzo del vostro Essere. Che non ha il potere del cielo dentro s\u00e9.<\/p>\n<p>La Lampada \u00e8 come la grande quercia sul versante della montagna, che resiste a tutto\u2014tutto il maltempo, il clima, le catastrofi. Ma \u00e8 anche pi\u00f9 grande di questo, vedete, perch\u00e9 la quercia morir\u00e0, prima o poi. Soccomber\u00e0 a qualcosa, prima o poi\u2014schiacciata dall\u2019ambiente, dalla malattia o dalla vecchiaia. Ma la Lampada non invecchia mai. Non pu\u00f2 essere spenta.<\/p>\n<p>Questa allora deve diventare la vostra fondazione. \u00c8 pi\u00f9 di un\u2019idea o di un\u2019immagine. \u00c8 un\u2019esperienza che echeggia dentro di voi. Con questo potete affrontare le Grandi Onde del cambiamento ed essere indirizzati nel come prepararvi, come creare stabilit\u00e0 non solo per voi stessi e i vostri cari, ma per essere una fonte di forza e direzione per altri. Con questo, potete affrontare un universo colmo di vita intelligente e ricevere la Rivelazione di Dio, che per la prima volta nella storia rivela come \u00e8 veramente la vita nell\u2019universo, nella vostra parte dell\u2019universo e rivela quello che dovete sapere per essere in grado di prepararvi per esso e per capire.<\/p>\n<p>Con ci\u00f2, voi vedrete il limite delle vostre idee o le vostre convinzioni e vedrete con maggiore chiarezza come gli altri sono cos\u00ec profondamente associati a queste cose, ma che non hanno una vera forza, vera potenza, che sta alla base di ci\u00f2. Non vi \u00e8 fondazione. Voi vedrete tante cose con misericordia. Vedrete La Conoscenza in altri. Vedrete il bisogno di Conoscenza dappertutto e tutte le Nostre parole finalmente avranno perfettamente senso per voi, perch\u00e9 vedrete dappertutto che sono vere.<\/p>\n<p>Dio ha conferito i Passi Verso la Conoscenza per portarvi alla Lampada. Sta aspettando voi. Diventer\u00e0 una relazione molto importante, perch\u00e9 tutte le relazioni nella vita hanno lo scopo di conseguire certe cose. La vostra relazione con il percorso ha lo scopo di conseguire certe cose. Dio sa che senza la Lampada, non avrete la forza o la chiarezza per capire e per procedere. Diventerete persi nel mondo, vittime delle circostanze, vittime delle vostre decisioni prive di saggezza o delle decisioni prive di saggezza degli altri, presi, come se foste in una inondazione, mentre vi alzate e ricadete nella tempesta del mare, nella vostra piccola imbarcazione.<\/p>\n<p>Non \u00e8 quello il vostro scopo e destino. Non \u00e8 per quello che siete venuti. Ma per superare queste cose, avrete bisogno di questa forza superiore. Avrete bisogno della vostra connessione con il Cielo. Che voi apparteniate a una qualsiasi tradizione di fede o a nessuna tradizione di fede, fa lo stesso. \u00c8 perch\u00e9 la Lampada \u00e8 dentro di voi. Quella \u00e8 la cosa pi\u00f9 importante.<\/p>\n<p>&nbsp;<\/p>\n","protected":false},"excerpt":{"rendered":"<p>Sicuramente voi portate una grande Lampada dentro di voi, una Lampada che \u00e8 sempre in fiamma, sempre infuocata, sempre brillante, perch\u00e9 non pu\u00f2 essere spenta da nulla in questo mondo\u2014una Lampada, pura, sempre ardente, vedete, sempre accesa. Era accesa dentro di voi prima che veniste in questo mondo. Sar\u00e0 accesa quando ve ne andrete. \u00c8\u2026 <a class=\"read-more\" href=\"https:\/\/www.v6.newmessage.org\/it\/about-recording-shortcode\"><span>Read More<\/span><\/a><\/p>\n","protected":false},"author":1,"featured_media":0,"parent":15090,"menu_order":5,"comment_status":"closed","ping_status":"closed","template":"template-leftsidebar.php","meta":{"_monsterinsights_skip_tracking":false,"_monsterinsights_sitenote_active":false,"_monsterinsights_sitenote_note":"","_monsterinsights_sitenote_category":0,"footnotes":""},"categories":[501,117,76,30],"tags":[749,740,745,750,776,743,748,741,746,744,747,742],"_links":{"self":[{"href":"https:\/\/www.v6.newmessage.org\/it\/wp-json\/wp\/v2\/pages\/12310"}],"collection":[{"href":"https:\/\/www.v6.newmessage.org\/it\/wp-json\/wp\/v2\/pages"}],"about":[{"href":"https:\/\/www.v6.newmessage.org\/it\/wp-json\/wp\/v2\/types\/page"}],"author":[{"embeddable":true,"href":"https:\/\/www.v6.newmessage.org\/it\/wp-json\/wp\/v2\/users\/1"}],"replies":[{"embeddable":true,"href":"https:\/\/www.v6.newmessage.org\/it\/wp-json\/wp\/v2\/comments?post=12310"}],"version-history":[{"count":11,"href":"https:\/\/www.v6.newmessage.org\/it\/wp-json\/wp\/v2\/pages\/12310\/revisions"}],"predecessor-version":[{"id":28197,"href":"https:\/\/www.v6.newmessage.org\/it\/wp-json\/wp\/v2\/pages\/12310\/revisions\/28197"}],"up":[{"embeddable":true,"href":"https:\/\/www.v6.newmessage.org\/it\/wp-json\/wp\/v2\/pages\/15090"}],"wp:attachment":[{"href":"https:\/\/www.v6.newmessage.org\/it\/wp-json\/wp\/v2\/media?parent=12310"}],"wp:term":[{"taxonomy":"category","embeddable":true,"href":"https:\/\/www.v6.newmessage.org\/it\/wp-json\/wp\/v2\/categories?post=12310"},{"taxonomy":"post_tag","embeddable":true,"href":"https:\/\/www.v6.newmessage.org\/it\/wp-json\/wp\/v2\/tags?post=12310"}],"curies":[{"name":"wp","href":"https:\/\/api.w.org\/{rel}","templated":true}]}}