{"id":12133,"date":"2014-03-31T21:32:58","date_gmt":"2014-03-31T21:32:58","guid":{"rendered":"http:\/\/www.newmessage.org\/?p=12133"},"modified":"2019-03-14T05:33:21","modified_gmt":"2019-03-14T05:33:21","slug":"il-viaggio","status":"publish","type":"page","link":"https:\/\/www.v6.newmessage.org\/it\/il-messaggio\/volume-1\/la-nuova-vita\/il-viaggio","title":{"rendered":"Il Viaggio verso una Nuova Vita"},"content":{"rendered":"<div><!-- Version 3.2 Verse --><\/div>\n\n<div class=\"tabgroup \"><ul class=\"tabs\"><li><a href=\"#tabs-1\">Ascolta<\/a><\/li>\n<li><a href=\"#tabs-2\">Nota<\/a><\/li><\/ul>\n <div id=\"tabs-1\"><\/p>\n<p>Ascolta la Voce della Rivelazione Originale in Inglese:<\/p>\n<div id=\"jquery_jplayer_1\" class=\"jp-jplayer\"><\/div>\n\t\t\t\t<div id=\"jp_container_1\" class=\"jp-audio\">\n\t\t\t\t<div class=\"jp-type-single\"><div class=\"jp-control\"><a href=\"javascript:;\" class=\"jp-play\" tabindex=\"1\">play<\/a><a href=\"javascript:;\" class=\"jp-pause\" tabindex=\"1\">pause<\/a><\/div> <div class=\"jp-gui jp-interface\"><div class=\"jp-volume\"><div class=\"jp-volume-bar\"><div class=\"jp-volume-bar-value\"><\/div><\/div><\/div><div class=\"jp-progress\"><div class=\"jp-seek-bar\"><div class=\"jp-play-bar\"><\/div><\/div><\/div><\/div>\t\t\t\t\t<div class=\"jp-no-solution\"><span>Update Required<\/span>To play the media you will need to either update your browser to a recent version or update your <a href=\"http:\/\/get.adobe.com\/flashplayer\/\" target=\"_blank\">Flash plugin<\/a>.<\/div><\/div><\/div>\n\t\t\t<script type='text\/javascript'>\n\t\t\t\tjQuery(document).ready(function() {\n\t\t\t\t\tif (typeof (sermonMedia) == 'function') {\n\t\t\t\t\t\tsermonMedia.addAudio('', \"jquery_jplayer_1\");\n\t\t\t\t\t}\n\t\t\t\t\tjQuery.jPlayer.timeFormat.showHour = true;\n\t\t\t\t\tjQuery(\"#jquery_jplayer_1\").jPlayer({\n\t\t\t\t\t\tready: function(event) {\n\t\t\t\t\t\t\tjQuery(this).jPlayer(\"setMedia\", {mp3: 'https:\/\/www.newmessage.org\/av\/the-journey.mp3'});\n\t\t\t\t\t\t},\n\t\t\t\t\t\tplay: function() {\n\t\t\t\t\t\t\tjQuery(this).jPlayer(\"pauseOthers\");\n\t\t\t\t\t\t},\n\t\t\t\t\t\tswfPath: ThemeData.directory_uri+\"\/swf\",\n\t\t\t\t\t\tsolution: \"html, flash\",\n\t\t\t\t\t\tpreload: \"metadata\",\n\t\t\t\t\t\twmode: \"window\",\n\t\t\t\t\t\tsupplied: \"mp3\",\n\t\t\t\t\t\tcssSelectorAncestor: '#jp_container_1'\n\t\t\t\t\t});\n\t\t\t\t});\n\t\t\t<\/script><\/p>\n<p><a title=\"The Journey\" href=\"https:\/\/www.newmessage.org\/av\/the-journey.mp3\">Download<\/a> (clicca tasto destro del mouse)<\/p>\n<p><em>Rivelato al Messaggero di Dio<br \/>\nMarshall Vian Summers<br \/>\nIl 21 Dicembre, 2012<br \/>\nin Boulder, Colorado<\/em><\/p>\n<div class=\"toggle toggle-white\"><h4 class=\"trigger \"><span class=\"t_ico\"><\/span><a href=\"#\">Note riguardo a questa registrazione<\/a><\/h4><div class=\"toggle_container \"><br \/>\n<p>Quella che state sentendo in questa registrazione \u00e8 la voce della <u>Assemblea <\/u>Angelica che sta parlando tramite il <u>Messaggero <\/u>Marshall Vian Summers.<\/p>\n<p>Qua, la comunicazione originale di Dio, che esiste al di l\u00e0 delle parole, \u00e8 tradotta nel linguaggio e nella comprensione umana dall\u2019Assemblea Angelica che veglia sul mondo. Poi l\u2019Assemblea consegna il Messaggio di Dio tramite il Messaggero.<\/p>\n<p>In questo notevole processo, la Voce della Rivelazione sta parlando di nuovo. La Parola e il suono della Voce sono nel mondo. Per la prima volta nella storia, la registrazione dell\u2019originale rivelazione parlata \u00e8 disponibile affinch\u00e9 voi e il mondo la possiate sentire.<\/p>\n<p>Possiate voi essere i destinatari di questo dono di Rivelazione e possiate essere aperti a ricevere il suo Messaggio unico per voi e per la vostra vita.<\/p>\n<br \/>\n<\/div><\/div>\n<p><\/div>\n<div id=\"tabs-2\"><br \/>\n<em>Nota per il Lettore:<br \/>\nQuesta traduzione \u00e8 stata fornita alla Society da uno studente del Nuovo Messaggio che si \u00e8 offerto volontario per tradurre il testo originale in Inglese. Noi rendiamo questa traduzione disponibile al mondo in questa forma iniziale affinch\u00e9 le persone abbiano la possibilit\u00e0 di interagire con una porzione del Nuovo Messaggio nella propria lingua.<\/em><br \/>\n<\/div>\n\t\t\t\t<div align=\"right\">\n\t\t\t<div class=\"fb-like\" data-href=\"\" data-layout=\"button_count\" data-action=\"like\" data-show-faces=\"false\" data-share=\"false\"><\/div>\n\t\t\t<div class=\"fb-share-button\" data-layout=\"button_count\"> <\/div>\n\t\t\t<div class=\"fb_iframe_widget\"><a href=\"https:\/\/twitter.com\/godsnewmessage?ref_src=twsrc%5Etfw\" class=\"twitter-follow-button\" data-show-count=\"false\">Follow @godsnewmessage<\/a><script async src=\"https:\/\/platform.twitter.com\/widgets.js\" charset=\"utf-8\"><\/script><\/div>\n\t\t\t<\/div> <\/div> \n\n<p>La vita ricomincia con la Nuova Rivelazione. \u00c8 come un nuovo contratto con la vita. \u00c8 una nuova promessa. \u00c8 una Nuova Rivelazione da Dio, data con il Grande Amore del Creatore, data adesso con una profonda misericordia per il dilemma, le difficolt\u00e0, la storia travagliata e le tendenze distruttive, e via dicendo, dell\u2019umanit\u00e0.<\/p>\n<p>\u00c8 come avere un nuovo inizio per ogni persona in grado di rispondere e per il mondo, che ora \u00e8 stato ancora una volta toccato dalla mano e dall\u2019Amore del Creatore.<\/p>\n<p>Questo innesca un viaggio, che sar\u00e0 iniziato da coloro che sanno rispondere alla Nuova Rivelazione, che sanno ricevere la sua istruzione e che possono iniziare a imparare ci\u00f2 che essa ha da insegnare ed a condividere in via naturale questa saggezza con altri.<\/p>\n<p>Questo non \u00e8 semplicemente inteso come una filosofia, su cui si possa speculare e dibattere nei corridoi accademici o nei caff\u00e8 e nei ristoranti intorno al mondo. Le persone che lo fanno non stanno rispondendo alla Rivelazione\u2014non profondamente, non onestamente, non con il cuore.<\/p>\n<p>La riconciliazione con il Creatore \u00e8 un viaggio, vedete\u2014\u00e8 intraprendere i Passi verso La Conoscenza, iniziare a portare la propria vita nell\u2019ordine e nella chiarezza, risolvere i dilemmi e i rancori del passato, partendo per un corso nuovo con una grande Rivelazione che ti guida, ti istruisce e ti protegge.<\/p>\n<p>\u00c8 come ricevere il dono di una nuova vita per chi lo sa ricevere ed anche per chi avr\u00e0 un beneficio da coloro che lo sanno ricevere. Perch\u00e9 il dono riverbera da mente a mente ed \u00e8 dimostrato da coloro che stanno iniziando a rispondere.<\/p>\n<p>\u00c8 una grande speranza in un mondo che diventa buio. \u00c8 una grande promessa per l\u2019umanit\u00e0 che sta perdendo la sua speranza e la sua fiducia in se stessa.<\/p>\n<p>Il Messaggero \u00e8 nel mondo. Lui \u00e8 qua oggi. Ma lui \u00e8 un uomo anziano, e negli anni che gli rimangono sulla Terra, lui proclamer\u00e0 il Nuovo Messaggio al fine di portarlo alla gente affinch\u00e9 possano sentire e capire.<\/p>\n<p>Lui parler\u00e0 della grande speranza per l\u2019umanit\u00e0. Lui parler\u00e0 delle grandi sfide per l\u2019umanit\u00e0. Lui parler\u00e0 della potenza e della presenza della Conoscenza che vive in ogni persona, che \u00e8 il pi\u00f9 grande e potente dono di Dio, che attende di essere scoperto. Lui parler\u00e0 di intraprendere i Passi verso La Conoscenza. Lui parler\u00e0 di come rimettere la vita in ordine e ri-stabilire l\u2019integrit\u00e0 e la certezza interiore nelle persone. Lui parler\u00e0 di prepararsi per un nuovo mondo\u2014un mondo di instabilit\u00e0 ambientale, economica e politica. Lui parler\u00e0 di seguire quello che \u00e8 potente e che non ha paura, che \u00e8 il grande dono.<\/p>\n<p>Lui parler\u00e0 di queste cose, vedete, per dare sicurezza alla gente e mostrare la via. Perch\u00e9 questa non \u00e8 solo una promessa, vedete. Questo non \u00e8 solo un pio desiderio, perch\u00e9 lui ha la preparazione, perch\u00e9 fa parte della Nuova Rivelazione di Dio. Parla del Dio rivelato, svelato\u2014il Dio della Comunit\u00e0 Pi\u00f9 Grande; il Dio della tua vita; il Dio del tuo cuore; il Dio della tua memoria, profonda memoria; un Dio della tua Antica Casa; un Dio del tuo futuro superiore; un Dio della tua redenzione; un Dio della tua origine; un Dio che ti ha mandato nel mondo per uno scopo superiore, che devi ancora scoprire, ma che ti attende. Adesso hai la grande speranza e la grande opportunit\u00e0 di scoprire questo e di intraprendere i passi, i grandi passi, verso la sua realizzazione e compimento.<\/p>\n<p>Con questo, non siete pi\u00f9 persi nel mondo. \u00c8 come essere un pesce preso nell\u2019oceano. Vieni recuperato dalla Grande Attrazione del Divino, e dalla potenza della Conoscenza dentro di te, che risponde solo a questo, perch\u00e9 questa forza superiore non ha altro impegno fuorch\u00e9 quello verso la sua Fonte.<\/p>\n<p>Questa \u00e8 la tua speranza di redenzione. A prescindere da quanto difficile o infelice la tua vita sia diventata, a prescindere da quello che hai fatto in passato, a prescindere da quanti rammarichi potresti avere, questa \u00e8 la tua redenzione. Perch\u00e9 La Conoscenza dentro di te \u00e8 incontaminata dal mondo e incontaminata dalla tua stessa errata comprensione e confusione. Rimane pura dentro di te.<\/p>\n<p>Questo significa che Dio \u00e8 incontaminato dalla storia del mondo e dalla storia della religione. Quello che \u00e8 puro dentro di te \u00e8 incontaminato da tutto quello che \u00e8 trapelato\u2014dalla storia infelice dell\u2019umanit\u00e0 e dalla tua storia infelice.<\/p>\n<p>Dio \u00e8 sentito di nuovo, come un nuovo Dio\u2014nuovo per te, ma senza tempo e immutevole.<\/p>\n<p>Tu cominci il viaggio di molti passi. Cominci a imparare a dirigere la tua mente anzich\u00e9 essere diretto da lei. Impari a prendere decisioni vere con la certezza della Conoscenza. Impari a liberarti da certe situazioni ed obblighi che non rappresentano il tuo destino o il tuo scopo superiore qua.<\/p>\n<p>Molto prima che questo scopo superiore sia realizzato, intraprenderai questi passi per liberarti, per riconquistare la tua vita persa, per recuperare la tua forza e la tua sicurezza in te. Perch\u00e9 il tuo scopo superiore non \u00e8 semplicemente una grande definizione. \u00c8 un destino. Ma per muoverti nella direzione del tuo destino, devi essere sufficientemente libero dal passato al fine di poterti muovere avanti con una maggiore ispirazione. Cos\u00ec inizi il viaggio.<\/p>\n<p>Anche se tutti devono imparare certe cose, il viaggio di ogni persona \u00e8 unico sulla base della sua situazione, la sua natura, la sua storia e le sue circostanze. Ogni viaggio \u00e8 unico in tal senso, ma tutti stanno imparando le stesse cose e diventando liberi dalle stesse cose.<\/p>\n<p>Voi non siete persi nella Separazione nel vostro ritorno a Dio. Sta iniziando adesso [Dio] a riunirvi ad altri in un modo profondo e significativo. \u00c8 qua che emergeranno le vostre relazioni del destino. \u00c8 qua che troverete i vostri veri compagni, non sulla base della vostra familiarit\u00e0 o della vostra personalit\u00e0, ma su una risonanza pi\u00f9 profonda dove vi potete aiutare a vicenda in questo viaggio, e lo state intraprendendo insieme questo viaggio. Anche se \u00e8 misterioso e al di l\u00e0 del regno e della portata dell\u2019intelletto, vi supportate a vicenda facendo quello che non \u00e8 stato fatto prima ed avendo il coraggio e la sicurezza in voi stessi per imbarcarvi in una nuova avventura nella vita.<\/p>\n<p>Qua le vostre relazioni superiori emergeranno. Qua le vostre forze superiori si rinnoveranno. Qua imparerete a vedere il mondo con misericordia e oggettivit\u00e0 anzich\u00e9 con paura, con angoscia e biasimo.<\/p>\n<p>Qua guarderete il vostro passato, a prescindere da quanto travagliato possa essere stato, per ottenere da esso tutta la saggezza che vi pu\u00f2 fornire, perch\u00e9 vi sta insegnando cosa significa vivere una vita senza La Conoscenza, una vita senza scopo, una vita senza una vera direzione. Adesso vi pu\u00f2 servire se riuscite a utilizzarlo concretamente. \u00c8 la dimostrazione del fatto che dovete rispondere al richiamo profondo della vostra vita, che dovete riconoscere che il nuovo Dio, che \u00e8 il vecchio Dio svelato, e rispondere a quello che Dio ha messo dentro di voi da seguire e da sentire.<\/p>\n<p>Qua vi imbarcate per risolvere i dilemmi della vostra vita al fine di poter riconquistare la vostra forza, che prima era persa\u2014persa nella gente e nelle circostanze, persa nelle imprese prive di speranza e di significato, persa nel rancore e nel biasimo in voi stessi e negli altri.<\/p>\n<p>Adesso iniziate a riconquistare questa potenza perduta, questa parte perduta della vostra vita, perch\u00e9 avrete bisogno di questa forza in futuro per affrontare un nuovo mondo di maggiore cambiamento e incertezza. Avrete bisogno di questa forza per superare la vostra stessa paura e debolezza, che vi hanno tormentato e disabilitato in precedenza.<\/p>\n<p>Perch\u00e9 adesso, siete in viaggio. Conoscete questo viaggio solo perch\u00e9 lo sentite, perch\u00e9 qualcosa dentro di voi nel profondo si sta muovendo. Questo \u00e8 il primo inizio della vostra rivelazione personale, che si sveler\u00e0 incrementalmente mentre procedete, e finch\u00e9 procederete, continuer\u00e0. Finch\u00e9 continuerete a intraprendere i passi, salirete su questa montagna. Troverete la vostra strada. Scioglierete i vincoli che vi trattenevano e che vi tenevano nelle valli in basso. Vedrete quali decisioni devono essere prese e come guardare le delusioni e i rimpianti del passato.<\/p>\n<p>Non lo capirete questo viaggio, perch\u00e9 \u00e8 al di l\u00e0 della portata della vostra comprensione. Ma lo percepirete. Lo sentirete. E, in certi momenti, riconoscerete la sua assoluta necessit\u00e0 per la vostra vita. In altri momenti, dovrete aggrapparvi a questa sensazione e trovare altri che vi possano assistere nel farlo. Questo \u00e8 il naturale ritorno a quello che \u00e8 grande dentro di voi.<\/p>\n<p>Qua Dio non ti sta chiamando fuori dal mondo, ma ti chiama affinch\u00e9 tu sia nel mondo in un modo interamente nuovo\u2014non come una persona debole, patetica; non come un seguace stupido della tua cultura e della tua religione; non come qualcuno che \u00e8 catturato per lavorare e andare in guerra, ma come qualcuno che fu mandato nel mondo con uno scopo superiore\u2014come un contributore, come qualcuno che pu\u00f2 portare ad altri quello che loro non sanno dare a se stessi e portare risoluzione e forza in un modo unico nella vita delle persone intorno a te.<\/p>\n<p>Il bisogno \u00e8 cos\u00ec enorme e sta crescendo ogni giorno. La sofferenza e la miseria e la privazione umana stanno crescendo ogni giorno. Il rischio di guerra tra gruppi e nazioni per le rimanenti risorse sta crescendo ogni giorno. Allora l\u2019appello per la redenzione \u00e8 potente e deve essere fatto squillare nuovamente in tutto il mondo, attraverso una Nuova Rivelazione da Dio.<\/p>\n<p>Tu che stai sentendo questo e che stai leggendo questo sei tra i primi a rispondere. \u00c8 un richiamo che viene dalla Fonte della tua vita, parlando a quella parte di te, quella parte pi\u00f9 profonda di te. \u00c8 questo quello che ti dar\u00e0 la forza di rispondere, di attraversare periodi di incertezza, di risolvere quello che prima sembrava irrisolvibile e di liberarti da quello da cui non ti potevi liberare prima. Perch\u00e9 tu sei in viaggio adesso, vedi, un viaggio di molti passi.<\/p>\n<p>La Conoscenza conosce la via. Ma il tuo intelletto dovr\u00e0 seguire, perch\u00e9 \u00e8 designato a servire la forza superiore dentro di te, perch\u00e9 da solo non pu\u00f2 essere questa forza. Dio ti sta chiamando affinch\u00e9 tu risponda. Nel tuo cuore, tu risponderai.<\/p>\n<p>Qua imparerai riguardo alla vita nell\u2019universo. Qua imparerai riguardo all\u2019origine dell\u2019universo. Qua imparerai riguardo al miracolo della Creazione. Qua otterrai una comprensione interamente nuova dell\u2019evoluzione dell\u2019umanit\u00e0 nell\u2019ambito di una pi\u00f9 grande arena di vita nell\u2019universo.<\/p>\n<p>Qua scoprirai cose che non furono mai insegnate o rivelate in precedenza all\u2019umanit\u00e0, all\u2019infuori di certi saggi e certi individui scelti. Qua otterrai una pi\u00f9 grande formazione riguardo al destino dell\u2019umanit\u00e0 e a quello che sar\u00e0 necessario al fine di liberare l\u2019umanit\u00e0 in un universo dove la libert\u00e0 \u00e8 rara e dove c\u2019\u00e8 molta competizione per il potere.<\/p>\n<p>Qua imparerai cose che sono al di l\u00e0 dei tuoi interessi personali. Qua scoprirai che stai vivendo in un momento cardine nella storia umana\u2014una grande svolta, un tempo di enormi sfide e difficolt\u00e0, ma anche un tempo di grande speranza per un\u2019umanit\u00e0 che sta lottando. Qua guarderai al di l\u00e0 delle tue paure e delle tue precedenti ossessioni. Qua vedrai al di l\u00e0 delle tue precedenti idee. Qua avrai una finestra rivolta a una vita superiore e un destino superiore, che ti possono essere rivelati solo attraverso una Rivelazione da Dio.<\/p>\n<p>Questa Rivelazione adesso \u00e8 data a tutta l\u2019umanit\u00e0. Non \u00e8 qualcosa che \u00e8 semplicemente impartita a una o due persone. \u00c8 donata perch\u00e9 il Messaggero \u00e8 nel mondo, e Dio ha parlato di nuovo per dare all\u2019umanit\u00e0 una pi\u00f9 grande comprensione della sua realt\u00e0, della sua speranza superiore e delle sfide che deve affrontare e superare.<\/p>\n<p>Questo \u00e8 il viaggio per tutta l\u2019umanit\u00e0. Ma questo \u00e8 anche il tuo viaggio. Perch\u00e9 tu non hai un viaggio all\u2019infuori di questo. La tua parte sar\u00e0 una piccola parte ma una grande e importante parte, una parte che ha il potere di redimerti e di rigenerarti, di darti dignit\u00e0 e scopo e un vero senso della tua ricchezza e delle tue capacit\u00e0 superiori.<\/p>\n<p>\u00c8 cos\u00ec che Dio ti rinnova e ti rigenera. Non \u00e8 semplicemente credendo in certe cose o avendo certe idee. \u00c8 intraprendendo il viaggio, vedi, e impegnandoti con la profonda Conoscenza dentro di te, cosa che imparerai a fare quando intraprenderai i Passi verso La Conoscenza.<\/p>\n<p>L\u2019umanit\u00e0 ha un viaggio superiore da intraprendere per prepararsi a vivere in un nuovo mondo di instabilit\u00e0 ambientale, un mondo di risorse in declino e con una popolazione che aumenta, un mondo dove il rischio di guerra e di competizione \u00e8 pi\u00f9 grande di quanto non lo sia mai stato prima. Ma \u00e8 in questo mondo che l\u2019umanit\u00e0 pu\u00f2 finalmente, per necessit\u00e0\u2014enorme necessit\u00e0\u2014rendersi conto che deve cooperare per soccorrere la civilt\u00e0 umana e salvaguardare la propria posizione in un universo con il quale adesso deve contendere e che adesso deve comprendere.<\/p>\n<p>Non \u00e8 come se foste chiamati a fare un viaggio in cui tutti se ne vanno in luoghi diversi, perch\u00e9 sono chiamati tutti a fare questo viaggio superiore dove devono giocare la loro piccola ma essenziale parte. Ma per fare questo, dovete avere la potenza del Cielo dentro di voi che vi guida. Dovete avere la forza profonda della Conoscenza dentro di voi per condurvi avanti, per portarvi attraverso periodi di grande incertezza e confusione e per gestire quella confusione, il dubbio e le critiche degli altri. Avete bisogno di questa forza superiore pi\u00f9 di quanto ve ne rendiate conto e di tutto quello che vi conferir\u00e0, che non potete produrre da soli.<\/p>\n<p>Solo Dio sa come condurvi a quello che vi redimer\u00e0 e vi rigenerer\u00e0. Voi non lo potete pronosticare. Non \u00e8 un\u2019idea o una filosofia o un\u2019invenzione umana.<\/p>\n<p>Dio vi d\u00e0 il percorso e vi chiama affinch\u00e9 ritorniate. Questo adesso \u00e8 dato con grande chiarezza, perch\u00e9 il Messaggio \u00e8 puro. \u00c8 incontaminato dalla storia umana, dalla manipolazione umana e dai compromessi dell\u2019adozione umana. \u00c8 puro. \u00c8 integro. \u00c8 completo. \u00c8 enorme nella sua portata. Eppure vi d\u00e0 il prossimo passo da intraprendere nella vostra vita.<\/p>\n<p>Perch\u00e9 il Signore di tutti gli universi parla al vostro cuore e alla vostra anima, il luogo pi\u00f9 intimo dentro di voi, che neanche il mondo pu\u00f2 raggiungere, quella parte di voi che il mondo non pu\u00f2 corrompere e conquistare.<\/p>\n<p>Questa \u00e8 la tua libert\u00e0. Questa \u00e8 la tua forza. Questo \u00e8 il tuo destino. Questo \u00e8 quello che avevi determinato di fare prima di venire in questo mondo. Questo \u00e8 quello su cui rifletterai quando lascerai questo mondo. Tutto il resto sar\u00e0 dimenticato. Non sar\u00e0 importante allora.<\/p>\n<p>In un mondo i cui cieli si oscurano e su cui cala maggiore ansia e confusione, tu devi avere questa certezza. Ma deve essere una certezza vera. Deve avere la Potenza del Cielo dentro di essa, e deve avere il tuo completo supporto affinch\u00e9 ti si possa rivelare nella sua interezza.<\/p>\n<p>Il viaggio ti dar\u00e0 questa opportunit\u00e0 di scegliere la Rivelazione ancora e ancora e poi ancora a ogni svolta, dove ti fermerai nell\u2019incertezza sul cosa fare, con la paura di cosa ci\u00f2 potrebbe esigere. \u00c8 solo andando avanti, attraverso quel cancello, oltre quella soglia, che scoprirai che stai seguendo quella che \u00e8 la cosa pi\u00f9 naturale e facile da seguire e che qualsiasi diversa decisione che prenderai \u00e8 la decisione di ri-entrare nella confusione e di ricadere nelle ombre della vita.<\/p>\n<p>Vi \u00e8 una parte di te che \u00e8 debole e una parte di te che \u00e8 forte, una parte di the che \u00e8 sciocca e una parte di te che \u00e8 saggia. Certamente, quella parte di te che \u00e8 debole deve seguire quella parte di te che \u00e8 forte. Quella parte di te che \u00e8 sciocca deve seguire quella parte di te che \u00e8 saggia. Questo \u00e8 cosa significa intraprendere i Passi verso La Conoscenza, ritornare a quello che \u00e8 essenziale per la tua vita e intraprendere il viaggio, che \u00e8 il pi\u00f9 importante viaggio di vita che potresti mai intraprendere e che mai intraprenderai.<\/p>\n<p>Non cercare i tuoi spunti negli altri, perch\u00e9 adesso sei chiamato dalla Fonte. Non seguire la folla, perch\u00e9 loro sono persi. Ma tu sei chiamato per essere riportato in salvo, rigenerato e rinnovato.<\/p>\n<p>Guardate la vostra vita. Ascoltatevi dentro. Perch\u00e9 lo sapete che non state vivendo la vita che foste designati a vivere. Non state compiendo lo scopo che foste veramente mandati qua a compiere. Questa \u00e8 un\u2019onest\u00e0 pi\u00f9 profonda che ha la forza di superare l\u2019ambivalenza e l\u2019incertezza, la paura e il bisogno dell\u2019approvazione degli altri.<\/p>\n<p>\u00c8 cos\u00ec che Dio ti rigenera, liberandoti da una cosa dopo l\u2019altra affinch\u00e9 la tua mente possa essere libera e affinch\u00e9 tu possa avere la potenza de Cielo dentro di te a portarti avanti. Perch\u00e9 tu devi essere una luce in un mondo che sta diventando pi\u00f9 buio. Tu devi avere la forza e la certezza per fare questo. Tu devi avere la forza di provare grande gioia e felicit\u00e0 in un mondo dove la gioia e la felicit\u00e0 sembra che stiano scomparendo, perch\u00e9 quello fa parte del tuo dono agli altri.<\/p>\n<p>Qua la Rivelazione ti sta rigenerando giorno per giorno, passo per passo, mentre impari a portare forza e scopo nelle tue faccende, mentre impari riguardo alla vita nell\u2019universo intorno a te e impari il significato dell\u2019evoluzione umana. Qua anche i tuoi errori ti possono servire. Anche gli errori degli altri ti servono ricordandoti del grande bisogno di Conoscenza e il bisogno di ricevere e di riconquistare la tua vita superiore.<\/p>\n<p>Questo \u00e8 il viaggio. Questa \u00e8 la Potenza del Cielo. Questa \u00e8 la speranza per tutta l\u2019umanit\u00e0. Se abbastanza persone sono in grado di intraprendere questo viaggio e di procedere in questo viaggio, per l\u2019umanit\u00e0 la speranza cresce; la forza dell\u2019umanit\u00e0 cresce; il coraggio, lo scopo e l\u2019integrit\u00e0 dell\u2019umanit\u00e0 crescono. Questo \u00e8 l\u2019elemento di contrasto con tutto quello che sembra sgretolare la civilt\u00e0 umana e la forza, la potenza e la creativit\u00e0 dell\u2019umanit\u00e0.<\/p>\n<p>\u00c8 il viaggio\u2014il tuo viaggio, il viaggio dell\u2019umanit\u00e0. Questa \u00e8 la potenza del Cielo che lavora dentro di te nelle circostanze terrene della tua vita. Questo \u00e8 il dono che d\u00e0, che ristora, che rinnova, che libera e che nutre la profonda certezza in chi ti \u00e8 vicino.<\/p>\n<p>&nbsp;<\/p>\n","protected":false},"excerpt":{"rendered":"<p>La vita ricomincia con la Nuova Rivelazione. \u00c8 come un nuovo contratto con la vita. \u00c8 una nuova promessa. \u00c8 una Nuova Rivelazione da Dio, data con il Grande Amore del Creatore, data adesso con una profonda misericordia per il dilemma, le difficolt\u00e0, la storia travagliata e le tendenze distruttive, e via dicendo, dell\u2019umanit\u00e0. \u00c8\u2026 <a class=\"read-more\" href=\"https:\/\/www.v6.newmessage.org\/it\/about-recording-shortcode\"><span>Read More<\/span><\/a><\/p>\n","protected":false},"author":1,"featured_media":0,"parent":16480,"menu_order":4,"comment_status":"closed","ping_status":"closed","template":"template-leftsidebar.php","meta":{"_monsterinsights_skip_tracking":false,"_monsterinsights_sitenote_active":false,"_monsterinsights_sitenote_note":"","_monsterinsights_sitenote_category":0,"footnotes":""},"categories":[117,76,30,462,460],"tags":[749,740,745,750,774,743,748,741,746,744,747,742],"_links":{"self":[{"href":"https:\/\/www.v6.newmessage.org\/it\/wp-json\/wp\/v2\/pages\/12133"}],"collection":[{"href":"https:\/\/www.v6.newmessage.org\/it\/wp-json\/wp\/v2\/pages"}],"about":[{"href":"https:\/\/www.v6.newmessage.org\/it\/wp-json\/wp\/v2\/types\/page"}],"author":[{"embeddable":true,"href":"https:\/\/www.v6.newmessage.org\/it\/wp-json\/wp\/v2\/users\/1"}],"replies":[{"embeddable":true,"href":"https:\/\/www.v6.newmessage.org\/it\/wp-json\/wp\/v2\/comments?post=12133"}],"version-history":[{"count":21,"href":"https:\/\/www.v6.newmessage.org\/it\/wp-json\/wp\/v2\/pages\/12133\/revisions"}],"predecessor-version":[{"id":28505,"href":"https:\/\/www.v6.newmessage.org\/it\/wp-json\/wp\/v2\/pages\/12133\/revisions\/28505"}],"up":[{"embeddable":true,"href":"https:\/\/www.v6.newmessage.org\/it\/wp-json\/wp\/v2\/pages\/16480"}],"wp:attachment":[{"href":"https:\/\/www.v6.newmessage.org\/it\/wp-json\/wp\/v2\/media?parent=12133"}],"wp:term":[{"taxonomy":"category","embeddable":true,"href":"https:\/\/www.v6.newmessage.org\/it\/wp-json\/wp\/v2\/categories?post=12133"},{"taxonomy":"post_tag","embeddable":true,"href":"https:\/\/www.v6.newmessage.org\/it\/wp-json\/wp\/v2\/tags?post=12133"}],"curies":[{"name":"wp","href":"https:\/\/api.w.org\/{rel}","templated":true}]}}