{"id":12071,"date":"2014-03-24T23:23:15","date_gmt":"2014-03-24T23:23:15","guid":{"rendered":"http:\/\/www.newmessage.org\/?p=12071"},"modified":"2018-02-05T05:52:14","modified_gmt":"2018-02-05T05:52:14","slug":"chi-sono-gli-unseen-ones","status":"publish","type":"page","link":"https:\/\/www.v6.newmessage.org\/it\/il-messaggio\/volume-2\/spiritualita-della-comunita-piu-grande\/chi-sono-gli-unseen-ones","title":{"rendered":"Chi Sono Gli Unseen Ones?"},"content":{"rendered":"<div><!-- 4.0 --><\/div>\n\n<div class=\"tabgroup \"><ul class=\"tabs\"><li><a href=\"#tabs-1\">Informazioni<\/a><\/li>\n<li><a href=\"#tabs-2\">Nota<\/a><\/li><\/ul>\n <div id=\"tabs-1\"><br \/>\n<em>Come rivelato a<br \/>\nMarshall Vian Summers<br \/>\nil 23 Ottobre 1993<br \/>\nin Boulder, Colorado<\/em><\/p>\n<div class=\"toggle toggle-white\"><h4 class=\"trigger \"><span class=\"t_ico\"><\/span><a href=\"#\">Riguardo a questo testo<\/a><\/h4><div class=\"toggle_container \"><br \/>\n<p>Quello che state leggendo in questo testo \u00e8 la trascrizione della voce originale della Assemblea Angelica cos\u00ec come ha parlato tramite il Messaggero Marshall Vian Summers.<\/p>\n<p>Qua, la comunicazione originale di Dio, che esiste al di l\u00e0 delle parole, \u00e8 tradotta nel linguaggio e nella comprensione umana dall\u2019Assemblea Angelica che veglia sul mondo. Poi l\u2019Assemblea consegna il Messaggio di Dio tramite il Messaggero, dopo di che, la comunicazione \u00e8 trascritta e resa disponibile a voi e a tutto il mondo.<\/p>\n<p>In questo notevole processo, la Voce della Rivelazione sta parlando di nuovo. La Parola e il suono della Voce sono nel mondo. Possiate voi essere i destinatari di questo dono di Rivelazione e possiate essere aperti a ricevere il suo Messaggio unico per voi e per la vostra vita.<\/p>\n<br \/>\n<\/div><\/div>\n<p><\/div>\n<div id=\"tabs-2\"><br \/>\n<em>Nota per il Lettore:<br \/>\nQuesta traduzione \u00e8 stata fornita alla Society da uno studente del Nuovo Messaggio che si \u00e8 offerto volontario per tradurre il testo originale in Inglese. Noi rendiamo questa traduzione disponibile al mondo in questa forma iniziale affinch\u00e9 le persone abbiano la possibilit\u00e0 di interagire con una porzione del Nuovo Messaggio nella propria lingua.<\/em><br \/>\n<\/div>\n\t\t\t\t<div align=\"right\">\n\t\t\t<div class=\"fb-like\" data-href=\"\" data-layout=\"button_count\" data-action=\"like\" data-show-faces=\"false\" data-share=\"false\"><\/div>\n\t\t\t<div class=\"fb-share-button\" data-layout=\"button_count\"> <\/div>\n\t\t\t<div class=\"fb_iframe_widget\"><a href=\"https:\/\/twitter.com\/godsnewmessage?ref_src=twsrc%5Etfw\" class=\"twitter-follow-button\" data-show-count=\"false\">Follow @godsnewmessage<\/a><script async src=\"https:\/\/platform.twitter.com\/widgets.js\" charset=\"utf-8\"><\/script><\/div>\n\t\t\t<\/div> <\/div> \n\n<p>(N.d.R. \/\u02c8\u028cn\u02c8si\u02d0n\/(ansiin) \/w\u028cns\/(uans) letteralmente \u2018Gli Invisibili\u2019 o \u2018I Non Visti\u2019)<\/p>\n<p>Cos\u00ec come avete degli alleati nel mondo e nella Comunit\u00e0 Pi\u00f9 Grande, avete anche alleati al di l\u00e0 della portata visiva della vita. Loro sono qua per costituire una parte della vostra istruzione di Conoscenza. Non pi\u00f9 nello stato fisico, loro adesso servono coloro che stanno ritrovando la propria memoria della loro Antica Casa e con essa stanno ritrovando la natura e la direzione del proprio scopo superiore nella vita.<\/p>\n<p>Gli Unseen Ones sono in grado di operare molto liberamente nel dare consiglio a coloro che esistono quaggi\u00f9. Tuttavia il loro consiglio deve essere posizionato saggiamente e tempificato correttamente. Loro non possono interferire anche se di fatto offrono un supporto che fa s\u00ec che chi gli stia rispondendo possa ottenere una maggiore comprensione e una maggiore efficacia nella vita. Raramente chi li riceve avr\u00e0 un\u2019esperienza diretta di loro. Tuttavia gli Unseen Ones alimentano informazioni e ispirazioni nelle menti di coloro che sono capaci di rispondere. Nella maggior parte dei casi, le persone pensano di essere state loro a giungere alle proprie idee. \u201cOh, ho avuto quest\u2019idea oggi. Credo che sia importante,\u201d oppure \u201cHo avuto la sensazione che dovrei fare questo.\u201d Le persone pensano che provenga da loro o pensano che sia il loro intuito, quando in realt\u00e0 \u00e8 un dono proveniente dagli Unseen Ones.<\/p>\n<p>Gli Unseen Ones, ovviamente, non hanno bisogno di riconoscimento nel mondo. Loro non stanno cercando studenti o seguaci. Cosa possedete voi che loro vogliono, salvo la vostra capacit\u00e0 di rispondere e di utilizzare quello che vi donano finalizzato a uno scopo benevolo? Gli Unseen Ones posizionano i loro doni con attenzione e correttamente. Raramente parleranno direttamente con qualcuno. Anche se molte persone odono delle voci che ritengono abbiano un focus spirituale, \u00e8 veramente raro che qualcuno possa mai ricevere la presenza e la voce di un Unseen One direttamente.<\/p>\n<p>Perch\u00e9 \u00e8 cos\u00ec? \u00c8 perch\u00e9 il focus della gente deve essere sulla Conoscenza e sulle proprie imprese nel mondo. Se incominciaste ad associarvi agli angeli, b\u00e8, non vorreste pi\u00f9 associarvi con nessun\u2019altra cosa. Chi vorrebbe fare il lavoro difficile nel mondo quando potrebbe passare il tempo con una presenza angelica? Chi vorrebbe avere a che fare con la gente e con tutte le loro difficolt\u00e0 e tutte le complessit\u00e0 delle relazioni quando potrebbero essere in compagnia degli Spiriti di Dio? Il lavoro \u00e8 nel mondo e quello \u00e8 il focus.<\/p>\n<p>Al fine di dare alle persone ricettive e responsabili i grandi vantaggi della comprensione e della percezione, al fine di assisterli nella riconquista della Conoscenza e al fine di assodare la riconquista della Conoscenza stessa, gli Unseen Ones posizionano la loro enfasi qua e l\u00e0. Forse avete udito una voce parlare nella vostra mente o avete sentito uno strano e improvviso impulso. Potrebbe essere dovuto al fatto che La Conoscenza dentro di voi \u00e8 in comunicazione con la Conoscenza dentro gli Unseen Ones. Pi\u00f9 vicini sarete alla Conoscenza, pi\u00f9 diventerete consapevoli del fatto che ci sia una comunicazione superiore che sta avendo luogo. Fino ad allora, non saprete da dove provengono queste idee. Semplicemente supporrete che provengano da voi o che siano un prodotto del vostro intuito.<\/p>\n<p>Gli Unseen Ones prestano speciale attenzione a coloro che stanno rispondendo. Taluni individui necessitano maggiore cura ed enfasi. Quei pochi che riescono ad avanzare avranno maggiori relazioni con gli Unseen Ones, che giustamente chiameranno Maestri. Tuttavia, raramente essi proveranno l\u2019esperienza [diretta] dei Maestri, e potrebbero non sapere mai in questa vita chi sta parlando con loro, aiutandoli e guidandoli. Forse loro semplicemente sentiranno che stanno ricevendo qualcosa dal regno spirituale della vita. Forse penseranno che sia lo Spirito di Dio che sta parlando a loro. Qualunque sia il modo in cui definiscono la cosa a se stessi o la spiegano ad altri, qua si tratta di un maggiore coinvolgimento con gli Unseen Ones.<\/p>\n<p>Voi avete consiglieri e guide nel mondo per aiutarvi a imparare le cose specifiche che qua dovete capire. Tuttavia, imparare qualcosa riguardo alla spiritualit\u00e0, far rinascere la vostra vita interiore, iniziare il processo di riconquista della Conoscenza e sviluppare la consapevolezza di uno scopo superiore in questo luogo, sono tutte cose che esigono un diverso genere di consulenza e di supporto. Principalmente riceverete assistenza in tal senso dai vostri alleati nel mondo, ma a vegliare sul vostro sviluppo saranno gli Unseen Ones. Loro dimoreranno con voi e terranno traccia di quello che state facendo. Occasionalmente, loro vi consiglieranno direttamente. In occasioni molto rare potrebbero farvi sapere che sono con voi. Questo, naturalmente, varia da persona a persona e dipende molto dal temperamento della persona e dal carattere, cos\u00ec come dal livello di sviluppo di lui o di lei.<\/p>\n<p>Rincuoratevi. Avete grandi alleati. Vi viene chiesto di imparare grandi cose, ma avete grande assistenza. Rincuoratevi. Siete chiamati a uscire da circostanze ordinarie, dall\u2019ordinaria consapevolezza e da ordinarie preoccupazioni. Siate grati. Venite soccorsi fuori da una mediocrit\u00e0 mortale. Qua vi viene data un\u2019opportunit\u00e0 vera. Se siete in grado di ricevere ci\u00f2 e progredire in qualit\u00e0 di studenti di Conoscenza, allora quelle forze nel mondo e al di l\u00e0 del mondo che vi possono aiutare assumeranno nella vostra vita un ruolo sempre pi\u00f9 grande.<\/p>\n<p>Abbiamo fatto riferimento diverse volte all\u2019idea di Famiglia Spirituale ed ora parleremo di questo. Voi in questo mondo siete provenuti da un piccolo gruppo di apprendimento. Voi state imparando per voi stessi e per il vostro gruppo. Voi state contribuendo nel mondo per il vostro avanzamento e per l\u2019avanzamento del vostro gruppo. Il vostro gruppo si evolver\u00e0 per unirsi ad altri gruppi e come i fiumi e i ruscelli che si uniscono lungo il loro percorso verso il mare, voi proverete una unione sempre pi\u00f9 grande mentre avanzerete insieme.<\/p>\n<p>Gli Unseen Ones rappresentano i membri pi\u00f9 anziani della vostra Famiglia Spirituale. Loro non hanno pi\u00f9 bisogno di essere nel mondo. Loro hanno imparato le lezioni del mondo. Adesso loro devono aiutare coloro che devono imparare le lezioni del mondo. Loro vegliano sul vostro sviluppo e diventano molto impegnati con voi quando voi scegliete La Via Della Conoscenza, quando intraprendete la preparazione che \u00e8 destinata a voi e quando incominciate a fare progresso.<\/p>\n<p>La vostra collaborazione con gli Unseen Ones crescer\u00e0, ma loro non possono essere la vostra enfasi. Loro sono pi\u00f9 grandi di voi e pi\u00f9 potenti e pi\u00f9 benevoli. Tuttavia, se diveniste consapevoli di loro, loro diventerebbero l\u2019oggetto della vostra devozione e della vostra attenzione, cosa che non \u00e8 opportuna. Questo non gioverebbe al vostro apprendistato e questo non vi darebbe la giusta concentrazione sulle vostre priorit\u00e0.<\/p>\n<p>La via vi viene conferita senza venerazione di eroi perch\u00e9 dovete diventare un uomo o una donna di Conoscenza. Avrete bisogno sia di quelli pi\u00f9 avanti di voi che di quelli meno avanti di voi. Quelli pi\u00f9 avanti vi traineranno e voi trainerete quelli che sono meno avanti. In questo modo, ognuno trova la giusta assistenza. In questo modo, ognuno \u00e8 servito. In questo modo, tutto quello che gli Unseen Ones danno al mondo pu\u00f2 riverberare attraverso le relazioni umane e raggiungere molte persone in modi che possono essere capiti, vissuti ed accettati.<\/p>\n<p>Ogni qualvolta pensavate, o qualsiasi vostro avo pensava, che Dio fosse nel mondo a fare qualche cosa, erano gli Unseen Ones\u2014gli angeli di Dio, se vi piace quell\u2019idea, ma l\u2019idea di angeli evoca immagini molto pittoresche e veramente non cattura il pieno significato e ruolo degli Unseen Ones. Loro sono con voi, ma come i Saggi di ogni luogo, loro rimangono nascosti. Loro non vogliono diventare la luce della vostra vita. Se questo fosse il caso in questione, voi smettereste di cercare. Loro non vogliono mettervi in ombra con la loro Saggezza. Se lo facessero, voi non vi sviluppereste da soli. Loro non vogliono diventare il focus della vostra attenzione. Se lo facessero, voi perdereste l\u2019attenzione per quelle cose dove \u00e8 richiesta la vostra attenzione. Loro sono gli emissari di Dio. Loro traducono la volont\u00e0 del Divino nell\u2019esistenza finita. A ogni livello di esistenza, ci sono traslatori. In definitiva, voi stessi avrete l\u2019opportunit\u00e0 di diventare traslatori mentre siete nel mondo, traducendo Saggezza superiore in espressione utile e accessibile dalla quale altri possono trarre beneficio.<\/p>\n<p>Ci sono diversi livelli di Unseen Ones. Gli Unseen Ones che vi assistono sono loro stessi assistiti, perch\u00e9 la catena di autorit\u00e0, la catena del dare, continua a lungo, di gran lunga al di l\u00e0 di voi\u2014traducendo e facendo in modo che una volont\u00e0 e uno scopo superiore siano accessibili e disponibili a voi. Questo va oltre la vostra comprensione. Non lo potete neanche immaginare, e non vi viene richiesto di farlo.<\/p>\n<p>Noi vi presentiamo l\u2019idea degli Unseen Ones affinch\u00e9 voi sappiate che non siete soli e che la vostra vita ha una grande assistenza. Vi potete affidare a una Saggezza superiore che vi aiuta a procedere, sia dentro voi stessi che nella vostra Conoscenza e al di l\u00e0 di voi stessi negli Unseen Ones e nella vostra Famiglia Spirituale. Loro vi consentiranno di trovare il modo di rinforzare voi stessi. Tuttavia, non vi soccorreranno da ogni cattiva decisione che prenderete. Loro non vi risparmieranno il dispendio dovuto ai vostri errori. E loro non attutiranno ogni colpo. Ma loro neanche vi puniranno. Loro non vi redarguiranno. Loro vi solo daranno la loro influenza e il loro consiglio. Se lo sapete sentire, se sapete essere ricettivi ad esso e dargli maggiore valore rispetto ai vostri desideri personali, allora sarete i loro beneficiari. In questo, loro saranno avvalorati, come lo sarete voi.<\/p>\n<p>Ogni studente ha bisogno di un maestro. Ogni viaggiatore ha bisogno di una guida. Ogni esploratore ha bisogno di una mappa. Queste le avete tutte adesso. Rincuoratevi. Ora dovete trovare il coraggio e la determinazione a procedere. Non fissatevi sulla grande assistenza spirituale che avete. Piuttosto, siate focalizzati sul risolvere i problemi oggi e domani e il giorno dopo. Risolvete un piccolo problema oggi e sarete in grado di risolverne uno pi\u00f9 grande domani. Incominciate con le piccole cose. Curate le faccende pratiche nella vostra vita. Portate la vostra vita verso una maggiore armonia. Non cercate di rendere tutto bello, quieto e pacifico. Non \u00e8 quello che intendiamo. Quello che intendiamo \u00e8 di portare le cose nell\u2019ordine giusto.<\/p>\n<p>Questo lo dovete trasporre su voi stessi. Le persone spesso pensano che la spiritualit\u00e0 consista nell\u2019essere felici, pacifici e gioiosi tutto il tempo, trasformando la vita in una specie di pigiama party. Questo non \u00e8 vero. Lo spiritualit\u00e0 non \u00e8 una forma di fuga. Non \u00e8 una forma di intossicazione. Non \u00e8 un afrodisiaco \u00c8 un modo per potenziarvi portandovi in contatto con La Conoscenza affinch\u00e9 possiate realizzare il vostro scopo e la vostra missione qua. Allora sarete in grado di identificare e ricevere coloro che sono destinati a condividere con voi il vostro scopo. La spiritualit\u00e0 deve mettervi in grado di lavorare, mettere la vostra vita in grado di lavorare e consentire a una Forza Superiore di lavorare attraverso voi. Questa non \u00e8 una scuola di bellezza dove fate in modo di avere voi, e di far avere agli altri, un aspetto glorioso ed angelico. Questa non \u00e8 una vacanza dalla vita. Questo \u00e8 addestramento e preparazione. Questo \u00e8 studio e applicazione. Questo ha lo scopo di rendere la vostra vita pi\u00f9 piena, pi\u00f9 colma di significato, pi\u00f9 genuina e pi\u00f9 sana per voi stessi e per coloro che vi riceveranno e vi riconosceranno.<\/p>\n<p>Anche quelli che non vi possono vedere e non vi possono riconoscere avranno un beneficio perch\u00e9 ci sar\u00e0 una maggiore presenza di Conoscenza nel mondo attraverso la vostra contribuzione. Questo porta ognuno un passo pi\u00f9 vicino alla propria Antica Casa. Questo riduce il divario che separa la vita nel mondo dalla vita al di l\u00e0 del regno fisico. Questo porta un po\u2019 pi\u00f9 vicino l\u2019esperienza e la dimostrazione della volont\u00e0 e del lavoro di Dio nel mondo, perch\u00e9 l\u2019ispirazione, l\u2019altruismo, la contribuzione, il beneficio, la gentilezza, la misericordia, l\u2019amore, la forza e l\u2019autodeterminazione vengono dimostrate e inserite nel mondo. Il mondo ha bisogno di questa dimostrazione. Le persone cercano disperatamente il significato. Cercano disperatamente il valore. Loro hanno perso il contatto con le loro vite interiori. Queste qualit\u00e0 devono essere dimostrate a loro e restituite a loro con la minor quantit\u00e0 possibile di dogma religioso, nella forma pi\u00f9 pura possibile.<\/p>\n<p>Questa \u00e8 l\u2019evidenza del lavoro di Dio. Dio non fa il lavoro per voi. Dio vi insegna a lavorare perch\u00e9 siete venuti qua per lavorare e dovete realizzare il vostro valore. Dio vi d\u00e0 la potenza. Dio vi d\u00e0 i Messaggeri di Dio. Dio vi d\u00e0 alleati. Dio vi d\u00e0 opportunit\u00e0. E Dio vi d\u00e0 le grandi necessit\u00e0 del mondo, quelle che tireranno fuori da voi ci\u00f2 che siete venuti qua a dare e richiederanno che diate ci\u00f2 che siete venuti qua a dare. Se il mondo fosse dolce e meraviglioso, felice e spensierato, voi non avreste alcuno scopo per il quale essere qua. Non sapreste cosa fare. Diverreste frustrati.<\/p>\n<p>La condizione del mondo \u00e8 matura per la contribuzione. Voi non siete qua per reclutare la gente nella vostra religione o per rinforzare un particolare insegnamento religioso, a meno che non sia proprio la vostra missione specifica fare ci\u00f2. Solo per pochi sar\u00e0 questo il caso. Voi darete qualcosa di misterioso e meraviglioso nel contesto delle relazioni e nel contesto dell\u2019aiuto alla gente. Chi aiuterete e come li aiuterete \u00e8 qualcosa che scoprirete mentre procederete. Riguardo a coloro che non siete in grado di aiutare e con cui non dovete essere impegnati, anche quello deve essere capito e vi deve essere dimostrato.<\/p>\n<p>Voi siete stati creati per qualcosa. Sta aspettando di essere scoperta. In questo modo, voi ritrovate voi stessi, voi avvalorate voi stessi, voi vivete l\u2019esperienza di voi stessi e siete testimoni di voi stessi in azione. Quale altro modo c\u2019\u00e8 per ritrovare il vostro vero valore? Potete tutto il giorno ripetere a voi stessi che siete meravigliosi, ma senza la dimostrazione di una capacit\u00e0 e qualit\u00e0 superiore in voi, sono chiacchere inutili. Questo riguarda il dare al mondo, non riguarda piacersi da soli.<\/p>\n<p>Gli Unseen Ones lavorano senza riconoscimento. Gli Harim nella Comunit\u00e0 Pi\u00f9 Grande lavorano senza riconoscimento. I Saggi nel mondo lavorano senza riconoscimento. Comprendete ci\u00f2, e comprenderete come la Saggezza e la Conoscenza possono essere date nell\u2019ambito di situazioni dove sono sconosciute e anche dove non sono benvenute. Qua la Saggezza e la Conoscenza possono esercitare la loro beneficenza al fine di rinforzare l\u2019integrit\u00e0 interiore della gente, ricordare alla gente le proprie responsabilit\u00e0 superiori e supportare le persone nell\u2019essere oneste con se stesse e nel venire a patti con le loro inclinazioni pi\u00f9 profonde e il loro senso di giustizia e di correttezza, a prescindere dalle loro precedenti persuasioni politiche o religiose.<\/p>\n<p>La dimostrazione della grazia e della presenza di Dio \u00e8 data attraverso le azioni delle persone che sono in relazione tra loro. Gli Unseen Ones dimostrano questo. Gli Harim dimostrano questo. I vostri alleati dimostrano questo. Chi vi ricever\u00e0 dimostrer\u00e0 questo. Voi state dando qualcosa di prezioso in una situazione difficile. Dovete essere dei grandi lavoratori ed essere determinati per fare questo. Non utilizzate la spiritualit\u00e0 come una droga o una sostanza intossicante. Non utilizzatela per essere nella beatitudine. Non accecatevi con essa. Utilizzate la luce per trovare la vostra strada. Non utilizzatela per delle allucinazioni. Il dono deve essere dato attraverso voi in modi che devono essere sia tangibili che intangibili. Non pensare che sarai un grande emancipatore, una grande principessa spirituale o un principe, una dea o un dio. Voi farete del lavoro semplice. Voi farete del lavoro umile. Voi farete il lavoro che ha bisogno di essere fatto, non il lavoro che necessariamente vi glorifica. Ci\u00f2 che sar\u00e0 onorato \u00e8 La Conoscenza dentro di voi, che onorer\u00e0 voi. Non ci sar\u00e0 inganno.<\/p>\n<p>Qua inizierete a capire come sarete serviti e come sarete supportati. Incomincerete a capire come grandi individui vi hanno aiutato senza mettervi in ombra o senza interferire con voi. Vi hanno nutrito e protetto, allontanato dal pericolo e vi hanno fatto andare avanti nella direzione giusta. Vi hanno consentito di fare i vostri errori, ma in modo tale da poter beneficiare da essi e da non doverli ripetere.<\/p>\n<p>In definitiva tu puoi diventare come un Unseen One nel mondo, anche mentre stai vivendo qua come una persona. Tu darai, e i tuoi doni lavoreranno per crearsi la strada nelle menti e nei cuori delle persone, che non sapranno da dove i doni sono arrivati. Loro non saranno in grado di trovare il donatore. Il donatore \u00e8 sciolto ed invisibile noi loro confronti. Le persone vedranno delle cose e sentiranno delle cose che loro hanno bisogno di vedere e di sentire. Inizieranno a sapere le cose che hanno bisogno di sapere. Loro si ricorderanno di cose che hanno bisogno di ricordare e dimenticheranno cose che hanno bisogno di dimenticare. Loro non vedranno da dove viene questa potenza. Loro non vedranno la sua fonte.<\/p>\n<p>Diventa tu come un Unseen One e i tuoi doni avranno il pi\u00f9 grande impatto con la minore confusione e incertezza. L\u2019umanit\u00e0 \u00e8 stata mantenuta in vita dal benevolo lavoro di molti individui dentro e fuori dal mondo che rimangono non riconosciuti. E le forze dell\u2019ignoranza\u2014coloro che sono violenti e paurosi, ostili e antagonisti\u2014non saranno in grado di scoprire da dove il bene sta arrivando. Non saranno in grado di frenarlo. Non saranno in grado di manipolarlo. Scivoler\u00e0 tra le loro dita. Non saranno in grado di afferrarlo. Funzioner\u00e0 a prescindere dal loro danneggiamento.<\/p>\n<p>Le potenze superiori che vi stanno assistendo sono invisibili. Tuttavia, loro possono essere conosciute ed \u00e8 vostro privilegio conoscerle. Le potenze superiori pu\u00f2 darsi che non possano essere toccate, ma loro possono toccare voi e voi potete ricevere la loro grazia e utilizzarla correttamente, perch\u00e9 siete voi che dovete crescere e riconquistare la vostra forza e la vostra autorit\u00e0. In questo, voi dovete essere supportati ma non messi in ombra. Dovete essere assistiti ma non manipolati. Dovete essere protetti ma non sorvegliati. Quale grande misericordia questo dimostra.<\/p>\n<p>Mentre avanzerete, inizierete la vostra esperienza di queste cose. Inizierete ad essere felici quando potrete dare un dono, fare s\u00ec che sia ricevuto senza che nessuno sappia da dove \u00e8 venuto. Questo vi protegge e vi preserva e consente al dono di avere il suo pieno impatto. Per avere questa esperienza dovete maturare come studenti di Conoscenza. Ma la sua dimostrazione vi convincer\u00e0 della saggezza dell\u2019idea che i Saggi rimangono nascosti per rimanere saggi.<\/p>\n<p>&nbsp;<\/p>\n","protected":false},"excerpt":{"rendered":"<p>(N.d.R. \/\u02c8\u028cn\u02c8si\u02d0n\/(ansiin) \/w\u028cns\/(uans) letteralmente \u2018Gli Invisibili\u2019 o \u2018I Non Visti\u2019) Cos\u00ec come avete degli alleati nel mondo e nella Comunit\u00e0 Pi\u00f9 Grande, avete anche alleati al di l\u00e0 della portata visiva della vita. Loro sono qua per costituire una parte della vostra istruzione di Conoscenza. Non pi\u00f9 nello stato fisico, loro adesso servono coloro che\u2026 <a class=\"read-more\" href=\"https:\/\/www.v6.newmessage.org\/it\/about-text-shortcode\"><span>Read More<\/span><\/a><\/p>\n","protected":false},"author":1,"featured_media":0,"parent":13081,"menu_order":16,"comment_status":"closed","ping_status":"closed","template":"template-leftsidebar.php","meta":{"_monsterinsights_skip_tracking":false,"_monsterinsights_sitenote_active":false,"_monsterinsights_sitenote_note":"","_monsterinsights_sitenote_category":0,"footnotes":""},"categories":[44,468,76,77,467],"tags":[810,749,740,745,750,743,748,741,746,744,747,742],"_links":{"self":[{"href":"https:\/\/www.v6.newmessage.org\/it\/wp-json\/wp\/v2\/pages\/12071"}],"collection":[{"href":"https:\/\/www.v6.newmessage.org\/it\/wp-json\/wp\/v2\/pages"}],"about":[{"href":"https:\/\/www.v6.newmessage.org\/it\/wp-json\/wp\/v2\/types\/page"}],"author":[{"embeddable":true,"href":"https:\/\/www.v6.newmessage.org\/it\/wp-json\/wp\/v2\/users\/1"}],"replies":[{"embeddable":true,"href":"https:\/\/www.v6.newmessage.org\/it\/wp-json\/wp\/v2\/comments?post=12071"}],"version-history":[{"count":15,"href":"https:\/\/www.v6.newmessage.org\/it\/wp-json\/wp\/v2\/pages\/12071\/revisions"}],"predecessor-version":[{"id":28247,"href":"https:\/\/www.v6.newmessage.org\/it\/wp-json\/wp\/v2\/pages\/12071\/revisions\/28247"}],"up":[{"embeddable":true,"href":"https:\/\/www.v6.newmessage.org\/it\/wp-json\/wp\/v2\/pages\/13081"}],"wp:attachment":[{"href":"https:\/\/www.v6.newmessage.org\/it\/wp-json\/wp\/v2\/media?parent=12071"}],"wp:term":[{"taxonomy":"category","embeddable":true,"href":"https:\/\/www.v6.newmessage.org\/it\/wp-json\/wp\/v2\/categories?post=12071"},{"taxonomy":"post_tag","embeddable":true,"href":"https:\/\/www.v6.newmessage.org\/it\/wp-json\/wp\/v2\/tags?post=12071"}],"curies":[{"name":"wp","href":"https:\/\/api.w.org\/{rel}","templated":true}]}}