{"id":5192,"date":"2018-02-20T22:19:24","date_gmt":"2018-02-20T22:19:24","guid":{"rendered":"http:\/\/www.newmessage.org\/sq\/?page_id=5192"},"modified":"2021-06-18T01:34:26","modified_gmt":"2021-06-18T01:34:26","slug":"shpallja","status":"publish","type":"page","link":"https:\/\/www.v6.newmessage.org\/hu\/","title":{"rendered":"\u00dcdv\u00f6zlet. Isten \u00daj \u00dczenet\u00e9re tal\u00e1lt\u00e1l."},"content":{"rendered":"<h1>Az \u00dczenetr\u0151l<\/h1>\n<p>Isten \u00daj \u00dczenete a Teremt\u0151 eredeti k\u00f6zlem\u00e9nye, mely a nagy v\u00e1ltoz\u00e1sok, konfliktusok \u00e9s zavarg\u00e1sok idej\u00e9n \u00e9rkezett. Az \u00dczenetet a H\u00edrn\u0151k, Marshall Vian Summers, egy 30 \u00e9ves id\u0151szakon \u00e1t kapta \u00e9s fogadta, s ez a kinyilatkoztat\u00e1s minden jelenlegi vall\u00e1shagyom\u00e1nyon vagy szellemi tan\u00edt\u00e1son k\u00edv\u00fcl \u00e1ll. Az \u00daj \u00dczenet tiszteletben tartja a Teremt\u0151t\u0151l a vil\u00e1gnak adott minden nagyobb \u00dczenetben foglalt maradand\u00f3 igazs\u00e1got, ugyanakkor az emberis\u00e9gnek kor\u00e1bban kiny\u00edlv\u00e1n\u00edtott \u00fczeneteit\u0151l elt\u00e9r. Ez egy \u00faj kinyilatkoztat\u00e1s az ember szellemis\u00e9g\u00e9nek val\u00f3di mivolt\u00e1rol, a vil\u00e1gra k\u00f6vetkez\u0151 nagy v\u00e1toz\u00e1sokr\u00f3l, s az emberis\u00e9gnek a vil\u00e1gyetemben lev\u0151 intelligens \u00e9let Nagyobb K\u00f6z\u00f6ss\u00e9g\u00e9ben val\u00f3 j\u00f6v\u0151j\u00e9t \u00e9s sors\u00e1t illet\u0151en.<\/p>\n<p><iframe loading=\"lazy\" title=\"The Next Decade for Humanity\" width=\"625\" height=\"352\" src=\"https:\/\/www.youtube.com\/embed\/EPqKsI5dIYk?feature=oembed&#038;enablejsapi=1&#038;origin=https:\/\/www.newmessage.org\" frameborder=\"0\" allow=\"accelerometer; autoplay; clipboard-write; encrypted-media; gyroscope; picture-in-picture\" allowfullscreen><\/iframe><\/p>\n<hr \/>\n<h2>A Proklam\u00e1ci\u00f3<\/h2>\n<p><em>Amint az ki lett nyilatkotatva a Hir\u00f6nknek,<br \/>\nMarshall Vian Summersnek<br \/>\n2006, j\u00falius 6-\u00e1n<br \/>\nBoulder, Colorado-ban (USA)<\/em><\/p>\n<p><strong>There is a New Message from God in the World.<\/strong><\/p>\n<p>Egy Istent\u0151l j\u00f6v\u0151 \u00daj \u00dczenete van ma aVil\u00e1gban.<\/p>\n<p><strong>It has come from the Creator of all life.<\/strong><\/p>\n<p>Minden \u00e9let Teremt\u0151j\u00e9t\u0151l sz\u00e1rmazik.<\/p>\n<p><strong>It has been translated into human language and understanding through the Angelic Presence that oversees this world.<\/strong><\/p>\n<p>Emberi nyelvre \u00e9s \u00e9rtelmi szintre lett lefor\u00edtva a vil\u00e1g felvigy\u00e1z\u00e1s\u00e1val megb\u00edzott Angyali Jelenl\u00e9t r\u00e9sz\u00e9r\u0151l.<\/p>\n<p><strong>It continues the great series of transmissions from the Creator that have occurred over centuries and millennia.<\/strong><\/p>\n<p>Ez a Teremt\u0151t\u0151l j\u00f6v\u0151 transzmisszi\u00f3- sorozat k\u00f6vetkez\u0151 fejezete, mely \u00e9vsz\u00e1zadok \u00e9s millenniumok \u00f3ta folyik.<\/p>\n<p><strong>It is a New Message for this time and the times to come.<\/strong><\/p>\n<p>Ez az \u00daj \u00dczenet a mostani \u00e9s az elk\u00f6vetkez\u0151 id\u0151kre sz\u00f3l.<\/p>\n<p><strong>It fulfills the former great Messages that have been given to humanity, and yet it reveals things that have never been shown to humanity before, for humanity is now facing a grave and perilous set of challenges, both within the world and from beyond the world.<\/strong><\/p>\n<p>C\u00e9lja az emberis\u00e9gnek k\u00fcld\u00f6tt kor\u00e1bbi nagy \u00dczenetek beteljes\u00fcl\u00e9se, s egyben olyan dolgok kinyilatkoztat\u00e1sa, melyek ezid\u00e1ig m\u00e9g sosem lettek az emberis\u00e9g tudt\u00e1ra adva, ugyanis az emberis\u00e9g ma egy s\u00falyos \u00e9s vesz\u00e9lyes pr\u00f3ba el\u0151tt \u00e1ll, melynek vesz\u00e9lye mind a vil\u00e1gon bel\u00fclr\u0151l, mind a vil\u00e1gon k\u00edv\u00fclr\u0151l is fenyeget.<\/p>\n<p><strong>The New Message from God is here to alert, to empower and to prepare the human family\u2014people from all nations and religious traditions, people from all tribes, groups and orientations.<\/strong><\/p>\n<p>Isten \u00daj \u00dczenet itt van figyelmeztetni, meger\u0151s\u00edteni \u00e9s felk\u00e9sz\u00edteni az emberi csal\u00e1dot \u2014 minden nemzetben \u00e9s vall\u00e1shagyom\u00e1nyban, minden t\u00f6rzsben, csoportban \u00e9s t\u00e1j\u00e9kozotts\u00e1gi szinten l\u00e9v\u0151 embert.<\/p>\n<p><strong>It has come at a time of great need, a time of great consequence.<\/strong><\/p>\n<p>Nagy sz\u00fcks\u00e9g \u00e9s az ezzel j\u00e1r\u00f3 nagy k\u00f6vetkezm\u00e9nyek idej\u00e9n \u00e9rkezett.<\/p>\n<p><strong>It is preparing people for things that have not even been recognized.<\/strong><\/p>\n<p>Olyasmikre k\u00e9sz\u00edti fel az embereket, amiket az emberis\u00e9g m\u00e9g nem volt k\u00e9pes felismeni.<\/p>\n<p><strong>It is prophetic in alerting people both to the Great Waves of change that are coming to the world and to humanity\u2019s position in the universe, especially regarding its contact with other races<\/strong>.<\/p>\n<p>Pr\u00f3f\u00e9tai \u00e9rt\u00e9ke abban ny\u00edlv\u00e1nul meg, hogy az emberket a vil\u00e1gra bek\u00f6vetkez\u0151 Nagy Hull\u00e1mok v\u00e1ltoz\u00e1saira figyelmezteti, s e figyelmeztet\u00e9s mag\u00e1ba foglalja az emberis\u00e9gnek a vil\u00e1gegyetemben bet\u00f6lt\u00f6tt hely\u00e9t, k\u00fcl\u00f6n\u00f6sk\u00e9ppen a m\u00e1s rendbeli fajokkal val\u00f3 kapcsolat-felv\u00e9tet ille\u0151en.<\/p>\n<p><strong>The New Message calls upon the spiritual presence within each person\u2014the great endowment of Knowledge that has been given to the entire human family, which must now be cultivated, strengthened and brought forth.<\/strong><\/p>\n<p>Az \u00daj \u00dczenet a minden emberben jelenl\u00e9v\u0151 szellemhez sz\u00f3l \u2014 a Tud\u00e1s nagy alap\u00edtv\u00e1ny\u00e1hoz, mely az eg\u00e9sz emberi csal\u00e1d sz\u00e1m\u00e1ra megadatott, s amit most fejleszteni, meger\u0151siteni \u00e9s kiakn\u00e1zni kell.<\/p>\n<p><strong>It speaks of the great spiritual need of the individual\u2014the need for purpose, meaning and direction.<\/strong><\/p>\n<p>\u00dczenete itt az egy\u00e9n c\u00e9lj\u00e1nak, \u00e9rtelm\u00e9nek \u00e9s ir\u00e1nyzat\u00e1nak nagy szellemi sz\u00fcks\u00e9glet\u00e9t hans\u00falyozza.<\/p>\n<p><strong>It speaks to the great relationships that people can establish with one another, relationships representing their higher purpose in life.<\/strong><\/p>\n<p>\u00dczenete az embereknek az egym\u00e1ssal val\u00f3 sz\u00e9lesebb k\u00f6r\u0171 \u00e9s magasabb rend\u0171 kapcsolatainak a kialakul\u00e1s\u00e1t veszi c\u00e9lba.<\/p>\n<p><strong>It speaks to the needs of the world and the needs of the future. In so doing, it brings purpose and recognition, unity and cooperation, wisdom and strength to all who can receive it, learn it, follow its steps, contribute it to others and share its wisdom in service to other individuals, to families, to communities, to nations and to the whole world.<\/strong><\/p>\n<p>\u00dczenet\u00e9nek l\u00e9nyege a vil\u00e1g sz\u00fcks\u00e9gleteit \u00e9s a j\u00f6v\u0151 sz\u00fcks\u00e9gleteit veszi alapul. Enn\u00e9lfogva c\u00e9lt \u00e9s felismer\u00e9st, egys\u00e9get \u00e9s egy\u00fcttm\u0171k\u00f6d\u00e9st, b\u00f6lcsess\u00e9get \u00e9s er\u0151t ad mindazoknak, akik b\u00f6lcsess\u00e9g\u00e9t befogadni, megtanulni, l\u00e9p\u00e9sit k\u00f6vetni, m\u00e1soknak \u00e1tadva megosztani k\u00e9pesek csal\u00e1dok, k\u00f6z\u00f6ss\u00e9gek, nemzetek \u00e9s az eg\u00e9sz vil\u00e1g szolg\u00e1lat\u00e1ra.<\/p>\n<p><strong>Receive this blessing.<\/strong><\/p>\n<p>Fogadjok ezt az \u00e1ld\u00e1st.<\/p>\n<p><strong>Learn of the New Message from God.<\/strong><\/p>\n<p>Ismerj\u00e9tek meg Isten \u00daj \u00dczenet\u00e9t.<\/p>\n<p><strong>Realize it will affirm all that is true within your current traditions, and it will speak to the deeper wisdom that you already possess.<\/strong><\/p>\n<p>Ismerj\u00e9tek fel mik\u00e9nt t\u00e1masztja al\u00e1 mindazt, ami jelenlegi hagyom\u00e1nyaitokban megtal\u00e1lhat\u00f3, s egyben sz\u00f3lni fog ahhoz a m\u00e9lyebb b\u00f6lcsess\u00e9ghez, aminek m\u00e1ris birtok\u00e1ban vagytok.<\/p>\n<p><strong>It will speak to your heart, even beyond your thoughts and beliefs and the thoughts and beliefs of your culture and your nation.<\/strong><\/p>\n<p>Sz\u00edvetekhez fog sz\u00f3lni szemk\u00e9lyes gondolatitok, hitn\u00e9zeteitek, de m\u00e9g kultur\u00e1tok \u00e9s nemzetetek gondolatain \u00e9s hitbeli n\u00e9zetein is t\u00falmen\u0151en.<\/p>\n<p><strong>Receive this gift and learn of it patiently, taking the Steps to Knowledge, learning wisdom from the Greater Community and recognizing the power of the One Spirituality of humanity to unite, strengthen and prepare humanity to recognize and to navigate the difficult times ahead<\/strong>.<\/p>\n<p>Fogadj\u00e1tok ezt az adom\u00e1nyt \u00e9s t\u00fcrelmesen tanulm\u00e1nyozz\u00e1tok, k\u00f6vess\u00e9tek a Tud\u00e1s L\u00e9p\u00e9seit, b\u00f6lcsess\u00e9get tanulva a Nagyobb K\u00f6z\u00f6ssg\u00e9t\u0151l Ismerj\u00e9tek fel az emberis\u00e9g Egy-Szellemis\u00e9g\u00e9nek egyes\u00edt\u0151 erej\u00e9t, s er\u0151sits\u00e9tek \u00e9s k\u00e9szits\u00e9tek fel az emberis\u00e9get a bek\u00f6vetkez\u0151 neh\u00e9z id\u0151k felismer\u00e9s\u00e9re \u00e9s navig\u00e1l\u00e1s\u00e1ra.<\/p>\n<p><strong>Receive the New Message in its calling for the preservation and the strengthening of human freedom, cooperation and responsibility, for without this New Message, humanity is facing a grave and precipitous decline.<\/strong><\/p>\n<p>Fogadj\u00e1tok az \u00daj \u00dczenet felh\u00edv\u00e1s\u00e1t, hogy meg\u0151rizz\u00e9tek \u00e9s meger\u0151s\u00edts\u00e9tek az emberi szabads\u00e1got, ko\u00f3per\u00e1ci\u00f3t \u00e9s felel\u0151ss\u00e9get, k\u00fcl\u00f6nben az \u00daj \u00dczenet n\u00e9lk\u00fcl az emberis\u00e9g egy s\u00falyos \u00e9s meredek hanyatl\u00e1sba zuhan.<\/p>\n<p><strong>Humanity is facing the loss of its freedom and sovereignty in this world to intervening forces from the universe.<\/strong><\/p>\n<p>Az emberis\u00e9g a vil\u00e1gegyetemb\u0151l sz\u00e1rmaz\u00f3 beavatkoz\u00f3 er\u0151k miatt saj\u00e1t szabads\u00e1g\u00e1nak \u00e9s szuverenti\u00e1s\u00e1nak az elveszt\u00e9s\u00e9re sz\u00e1m\u00edthat.<\/p>\n<p><strong>Without this New Message, the human spirit will remain dormant, and people will live lives of desperation, competition and conflict.<\/strong><\/p>\n<p>Ez \u00dczenet n\u00e9lk\u00fcl az emberi szellem tov\u00e1bb fog szunnyadozni, s az emberek a k\u00e9ts\u00e9gbees\u00e9s, verseng\u00e9s \u00e9s konfliktusok \u00e1rny\u00e9k\u00e1ban fogj\u00e1k \u00e9let\u00fcket le\u00e9lni.<\/p>\n<p><strong>It is the Creator\u2019s Will that humanity emerge into the Greater Community of intelligent life in the universe as a free and sovereign race\u2014as a strong race, as a united race, as a race that is capable of maintaining its cultural diversity while honoring the deeper strength and purpose that will keep the human family strong, that will keep the human family vital, active and creative.<\/strong><\/p>\n<p>A Teremt\u0151 Akarata az, hogy az emberis\u00e9g felemelkedj\u00e9k a vi\u00e1gegyetemben lev\u0151 intelligens \u00e9let Nagyobb K\u00f6z\u00f6ss\u00e9g\u00e9be mint szabad \u00e9s szuver\u00e9n faj \u2014 er\u0151s fajk\u00e9nt, egys\u00e9ges fajk\u00e9nt, olyan fajk\u00e9nt mely kultur\u00e1lis sokszer\u00fas\u00e9g\u00e9t k\u00e9pes meg\u0151rizni, s tiszteletben tartani azt a m\u00e9lyebb er\u0151t \u00e9s sz\u00e1nd\u00e9kot, ami er\u0151t ad az emberi csal\u00e1dnak, hogy duzzad\u00f3, er\u0151s, aktiv \u00e9s kreat\u00edv szellemben tudja \u00e9ltet\u00e9t \u00e9lni.<\/p>\n<p><strong>The New Message from God presents a new opportunity for advancement in the future, but to advance you must survive. You must survive the difficult times ahead, and you must survive competition from beyond the world regarding who will control this world and its destiny.<\/strong><\/p>\n<p>Az Istent\u0151l j\u00f6v\u0151 \u00daj \u00dczenet \u00faj lehet\u0151s\u00e9get ad a j\u00f6v\u0151beni fejl\u0151d\u00e9sere, de ahhoz hogy id\u00e1ig egy\u00e1ltal\u00e1n eljussatok, t\u00fal kell \u00e9lj\u00e9tek, amik k\u00f6vetkeznek. T\u00fal kell \u00e9lj\u00e9tek a r\u00e1tok v\u00e1r\u00f3 neh\u00e9z id\u0151ket, t\u00fal kell \u00e9lj\u00e9tek a vil\u00e1g \u00e9s a vil\u00e1g sors\u00e1nak vezet\u00e9s\u00e9re ir\u00e1nyul\u00f3 verseng\u00e9st, ami a vil\u00e1gon k\u00edv\u00fclr\u0151l j\u00f6n.<\/p>\n<p><strong>Each individual must recognize that they have a great opportunity to discover the deeper Knowledge that God has given them\u2014the Knowledge which contains their purpose, meaning and direction and the criteria for all their meaningful relationships.<\/strong><\/p>\n<p>Minden egy\u00e9nnek fel kell ismerni az Istent\u0151l kapott m\u00e9lyebb Tud\u00e1s felfedez\u00e9s\u00e9nek nagy lehet\u0151seget \u2014 az a Tud\u00e1s, mely felt\u00e1rul el\u0151tt\u00fck \u00e9let\u00fck c\u00e9lj\u00e1t \u00e9s \u00e9rtelm\u00e1t, s egyben ir\u00e1nyt \u00e9s t\u00e1mpontokat ad nekik minden jelent\u0151s\u00e9gteljes kapcsolatuban.<\/p>\n<p><strong>There is a New Message from God for the individual, and there is a New Message from God for the entire world.<\/strong><\/p>\n<p>Egy Istent\u0151l j\u00f6v\u0151 \u00daj \u00dczenet van az egy\u00e9n sz\u00e1m\u00e1ra, \u00e9s \u00daj \u00dczenet egyben Istent\u0151l az eg\u00e9sz vil\u00e1g sz\u00e1m\u00e1ra is.<\/p>\n<p><strong>It is here now.<\/strong><\/p>\n<p>\u00c9s most van itt.<\/p>\n<p><strong>It has taken a long time for the Messenger to receive it, for the Message is very great.<\/strong><\/p>\n<p>Hossz\u00fa ideig tartott, mig a Hirn\u00f6k k\u00e9pes volt ezt befogadni, hiszen hatalmas \u00dczenetr\u0151l van sz\u00f3.<\/p>\n<p><strong>Honor then the one who has come to bring the New Message into the world.<\/strong><\/p>\n<p>Tiszetelj\u00e9tek teh\u00e1t \u0151t, aki az \u00daj \u00dczenetet hozza a vil\u00e1gba.<\/p>\n<p><strong>He is a humble man.<\/strong><\/p>\n<p>Al\u00e1zatos ember \u0151.<\/p>\n<p><strong>He has developed the wisdom necessary to undertake such a great role, and he has been sent into the world for this purpose.<\/strong><\/p>\n<p>Kifejlesztette mag\u00e1ban a b\u00f6lcsess\u00e9get, melyre sz\u00fcks\u00e9g van egy ekkora szerep bet\u00f6lt\u00e9s\u00e9hez, s ebb\u0151l a c\u00e9lb\u00f3l is lett \u0151 e vil\u00e1gba k\u00fcldve.<\/p>\n<p><strong>Receive him.<\/strong><\/p>\n<p>Fogdj\u00e1tok \u0151t.<\/p>\n<p><strong>Understand him.<\/strong><\/p>\n<p>\u00c9rts\u00e9tek meg \u0151t.<\/p>\n<p><strong>Yet do not exalt him.<\/strong><\/p>\n<p>Ugyanakkor ne magasztalj\u00e1tok \u0151t.<\/p>\n<p><strong>He is not a god. He is a Messenger bringing the New Message from God into the world.<\/strong><\/p>\n<p>\u0150 nem egy isten. \u0150 egy Hirn\u00f6k, aki Isten \u00daj \u00dczenet\u00e9t hozza a vil\u00e1gba.<\/p>\n<p><strong>This is the time now.<\/strong><\/p>\n<p>Most van itt az id\u0151.<\/p>\n<p><strong>This is the great opportunity.<\/strong><\/p>\n<p>Ez itt a nagy lehet\u0151s\u00e9g.<\/p>\n<p><strong>This is the answer to people\u2019s prayers all around the world\u2014prayers through every religion, through every nation and culture, prayers for wisdom, strength, unity, freedom and deliverance.<\/strong><\/p>\n<p>Ez Isten v\u00e1lasza az embereknek a vil\u00e1gszerte mondott im\u00e1ira \u2014 minden vall\u00e1son bel\u00fcli im\u00e1ra, minden nemzet \u00e9s kultura r\u00e9sz\u00e9r\u0151l b\u00f6lcsess\u00e9g\u00e9rt, er\u0151\u00e9rt, egys\u00e9g\u00e9rt, szabads\u00e9gert \u00e9s megment\u00e9s\u00e9rt mondott im\u00e1ira.<\/p>\n<p><strong>Receive this New Message now.<\/strong><\/p>\n<p>Fogadj\u00e1tok most ezt az \u00daj \u00dczenetet.<\/p>\n<p><strong>It is come, and it is come at just the right time.<\/strong><\/p>\n<p>Meg\u00e9rkezett, s \u00e9rkez\u00e9se pontosan a megfelel\u0151 id\u0151ben t\u00f6rt\u00e9nt.<\/p>\n<p>&nbsp;<\/p>\n","protected":false},"excerpt":{"rendered":"<p>Az \u00dczenetr\u0151l Isten \u00daj \u00dczenete a Teremt\u0151 eredeti k\u00f6zlem\u00e9nye, mely a nagy v\u00e1ltoz\u00e1sok, konfliktusok \u00e9s zavarg\u00e1sok idej\u00e9n \u00e9rkezett. Az \u00dczenetet a H\u00edrn\u0151k, Marshall Vian Summers, egy 30 \u00e9ves id\u0151szakon \u00e1t kapta \u00e9s fogadta, s ez a kinyilatkoztat\u00e1s minden jelenlegi vall\u00e1shagyom\u00e1nyon vagy szellemi tan\u00edt\u00e1son k\u00edv\u00fcl \u00e1ll. Az \u00daj \u00dczenet tiszteletben tartja a Teremt\u0151t\u0151l a vil\u00e1gnak adott [&hellip;]<\/p>\n","protected":false},"author":22,"featured_media":0,"parent":0,"menu_order":0,"comment_status":"closed","ping_status":"closed","template":"","meta":{"_monsterinsights_skip_tracking":false,"_monsterinsights_sitenote_active":false,"_monsterinsights_sitenote_note":"","_monsterinsights_sitenote_category":0,"footnotes":""},"categories":[65],"tags":[67],"_links":{"self":[{"href":"https:\/\/www.v6.newmessage.org\/hu\/wp-json\/wp\/v2\/pages\/5192"}],"collection":[{"href":"https:\/\/www.v6.newmessage.org\/hu\/wp-json\/wp\/v2\/pages"}],"about":[{"href":"https:\/\/www.v6.newmessage.org\/hu\/wp-json\/wp\/v2\/types\/page"}],"author":[{"embeddable":true,"href":"https:\/\/www.v6.newmessage.org\/hu\/wp-json\/wp\/v2\/users\/22"}],"replies":[{"embeddable":true,"href":"https:\/\/www.v6.newmessage.org\/hu\/wp-json\/wp\/v2\/comments?post=5192"}],"version-history":[{"count":29,"href":"https:\/\/www.v6.newmessage.org\/hu\/wp-json\/wp\/v2\/pages\/5192\/revisions"}],"predecessor-version":[{"id":5574,"href":"https:\/\/www.v6.newmessage.org\/hu\/wp-json\/wp\/v2\/pages\/5192\/revisions\/5574"}],"wp:attachment":[{"href":"https:\/\/www.v6.newmessage.org\/hu\/wp-json\/wp\/v2\/media?parent=5192"}],"wp:term":[{"taxonomy":"category","embeddable":true,"href":"https:\/\/www.v6.newmessage.org\/hu\/wp-json\/wp\/v2\/categories?post=5192"},{"taxonomy":"post_tag","embeddable":true,"href":"https:\/\/www.v6.newmessage.org\/hu\/wp-json\/wp\/v2\/tags?post=5192"}],"curies":[{"name":"wp","href":"https:\/\/api.w.org\/{rel}","templated":true}]}}