{"id":28036,"date":"2022-07-22T10:41:11","date_gmt":"2022-07-22T10:41:11","guid":{"rendered":"https:\/\/www.newmessage.org\/hr\/?page_id=28036"},"modified":"2022-07-22T10:41:11","modified_gmt":"2022-07-22T10:41:11","slug":"god-is-moving-humanity-in-a-new-direction","status":"publish","type":"page","link":"https:\/\/www.v6.newmessage.org\/hr\/the-message\/volume-1\/god-spoken-again\/god-is-moving-humanity-in-a-new-direction\/","title":{"rendered":"Bog Pokre\u0107e \u010covje\u010danstvo u Novom Smjeru"},"content":{"rendered":"<div><!-- 4.1 Verse --><\/div>\n\n<div class=\"tabgroup \"><ul class=\"tabs\"><li><a href=\"#tabs-1\">Poslu\u0161ajte<\/a><\/li>\n<li><a href=\"#tabs-2\">Pogledajte<\/a><\/li>\n<li><a href=\"#tabs-3\">Napomena<\/a><\/li><\/ul>\n <div id=\"tabs-1\"><\/p>\n<p>Poslu\u0161ajte izvorno izgovoreno otkrivenje na Engleskom:<\/p>\n<div id=\"jquery_jplayer_1\" class=\"jp-jplayer\"><\/div>\n\t\t\t\t<div id=\"jp_container_1\" class=\"jp-audio\">\n\t\t\t\t<div class=\"jp-type-single\"><div class=\"jp-control\"><a href=\"javascript:;\" class=\"jp-play\" tabindex=\"1\">play<\/a><a href=\"javascript:;\" class=\"jp-pause\" tabindex=\"1\">pause<\/a><\/div> <div class=\"jp-gui jp-interface\"><div class=\"jp-volume\"><div class=\"jp-volume-bar\"><div class=\"jp-volume-bar-value\"><\/div><\/div><\/div><div class=\"jp-progress\"><div class=\"jp-seek-bar\"><div class=\"jp-play-bar\"><\/div><\/div><\/div><\/div>\t\t\t\t\t<div class=\"jp-no-solution\"><span>Update Required<\/span>To play the media you will need to either update your browser to a recent version or update your <a href=\"http:\/\/get.adobe.com\/flashplayer\/\" target=\"_blank\">Flash plugin<\/a>.<\/div><\/div><\/div>\n\t\t\t<script type='text\/javascript'>\n\t\t\t\tjQuery(document).ready(function() {\n\t\t\t\t\tif (typeof (sermonMedia) == 'function') {\n\t\t\t\t\t\tsermonMedia.addAudio('', \"jquery_jplayer_1\");\n\t\t\t\t\t}\n\t\t\t\t\tjQuery.jPlayer.timeFormat.showHour = true;\n\t\t\t\t\tjQuery(\"#jquery_jplayer_1\").jPlayer({\n\t\t\t\t\t\tready: function(event) {\n\t\t\t\t\t\t\tjQuery(this).jPlayer(\"setMedia\", {mp3: 'https:\/\/newmessage.org\/av\/god-is-moving-humanity-in-a-new-direction.mp3'});\n\t\t\t\t\t\t},\n\t\t\t\t\t\tplay: function() {\n\t\t\t\t\t\t\tjQuery(this).jPlayer(\"pauseOthers\");\n\t\t\t\t\t\t},\n\t\t\t\t\t\tswfPath: ThemeData.directory_uri+\"\/swf\",\n\t\t\t\t\t\tsolution: \"html, flash\",\n\t\t\t\t\t\tpreload: \"metadata\",\n\t\t\t\t\t\twmode: \"window\",\n\t\t\t\t\t\tsupplied: \"mp3\",\n\t\t\t\t\t\tcssSelectorAncestor: '#jp_container_1'\n\t\t\t\t\t});\n\t\t\t\t});\n\t\t\t<\/script><\/p>\n<p><a title=\"God Is Moving Humanity in a New Direction\" href=\"https:\/\/newmessage.org\/av\/god-is-moving-humanity-in-a-new-direction.mp3\">Preuzimanje<\/a> (desni klik za preuzeti)<\/p>\n<p><a href=\"https:\/\/www.community.newmessage.org\/gods-is-moving-humanity-in-a-new-direction\/\"><img decoding=\"async\" class=\"aligncenter size-medium wp-image-52811 imgborder\" src=\"https:\/\/www.newmessage.org\/wp-content\/uploads\/2022\/03\/GHS-Moving-Humanity.jpeg\" alt=\"\" \/><\/a><\/p>\n<p><em>Kako je otkriveno Bo\u017ejem Glasniku<br \/>\nMarshall Vian Summersu<br \/>\n22. travnja, 2011.<br \/>\nu Boulderu, Colorado<br \/>\n<\/em><\/p>\n<div class=\"toggle toggle-white\"><h4 class=\"trigger \"><span class=\"t_ico\"><\/span><a href=\"#\">O ovom zapisu<\/a><\/h4><div class=\"toggle_container \"><br \/>\n<p>O ovom zapisu:<\/p>\n<p>Ono \u0161to \u010dujete u ovom audio zapisu je glas An\u0111eoskog Skupa koji govori kroz Glasnika Marshall Vian Summersa.<\/p>\n<p>Ovdje, izvorna komunikacija od Boga, koja postoji izvan rije\u010di, prevedena je na ljudski jezik i razumijevanje od strane An\u0111eoskog Skupa koji nadgleda ovaj svijet. Skup tada dostavlja Bo\u017eju Poruku kroz Glasnika.<\/p>\n<p>U ovom izvanrednom procesu, Glas Otkrivenja se ponovno obra\u0107a. Rije\u010d i Zvuk su u svijetu. Po prvi puta u povijesti, zapis izvornog izre\u010denog otkrivenja dostupan je vama i svijetu da iskusite.<\/p>\n<p>Neka budete primalac ovog dara Otkrivenja i neka budete otvoreni primiti njegovu jedinstvenu Poruku za vas i va\u0161 \u017eivot.<\/p>\n<br \/>\n<\/div><\/div>\n<p><\/div>\n<div id=\"tabs-2\"><\/p>\n<p><iframe loading=\"lazy\" title=\"God is Moving Humanity in a New Direction\" width=\"275\" height=\"155\" src=\"https:\/\/www.youtube.com\/embed\/YtjN732iWAE?feature=oembed&#038;enablejsapi=1&#038;origin=https:\/\/www.newmessage.org\" frameborder=\"0\" allow=\"accelerometer; autoplay; clipboard-write; encrypted-media; gyroscope; picture-in-picture\" allowfullscreen><\/iframe><\/p>\n<p><\/div>\n<div id=\"tabs-3\"><br \/>\nNapomena \u010ditatelju:<br \/>\nOvaj prijevod pru\u017een je Dru\u0161tvu od strane u\u010denika Nove Poruke koji je volontirao da prevede izvorni Engleski tekst. \u010cinimo ovaj prijevod dostupnim svijetu u ovom ranom obliku kako bi ljudi imali \u0161ansu sudjelovati sa dijelom Nove Poruke na vlastitom jeziku.<br \/>\n<\/div>\n\t\t\t\t<div align=\"right\">\n\t\t\t<div class=\"fb-like\" data-href=\"\" data-layout=\"button_count\" data-action=\"like\" data-show-faces=\"false\" data-share=\"false\"><\/div>\n\t\t\t<div class=\"fb-share-button\" data-layout=\"button_count\"> <\/div>\n\t\t\t<div class=\"fb_iframe_widget\"><a href=\"https:\/\/twitter.com\/godsnewmessage?ref_src=twsrc%5Etfw\" class=\"twitter-follow-button\" data-show-count=\"false\">Follow @godsnewmessage<\/a><script async src=\"https:\/\/platform.twitter.com\/widgets.js\" charset=\"utf-8\"><\/script><\/div>\n\t\t\t<\/div> <\/div> \n\n<p><span style=\"font-weight: 400;\">Bog pokre\u0107e \u010dovje\u010danstvo u novom smjeru, u smjeru u kojem se prije nije moralo kretati. Jer svijet se je promijenio, a \u010dovje\u010danstvo se suo\u010dava s Ve\u0107om Zajednicom \u017eivota u svemiru \u2013 velikom promjenom, velikim pragom u dugoj evoluciji \u010dovje\u010danstva, vremenom golemog prevrata i nesigurnosti, opasnim vremenom za ljudsku obitelj, vremenom koje \u0107e se kretati uz doga\u0111aje koji se brzo odvijaju.<\/span><\/p>\n<p><span style=\"font-weight: 400;\">Bog pokre\u0107e \u010dovje\u010danstvo u novom smjeru, prema svjetskoj zajednici koja je u stanju uzdr\u017eavati svijet, koja je u stanju sastati se sa stvarnostima \u017eivota u svemiru, koje \u0107e biti nametnute na vas i koje se \u010dak i u ovom trenutku name\u0107u na vas. To je velika promjena koju mnogi ljudi osje\u0107aju, ali ne razumiju.<\/span><\/p>\n<p><span style=\"font-weight: 400;\">Kretanje svijeta se ubrzava, gdje \u0107e \u017eivoti ljudi biti preplavljeni i sustignuti velikom ekolo\u0161koj promjenom koja se de\u0161ava te kroz politi\u010dki i ekonomski prevrat. Sve to je sada u pokretu i ne mo\u017ee se zaustaviti, samo ubla\u017eiti. To \u0107e zahtijevati veliku prilagodbu.<\/span><\/p>\n<p><span style=\"font-weight: 400;\">Na ovom velikom pragu u povijesti \u010dovje\u010danstva, Novo Otkrivenje je poslano u svijet, i Glasnik je poslan ovdje da ga primi, pripremi i predstavi. Za njega, to je dugo putovanje, dugo i te\u0161ko putovanje.<\/span><\/p>\n<p><span style=\"font-weight: 400;\">Poruka je za \u010dovje\u010danstvo sada velika, sveobuhvatnija i potpunija nego bilo koja poruka koja je ikada bila poslana u svijet, potpuna s u\u010denjem i komentarima kako bi njena mudrost i njeno Znanje bili razaznati i ispravno upotrijebljeni, a ne samo ostavljeni ljudskoj interpretaciji.<\/span><\/p>\n<p><span style=\"font-weight: 400;\">Ljudi ne vide, ne \u010duju. Stranci su sebi. A njihove uro\u0111ene vje\u0161tine raspoznavanja okru\u017eenja, za mnoge, su izgubljene i nerazvijene.<\/span><\/p>\n<p><span style=\"font-weight: 400;\">To \u010dini Glasnikov zadatak te\u017eim. On mora nositi Misteriju, jer Otkrivenje je izvan podru\u010dja intelekta, a zasigurno nije uvjetovano o\u010dekivanjima, uvjerenjima i shva\u0107anjima ljudi.<\/span><\/p>\n<p><span style=\"font-weight: 400;\">Bog pokre\u0107e svijet u novom smjeru. To je smjer koji je oduvijek bio namijenjen, ali biti \u0107e nov za ljude svijeta. Biti \u0107e nov va\u0161em razumijevanju.<\/span><\/p>\n<p><span style=\"font-weight: 400;\">Velika Otkrivenja Stvoritelja su uvijek takva. Uvijek predstavljaju novu stvarnost, novu svjesnost, novu dimenziju i novo obe\u0107anje.<\/span><\/p>\n<p><span style=\"font-weight: 400;\">Svijet postaje mra\u010dniji, i to ve\u0107e obe\u0107anje je sada potrebno. Samo svjetlost Znanja, ve\u0107e inteligencije koju je Stvoritelj podario ljudskoj obitelji i svim rasama u svemiru, samo vas to sada mo\u017ee osposobiti da shvatite i odazovete se.<\/span><\/p>\n<p><span style=\"font-weight: 400;\">Jer vra\u0107ate se Bogu po Bo\u017ejim uvjetima. A Bo\u017eje Poruke moraju biti shva\u0107ene, kakve uistinu jesu i kakve su namijenjene biti.<\/span><\/p>\n<p><span style=\"font-weight: 400;\">Biti \u0107e mnogo borbe i sva\u0111e s time, a Glasnik i Glasnikovi sljedbenici se moraju suo\u010diti s tom pote\u0161ko\u0107om, tom frustracijom, i iskazati veliko strpljenje.<\/span><\/p>\n<p><span style=\"font-weight: 400;\">Takvo Otkrivenje ne\u0107e biti prihva\u0107eno ispo\u010detka, a samo nekolicina \u0107e mo\u0107i u potpunosti odgovoriti. Ali kako vrijeme bude odmicalo i svijet postane turbulentniji, Nova Poruka \u0107e ste\u0107i ve\u0107u privla\u010dnost, ve\u0107e priznanje i ve\u0107u relevantnost.<\/span><\/p>\n<p><span style=\"font-weight: 400;\">Ona odgovara na pitanja koja \u010dak niste ni postavili. Ona je priprema je za budu\u0107nost kao i lijek za sada\u0161njost.<\/span><\/p>\n<p><span style=\"font-weight: 400;\">Va\u0161i filozofi i teolozi ne\u0107e znati \u0161to bi s njom. Imati \u0107e problema s njom. Ne\u0107e se prilagoditi njihovom razumijevanju, u koji su se toliko jako ulo\u017eili. Religijski vo\u0111e \u0107e se boriti protiv nje jer govori o stvarnosti koju jo\u0161 ne prepoznaju.<\/span><\/p>\n<p><span style=\"font-weight: 400;\">Bog pokre\u0107e \u010dovje\u010danstvo u novom smjeru. Glasnik je ovdje kako bi pru\u017eio Otkrivenje. Trebala su mu desetlje\u0107a da ga primi. Trebati \u0107e desetlje\u0107a da bude prepoznato u svijetu.<\/span><\/p>\n<p><span style=\"font-weight: 400;\">Ali vrijeme je problem. \u010covje\u010danstvo nema puno vremena da se pripremi za novi svijet i za kontakt s inteligentnim \u017eivotom u svemiru \u2013 kontakt koji se ve\u0107 odvija, kontakt s opasnom svrhom i namjerom.<\/span><\/p>\n<p><span style=\"font-weight: 400;\">Ljudi su opsjednuti svojim potrebama, svojim problemima, svojim \u010de\u017enjama i svojim \u017eeljama. Ne vide kretanje svijeta. Jer svijet se je promijenio, ali ljudi se nisu promijenili s njime. A sada se suo\u010davate s novim skupom stvarnosti.<\/span><\/p>\n<p><span style=\"font-weight: 400;\">\u0160to \u0107e bog re\u0107i na ovo kako se ljudi osje\u0107aju preplavljeni, kako se njihova proro\u010danstva za budu\u0107nost ne ispune, kako se povratak njihovog spasitelja ne dogodi, kako vjeruju da Bog stvara sve ove probleme za njih?<\/span><\/p>\n<p><span style=\"font-weight: 400;\">Otkrivenje se obra\u0107a svim ovim stvarima. Ali morate biti otvoreni prema Otkrivenju, i morate se suo\u010diti s izgledom velike promjene, jer nad vama je i nad svijetom, i kretati \u0107e se naprijed.<\/span><\/p>\n<p><span style=\"font-weight: 400;\">Ne mo\u017eete i\u0107i unatrag tisu\u0107ama godina i poku\u0161ati shvatiti \u0161to se odvija u svijetu danas. Jer evolucija \u010dovje\u010danstva je do\u0161la u novu poziciju, poziciju dominantnosti u svijetu i poziciju ve\u0107e ranjivosti u svemiru.<\/span><\/p>\n<p><span style=\"font-weight: 400;\">Gdje \u0107e vas ova edukacija po\u010deti pripremati za novi svijet i za Ve\u0107u Zajednicu \u017eivota \u2013 dva doga\u0111aja koja \u0107e promijeniti tok ljudske povijesti i utjecati na \u017eivot svake osobe?<\/span><\/p>\n<p><span style=\"font-weight: 400;\">Vlade ne znaju. Religijski vo\u0111e ne znaju. Stru\u010dnjaci ne znaju. Sveu\u010dili\u0161ta ne mogu pripremiti ljude.<\/span><\/p>\n<p><span style=\"font-weight: 400;\">Otkrivenje mora do\u0107i od Stvoritelja sveg \u017eivota, i to se sada doga\u0111a. Jer \u017eivite u vrijeme Otkrivenja, a Glasnik je u svijetu. Dokle god je on u svijetu, imate priliku primiti i pripremiti se. Kada ga ne bude, biti \u0107e druk\u010dije. Biti \u0107e te\u017ee. U tome, on je Svjetlo u svijetu.<\/span><\/p>\n<p><span style=\"font-weight: 400;\">On je skroman \u010dovjek i ne tvrdi ni\u0161ta osim da je Glasnik, jer to je uloga koja mu je bila dodijeljena. Mora pripremiti \u010dovje\u010danstvo za novi svijet kroz Novo Otkrivenje. Mora pripremiti \u010dovje\u010danstvo za Ve\u0107u Zajednicu kroz Novo Otkrivenje. Mora govoriti o velikoj promjeni koja dolazi i koja je ve\u0107 nad ljudima posvuda, kroz Otkrivenje.<\/span><\/p>\n<p><span style=\"font-weight: 400;\">Bog pokre\u0107e \u010dovje\u010danstvo u novom smjeru. Mo\u017ee li se \u010dovje\u010danstvo pokrenuti? Mogu li se ljudi odazvati? Mo\u017eete li se vi odazvati? Mo\u017eete li prihvatiti kako \u017eivite u vrijeme Otkrivenja i razmotriti \u0161to to zna\u010di za va\u0161 \u017eivot te izazov koji to stavlja pred vas?<\/span><\/p>\n<p><span style=\"font-weight: 400;\">Ljudi ne shva\u0107aju koliko im \u017eivot i okolnosti ovise o stanju svijeta i kretanju svijeta. Samo u siroma\u0161nijim nacijama je ova ve\u0107a stvarnost sveprisutna. U bogatijim nacijama, bogatstvo vas izolira od ve\u0107ih stvarnosti \u017eivota do odre\u0111ene mjere, neko vrijeme. Ali to bogatstvo \u0107e se smanjiti, a ve\u0107e stvarnosti su nad vama.<\/span><\/p>\n<p><span style=\"font-weight: 400;\">Kako se \u010dovje\u010danstvo odazove i pripremi \u0107e u\u010diniti svu razliku. \u0160to informira odluke pojedinaca \u0107e u\u010diniti svu razliku. Koji \u0107e glas poslu\u0161ati, da li \u0107e to biti glas mo\u0107i i prisutnosti Znanja koje im je Bog dao da ih vodi i \u0161titi, ili \u0107e to biti glas njihove kulture ili glas straha ili glas ljutnje ili ambicije.<\/span><\/p>\n<p><span style=\"font-weight: 400;\">Ovi izbori su temeljni za pojedinca, a \u0161to pojedinci odlu\u010de \u0107e odrediti sudbinu i budu\u0107nost \u010dovje\u010danstva. Stoga, odgovornost pada na svakoga, ne samo na vo\u0111e i institucije.<\/span><\/p>\n<p><span style=\"font-weight: 400;\">Zato Bog donosi Novu Poruku ljudima a ne vo\u0111ama nacija. Jer vo\u0111e nisu slobodni. Sputani su svojim uredima i onima koji su ih izabrali, o\u010dekivanjima drugih. Zato Otkrivenje dolazi k vama i k ljudima. Njihove odluke i odlu\u010dnost je ono \u0161to \u0107e u\u010diniti svu razliku.<\/span><\/p>\n<p><span style=\"font-weight: 400;\">Ljudi \u017eele mnoge stvari. Ne \u017eele izgubiti ono \u0161to imaju. Zate\u010deni su u trenutku. Nemaju perspektivu vidjeti kuda im \u017eivot ide.<\/span><\/p>\n<p><span style=\"font-weight: 400;\">Otkrivenje \u0107e biti veliki \u0161ok i veliki izazov svakoj osobi. Ali taj \u0161ok i izazov je \u0161ok Otkrivenja. Izazov je biti suo\u010den s Voljom Stvoritelja. Izazov je da li mo\u017eete odgovoriti te priroda va\u0161eg odgovora.<\/span><\/p>\n<p><span style=\"font-weight: 400;\">Ne mo\u017eete stajati gdje jeste, jer svijet se je promijenio, i jo\u0161 \u0107e se promijeniti. Kre\u0107e se. Morate se kretati s njime. To je biti u skladu sa \u017eivotom. To je iza\u0107i iz izolacije. To je osloboditi se od odvra\u0107ene pa\u017enje i opsesije. To je u\u010diti slu\u0161ati, gledati, umiriti svoj um kako bi mogli vidjeti. To je odricanje svojih jadikovki kako bi mogli razumjeti gdje ste. To je poduzimanje Koraka do Znanja kako bi Prisutnost i Bo\u017eja Mo\u0107 mogle govoriti kroz vas i vama.<\/span><\/p>\n<p><span style=\"font-weight: 400;\">To je Otkrivenje koje nosi \u010dovje\u010danstvo u novom smjeru. Da li su ljudi voljni i\u0107i, ili \u0107e ostati iza \u2013 suo\u010deni s Velikim Valovima promjene, usnuli na pla\u017ei dok se Veliki Valovi grade, \u017eive\u0107i na obali misle\u0107i kako je sve dobro, \u017eive\u0107i za trenutak, u nemogu\u0107nosti odgovoriti na znakove svijeta, \u017eive\u0107i pod pretpostavkama koje nisu u skladu sa stvarnostima \u017eivota?<\/span><\/p>\n<p><span style=\"font-weight: 400;\">Tko mo\u017ee odgovoriti? Tko \u0107e gledati? Tko \u0107e slu\u0161ati? Tko \u0107e ostaviti postrance svoje ideje, svoja uvjerenja i svoje preferencije dovoljno dugo kako bi vidjeli ne\u0161to, \u010duli ne\u0161to, znali ne\u0161to?<\/span><\/p>\n<p><span style=\"font-weight: 400;\">To \u0107e Glasnik tra\u017eiti od vas da napravite. To Otkrivenje zahtijeva. To \u017eivljenje u novom svijetu zahtijeva. To pojavljivanje u Ve\u0107oj Zajednici \u017eivota zahtijeva.<\/span><\/p>\n<p><span style=\"font-weight: 400;\">Da li \u0107e \u010dovje\u010danstvo biti neozbiljno i nespretno, neupu\u0107eno i nereagiraju\u0107e, njezina ve\u0107a inteligencija neprepoznata i neupotrijebljena? To su pitanja. Odgovori nisu o\u010diti, jer jo\u0161 nisu nastali. Nisu se suo\u010dili s pravim testom koji je nad ljudskom obitelji.<\/span><\/p>\n<p><span style=\"font-weight: 400;\">Ali Stvoritelj sveg \u017eivota voli svijet i voli \u010dovje\u010danstvo te je poslao mo\u0107 iskupljenja u svijet \u2013 kako bi iskupio pojedinca i obnovio mu mo\u0107 i integritet, kako bi zadovoljio izazove \u017eivota koji se sada pojavljuju na obzoru.<\/span><\/p>\n<p><span style=\"font-weight: 400;\">Bog pokre\u0107e \u010dovje\u010danstvo u novom smjeru. To je vrijeme za pripremiti se, primiti i podr\u017eati Otkrivenje.<\/span><\/p>\n<p><span style=\"font-weight: 400;\">Ljudi \u0107e se \u017ealiti. Protestirati \u0107e. Opirati \u0107e se. Optu\u017eiti \u0107e Glasnika. Odre\u0107i \u0107e se Otkrivenja. U nemogu\u0107nosti se odazvati, nevoljni ponovno razmotriti \u017eivot i svoje ideje, opirati \u0107e se.<\/span><\/p>\n<p><span style=\"font-weight: 400;\">To se uvijek dogodi u vrijeme Otkrivenja. Oni koji imaju najvi\u0161e ulo\u017eeno u pro\u0161lost \u0107e se opirati novom svijetu i svemu u njemu. Oni ne mogu vidjeti. Ne\u0107e znati. Nemaju hrabrosti ponovno razmotriti svoju poziciju. Nemaju skromnosti stati pred lice Otkrivenja.<\/span><\/p>\n<p><span style=\"font-weight: 400;\">\u0160to Bog mo\u017ee za njih u\u010diniti? Toliko puno su tra\u017eili od Stvoritelja, ali ne mogu odgovoriti Stvoriteljevom odgovoru. \u0160to Bog mo\u017ee za njih u\u010diniti?<\/span><\/p>\n<p><span style=\"font-weight: 400;\">Budite me\u0111u prvima koji \u0107e se odazvati kako bi va\u0161i ve\u0107i darovi u \u017eivotu mogli biti uspostavljeni i imali priliku iza\u0107i na vidjelo u danima i godinama va\u0161eg \u017eivota.<\/span><\/p>\n<p><span style=\"font-weight: 400;\">To je mo\u0107 Otkrivenja \u2013 osloboditi mudrost i Znanje koje \u010dovje\u010danstvo sada o\u010dajni\u010dki treba kako bi se pripremilo za budu\u0107nost koja ne\u0107e biti nalik pro\u0161losti.<\/span><\/p>\n<p><span style=\"font-weight: 400;\">Blagoslovi su s vama. Mo\u0107 iskupljenja je u vama, u Znanju u vama. Ali \u0161to mo\u017ee rasplamsati ovo Znanje i prizvati ga naprijed i omogu\u0107iti vam da mu pri\u0111ete, da ga razumijete, i da ga uspje\u0161no slijedite?<\/span><\/p>\n<p><span style=\"font-weight: 400;\">Mora biti rasplamsano od strane Boga. Otkrivenje je tu kako bi pokrenulo ve\u0107e iskupljenje pojedinaca u pripremi za novi svijet i za sudbinu \u010dovje\u010danstva u svemiru, koja se jo\u0161 treba prepoznati i ispuniti.<\/span><\/p>\n<p><span style=\"font-weight: 400;\">Vrijeme je za odazvati se. Vrijeme je za biti stvarno iskren sa sobom, ne bazirati svoj \u017eivot na svojim preferencijama ili svojim strahovima, ve\u0107 ne istinskom prepoznavanju u sebi.<\/span><\/p>\n<p><span style=\"font-weight: 400;\">Suo\u010davanje s Otkrivenjem \u0107e vas izazvati da odgovorite s ovom ve\u0107om iskreno\u0161\u0107u. Suo\u010davanje s Otkrivenjem \u0107e vas izazvati s ovom ve\u0107om iskreno\u0161\u0107u. To je najve\u0107i izazov va\u0161eg \u017eivota. To je najbitniji izazov va\u0161eg \u017eivota. To je najbitniji doga\u0111aj va\u0161eg \u017eivota.<\/span><\/p>\n<p><span style=\"font-weight: 400;\">Bog pokre\u0107e \u010dovje\u010danstvo u novom smjeru.<\/span><\/p>\n","protected":false},"excerpt":{"rendered":"<p>Ne mo\u017eete stajati gdje jeste, jer svijet se je promijenio, i jo\u0161 \u0107e se promijeniti. Kre\u0107e se. Morate se kretati s njime. To je biti u skladu sa \u017eivotom. To je iza\u0107i iz izolacije. To je osloboditi se od odvra\u0107ene pa\u017enje i opsesije. To je u\u010diti slu\u0161ati, gledati, umiriti svoj um kako bi mogli vidjeti. To je odricanje svojih jadikovki kako bi mogli razumjeti gdje ste. To je poduzimanje Koraka do Znanja kako bi Prisutnost i Bo\u017eja Mo\u0107 mogle govoriti kroz vas i vama.<\/p>\n","protected":false},"author":62,"featured_media":0,"parent":16290,"menu_order":0,"comment_status":"closed","ping_status":"closed","template":"template-leftsidebar.php","meta":{"_monsterinsights_skip_tracking":false,"_monsterinsights_sitenote_active":false,"_monsterinsights_sitenote_note":"","_monsterinsights_sitenote_category":0,"footnotes":""},"categories":[76,30,461,460],"tags":[880,869,211,568,599],"_links":{"self":[{"href":"https:\/\/www.v6.newmessage.org\/hr\/wp-json\/wp\/v2\/pages\/28036"}],"collection":[{"href":"https:\/\/www.v6.newmessage.org\/hr\/wp-json\/wp\/v2\/pages"}],"about":[{"href":"https:\/\/www.v6.newmessage.org\/hr\/wp-json\/wp\/v2\/types\/page"}],"author":[{"embeddable":true,"href":"https:\/\/www.v6.newmessage.org\/hr\/wp-json\/wp\/v2\/users\/62"}],"replies":[{"embeddable":true,"href":"https:\/\/www.v6.newmessage.org\/hr\/wp-json\/wp\/v2\/comments?post=28036"}],"version-history":[{"count":1,"href":"https:\/\/www.v6.newmessage.org\/hr\/wp-json\/wp\/v2\/pages\/28036\/revisions"}],"predecessor-version":[{"id":28042,"href":"https:\/\/www.v6.newmessage.org\/hr\/wp-json\/wp\/v2\/pages\/28036\/revisions\/28042"}],"up":[{"embeddable":true,"href":"https:\/\/www.v6.newmessage.org\/hr\/wp-json\/wp\/v2\/pages\/16290"}],"wp:attachment":[{"href":"https:\/\/www.v6.newmessage.org\/hr\/wp-json\/wp\/v2\/media?parent=28036"}],"wp:term":[{"taxonomy":"category","embeddable":true,"href":"https:\/\/www.v6.newmessage.org\/hr\/wp-json\/wp\/v2\/categories?post=28036"},{"taxonomy":"post_tag","embeddable":true,"href":"https:\/\/www.v6.newmessage.org\/hr\/wp-json\/wp\/v2\/tags?post=28036"}],"curies":[{"name":"wp","href":"https:\/\/api.w.org\/{rel}","templated":true}]}}