{"id":27842,"date":"2019-06-19T01:49:22","date_gmt":"2019-06-19T01:49:22","guid":{"rendered":"http:\/\/www.newmessage.org\/hr\/?page_id=27842"},"modified":"2020-07-06T06:55:38","modified_gmt":"2020-07-06T06:55:38","slug":"power-of-knowledge","status":"publish","type":"page","link":"https:\/\/www.v6.newmessage.org\/hr\/the-message\/volume-1\/power-of-knowledge\/","title":{"rendered":"Mo\u0107 Znanja"},"content":{"rendered":"<p><img loading=\"lazy\" decoding=\"async\" class=\"imgborder alignright wp-image-39719 size-medium\" src=\"https:\/\/www.newmessage.org\/wp-content\/uploads\/2019\/04\/POK-_cropped_cover_4.30.19-200x300.jpg\" alt=\"The Power of Knowledge - The Greater Intelligence within You\" width=\"200\" height=\"300\" \/><\/p>\n<p><i><span style=\"font-weight: 400;\">Mo\u0107 Znanja <\/span><\/i><span style=\"font-weight: 400;\">otkriva stvarnost \u201eZnanja\u201c, dubljeg duhovnog uma u vama koji \u010duva klju\u010d va\u0161eg pronalaska svrhe i usmjerenja u \u017eivotu.<\/span><\/p>\n<p><span style=\"font-weight: 400;\">Knjiga 5 Nove Poruke od Boga sadr\u017ei 14 otkrivenja danih kako bi predstavili stvarnost va\u0161e duhovne prirode, krize \u017eivljenja odvojeni od svoje dublje prirode i kako mo\u017eete izbje\u0107i ovu krizu te zapo\u010deti putovanje zacjeljivanja podjele izme\u0111u uma s kojim razmi\u0161ljate i Znanja u vama. S ovime dolazi i mogu\u0107nost slije\u0111enja Znanja u sada\u0161njosti i u budu\u0107nosti, vode\u0107i vas u novi \u017eivot, nove odnose te ispunjenje va\u0161e svrhe zbog koje ste u svijetu.<\/span><\/p>\n<p><span style=\"font-weight: 400;\">Kroz ovu knjigu, imate priliku razumjeti gdje Znanje \u017eivi u va\u0161em iskustvu te izgraditi trajnu poveznicu s ovim dubljim iskustvom koje je oduvijek bilo s vama. Knjiga <\/span><span style=\"font-weight: 400;\">Koraci do Znanja<\/span> <span style=\"font-weight: 400;\">vodi ovo dalje u obliku dnevnog vje\u017ebanja koje mo\u017eete po\u010deti primjenjivati u svom \u017eivotu.<\/span><\/p>\n<p><span style=\"font-weight: 400;\">Putovanje pronalaska i slije\u0111enja Znanja vratiti \u0107e vas svojoj izvornoj svrsi zbog koje ste u svijetu, sje\u0107anju onih koji su vas poslali i ve\u0107em doprinosu koje vam je su\u0111eno pru\u017eiti svijetu koji se suo\u010dava s velikom i te\u0161kom promjenom u budu\u0107nosti. Ovdje vas sveti proces po\u010dinje osloba\u0111ati od pro\u0161losti i pripremati vas za novi i ve\u0107i \u017eivot u budu\u0107nosti.<\/span><\/p>\n<p><span style=\"font-weight: 400;\">Svako poglavlje <\/span><i><span style=\"font-weight: 400;\">Mo\u0107i Znanja<\/span><\/i><span style=\"font-weight: 400;\"> je otkrivenja dano od Izvora, sastavljeno u ovaj tekst od strane Glasnika <\/span><span style=\"font-weight: 400;\">Marshall Vian Summersa<\/span><span style=\"font-weight: 400;\">.<\/span><\/p>\n<p><span style=\"font-weight: 400;\">\u00a0Otkrivenja ovdje predstavljena su sastavljana u ovu knjigu od strane Glasnika <\/span><span style=\"font-weight: 400;\">Marshall Vian Summersa<\/span><span style=\"font-weight: 400;\">.<\/span><\/p>\n<p><span style=\"font-weight: 400;\">Nova Poruka od Boga je do\u0161la u svijet. Ona je izra\u017eaj vje\u010dne \u010diste poveznice s Bogom kakva je postojala kroz ljudsku povijest te od po\u010detka o\u010ditovanog svemira. \u010covje\u010danstvo sada ima izravan pristup ovom \u010distom iskustvu, neometano od ljudskog krivog shva\u0107anja, autoriteta i korupcije. Sada je ponovno u\u0161la u svijet.<\/span><\/p>\n<p style=\"text-align: center;\"><a class='simple_button_link ' style='background-color: #363636' href='\/the-message\/volume-1\/power-of-knowledge\/greater-power'   ><span>Zapo\u010dnite \u010citati ili Slu\u0161ati \u201eMo\u0107 Znanja\u201c sada Besplatno!<\/span><\/a><\/p>\n<p><i><span style=\"font-weight: 400;\">Mo\u0107 Znanja<\/span><\/i><span style=\"font-weight: 400;\"> je peta knjiga u <\/span><span style=\"font-weight: 400;\">Svesku 1<\/span> <span style=\"font-weight: 400;\">Nove Poruke od Boga.<\/span><\/p>\n<div style=\"text-align: left;\"><div class=\"toggle toggle-white\"><h4 class=\"trigger \"><span class=\"t_ico\"><\/span><a href=\"#\">Vi\u0161e o svescima Nove Poruke od Boga<\/a><\/h4><div class=\"toggle_container \"><br \/>\n<div data-post-id='24520' class='insert-page insert-page-24520 '><\/div><br \/>\n<\/div><\/div><\/div>\n<div class=\"clearfix\"><\/div>\n<div class=\"background-color-bridesmaid padding-20\">\n<div class=\"background-color-bridesmaid padding-20\">\n<h2 style=\"text-align: left;\"><span style=\"color: #525252;\">Tablica Sadr\u017eaja<\/span><\/h2>\n<p><a href=\"\/the-message\/volume-1\/the-power-of-knowledge-introduction\">Uvod<\/a><\/p>\n<p>Poglavlje 1: <a href=\"\/the-message\/volume-1\/power-of-knowledge\/greater-power\">The Greater Power within You<\/a><\/p>\n<p>Poglavlje 2: <a href=\"\/the-message\/volume-1\/power-of-knowledge\/power-of-knowledge-other\">Mo\u0107 Znanja<\/a><\/p>\n<p>Poglavlje 3: <a href=\"\/the-message\/volume-1\/power-of-knowledge\/souls-journey-through-life\">The Soul&#8217;s Journey on Earth<\/a><\/p>\n<p>Poglavlje 4: <a href=\"\/the-message\/volume-1\/power-of-knowledge\/living-separation-alone-afraid\">Living in Separation<\/a><\/p>\n<p>Poglavlje 5: <a href=\"\/the-message\/volume-1\/power-of-knowledge\/the-crisis\">The Crisis<\/a><\/p>\n<p>Poglavlje 6: <a href=\"\/the-message\/volume-1\/power-of-knowledge\/experiencing-presence-god\">The Presence<\/a><\/p>\n<p>Poglavlje 7: <a href=\"\/the-message\/volume-1\/power-of-knowledge\/the-reconciliation\">The Reconciliation<\/a><\/p>\n<p>Poglavlje 8: <a href=\"\/the-message\/volume-1\/power-of-knowledge\/you-are-not-your-mind\">Who You Are Is Not Your Mind<\/a><\/p>\n<p>Poglavlje 9: <a href=\"\/the-message\/volume-1\/power-of-knowledge\/ideas-beliefs-god\">Knowledge and the Limits of Belief<\/a><\/p>\n<p>Poglavlje 10: <a href=\"\/the-message\/volume-1\/power-of-knowledge\/the-greater-intelligence\">The Greater Intelligence<\/a><\/p>\n<p>Poglavlje 11: <a href=\"\/the-message\/volume-1\/power-of-knowledge\/bridge-two-minds\">The Bridge<\/a><\/p>\n<p>Poglavlje 12: <a href=\"\/the-message\/volume-1\/power-of-knowledge\/following-presence-god\">Following the Presence<\/a><\/p>\n<p>Poglavlje 13: <a href=\"\/the-message\/volume-1\/power-of-knowledge\/the-spiritual-fire\">The Spiritual Fire<\/a><\/p>\n<p>Poglavlje 14: <a href=\"\/the-message\/volume-1\/power-of-knowledge\/remembrance-eternal-life\">The Remembrance<\/a><\/p>\n<\/div>\n<\/div>\n","protected":false},"excerpt":{"rendered":"<p>Mo\u0107 Znanja otkriva stvarnost \u201eZnanja\u201c, dubljeg duhovnog uma u vama koji \u010duva klju\u010d va\u0161eg pronalaska svrhe i usmjerenja u \u017eivotu. Knjiga 5 Nove Poruke od Boga sadr\u017ei 14 otkrivenja danih kako bi predstavili stvarnost va\u0161e duhovne prirode, krize \u017eivljenja odvojeni od svoje dublje prirode i kako mo\u017eete izbje\u0107i ovu krizu te zapo\u010deti putovanje zacjeljivanja podjele\u2026 <a class=\"read-more\" href=\"https:\/\/www.v6.newmessage.org\/hr\/the-message\/volume-1\/power-of-knowledge\/\"><span>Read More<\/span><\/a><\/p>\n","protected":false},"author":62,"featured_media":0,"parent":16287,"menu_order":0,"comment_status":"closed","ping_status":"closed","template":"template-leftsidebar.php","meta":{"_monsterinsights_skip_tracking":false,"_monsterinsights_sitenote_active":false,"_monsterinsights_sitenote_note":"","_monsterinsights_sitenote_category":0,"footnotes":""},"categories":[853,460],"tags":[863,854],"_links":{"self":[{"href":"https:\/\/www.v6.newmessage.org\/hr\/wp-json\/wp\/v2\/pages\/27842"}],"collection":[{"href":"https:\/\/www.v6.newmessage.org\/hr\/wp-json\/wp\/v2\/pages"}],"about":[{"href":"https:\/\/www.v6.newmessage.org\/hr\/wp-json\/wp\/v2\/types\/page"}],"author":[{"embeddable":true,"href":"https:\/\/www.v6.newmessage.org\/hr\/wp-json\/wp\/v2\/users\/62"}],"replies":[{"embeddable":true,"href":"https:\/\/www.v6.newmessage.org\/hr\/wp-json\/wp\/v2\/comments?post=27842"}],"version-history":[{"count":4,"href":"https:\/\/www.v6.newmessage.org\/hr\/wp-json\/wp\/v2\/pages\/27842\/revisions"}],"predecessor-version":[{"id":27921,"href":"https:\/\/www.v6.newmessage.org\/hr\/wp-json\/wp\/v2\/pages\/27842\/revisions\/27921"}],"up":[{"embeddable":true,"href":"https:\/\/www.v6.newmessage.org\/hr\/wp-json\/wp\/v2\/pages\/16287"}],"wp:attachment":[{"href":"https:\/\/www.v6.newmessage.org\/hr\/wp-json\/wp\/v2\/media?parent=27842"}],"wp:term":[{"taxonomy":"category","embeddable":true,"href":"https:\/\/www.v6.newmessage.org\/hr\/wp-json\/wp\/v2\/categories?post=27842"},{"taxonomy":"post_tag","embeddable":true,"href":"https:\/\/www.v6.newmessage.org\/hr\/wp-json\/wp\/v2\/tags?post=27842"}],"curies":[{"name":"wp","href":"https:\/\/api.w.org\/{rel}","templated":true}]}}