{"id":27584,"date":"2019-01-24T07:10:18","date_gmt":"2019-01-24T07:10:18","guid":{"rendered":"http:\/\/www.newmessage.org\/croatian\/?page_id=27584"},"modified":"2020-06-10T05:40:30","modified_gmt":"2020-06-10T05:40:30","slug":"preparing-for-the-greater-community","status":"publish","type":"page","link":"https:\/\/www.v6.newmessage.org\/hr\/the-message\/volume-4\/preparing-for-the-greater-community\/","title":{"rendered":"Pripremanje za Ve\u0107u Zajednicu"},"content":{"rendered":"<p><img decoding=\"async\" class=\"size-large wp-image-46542 imgborder alignright\" src=\"https:\/\/www.newmessage.org\/wp-content\/uploads\/2020\/04\/preparing-for-the-greater-community-390x600.jpg\" alt=\"\" \/><br \/>\n<em>Pripremanje za Ve\u0107u Zajednicu<\/em> je nova nadolaze\u0107a knjiga koje \u0107e biti objavljena od Dru\u0161tva Nove Poruke.\u00a0 U ovo vrijeme uklju\u010dujemo tri poglavlja kao dio trenutne Nastave Besplatne \u0160kole. Ostatak knjige biti \u0107e uskoro dostupan. Poslati \u0107emo vam priop\u0107enje putem elektroni\u010dke po\u0161te \u010dim ova knjiga bude objavljena, te \u0107emo a\u017eurirati web stranicu ove knjige da obuhvati sva poglavlja.<\/p>\n<p>Ako se niste ve\u0107 pretplatili na Popis za Primanje Elektroni\u010dke Po\u0161te Nove Poruke a \u017eelite primati vijesti i novosti o novim objavama, molimo vas u\u010dinite to <u><a href=\"https:\/\/www.newmessage.org\/hr\/the-message\/volume-4\/preparing-for-the-greater-community#anchor\">pomicanjem dolje<\/a><\/u> prema <strong>Prijavite se na Popis za Primanje Elektroni\u010dke Po\u0161te<\/strong> na lijevoj bo\u010dnoj traci te unesite svoju email adresu.<\/p>\n<p><em>Pripremanje za Ve\u0107u Zajednicu<\/em> knjiga je <u><a href=\"https:\/\/www.newmessage.org\/hr\/the-message\/volume-4\/\">Sveska 4<\/a> <\/u>Nove Poruke od Boga.<\/p>\n<p><span style=\"color: #525252; line-height: 1.5;\"><div class=\"toggle toggle-white\"><h4 class=\"trigger \"><span class=\"t_ico\"><\/span><a href=\"#\">Vi\u0161e o svescima Nove Poruke od Boga<\/a><\/h4><div class=\"toggle_container \"><br \/>\n<div data-post-id='24520' class='insert-page insert-page-24520 '><\/div><\/div><\/div><\/span><\/p>\n<div class=\"background-color-bridesmaid padding-20\">\n<h2 style=\"text-align: left;\"><span style=\"color: #525252;\">Tablica Sadr\u017eaja<\/span><\/h2>\n<p>Poglavlje 3: <a href=\"https:\/\/www.newmessage.org\/hr\/the-message\/volume-4\/preparing-for-the-greater-community\/essential-truths-about-the-greater-community\/\">Neophodne Istine o Ve\u0107oj Zajednici<\/a><br \/>\nPoglavlje 7: Veliki Izazov koji \u010ceka \u010covje\u010danstvo<br \/>\nPoglavlje 13: Ljudski Odgovori prema Ve\u0107oj Zajednici\n<\/div>\n","protected":false},"excerpt":{"rendered":"<p>Pripremanje za Ve\u0107u Zajednicu je nova nadolaze\u0107a knjiga koje \u0107e biti objavljena od Dru\u0161tva Nove Poruke.\u00a0 U ovo vrijeme uklju\u010dujemo tri poglavlja kao dio trenutne Nastave Besplatne \u0160kole. Ostatak knjige biti \u0107e uskoro dostupan. Poslati \u0107emo vam priop\u0107enje putem elektroni\u010dke po\u0161te \u010dim ova knjiga bude objavljena, te \u0107emo a\u017eurirati web stranicu ove knjige da obuhvati\u2026 <a class=\"read-more\" href=\"https:\/\/www.v6.newmessage.org\/hr\/the-message\/volume-4\/preparing-for-the-greater-community\/\"><span>Read More<\/span><\/a><\/p>\n","protected":false},"author":62,"featured_media":0,"parent":16316,"menu_order":0,"comment_status":"closed","ping_status":"closed","template":"template-leftsidebar.php","meta":{"_monsterinsights_skip_tracking":false,"_monsterinsights_sitenote_active":false,"_monsterinsights_sitenote_note":"","_monsterinsights_sitenote_category":0,"footnotes":""},"categories":[816,471],"tags":[305,818,789],"_links":{"self":[{"href":"https:\/\/www.v6.newmessage.org\/hr\/wp-json\/wp\/v2\/pages\/27584"}],"collection":[{"href":"https:\/\/www.v6.newmessage.org\/hr\/wp-json\/wp\/v2\/pages"}],"about":[{"href":"https:\/\/www.v6.newmessage.org\/hr\/wp-json\/wp\/v2\/types\/page"}],"author":[{"embeddable":true,"href":"https:\/\/www.v6.newmessage.org\/hr\/wp-json\/wp\/v2\/users\/62"}],"replies":[{"embeddable":true,"href":"https:\/\/www.v6.newmessage.org\/hr\/wp-json\/wp\/v2\/comments?post=27584"}],"version-history":[{"count":4,"href":"https:\/\/www.v6.newmessage.org\/hr\/wp-json\/wp\/v2\/pages\/27584\/revisions"}],"predecessor-version":[{"id":27872,"href":"https:\/\/www.v6.newmessage.org\/hr\/wp-json\/wp\/v2\/pages\/27584\/revisions\/27872"}],"up":[{"embeddable":true,"href":"https:\/\/www.v6.newmessage.org\/hr\/wp-json\/wp\/v2\/pages\/16316"}],"wp:attachment":[{"href":"https:\/\/www.v6.newmessage.org\/hr\/wp-json\/wp\/v2\/media?parent=27584"}],"wp:term":[{"taxonomy":"category","embeddable":true,"href":"https:\/\/www.v6.newmessage.org\/hr\/wp-json\/wp\/v2\/categories?post=27584"},{"taxonomy":"post_tag","embeddable":true,"href":"https:\/\/www.v6.newmessage.org\/hr\/wp-json\/wp\/v2\/tags?post=27584"}],"curies":[{"name":"wp","href":"https:\/\/api.w.org\/{rel}","templated":true}]}}