{"id":27541,"date":"2019-01-23T09:16:49","date_gmt":"2019-01-23T09:16:49","guid":{"rendered":"http:\/\/www.newmessage.org\/croatian\/?page_id=27541"},"modified":"2019-06-10T07:36:17","modified_gmt":"2019-06-10T07:36:17","slug":"other-revelations","status":"publish","type":"page","link":"https:\/\/www.v6.newmessage.org\/hr\/the-message\/other-revelations\/","title":{"rendered":"Ostala Otkrivenja"},"content":{"rendered":"<h2>Ostala Otkrivenja Nove Poruke od Boga:<\/h2>\n<p>Ovdje su dostupna ostala otkrivenja Nove Poruke od Boga koja jo\u0161 nisu sastavljena od strane Glasnika u sveske i knjige. <a title=\"The Revelation continues to this day\u2026\" href=\"\/hr\/the-message\/the-revelation-continues-to-this-day\">Nau\u010dite vi\u0161e\u2026<\/a><br \/>\n\n\t    \n\t<article class=\"posts_listing blog_shortcode clearfix post-27876 page type-page status-publish hentry category-other-revelations category-revelations tag-ostala-otkrivenja tag-other-revelations tag-the-great-turning-point-for-humanity tag-velika-prekretnica-za-covjecanstvo\" id=\"post-27876\">\n\n\t\t\t\t\n\t<h2 class=\"entry-title\"><a href=\"https:\/\/www.v6.newmessage.org\/hr\/the-message\/other-revelations\/the-great-turning-point-for-humanity\/\" rel=\"bookmark\" title=\"Permanent Link to Velika Prekretnica za \u010covje\u010danstvo\">Velika Prekretnica za \u010covje\u010danstvo<\/a><\/h2>\n\n\t\t\t\n\t\t<\/article>\n\t    \n\t<article class=\"posts_listing blog_shortcode clearfix post-27746 page type-page status-publish hentry category-other-revelations category-revelations tag-ljubav-i-odnosi tag-love-and-relationships tag-ostala-otkrivenja tag-other-revelations\" id=\"post-27746\">\n\n\t\t\t\t\n\t<h2 class=\"entry-title\"><a href=\"https:\/\/www.v6.newmessage.org\/hr\/the-message\/other-revelations\/love-and-relationships\/\" rel=\"bookmark\" title=\"Permanent Link to Ljubav i Odnosi\">Ljubav i Odnosi<\/a><\/h2>\n\n\t\t\t\n\t\t<\/article>\n\t    \t    <br \/>\n<a name=\"audiodownloads\"><\/a><\/p>\n<h2>Audio Downloads Available at\u00a0New Knowledge Library:<\/h2>\n<style>\nh3.hungryfeed_feed_title {}\r\ndiv.hungryfeed_feed_description {}\r\ndiv.hungryfeed_feed_content {}\r\ndiv.hungryfeed_items {}\r\ndiv.hungryfeed_item {margin-bottom: 10px;}\r\ndiv.hungryfeed_item_title {font-weight: bold;}\r\ndiv.hungryfeed_item_description {}\r\ndiv.hungryfeed_item_author {}\r\ndiv.hungryfeed_item_date {}\n<\/style>\n<script type=\"text\/javascript\">\r\n\/\/ Custom Javascript here...\r\n<\/script>\n<div class=\"hungryfeed_items\">\n<div class=\"hungryfeed_item\">\n<div class=\"hungryfeed_item_title\"><a href=\"https:\/\/newknowledgelibrary.org\/audio-mp3-free\/expanding-your-steps-practice-mp3-audio-file\/\" >Expanding Your Steps Practice (MP3 audio file)<\/a><\/div>\n<\/div>\n<\/div>\n\n<h2>Latest Available Audio Download:<\/h2>\n<style>\nh3.hungryfeed_feed_title {}\r\ndiv.hungryfeed_feed_description {}\r\ndiv.hungryfeed_feed_content {}\r\ndiv.hungryfeed_items {}\r\ndiv.hungryfeed_item {margin-bottom: 10px;}\r\ndiv.hungryfeed_item_title {font-weight: bold;}\r\ndiv.hungryfeed_item_description {}\r\ndiv.hungryfeed_item_author {}\r\ndiv.hungryfeed_item_date {}\n<\/style>\n<script type=\"text\/javascript\">\r\n\/\/ Custom Javascript here...\r\n<\/script>\n<div class=\"hungryfeed_items\">\n<div class=\"hungryfeed_item\">\n<div class=\"hungryfeed_item_title\"><a href=\"https:\/\/newknowledgelibrary.org\/audio-mp3-free\/expanding-your-steps-practice-mp3-audio-file\/\" target='_blank'>Expanding Your Steps Practice (MP3 audio file)<\/a><\/div>\n<div class=\"hungryfeed_item_description\"><div><a target='_blank' href=\"https:\/\/newknowledgelibrary.org\/audio-mp3-free\/expanding-your-steps-practice-mp3-audio-file\/\"><img decoding=\"async\" src=\"https:\/\/cdn11.bigcommerce.com\/s-932c8\/products\/609\/images\/1301\/unnamed__20951.1769282612.215.215.png?c=2\" alt=\"Expanding Your Steps Practice (MP3 audio file)\"><\/a><\/div><p><span>43 minute MP3 audio file<br>\"Expanding Your Steps Practice\"\u00a0<br>by Marshall Vian Summers<br>recorded on February 3, 2000\u00a0<\/span><\/p>\r\n<div><span><\/span><\/div><\/div>\n<\/div>\n<\/div>\n\n","protected":false},"excerpt":{"rendered":"<p>Ostala Otkrivenja Nove Poruke od Boga: Ovdje su dostupna ostala otkrivenja Nove Poruke od Boga koja jo\u0161 nisu sastavljena od strane Glasnika u sveske i knjige. Nau\u010dite vi\u0161e\u2026 Audio Downloads Available at\u00a0New Knowledge Library: Latest Available Audio Download:<\/p>\n","protected":false},"author":62,"featured_media":0,"parent":26942,"menu_order":0,"comment_status":"closed","ping_status":"closed","template":"template-leftsidebar.php","meta":{"_monsterinsights_skip_tracking":false,"_monsterinsights_sitenote_active":false,"_monsterinsights_sitenote_note":"","_monsterinsights_sitenote_category":0,"footnotes":""},"categories":[],"tags":[797,772],"_links":{"self":[{"href":"https:\/\/www.v6.newmessage.org\/hr\/wp-json\/wp\/v2\/pages\/27541"}],"collection":[{"href":"https:\/\/www.v6.newmessage.org\/hr\/wp-json\/wp\/v2\/pages"}],"about":[{"href":"https:\/\/www.v6.newmessage.org\/hr\/wp-json\/wp\/v2\/types\/page"}],"author":[{"embeddable":true,"href":"https:\/\/www.v6.newmessage.org\/hr\/wp-json\/wp\/v2\/users\/62"}],"replies":[{"embeddable":true,"href":"https:\/\/www.v6.newmessage.org\/hr\/wp-json\/wp\/v2\/comments?post=27541"}],"version-history":[{"count":4,"href":"https:\/\/www.v6.newmessage.org\/hr\/wp-json\/wp\/v2\/pages\/27541\/revisions"}],"predecessor-version":[{"id":27804,"href":"https:\/\/www.v6.newmessage.org\/hr\/wp-json\/wp\/v2\/pages\/27541\/revisions\/27804"}],"up":[{"embeddable":true,"href":"https:\/\/www.v6.newmessage.org\/hr\/wp-json\/wp\/v2\/pages\/26942"}],"wp:attachment":[{"href":"https:\/\/www.v6.newmessage.org\/hr\/wp-json\/wp\/v2\/media?parent=27541"}],"wp:term":[{"taxonomy":"category","embeddable":true,"href":"https:\/\/www.v6.newmessage.org\/hr\/wp-json\/wp\/v2\/categories?post=27541"},{"taxonomy":"post_tag","embeddable":true,"href":"https:\/\/www.v6.newmessage.org\/hr\/wp-json\/wp\/v2\/tags?post=27541"}],"curies":[{"name":"wp","href":"https:\/\/api.w.org\/{rel}","templated":true}]}}