{"id":20897,"date":"2015-08-12T17:43:27","date_gmt":"2015-08-12T17:43:27","guid":{"rendered":"http:\/\/www.newmessage.org\/?page_id=20897"},"modified":"2019-06-10T08:25:11","modified_gmt":"2019-06-10T08:25:11","slug":"the-revelation-continues-to-this-day","status":"publish","type":"page","link":"https:\/\/www.v6.newmessage.org\/hr\/the-message\/the-revelation-continues-to-this-day\/","title":{"rendered":"Vi\u0161e slijedi\u2026"},"content":{"rendered":"<p>U ovo vrijeme, <u><a href=\"https:\/\/www.newmessage.org\/hr\/gods-messenger\/who-is-marshallviansummers\">Glasnik Marshall Vian Summers<\/a><\/u> anga\u017eiran je u povijesni projekt sastavljanja knjiga i sveska Nove Poruke u njihovoj cijelosti. U isto vrijeme, misteriozan proces Otkrivenja se nastavlja. Bog nastavlja, kroz <u><a href=\"https:\/\/www.newmessage.org\/hr\/the-message\/important-terms#aa\">An\u0111eoski Skup<\/a><\/u>, dono\u0161enje novih Otkrivenja kroz Glasnika u ovo vrijeme, koja \u0107e u kona\u010dnici prona\u0107i svoje mjesto u knjigama i svescima Nove Poruke.<\/p>\n<p>Stoga, kako Glasnik nastavlja u ovom povijesnom radu kompilacije, i kako Bog i An\u0111eoski Skup nastavljaju otkrivati jo\u0161 kroz svog Glasnika, knjige i svesci dostupni ovdje na NewMessage.org nastaviti \u0107e rasti, otvaraju\u0107i nove dimenzije, vode\u0107i nas i pripremaju\u0107i nas za vremena ispred.<\/p>\n<p>Sada \u017eivimo u vrijeme Otkrivenja. Blagoslovljeni smo svjedo\u010diti procesu Otkrivenja koji se odvija nama pred o\u010dima. Privilegirani smo svjedo\u010diti Bo\u017ejem Glasniku dok sastavlja novi testament za \u010dovje\u010danstvo, u svoje vrijeme i u skladu sa uputama danim mu od strane Stvoritelja. Ovo stoji u kontrastu sa \u010dinjenicom da knjige Otkrivenja pro\u0161losti nisu bile sastavljene i prezentirane od strane svojih Glasnika za vrijeme njihovih \u017eivota, tako dovode\u0107i kroz vrijeme do problema u tuma\u010denju te korupcije originalnih tekstova.<\/p>\n<p><strong>Vi\u0161e o procesu otkrivenja i kompilacije<\/strong><\/p>\n<p>Sa vi\u0161e od 9000 stranica teksta (sa skoro 1000 audio otkrivenja u svojem izvoru) Nova Poruka od Boga je najve\u0107e i najopse\u017enije Otkrivenje ikada dano \u010dovje\u010danstvu, dano sada pismenom svijetu globalne komunikacije te rastu\u0107e globalne svjesnosti.<\/p>\n<p>Razmjer i dubina ove zbirke svetih tekstova nadma\u0161uje one od pro\u0161lih Otkrivenja te je dana da ispuni kompleksan niz globalnih potreba te izazova s kojima je suo\u010den na\u0161 moderni svijet, sada, te i u budu\u0107nosti.<\/p>\n<p>Svaki dan <u><a href=\"https:\/\/www.newmessage.org\/hr\/worldwide-community\/society\">Dru\u0161tvo Nove Poruke od Boga<\/a><\/u>, sa svojim mnogim bitnim zadatcima i ograni\u010denim resursima, radi da predo\u010di ovo veliko Otkrivenje, \u010dine\u0107i ga dostupnim za svijet na \u0161to je vi\u0161e jezika to mogu\u0107e (21 jezik trenutno osim Engleskog) u vi\u0161estrukim formatima (online, tiskanim, digitalnim knjigama, video zapisima), rade\u0107i da bude dostupno ljudima na svakom kontinentu, u svakoj dr\u017eavi.<\/p>\n<p>A ipak iza scene, jo\u0161 ve\u0107i je projekt na putu. Sada te u godinama ispred, Glasnik se pribli\u017eava ostvarivanju svojeg velikog zadatka sastavljanja Nove Poruke od Boga u Jednu Knjigu te predstavljanju ovog novog testamenta svijetu.<\/p>\n<h4><strong>Jedna Knjiga Nove Poruke<\/strong><\/h4>\n<h4><a href=\"\/\/www.newmessage.org\/wp-content\/uploads\/2015\/08\/Volume-1-CD-Cover.jpg\"><img decoding=\"async\" class=\"size-medium imgborder alignright\" src=\"\/\/www.newmessage.org\/wp-content\/uploads\/2015\/08\/Volume-1-CD-Cover-172x300.jpg\" alt=\"The New Message from God\" \/><\/a><\/h4>\n<p><u><a href=\"https:\/\/www.newmessage.org\/hr\/the-message\/important-terms#aa\">An\u0111eoski Skup<\/a><\/u> usmjerio je Glasnika da ujedini Novu Poruku u jedan testament za \u010dovje\u010danstvo. Ovaj testament biti \u0107e podijeljen u sveske: svaki svezak u knjige: svaka knjiga podijeljena je na poglavlja a tekst svakog poglavlja predstavljen je stihom. Stoga budu\u0107nost strukture Nove Poruke mo\u017ee biti prikazana na ovaj na\u010din: <strong>Svezak&gt;Knjiga&gt;Poglavlje&gt;Stih<\/strong>. U cijelosti, ovi svesci, knjige i poglavlja biti \u0107e u kona\u010dnici ujedinjeni u jedan testament: Novu Poruku od Boga.<\/p>\n<p>U Novoj Poruci postoje dvije vrste knjiga: one dane kao knjige od Izvora te one sastavljene u knjige od strane Glasnika, od stotine samostoje\u0107ih otkrivenja.<\/p>\n<p>Samostoje\u0107a otkrivenja dana su tokom 44 godi\u0161njeg perioda te, u prethodnim godinama, na <u><a href=\"https:\/\/www.newmessage.org\/gods-messenger\/journeys-messenger\">lokacijama diljem svijeta<\/a><\/u>. Ova samostoje\u0107a otkrivenja sada bivaju sastavljena u knjige od strane Glasnika, koji je isklju\u010divo zadu\u017een ovim zadatkom organiziranja i predstavljanja <a href=\"\/\/www.newmessage.org\/wp-content\/uploads\/2015\/08\/Volumes-Books-InfoGraphic.001.jpg\"><img loading=\"lazy\" decoding=\"async\" class=\" imgborder alignright\" src=\"\/\/www.newmessage.org\/wp-content\/uploads\/2015\/08\/Volumes-Books-InfoGraphic.001-279x300.jpg\" alt=\"About the Volumes and Books of the New Message from God\" width=\"250\" height=\"269\" \/><\/a>Nove Poruke od Boga. Stoga, Glasnikov je zadatak da sakupi zajedno pojedina\u010dna otkrivenja te ih ujedini sa postoje\u0107im knjigama Nove Poruke da bi bili potpun testament za \u010dovje\u010danstvo. U isto vrijeme, on mora predstaviti ovaj testament \u010dovje\u010danstvu te ga dovesti pojedincima diljem svijeta koji su ga spremni primiti. Ovo je monumentalan zadatak.<\/p>\n<p>Kompilacija cijele Nove Poruke je rad u tijeku koji je poduzet kroz opse\u017ean period. U isto vrijeme, Otkrivenje se nastavlja primati sa novim u\u010denjima danim svake godine. Kao rezultat toga, odabir poglavlja u svakoj knjizi mo\u017ee se promijeniti. Sa ovime, naslovi knjiga se tako\u0111er mogu promijeniti da bi odrazili rastu\u0107i opseg svake knjige.<\/p>\n<p>Knjige Nove Poruke \u0107e u kona\u010dnici biti sadr\u017eane u \u0161est svezaka. Svaki svezak rasti \u0107e kroz vrijeme kako su nova otkrivenja dana od Izvora te kako Glasnik sastavlja nove knjige i stavlja ih u odgovaraju\u0107e sveske.<\/p>\n<p>U kona\u010dnici \u0107e \u0161est svezaka biti zajedno pripojeni u jedan testament za \u010dovje\u010danstvo. Ovaj novi testament sadr\u017eavati \u0107e svaku rije\u010d Bo\u017eje Nove Poruke za svijet.<\/p>\n<p>Po prvi puta u povijesti, Glasnik osobno sastavlja te predstavlja \u010disti tekst Bo\u017ejeg Otkrivenja. Ovdje Glasnik zape\u010da\u0107uje u \u010disto\u0107i tekstove Nove Poruke te ih daje vama, svijetu te svim ljudima u budu\u0107nosti. Bilo da se ovi tekstovi \u010ditaju danas ili za 500 godina od sada, Bo\u017eja izvorna komunikacija govoriti \u0107e sa ovih stranica sa istom prisnosti, \u010disto\u0107om i mo\u0107i kao i na dan kada je izgovorena.<\/p>\n<p>Nadalje, velik broj zvu\u010dnih snimaka ovih izgovorenih Otkrivenja biti \u0107e u\u010dinjen dostupnima uz tekst. Ovo tada pru\u017ea pojedincu mjesto prisne i osobne blizine izvornoj dostavi Bo\u017eje komunikacije svijetu, danu, mjestu, trenutku kada je izgovorena. Izvanredno, po prvi puta u povijesti, <u><a href=\"https:\/\/www.newmessage.org\/hr\/the-message\/volume-1\/pure-religion\/the-voice-of-the-revelation\">Glas Otkrivenja<\/a><\/u> je sa\u010duvan te \u0107e biti dostupan u budu\u0107nosti za sve ljude da ga do\u017eive.<\/p>\n<p>Ovaj dar sada je dan svijetu. Ro\u0111en je od ljubavi Stvoritelja, velike ljubavi koja ima mo\u0107 da probudi <a href=\"https:\/\/www.newmessage.org\/hr\/the-message\/important-terms#knowledge\">Znanje<\/a> u srcu ljudske obitelji te da pripremi i za\u0161titi \u010dovje\u010danstvo dok se suo\u010dava sa svojim najve\u0107im testovima u budu\u0107nosti.<\/p>\n<p><strong>Online Knjige<\/strong><\/p>\n<p>Dru\u0161tvo nastoji u\u010diniti Novu Poruku dostupnom svijetu besplatno online. Trenutno su brojne knjige Nove Poruke dostupne besplatno na NewMessage.org. Mo\u017eete istra\u017eiti <u><a href=\"https:\/\/www.newmessage.org\/hr\/the-message\/\">knji\u017enicu besplatnih online knjiga<\/a><\/u>.<\/p>\n<p><strong>Knjige u Tisku<\/strong><\/p>\n<p>Dru\u0161tvo trenutno nudi neke od knjiga Nove Poruke u tisku. Me\u0111utim, zbog ogromne veli\u010dine otkrivene Nove Poruke, Dru\u0161tvo jo\u0161 nije u mogu\u0107nosti u ovo vrijeme objaviti u tisku svih \u0161est svezaka Nove Poruke. Da biste kupili tiskanu kopiju trenutno dostupnih knjiga Nove Poruke molimo vas posjetite <u><a href=\"http:\/\/www.newknowledgelibrary.org\/\">Du\u0107an Knji\u017enice Novog Znanja<\/a><\/u>.<\/p>\n<p><strong>CD i mp3 Audio<\/strong><\/p>\n<p>Odre\u0111ena otkrivenja povezana sa u\u010deni\u0161tvom Nove Poruke dostupna su kao pla\u0107eni CD-ovi ili mp3-ice. Zbog financijske stvarnosti dopiranja do cijelog svijeta sa Novom Porukom, <u><a href=\"https:\/\/www.newmessage.org\/hr\/worldwide-community\/society\">Dru\u0161tvo<\/a> <\/u>nudi odre\u0111ena u\u010denja na prodaju po umjerenoj cijeni u Du\u0107anu Knji\u017enice Novog Znanja.<\/p>\n<p><strong>Projekt Besplatne Knjige<\/strong><\/p>\n<p>Sa ve\u0107om financijskom podr\u0161kom, Dru\u0161tvo \u0107e biti u mogu\u0107nosti u\u010diniti vi\u0161e ovih u\u010denja mudrosti dostupnima besplatno online. Nadalje, <u><a href=\"https:\/\/www.newmessage.org\/the-message\/free-book-project\">Projekt Besplatne Knjige<\/a><\/u> od strane Dru\u0161tva nudi besplatnu osobnu kopiju trenutno dostupnih knjiga i mp3-ica otkrivenja Nove Poruke onima bez sredstava da ih kupe. Pozivamo vas da <u><a href=\"https:\/\/www.newmessage.org\/hr\/worldwide-community\/society\/supporting-new-message\">napravite donaciju<\/a><\/u> za podr\u0161ku Projekta Besplatne Knjige tako da sve vi\u0161e i vi\u0161e ljudi u potrebi mogu imati pristup Novoj Poruci od Boga.<\/p>\n<p><strong>Budu\u0107e Publikacije<\/strong><\/p>\n<p>Dru\u0161tvo \u0107e nastaviti unaprje\u0111ivati svoju viziju izdavanja cijelosti Nove Poruke od Boga, u svojim knjigama kao i svescima, a mo\u017eda jednog dana kao jednu knjigu, jednostavno nazvanu: \u201eNova Poruka od Boga\u201c. Ovo je ogroman pothvat za koji Dru\u0161tvo treba va\u0161 doprinos i sudjelovanje. Molimo vas razmotrite <u><a href=\"https:\/\/www.newmessage.org\/hr\/worldwide-community\/society\/supporting-new-message\">napraviti donaciju<\/a><\/u> ili postati Stup Nove Poruke da biste podr\u017eali ovaj sveti cilj. Zahvaljujemo vam na va\u0161oj podr\u0161ci.<\/p>\n","protected":false},"excerpt":{"rendered":"<p>U ovo vrijeme, Glasnik Marshall Vian Summers anga\u017eiran je u povijesni projekt sastavljanja knjiga i sveska Nove Poruke u njihovoj cijelosti. U isto vrijeme, misteriozan proces Otkrivenja se nastavlja. Bog nastavlja, kroz An\u0111eoski Skup, dono\u0161enje novih Otkrivenja kroz Glasnika u ovo vrijeme, koja \u0107e u kona\u010dnici prona\u0107i svoje mjesto u knjigama i svescima Nove Poruke.\u2026 <a class=\"read-more\" href=\"https:\/\/www.v6.newmessage.org\/hr\/the-message\/the-revelation-continues-to-this-day\/\"><span>Read More<\/span><\/a><\/p>\n","protected":false},"author":24,"featured_media":0,"parent":26942,"menu_order":14,"comment_status":"closed","ping_status":"closed","template":"template-leftsidebar.php","meta":{"_monsterinsights_skip_tracking":false,"_monsterinsights_sitenote_active":false,"_monsterinsights_sitenote_note":"","_monsterinsights_sitenote_category":0,"footnotes":""},"categories":[],"tags":[629,783,782],"_links":{"self":[{"href":"https:\/\/www.v6.newmessage.org\/hr\/wp-json\/wp\/v2\/pages\/20897"}],"collection":[{"href":"https:\/\/www.v6.newmessage.org\/hr\/wp-json\/wp\/v2\/pages"}],"about":[{"href":"https:\/\/www.v6.newmessage.org\/hr\/wp-json\/wp\/v2\/types\/page"}],"author":[{"embeddable":true,"href":"https:\/\/www.v6.newmessage.org\/hr\/wp-json\/wp\/v2\/users\/24"}],"replies":[{"embeddable":true,"href":"https:\/\/www.v6.newmessage.org\/hr\/wp-json\/wp\/v2\/comments?post=20897"}],"version-history":[{"count":34,"href":"https:\/\/www.v6.newmessage.org\/hr\/wp-json\/wp\/v2\/pages\/20897\/revisions"}],"predecessor-version":[{"id":27820,"href":"https:\/\/www.v6.newmessage.org\/hr\/wp-json\/wp\/v2\/pages\/20897\/revisions\/27820"}],"up":[{"embeddable":true,"href":"https:\/\/www.v6.newmessage.org\/hr\/wp-json\/wp\/v2\/pages\/26942"}],"wp:attachment":[{"href":"https:\/\/www.v6.newmessage.org\/hr\/wp-json\/wp\/v2\/media?parent=20897"}],"wp:term":[{"taxonomy":"category","embeddable":true,"href":"https:\/\/www.v6.newmessage.org\/hr\/wp-json\/wp\/v2\/categories?post=20897"},{"taxonomy":"post_tag","embeddable":true,"href":"https:\/\/www.v6.newmessage.org\/hr\/wp-json\/wp\/v2\/tags?post=20897"}],"curies":[{"name":"wp","href":"https:\/\/api.w.org\/{rel}","templated":true}]}}