{"id":16502,"date":"2014-10-30T00:02:32","date_gmt":"2014-10-30T00:02:32","guid":{"rendered":"http:\/\/www.newmessage.org\/?page_id=16502"},"modified":"2019-06-10T08:33:41","modified_gmt":"2019-06-10T08:33:41","slug":"steps-knowledge-continuation-training","status":"publish","type":"page","link":"https:\/\/www.v6.newmessage.org\/hr\/the-message\/volume-3\/steps-knowledge-continuation-training\/","title":{"rendered":"Koraci do Znanja: Nastavak Treninga"},"content":{"rendered":"<p><img loading=\"lazy\" decoding=\"async\" class=\"imgborder size-medium alignright\" src=\"https:\/\/www.newmessage.org\/croatian\/wp-content\/uploads\/sites\/72\/2019\/01\/Croatian-STK-CT-462x600.jpg\" alt=\"Koraci do Znanja: Nastavak Treninga\" width=\"231\" height=\"300\" \/><\/p>\n<p><em>Koraci Nastavak Treninga<\/em> nastavlja putovanje koje \u017eivot mijenja zapo\u010deto u <em>Koracima do Znanja<\/em>. Sastavljeno od 84 Koraka, ili vje\u017ebi, <em>Nastavak Treninga<\/em> vodi vas dalje prema realizaciji va\u0161e svrhe i sudbine u svijetu.<\/p>\n<p>Ako ste dvaput zavr\u0161ili putovanje u Koracima do Znanja te slijedili upute kako su dane, bez da mijenjate nastavni program, tada ste spremni zapo\u010deti ovo naprednije u\u010denje.<\/p>\n<p><em>Koraci Nastavak Treninga<\/em> dostupni su u\u010denicima Nove Poruke u du\u0107anu <u><a href=\"http:\/\/newknowledgelibrary.org\/\">Knji\u017enice Nove Poruke<\/a><\/u>.<\/p>\n<p><em>Koraci Nastavak Treninga<\/em> druga je knjiga <u><a href=\"https:\/\/www.newmessage.org\/hr\/the-message\/volume-3\/\">Sveska 3<\/a><\/u> Nove Poruke od Boga.<\/p>\n<p style=\"text-align: left;\"><div class=\"toggle toggle-white\"><h4 class=\"trigger \"><span class=\"t_ico\"><\/span><a href=\"#\">Vi\u0161e o svescima Nove Poruke od Boga<\/a><\/h4><div class=\"toggle_container \"><br \/>\n<div data-post-id='24520' class='insert-page insert-page-24520 '><\/div><br \/>\n<\/div><\/div>\n","protected":false},"excerpt":{"rendered":"<p>Koraci Nastavak Treninga nastavlja putovanje koje \u017eivot mijenja zapo\u010deto u Koracima do Znanja. Sastavljeno od 84 Koraka, ili vje\u017ebi, Nastavak Treninga vodi vas dalje prema realizaciji va\u0161e svrhe i sudbine u svijetu. Ako ste dvaput zavr\u0161ili putovanje u Koracima do Znanja te slijedili upute kako su dane, bez da mijenjate nastavni program, tada ste spremni\u2026 <a class=\"read-more\" href=\"https:\/\/www.v6.newmessage.org\/hr\/the-message\/volume-3\/steps-knowledge-continuation-training\/\"><span>Read More<\/span><\/a><\/p>\n","protected":false},"author":1,"featured_media":0,"parent":16314,"menu_order":0,"comment_status":"closed","ping_status":"closed","template":"template-leftsidebar.php","meta":{"_monsterinsights_skip_tracking":false,"_monsterinsights_sitenote_active":false,"_monsterinsights_sitenote_note":"","_monsterinsights_sitenote_category":0,"footnotes":""},"categories":[],"tags":[820,571,821],"_links":{"self":[{"href":"https:\/\/www.v6.newmessage.org\/hr\/wp-json\/wp\/v2\/pages\/16502"}],"collection":[{"href":"https:\/\/www.v6.newmessage.org\/hr\/wp-json\/wp\/v2\/pages"}],"about":[{"href":"https:\/\/www.v6.newmessage.org\/hr\/wp-json\/wp\/v2\/types\/page"}],"author":[{"embeddable":true,"href":"https:\/\/www.v6.newmessage.org\/hr\/wp-json\/wp\/v2\/users\/1"}],"replies":[{"embeddable":true,"href":"https:\/\/www.v6.newmessage.org\/hr\/wp-json\/wp\/v2\/comments?post=16502"}],"version-history":[{"count":12,"href":"https:\/\/www.v6.newmessage.org\/hr\/wp-json\/wp\/v2\/pages\/16502\/revisions"}],"predecessor-version":[{"id":27826,"href":"https:\/\/www.v6.newmessage.org\/hr\/wp-json\/wp\/v2\/pages\/16502\/revisions\/27826"}],"up":[{"embeddable":true,"href":"https:\/\/www.v6.newmessage.org\/hr\/wp-json\/wp\/v2\/pages\/16314"}],"wp:attachment":[{"href":"https:\/\/www.v6.newmessage.org\/hr\/wp-json\/wp\/v2\/media?parent=16502"}],"wp:term":[{"taxonomy":"category","embeddable":true,"href":"https:\/\/www.v6.newmessage.org\/hr\/wp-json\/wp\/v2\/categories?post=16502"},{"taxonomy":"post_tag","embeddable":true,"href":"https:\/\/www.v6.newmessage.org\/hr\/wp-json\/wp\/v2\/tags?post=16502"}],"curies":[{"name":"wp","href":"https:\/\/api.w.org\/{rel}","templated":true}]}}