{"id":16492,"date":"2014-10-29T23:53:02","date_gmt":"2014-10-29T23:53:02","guid":{"rendered":"http:\/\/www.newmessage.org\/?page_id=16492"},"modified":"2022-08-07T16:25:11","modified_gmt":"2022-08-07T16:25:11","slug":"pure-religion","status":"publish","type":"page","link":"https:\/\/www.v6.newmessage.org\/hr\/the-message\/volume-1\/pure-religion\/","title":{"rendered":"\u010cista Religija"},"content":{"rendered":"<p><img loading=\"lazy\" decoding=\"async\" class=\"imgborder alignright\" src=\"https:\/\/www.newmessage.org\/wp-content\/uploads\/2014\/10\/the-pure-religion-205x300.jpg\" alt=\"\" width=\"231\" height=\"339\" \/><\/p>\n<p><em>\u010cista Religija<\/em> je knjiga otkrivenja dana od Boga da iznova otkrije dublju sr\u017e i zna\u010denje svjetskih religija te Mo\u0107i i Prisutnosti Boga, koji se \u017eeli obratiti svim ljudima svih religijskih tradicija u svijetu u ovo vrijeme.<\/p>\n<p><em>\u010cista Religija<\/em> bezvremen je put bu\u0111enja, iskupljenja i povratka Stvoritelju, inicirana od strane Boga na po\u010detku <a href=\"https:\/\/www.newmessage.org\/hr\/the-message\/volume-1\/one-god\/the-separation\">Odvojenosti<\/a> te tada uvedena u sve svjetove u svemiru gdje postoji inteligentni \u017eivot. <em>\u010cista Religija<\/em> je Bo\u017eji odgovor na tragediju i patnju koju je \u017eivljenje u stanju Odvojenosti od Boga stvorilo u povijesti religije ovog svijeta. To je \u017eivu\u0107a komunikacija od Boga, svemu \u017eivotu, pozivaju\u0107i sve one koji jo\u0161 \u017eive u Odvojenosti, da se vrate u jedinstvo Bo\u017eje te nude\u0107i put povratka.<\/p>\n<p>Bog je ponovno progovorio, donose\u0107i novo Otkrivenje za \u010dovje\u010danstvo. Ovo Otkrivenje izravan je odraz \u010diste duhovnosti koja le\u017ei u srcu svih svjetskih religija.<\/p>\n<p>Nova Poruka objavljuje da nitko ne mo\u017ee tvrditi da je njihova religija jedina prava religija. Umjesto toga, tu je \u010disti i misteriozni poziv Boga k svakoj osobi u svijetu. Ovaj poziv odjekuje za sve ljude, bilo da su Kr\u0161\u0107anin, Musliman, \u017didov, Budist, osoba neke druge vjere ili osoba niti jedne odre\u0111ene vjere. Ovo je unutarnji poziv, koji zove svaku osobu da ide izvan ograni\u010denja uvjerenja te da u\u0111e u \u017eivot dubljeg iskustva, ve\u0107eg odnosa te vi\u0161e svrhe u svijetu.<\/p>\n<p>Nova Poruka od Boga je do\u0161la u svijet. Ona je izra\u017eaj bezvremene \u010diste povezanosti sa Bogom kakva je postojala kroz ljudsku povijest te od po\u010detka manifestiranog svemira. \u010covje\u010danstvo sada ima izravan pristup ovom \u010distom iskustvu, neometano ljudskim nerazumijevanjem, autoritetom i korupcijom. Sada je iznova u\u0161la u svijet.<\/p>\n<p><em>\u010cista Religija<\/em> sedma je knjiga <a href=\"https:\/\/www.newmessage.org\/hr\/the-message\/volume-1\">Sveska 1<\/a> Nove Poruke od Boga.<\/p>\n<p style=\"text-align: left;\"><div class=\"toggle toggle-white\"><h4 class=\"trigger \"><span class=\"t_ico\"><\/span><a href=\"#\">Vi\u0161e o svescima Nove Poruke od Boga<\/a><\/h4><div class=\"toggle_container \"><br \/>\n<div data-post-id='24520' class='insert-page insert-page-24520 '><\/div><br \/>\n<\/div><\/div>\n<div class=\"background-color-bridesmaid padding-20\">\n<h2 style=\"text-align: left;\"><span style=\"color: #525252;\">Tablica Sadr\u017eaja<\/span><\/h2>\n<p><a href=\"https:\/\/www.newmessage.org\/hr\/the-message\/volume-1\/pure-religion\/the-pure-religion\/\">\u010cista Religija<\/a><br \/>\n<a href=\"https:\/\/www.newmessage.org\/hr\/the-message\/volume-1\/pure-religion\/the-great-faith\/\">Velika Vjera<\/a><br \/>\nBo\u017eja Nova Poruka za Svjetske Religije<br \/>\nBo\u017eja Mo\u0107 i Prisutnost u Svijetu<br \/>\nGlas Otkrivenja<br \/>\nVjerski Fundamentalizam<br \/>\nReligijsko Nasilje<br \/>\nIsus i Nova Poruka od Boga<br \/>\nMuhamed i Nova Poruka od Boga<br \/>\nBuda i Nova Poruka od Boga<br \/>\nBo\u017eja Nova Poruka za Islamski Svijet<br \/>\n(Knjiga \u010cista Religija je u nastanku. Prije izdavanja, nekoliko poglavlja u\u010dinjena su dostupnima svijetu.)\n<\/div>\n","protected":false},"excerpt":{"rendered":"<p>\u010cista Religija je knjiga otkrivenja dana od Boga da iznova otkrije dublju sr\u017e i zna\u010denje svjetskih religija te Mo\u0107i i Prisutnosti Boga, koji se \u017eeli obratiti svim ljudima svih religijskih tradicija u svijetu u ovo vrijeme. \u010cista Religija bezvremen je put bu\u0111enja, iskupljenja i povratka Stvoritelju, inicirana od strane Boga na po\u010detku Odvojenosti te tada\u2026 <a class=\"read-more\" href=\"https:\/\/www.v6.newmessage.org\/hr\/the-message\/volume-1\/pure-religion\/\"><span>Read More<\/span><\/a><\/p>\n","protected":false},"author":1,"featured_media":0,"parent":16287,"menu_order":1,"comment_status":"closed","ping_status":"closed","template":"template-leftsidebar.php","meta":{"_monsterinsights_skip_tracking":false,"_monsterinsights_sitenote_active":false,"_monsterinsights_sitenote_note":"","_monsterinsights_sitenote_category":0,"footnotes":""},"categories":[466,460],"tags":[801,641,632],"_links":{"self":[{"href":"https:\/\/www.v6.newmessage.org\/hr\/wp-json\/wp\/v2\/pages\/16492"}],"collection":[{"href":"https:\/\/www.v6.newmessage.org\/hr\/wp-json\/wp\/v2\/pages"}],"about":[{"href":"https:\/\/www.v6.newmessage.org\/hr\/wp-json\/wp\/v2\/types\/page"}],"author":[{"embeddable":true,"href":"https:\/\/www.v6.newmessage.org\/hr\/wp-json\/wp\/v2\/users\/1"}],"replies":[{"embeddable":true,"href":"https:\/\/www.v6.newmessage.org\/hr\/wp-json\/wp\/v2\/comments?post=16492"}],"version-history":[{"count":49,"href":"https:\/\/www.v6.newmessage.org\/hr\/wp-json\/wp\/v2\/pages\/16492\/revisions"}],"predecessor-version":[{"id":28045,"href":"https:\/\/www.v6.newmessage.org\/hr\/wp-json\/wp\/v2\/pages\/16492\/revisions\/28045"}],"up":[{"embeddable":true,"href":"https:\/\/www.v6.newmessage.org\/hr\/wp-json\/wp\/v2\/pages\/16287"}],"wp:attachment":[{"href":"https:\/\/www.v6.newmessage.org\/hr\/wp-json\/wp\/v2\/media?parent=16492"}],"wp:term":[{"taxonomy":"category","embeddable":true,"href":"https:\/\/www.v6.newmessage.org\/hr\/wp-json\/wp\/v2\/categories?post=16492"},{"taxonomy":"post_tag","embeddable":true,"href":"https:\/\/www.v6.newmessage.org\/hr\/wp-json\/wp\/v2\/tags?post=16492"}],"curies":[{"name":"wp","href":"https:\/\/api.w.org\/{rel}","templated":true}]}}