{"id":16482,"date":"2014-10-29T23:47:55","date_gmt":"2014-10-29T23:47:55","guid":{"rendered":"http:\/\/www.newmessage.org\/?page_id=16482"},"modified":"2019-06-10T08:21:11","modified_gmt":"2019-06-10T08:21:11","slug":"new-world","status":"publish","type":"page","link":"https:\/\/www.v6.newmessage.org\/hr\/the-message\/volume-1\/new-world\/","title":{"rendered":"Novi Svijet"},"content":{"rendered":"<p><img loading=\"lazy\" decoding=\"async\" class=\"imgborder alignright\" src=\"https:\/\/www.newmessage.org\/wp-content\/uploads\/2014\/10\/the-new-world-205x300.jpg\" alt=\"The New World\" width=\"231\" height=\"339\" \/><\/p>\n<p><em>Novi Svijet<\/em> otkriva upozorenje na velike promjene koje dolaze na na\u0161 svijet te proro\u010dansku viziju budu\u0107nosti svijeta za koju se moramo pripremiti.<\/p>\n<p>Novi Svijet je upozorenje od Boga o rapidnom iscrpljivanju i degradaciji Zemlje, njene klime i okoli\u0161a, od strane \u010dovje\u010danstva, te o hitnom postupku koji moramo pokrenuti, pojedina\u010dno i kolektivno, da bi obnovili na\u0161 planet i pripremili se za stanje novog svijeta u budu\u0107nosti.<\/p>\n<p>Ova knjiga otkriva ozbiljan polo\u017eaj \u010dovje\u010danstva te dublje uzroke globalne tragedije, sukoba, siroma\u0161tva te potla\u010denosti, koji se sada \u0161ire diljem svijeta. Sa ovime, ona predstavlja Bo\u017eji Plan za svijet, te ono \u0161to mo\u017ee spasiti \u010dovje\u010danstvo dok se suo\u010dava sa svojim najve\u0107im izazovima u budu\u0107nosti.<\/p>\n<p><em>Novi Svijet<\/em> proro\u010danski je uvod u <a href=\"https:\/\/www.newmessage.org\/hr\/the-message\/volume-4\/great-waves-change\">Velike Valove Promjene<\/a>, koji predstavljaju u vi\u0161e detalja, izazove s kojima \u0107emo se suo\u010diti pojedina\u010dno te put unutarnje i vanjske pripreme omogu\u0107ene sada kroz Novu Poruku svakoj osobi.<\/p>\n<p>Svako poglavlje <em>Novog Svijeta<\/em> je otkrivenje dano od Izvora, sastavljeno u ovaj tekst od strane Glasnika, <a href=\"https:\/\/www.newmessage.org\/hr\/gods-messenger\">Marshall Vian Summersa<\/a>. Nekoliko poglavlja Novog Svijeta primljena su na lokacijama rastu\u0107ih sukoba i nestabilnosti, uklju\u010duju\u0107i Beirut, Aleppo i Tehran.<\/p>\n<p>Novi Svijet peta je knjiga <a href=\"https:\/\/www.newmessage.org\/hr\/the-message\/volume-1\">Sveska 1<\/a> Nove Poruke od Boga.<\/p>\n<p style=\"text-align: left;\"><div class=\"toggle toggle-white\"><h4 class=\"trigger \"><span class=\"t_ico\"><\/span><a href=\"#\">Vi\u0161e o svescima Nove Poruke od Boga<\/a><\/h4><div class=\"toggle_container \"><br \/>\n<div data-post-id='24520' class='insert-page insert-page-24520 '><\/div><br \/>\n<\/div><\/div>\n<div class=\"background-color-bridesmaid padding-20\">\n<h2 style=\"text-align: left;\"><span style=\"color: #525252;\">Tablica Sadr\u017eaja<\/span><\/h2>\n<p><a href=\"https:\/\/www.newmessage.org\/hr\/the-message\/volume-1\/new-world\/the-global-emergency\/\">Globalna Nu\u017eda<\/a><br \/>\nBiti Uravnote\u017een u Uru\u0161avaju\u0107em Svijetu<br \/>\nVeliko Upozorenje<br \/>\nUlazak u Novi Svijet<br \/>\nUtrka za Spas Ljudske Civilizacije<br \/>\n\u0160ok Budu\u0107nosti<br \/>\nSiroma\u0161tvo<br \/>\n\u0160to \u0107e Spasiti \u010covje\u010danstvo<\/p>\n<\/div>\n","protected":false},"excerpt":{"rendered":"<p>Novi Svijet otkriva upozorenje na velike promjene koje dolaze na na\u0161 svijet te proro\u010dansku viziju budu\u0107nosti svijeta za koju se moramo pripremiti. Novi Svijet je upozorenje od Boga o rapidnom iscrpljivanju i degradaciji Zemlje, njene klime i okoli\u0161a, od strane \u010dovje\u010danstva, te o hitnom postupku koji moramo pokrenuti, pojedina\u010dno i kolektivno, da bi obnovili na\u0161\u2026 <a class=\"read-more\" href=\"https:\/\/www.v6.newmessage.org\/hr\/the-message\/volume-1\/new-world\/\"><span>Read More<\/span><\/a><\/p>\n","protected":false},"author":1,"featured_media":0,"parent":16287,"menu_order":5,"comment_status":"closed","ping_status":"closed","template":"template-leftsidebar.php","meta":{"_monsterinsights_skip_tracking":false,"_monsterinsights_sitenote_active":false,"_monsterinsights_sitenote_note":"","_monsterinsights_sitenote_category":0,"footnotes":""},"categories":[463,460],"tags":[802,639,630],"_links":{"self":[{"href":"https:\/\/www.v6.newmessage.org\/hr\/wp-json\/wp\/v2\/pages\/16482"}],"collection":[{"href":"https:\/\/www.v6.newmessage.org\/hr\/wp-json\/wp\/v2\/pages"}],"about":[{"href":"https:\/\/www.v6.newmessage.org\/hr\/wp-json\/wp\/v2\/types\/page"}],"author":[{"embeddable":true,"href":"https:\/\/www.v6.newmessage.org\/hr\/wp-json\/wp\/v2\/users\/1"}],"replies":[{"embeddable":true,"href":"https:\/\/www.v6.newmessage.org\/hr\/wp-json\/wp\/v2\/comments?post=16482"}],"version-history":[{"count":41,"href":"https:\/\/www.v6.newmessage.org\/hr\/wp-json\/wp\/v2\/pages\/16482\/revisions"}],"predecessor-version":[{"id":27817,"href":"https:\/\/www.v6.newmessage.org\/hr\/wp-json\/wp\/v2\/pages\/16482\/revisions\/27817"}],"up":[{"embeddable":true,"href":"https:\/\/www.v6.newmessage.org\/hr\/wp-json\/wp\/v2\/pages\/16287"}],"wp:attachment":[{"href":"https:\/\/www.v6.newmessage.org\/hr\/wp-json\/wp\/v2\/media?parent=16482"}],"wp:term":[{"taxonomy":"category","embeddable":true,"href":"https:\/\/www.v6.newmessage.org\/hr\/wp-json\/wp\/v2\/categories?post=16482"},{"taxonomy":"post_tag","embeddable":true,"href":"https:\/\/www.v6.newmessage.org\/hr\/wp-json\/wp\/v2\/tags?post=16482"}],"curies":[{"name":"wp","href":"https:\/\/api.w.org\/{rel}","templated":true}]}}