{"id":16323,"date":"2014-10-25T22:29:46","date_gmt":"2014-10-25T22:29:46","guid":{"rendered":"http:\/\/www.newmessage.org\/?page_id=16323"},"modified":"2019-06-10T07:36:53","modified_gmt":"2019-06-10T07:36:53","slug":"volume-6","status":"publish","type":"page","link":"https:\/\/www.v6.newmessage.org\/hr\/the-message\/volume-6\/","title":{"rendered":"Svezak 6"},"content":{"rendered":"<h2><strong><img loading=\"lazy\" decoding=\"async\" class=\"imgborder alignright size-medium\" src=\"https:\/\/www.newmessage.org\/wp-content\/uploads\/2014\/10\/The-New-Message-from-God-Volume-6-215x300.png\" alt=\"\" width=\"215\" height=\"300\" \/><\/strong>O Svesku 6<\/h2>\n<p>Svezak \u0160est sadr\u017ei ostale knjige Nove Poruke od Boga koje nisu uklju\u010dene u prvih pet svezaka. Iako je trenutno samo jedna knjiga u Svesku \u0160est, <u><a href=\"https:\/\/www.newmessage.org\/hr\/the-message\/volume-6\/secrets-heaven\">Tajne Neba<\/a><\/u>, pro\u0161iriti \u0107e se kako Glasnik pripremi i objavi ostale Knjige Otkrivenja svijetu.<\/p>\n<div class=\"toggle toggle-white\"><h4 class=\"trigger \"><span class=\"t_ico\"><\/span><a href=\"#\">Vi\u0161e o svescima Nove Poruke od Boga<\/a><\/h4><div class=\"toggle_container \"><br \/>\n<div data-post-id='24520' class='insert-page insert-page-24520 '><\/div>\n<p><\/div><\/div>\n<div class=\"clearfix\"><\/div>\n<div class=\"the-message-books-volumes panel-30 background-tile-1 margin-bottom-20\">\n<h2 class=\"text-align-center margin-bottom-20\"><a class=\"text-color-gray-5 not-underlined\" title=\"Volume 6\" href=\"\/hr\/the-message\/volume-6\">Svezak 6<\/a><\/h2>\n<div class=\"one_third \" ><\/p>\n<div class=\"message-book-div\"><a class=\"message-book-link-to-post\" href=\"\/hr\/the-message\/volume-6\/secrets-heaven\" rel=\"bookmark\">Tajne Neba<\/a><\/div>\n<p><\/div>\n<div class=\"one_third last\" ><\/p>\n<div class=\"message-book-div more\"><a class=\"message-book-link-to-post\" title=\"More to Come\u2026\" href=\"\/hr\/the-message\/the-revelation-continues-to-this-day\" rel=\"bookmark\">Vi\u0161e slijedi&#8230;<\/a><\/div>\n<p><\/div>\n<\/div>\n","protected":false},"excerpt":{"rendered":"<p>O Svesku 6 Svezak \u0160est sadr\u017ei ostale knjige Nove Poruke od Boga koje nisu uklju\u010dene u prvih pet svezaka. Iako je trenutno samo jedna knjiga u Svesku \u0160est, Tajne Neba, pro\u0161iriti \u0107e se kako Glasnik pripremi i objavi ostale Knjige Otkrivenja svijetu. Svezak 6<\/p>\n","protected":false},"author":1,"featured_media":0,"parent":26942,"menu_order":10,"comment_status":"closed","ping_status":"closed","template":"template-leftsidebar.php","meta":{"_monsterinsights_skip_tracking":false,"_monsterinsights_sitenote_active":false,"_monsterinsights_sitenote_note":"","_monsterinsights_sitenote_category":0,"footnotes":""},"categories":[499],"tags":[792,793],"_links":{"self":[{"href":"https:\/\/www.v6.newmessage.org\/hr\/wp-json\/wp\/v2\/pages\/16323"}],"collection":[{"href":"https:\/\/www.v6.newmessage.org\/hr\/wp-json\/wp\/v2\/pages"}],"about":[{"href":"https:\/\/www.v6.newmessage.org\/hr\/wp-json\/wp\/v2\/types\/page"}],"author":[{"embeddable":true,"href":"https:\/\/www.v6.newmessage.org\/hr\/wp-json\/wp\/v2\/users\/1"}],"replies":[{"embeddable":true,"href":"https:\/\/www.v6.newmessage.org\/hr\/wp-json\/wp\/v2\/comments?post=16323"}],"version-history":[{"count":19,"href":"https:\/\/www.v6.newmessage.org\/hr\/wp-json\/wp\/v2\/pages\/16323\/revisions"}],"predecessor-version":[{"id":27805,"href":"https:\/\/www.v6.newmessage.org\/hr\/wp-json\/wp\/v2\/pages\/16323\/revisions\/27805"}],"up":[{"embeddable":true,"href":"https:\/\/www.v6.newmessage.org\/hr\/wp-json\/wp\/v2\/pages\/26942"}],"wp:attachment":[{"href":"https:\/\/www.v6.newmessage.org\/hr\/wp-json\/wp\/v2\/media?parent=16323"}],"wp:term":[{"taxonomy":"category","embeddable":true,"href":"https:\/\/www.v6.newmessage.org\/hr\/wp-json\/wp\/v2\/categories?post=16323"},{"taxonomy":"post_tag","embeddable":true,"href":"https:\/\/www.v6.newmessage.org\/hr\/wp-json\/wp\/v2\/tags?post=16323"}],"curies":[{"name":"wp","href":"https:\/\/api.w.org\/{rel}","templated":true}]}}