{"id":16320,"date":"2014-10-25T22:28:58","date_gmt":"2014-10-25T22:28:58","guid":{"rendered":"http:\/\/www.newmessage.org\/?page_id=16320"},"modified":"2020-06-29T06:18:18","modified_gmt":"2020-06-29T06:18:18","slug":"volume-5","status":"publish","type":"page","link":"https:\/\/www.v6.newmessage.org\/hr\/the-message\/volume-5\/","title":{"rendered":"Svezak 5"},"content":{"rendered":"<h2><strong><img loading=\"lazy\" decoding=\"async\" class=\"imgborder alignright size-medium\" src=\"\/wp-content\/uploads\/2014\/10\/The-New-Message-from-God-Volume-5-214x300.png\" alt=\"Volume 5\" width=\"214\" height=\"300\" \/><\/strong>O Svesku 5<\/h2>\n<p>Svezak Pet dom je U\u010denjima Mudrosti Nove Poruke od Boga.<\/p>\n<p>Od najranijih dana otkrivenja do sada\u0161njice, Bog je otkrio golemo bogatstvo mudrosti, govore\u0107i o skoro svakoj temi brige i bitnosti, pru\u017eaju\u0107i duhovno i prakti\u010dno vodstvo da zadovolji potrebe ljudi diljem svijeta, sada te daleko u budu\u0107nosti. U kona\u010dnici, Svezak Pet sadr\u017eavati \u0107e niz Knjiga Mudrosti sastavljenih od strane Glasnika.<\/p>\n<p>Za daljnji izvor Mudrosti Nove Poruke, pogledajte popis <u><a href=\"https:\/\/www.newmessage.org\/hr\/the-message\/other-revelations\">Ostalih Otkrivenja<\/a><\/u> koja jo\u0161 nisu sastavljena u knjige, te tako\u0111er <u><a href=\"https:\/\/www.newmessage.org\/wiki\">Wiki<\/a><\/u> Nove Poruke, vje\u010dno \u0161ire\u0107u online enciklopediju citata iz Nove Poruke, organiziranih po temi.<\/p>\n<div class=\"toggle toggle-white\"><h4 class=\"trigger \"><span class=\"t_ico\"><\/span><a href=\"#\">Vi\u0161e o svescima Nove Poruke od Boga<\/a><\/h4><div class=\"toggle_container \"><br \/>\n<br \/>\n<\/div><\/div>\n<div class=\"clearfix\"><\/div>\n<div class=\"the-message-books-volumes panel-30 background-tile-1 margin-bottom-20\">\n<h2 class=\"text-align-center margin-bottom-20\"><a class=\"text-color-gray-5 not-underlined\" title=\"Volume 5\" href=\"\/hr\/the-message\/volume-5\">Svezak 5<\/a><\/h2>\n<div class=\"one_third \" ><\/p>\n<div class=\"message-book-div\"><a class=\"message-book-link-to-post\" href=\"https:\/\/www.newmessage.org\/hr\/the-message\/volume-5\/wisdom-greater-community-volume-1\/\" rel=\"bookmark\">Mudrost iz Ve\u0107e Zajednice Svezak I<\/a><\/div>\n<div class=\"toggle toggle-gray\"><h4 class=\"trigger \"><span class=\"t_ico\"><\/span><a href=\"#\">Tablica Sadr\u017eaja<\/a><\/h4><div class=\"toggle_container \"><br \/>\nPoglavlje 1: Ve\u0107a Religija<br \/>\nPoglavlje 2: Odnosi i Seksualnost<br \/>\nPoglavlje 3: Ve\u0107a Zajednica<br \/>\nPoglavlje 4: Povjerenje<br \/>\nPoglavlje 5: Brak<br \/>\nPoglavlje 6: Zdravlje<br \/>\nPoglavlje 7: Sloboda<br \/>\nPoglavlje 8: Pripremanje za Budu\u0107nost<br \/>\nPoglavlje 9: Duhovne Istine<br \/>\nPoglavlje 10: Slu\u017eba u Svijetu<br \/>\nPoglavlje 11: Mo\u0107 i Odgovornost<br \/>\nPoglavlje 12: Ljubav<br \/>\nPoglavlje 13: Duhovna Zajednica<br \/>\nPoglavlje 14: Evolucija Svijeta<br \/>\nPoglavlje 15: Davanje I<br \/>\nPoglavlje 16: Davanje II<br \/>\nPoglavlje 17: Majstorstvo<br \/>\nPoglavlje 18: Vi\u0161a Edukacija<br \/>\nPoglavlje 19: Ispunjenje<br \/>\nPoglavlje 20: Unutarnje Slu\u0161anje<br \/>\nPoglavlje 21: Trajna Sre\u0107a<br \/>\nPoglavlje 22: Oslobo\u0111enje od Patnje<br \/>\nPoglavlje 23: Oprost<br \/>\nPoglavlje 24: Sre\u0107a u Svijetu<br \/>\nPoglavlje 25: Oslobo\u0111enje od Straha<br \/>\nPoglavlje 26: Mirno\u0107a<br \/>\nPoglavlje 27: Razo\u010daranje<br \/>\nPoglavlje 28: Kori\u0161tenje Mo\u0107i za Dobro<br \/>\nPoglavlje 29: Vjera i Strah<br \/>\nPoglavlje 30: Percepcija<br \/>\nPoglavlje 31: Lije\u010denje<br \/>\nPoglavlje 32: Postignu\u0107e<br \/>\nPoglavlje 33: Izazivanje Promjene<br \/>\nPoglavlje 34: Religija kao Edukacija<br \/>\nPoglavlje 35: Postizanje Mira<br \/>\n<\/div><\/div><br \/>\n<\/div>\n<div class=\"one_third \" ><\/p>\n<div class=\"message-book-div\"><a class=\"message-book-link-to-post\" href=\"https:\/\/www.newmessage.org\/hr\/the-message\/volume-5\/wisdom-greater-community-volume-2\/\" rel=\"bookmark\">Mudrost iz Ve\u0107e Zajednice Svezak II<\/a><\/div>\n<div class=\"toggle toggle-gray\"><h4 class=\"trigger \"><span class=\"t_ico\"><\/span><a href=\"#\">Tablica Sadr\u017eaja<\/a><\/h4><div class=\"toggle_container \"><br \/>\nPoglavlje 1: Ambicija<br \/>\nPoglavlje 2: Posjedovanja<br \/>\nPoglavlje 3: Zadovoljstvo<br \/>\nPoglavlje 4: Slu\u017eenje Drugih<br \/>\nPoglavlje 5: Rad sa Umom<br \/>\nPoglavlje 6: Razboritost<br \/>\nPoglavlje 7: Diskrecija<br \/>\nPoglavlje 8: Rje\u0161avanje Problema<br \/>\nPoglavlje 9: Iskrenost<br \/>\nPoglavlje 10: Posjeti iz Ve\u0107e Zajednice<br \/>\nPoglavlje 11: Duhovna Praksa<br \/>\nPoglavlje 12: Samo-izra\u017eavanje i Mentalni Okoli\u0161<br \/>\nPoglavlje 13: Religija kao Misterija<br \/>\nPoglavlje 14: Inteligencija<br \/>\nPoglavlje 15: Odgovaranje Ve\u0107oj Zajednici<br \/>\nPoglavlje 16: Pragovi<br \/>\nPoglavlje 17: Posjetiteljska Percepcija \u010covje\u010danstva<br \/>\nPoglavlje 18: Suosje\u0107anje<br \/>\nPoglavlje 19: Hrabrost<br \/>\nPoglavlje 20: U\u010denje od Drugih<br \/>\nPoglavlje 21: Predanost i Posve\u0107enost<br \/>\nPoglavlje 22: Novac<br \/>\nPoglavlje 23: Postati Mudar<br \/>\nPoglavlje 24: Posao<br \/>\nPoglavlje 25: Okoli\u0161i<br \/>\nPoglavlje 26: Sukob<br \/>\nPoglavlje 27: Sumnja u Sebe<br \/>\nPoglavlje 28: Stvarnosti Ve\u0107e Zajednice<br \/>\nPoglavlje 29: Inspiracija<br \/>\nPoglavlje 30: Ljubaznost<br \/>\nPoglavlje 31: Koncentracija<br \/>\nPoglavlje 32: Ponos<br \/>\nPoglavlje 33: Ustrajnost<br \/>\nPoglavlje 34: Hodanje Putem Znanja<br \/>\n<\/div><\/div><br \/>\n<\/div>\n<div class=\"one_third last\" ><\/p>\n<div class=\"message-book-div more\"><a class=\"message-book-link-to-post\" title=\"More to Come\u2026\" href=\"https:\/\/www.newmessage.org\/hr\/the-message\/the-revelation-continues-to-this-day\/\" rel=\"bookmark\">Vi\u0161e slijedi\u2026<\/a><\/div>\n<p><\/div>\n<\/div>\n","protected":false},"excerpt":{"rendered":"<p>O Svesku 5 Svezak Pet dom je U\u010denjima Mudrosti Nove Poruke od Boga. Od najranijih dana otkrivenja do sada\u0161njice, Bog je otkrio golemo bogatstvo mudrosti, govore\u0107i o skoro svakoj temi brige i bitnosti, pru\u017eaju\u0107i duhovno i prakti\u010dno vodstvo da zadovolji potrebe ljudi diljem svijeta, sada te daleko u budu\u0107nosti. U kona\u010dnici, Svezak Pet sadr\u017eavati \u0107e\u2026 <a class=\"read-more\" href=\"https:\/\/www.v6.newmessage.org\/hr\/the-message\/volume-5\/\"><span>Read More<\/span><\/a><\/p>\n","protected":false},"author":1,"featured_media":0,"parent":26942,"menu_order":9,"comment_status":"closed","ping_status":"closed","template":"template-leftsidebar.php","meta":{"_monsterinsights_skip_tracking":false,"_monsterinsights_sitenote_active":false,"_monsterinsights_sitenote_note":"","_monsterinsights_sitenote_category":0,"footnotes":""},"categories":[498],"tags":[790,791],"_links":{"self":[{"href":"https:\/\/www.v6.newmessage.org\/hr\/wp-json\/wp\/v2\/pages\/16320"}],"collection":[{"href":"https:\/\/www.v6.newmessage.org\/hr\/wp-json\/wp\/v2\/pages"}],"about":[{"href":"https:\/\/www.v6.newmessage.org\/hr\/wp-json\/wp\/v2\/types\/page"}],"author":[{"embeddable":true,"href":"https:\/\/www.v6.newmessage.org\/hr\/wp-json\/wp\/v2\/users\/1"}],"replies":[{"embeddable":true,"href":"https:\/\/www.v6.newmessage.org\/hr\/wp-json\/wp\/v2\/comments?post=16320"}],"version-history":[{"count":21,"href":"https:\/\/www.v6.newmessage.org\/hr\/wp-json\/wp\/v2\/pages\/16320\/revisions"}],"predecessor-version":[{"id":27914,"href":"https:\/\/www.v6.newmessage.org\/hr\/wp-json\/wp\/v2\/pages\/16320\/revisions\/27914"}],"up":[{"embeddable":true,"href":"https:\/\/www.v6.newmessage.org\/hr\/wp-json\/wp\/v2\/pages\/26942"}],"wp:attachment":[{"href":"https:\/\/www.v6.newmessage.org\/hr\/wp-json\/wp\/v2\/media?parent=16320"}],"wp:term":[{"taxonomy":"category","embeddable":true,"href":"https:\/\/www.v6.newmessage.org\/hr\/wp-json\/wp\/v2\/categories?post=16320"},{"taxonomy":"post_tag","embeddable":true,"href":"https:\/\/www.v6.newmessage.org\/hr\/wp-json\/wp\/v2\/tags?post=16320"}],"curies":[{"name":"wp","href":"https:\/\/api.w.org\/{rel}","templated":true}]}}